{"id":160465,"date":"2023-05-08T21:18:03","date_gmt":"2023-05-08T13:18:03","guid":{"rendered":"https:\/\/leatai.com\/product\/unkategorisiert\/uebergabemappe-fuer-immobilien-oder-fahrzeuge-04\/"},"modified":"2025-03-27T17:48:02","modified_gmt":"2025-03-27T09:48:02","slug":"uebergabemappe-fuer-immobilien-oder-fahrzeuge-04","status":"publish","type":"product","link":"https:\/\/leatai.com\/de\/product\/uebergabe-fahrzeuglieferungstasche\/uebergabemappe-fuer-immobilien-oder-fahrzeuge-04\/","title":{"rendered":"\u00dcbergabemappe f\u00fcr Immobilien oder Fahrzeuge \u2013 04"},"content":{"rendered":"<p>Produktmodell: \u00dcbergabemappe f\u00fcr Immobilien oder Fahrzeuge \u2013 04<br \/>\nUmschlagmaterial: Synthetisches Leder<br \/>\nFarbe: Schwarz<br \/>\nFormat: A4<a href=\"https:\/\/leatai.com\/de\/faq\/was-sind-8k-16k-und-25k-planergroessen-wie-gross-sind-sie\/\" target=\"_blank\" rel=\"noopener\"> (g\u00e4ngige Gr\u00f6\u00dfe)<\/a><br \/>\nInnenseiten: Keine<a href=\"https:\/\/leatai.com\/de\/produkt-kategorie\/innenseitenformat\/a5-innenseiten\/\" target=\"_blank\" rel=\"noopener\"> (Innenlayout w\u00e4hlbar)<\/a><br \/>\nVerpackung: OPP-Beutel (optional)<br \/>\nLogo-Veredelung: Hei\u00dfpr\u00e4gung in Gold oder Silber, Blindpr\u00e4gung (Brandpr\u00e4gung)<\/p>\n<p>Produktbeschreibung<br \/>\nLeatai Produktmodell: \u00dcbergabemappe f\u00fcr Immobilien oder Fahrzeuge \u2013 04<br \/>\nDieses Modell basiert auf der Struktur eines Klemmbretts und wurde durch kundenspezifische Anpassungen weiterentwickelt. Die Magnetverschl\u00fcsse wurden verst\u00e4rkt, und auf der R\u00fcckseite wurde zus\u00e4tzlicher Stauraum integriert.<br \/>\nSowohl auf der Vorder- als auch auf der R\u00fcckseite \u00fcberzeugt das Design mit praktischen Details \u2013 ideal f\u00fcr interne Dokumentenabl\u00e4ufe in gro\u00dfen Unternehmen.<\/p>\n<p><strong>\ud83d\udcd6<\/strong>Standard-Gesch\u00e4ftskalender: <a href=\"https:\/\/leatai.com\/de\/produkt-kategorie\/individueller-planer\/\" target=\"_blank\" rel=\"noopener\">Alle Modelle der Gesch\u00e4ftskalender-Serien<\/a> \/ <a href=\"https:\/\/leatai.com\/de\/produkt-kategorie\/innenseitenformat\/\" target=\"_blank\" rel=\"noopener\">\u00dcbersicht der Innenseitenlayouts<\/a><\/p>\n<p><strong>\ud83d\udcd6<\/strong>Weitere Empfehlungen f\u00fcr individuell gestaltete Notizb\u00fccher \/ personalisierte Gesch\u00e4ftskalender und deren Druck finden Sie hier:<br \/>\n<a href=\"https:\/\/leatai.com\/de\/produkt-kategorie\/verschiedene-oem-muster\/oem-hardcover-notizbuch\/\" target=\"_blank\" rel=\"noopener\">OEM Hardcover-Notizb\u00fccher<\/a><br \/>\n<a href=\"https:\/\/leatai.com\/de\/produkt-kategorie\/verschiedene-oem-muster\/oem-ringbuch\/\" target=\"_blank\" rel=\"noopener\">OEM Ringbuch-Notizb\u00fccher<\/a><br \/>\n<a href=\"https:\/\/leatai.com\/de\/produkt-kategorie\/verschiedene-oem-muster\/oem-abnehmbarer-notizbuch\/\" target=\"_blank\" rel=\"noopener\">OEM Einsteck-Ringb\u00fccher<\/a><br \/>\n<a href=\"https:\/\/leatai.com\/de\/produkt-kategorie\/verschiedene-oem-muster\/oem-taschenbuch-notizbuch\/\" target=\"_blank\" rel=\"noopener\">OEM Softcover-Notizb\u00fccher<\/a><br \/>\n<a href=\"https:\/\/leatai.com\/de\/produkt-kategorie\/verschiedene-oem-muster\/oem-spiralgebundenes-notizbuch\/\" target=\"_blank\" rel=\"noopener\">OEM Spiralnotizb\u00fccher<\/a><br \/>\n<a href=\"https:\/\/leatai.com\/de\/produkt-kategorie\/verschiedene-oem-muster\/oem-kalender-de\/\" target=\"_blank\" rel=\"noopener\">OEM individuell gestaltete Abrei\u00dfkalender \/ Tischkalender<\/a><br \/>\n<a href=\"https:\/\/leatai.com\/de\/produkt-kategorie\/verschiedene-oem-muster\/oem-andere\/\" target=\"_blank\" rel=\"noopener\">OEM Sonstige kundenspezifische Produkte<\/a><\/p>\n<p>F\u00fcr eine vollst\u00e4ndige Erkl\u00e4rung der Formate besuchen Sie bitte:<br \/>\nPapiergr\u00f6\u00dfen-Guide: <a href=\"https:\/\/leatai.com\/de\/notizbuchwissen\/papiergroessen-leitfaden-verstehen-sie-gaengige-groessen-wie-b3-a4-b5-8k-16k-und-mehr-eine-umfassende-groessentabelle-zur-einfachen-referenz\/\" target=\"_blank\" rel=\"noopener\">Wie unterscheidet man B3, A4, B5, 8K, 16K usw.?<\/a><br \/>\nEine \u00fcbersichtliche Vergleichstabelle macht alle g\u00e4ngigen Papierformate leicht verst\u00e4ndlich!<\/p>\n","protected":false},"excerpt":{"rendered":"<p>Produktmodell: \u00dcbergabemappe f\u00fcr Immobilien oder Fahrzeuge \u2013 04 Umschlagmaterial: Synthetisches Leder Farbe: Schwarz Format: A4 (g\u00e4ngige Gr\u00f6\u00dfe) Innenseiten: Keine (Innenlayout w\u00e4hlbar) Verpackung: OPP-Beutel (optional) Logo-Veredelung: Hei\u00dfpr\u00e4gung in Gold oder Silber, Blindpr\u00e4gung (Brandpr\u00e4gung) Produktbeschreibung Leatai Produktmodell: \u00dcbergabemappe f\u00fcr Immobilien oder Fahrzeuge \u2013 04 Dieses Modell basiert auf der Struktur eines Klemmbretts und wurde durch kundenspezifische Anpassungen [&hellip;]<\/p>\n","protected":false},"featured_media":67746,"template":"","meta":{"_acf_changed":false},"product_brand":[],"product_cat":[715],"product_tag":[],"home_works":[],"class_list":{"0":"post-160465","1":"product","2":"type-product","3":"status-publish","4":"has-post-thumbnail","6":"product_cat-uebergabe-fahrzeuglieferungstasche","8":"first","9":"outofstock","10":"sold-individually","11":"shipping-taxable","12":"purchasable","13":"product-type-variable","14":"has-default-attributes"},"acf":[],"yoast_head":"<!-- This site is optimized with the Yoast SEO plugin v27.2 - https:\/\/yoast.com\/product\/yoast-seo-wordpress\/ -->\n<title>\u00dcbergabemappe f\u00fcr Immobilien oder Fahrzeuge \u2013 04 - Leatai \u2013 Hersteller ma\u00dfgeschneiderter Notizb\u00fccher<\/title>\n<meta name=\"description\" content=\"Leatai Produktmodell: \u00dcbergabemappe f\u00fcr Immobilien oder Fahrzeuge \u2013 04 Dieses Modell basiert auf der Struktur eines Klemmbretts und wurde durch kundenspezifische Anpassungen weiterentwickelt. Die Magnetverschl\u00fcsse wurden verst\u00e4rkt, und auf der R\u00fcckseite wurde zus\u00e4tzlicher Stauraum integriert. Sowohl auf der Vorder- als auch auf der R\u00fcckseite \u00fcberzeugt das Design mit praktischen Details \u2013 ideal f\u00fcr interne Dokumentenabl\u00e4ufe in gro\u00dfen Unternehmen.\" \/>\n<meta name=\"robots\" content=\"index, follow, max-snippet:-1, max-image-preview:large, max-video-preview:-1\" \/>\n<link rel=\"canonical\" href=\"https:\/\/leatai.com\/de\/product\/uebergabe-fahrzeuglieferungstasche\/uebergabemappe-fuer-immobilien-oder-fahrzeuge-04\/\" \/>\n<meta property=\"og:locale\" content=\"de_DE\" \/>\n<meta property=\"og:type\" content=\"article\" \/>\n<meta property=\"og:title\" content=\"\u00dcbergabemappe f\u00fcr Immobilien oder Fahrzeuge \u2013 04 - Leatai \u2013 Hersteller ma\u00dfgeschneiderter Notizb\u00fccher\" \/>\n<meta property=\"og:description\" content=\"Leatai Produktmodell: \u00dcbergabemappe f\u00fcr Immobilien oder Fahrzeuge \u2013 04 Dieses Modell basiert auf der Struktur eines Klemmbretts und wurde durch kundenspezifische Anpassungen weiterentwickelt. Die Magnetverschl\u00fcsse wurden verst\u00e4rkt, und auf der R\u00fcckseite wurde zus\u00e4tzlicher Stauraum integriert. Sowohl auf der Vorder- als auch auf der R\u00fcckseite \u00fcberzeugt das Design mit praktischen Details \u2013 ideal f\u00fcr interne Dokumentenabl\u00e4ufe in gro\u00dfen Unternehmen.\" \/>\n<meta property=\"og:url\" content=\"https:\/\/leatai.com\/de\/product\/uebergabe-fahrzeuglieferungstasche\/uebergabemappe-fuer-immobilien-oder-fahrzeuge-04\/\" \/>\n<meta property=\"og:site_name\" content=\"Leatai \u2013 Hersteller ma\u00dfgeschneiderter Notizb\u00fccher\" \/>\n<meta property=\"article:modified_time\" content=\"2025-03-27T09:48:02+00:00\" \/>\n<meta property=\"og:image\" content=\"https:\/\/leatai.com\/wp-content\/uploads\/DSC_0376.jpg\" \/>\n\t<meta property=\"og:image:width\" content=\"1000\" \/>\n\t<meta property=\"og:image:height\" content=\"750\" \/>\n\t<meta property=\"og:image:type\" content=\"image\/jpeg\" \/>\n<meta name=\"twitter:card\" content=\"summary_large_image\" \/>\n<meta name=\"twitter:label1\" content=\"Gesch\u00e4tzte Lesezeit\" \/>\n\t<meta name=\"twitter:data1\" content=\"2\u00a0Minuten\" \/>\n<script type=\"application\/ld+json\" class=\"yoast-schema-graph\">{\"@context\":\"https:\/\/schema.org\",\"@graph\":[{\"@type\":\"WebPage\",\"@id\":\"https:\/\/leatai.com\/de\/product\/uebergabe-fahrzeuglieferungstasche\/uebergabemappe-fuer-immobilien-oder-fahrzeuge-04\/\",\"url\":\"https:\/\/leatai.com\/de\/product\/uebergabe-fahrzeuglieferungstasche\/uebergabemappe-fuer-immobilien-oder-fahrzeuge-04\/\",\"name\":\"\u00dcbergabemappe f\u00fcr Immobilien oder Fahrzeuge \u2013 04 - Leatai \u2013 Hersteller ma\u00dfgeschneiderter Notizb\u00fccher\",\"isPartOf\":{\"@id\":\"https:\/\/leatai.com\/de\/#website\"},\"primaryImageOfPage\":{\"@id\":\"https:\/\/leatai.com\/de\/product\/uebergabe-fahrzeuglieferungstasche\/uebergabemappe-fuer-immobilien-oder-fahrzeuge-04\/#primaryimage\"},\"image\":{\"@id\":\"https:\/\/leatai.com\/de\/product\/uebergabe-fahrzeuglieferungstasche\/uebergabemappe-fuer-immobilien-oder-fahrzeuge-04\/#primaryimage\"},\"thumbnailUrl\":\"https:\/\/leatai.com\/wp-content\/uploads\/DSC_0376.jpg\",\"datePublished\":\"2023-05-08T13:18:03+00:00\",\"dateModified\":\"2025-03-27T09:48:02+00:00\",\"description\":\"Leatai Produktmodell: \u00dcbergabemappe f\u00fcr Immobilien oder Fahrzeuge \u2013 04 Dieses Modell basiert auf der Struktur eines Klemmbretts und wurde durch kundenspezifische Anpassungen weiterentwickelt. Die Magnetverschl\u00fcsse wurden verst\u00e4rkt, und auf der R\u00fcckseite wurde zus\u00e4tzlicher Stauraum integriert. Sowohl auf der Vorder- als auch auf der R\u00fcckseite \u00fcberzeugt das Design mit praktischen Details \u2013 ideal f\u00fcr interne Dokumentenabl\u00e4ufe in gro\u00dfen Unternehmen.\",\"breadcrumb\":{\"@id\":\"https:\/\/leatai.com\/de\/product\/uebergabe-fahrzeuglieferungstasche\/uebergabemappe-fuer-immobilien-oder-fahrzeuge-04\/#breadcrumb\"},\"inLanguage\":\"de\",\"potentialAction\":[{\"@type\":\"ReadAction\",\"target\":[\"https:\/\/leatai.com\/de\/product\/uebergabe-fahrzeuglieferungstasche\/uebergabemappe-fuer-immobilien-oder-fahrzeuge-04\/\"]}]},{\"@type\":\"ImageObject\",\"inLanguage\":\"de\",\"@id\":\"https:\/\/leatai.com\/de\/product\/uebergabe-fahrzeuglieferungstasche\/uebergabemappe-fuer-immobilien-oder-fahrzeuge-04\/#primaryimage\",\"url\":\"https:\/\/leatai.com\/wp-content\/uploads\/DSC_0376.jpg\",\"contentUrl\":\"https:\/\/leatai.com\/wp-content\/uploads\/DSC_0376.jpg\",\"width\":1000,\"height\":750,\"caption\":\"\u00dcbergabemappe f\u00fcr Immobilien oder Fahrzeuge\"},{\"@type\":\"BreadcrumbList\",\"@id\":\"https:\/\/leatai.com\/de\/product\/uebergabe-fahrzeuglieferungstasche\/uebergabemappe-fuer-immobilien-oder-fahrzeuge-04\/#breadcrumb\",\"itemListElement\":[{\"@type\":\"ListItem\",\"position\":1,\"name\":\"Home\",\"item\":\"https:\/\/leatai.com\/de\/\"},{\"@type\":\"ListItem\",\"position\":2,\"name\":\"Produktvorstellung\",\"item\":\"https:\/\/leatai.com\/products\/\"},{\"@type\":\"ListItem\",\"position\":3,\"name\":\"\u00dcbergabe-\/Fahrzeuglieferungstasche\",\"item\":\"https:\/\/leatai.com\/de\/produkt-kategorie\/uebergabe-fahrzeuglieferungstasche\/\"},{\"@type\":\"ListItem\",\"position\":4,\"name\":\"\u00dcbergabemappe f\u00fcr Immobilien oder Fahrzeuge \u2013 04\"}]},{\"@type\":\"WebSite\",\"@id\":\"https:\/\/leatai.com\/de\/#website\",\"url\":\"https:\/\/leatai.com\/de\/\",\"name\":\"Leatai \u2013 Hersteller ma\u00dfgeschneiderter Notizb\u00fccher\",\"description\":\"Leatai liefert individuelle Notizb\u00fccher und Planer f\u00fcr Marken und H\u00e4ndler weltweit.\",\"publisher\":{\"@id\":\"https:\/\/leatai.com\/de\/#organization\"},\"potentialAction\":[{\"@type\":\"SearchAction\",\"target\":{\"@type\":\"EntryPoint\",\"urlTemplate\":\"https:\/\/leatai.com\/de\/?s={search_term_string}\"},\"query-input\":{\"@type\":\"PropertyValueSpecification\",\"valueRequired\":true,\"valueName\":\"search_term_string\"}}],\"inLanguage\":\"de\"},{\"@type\":\"Organization\",\"@id\":\"https:\/\/leatai.com\/de\/#organization\",\"name\":\"Leatai Diary, customized journal and business organizer\",\"url\":\"https:\/\/leatai.com\/de\/\",\"logo\":{\"@type\":\"ImageObject\",\"inLanguage\":\"de\",\"@id\":\"https:\/\/leatai.com\/de\/#\/schema\/logo\/image\/\",\"url\":\"https:\/\/leatai.com\/wp-content\/uploads\/logo-blue.png\",\"contentUrl\":\"https:\/\/leatai.com\/wp-content\/uploads\/logo-blue.png\",\"width\":230,\"height\":60,\"caption\":\"Leatai Diary, customized journal and business organizer\"},\"image\":{\"@id\":\"https:\/\/leatai.com\/de\/#\/schema\/logo\/image\/\"}}]}<\/script>\n<!-- \/ Yoast SEO plugin. -->","yoast_head_json":{"title":"\u00dcbergabemappe f\u00fcr Immobilien oder Fahrzeuge \u2013 04 - Leatai \u2013 Hersteller ma\u00dfgeschneiderter Notizb\u00fccher","description":"Leatai Produktmodell: \u00dcbergabemappe f\u00fcr Immobilien oder Fahrzeuge \u2013 04 Dieses Modell basiert auf der Struktur eines Klemmbretts und wurde durch kundenspezifische Anpassungen weiterentwickelt. Die Magnetverschl\u00fcsse wurden verst\u00e4rkt, und auf der R\u00fcckseite wurde zus\u00e4tzlicher Stauraum integriert. Sowohl auf der Vorder- als auch auf der R\u00fcckseite \u00fcberzeugt das Design mit praktischen Details \u2013 ideal f\u00fcr interne Dokumentenabl\u00e4ufe in gro\u00dfen Unternehmen.","robots":{"index":"index","follow":"follow","max-snippet":"max-snippet:-1","max-image-preview":"max-image-preview:large","max-video-preview":"max-video-preview:-1"},"canonical":"https:\/\/leatai.com\/de\/product\/uebergabe-fahrzeuglieferungstasche\/uebergabemappe-fuer-immobilien-oder-fahrzeuge-04\/","og_locale":"de_DE","og_type":"article","og_title":"\u00dcbergabemappe f\u00fcr Immobilien oder Fahrzeuge \u2013 04 - Leatai \u2013 Hersteller ma\u00dfgeschneiderter Notizb\u00fccher","og_description":"Leatai Produktmodell: \u00dcbergabemappe f\u00fcr Immobilien oder Fahrzeuge \u2013 04 Dieses Modell basiert auf der Struktur eines Klemmbretts und wurde durch kundenspezifische Anpassungen weiterentwickelt. Die Magnetverschl\u00fcsse wurden verst\u00e4rkt, und auf der R\u00fcckseite wurde zus\u00e4tzlicher Stauraum integriert. Sowohl auf der Vorder- als auch auf der R\u00fcckseite \u00fcberzeugt das Design mit praktischen Details \u2013 ideal f\u00fcr interne Dokumentenabl\u00e4ufe in gro\u00dfen Unternehmen.","og_url":"https:\/\/leatai.com\/de\/product\/uebergabe-fahrzeuglieferungstasche\/uebergabemappe-fuer-immobilien-oder-fahrzeuge-04\/","og_site_name":"Leatai \u2013 Hersteller ma\u00dfgeschneiderter Notizb\u00fccher","article_modified_time":"2025-03-27T09:48:02+00:00","og_image":[{"width":1000,"height":750,"url":"https:\/\/leatai.com\/wp-content\/uploads\/DSC_0376.jpg","type":"image\/jpeg"}],"twitter_card":"summary_large_image","twitter_misc":{"Gesch\u00e4tzte Lesezeit":"2\u00a0Minuten"},"schema":{"@context":"https:\/\/schema.org","@graph":[{"@type":"WebPage","@id":"https:\/\/leatai.com\/de\/product\/uebergabe-fahrzeuglieferungstasche\/uebergabemappe-fuer-immobilien-oder-fahrzeuge-04\/","url":"https:\/\/leatai.com\/de\/product\/uebergabe-fahrzeuglieferungstasche\/uebergabemappe-fuer-immobilien-oder-fahrzeuge-04\/","name":"\u00dcbergabemappe f\u00fcr Immobilien oder Fahrzeuge \u2013 04 - Leatai \u2013 Hersteller ma\u00dfgeschneiderter Notizb\u00fccher","isPartOf":{"@id":"https:\/\/leatai.com\/de\/#website"},"primaryImageOfPage":{"@id":"https:\/\/leatai.com\/de\/product\/uebergabe-fahrzeuglieferungstasche\/uebergabemappe-fuer-immobilien-oder-fahrzeuge-04\/#primaryimage"},"image":{"@id":"https:\/\/leatai.com\/de\/product\/uebergabe-fahrzeuglieferungstasche\/uebergabemappe-fuer-immobilien-oder-fahrzeuge-04\/#primaryimage"},"thumbnailUrl":"https:\/\/leatai.com\/wp-content\/uploads\/DSC_0376.jpg","datePublished":"2023-05-08T13:18:03+00:00","dateModified":"2025-03-27T09:48:02+00:00","description":"Leatai Produktmodell: \u00dcbergabemappe f\u00fcr Immobilien oder Fahrzeuge \u2013 04 Dieses Modell basiert auf der Struktur eines Klemmbretts und wurde durch kundenspezifische Anpassungen weiterentwickelt. Die Magnetverschl\u00fcsse wurden verst\u00e4rkt, und auf der R\u00fcckseite wurde zus\u00e4tzlicher Stauraum integriert. Sowohl auf der Vorder- als auch auf der R\u00fcckseite \u00fcberzeugt das Design mit praktischen Details \u2013 ideal f\u00fcr interne Dokumentenabl\u00e4ufe in gro\u00dfen Unternehmen.","breadcrumb":{"@id":"https:\/\/leatai.com\/de\/product\/uebergabe-fahrzeuglieferungstasche\/uebergabemappe-fuer-immobilien-oder-fahrzeuge-04\/#breadcrumb"},"inLanguage":"de","potentialAction":[{"@type":"ReadAction","target":["https:\/\/leatai.com\/de\/product\/uebergabe-fahrzeuglieferungstasche\/uebergabemappe-fuer-immobilien-oder-fahrzeuge-04\/"]}]},{"@type":"ImageObject","inLanguage":"de","@id":"https:\/\/leatai.com\/de\/product\/uebergabe-fahrzeuglieferungstasche\/uebergabemappe-fuer-immobilien-oder-fahrzeuge-04\/#primaryimage","url":"https:\/\/leatai.com\/wp-content\/uploads\/DSC_0376.jpg","contentUrl":"https:\/\/leatai.com\/wp-content\/uploads\/DSC_0376.jpg","width":1000,"height":750,"caption":"\u00dcbergabemappe f\u00fcr Immobilien oder Fahrzeuge"},{"@type":"BreadcrumbList","@id":"https:\/\/leatai.com\/de\/product\/uebergabe-fahrzeuglieferungstasche\/uebergabemappe-fuer-immobilien-oder-fahrzeuge-04\/#breadcrumb","itemListElement":[{"@type":"ListItem","position":1,"name":"Home","item":"https:\/\/leatai.com\/de\/"},{"@type":"ListItem","position":2,"name":"Produktvorstellung","item":"https:\/\/leatai.com\/products\/"},{"@type":"ListItem","position":3,"name":"\u00dcbergabe-\/Fahrzeuglieferungstasche","item":"https:\/\/leatai.com\/de\/produkt-kategorie\/uebergabe-fahrzeuglieferungstasche\/"},{"@type":"ListItem","position":4,"name":"\u00dcbergabemappe f\u00fcr Immobilien oder Fahrzeuge \u2013 04"}]},{"@type":"WebSite","@id":"https:\/\/leatai.com\/de\/#website","url":"https:\/\/leatai.com\/de\/","name":"Leatai \u2013 Hersteller ma\u00dfgeschneiderter Notizb\u00fccher","description":"Leatai liefert individuelle Notizb\u00fccher und Planer f\u00fcr Marken und H\u00e4ndler weltweit.","publisher":{"@id":"https:\/\/leatai.com\/de\/#organization"},"potentialAction":[{"@type":"SearchAction","target":{"@type":"EntryPoint","urlTemplate":"https:\/\/leatai.com\/de\/?s={search_term_string}"},"query-input":{"@type":"PropertyValueSpecification","valueRequired":true,"valueName":"search_term_string"}}],"inLanguage":"de"},{"@type":"Organization","@id":"https:\/\/leatai.com\/de\/#organization","name":"Leatai Diary, customized journal and business organizer","url":"https:\/\/leatai.com\/de\/","logo":{"@type":"ImageObject","inLanguage":"de","@id":"https:\/\/leatai.com\/de\/#\/schema\/logo\/image\/","url":"https:\/\/leatai.com\/wp-content\/uploads\/logo-blue.png","contentUrl":"https:\/\/leatai.com\/wp-content\/uploads\/logo-blue.png","width":230,"height":60,"caption":"Leatai Diary, customized journal and business organizer"},"image":{"@id":"https:\/\/leatai.com\/de\/#\/schema\/logo\/image\/"}}]}},"_links":{"self":[{"href":"https:\/\/leatai.com\/de\/wp-json\/wp\/v2\/product\/160465","targetHints":{"allow":["GET"]}}],"collection":[{"href":"https:\/\/leatai.com\/de\/wp-json\/wp\/v2\/product"}],"about":[{"href":"https:\/\/leatai.com\/de\/wp-json\/wp\/v2\/types\/product"}],"wp:featuredmedia":[{"embeddable":true,"href":"https:\/\/leatai.com\/de\/wp-json\/wp\/v2\/media\/67746"}],"wp:attachment":[{"href":"https:\/\/leatai.com\/de\/wp-json\/wp\/v2\/media?parent=160465"}],"wp:term":[{"taxonomy":"product_brand","embeddable":true,"href":"https:\/\/leatai.com\/de\/wp-json\/wp\/v2\/product_brand?post=160465"},{"taxonomy":"product_cat","embeddable":true,"href":"https:\/\/leatai.com\/de\/wp-json\/wp\/v2\/product_cat?post=160465"},{"taxonomy":"product_tag","embeddable":true,"href":"https:\/\/leatai.com\/de\/wp-json\/wp\/v2\/product_tag?post=160465"},{"taxonomy":"home_works","embeddable":true,"href":"https:\/\/leatai.com\/de\/wp-json\/wp\/v2\/home_works?post=160465"}],"curies":[{"name":"wp","href":"https:\/\/api.w.org\/{rel}","templated":true}]}}