{"id":160441,"date":"2021-06-24T13:23:08","date_gmt":"2021-06-24T05:23:08","guid":{"rendered":"https:\/\/leatai.com\/product\/unkategorisiert\/echtleder-klassische-passhuelle\/"},"modified":"2025-03-27T15:48:44","modified_gmt":"2025-03-27T07:48:44","slug":"echtleder-klassische-passhuelle","status":"publish","type":"product","link":"https:\/\/leatai.com\/de\/product\/geschenk-und-lederwaren\/leder-und-buerobedarf\/echtleder-klassische-passhuelle\/","title":{"rendered":"Echtleder \u2013 Klassische Passh\u00fclle"},"content":{"rendered":"<p>Material: Echtes importiertes Rindsleder<br \/>\nVerpackung: OPP-Beutel<\/p>\n<p>Produktbeschreibung<br \/>\nWir fertigen eine Vielzahl an Produkten f\u00fcr Gastronomie und Hotellerie \u2013 wie Notizblockhalter, Rechnungs- und Speisekartenmappen, Dokumentenmappen usw. \u2013 in Echtleder oder Kunstleder. Leatai bietet einen Komplettservice von Design bis Produktion.<\/p>\n<p>Dar\u00fcber hinaus sind individuelle Anfertigungen verschiedener Echtlederartikel m\u00f6glich, zum Beispiel:<br \/>\n\u2013 Lederh\u00fcllen<br \/>\n\u2013 Lederm\u00fcnzbeutel<br \/>\n\u2013 Lederpassh\u00fcllen<br \/>\n\u2013 Visitenkartenetuis<br \/>\n\u2013 Ausweish\u00fcllen<\/p>\n<p>Wir freuen uns auf Ihre Anfrage!<\/p>\n","protected":false},"excerpt":{"rendered":"<p>Material: Echtes importiertes Rindsleder Verpackung: OPP-Beutel Produktbeschreibung Wir fertigen eine Vielzahl an Produkten f\u00fcr Gastronomie und Hotellerie \u2013 wie Notizblockhalter, Rechnungs- und Speisekartenmappen, Dokumentenmappen usw. \u2013 in Echtleder oder Kunstleder. Leatai bietet einen Komplettservice von Design bis Produktion. Dar\u00fcber hinaus sind individuelle Anfertigungen verschiedener Echtlederartikel m\u00f6glich, zum Beispiel: \u2013 Lederh\u00fcllen \u2013 Lederm\u00fcnzbeutel \u2013 Lederpassh\u00fcllen \u2013 [&hellip;]<\/p>\n","protected":false},"featured_media":160442,"template":"","meta":{"_acf_changed":false},"product_brand":[],"product_cat":[1115,1128],"product_tag":[],"home_works":[],"class_list":{"0":"post-160441","1":"product","2":"type-product","3":"status-publish","4":"has-post-thumbnail","6":"product_cat-geschenk-und-lederwaren","7":"product_cat-leder-und-buerobedarf","9":"first","10":"instock","11":"sold-individually","12":"shipping-taxable","13":"purchasable","14":"product-type-simple"},"acf":[],"yoast_head":"<!-- This site is optimized with the Yoast SEO plugin v27.2 - https:\/\/yoast.com\/product\/yoast-seo-wordpress\/ -->\n<title>Echtleder \u2013 Klassische Passh\u00fclle - Leatai \u2013 Hersteller ma\u00dfgeschneiderter Notizb\u00fccher<\/title>\n<meta name=\"description\" content=\"Diese \u00e4u\u00dferst praktische Passh\u00fclle wird aus hochwertigem Rindsleder gefertigt und ist komplett in reiner Handarbeit \u2013 Stich f\u00fcr Stich \u2013 hergestellt. Klassisch im Design, langlebig in der Nutzung und mit einem angenehm warmen Ledergef\u00fchl in der Hand. Ein echtes Qualit\u00e4tsst\u00fcck aus Echtleder \u2013 ideal zum Sammeln oder als besonderes Geschenk.\" \/>\n<meta name=\"robots\" content=\"index, follow, max-snippet:-1, max-image-preview:large, max-video-preview:-1\" \/>\n<link rel=\"canonical\" href=\"https:\/\/leatai.com\/de\/product\/geschenk-und-lederwaren\/leder-und-buerobedarf\/echtleder-klassische-passhuelle\/\" \/>\n<meta property=\"og:locale\" content=\"de_DE\" \/>\n<meta property=\"og:type\" content=\"article\" \/>\n<meta property=\"og:title\" content=\"Echtleder \u2013 Klassische Passh\u00fclle - Leatai \u2013 Hersteller ma\u00dfgeschneiderter Notizb\u00fccher\" \/>\n<meta property=\"og:description\" content=\"Diese \u00e4u\u00dferst praktische Passh\u00fclle wird aus hochwertigem Rindsleder gefertigt und ist komplett in reiner Handarbeit \u2013 Stich f\u00fcr Stich \u2013 hergestellt. Klassisch im Design, langlebig in der Nutzung und mit einem angenehm warmen Ledergef\u00fchl in der Hand. Ein echtes Qualit\u00e4tsst\u00fcck aus Echtleder \u2013 ideal zum Sammeln oder als besonderes Geschenk.\" \/>\n<meta property=\"og:url\" content=\"https:\/\/leatai.com\/de\/product\/geschenk-und-lederwaren\/leder-und-buerobedarf\/echtleder-klassische-passhuelle\/\" \/>\n<meta property=\"og:site_name\" content=\"Leatai \u2013 Hersteller ma\u00dfgeschneiderter Notizb\u00fccher\" \/>\n<meta property=\"article:modified_time\" content=\"2025-03-27T07:48:44+00:00\" \/>\n<meta property=\"og:image\" content=\"https:\/\/leatai.com\/wp-content\/uploads\/2016_01_20_1759520.jpg\" \/>\n\t<meta property=\"og:image:width\" content=\"1000\" \/>\n\t<meta property=\"og:image:height\" content=\"750\" \/>\n\t<meta property=\"og:image:type\" content=\"image\/jpeg\" \/>\n<meta name=\"twitter:card\" content=\"summary_large_image\" \/>\n<meta name=\"twitter:label1\" content=\"Gesch\u00e4tzte Lesezeit\" \/>\n\t<meta name=\"twitter:data1\" content=\"1\u00a0Minute\" \/>\n<script type=\"application\/ld+json\" class=\"yoast-schema-graph\">{\"@context\":\"https:\/\/schema.org\",\"@graph\":[{\"@type\":\"WebPage\",\"@id\":\"https:\/\/leatai.com\/de\/product\/geschenk-und-lederwaren\/leder-und-buerobedarf\/echtleder-klassische-passhuelle\/\",\"url\":\"https:\/\/leatai.com\/de\/product\/geschenk-und-lederwaren\/leder-und-buerobedarf\/echtleder-klassische-passhuelle\/\",\"name\":\"Echtleder \u2013 Klassische Passh\u00fclle - Leatai \u2013 Hersteller ma\u00dfgeschneiderter Notizb\u00fccher\",\"isPartOf\":{\"@id\":\"https:\/\/leatai.com\/de\/#website\"},\"primaryImageOfPage\":{\"@id\":\"https:\/\/leatai.com\/de\/product\/geschenk-und-lederwaren\/leder-und-buerobedarf\/echtleder-klassische-passhuelle\/#primaryimage\"},\"image\":{\"@id\":\"https:\/\/leatai.com\/de\/product\/geschenk-und-lederwaren\/leder-und-buerobedarf\/echtleder-klassische-passhuelle\/#primaryimage\"},\"thumbnailUrl\":\"https:\/\/leatai.com\/wp-content\/uploads\/2016_01_20_1759520.jpg\",\"datePublished\":\"2021-06-24T05:23:08+00:00\",\"dateModified\":\"2025-03-27T07:48:44+00:00\",\"description\":\"Diese \u00e4u\u00dferst praktische Passh\u00fclle wird aus hochwertigem Rindsleder gefertigt und ist komplett in reiner Handarbeit \u2013 Stich f\u00fcr Stich \u2013 hergestellt. Klassisch im Design, langlebig in der Nutzung und mit einem angenehm warmen Ledergef\u00fchl in der Hand. Ein echtes Qualit\u00e4tsst\u00fcck aus Echtleder \u2013 ideal zum Sammeln oder als besonderes Geschenk.\",\"breadcrumb\":{\"@id\":\"https:\/\/leatai.com\/de\/product\/geschenk-und-lederwaren\/leder-und-buerobedarf\/echtleder-klassische-passhuelle\/#breadcrumb\"},\"inLanguage\":\"de\",\"potentialAction\":[{\"@type\":\"ReadAction\",\"target\":[\"https:\/\/leatai.com\/de\/product\/geschenk-und-lederwaren\/leder-und-buerobedarf\/echtleder-klassische-passhuelle\/\"]}]},{\"@type\":\"ImageObject\",\"inLanguage\":\"de\",\"@id\":\"https:\/\/leatai.com\/de\/product\/geschenk-und-lederwaren\/leder-und-buerobedarf\/echtleder-klassische-passhuelle\/#primaryimage\",\"url\":\"https:\/\/leatai.com\/wp-content\/uploads\/2016_01_20_1759520.jpg\",\"contentUrl\":\"https:\/\/leatai.com\/wp-content\/uploads\/2016_01_20_1759520.jpg\",\"width\":1000,\"height\":750},{\"@type\":\"BreadcrumbList\",\"@id\":\"https:\/\/leatai.com\/de\/product\/geschenk-und-lederwaren\/leder-und-buerobedarf\/echtleder-klassische-passhuelle\/#breadcrumb\",\"itemListElement\":[{\"@type\":\"ListItem\",\"position\":1,\"name\":\"Home\",\"item\":\"https:\/\/leatai.com\/de\/\"},{\"@type\":\"ListItem\",\"position\":2,\"name\":\"Produktvorstellung\",\"item\":\"https:\/\/leatai.com\/products\/\"},{\"@type\":\"ListItem\",\"position\":3,\"name\":\"Geschenk- und Lederwaren\",\"item\":\"https:\/\/leatai.com\/de\/produkt-kategorie\/geschenk-und-lederwaren\/\"},{\"@type\":\"ListItem\",\"position\":4,\"name\":\"Echtleder \u2013 Klassische Passh\u00fclle\"}]},{\"@type\":\"WebSite\",\"@id\":\"https:\/\/leatai.com\/de\/#website\",\"url\":\"https:\/\/leatai.com\/de\/\",\"name\":\"Leatai \u2013 Hersteller ma\u00dfgeschneiderter Notizb\u00fccher\",\"description\":\"Leatai liefert individuelle Notizb\u00fccher und Planer f\u00fcr Marken und H\u00e4ndler weltweit.\",\"publisher\":{\"@id\":\"https:\/\/leatai.com\/de\/#organization\"},\"potentialAction\":[{\"@type\":\"SearchAction\",\"target\":{\"@type\":\"EntryPoint\",\"urlTemplate\":\"https:\/\/leatai.com\/de\/?s={search_term_string}\"},\"query-input\":{\"@type\":\"PropertyValueSpecification\",\"valueRequired\":true,\"valueName\":\"search_term_string\"}}],\"inLanguage\":\"de\"},{\"@type\":\"Organization\",\"@id\":\"https:\/\/leatai.com\/de\/#organization\",\"name\":\"Leatai Diary, customized journal and business organizer\",\"url\":\"https:\/\/leatai.com\/de\/\",\"logo\":{\"@type\":\"ImageObject\",\"inLanguage\":\"de\",\"@id\":\"https:\/\/leatai.com\/de\/#\/schema\/logo\/image\/\",\"url\":\"https:\/\/leatai.com\/wp-content\/uploads\/logo-blue.png\",\"contentUrl\":\"https:\/\/leatai.com\/wp-content\/uploads\/logo-blue.png\",\"width\":230,\"height\":60,\"caption\":\"Leatai Diary, customized journal and business organizer\"},\"image\":{\"@id\":\"https:\/\/leatai.com\/de\/#\/schema\/logo\/image\/\"}}]}<\/script>\n<!-- \/ Yoast SEO plugin. -->","yoast_head_json":{"title":"Echtleder \u2013 Klassische Passh\u00fclle - Leatai \u2013 Hersteller ma\u00dfgeschneiderter Notizb\u00fccher","description":"Diese \u00e4u\u00dferst praktische Passh\u00fclle wird aus hochwertigem Rindsleder gefertigt und ist komplett in reiner Handarbeit \u2013 Stich f\u00fcr Stich \u2013 hergestellt. Klassisch im Design, langlebig in der Nutzung und mit einem angenehm warmen Ledergef\u00fchl in der Hand. Ein echtes Qualit\u00e4tsst\u00fcck aus Echtleder \u2013 ideal zum Sammeln oder als besonderes Geschenk.","robots":{"index":"index","follow":"follow","max-snippet":"max-snippet:-1","max-image-preview":"max-image-preview:large","max-video-preview":"max-video-preview:-1"},"canonical":"https:\/\/leatai.com\/de\/product\/geschenk-und-lederwaren\/leder-und-buerobedarf\/echtleder-klassische-passhuelle\/","og_locale":"de_DE","og_type":"article","og_title":"Echtleder \u2013 Klassische Passh\u00fclle - Leatai \u2013 Hersteller ma\u00dfgeschneiderter Notizb\u00fccher","og_description":"Diese \u00e4u\u00dferst praktische Passh\u00fclle wird aus hochwertigem Rindsleder gefertigt und ist komplett in reiner Handarbeit \u2013 Stich f\u00fcr Stich \u2013 hergestellt. Klassisch im Design, langlebig in der Nutzung und mit einem angenehm warmen Ledergef\u00fchl in der Hand. Ein echtes Qualit\u00e4tsst\u00fcck aus Echtleder \u2013 ideal zum Sammeln oder als besonderes Geschenk.","og_url":"https:\/\/leatai.com\/de\/product\/geschenk-und-lederwaren\/leder-und-buerobedarf\/echtleder-klassische-passhuelle\/","og_site_name":"Leatai \u2013 Hersteller ma\u00dfgeschneiderter Notizb\u00fccher","article_modified_time":"2025-03-27T07:48:44+00:00","og_image":[{"width":1000,"height":750,"url":"https:\/\/leatai.com\/wp-content\/uploads\/2016_01_20_1759520.jpg","type":"image\/jpeg"}],"twitter_card":"summary_large_image","twitter_misc":{"Gesch\u00e4tzte Lesezeit":"1\u00a0Minute"},"schema":{"@context":"https:\/\/schema.org","@graph":[{"@type":"WebPage","@id":"https:\/\/leatai.com\/de\/product\/geschenk-und-lederwaren\/leder-und-buerobedarf\/echtleder-klassische-passhuelle\/","url":"https:\/\/leatai.com\/de\/product\/geschenk-und-lederwaren\/leder-und-buerobedarf\/echtleder-klassische-passhuelle\/","name":"Echtleder \u2013 Klassische Passh\u00fclle - Leatai \u2013 Hersteller ma\u00dfgeschneiderter Notizb\u00fccher","isPartOf":{"@id":"https:\/\/leatai.com\/de\/#website"},"primaryImageOfPage":{"@id":"https:\/\/leatai.com\/de\/product\/geschenk-und-lederwaren\/leder-und-buerobedarf\/echtleder-klassische-passhuelle\/#primaryimage"},"image":{"@id":"https:\/\/leatai.com\/de\/product\/geschenk-und-lederwaren\/leder-und-buerobedarf\/echtleder-klassische-passhuelle\/#primaryimage"},"thumbnailUrl":"https:\/\/leatai.com\/wp-content\/uploads\/2016_01_20_1759520.jpg","datePublished":"2021-06-24T05:23:08+00:00","dateModified":"2025-03-27T07:48:44+00:00","description":"Diese \u00e4u\u00dferst praktische Passh\u00fclle wird aus hochwertigem Rindsleder gefertigt und ist komplett in reiner Handarbeit \u2013 Stich f\u00fcr Stich \u2013 hergestellt. Klassisch im Design, langlebig in der Nutzung und mit einem angenehm warmen Ledergef\u00fchl in der Hand. Ein echtes Qualit\u00e4tsst\u00fcck aus Echtleder \u2013 ideal zum Sammeln oder als besonderes Geschenk.","breadcrumb":{"@id":"https:\/\/leatai.com\/de\/product\/geschenk-und-lederwaren\/leder-und-buerobedarf\/echtleder-klassische-passhuelle\/#breadcrumb"},"inLanguage":"de","potentialAction":[{"@type":"ReadAction","target":["https:\/\/leatai.com\/de\/product\/geschenk-und-lederwaren\/leder-und-buerobedarf\/echtleder-klassische-passhuelle\/"]}]},{"@type":"ImageObject","inLanguage":"de","@id":"https:\/\/leatai.com\/de\/product\/geschenk-und-lederwaren\/leder-und-buerobedarf\/echtleder-klassische-passhuelle\/#primaryimage","url":"https:\/\/leatai.com\/wp-content\/uploads\/2016_01_20_1759520.jpg","contentUrl":"https:\/\/leatai.com\/wp-content\/uploads\/2016_01_20_1759520.jpg","width":1000,"height":750},{"@type":"BreadcrumbList","@id":"https:\/\/leatai.com\/de\/product\/geschenk-und-lederwaren\/leder-und-buerobedarf\/echtleder-klassische-passhuelle\/#breadcrumb","itemListElement":[{"@type":"ListItem","position":1,"name":"Home","item":"https:\/\/leatai.com\/de\/"},{"@type":"ListItem","position":2,"name":"Produktvorstellung","item":"https:\/\/leatai.com\/products\/"},{"@type":"ListItem","position":3,"name":"Geschenk- und Lederwaren","item":"https:\/\/leatai.com\/de\/produkt-kategorie\/geschenk-und-lederwaren\/"},{"@type":"ListItem","position":4,"name":"Echtleder \u2013 Klassische Passh\u00fclle"}]},{"@type":"WebSite","@id":"https:\/\/leatai.com\/de\/#website","url":"https:\/\/leatai.com\/de\/","name":"Leatai \u2013 Hersteller ma\u00dfgeschneiderter Notizb\u00fccher","description":"Leatai liefert individuelle Notizb\u00fccher und Planer f\u00fcr Marken und H\u00e4ndler weltweit.","publisher":{"@id":"https:\/\/leatai.com\/de\/#organization"},"potentialAction":[{"@type":"SearchAction","target":{"@type":"EntryPoint","urlTemplate":"https:\/\/leatai.com\/de\/?s={search_term_string}"},"query-input":{"@type":"PropertyValueSpecification","valueRequired":true,"valueName":"search_term_string"}}],"inLanguage":"de"},{"@type":"Organization","@id":"https:\/\/leatai.com\/de\/#organization","name":"Leatai Diary, customized journal and business organizer","url":"https:\/\/leatai.com\/de\/","logo":{"@type":"ImageObject","inLanguage":"de","@id":"https:\/\/leatai.com\/de\/#\/schema\/logo\/image\/","url":"https:\/\/leatai.com\/wp-content\/uploads\/logo-blue.png","contentUrl":"https:\/\/leatai.com\/wp-content\/uploads\/logo-blue.png","width":230,"height":60,"caption":"Leatai Diary, customized journal and business organizer"},"image":{"@id":"https:\/\/leatai.com\/de\/#\/schema\/logo\/image\/"}}]}},"_links":{"self":[{"href":"https:\/\/leatai.com\/de\/wp-json\/wp\/v2\/product\/160441","targetHints":{"allow":["GET"]}}],"collection":[{"href":"https:\/\/leatai.com\/de\/wp-json\/wp\/v2\/product"}],"about":[{"href":"https:\/\/leatai.com\/de\/wp-json\/wp\/v2\/types\/product"}],"wp:featuredmedia":[{"embeddable":true,"href":"https:\/\/leatai.com\/de\/wp-json\/wp\/v2\/media\/160442"}],"wp:attachment":[{"href":"https:\/\/leatai.com\/de\/wp-json\/wp\/v2\/media?parent=160441"}],"wp:term":[{"taxonomy":"product_brand","embeddable":true,"href":"https:\/\/leatai.com\/de\/wp-json\/wp\/v2\/product_brand?post=160441"},{"taxonomy":"product_cat","embeddable":true,"href":"https:\/\/leatai.com\/de\/wp-json\/wp\/v2\/product_cat?post=160441"},{"taxonomy":"product_tag","embeddable":true,"href":"https:\/\/leatai.com\/de\/wp-json\/wp\/v2\/product_tag?post=160441"},{"taxonomy":"home_works","embeddable":true,"href":"https:\/\/leatai.com\/de\/wp-json\/wp\/v2\/home_works?post=160441"}],"curies":[{"name":"wp","href":"https:\/\/api.w.org\/{rel}","templated":true}]}}