{"id":160435,"date":"2021-06-24T13:22:46","date_gmt":"2021-06-24T05:22:46","guid":{"rendered":"https:\/\/leatai.com\/product\/unkategorisiert\/echtleder-schluesseletui-mit-handgefertigtem-charakter\/"},"modified":"2025-03-27T15:40:30","modified_gmt":"2025-03-27T07:40:30","slug":"echtleder-schluesseletui-mit-handgefertigtem-charakter","status":"publish","type":"product","link":"https:\/\/leatai.com\/de\/product\/geschenk-und-lederwaren\/leder-und-buerobedarf\/echtleder-schluesseletui-mit-handgefertigtem-charakter\/","title":{"rendered":"Echtleder-Schl\u00fcsseletui mit handgefertigtem Charakter"},"content":{"rendered":"<p>Material: Echtes importiertes Rindsleder + Schafleder<br \/>\nVerpackung: OPP-Beutel<\/p>\n<p>Produktbeschreibung<br \/>\nDieses formsch\u00f6ne Schl\u00fcsseletui besteht aus einer Kombination von importiertem Rinds- und Schafleder.<br \/>\nDas abgebildete Muster wurde mit gewachstem Garn von Hand vern\u00e4ht; in der Serienproduktion wird es maschinell mit kr\u00e4ftigerem Garn verarbeitet, um ein feineres Finish zu erzielen.<\/p>\n<p>Neben Schl\u00fcsseletuis bieten wir auch ma\u00dfgeschneiderte Echtlederprodukte wie:<br \/>\n\u2013 Lederh\u00fcllen<br \/>\n\u2013 Lederm\u00fcnzbeutel<br \/>\n\u2013 Lederpassh\u00fcllen<br \/>\n\u2013 Visitenkartenetuis<br \/>\n\u2013 Ausweish\u00fcllen<\/p>\n<p>Individuelle Anfragen sind herzlich willkommen!<\/p>\n","protected":false},"excerpt":{"rendered":"<p>Material: Echtes importiertes Rindsleder + Schafleder Verpackung: OPP-Beutel Produktbeschreibung Dieses formsch\u00f6ne Schl\u00fcsseletui besteht aus einer Kombination von importiertem Rinds- und Schafleder. Das abgebildete Muster wurde mit gewachstem Garn von Hand vern\u00e4ht; in der Serienproduktion wird es maschinell mit kr\u00e4ftigerem Garn verarbeitet, um ein feineres Finish zu erzielen. Neben Schl\u00fcsseletuis bieten wir auch ma\u00dfgeschneiderte Echtlederprodukte wie: [&hellip;]<\/p>\n","protected":false},"featured_media":160436,"template":"","meta":{"_acf_changed":false},"product_brand":[],"product_cat":[1128],"product_tag":[],"home_works":[],"class_list":{"0":"post-160435","1":"product","2":"type-product","3":"status-publish","4":"has-post-thumbnail","6":"product_cat-leder-und-buerobedarf","8":"first","9":"instock","10":"sold-individually","11":"shipping-taxable","12":"purchasable","13":"product-type-simple"},"acf":[],"yoast_head":"<!-- This site is optimized with the Yoast SEO plugin v27.2 - https:\/\/yoast.com\/product\/yoast-seo-wordpress\/ -->\n<title>Echtleder-Schl\u00fcsseletui mit handgefertigtem Charakter - Leatai \u2013 Hersteller ma\u00dfgeschneiderter Notizb\u00fccher<\/title>\n<meta name=\"description\" content=\"Das Schl\u00fcsseletui wurde in aufwendiger Handarbeit in eine plastische Herzform gebracht \u2013 ein Design mit besonderem Charakter. Durch die Kombination mit weichem Schafleder entsteht ein angenehm hochwertiges Griffgef\u00fchl. Ein seltenes und edles Echtlederprodukt mit liebevollen Details.\" \/>\n<meta name=\"robots\" content=\"index, follow, max-snippet:-1, max-image-preview:large, max-video-preview:-1\" \/>\n<link rel=\"canonical\" href=\"https:\/\/leatai.com\/de\/product\/geschenk-und-lederwaren\/leder-und-buerobedarf\/echtleder-schluesseletui-mit-handgefertigtem-charakter\/\" \/>\n<meta property=\"og:locale\" content=\"de_DE\" \/>\n<meta property=\"og:type\" content=\"article\" \/>\n<meta property=\"og:title\" content=\"Echtleder-Schl\u00fcsseletui mit handgefertigtem Charakter - Leatai \u2013 Hersteller ma\u00dfgeschneiderter Notizb\u00fccher\" \/>\n<meta property=\"og:description\" content=\"Das Schl\u00fcsseletui wurde in aufwendiger Handarbeit in eine plastische Herzform gebracht \u2013 ein Design mit besonderem Charakter. Durch die Kombination mit weichem Schafleder entsteht ein angenehm hochwertiges Griffgef\u00fchl. Ein seltenes und edles Echtlederprodukt mit liebevollen Details.\" \/>\n<meta property=\"og:url\" content=\"https:\/\/leatai.com\/de\/product\/geschenk-und-lederwaren\/leder-und-buerobedarf\/echtleder-schluesseletui-mit-handgefertigtem-charakter\/\" \/>\n<meta property=\"og:site_name\" content=\"Leatai \u2013 Hersteller ma\u00dfgeschneiderter Notizb\u00fccher\" \/>\n<meta property=\"article:modified_time\" content=\"2025-03-27T07:40:30+00:00\" \/>\n<meta property=\"og:image\" content=\"https:\/\/leatai.com\/wp-content\/uploads\/2016_01_20_1758360.jpg\" \/>\n\t<meta property=\"og:image:width\" content=\"1000\" \/>\n\t<meta property=\"og:image:height\" content=\"750\" \/>\n\t<meta property=\"og:image:type\" content=\"image\/jpeg\" \/>\n<meta name=\"twitter:card\" content=\"summary_large_image\" \/>\n<meta name=\"twitter:label1\" content=\"Gesch\u00e4tzte Lesezeit\" \/>\n\t<meta name=\"twitter:data1\" content=\"1\u00a0Minute\" \/>\n<script type=\"application\/ld+json\" class=\"yoast-schema-graph\">{\"@context\":\"https:\/\/schema.org\",\"@graph\":[{\"@type\":\"WebPage\",\"@id\":\"https:\/\/leatai.com\/de\/product\/geschenk-und-lederwaren\/leder-und-buerobedarf\/echtleder-schluesseletui-mit-handgefertigtem-charakter\/\",\"url\":\"https:\/\/leatai.com\/de\/product\/geschenk-und-lederwaren\/leder-und-buerobedarf\/echtleder-schluesseletui-mit-handgefertigtem-charakter\/\",\"name\":\"Echtleder-Schl\u00fcsseletui mit handgefertigtem Charakter - Leatai \u2013 Hersteller ma\u00dfgeschneiderter Notizb\u00fccher\",\"isPartOf\":{\"@id\":\"https:\/\/leatai.com\/de\/#website\"},\"primaryImageOfPage\":{\"@id\":\"https:\/\/leatai.com\/de\/product\/geschenk-und-lederwaren\/leder-und-buerobedarf\/echtleder-schluesseletui-mit-handgefertigtem-charakter\/#primaryimage\"},\"image\":{\"@id\":\"https:\/\/leatai.com\/de\/product\/geschenk-und-lederwaren\/leder-und-buerobedarf\/echtleder-schluesseletui-mit-handgefertigtem-charakter\/#primaryimage\"},\"thumbnailUrl\":\"https:\/\/leatai.com\/wp-content\/uploads\/2016_01_20_1758360.jpg\",\"datePublished\":\"2021-06-24T05:22:46+00:00\",\"dateModified\":\"2025-03-27T07:40:30+00:00\",\"description\":\"Das Schl\u00fcsseletui wurde in aufwendiger Handarbeit in eine plastische Herzform gebracht \u2013 ein Design mit besonderem Charakter. Durch die Kombination mit weichem Schafleder entsteht ein angenehm hochwertiges Griffgef\u00fchl. Ein seltenes und edles Echtlederprodukt mit liebevollen Details.\",\"breadcrumb\":{\"@id\":\"https:\/\/leatai.com\/de\/product\/geschenk-und-lederwaren\/leder-und-buerobedarf\/echtleder-schluesseletui-mit-handgefertigtem-charakter\/#breadcrumb\"},\"inLanguage\":\"de\",\"potentialAction\":[{\"@type\":\"ReadAction\",\"target\":[\"https:\/\/leatai.com\/de\/product\/geschenk-und-lederwaren\/leder-und-buerobedarf\/echtleder-schluesseletui-mit-handgefertigtem-charakter\/\"]}]},{\"@type\":\"ImageObject\",\"inLanguage\":\"de\",\"@id\":\"https:\/\/leatai.com\/de\/product\/geschenk-und-lederwaren\/leder-und-buerobedarf\/echtleder-schluesseletui-mit-handgefertigtem-charakter\/#primaryimage\",\"url\":\"https:\/\/leatai.com\/wp-content\/uploads\/2016_01_20_1758360.jpg\",\"contentUrl\":\"https:\/\/leatai.com\/wp-content\/uploads\/2016_01_20_1758360.jpg\",\"width\":1000,\"height\":750},{\"@type\":\"BreadcrumbList\",\"@id\":\"https:\/\/leatai.com\/de\/product\/geschenk-und-lederwaren\/leder-und-buerobedarf\/echtleder-schluesseletui-mit-handgefertigtem-charakter\/#breadcrumb\",\"itemListElement\":[{\"@type\":\"ListItem\",\"position\":1,\"name\":\"Home\",\"item\":\"https:\/\/leatai.com\/de\/\"},{\"@type\":\"ListItem\",\"position\":2,\"name\":\"Produktvorstellung\",\"item\":\"https:\/\/leatai.com\/products\/\"},{\"@type\":\"ListItem\",\"position\":3,\"name\":\"Geschenk- und Lederwaren\",\"item\":\"https:\/\/leatai.com\/de\/produkt-kategorie\/geschenk-und-lederwaren\/\"},{\"@type\":\"ListItem\",\"position\":4,\"name\":\"Leder- und B\u00fcrobedarf\",\"item\":\"https:\/\/leatai.com\/de\/produkt-kategorie\/geschenk-und-lederwaren\/leder-und-buerobedarf\/\"},{\"@type\":\"ListItem\",\"position\":5,\"name\":\"Echtleder-Schl\u00fcsseletui mit handgefertigtem Charakter\"}]},{\"@type\":\"WebSite\",\"@id\":\"https:\/\/leatai.com\/de\/#website\",\"url\":\"https:\/\/leatai.com\/de\/\",\"name\":\"Leatai \u2013 Hersteller ma\u00dfgeschneiderter Notizb\u00fccher\",\"description\":\"Leatai liefert individuelle Notizb\u00fccher und Planer f\u00fcr Marken und H\u00e4ndler weltweit.\",\"publisher\":{\"@id\":\"https:\/\/leatai.com\/de\/#organization\"},\"potentialAction\":[{\"@type\":\"SearchAction\",\"target\":{\"@type\":\"EntryPoint\",\"urlTemplate\":\"https:\/\/leatai.com\/de\/?s={search_term_string}\"},\"query-input\":{\"@type\":\"PropertyValueSpecification\",\"valueRequired\":true,\"valueName\":\"search_term_string\"}}],\"inLanguage\":\"de\"},{\"@type\":\"Organization\",\"@id\":\"https:\/\/leatai.com\/de\/#organization\",\"name\":\"Leatai Diary, customized journal and business organizer\",\"url\":\"https:\/\/leatai.com\/de\/\",\"logo\":{\"@type\":\"ImageObject\",\"inLanguage\":\"de\",\"@id\":\"https:\/\/leatai.com\/de\/#\/schema\/logo\/image\/\",\"url\":\"https:\/\/leatai.com\/wp-content\/uploads\/logo-blue.png\",\"contentUrl\":\"https:\/\/leatai.com\/wp-content\/uploads\/logo-blue.png\",\"width\":230,\"height\":60,\"caption\":\"Leatai Diary, customized journal and business organizer\"},\"image\":{\"@id\":\"https:\/\/leatai.com\/de\/#\/schema\/logo\/image\/\"}}]}<\/script>\n<!-- \/ Yoast SEO plugin. -->","yoast_head_json":{"title":"Echtleder-Schl\u00fcsseletui mit handgefertigtem Charakter - Leatai \u2013 Hersteller ma\u00dfgeschneiderter Notizb\u00fccher","description":"Das Schl\u00fcsseletui wurde in aufwendiger Handarbeit in eine plastische Herzform gebracht \u2013 ein Design mit besonderem Charakter. Durch die Kombination mit weichem Schafleder entsteht ein angenehm hochwertiges Griffgef\u00fchl. Ein seltenes und edles Echtlederprodukt mit liebevollen Details.","robots":{"index":"index","follow":"follow","max-snippet":"max-snippet:-1","max-image-preview":"max-image-preview:large","max-video-preview":"max-video-preview:-1"},"canonical":"https:\/\/leatai.com\/de\/product\/geschenk-und-lederwaren\/leder-und-buerobedarf\/echtleder-schluesseletui-mit-handgefertigtem-charakter\/","og_locale":"de_DE","og_type":"article","og_title":"Echtleder-Schl\u00fcsseletui mit handgefertigtem Charakter - Leatai \u2013 Hersteller ma\u00dfgeschneiderter Notizb\u00fccher","og_description":"Das Schl\u00fcsseletui wurde in aufwendiger Handarbeit in eine plastische Herzform gebracht \u2013 ein Design mit besonderem Charakter. Durch die Kombination mit weichem Schafleder entsteht ein angenehm hochwertiges Griffgef\u00fchl. Ein seltenes und edles Echtlederprodukt mit liebevollen Details.","og_url":"https:\/\/leatai.com\/de\/product\/geschenk-und-lederwaren\/leder-und-buerobedarf\/echtleder-schluesseletui-mit-handgefertigtem-charakter\/","og_site_name":"Leatai \u2013 Hersteller ma\u00dfgeschneiderter Notizb\u00fccher","article_modified_time":"2025-03-27T07:40:30+00:00","og_image":[{"width":1000,"height":750,"url":"https:\/\/leatai.com\/wp-content\/uploads\/2016_01_20_1758360.jpg","type":"image\/jpeg"}],"twitter_card":"summary_large_image","twitter_misc":{"Gesch\u00e4tzte Lesezeit":"1\u00a0Minute"},"schema":{"@context":"https:\/\/schema.org","@graph":[{"@type":"WebPage","@id":"https:\/\/leatai.com\/de\/product\/geschenk-und-lederwaren\/leder-und-buerobedarf\/echtleder-schluesseletui-mit-handgefertigtem-charakter\/","url":"https:\/\/leatai.com\/de\/product\/geschenk-und-lederwaren\/leder-und-buerobedarf\/echtleder-schluesseletui-mit-handgefertigtem-charakter\/","name":"Echtleder-Schl\u00fcsseletui mit handgefertigtem Charakter - Leatai \u2013 Hersteller ma\u00dfgeschneiderter Notizb\u00fccher","isPartOf":{"@id":"https:\/\/leatai.com\/de\/#website"},"primaryImageOfPage":{"@id":"https:\/\/leatai.com\/de\/product\/geschenk-und-lederwaren\/leder-und-buerobedarf\/echtleder-schluesseletui-mit-handgefertigtem-charakter\/#primaryimage"},"image":{"@id":"https:\/\/leatai.com\/de\/product\/geschenk-und-lederwaren\/leder-und-buerobedarf\/echtleder-schluesseletui-mit-handgefertigtem-charakter\/#primaryimage"},"thumbnailUrl":"https:\/\/leatai.com\/wp-content\/uploads\/2016_01_20_1758360.jpg","datePublished":"2021-06-24T05:22:46+00:00","dateModified":"2025-03-27T07:40:30+00:00","description":"Das Schl\u00fcsseletui wurde in aufwendiger Handarbeit in eine plastische Herzform gebracht \u2013 ein Design mit besonderem Charakter. Durch die Kombination mit weichem Schafleder entsteht ein angenehm hochwertiges Griffgef\u00fchl. Ein seltenes und edles Echtlederprodukt mit liebevollen Details.","breadcrumb":{"@id":"https:\/\/leatai.com\/de\/product\/geschenk-und-lederwaren\/leder-und-buerobedarf\/echtleder-schluesseletui-mit-handgefertigtem-charakter\/#breadcrumb"},"inLanguage":"de","potentialAction":[{"@type":"ReadAction","target":["https:\/\/leatai.com\/de\/product\/geschenk-und-lederwaren\/leder-und-buerobedarf\/echtleder-schluesseletui-mit-handgefertigtem-charakter\/"]}]},{"@type":"ImageObject","inLanguage":"de","@id":"https:\/\/leatai.com\/de\/product\/geschenk-und-lederwaren\/leder-und-buerobedarf\/echtleder-schluesseletui-mit-handgefertigtem-charakter\/#primaryimage","url":"https:\/\/leatai.com\/wp-content\/uploads\/2016_01_20_1758360.jpg","contentUrl":"https:\/\/leatai.com\/wp-content\/uploads\/2016_01_20_1758360.jpg","width":1000,"height":750},{"@type":"BreadcrumbList","@id":"https:\/\/leatai.com\/de\/product\/geschenk-und-lederwaren\/leder-und-buerobedarf\/echtleder-schluesseletui-mit-handgefertigtem-charakter\/#breadcrumb","itemListElement":[{"@type":"ListItem","position":1,"name":"Home","item":"https:\/\/leatai.com\/de\/"},{"@type":"ListItem","position":2,"name":"Produktvorstellung","item":"https:\/\/leatai.com\/products\/"},{"@type":"ListItem","position":3,"name":"Geschenk- und Lederwaren","item":"https:\/\/leatai.com\/de\/produkt-kategorie\/geschenk-und-lederwaren\/"},{"@type":"ListItem","position":4,"name":"Leder- und B\u00fcrobedarf","item":"https:\/\/leatai.com\/de\/produkt-kategorie\/geschenk-und-lederwaren\/leder-und-buerobedarf\/"},{"@type":"ListItem","position":5,"name":"Echtleder-Schl\u00fcsseletui mit handgefertigtem Charakter"}]},{"@type":"WebSite","@id":"https:\/\/leatai.com\/de\/#website","url":"https:\/\/leatai.com\/de\/","name":"Leatai \u2013 Hersteller ma\u00dfgeschneiderter Notizb\u00fccher","description":"Leatai liefert individuelle Notizb\u00fccher und Planer f\u00fcr Marken und H\u00e4ndler weltweit.","publisher":{"@id":"https:\/\/leatai.com\/de\/#organization"},"potentialAction":[{"@type":"SearchAction","target":{"@type":"EntryPoint","urlTemplate":"https:\/\/leatai.com\/de\/?s={search_term_string}"},"query-input":{"@type":"PropertyValueSpecification","valueRequired":true,"valueName":"search_term_string"}}],"inLanguage":"de"},{"@type":"Organization","@id":"https:\/\/leatai.com\/de\/#organization","name":"Leatai Diary, customized journal and business organizer","url":"https:\/\/leatai.com\/de\/","logo":{"@type":"ImageObject","inLanguage":"de","@id":"https:\/\/leatai.com\/de\/#\/schema\/logo\/image\/","url":"https:\/\/leatai.com\/wp-content\/uploads\/logo-blue.png","contentUrl":"https:\/\/leatai.com\/wp-content\/uploads\/logo-blue.png","width":230,"height":60,"caption":"Leatai Diary, customized journal and business organizer"},"image":{"@id":"https:\/\/leatai.com\/de\/#\/schema\/logo\/image\/"}}]}},"_links":{"self":[{"href":"https:\/\/leatai.com\/de\/wp-json\/wp\/v2\/product\/160435","targetHints":{"allow":["GET"]}}],"collection":[{"href":"https:\/\/leatai.com\/de\/wp-json\/wp\/v2\/product"}],"about":[{"href":"https:\/\/leatai.com\/de\/wp-json\/wp\/v2\/types\/product"}],"wp:featuredmedia":[{"embeddable":true,"href":"https:\/\/leatai.com\/de\/wp-json\/wp\/v2\/media\/160436"}],"wp:attachment":[{"href":"https:\/\/leatai.com\/de\/wp-json\/wp\/v2\/media?parent=160435"}],"wp:term":[{"taxonomy":"product_brand","embeddable":true,"href":"https:\/\/leatai.com\/de\/wp-json\/wp\/v2\/product_brand?post=160435"},{"taxonomy":"product_cat","embeddable":true,"href":"https:\/\/leatai.com\/de\/wp-json\/wp\/v2\/product_cat?post=160435"},{"taxonomy":"product_tag","embeddable":true,"href":"https:\/\/leatai.com\/de\/wp-json\/wp\/v2\/product_tag?post=160435"},{"taxonomy":"home_works","embeddable":true,"href":"https:\/\/leatai.com\/de\/wp-json\/wp\/v2\/home_works?post=160435"}],"curies":[{"name":"wp","href":"https:\/\/api.w.org\/{rel}","templated":true}]}}