{"id":160429,"date":"2021-06-24T13:22:46","date_gmt":"2021-06-24T05:22:46","guid":{"rendered":"https:\/\/leatai.com\/product\/unkategorisiert\/echtleder-clutch-mit-handgefertigtem-charakter\/"},"modified":"2025-03-27T15:39:50","modified_gmt":"2025-03-27T07:39:50","slug":"echtleder-clutch-mit-handgefertigtem-charakter","status":"publish","type":"product","link":"https:\/\/leatai.com\/de\/product\/geschenk-und-lederwaren\/leder-und-buerobedarf\/echtleder-clutch-mit-handgefertigtem-charakter\/","title":{"rendered":"Echtleder-Clutch mit handgefertigtem Charakter"},"content":{"rendered":"<p>Material: Echtes importiertes Rindsleder<br \/>\nVerpackung: OPP-Beutel<\/p>\n<p>Produktbeschreibung<br \/>\nDas abgebildete Muster wurde von Hand mit Wachsgarn gen\u00e4ht, w\u00e4hrend Serienproduktionen mit kr\u00e4ftigem Garn maschinell vern\u00e4ht werden, um ein besonders sauberes und pr\u00e4zises Finish zu erzielen.<\/p>\n<p>Gerne fertigen wir auch andere Echtlederprodukte nach Wunsch, zum Beispiel:<br \/>\n\u2013 Lederh\u00fcllen<br \/>\n\u2013 Lederm\u00fcnzbeutel<br \/>\n\u2013 Lederpassh\u00fcllen<br \/>\n\u2013 Visitenkartenetuis aus Leder<br \/>\n\u2013 Ausweish\u00fcllen aus Leder<\/p>\n<p>Wir freuen uns auf Ihre Anfrage!<\/p>\n","protected":false},"excerpt":{"rendered":"<p>Material: Echtes importiertes Rindsleder Verpackung: OPP-Beutel Produktbeschreibung Das abgebildete Muster wurde von Hand mit Wachsgarn gen\u00e4ht, w\u00e4hrend Serienproduktionen mit kr\u00e4ftigem Garn maschinell vern\u00e4ht werden, um ein besonders sauberes und pr\u00e4zises Finish zu erzielen. Gerne fertigen wir auch andere Echtlederprodukte nach Wunsch, zum Beispiel: \u2013 Lederh\u00fcllen \u2013 Lederm\u00fcnzbeutel \u2013 Lederpassh\u00fcllen \u2013 Visitenkartenetuis aus Leder \u2013 Ausweish\u00fcllen [&hellip;]<\/p>\n","protected":false},"featured_media":160430,"template":"","meta":{"_acf_changed":false},"product_brand":[],"product_cat":[1128],"product_tag":[],"home_works":[],"class_list":{"0":"post-160429","1":"product","2":"type-product","3":"status-publish","4":"has-post-thumbnail","6":"product_cat-leder-und-buerobedarf","8":"first","9":"instock","10":"sold-individually","11":"shipping-taxable","12":"purchasable","13":"product-type-simple"},"acf":[],"yoast_head":"<!-- This site is optimized with the Yoast SEO plugin v27.2 - https:\/\/yoast.com\/product\/yoast-seo-wordpress\/ -->\n<title>Echtleder-Clutch mit handgefertigtem Charakter - Leatai \u2013 Hersteller ma\u00dfgeschneiderter Notizb\u00fccher<\/title>\n<meta name=\"description\" content=\"Diese Clutch aus echtem Leder wurde speziell in Gr\u00f6\u00dfe und Form auf allt\u00e4gliche Gewohnheiten abgestimmt. Der bewusst erhaltene handgemachte Charakter verleiht ihr eine individuelle Note \u2013 perfekt f\u00fcr unterwegs und garantiert ein Unikat, das sich von allen anderen abhebt.\" \/>\n<meta name=\"robots\" content=\"index, follow, max-snippet:-1, max-image-preview:large, max-video-preview:-1\" \/>\n<link rel=\"canonical\" href=\"https:\/\/leatai.com\/de\/product\/geschenk-und-lederwaren\/leder-und-buerobedarf\/echtleder-clutch-mit-handgefertigtem-charakter\/\" \/>\n<meta property=\"og:locale\" content=\"de_DE\" \/>\n<meta property=\"og:type\" content=\"article\" \/>\n<meta property=\"og:title\" content=\"Echtleder-Clutch mit handgefertigtem Charakter - Leatai \u2013 Hersteller ma\u00dfgeschneiderter Notizb\u00fccher\" \/>\n<meta property=\"og:description\" content=\"Diese Clutch aus echtem Leder wurde speziell in Gr\u00f6\u00dfe und Form auf allt\u00e4gliche Gewohnheiten abgestimmt. Der bewusst erhaltene handgemachte Charakter verleiht ihr eine individuelle Note \u2013 perfekt f\u00fcr unterwegs und garantiert ein Unikat, das sich von allen anderen abhebt.\" \/>\n<meta property=\"og:url\" content=\"https:\/\/leatai.com\/de\/product\/geschenk-und-lederwaren\/leder-und-buerobedarf\/echtleder-clutch-mit-handgefertigtem-charakter\/\" \/>\n<meta property=\"og:site_name\" content=\"Leatai \u2013 Hersteller ma\u00dfgeschneiderter Notizb\u00fccher\" \/>\n<meta property=\"article:modified_time\" content=\"2025-03-27T07:39:50+00:00\" \/>\n<meta property=\"og:image\" content=\"https:\/\/leatai.com\/wp-content\/uploads\/2016_01_20_1757090.jpg\" \/>\n\t<meta property=\"og:image:width\" content=\"1000\" \/>\n\t<meta property=\"og:image:height\" content=\"750\" \/>\n\t<meta property=\"og:image:type\" content=\"image\/jpeg\" \/>\n<meta name=\"twitter:card\" content=\"summary_large_image\" \/>\n<meta name=\"twitter:label1\" content=\"Gesch\u00e4tzte Lesezeit\" \/>\n\t<meta name=\"twitter:data1\" content=\"1\u00a0Minute\" \/>\n<script type=\"application\/ld+json\" class=\"yoast-schema-graph\">{\"@context\":\"https:\/\/schema.org\",\"@graph\":[{\"@type\":\"WebPage\",\"@id\":\"https:\/\/leatai.com\/de\/product\/geschenk-und-lederwaren\/leder-und-buerobedarf\/echtleder-clutch-mit-handgefertigtem-charakter\/\",\"url\":\"https:\/\/leatai.com\/de\/product\/geschenk-und-lederwaren\/leder-und-buerobedarf\/echtleder-clutch-mit-handgefertigtem-charakter\/\",\"name\":\"Echtleder-Clutch mit handgefertigtem Charakter - Leatai \u2013 Hersteller ma\u00dfgeschneiderter Notizb\u00fccher\",\"isPartOf\":{\"@id\":\"https:\/\/leatai.com\/de\/#website\"},\"primaryImageOfPage\":{\"@id\":\"https:\/\/leatai.com\/de\/product\/geschenk-und-lederwaren\/leder-und-buerobedarf\/echtleder-clutch-mit-handgefertigtem-charakter\/#primaryimage\"},\"image\":{\"@id\":\"https:\/\/leatai.com\/de\/product\/geschenk-und-lederwaren\/leder-und-buerobedarf\/echtleder-clutch-mit-handgefertigtem-charakter\/#primaryimage\"},\"thumbnailUrl\":\"https:\/\/leatai.com\/wp-content\/uploads\/2016_01_20_1757090.jpg\",\"datePublished\":\"2021-06-24T05:22:46+00:00\",\"dateModified\":\"2025-03-27T07:39:50+00:00\",\"description\":\"Diese Clutch aus echtem Leder wurde speziell in Gr\u00f6\u00dfe und Form auf allt\u00e4gliche Gewohnheiten abgestimmt. Der bewusst erhaltene handgemachte Charakter verleiht ihr eine individuelle Note \u2013 perfekt f\u00fcr unterwegs und garantiert ein Unikat, das sich von allen anderen abhebt.\",\"breadcrumb\":{\"@id\":\"https:\/\/leatai.com\/de\/product\/geschenk-und-lederwaren\/leder-und-buerobedarf\/echtleder-clutch-mit-handgefertigtem-charakter\/#breadcrumb\"},\"inLanguage\":\"de\",\"potentialAction\":[{\"@type\":\"ReadAction\",\"target\":[\"https:\/\/leatai.com\/de\/product\/geschenk-und-lederwaren\/leder-und-buerobedarf\/echtleder-clutch-mit-handgefertigtem-charakter\/\"]}]},{\"@type\":\"ImageObject\",\"inLanguage\":\"de\",\"@id\":\"https:\/\/leatai.com\/de\/product\/geschenk-und-lederwaren\/leder-und-buerobedarf\/echtleder-clutch-mit-handgefertigtem-charakter\/#primaryimage\",\"url\":\"https:\/\/leatai.com\/wp-content\/uploads\/2016_01_20_1757090.jpg\",\"contentUrl\":\"https:\/\/leatai.com\/wp-content\/uploads\/2016_01_20_1757090.jpg\",\"width\":1000,\"height\":750},{\"@type\":\"BreadcrumbList\",\"@id\":\"https:\/\/leatai.com\/de\/product\/geschenk-und-lederwaren\/leder-und-buerobedarf\/echtleder-clutch-mit-handgefertigtem-charakter\/#breadcrumb\",\"itemListElement\":[{\"@type\":\"ListItem\",\"position\":1,\"name\":\"Home\",\"item\":\"https:\/\/leatai.com\/de\/\"},{\"@type\":\"ListItem\",\"position\":2,\"name\":\"Produktvorstellung\",\"item\":\"https:\/\/leatai.com\/products\/\"},{\"@type\":\"ListItem\",\"position\":3,\"name\":\"Geschenk- und Lederwaren\",\"item\":\"https:\/\/leatai.com\/de\/produkt-kategorie\/geschenk-und-lederwaren\/\"},{\"@type\":\"ListItem\",\"position\":4,\"name\":\"Leder- und B\u00fcrobedarf\",\"item\":\"https:\/\/leatai.com\/de\/produkt-kategorie\/geschenk-und-lederwaren\/leder-und-buerobedarf\/\"},{\"@type\":\"ListItem\",\"position\":5,\"name\":\"Echtleder-Clutch mit handgefertigtem Charakter\"}]},{\"@type\":\"WebSite\",\"@id\":\"https:\/\/leatai.com\/de\/#website\",\"url\":\"https:\/\/leatai.com\/de\/\",\"name\":\"Leatai \u2013 Hersteller ma\u00dfgeschneiderter Notizb\u00fccher\",\"description\":\"Leatai liefert individuelle Notizb\u00fccher und Planer f\u00fcr Marken und H\u00e4ndler weltweit.\",\"publisher\":{\"@id\":\"https:\/\/leatai.com\/de\/#organization\"},\"potentialAction\":[{\"@type\":\"SearchAction\",\"target\":{\"@type\":\"EntryPoint\",\"urlTemplate\":\"https:\/\/leatai.com\/de\/?s={search_term_string}\"},\"query-input\":{\"@type\":\"PropertyValueSpecification\",\"valueRequired\":true,\"valueName\":\"search_term_string\"}}],\"inLanguage\":\"de\"},{\"@type\":\"Organization\",\"@id\":\"https:\/\/leatai.com\/de\/#organization\",\"name\":\"Leatai Diary, customized journal and business organizer\",\"url\":\"https:\/\/leatai.com\/de\/\",\"logo\":{\"@type\":\"ImageObject\",\"inLanguage\":\"de\",\"@id\":\"https:\/\/leatai.com\/de\/#\/schema\/logo\/image\/\",\"url\":\"https:\/\/leatai.com\/wp-content\/uploads\/logo-blue.png\",\"contentUrl\":\"https:\/\/leatai.com\/wp-content\/uploads\/logo-blue.png\",\"width\":230,\"height\":60,\"caption\":\"Leatai Diary, customized journal and business organizer\"},\"image\":{\"@id\":\"https:\/\/leatai.com\/de\/#\/schema\/logo\/image\/\"}}]}<\/script>\n<!-- \/ Yoast SEO plugin. -->","yoast_head_json":{"title":"Echtleder-Clutch mit handgefertigtem Charakter - Leatai \u2013 Hersteller ma\u00dfgeschneiderter Notizb\u00fccher","description":"Diese Clutch aus echtem Leder wurde speziell in Gr\u00f6\u00dfe und Form auf allt\u00e4gliche Gewohnheiten abgestimmt. Der bewusst erhaltene handgemachte Charakter verleiht ihr eine individuelle Note \u2013 perfekt f\u00fcr unterwegs und garantiert ein Unikat, das sich von allen anderen abhebt.","robots":{"index":"index","follow":"follow","max-snippet":"max-snippet:-1","max-image-preview":"max-image-preview:large","max-video-preview":"max-video-preview:-1"},"canonical":"https:\/\/leatai.com\/de\/product\/geschenk-und-lederwaren\/leder-und-buerobedarf\/echtleder-clutch-mit-handgefertigtem-charakter\/","og_locale":"de_DE","og_type":"article","og_title":"Echtleder-Clutch mit handgefertigtem Charakter - Leatai \u2013 Hersteller ma\u00dfgeschneiderter Notizb\u00fccher","og_description":"Diese Clutch aus echtem Leder wurde speziell in Gr\u00f6\u00dfe und Form auf allt\u00e4gliche Gewohnheiten abgestimmt. Der bewusst erhaltene handgemachte Charakter verleiht ihr eine individuelle Note \u2013 perfekt f\u00fcr unterwegs und garantiert ein Unikat, das sich von allen anderen abhebt.","og_url":"https:\/\/leatai.com\/de\/product\/geschenk-und-lederwaren\/leder-und-buerobedarf\/echtleder-clutch-mit-handgefertigtem-charakter\/","og_site_name":"Leatai \u2013 Hersteller ma\u00dfgeschneiderter Notizb\u00fccher","article_modified_time":"2025-03-27T07:39:50+00:00","og_image":[{"width":1000,"height":750,"url":"https:\/\/leatai.com\/wp-content\/uploads\/2016_01_20_1757090.jpg","type":"image\/jpeg"}],"twitter_card":"summary_large_image","twitter_misc":{"Gesch\u00e4tzte Lesezeit":"1\u00a0Minute"},"schema":{"@context":"https:\/\/schema.org","@graph":[{"@type":"WebPage","@id":"https:\/\/leatai.com\/de\/product\/geschenk-und-lederwaren\/leder-und-buerobedarf\/echtleder-clutch-mit-handgefertigtem-charakter\/","url":"https:\/\/leatai.com\/de\/product\/geschenk-und-lederwaren\/leder-und-buerobedarf\/echtleder-clutch-mit-handgefertigtem-charakter\/","name":"Echtleder-Clutch mit handgefertigtem Charakter - Leatai \u2013 Hersteller ma\u00dfgeschneiderter Notizb\u00fccher","isPartOf":{"@id":"https:\/\/leatai.com\/de\/#website"},"primaryImageOfPage":{"@id":"https:\/\/leatai.com\/de\/product\/geschenk-und-lederwaren\/leder-und-buerobedarf\/echtleder-clutch-mit-handgefertigtem-charakter\/#primaryimage"},"image":{"@id":"https:\/\/leatai.com\/de\/product\/geschenk-und-lederwaren\/leder-und-buerobedarf\/echtleder-clutch-mit-handgefertigtem-charakter\/#primaryimage"},"thumbnailUrl":"https:\/\/leatai.com\/wp-content\/uploads\/2016_01_20_1757090.jpg","datePublished":"2021-06-24T05:22:46+00:00","dateModified":"2025-03-27T07:39:50+00:00","description":"Diese Clutch aus echtem Leder wurde speziell in Gr\u00f6\u00dfe und Form auf allt\u00e4gliche Gewohnheiten abgestimmt. Der bewusst erhaltene handgemachte Charakter verleiht ihr eine individuelle Note \u2013 perfekt f\u00fcr unterwegs und garantiert ein Unikat, das sich von allen anderen abhebt.","breadcrumb":{"@id":"https:\/\/leatai.com\/de\/product\/geschenk-und-lederwaren\/leder-und-buerobedarf\/echtleder-clutch-mit-handgefertigtem-charakter\/#breadcrumb"},"inLanguage":"de","potentialAction":[{"@type":"ReadAction","target":["https:\/\/leatai.com\/de\/product\/geschenk-und-lederwaren\/leder-und-buerobedarf\/echtleder-clutch-mit-handgefertigtem-charakter\/"]}]},{"@type":"ImageObject","inLanguage":"de","@id":"https:\/\/leatai.com\/de\/product\/geschenk-und-lederwaren\/leder-und-buerobedarf\/echtleder-clutch-mit-handgefertigtem-charakter\/#primaryimage","url":"https:\/\/leatai.com\/wp-content\/uploads\/2016_01_20_1757090.jpg","contentUrl":"https:\/\/leatai.com\/wp-content\/uploads\/2016_01_20_1757090.jpg","width":1000,"height":750},{"@type":"BreadcrumbList","@id":"https:\/\/leatai.com\/de\/product\/geschenk-und-lederwaren\/leder-und-buerobedarf\/echtleder-clutch-mit-handgefertigtem-charakter\/#breadcrumb","itemListElement":[{"@type":"ListItem","position":1,"name":"Home","item":"https:\/\/leatai.com\/de\/"},{"@type":"ListItem","position":2,"name":"Produktvorstellung","item":"https:\/\/leatai.com\/products\/"},{"@type":"ListItem","position":3,"name":"Geschenk- und Lederwaren","item":"https:\/\/leatai.com\/de\/produkt-kategorie\/geschenk-und-lederwaren\/"},{"@type":"ListItem","position":4,"name":"Leder- und B\u00fcrobedarf","item":"https:\/\/leatai.com\/de\/produkt-kategorie\/geschenk-und-lederwaren\/leder-und-buerobedarf\/"},{"@type":"ListItem","position":5,"name":"Echtleder-Clutch mit handgefertigtem Charakter"}]},{"@type":"WebSite","@id":"https:\/\/leatai.com\/de\/#website","url":"https:\/\/leatai.com\/de\/","name":"Leatai \u2013 Hersteller ma\u00dfgeschneiderter Notizb\u00fccher","description":"Leatai liefert individuelle Notizb\u00fccher und Planer f\u00fcr Marken und H\u00e4ndler weltweit.","publisher":{"@id":"https:\/\/leatai.com\/de\/#organization"},"potentialAction":[{"@type":"SearchAction","target":{"@type":"EntryPoint","urlTemplate":"https:\/\/leatai.com\/de\/?s={search_term_string}"},"query-input":{"@type":"PropertyValueSpecification","valueRequired":true,"valueName":"search_term_string"}}],"inLanguage":"de"},{"@type":"Organization","@id":"https:\/\/leatai.com\/de\/#organization","name":"Leatai Diary, customized journal and business organizer","url":"https:\/\/leatai.com\/de\/","logo":{"@type":"ImageObject","inLanguage":"de","@id":"https:\/\/leatai.com\/de\/#\/schema\/logo\/image\/","url":"https:\/\/leatai.com\/wp-content\/uploads\/logo-blue.png","contentUrl":"https:\/\/leatai.com\/wp-content\/uploads\/logo-blue.png","width":230,"height":60,"caption":"Leatai Diary, customized journal and business organizer"},"image":{"@id":"https:\/\/leatai.com\/de\/#\/schema\/logo\/image\/"}}]}},"_links":{"self":[{"href":"https:\/\/leatai.com\/de\/wp-json\/wp\/v2\/product\/160429","targetHints":{"allow":["GET"]}}],"collection":[{"href":"https:\/\/leatai.com\/de\/wp-json\/wp\/v2\/product"}],"about":[{"href":"https:\/\/leatai.com\/de\/wp-json\/wp\/v2\/types\/product"}],"wp:featuredmedia":[{"embeddable":true,"href":"https:\/\/leatai.com\/de\/wp-json\/wp\/v2\/media\/160430"}],"wp:attachment":[{"href":"https:\/\/leatai.com\/de\/wp-json\/wp\/v2\/media?parent=160429"}],"wp:term":[{"taxonomy":"product_brand","embeddable":true,"href":"https:\/\/leatai.com\/de\/wp-json\/wp\/v2\/product_brand?post=160429"},{"taxonomy":"product_cat","embeddable":true,"href":"https:\/\/leatai.com\/de\/wp-json\/wp\/v2\/product_cat?post=160429"},{"taxonomy":"product_tag","embeddable":true,"href":"https:\/\/leatai.com\/de\/wp-json\/wp\/v2\/product_tag?post=160429"},{"taxonomy":"home_works","embeddable":true,"href":"https:\/\/leatai.com\/de\/wp-json\/wp\/v2\/home_works?post=160429"}],"curies":[{"name":"wp","href":"https:\/\/api.w.org\/{rel}","templated":true}]}}