{"id":160413,"date":"2021-06-24T13:23:56","date_gmt":"2021-06-24T05:23:56","guid":{"rendered":"https:\/\/leatai.com\/product\/unkategorisiert\/ntu-art-fest-x-leatai\/"},"modified":"2025-03-27T14:31:50","modified_gmt":"2025-03-27T06:31:50","slug":"ntu-art-fest-x-leatai","status":"publish","type":"product","link":"https:\/\/leatai.com\/de\/product\/branchenuebergreifende-zusammenarbeit\/kulturelle-und-kuenstlerische-veranstaltungen\/ntu-art-fest-x-leatai\/","title":{"rendered":"NTU Art Fest x Leatai"},"content":{"rendered":"<p>2016.05.22\u201323 NTU Art Fest<\/p>\n<p>Das Kunstfestival der National Taiwan University (NTU) wird seit \u00fcber zwanzig Jahren veranstaltet. Sein urspr\u00fcngliches Ziel ist es, durch vielf\u00e4ltige Themen und unterschiedlichste Kunstformen die Studierenden dazu zu inspirieren, sich selbst und ihr Leben bewusster wahrzunehmen.<\/p>\n<p>Das diesj\u00e4hrige Motto lautet: \u201eDie Macht der Vorstellungskraft \u00fcbernehmen\u201c. Es l\u00e4dt dazu ein, eine kleine Revolution im Alltag zu entfachen \u2013 durch kreative Ausdrucksformen pers\u00f6nliche, gemeinschaftliche und gesellschaftliche Anliegen zu reflektieren.<br \/>\nSo entsteht ein k\u00fcnstlerischer Wirbelwind, der im Mai den gesamten NTU-Campus erfasst.<\/p>\n","protected":false},"excerpt":{"rendered":"<p>2016.05.22\u201323 NTU Art Fest Das Kunstfestival der National Taiwan University (NTU) wird seit \u00fcber zwanzig Jahren veranstaltet. Sein urspr\u00fcngliches Ziel ist es, durch vielf\u00e4ltige Themen und unterschiedlichste Kunstformen die Studierenden dazu zu inspirieren, sich selbst und ihr Leben bewusster wahrzunehmen. Das diesj\u00e4hrige Motto lautet: \u201eDie Macht der Vorstellungskraft \u00fcbernehmen\u201c. Es l\u00e4dt dazu ein, eine kleine [&hellip;]<\/p>\n","protected":false},"featured_media":160414,"template":"","meta":{"_acf_changed":false},"product_brand":[],"product_cat":[1102],"product_tag":[],"home_works":[],"class_list":{"0":"post-160413","1":"product","2":"type-product","3":"status-publish","4":"has-post-thumbnail","6":"product_cat-kulturelle-und-kuenstlerische-veranstaltungen","8":"first","9":"instock","10":"sold-individually","11":"shipping-taxable","12":"purchasable","13":"product-type-simple"},"acf":[],"yoast_head":"<!-- This site is optimized with the Yoast SEO plugin v27.2 - https:\/\/yoast.com\/product\/yoast-seo-wordpress\/ -->\n<title>NTU Art Fest x Leatai - Leatai \u2013 Hersteller ma\u00dfgeschneiderter Notizb\u00fccher<\/title>\n<meta name=\"robots\" content=\"index, follow, max-snippet:-1, max-image-preview:large, max-video-preview:-1\" \/>\n<link rel=\"canonical\" href=\"https:\/\/leatai.com\/de\/product\/branchenuebergreifende-zusammenarbeit\/kulturelle-und-kuenstlerische-veranstaltungen\/ntu-art-fest-x-leatai\/\" \/>\n<meta property=\"og:locale\" content=\"de_DE\" \/>\n<meta property=\"og:type\" content=\"article\" \/>\n<meta property=\"og:title\" content=\"NTU Art Fest x Leatai - Leatai \u2013 Hersteller ma\u00dfgeschneiderter Notizb\u00fccher\" \/>\n<meta property=\"og:description\" content=\"2016.05.22\u201323 NTU Art Fest Das Kunstfestival der National Taiwan University (NTU) wird seit \u00fcber zwanzig Jahren veranstaltet. Sein urspr\u00fcngliches Ziel ist es, durch vielf\u00e4ltige Themen und unterschiedlichste Kunstformen die Studierenden dazu zu inspirieren, sich selbst und ihr Leben bewusster wahrzunehmen. Das diesj\u00e4hrige Motto lautet: \u201eDie Macht der Vorstellungskraft \u00fcbernehmen\u201c. Es l\u00e4dt dazu ein, eine kleine [&hellip;]\" \/>\n<meta property=\"og:url\" content=\"https:\/\/leatai.com\/de\/product\/branchenuebergreifende-zusammenarbeit\/kulturelle-und-kuenstlerische-veranstaltungen\/ntu-art-fest-x-leatai\/\" \/>\n<meta property=\"og:site_name\" content=\"Leatai \u2013 Hersteller ma\u00dfgeschneiderter Notizb\u00fccher\" \/>\n<meta property=\"article:modified_time\" content=\"2025-03-27T06:31:50+00:00\" \/>\n<meta property=\"og:image\" content=\"https:\/\/leatai.com\/wp-content\/uploads\/2020_06_17_1417490.jpg\" \/>\n\t<meta property=\"og:image:width\" content=\"1684\" \/>\n\t<meta property=\"og:image:height\" content=\"1190\" \/>\n\t<meta property=\"og:image:type\" content=\"image\/jpeg\" \/>\n<meta name=\"twitter:card\" content=\"summary_large_image\" \/>\n<meta name=\"twitter:label1\" content=\"Gesch\u00e4tzte Lesezeit\" \/>\n\t<meta name=\"twitter:data1\" content=\"1\u00a0Minute\" \/>\n<script type=\"application\/ld+json\" class=\"yoast-schema-graph\">{\"@context\":\"https:\/\/schema.org\",\"@graph\":[{\"@type\":\"WebPage\",\"@id\":\"https:\/\/leatai.com\/de\/product\/branchenuebergreifende-zusammenarbeit\/kulturelle-und-kuenstlerische-veranstaltungen\/ntu-art-fest-x-leatai\/\",\"url\":\"https:\/\/leatai.com\/de\/product\/branchenuebergreifende-zusammenarbeit\/kulturelle-und-kuenstlerische-veranstaltungen\/ntu-art-fest-x-leatai\/\",\"name\":\"NTU Art Fest x Leatai - Leatai \u2013 Hersteller ma\u00dfgeschneiderter Notizb\u00fccher\",\"isPartOf\":{\"@id\":\"https:\/\/leatai.com\/de\/#website\"},\"primaryImageOfPage\":{\"@id\":\"https:\/\/leatai.com\/de\/product\/branchenuebergreifende-zusammenarbeit\/kulturelle-und-kuenstlerische-veranstaltungen\/ntu-art-fest-x-leatai\/#primaryimage\"},\"image\":{\"@id\":\"https:\/\/leatai.com\/de\/product\/branchenuebergreifende-zusammenarbeit\/kulturelle-und-kuenstlerische-veranstaltungen\/ntu-art-fest-x-leatai\/#primaryimage\"},\"thumbnailUrl\":\"https:\/\/leatai.com\/wp-content\/uploads\/2020_06_17_1417490.jpg\",\"datePublished\":\"2021-06-24T05:23:56+00:00\",\"dateModified\":\"2025-03-27T06:31:50+00:00\",\"breadcrumb\":{\"@id\":\"https:\/\/leatai.com\/de\/product\/branchenuebergreifende-zusammenarbeit\/kulturelle-und-kuenstlerische-veranstaltungen\/ntu-art-fest-x-leatai\/#breadcrumb\"},\"inLanguage\":\"de\",\"potentialAction\":[{\"@type\":\"ReadAction\",\"target\":[\"https:\/\/leatai.com\/de\/product\/branchenuebergreifende-zusammenarbeit\/kulturelle-und-kuenstlerische-veranstaltungen\/ntu-art-fest-x-leatai\/\"]}]},{\"@type\":\"ImageObject\",\"inLanguage\":\"de\",\"@id\":\"https:\/\/leatai.com\/de\/product\/branchenuebergreifende-zusammenarbeit\/kulturelle-und-kuenstlerische-veranstaltungen\/ntu-art-fest-x-leatai\/#primaryimage\",\"url\":\"https:\/\/leatai.com\/wp-content\/uploads\/2020_06_17_1417490.jpg\",\"contentUrl\":\"https:\/\/leatai.com\/wp-content\/uploads\/2020_06_17_1417490.jpg\",\"width\":1684,\"height\":1190},{\"@type\":\"BreadcrumbList\",\"@id\":\"https:\/\/leatai.com\/de\/product\/branchenuebergreifende-zusammenarbeit\/kulturelle-und-kuenstlerische-veranstaltungen\/ntu-art-fest-x-leatai\/#breadcrumb\",\"itemListElement\":[{\"@type\":\"ListItem\",\"position\":1,\"name\":\"Home\",\"item\":\"https:\/\/leatai.com\/de\/\"},{\"@type\":\"ListItem\",\"position\":2,\"name\":\"Produktvorstellung\",\"item\":\"https:\/\/leatai.com\/products\/\"},{\"@type\":\"ListItem\",\"position\":3,\"name\":\"Branchen\u00fcbergreifende Zusammenarbeit\",\"item\":\"https:\/\/leatai.com\/de\/produkt-kategorie\/branchenuebergreifende-zusammenarbeit\/\"},{\"@type\":\"ListItem\",\"position\":4,\"name\":\"Kulturelle und k\u00fcnstlerische Veranstaltungen\",\"item\":\"https:\/\/leatai.com\/de\/produkt-kategorie\/branchenuebergreifende-zusammenarbeit\/kulturelle-und-kuenstlerische-veranstaltungen\/\"},{\"@type\":\"ListItem\",\"position\":5,\"name\":\"NTU Art Fest x Leatai\"}]},{\"@type\":\"WebSite\",\"@id\":\"https:\/\/leatai.com\/de\/#website\",\"url\":\"https:\/\/leatai.com\/de\/\",\"name\":\"Leatai \u2013 Hersteller ma\u00dfgeschneiderter Notizb\u00fccher\",\"description\":\"Leatai liefert individuelle Notizb\u00fccher und Planer f\u00fcr Marken und H\u00e4ndler weltweit.\",\"publisher\":{\"@id\":\"https:\/\/leatai.com\/de\/#organization\"},\"potentialAction\":[{\"@type\":\"SearchAction\",\"target\":{\"@type\":\"EntryPoint\",\"urlTemplate\":\"https:\/\/leatai.com\/de\/?s={search_term_string}\"},\"query-input\":{\"@type\":\"PropertyValueSpecification\",\"valueRequired\":true,\"valueName\":\"search_term_string\"}}],\"inLanguage\":\"de\"},{\"@type\":\"Organization\",\"@id\":\"https:\/\/leatai.com\/de\/#organization\",\"name\":\"Leatai Diary, customized journal and business organizer\",\"url\":\"https:\/\/leatai.com\/de\/\",\"logo\":{\"@type\":\"ImageObject\",\"inLanguage\":\"de\",\"@id\":\"https:\/\/leatai.com\/de\/#\/schema\/logo\/image\/\",\"url\":\"https:\/\/leatai.com\/wp-content\/uploads\/logo-blue.png\",\"contentUrl\":\"https:\/\/leatai.com\/wp-content\/uploads\/logo-blue.png\",\"width\":230,\"height\":60,\"caption\":\"Leatai Diary, customized journal and business organizer\"},\"image\":{\"@id\":\"https:\/\/leatai.com\/de\/#\/schema\/logo\/image\/\"}}]}<\/script>\n<!-- \/ Yoast SEO plugin. -->","yoast_head_json":{"title":"NTU Art Fest x Leatai - Leatai \u2013 Hersteller ma\u00dfgeschneiderter Notizb\u00fccher","robots":{"index":"index","follow":"follow","max-snippet":"max-snippet:-1","max-image-preview":"max-image-preview:large","max-video-preview":"max-video-preview:-1"},"canonical":"https:\/\/leatai.com\/de\/product\/branchenuebergreifende-zusammenarbeit\/kulturelle-und-kuenstlerische-veranstaltungen\/ntu-art-fest-x-leatai\/","og_locale":"de_DE","og_type":"article","og_title":"NTU Art Fest x Leatai - Leatai \u2013 Hersteller ma\u00dfgeschneiderter Notizb\u00fccher","og_description":"2016.05.22\u201323 NTU Art Fest Das Kunstfestival der National Taiwan University (NTU) wird seit \u00fcber zwanzig Jahren veranstaltet. Sein urspr\u00fcngliches Ziel ist es, durch vielf\u00e4ltige Themen und unterschiedlichste Kunstformen die Studierenden dazu zu inspirieren, sich selbst und ihr Leben bewusster wahrzunehmen. Das diesj\u00e4hrige Motto lautet: \u201eDie Macht der Vorstellungskraft \u00fcbernehmen\u201c. Es l\u00e4dt dazu ein, eine kleine [&hellip;]","og_url":"https:\/\/leatai.com\/de\/product\/branchenuebergreifende-zusammenarbeit\/kulturelle-und-kuenstlerische-veranstaltungen\/ntu-art-fest-x-leatai\/","og_site_name":"Leatai \u2013 Hersteller ma\u00dfgeschneiderter Notizb\u00fccher","article_modified_time":"2025-03-27T06:31:50+00:00","og_image":[{"width":1684,"height":1190,"url":"https:\/\/leatai.com\/wp-content\/uploads\/2020_06_17_1417490.jpg","type":"image\/jpeg"}],"twitter_card":"summary_large_image","twitter_misc":{"Gesch\u00e4tzte Lesezeit":"1\u00a0Minute"},"schema":{"@context":"https:\/\/schema.org","@graph":[{"@type":"WebPage","@id":"https:\/\/leatai.com\/de\/product\/branchenuebergreifende-zusammenarbeit\/kulturelle-und-kuenstlerische-veranstaltungen\/ntu-art-fest-x-leatai\/","url":"https:\/\/leatai.com\/de\/product\/branchenuebergreifende-zusammenarbeit\/kulturelle-und-kuenstlerische-veranstaltungen\/ntu-art-fest-x-leatai\/","name":"NTU Art Fest x Leatai - Leatai \u2013 Hersteller ma\u00dfgeschneiderter Notizb\u00fccher","isPartOf":{"@id":"https:\/\/leatai.com\/de\/#website"},"primaryImageOfPage":{"@id":"https:\/\/leatai.com\/de\/product\/branchenuebergreifende-zusammenarbeit\/kulturelle-und-kuenstlerische-veranstaltungen\/ntu-art-fest-x-leatai\/#primaryimage"},"image":{"@id":"https:\/\/leatai.com\/de\/product\/branchenuebergreifende-zusammenarbeit\/kulturelle-und-kuenstlerische-veranstaltungen\/ntu-art-fest-x-leatai\/#primaryimage"},"thumbnailUrl":"https:\/\/leatai.com\/wp-content\/uploads\/2020_06_17_1417490.jpg","datePublished":"2021-06-24T05:23:56+00:00","dateModified":"2025-03-27T06:31:50+00:00","breadcrumb":{"@id":"https:\/\/leatai.com\/de\/product\/branchenuebergreifende-zusammenarbeit\/kulturelle-und-kuenstlerische-veranstaltungen\/ntu-art-fest-x-leatai\/#breadcrumb"},"inLanguage":"de","potentialAction":[{"@type":"ReadAction","target":["https:\/\/leatai.com\/de\/product\/branchenuebergreifende-zusammenarbeit\/kulturelle-und-kuenstlerische-veranstaltungen\/ntu-art-fest-x-leatai\/"]}]},{"@type":"ImageObject","inLanguage":"de","@id":"https:\/\/leatai.com\/de\/product\/branchenuebergreifende-zusammenarbeit\/kulturelle-und-kuenstlerische-veranstaltungen\/ntu-art-fest-x-leatai\/#primaryimage","url":"https:\/\/leatai.com\/wp-content\/uploads\/2020_06_17_1417490.jpg","contentUrl":"https:\/\/leatai.com\/wp-content\/uploads\/2020_06_17_1417490.jpg","width":1684,"height":1190},{"@type":"BreadcrumbList","@id":"https:\/\/leatai.com\/de\/product\/branchenuebergreifende-zusammenarbeit\/kulturelle-und-kuenstlerische-veranstaltungen\/ntu-art-fest-x-leatai\/#breadcrumb","itemListElement":[{"@type":"ListItem","position":1,"name":"Home","item":"https:\/\/leatai.com\/de\/"},{"@type":"ListItem","position":2,"name":"Produktvorstellung","item":"https:\/\/leatai.com\/products\/"},{"@type":"ListItem","position":3,"name":"Branchen\u00fcbergreifende Zusammenarbeit","item":"https:\/\/leatai.com\/de\/produkt-kategorie\/branchenuebergreifende-zusammenarbeit\/"},{"@type":"ListItem","position":4,"name":"Kulturelle und k\u00fcnstlerische Veranstaltungen","item":"https:\/\/leatai.com\/de\/produkt-kategorie\/branchenuebergreifende-zusammenarbeit\/kulturelle-und-kuenstlerische-veranstaltungen\/"},{"@type":"ListItem","position":5,"name":"NTU Art Fest x Leatai"}]},{"@type":"WebSite","@id":"https:\/\/leatai.com\/de\/#website","url":"https:\/\/leatai.com\/de\/","name":"Leatai \u2013 Hersteller ma\u00dfgeschneiderter Notizb\u00fccher","description":"Leatai liefert individuelle Notizb\u00fccher und Planer f\u00fcr Marken und H\u00e4ndler weltweit.","publisher":{"@id":"https:\/\/leatai.com\/de\/#organization"},"potentialAction":[{"@type":"SearchAction","target":{"@type":"EntryPoint","urlTemplate":"https:\/\/leatai.com\/de\/?s={search_term_string}"},"query-input":{"@type":"PropertyValueSpecification","valueRequired":true,"valueName":"search_term_string"}}],"inLanguage":"de"},{"@type":"Organization","@id":"https:\/\/leatai.com\/de\/#organization","name":"Leatai Diary, customized journal and business organizer","url":"https:\/\/leatai.com\/de\/","logo":{"@type":"ImageObject","inLanguage":"de","@id":"https:\/\/leatai.com\/de\/#\/schema\/logo\/image\/","url":"https:\/\/leatai.com\/wp-content\/uploads\/logo-blue.png","contentUrl":"https:\/\/leatai.com\/wp-content\/uploads\/logo-blue.png","width":230,"height":60,"caption":"Leatai Diary, customized journal and business organizer"},"image":{"@id":"https:\/\/leatai.com\/de\/#\/schema\/logo\/image\/"}}]}},"_links":{"self":[{"href":"https:\/\/leatai.com\/de\/wp-json\/wp\/v2\/product\/160413","targetHints":{"allow":["GET"]}}],"collection":[{"href":"https:\/\/leatai.com\/de\/wp-json\/wp\/v2\/product"}],"about":[{"href":"https:\/\/leatai.com\/de\/wp-json\/wp\/v2\/types\/product"}],"wp:featuredmedia":[{"embeddable":true,"href":"https:\/\/leatai.com\/de\/wp-json\/wp\/v2\/media\/160414"}],"wp:attachment":[{"href":"https:\/\/leatai.com\/de\/wp-json\/wp\/v2\/media?parent=160413"}],"wp:term":[{"taxonomy":"product_brand","embeddable":true,"href":"https:\/\/leatai.com\/de\/wp-json\/wp\/v2\/product_brand?post=160413"},{"taxonomy":"product_cat","embeddable":true,"href":"https:\/\/leatai.com\/de\/wp-json\/wp\/v2\/product_cat?post=160413"},{"taxonomy":"product_tag","embeddable":true,"href":"https:\/\/leatai.com\/de\/wp-json\/wp\/v2\/product_tag?post=160413"},{"taxonomy":"home_works","embeddable":true,"href":"https:\/\/leatai.com\/de\/wp-json\/wp\/v2\/home_works?post=160413"}],"curies":[{"name":"wp","href":"https:\/\/api.w.org\/{rel}","templated":true}]}}