{"id":160401,"date":"2021-06-24T13:23:31","date_gmt":"2021-06-24T05:23:31","guid":{"rendered":"https:\/\/leatai.com\/product\/unkategorisiert\/pinkoi-x-leatai\/"},"modified":"2025-03-27T14:31:37","modified_gmt":"2025-03-27T06:31:37","slug":"pinkoi-x-leatai","status":"publish","type":"product","link":"https:\/\/leatai.com\/de\/product\/branchenuebergreifende-zusammenarbeit\/kulturelle-und-kuenstlerische-veranstaltungen\/pinkoi-x-leatai\/","title":{"rendered":"Pinkoi x Leatai"},"content":{"rendered":"<p>2017.04.22\u201323<\/p>\n<p>Pinkoi veranstaltet regelm\u00e4\u00dfig Pop-up-M\u00e4rkte, auf denen sorgf\u00e4ltig ausgew\u00e4hlte Designmarken aus dem Online-Shop in einem realen Markterlebnis zusammenkommen.<\/p>\n<p>Neben der M\u00f6glichkeit, vielf\u00e4ltige und liebevoll gestaltete Produkte vor Ort zu entdecken, kannst du direkt mit den Designerinnen und Designern ins Gespr\u00e4ch kommen \u2013 \u00fcber ihre Markenphilosophie plaudern oder mehr \u00fcber die Verwendung der Produkte erfahren.<\/p>\n<p>Das Beste daran: Du kannst an einem Ort verschiedenste Design-Highlights auf einmal kaufen!<br \/>\nVerbringe das Wochenende mit Freundinnen und Freunden Hand in Hand \u2013 und schlendere durch das mit Kunstfarben geschm\u00fcckte Einkaufsviertel von Xinyi!<\/p>\n","protected":false},"excerpt":{"rendered":"<p>2017.04.22\u201323 Pinkoi veranstaltet regelm\u00e4\u00dfig Pop-up-M\u00e4rkte, auf denen sorgf\u00e4ltig ausgew\u00e4hlte Designmarken aus dem Online-Shop in einem realen Markterlebnis zusammenkommen. Neben der M\u00f6glichkeit, vielf\u00e4ltige und liebevoll gestaltete Produkte vor Ort zu entdecken, kannst du direkt mit den Designerinnen und Designern ins Gespr\u00e4ch kommen \u2013 \u00fcber ihre Markenphilosophie plaudern oder mehr \u00fcber die Verwendung der Produkte erfahren. Das [&hellip;]<\/p>\n","protected":false},"featured_media":160402,"template":"","meta":{"_acf_changed":false},"product_brand":[],"product_cat":[1102],"product_tag":[],"home_works":[],"class_list":{"0":"post-160401","1":"product","2":"type-product","3":"status-publish","4":"has-post-thumbnail","6":"product_cat-kulturelle-und-kuenstlerische-veranstaltungen","8":"first","9":"instock","10":"sold-individually","11":"shipping-taxable","12":"purchasable","13":"product-type-simple"},"acf":[],"yoast_head":"<!-- This site is optimized with the Yoast SEO plugin v27.2 - https:\/\/yoast.com\/product\/yoast-seo-wordpress\/ -->\n<title>Pinkoi x Leatai - Leatai \u2013 Hersteller ma\u00dfgeschneiderter Notizb\u00fccher<\/title>\n<meta name=\"robots\" content=\"index, follow, max-snippet:-1, max-image-preview:large, max-video-preview:-1\" \/>\n<link rel=\"canonical\" href=\"https:\/\/leatai.com\/de\/product\/branchenuebergreifende-zusammenarbeit\/kulturelle-und-kuenstlerische-veranstaltungen\/pinkoi-x-leatai\/\" \/>\n<meta property=\"og:locale\" content=\"de_DE\" \/>\n<meta property=\"og:type\" content=\"article\" \/>\n<meta property=\"og:title\" content=\"Pinkoi x Leatai - Leatai \u2013 Hersteller ma\u00dfgeschneiderter Notizb\u00fccher\" \/>\n<meta property=\"og:description\" content=\"2017.04.22\u201323 Pinkoi veranstaltet regelm\u00e4\u00dfig Pop-up-M\u00e4rkte, auf denen sorgf\u00e4ltig ausgew\u00e4hlte Designmarken aus dem Online-Shop in einem realen Markterlebnis zusammenkommen. Neben der M\u00f6glichkeit, vielf\u00e4ltige und liebevoll gestaltete Produkte vor Ort zu entdecken, kannst du direkt mit den Designerinnen und Designern ins Gespr\u00e4ch kommen \u2013 \u00fcber ihre Markenphilosophie plaudern oder mehr \u00fcber die Verwendung der Produkte erfahren. Das [&hellip;]\" \/>\n<meta property=\"og:url\" content=\"https:\/\/leatai.com\/de\/product\/branchenuebergreifende-zusammenarbeit\/kulturelle-und-kuenstlerische-veranstaltungen\/pinkoi-x-leatai\/\" \/>\n<meta property=\"og:site_name\" content=\"Leatai \u2013 Hersteller ma\u00dfgeschneiderter Notizb\u00fccher\" \/>\n<meta property=\"article:modified_time\" content=\"2025-03-27T06:31:37+00:00\" \/>\n<meta property=\"og:image\" content=\"https:\/\/leatai.com\/wp-content\/uploads\/2020_06_17_1357090.jpg\" \/>\n\t<meta property=\"og:image:width\" content=\"700\" \/>\n\t<meta property=\"og:image:height\" content=\"467\" \/>\n\t<meta property=\"og:image:type\" content=\"image\/jpeg\" \/>\n<meta name=\"twitter:card\" content=\"summary_large_image\" \/>\n<meta name=\"twitter:label1\" content=\"Gesch\u00e4tzte Lesezeit\" \/>\n\t<meta name=\"twitter:data1\" content=\"1\u00a0Minute\" \/>\n<script type=\"application\/ld+json\" class=\"yoast-schema-graph\">{\"@context\":\"https:\/\/schema.org\",\"@graph\":[{\"@type\":\"WebPage\",\"@id\":\"https:\/\/leatai.com\/de\/product\/branchenuebergreifende-zusammenarbeit\/kulturelle-und-kuenstlerische-veranstaltungen\/pinkoi-x-leatai\/\",\"url\":\"https:\/\/leatai.com\/de\/product\/branchenuebergreifende-zusammenarbeit\/kulturelle-und-kuenstlerische-veranstaltungen\/pinkoi-x-leatai\/\",\"name\":\"Pinkoi x Leatai - Leatai \u2013 Hersteller ma\u00dfgeschneiderter Notizb\u00fccher\",\"isPartOf\":{\"@id\":\"https:\/\/leatai.com\/de\/#website\"},\"primaryImageOfPage\":{\"@id\":\"https:\/\/leatai.com\/de\/product\/branchenuebergreifende-zusammenarbeit\/kulturelle-und-kuenstlerische-veranstaltungen\/pinkoi-x-leatai\/#primaryimage\"},\"image\":{\"@id\":\"https:\/\/leatai.com\/de\/product\/branchenuebergreifende-zusammenarbeit\/kulturelle-und-kuenstlerische-veranstaltungen\/pinkoi-x-leatai\/#primaryimage\"},\"thumbnailUrl\":\"https:\/\/leatai.com\/wp-content\/uploads\/2020_06_17_1357090.jpg\",\"datePublished\":\"2021-06-24T05:23:31+00:00\",\"dateModified\":\"2025-03-27T06:31:37+00:00\",\"breadcrumb\":{\"@id\":\"https:\/\/leatai.com\/de\/product\/branchenuebergreifende-zusammenarbeit\/kulturelle-und-kuenstlerische-veranstaltungen\/pinkoi-x-leatai\/#breadcrumb\"},\"inLanguage\":\"de\",\"potentialAction\":[{\"@type\":\"ReadAction\",\"target\":[\"https:\/\/leatai.com\/de\/product\/branchenuebergreifende-zusammenarbeit\/kulturelle-und-kuenstlerische-veranstaltungen\/pinkoi-x-leatai\/\"]}]},{\"@type\":\"ImageObject\",\"inLanguage\":\"de\",\"@id\":\"https:\/\/leatai.com\/de\/product\/branchenuebergreifende-zusammenarbeit\/kulturelle-und-kuenstlerische-veranstaltungen\/pinkoi-x-leatai\/#primaryimage\",\"url\":\"https:\/\/leatai.com\/wp-content\/uploads\/2020_06_17_1357090.jpg\",\"contentUrl\":\"https:\/\/leatai.com\/wp-content\/uploads\/2020_06_17_1357090.jpg\",\"width\":700,\"height\":467},{\"@type\":\"BreadcrumbList\",\"@id\":\"https:\/\/leatai.com\/de\/product\/branchenuebergreifende-zusammenarbeit\/kulturelle-und-kuenstlerische-veranstaltungen\/pinkoi-x-leatai\/#breadcrumb\",\"itemListElement\":[{\"@type\":\"ListItem\",\"position\":1,\"name\":\"Home\",\"item\":\"https:\/\/leatai.com\/de\/\"},{\"@type\":\"ListItem\",\"position\":2,\"name\":\"Produktvorstellung\",\"item\":\"https:\/\/leatai.com\/products\/\"},{\"@type\":\"ListItem\",\"position\":3,\"name\":\"Branchen\u00fcbergreifende Zusammenarbeit\",\"item\":\"https:\/\/leatai.com\/de\/produkt-kategorie\/branchenuebergreifende-zusammenarbeit\/\"},{\"@type\":\"ListItem\",\"position\":4,\"name\":\"Kulturelle und k\u00fcnstlerische Veranstaltungen\",\"item\":\"https:\/\/leatai.com\/de\/produkt-kategorie\/branchenuebergreifende-zusammenarbeit\/kulturelle-und-kuenstlerische-veranstaltungen\/\"},{\"@type\":\"ListItem\",\"position\":5,\"name\":\"Pinkoi x Leatai\"}]},{\"@type\":\"WebSite\",\"@id\":\"https:\/\/leatai.com\/de\/#website\",\"url\":\"https:\/\/leatai.com\/de\/\",\"name\":\"Leatai \u2013 Hersteller ma\u00dfgeschneiderter Notizb\u00fccher\",\"description\":\"Leatai liefert individuelle Notizb\u00fccher und Planer f\u00fcr Marken und H\u00e4ndler weltweit.\",\"publisher\":{\"@id\":\"https:\/\/leatai.com\/de\/#organization\"},\"potentialAction\":[{\"@type\":\"SearchAction\",\"target\":{\"@type\":\"EntryPoint\",\"urlTemplate\":\"https:\/\/leatai.com\/de\/?s={search_term_string}\"},\"query-input\":{\"@type\":\"PropertyValueSpecification\",\"valueRequired\":true,\"valueName\":\"search_term_string\"}}],\"inLanguage\":\"de\"},{\"@type\":\"Organization\",\"@id\":\"https:\/\/leatai.com\/de\/#organization\",\"name\":\"Leatai Diary, customized journal and business organizer\",\"url\":\"https:\/\/leatai.com\/de\/\",\"logo\":{\"@type\":\"ImageObject\",\"inLanguage\":\"de\",\"@id\":\"https:\/\/leatai.com\/de\/#\/schema\/logo\/image\/\",\"url\":\"https:\/\/leatai.com\/wp-content\/uploads\/logo-blue.png\",\"contentUrl\":\"https:\/\/leatai.com\/wp-content\/uploads\/logo-blue.png\",\"width\":230,\"height\":60,\"caption\":\"Leatai Diary, customized journal and business organizer\"},\"image\":{\"@id\":\"https:\/\/leatai.com\/de\/#\/schema\/logo\/image\/\"}}]}<\/script>\n<!-- \/ Yoast SEO plugin. -->","yoast_head_json":{"title":"Pinkoi x Leatai - Leatai \u2013 Hersteller ma\u00dfgeschneiderter Notizb\u00fccher","robots":{"index":"index","follow":"follow","max-snippet":"max-snippet:-1","max-image-preview":"max-image-preview:large","max-video-preview":"max-video-preview:-1"},"canonical":"https:\/\/leatai.com\/de\/product\/branchenuebergreifende-zusammenarbeit\/kulturelle-und-kuenstlerische-veranstaltungen\/pinkoi-x-leatai\/","og_locale":"de_DE","og_type":"article","og_title":"Pinkoi x Leatai - Leatai \u2013 Hersteller ma\u00dfgeschneiderter Notizb\u00fccher","og_description":"2017.04.22\u201323 Pinkoi veranstaltet regelm\u00e4\u00dfig Pop-up-M\u00e4rkte, auf denen sorgf\u00e4ltig ausgew\u00e4hlte Designmarken aus dem Online-Shop in einem realen Markterlebnis zusammenkommen. Neben der M\u00f6glichkeit, vielf\u00e4ltige und liebevoll gestaltete Produkte vor Ort zu entdecken, kannst du direkt mit den Designerinnen und Designern ins Gespr\u00e4ch kommen \u2013 \u00fcber ihre Markenphilosophie plaudern oder mehr \u00fcber die Verwendung der Produkte erfahren. Das [&hellip;]","og_url":"https:\/\/leatai.com\/de\/product\/branchenuebergreifende-zusammenarbeit\/kulturelle-und-kuenstlerische-veranstaltungen\/pinkoi-x-leatai\/","og_site_name":"Leatai \u2013 Hersteller ma\u00dfgeschneiderter Notizb\u00fccher","article_modified_time":"2025-03-27T06:31:37+00:00","og_image":[{"width":700,"height":467,"url":"https:\/\/leatai.com\/wp-content\/uploads\/2020_06_17_1357090.jpg","type":"image\/jpeg"}],"twitter_card":"summary_large_image","twitter_misc":{"Gesch\u00e4tzte Lesezeit":"1\u00a0Minute"},"schema":{"@context":"https:\/\/schema.org","@graph":[{"@type":"WebPage","@id":"https:\/\/leatai.com\/de\/product\/branchenuebergreifende-zusammenarbeit\/kulturelle-und-kuenstlerische-veranstaltungen\/pinkoi-x-leatai\/","url":"https:\/\/leatai.com\/de\/product\/branchenuebergreifende-zusammenarbeit\/kulturelle-und-kuenstlerische-veranstaltungen\/pinkoi-x-leatai\/","name":"Pinkoi x Leatai - Leatai \u2013 Hersteller ma\u00dfgeschneiderter Notizb\u00fccher","isPartOf":{"@id":"https:\/\/leatai.com\/de\/#website"},"primaryImageOfPage":{"@id":"https:\/\/leatai.com\/de\/product\/branchenuebergreifende-zusammenarbeit\/kulturelle-und-kuenstlerische-veranstaltungen\/pinkoi-x-leatai\/#primaryimage"},"image":{"@id":"https:\/\/leatai.com\/de\/product\/branchenuebergreifende-zusammenarbeit\/kulturelle-und-kuenstlerische-veranstaltungen\/pinkoi-x-leatai\/#primaryimage"},"thumbnailUrl":"https:\/\/leatai.com\/wp-content\/uploads\/2020_06_17_1357090.jpg","datePublished":"2021-06-24T05:23:31+00:00","dateModified":"2025-03-27T06:31:37+00:00","breadcrumb":{"@id":"https:\/\/leatai.com\/de\/product\/branchenuebergreifende-zusammenarbeit\/kulturelle-und-kuenstlerische-veranstaltungen\/pinkoi-x-leatai\/#breadcrumb"},"inLanguage":"de","potentialAction":[{"@type":"ReadAction","target":["https:\/\/leatai.com\/de\/product\/branchenuebergreifende-zusammenarbeit\/kulturelle-und-kuenstlerische-veranstaltungen\/pinkoi-x-leatai\/"]}]},{"@type":"ImageObject","inLanguage":"de","@id":"https:\/\/leatai.com\/de\/product\/branchenuebergreifende-zusammenarbeit\/kulturelle-und-kuenstlerische-veranstaltungen\/pinkoi-x-leatai\/#primaryimage","url":"https:\/\/leatai.com\/wp-content\/uploads\/2020_06_17_1357090.jpg","contentUrl":"https:\/\/leatai.com\/wp-content\/uploads\/2020_06_17_1357090.jpg","width":700,"height":467},{"@type":"BreadcrumbList","@id":"https:\/\/leatai.com\/de\/product\/branchenuebergreifende-zusammenarbeit\/kulturelle-und-kuenstlerische-veranstaltungen\/pinkoi-x-leatai\/#breadcrumb","itemListElement":[{"@type":"ListItem","position":1,"name":"Home","item":"https:\/\/leatai.com\/de\/"},{"@type":"ListItem","position":2,"name":"Produktvorstellung","item":"https:\/\/leatai.com\/products\/"},{"@type":"ListItem","position":3,"name":"Branchen\u00fcbergreifende Zusammenarbeit","item":"https:\/\/leatai.com\/de\/produkt-kategorie\/branchenuebergreifende-zusammenarbeit\/"},{"@type":"ListItem","position":4,"name":"Kulturelle und k\u00fcnstlerische Veranstaltungen","item":"https:\/\/leatai.com\/de\/produkt-kategorie\/branchenuebergreifende-zusammenarbeit\/kulturelle-und-kuenstlerische-veranstaltungen\/"},{"@type":"ListItem","position":5,"name":"Pinkoi x Leatai"}]},{"@type":"WebSite","@id":"https:\/\/leatai.com\/de\/#website","url":"https:\/\/leatai.com\/de\/","name":"Leatai \u2013 Hersteller ma\u00dfgeschneiderter Notizb\u00fccher","description":"Leatai liefert individuelle Notizb\u00fccher und Planer f\u00fcr Marken und H\u00e4ndler weltweit.","publisher":{"@id":"https:\/\/leatai.com\/de\/#organization"},"potentialAction":[{"@type":"SearchAction","target":{"@type":"EntryPoint","urlTemplate":"https:\/\/leatai.com\/de\/?s={search_term_string}"},"query-input":{"@type":"PropertyValueSpecification","valueRequired":true,"valueName":"search_term_string"}}],"inLanguage":"de"},{"@type":"Organization","@id":"https:\/\/leatai.com\/de\/#organization","name":"Leatai Diary, customized journal and business organizer","url":"https:\/\/leatai.com\/de\/","logo":{"@type":"ImageObject","inLanguage":"de","@id":"https:\/\/leatai.com\/de\/#\/schema\/logo\/image\/","url":"https:\/\/leatai.com\/wp-content\/uploads\/logo-blue.png","contentUrl":"https:\/\/leatai.com\/wp-content\/uploads\/logo-blue.png","width":230,"height":60,"caption":"Leatai Diary, customized journal and business organizer"},"image":{"@id":"https:\/\/leatai.com\/de\/#\/schema\/logo\/image\/"}}]}},"_links":{"self":[{"href":"https:\/\/leatai.com\/de\/wp-json\/wp\/v2\/product\/160401","targetHints":{"allow":["GET"]}}],"collection":[{"href":"https:\/\/leatai.com\/de\/wp-json\/wp\/v2\/product"}],"about":[{"href":"https:\/\/leatai.com\/de\/wp-json\/wp\/v2\/types\/product"}],"wp:featuredmedia":[{"embeddable":true,"href":"https:\/\/leatai.com\/de\/wp-json\/wp\/v2\/media\/160402"}],"wp:attachment":[{"href":"https:\/\/leatai.com\/de\/wp-json\/wp\/v2\/media?parent=160401"}],"wp:term":[{"taxonomy":"product_brand","embeddable":true,"href":"https:\/\/leatai.com\/de\/wp-json\/wp\/v2\/product_brand?post=160401"},{"taxonomy":"product_cat","embeddable":true,"href":"https:\/\/leatai.com\/de\/wp-json\/wp\/v2\/product_cat?post=160401"},{"taxonomy":"product_tag","embeddable":true,"href":"https:\/\/leatai.com\/de\/wp-json\/wp\/v2\/product_tag?post=160401"},{"taxonomy":"home_works","embeddable":true,"href":"https:\/\/leatai.com\/de\/wp-json\/wp\/v2\/home_works?post=160401"}],"curies":[{"name":"wp","href":"https:\/\/api.w.org\/{rel}","templated":true}]}}