{"id":160396,"date":"2021-06-24T13:23:31","date_gmt":"2021-06-24T05:23:31","guid":{"rendered":"https:\/\/leatai.com\/product\/unkategorisiert\/tibe-x-leataitibe-x-leataitibe-x-leatai-tibe-x-leataitibe-x-leataitibe-x-leataitibe-x-leatai-download-tibe-x-leatai\/"},"modified":"2025-03-27T14:31:56","modified_gmt":"2025-03-27T06:31:56","slug":"tibe-x-leatai","status":"publish","type":"product","link":"https:\/\/leatai.com\/de\/product\/branchenuebergreifende-zusammenarbeit\/kulturelle-und-kuenstlerische-veranstaltungen\/tibe-x-leatai\/","title":{"rendered":"TIBE x Leatai"},"content":{"rendered":"<p>2018.02.06\u201302.11<\/p>\n<p>Die Lebendigkeit der Taipei International Book Exhibition entspringt dem aktiven Engagement und der Hingabe der taiwanesischen Verleger. Gemeinsam haben wir diesen bemerkenswerten Erfolg geschaffen. Die Buchmesse wird durch ein noch vielf\u00e4ltigeres Programm die St\u00e4rke und Attraktivit\u00e4t der taiwanesischen Verlagsbranche pr\u00e4sentieren:<\/p>\n<p>Nach au\u00dfen hin unterstreicht sie Taiwans strategische Rolle als Knotenpunkt des chinesischsprachigen Verlagswesens und zieht internationale Verlage an, die den chinesischen Markt erschlie\u00dfen m\u00f6chten. Nach innen richtet sich der Fokus auf eine facettenreiche Darstellung des lokalen Verlagswesens \u2013 von Literatur und Sachbuch \u00fcber Kinderb\u00fccher, Comics bis hin zu Text, Bild und Ton \u2013 und deckt dabei Formate vom gedruckten Buch bis zum digitalen Medium ab. So entsteht weiterhin ein Image mit kultureller Weitsicht und hoher Reputation.<\/p>\n<p>Inhalte sind der Schl\u00fcssel zur Faszination und Anziehungskraft. Ausgehend von diesem Leitgedanken laden wir Leserinnen und Leser sowie Verleger ein, gemeinsam neue Formen des Lesens zu erleben \u2013 um die Leselust zu entfachen, das Niveau zu heben und ein neues, festliches Leseerlebnis zu gestalten.<\/p>\n","protected":false},"excerpt":{"rendered":"<p>2018.02.06\u201302.11 Die Lebendigkeit der Taipei International Book Exhibition entspringt dem aktiven Engagement und der Hingabe der taiwanesischen Verleger. Gemeinsam haben wir diesen bemerkenswerten Erfolg geschaffen. Die Buchmesse wird durch ein noch vielf\u00e4ltigeres Programm die St\u00e4rke und Attraktivit\u00e4t der taiwanesischen Verlagsbranche pr\u00e4sentieren: Nach au\u00dfen hin unterstreicht sie Taiwans strategische Rolle als Knotenpunkt des chinesischsprachigen Verlagswesens und [&hellip;]<\/p>\n","protected":false},"featured_media":160397,"template":"","meta":{"_acf_changed":false},"product_brand":[],"product_cat":[1102],"product_tag":[],"home_works":[],"class_list":{"0":"post-160396","1":"product","2":"type-product","3":"status-publish","4":"has-post-thumbnail","6":"product_cat-kulturelle-und-kuenstlerische-veranstaltungen","8":"first","9":"instock","10":"sold-individually","11":"shipping-taxable","12":"purchasable","13":"product-type-simple"},"acf":[],"yoast_head":"<!-- This site is optimized with the Yoast SEO plugin v27.2 - https:\/\/yoast.com\/product\/yoast-seo-wordpress\/ -->\n<title>TIBE x Leatai - Leatai \u2013 Hersteller ma\u00dfgeschneiderter Notizb\u00fccher<\/title>\n<meta name=\"robots\" content=\"index, follow, max-snippet:-1, max-image-preview:large, max-video-preview:-1\" \/>\n<link rel=\"canonical\" href=\"https:\/\/leatai.com\/de\/product\/branchenuebergreifende-zusammenarbeit\/kulturelle-und-kuenstlerische-veranstaltungen\/tibe-x-leatai\/\" \/>\n<meta property=\"og:locale\" content=\"de_DE\" \/>\n<meta property=\"og:type\" content=\"article\" \/>\n<meta property=\"og:title\" content=\"TIBE x Leatai - Leatai \u2013 Hersteller ma\u00dfgeschneiderter Notizb\u00fccher\" \/>\n<meta property=\"og:description\" content=\"2018.02.06\u201302.11 Die Lebendigkeit der Taipei International Book Exhibition entspringt dem aktiven Engagement und der Hingabe der taiwanesischen Verleger. Gemeinsam haben wir diesen bemerkenswerten Erfolg geschaffen. Die Buchmesse wird durch ein noch vielf\u00e4ltigeres Programm die St\u00e4rke und Attraktivit\u00e4t der taiwanesischen Verlagsbranche pr\u00e4sentieren: Nach au\u00dfen hin unterstreicht sie Taiwans strategische Rolle als Knotenpunkt des chinesischsprachigen Verlagswesens und [&hellip;]\" \/>\n<meta property=\"og:url\" content=\"https:\/\/leatai.com\/de\/product\/branchenuebergreifende-zusammenarbeit\/kulturelle-und-kuenstlerische-veranstaltungen\/tibe-x-leatai\/\" \/>\n<meta property=\"og:site_name\" content=\"Leatai \u2013 Hersteller ma\u00dfgeschneiderter Notizb\u00fccher\" \/>\n<meta property=\"article:modified_time\" content=\"2025-03-27T06:31:56+00:00\" \/>\n<meta property=\"og:image\" content=\"https:\/\/leatai.com\/wp-content\/uploads\/2020_06_19_1346150.jpg\" \/>\n\t<meta property=\"og:image:width\" content=\"1000\" \/>\n\t<meta property=\"og:image:height\" content=\"750\" \/>\n\t<meta property=\"og:image:type\" content=\"image\/jpeg\" \/>\n<meta name=\"twitter:card\" content=\"summary_large_image\" \/>\n<meta name=\"twitter:label1\" content=\"Gesch\u00e4tzte Lesezeit\" \/>\n\t<meta name=\"twitter:data1\" content=\"2\u00a0Minuten\" \/>\n<script type=\"application\/ld+json\" class=\"yoast-schema-graph\">{\"@context\":\"https:\/\/schema.org\",\"@graph\":[{\"@type\":\"WebPage\",\"@id\":\"https:\/\/leatai.com\/de\/product\/branchenuebergreifende-zusammenarbeit\/kulturelle-und-kuenstlerische-veranstaltungen\/tibe-x-leatai\/\",\"url\":\"https:\/\/leatai.com\/de\/product\/branchenuebergreifende-zusammenarbeit\/kulturelle-und-kuenstlerische-veranstaltungen\/tibe-x-leatai\/\",\"name\":\"TIBE x Leatai - Leatai \u2013 Hersteller ma\u00dfgeschneiderter Notizb\u00fccher\",\"isPartOf\":{\"@id\":\"https:\/\/leatai.com\/de\/#website\"},\"primaryImageOfPage\":{\"@id\":\"https:\/\/leatai.com\/de\/product\/branchenuebergreifende-zusammenarbeit\/kulturelle-und-kuenstlerische-veranstaltungen\/tibe-x-leatai\/#primaryimage\"},\"image\":{\"@id\":\"https:\/\/leatai.com\/de\/product\/branchenuebergreifende-zusammenarbeit\/kulturelle-und-kuenstlerische-veranstaltungen\/tibe-x-leatai\/#primaryimage\"},\"thumbnailUrl\":\"https:\/\/leatai.com\/wp-content\/uploads\/2020_06_19_1346150.jpg\",\"datePublished\":\"2021-06-24T05:23:31+00:00\",\"dateModified\":\"2025-03-27T06:31:56+00:00\",\"breadcrumb\":{\"@id\":\"https:\/\/leatai.com\/de\/product\/branchenuebergreifende-zusammenarbeit\/kulturelle-und-kuenstlerische-veranstaltungen\/tibe-x-leatai\/#breadcrumb\"},\"inLanguage\":\"de\",\"potentialAction\":[{\"@type\":\"ReadAction\",\"target\":[\"https:\/\/leatai.com\/de\/product\/branchenuebergreifende-zusammenarbeit\/kulturelle-und-kuenstlerische-veranstaltungen\/tibe-x-leatai\/\"]}]},{\"@type\":\"ImageObject\",\"inLanguage\":\"de\",\"@id\":\"https:\/\/leatai.com\/de\/product\/branchenuebergreifende-zusammenarbeit\/kulturelle-und-kuenstlerische-veranstaltungen\/tibe-x-leatai\/#primaryimage\",\"url\":\"https:\/\/leatai.com\/wp-content\/uploads\/2020_06_19_1346150.jpg\",\"contentUrl\":\"https:\/\/leatai.com\/wp-content\/uploads\/2020_06_19_1346150.jpg\",\"width\":1000,\"height\":750},{\"@type\":\"BreadcrumbList\",\"@id\":\"https:\/\/leatai.com\/de\/product\/branchenuebergreifende-zusammenarbeit\/kulturelle-und-kuenstlerische-veranstaltungen\/tibe-x-leatai\/#breadcrumb\",\"itemListElement\":[{\"@type\":\"ListItem\",\"position\":1,\"name\":\"Home\",\"item\":\"https:\/\/leatai.com\/de\/\"},{\"@type\":\"ListItem\",\"position\":2,\"name\":\"Produktvorstellung\",\"item\":\"https:\/\/leatai.com\/products\/\"},{\"@type\":\"ListItem\",\"position\":3,\"name\":\"Branchen\u00fcbergreifende Zusammenarbeit\",\"item\":\"https:\/\/leatai.com\/de\/produkt-kategorie\/branchenuebergreifende-zusammenarbeit\/\"},{\"@type\":\"ListItem\",\"position\":4,\"name\":\"Kulturelle und k\u00fcnstlerische Veranstaltungen\",\"item\":\"https:\/\/leatai.com\/de\/produkt-kategorie\/branchenuebergreifende-zusammenarbeit\/kulturelle-und-kuenstlerische-veranstaltungen\/\"},{\"@type\":\"ListItem\",\"position\":5,\"name\":\"TIBE x Leatai\"}]},{\"@type\":\"WebSite\",\"@id\":\"https:\/\/leatai.com\/de\/#website\",\"url\":\"https:\/\/leatai.com\/de\/\",\"name\":\"Leatai \u2013 Hersteller ma\u00dfgeschneiderter Notizb\u00fccher\",\"description\":\"Leatai liefert individuelle Notizb\u00fccher und Planer f\u00fcr Marken und H\u00e4ndler weltweit.\",\"publisher\":{\"@id\":\"https:\/\/leatai.com\/de\/#organization\"},\"potentialAction\":[{\"@type\":\"SearchAction\",\"target\":{\"@type\":\"EntryPoint\",\"urlTemplate\":\"https:\/\/leatai.com\/de\/?s={search_term_string}\"},\"query-input\":{\"@type\":\"PropertyValueSpecification\",\"valueRequired\":true,\"valueName\":\"search_term_string\"}}],\"inLanguage\":\"de\"},{\"@type\":\"Organization\",\"@id\":\"https:\/\/leatai.com\/de\/#organization\",\"name\":\"Leatai Diary, customized journal and business organizer\",\"url\":\"https:\/\/leatai.com\/de\/\",\"logo\":{\"@type\":\"ImageObject\",\"inLanguage\":\"de\",\"@id\":\"https:\/\/leatai.com\/de\/#\/schema\/logo\/image\/\",\"url\":\"https:\/\/leatai.com\/wp-content\/uploads\/logo-blue.png\",\"contentUrl\":\"https:\/\/leatai.com\/wp-content\/uploads\/logo-blue.png\",\"width\":230,\"height\":60,\"caption\":\"Leatai Diary, customized journal and business organizer\"},\"image\":{\"@id\":\"https:\/\/leatai.com\/de\/#\/schema\/logo\/image\/\"}}]}<\/script>\n<!-- \/ Yoast SEO plugin. -->","yoast_head_json":{"title":"TIBE x Leatai - Leatai \u2013 Hersteller ma\u00dfgeschneiderter Notizb\u00fccher","robots":{"index":"index","follow":"follow","max-snippet":"max-snippet:-1","max-image-preview":"max-image-preview:large","max-video-preview":"max-video-preview:-1"},"canonical":"https:\/\/leatai.com\/de\/product\/branchenuebergreifende-zusammenarbeit\/kulturelle-und-kuenstlerische-veranstaltungen\/tibe-x-leatai\/","og_locale":"de_DE","og_type":"article","og_title":"TIBE x Leatai - Leatai \u2013 Hersteller ma\u00dfgeschneiderter Notizb\u00fccher","og_description":"2018.02.06\u201302.11 Die Lebendigkeit der Taipei International Book Exhibition entspringt dem aktiven Engagement und der Hingabe der taiwanesischen Verleger. Gemeinsam haben wir diesen bemerkenswerten Erfolg geschaffen. Die Buchmesse wird durch ein noch vielf\u00e4ltigeres Programm die St\u00e4rke und Attraktivit\u00e4t der taiwanesischen Verlagsbranche pr\u00e4sentieren: Nach au\u00dfen hin unterstreicht sie Taiwans strategische Rolle als Knotenpunkt des chinesischsprachigen Verlagswesens und [&hellip;]","og_url":"https:\/\/leatai.com\/de\/product\/branchenuebergreifende-zusammenarbeit\/kulturelle-und-kuenstlerische-veranstaltungen\/tibe-x-leatai\/","og_site_name":"Leatai \u2013 Hersteller ma\u00dfgeschneiderter Notizb\u00fccher","article_modified_time":"2025-03-27T06:31:56+00:00","og_image":[{"width":1000,"height":750,"url":"https:\/\/leatai.com\/wp-content\/uploads\/2020_06_19_1346150.jpg","type":"image\/jpeg"}],"twitter_card":"summary_large_image","twitter_misc":{"Gesch\u00e4tzte Lesezeit":"2\u00a0Minuten"},"schema":{"@context":"https:\/\/schema.org","@graph":[{"@type":"WebPage","@id":"https:\/\/leatai.com\/de\/product\/branchenuebergreifende-zusammenarbeit\/kulturelle-und-kuenstlerische-veranstaltungen\/tibe-x-leatai\/","url":"https:\/\/leatai.com\/de\/product\/branchenuebergreifende-zusammenarbeit\/kulturelle-und-kuenstlerische-veranstaltungen\/tibe-x-leatai\/","name":"TIBE x Leatai - Leatai \u2013 Hersteller ma\u00dfgeschneiderter Notizb\u00fccher","isPartOf":{"@id":"https:\/\/leatai.com\/de\/#website"},"primaryImageOfPage":{"@id":"https:\/\/leatai.com\/de\/product\/branchenuebergreifende-zusammenarbeit\/kulturelle-und-kuenstlerische-veranstaltungen\/tibe-x-leatai\/#primaryimage"},"image":{"@id":"https:\/\/leatai.com\/de\/product\/branchenuebergreifende-zusammenarbeit\/kulturelle-und-kuenstlerische-veranstaltungen\/tibe-x-leatai\/#primaryimage"},"thumbnailUrl":"https:\/\/leatai.com\/wp-content\/uploads\/2020_06_19_1346150.jpg","datePublished":"2021-06-24T05:23:31+00:00","dateModified":"2025-03-27T06:31:56+00:00","breadcrumb":{"@id":"https:\/\/leatai.com\/de\/product\/branchenuebergreifende-zusammenarbeit\/kulturelle-und-kuenstlerische-veranstaltungen\/tibe-x-leatai\/#breadcrumb"},"inLanguage":"de","potentialAction":[{"@type":"ReadAction","target":["https:\/\/leatai.com\/de\/product\/branchenuebergreifende-zusammenarbeit\/kulturelle-und-kuenstlerische-veranstaltungen\/tibe-x-leatai\/"]}]},{"@type":"ImageObject","inLanguage":"de","@id":"https:\/\/leatai.com\/de\/product\/branchenuebergreifende-zusammenarbeit\/kulturelle-und-kuenstlerische-veranstaltungen\/tibe-x-leatai\/#primaryimage","url":"https:\/\/leatai.com\/wp-content\/uploads\/2020_06_19_1346150.jpg","contentUrl":"https:\/\/leatai.com\/wp-content\/uploads\/2020_06_19_1346150.jpg","width":1000,"height":750},{"@type":"BreadcrumbList","@id":"https:\/\/leatai.com\/de\/product\/branchenuebergreifende-zusammenarbeit\/kulturelle-und-kuenstlerische-veranstaltungen\/tibe-x-leatai\/#breadcrumb","itemListElement":[{"@type":"ListItem","position":1,"name":"Home","item":"https:\/\/leatai.com\/de\/"},{"@type":"ListItem","position":2,"name":"Produktvorstellung","item":"https:\/\/leatai.com\/products\/"},{"@type":"ListItem","position":3,"name":"Branchen\u00fcbergreifende Zusammenarbeit","item":"https:\/\/leatai.com\/de\/produkt-kategorie\/branchenuebergreifende-zusammenarbeit\/"},{"@type":"ListItem","position":4,"name":"Kulturelle und k\u00fcnstlerische Veranstaltungen","item":"https:\/\/leatai.com\/de\/produkt-kategorie\/branchenuebergreifende-zusammenarbeit\/kulturelle-und-kuenstlerische-veranstaltungen\/"},{"@type":"ListItem","position":5,"name":"TIBE x Leatai"}]},{"@type":"WebSite","@id":"https:\/\/leatai.com\/de\/#website","url":"https:\/\/leatai.com\/de\/","name":"Leatai \u2013 Hersteller ma\u00dfgeschneiderter Notizb\u00fccher","description":"Leatai liefert individuelle Notizb\u00fccher und Planer f\u00fcr Marken und H\u00e4ndler weltweit.","publisher":{"@id":"https:\/\/leatai.com\/de\/#organization"},"potentialAction":[{"@type":"SearchAction","target":{"@type":"EntryPoint","urlTemplate":"https:\/\/leatai.com\/de\/?s={search_term_string}"},"query-input":{"@type":"PropertyValueSpecification","valueRequired":true,"valueName":"search_term_string"}}],"inLanguage":"de"},{"@type":"Organization","@id":"https:\/\/leatai.com\/de\/#organization","name":"Leatai Diary, customized journal and business organizer","url":"https:\/\/leatai.com\/de\/","logo":{"@type":"ImageObject","inLanguage":"de","@id":"https:\/\/leatai.com\/de\/#\/schema\/logo\/image\/","url":"https:\/\/leatai.com\/wp-content\/uploads\/logo-blue.png","contentUrl":"https:\/\/leatai.com\/wp-content\/uploads\/logo-blue.png","width":230,"height":60,"caption":"Leatai Diary, customized journal and business organizer"},"image":{"@id":"https:\/\/leatai.com\/de\/#\/schema\/logo\/image\/"}}]}},"_links":{"self":[{"href":"https:\/\/leatai.com\/de\/wp-json\/wp\/v2\/product\/160396","targetHints":{"allow":["GET"]}}],"collection":[{"href":"https:\/\/leatai.com\/de\/wp-json\/wp\/v2\/product"}],"about":[{"href":"https:\/\/leatai.com\/de\/wp-json\/wp\/v2\/types\/product"}],"wp:featuredmedia":[{"embeddable":true,"href":"https:\/\/leatai.com\/de\/wp-json\/wp\/v2\/media\/160397"}],"wp:attachment":[{"href":"https:\/\/leatai.com\/de\/wp-json\/wp\/v2\/media?parent=160396"}],"wp:term":[{"taxonomy":"product_brand","embeddable":true,"href":"https:\/\/leatai.com\/de\/wp-json\/wp\/v2\/product_brand?post=160396"},{"taxonomy":"product_cat","embeddable":true,"href":"https:\/\/leatai.com\/de\/wp-json\/wp\/v2\/product_cat?post=160396"},{"taxonomy":"product_tag","embeddable":true,"href":"https:\/\/leatai.com\/de\/wp-json\/wp\/v2\/product_tag?post=160396"},{"taxonomy":"home_works","embeddable":true,"href":"https:\/\/leatai.com\/de\/wp-json\/wp\/v2\/home_works?post=160396"}],"curies":[{"name":"wp","href":"https:\/\/api.w.org\/{rel}","templated":true}]}}