{"id":160393,"date":"2021-06-24T13:24:25","date_gmt":"2021-06-24T05:24:25","guid":{"rendered":"https:\/\/leatai.com\/product\/unkategorisiert\/cola-films-x-leatai-2\/"},"modified":"2025-03-27T14:15:44","modified_gmt":"2025-03-27T06:15:44","slug":"cola-films-x-leatai-2","status":"publish","type":"product","link":"https:\/\/leatai.com\/de\/product\/branchenuebergreifende-zusammenarbeit\/filmindustrie-de\/cola-films-x-leatai-2\/","title":{"rendered":"Cola films x Leatai"},"content":{"rendered":"<p>Das wohl sch\u00f6nste Liebesdrama des japanischen Regisseurs Shunji Iwai \u2013 ein unvergesslicher Klassiker!<br \/>\nZum 20-j\u00e4hrigen Jubil\u00e4um kehrt der Film auf die gro\u00dfe Leinwand zur\u00fcck und entfacht erneut die Nostalgiewelle der goldenen J-Dorama-\u00c4ra in Taiwan.<\/p>\n<p>\u201eEin Brief an den Himmel \u2013 und zwei unvergessliche Liebesgeschichten nehmen ihren Lauf \u2026\u201c<\/p>\n","protected":false},"excerpt":{"rendered":"<p>Das wohl sch\u00f6nste Liebesdrama des japanischen Regisseurs Shunji Iwai \u2013 ein unvergesslicher Klassiker! Zum 20-j\u00e4hrigen Jubil\u00e4um kehrt der Film auf die gro\u00dfe Leinwand zur\u00fcck und entfacht erneut die Nostalgiewelle der goldenen J-Dorama-\u00c4ra in Taiwan. \u201eEin Brief an den Himmel \u2013 und zwei unvergessliche Liebesgeschichten nehmen ihren Lauf \u2026\u201c<\/p>\n","protected":false},"featured_media":160394,"template":"","meta":{"_acf_changed":false},"product_brand":[],"product_cat":[1089],"product_tag":[],"home_works":[],"class_list":{"0":"post-160393","1":"product","2":"type-product","3":"status-publish","4":"has-post-thumbnail","6":"product_cat-filmindustrie-de","8":"first","9":"instock","10":"sold-individually","11":"shipping-taxable","12":"purchasable","13":"product-type-simple"},"acf":[],"yoast_head":"<!-- This site is optimized with the Yoast SEO plugin v27.2 - https:\/\/yoast.com\/product\/yoast-seo-wordpress\/ -->\n<title>Cola films x Leatai - Co-Branding-Notizbuch zur Wiederauflage eines Klassikers\u672c - Leatai \u2013 Hersteller ma\u00dfgeschneiderter Notizb\u00fccher<\/title>\n<meta name=\"description\" content=\"Das sch\u00f6nste Liebesdrama des japanischen Regisseurs Shunji Iwai \u2013 ein unvergesslicher Klassiker der Jugendfilme. Zum 20-j\u00e4hrigen Jubil\u00e4um seiner Taiwan-Premiere kehrt der Film zur\u00fcck auf die gro\u00dfe Leinwand und entfacht erneut die Nostalgiewelle der goldenen japanischen Serien\u00e4ra. \u201eEin Brief an den Himmel \u2013 und zwei zutiefst bewegende Liebesgeschichten nehmen ihren Lauf \u2026\u201c\" \/>\n<meta name=\"robots\" content=\"index, follow, max-snippet:-1, max-image-preview:large, max-video-preview:-1\" \/>\n<link rel=\"canonical\" href=\"https:\/\/leatai.com\/de\/product\/branchenuebergreifende-zusammenarbeit\/filmindustrie-de\/cola-films-x-leatai-2\/\" \/>\n<meta property=\"og:locale\" content=\"de_DE\" \/>\n<meta property=\"og:type\" content=\"article\" \/>\n<meta property=\"og:title\" content=\"Cola films x Leatai - Co-Branding-Notizbuch zur Wiederauflage eines Klassikers\u672c - Leatai \u2013 Hersteller ma\u00dfgeschneiderter Notizb\u00fccher\" \/>\n<meta property=\"og:description\" content=\"Das sch\u00f6nste Liebesdrama des japanischen Regisseurs Shunji Iwai \u2013 ein unvergesslicher Klassiker der Jugendfilme. Zum 20-j\u00e4hrigen Jubil\u00e4um seiner Taiwan-Premiere kehrt der Film zur\u00fcck auf die gro\u00dfe Leinwand und entfacht erneut die Nostalgiewelle der goldenen japanischen Serien\u00e4ra. \u201eEin Brief an den Himmel \u2013 und zwei zutiefst bewegende Liebesgeschichten nehmen ihren Lauf \u2026\u201c\" \/>\n<meta property=\"og:url\" content=\"https:\/\/leatai.com\/de\/product\/branchenuebergreifende-zusammenarbeit\/filmindustrie-de\/cola-films-x-leatai-2\/\" \/>\n<meta property=\"og:site_name\" content=\"Leatai \u2013 Hersteller ma\u00dfgeschneiderter Notizb\u00fccher\" \/>\n<meta property=\"article:modified_time\" content=\"2025-03-27T06:15:44+00:00\" \/>\n<meta property=\"og:image\" content=\"https:\/\/leatai.com\/wp-content\/uploads\/2020_06_17_1147370.jpg\" \/>\n\t<meta property=\"og:image:width\" content=\"1000\" \/>\n\t<meta property=\"og:image:height\" content=\"750\" \/>\n\t<meta property=\"og:image:type\" content=\"image\/jpeg\" \/>\n<meta name=\"twitter:card\" content=\"summary_large_image\" \/>\n<meta name=\"twitter:label1\" content=\"Gesch\u00e4tzte Lesezeit\" \/>\n\t<meta name=\"twitter:data1\" content=\"1\u00a0Minute\" \/>\n<script type=\"application\/ld+json\" class=\"yoast-schema-graph\">{\"@context\":\"https:\/\/schema.org\",\"@graph\":[{\"@type\":\"WebPage\",\"@id\":\"https:\/\/leatai.com\/de\/product\/branchenuebergreifende-zusammenarbeit\/filmindustrie-de\/cola-films-x-leatai-2\/\",\"url\":\"https:\/\/leatai.com\/de\/product\/branchenuebergreifende-zusammenarbeit\/filmindustrie-de\/cola-films-x-leatai-2\/\",\"name\":\"Cola films x Leatai - Co-Branding-Notizbuch zur Wiederauflage eines Klassikers\u672c - Leatai \u2013 Hersteller ma\u00dfgeschneiderter Notizb\u00fccher\",\"isPartOf\":{\"@id\":\"https:\/\/leatai.com\/de\/#website\"},\"primaryImageOfPage\":{\"@id\":\"https:\/\/leatai.com\/de\/product\/branchenuebergreifende-zusammenarbeit\/filmindustrie-de\/cola-films-x-leatai-2\/#primaryimage\"},\"image\":{\"@id\":\"https:\/\/leatai.com\/de\/product\/branchenuebergreifende-zusammenarbeit\/filmindustrie-de\/cola-films-x-leatai-2\/#primaryimage\"},\"thumbnailUrl\":\"https:\/\/leatai.com\/wp-content\/uploads\/2020_06_17_1147370.jpg\",\"datePublished\":\"2021-06-24T05:24:25+00:00\",\"dateModified\":\"2025-03-27T06:15:44+00:00\",\"description\":\"Das sch\u00f6nste Liebesdrama des japanischen Regisseurs Shunji Iwai \u2013 ein unvergesslicher Klassiker der Jugendfilme. Zum 20-j\u00e4hrigen Jubil\u00e4um seiner Taiwan-Premiere kehrt der Film zur\u00fcck auf die gro\u00dfe Leinwand und entfacht erneut die Nostalgiewelle der goldenen japanischen Serien\u00e4ra. \u201eEin Brief an den Himmel \u2013 und zwei zutiefst bewegende Liebesgeschichten nehmen ihren Lauf \u2026\u201c\",\"breadcrumb\":{\"@id\":\"https:\/\/leatai.com\/de\/product\/branchenuebergreifende-zusammenarbeit\/filmindustrie-de\/cola-films-x-leatai-2\/#breadcrumb\"},\"inLanguage\":\"de\",\"potentialAction\":[{\"@type\":\"ReadAction\",\"target\":[\"https:\/\/leatai.com\/de\/product\/branchenuebergreifende-zusammenarbeit\/filmindustrie-de\/cola-films-x-leatai-2\/\"]}]},{\"@type\":\"ImageObject\",\"inLanguage\":\"de\",\"@id\":\"https:\/\/leatai.com\/de\/product\/branchenuebergreifende-zusammenarbeit\/filmindustrie-de\/cola-films-x-leatai-2\/#primaryimage\",\"url\":\"https:\/\/leatai.com\/wp-content\/uploads\/2020_06_17_1147370.jpg\",\"contentUrl\":\"https:\/\/leatai.com\/wp-content\/uploads\/2020_06_17_1147370.jpg\",\"width\":1000,\"height\":750,\"caption\":\"Co-Branding-Notizbuch\"},{\"@type\":\"BreadcrumbList\",\"@id\":\"https:\/\/leatai.com\/de\/product\/branchenuebergreifende-zusammenarbeit\/filmindustrie-de\/cola-films-x-leatai-2\/#breadcrumb\",\"itemListElement\":[{\"@type\":\"ListItem\",\"position\":1,\"name\":\"Home\",\"item\":\"https:\/\/leatai.com\/de\/\"},{\"@type\":\"ListItem\",\"position\":2,\"name\":\"Produktvorstellung\",\"item\":\"https:\/\/leatai.com\/products\/\"},{\"@type\":\"ListItem\",\"position\":3,\"name\":\"Branchen\u00fcbergreifende Zusammenarbeit\",\"item\":\"https:\/\/leatai.com\/de\/produkt-kategorie\/branchenuebergreifende-zusammenarbeit\/\"},{\"@type\":\"ListItem\",\"position\":4,\"name\":\"Filmindustrie\",\"item\":\"https:\/\/leatai.com\/de\/produkt-kategorie\/branchenuebergreifende-zusammenarbeit\/filmindustrie-de\/\"},{\"@type\":\"ListItem\",\"position\":5,\"name\":\"Cola films x Leatai\"}]},{\"@type\":\"WebSite\",\"@id\":\"https:\/\/leatai.com\/de\/#website\",\"url\":\"https:\/\/leatai.com\/de\/\",\"name\":\"Leatai \u2013 Hersteller ma\u00dfgeschneiderter Notizb\u00fccher\",\"description\":\"Leatai liefert individuelle Notizb\u00fccher und Planer f\u00fcr Marken und H\u00e4ndler weltweit.\",\"publisher\":{\"@id\":\"https:\/\/leatai.com\/de\/#organization\"},\"potentialAction\":[{\"@type\":\"SearchAction\",\"target\":{\"@type\":\"EntryPoint\",\"urlTemplate\":\"https:\/\/leatai.com\/de\/?s={search_term_string}\"},\"query-input\":{\"@type\":\"PropertyValueSpecification\",\"valueRequired\":true,\"valueName\":\"search_term_string\"}}],\"inLanguage\":\"de\"},{\"@type\":\"Organization\",\"@id\":\"https:\/\/leatai.com\/de\/#organization\",\"name\":\"Leatai Diary, customized journal and business organizer\",\"url\":\"https:\/\/leatai.com\/de\/\",\"logo\":{\"@type\":\"ImageObject\",\"inLanguage\":\"de\",\"@id\":\"https:\/\/leatai.com\/de\/#\/schema\/logo\/image\/\",\"url\":\"https:\/\/leatai.com\/wp-content\/uploads\/logo-blue.png\",\"contentUrl\":\"https:\/\/leatai.com\/wp-content\/uploads\/logo-blue.png\",\"width\":230,\"height\":60,\"caption\":\"Leatai Diary, customized journal and business organizer\"},\"image\":{\"@id\":\"https:\/\/leatai.com\/de\/#\/schema\/logo\/image\/\"}}]}<\/script>\n<!-- \/ Yoast SEO plugin. -->","yoast_head_json":{"title":"Cola films x Leatai - Co-Branding-Notizbuch zur Wiederauflage eines Klassikers\u672c - Leatai \u2013 Hersteller ma\u00dfgeschneiderter Notizb\u00fccher","description":"Das sch\u00f6nste Liebesdrama des japanischen Regisseurs Shunji Iwai \u2013 ein unvergesslicher Klassiker der Jugendfilme. Zum 20-j\u00e4hrigen Jubil\u00e4um seiner Taiwan-Premiere kehrt der Film zur\u00fcck auf die gro\u00dfe Leinwand und entfacht erneut die Nostalgiewelle der goldenen japanischen Serien\u00e4ra. \u201eEin Brief an den Himmel \u2013 und zwei zutiefst bewegende Liebesgeschichten nehmen ihren Lauf \u2026\u201c","robots":{"index":"index","follow":"follow","max-snippet":"max-snippet:-1","max-image-preview":"max-image-preview:large","max-video-preview":"max-video-preview:-1"},"canonical":"https:\/\/leatai.com\/de\/product\/branchenuebergreifende-zusammenarbeit\/filmindustrie-de\/cola-films-x-leatai-2\/","og_locale":"de_DE","og_type":"article","og_title":"Cola films x Leatai - Co-Branding-Notizbuch zur Wiederauflage eines Klassikers\u672c - Leatai \u2013 Hersteller ma\u00dfgeschneiderter Notizb\u00fccher","og_description":"Das sch\u00f6nste Liebesdrama des japanischen Regisseurs Shunji Iwai \u2013 ein unvergesslicher Klassiker der Jugendfilme. Zum 20-j\u00e4hrigen Jubil\u00e4um seiner Taiwan-Premiere kehrt der Film zur\u00fcck auf die gro\u00dfe Leinwand und entfacht erneut die Nostalgiewelle der goldenen japanischen Serien\u00e4ra. \u201eEin Brief an den Himmel \u2013 und zwei zutiefst bewegende Liebesgeschichten nehmen ihren Lauf \u2026\u201c","og_url":"https:\/\/leatai.com\/de\/product\/branchenuebergreifende-zusammenarbeit\/filmindustrie-de\/cola-films-x-leatai-2\/","og_site_name":"Leatai \u2013 Hersteller ma\u00dfgeschneiderter Notizb\u00fccher","article_modified_time":"2025-03-27T06:15:44+00:00","og_image":[{"width":1000,"height":750,"url":"https:\/\/leatai.com\/wp-content\/uploads\/2020_06_17_1147370.jpg","type":"image\/jpeg"}],"twitter_card":"summary_large_image","twitter_misc":{"Gesch\u00e4tzte Lesezeit":"1\u00a0Minute"},"schema":{"@context":"https:\/\/schema.org","@graph":[{"@type":"WebPage","@id":"https:\/\/leatai.com\/de\/product\/branchenuebergreifende-zusammenarbeit\/filmindustrie-de\/cola-films-x-leatai-2\/","url":"https:\/\/leatai.com\/de\/product\/branchenuebergreifende-zusammenarbeit\/filmindustrie-de\/cola-films-x-leatai-2\/","name":"Cola films x Leatai - Co-Branding-Notizbuch zur Wiederauflage eines Klassikers\u672c - Leatai \u2013 Hersteller ma\u00dfgeschneiderter Notizb\u00fccher","isPartOf":{"@id":"https:\/\/leatai.com\/de\/#website"},"primaryImageOfPage":{"@id":"https:\/\/leatai.com\/de\/product\/branchenuebergreifende-zusammenarbeit\/filmindustrie-de\/cola-films-x-leatai-2\/#primaryimage"},"image":{"@id":"https:\/\/leatai.com\/de\/product\/branchenuebergreifende-zusammenarbeit\/filmindustrie-de\/cola-films-x-leatai-2\/#primaryimage"},"thumbnailUrl":"https:\/\/leatai.com\/wp-content\/uploads\/2020_06_17_1147370.jpg","datePublished":"2021-06-24T05:24:25+00:00","dateModified":"2025-03-27T06:15:44+00:00","description":"Das sch\u00f6nste Liebesdrama des japanischen Regisseurs Shunji Iwai \u2013 ein unvergesslicher Klassiker der Jugendfilme. Zum 20-j\u00e4hrigen Jubil\u00e4um seiner Taiwan-Premiere kehrt der Film zur\u00fcck auf die gro\u00dfe Leinwand und entfacht erneut die Nostalgiewelle der goldenen japanischen Serien\u00e4ra. \u201eEin Brief an den Himmel \u2013 und zwei zutiefst bewegende Liebesgeschichten nehmen ihren Lauf \u2026\u201c","breadcrumb":{"@id":"https:\/\/leatai.com\/de\/product\/branchenuebergreifende-zusammenarbeit\/filmindustrie-de\/cola-films-x-leatai-2\/#breadcrumb"},"inLanguage":"de","potentialAction":[{"@type":"ReadAction","target":["https:\/\/leatai.com\/de\/product\/branchenuebergreifende-zusammenarbeit\/filmindustrie-de\/cola-films-x-leatai-2\/"]}]},{"@type":"ImageObject","inLanguage":"de","@id":"https:\/\/leatai.com\/de\/product\/branchenuebergreifende-zusammenarbeit\/filmindustrie-de\/cola-films-x-leatai-2\/#primaryimage","url":"https:\/\/leatai.com\/wp-content\/uploads\/2020_06_17_1147370.jpg","contentUrl":"https:\/\/leatai.com\/wp-content\/uploads\/2020_06_17_1147370.jpg","width":1000,"height":750,"caption":"Co-Branding-Notizbuch"},{"@type":"BreadcrumbList","@id":"https:\/\/leatai.com\/de\/product\/branchenuebergreifende-zusammenarbeit\/filmindustrie-de\/cola-films-x-leatai-2\/#breadcrumb","itemListElement":[{"@type":"ListItem","position":1,"name":"Home","item":"https:\/\/leatai.com\/de\/"},{"@type":"ListItem","position":2,"name":"Produktvorstellung","item":"https:\/\/leatai.com\/products\/"},{"@type":"ListItem","position":3,"name":"Branchen\u00fcbergreifende Zusammenarbeit","item":"https:\/\/leatai.com\/de\/produkt-kategorie\/branchenuebergreifende-zusammenarbeit\/"},{"@type":"ListItem","position":4,"name":"Filmindustrie","item":"https:\/\/leatai.com\/de\/produkt-kategorie\/branchenuebergreifende-zusammenarbeit\/filmindustrie-de\/"},{"@type":"ListItem","position":5,"name":"Cola films x Leatai"}]},{"@type":"WebSite","@id":"https:\/\/leatai.com\/de\/#website","url":"https:\/\/leatai.com\/de\/","name":"Leatai \u2013 Hersteller ma\u00dfgeschneiderter Notizb\u00fccher","description":"Leatai liefert individuelle Notizb\u00fccher und Planer f\u00fcr Marken und H\u00e4ndler weltweit.","publisher":{"@id":"https:\/\/leatai.com\/de\/#organization"},"potentialAction":[{"@type":"SearchAction","target":{"@type":"EntryPoint","urlTemplate":"https:\/\/leatai.com\/de\/?s={search_term_string}"},"query-input":{"@type":"PropertyValueSpecification","valueRequired":true,"valueName":"search_term_string"}}],"inLanguage":"de"},{"@type":"Organization","@id":"https:\/\/leatai.com\/de\/#organization","name":"Leatai Diary, customized journal and business organizer","url":"https:\/\/leatai.com\/de\/","logo":{"@type":"ImageObject","inLanguage":"de","@id":"https:\/\/leatai.com\/de\/#\/schema\/logo\/image\/","url":"https:\/\/leatai.com\/wp-content\/uploads\/logo-blue.png","contentUrl":"https:\/\/leatai.com\/wp-content\/uploads\/logo-blue.png","width":230,"height":60,"caption":"Leatai Diary, customized journal and business organizer"},"image":{"@id":"https:\/\/leatai.com\/de\/#\/schema\/logo\/image\/"}}]}},"_links":{"self":[{"href":"https:\/\/leatai.com\/de\/wp-json\/wp\/v2\/product\/160393","targetHints":{"allow":["GET"]}}],"collection":[{"href":"https:\/\/leatai.com\/de\/wp-json\/wp\/v2\/product"}],"about":[{"href":"https:\/\/leatai.com\/de\/wp-json\/wp\/v2\/types\/product"}],"wp:featuredmedia":[{"embeddable":true,"href":"https:\/\/leatai.com\/de\/wp-json\/wp\/v2\/media\/160394"}],"wp:attachment":[{"href":"https:\/\/leatai.com\/de\/wp-json\/wp\/v2\/media?parent=160393"}],"wp:term":[{"taxonomy":"product_brand","embeddable":true,"href":"https:\/\/leatai.com\/de\/wp-json\/wp\/v2\/product_brand?post=160393"},{"taxonomy":"product_cat","embeddable":true,"href":"https:\/\/leatai.com\/de\/wp-json\/wp\/v2\/product_cat?post=160393"},{"taxonomy":"product_tag","embeddable":true,"href":"https:\/\/leatai.com\/de\/wp-json\/wp\/v2\/product_tag?post=160393"},{"taxonomy":"home_works","embeddable":true,"href":"https:\/\/leatai.com\/de\/wp-json\/wp\/v2\/home_works?post=160393"}],"curies":[{"name":"wp","href":"https:\/\/api.w.org\/{rel}","templated":true}]}}