{"id":160389,"date":"2021-06-24T13:23:56","date_gmt":"2021-06-24T05:23:56","guid":{"rendered":"https:\/\/leatai.com\/product\/unkategorisiert\/mapple-plus-taipei\/"},"modified":"2025-03-27T14:15:14","modified_gmt":"2025-03-27T06:15:14","slug":"mapple-plus-taipei","status":"publish","type":"product","link":"https:\/\/leatai.com\/de\/product\/branchenuebergreifende-zusammenarbeit\/filmindustrie-de\/mapple-plus-taipei\/","title":{"rendered":"Mapple PLUS Taipei"},"content":{"rendered":"<p>Mapple PLUS ist ein japanisches Reisemagazin, das sich in dieser Ausgabe nicht nur dem kulinarischen und unterhaltsamen Angebot Taipehs widmet, sondern auch besondere Orte f\u00fcr Schreibwarenliebhaber vorstellt!<\/p>\n<p>Als taiwanesische Marke f\u00fcr handgefertigte Notizb\u00fccher legen wir gro\u00dfen Wert auf das Schreiberlebnis mit dem F\u00fcllfederhalter: fl\u00fcssig im Schreibgef\u00fchl, ohne dass die Tinte auf der R\u00fcckseite durchscheint.<br \/>\nUnsere Notizb\u00fccher sind so konzipiert, dass sie sich vollst\u00e4ndig auf 180 Grad aufklappen lassen \u2013 stabil genug f\u00fcr den t\u00e4glichen Gebrauch, dabei minimalistisch und so gestaltet, dass sie m\u00f6glichst wenig Schaden anrichten.<br \/>\nDie hohe Funktionalit\u00e4t und das handliche Format machen sie zu einem beliebten Begleiter f\u00fcr alle, die gerne schreiben.<\/p>\n","protected":false},"excerpt":{"rendered":"<p>Mapple PLUS ist ein japanisches Reisemagazin, das sich in dieser Ausgabe nicht nur dem kulinarischen und unterhaltsamen Angebot Taipehs widmet, sondern auch besondere Orte f\u00fcr Schreibwarenliebhaber vorstellt! Als taiwanesische Marke f\u00fcr handgefertigte Notizb\u00fccher legen wir gro\u00dfen Wert auf das Schreiberlebnis mit dem F\u00fcllfederhalter: fl\u00fcssig im Schreibgef\u00fchl, ohne dass die Tinte auf der R\u00fcckseite durchscheint. Unsere [&hellip;]<\/p>\n","protected":false},"featured_media":160390,"template":"","meta":{"_acf_changed":false},"product_brand":[],"product_cat":[1089],"product_tag":[],"home_works":[],"class_list":{"0":"post-160389","1":"product","2":"type-product","3":"status-publish","4":"has-post-thumbnail","6":"product_cat-filmindustrie-de","8":"first","9":"instock","10":"sold-individually","11":"shipping-taxable","12":"purchasable","13":"product-type-simple"},"acf":[],"yoast_head":"<!-- This site is optimized with the Yoast SEO plugin v27.2 - https:\/\/yoast.com\/product\/yoast-seo-wordpress\/ -->\n<title>Mapple PLUS Taipei - Eines der absoluten Must-See-Reiseziele in Taiwan - Leatai \u2013 Hersteller ma\u00dfgeschneiderter Notizb\u00fccher<\/title>\n<meta name=\"description\" content=\"Mapple PLUS ist ein japanisches Reisemagazin, das sich nicht nur mit kulinarischen und unterhaltsamen Erlebnissen in Taipeh besch\u00e4ftigt, sondern auch empfehlenswerte Orte f\u00fcr Schreibwarenliebhaber vorstellt, die als Repr\u00e4sentanten der taiwanesischen Papeteriekultur gelten. Diese Orte entwickeln sich zunehmend zu einem wichtigen Reiseziel f\u00fcr japanische Touristinnen und Touristen \u2013 insbesondere f\u00fcr Liebhaber hochwertiger Schreibwaren.\" \/>\n<meta name=\"robots\" content=\"index, follow, max-snippet:-1, max-image-preview:large, max-video-preview:-1\" \/>\n<link rel=\"canonical\" href=\"https:\/\/leatai.com\/de\/product\/branchenuebergreifende-zusammenarbeit\/filmindustrie-de\/mapple-plus-taipei\/\" \/>\n<meta property=\"og:locale\" content=\"de_DE\" \/>\n<meta property=\"og:type\" content=\"article\" \/>\n<meta property=\"og:title\" content=\"Mapple PLUS Taipei - Eines der absoluten Must-See-Reiseziele in Taiwan - Leatai \u2013 Hersteller ma\u00dfgeschneiderter Notizb\u00fccher\" \/>\n<meta property=\"og:description\" content=\"Mapple PLUS ist ein japanisches Reisemagazin, das sich nicht nur mit kulinarischen und unterhaltsamen Erlebnissen in Taipeh besch\u00e4ftigt, sondern auch empfehlenswerte Orte f\u00fcr Schreibwarenliebhaber vorstellt, die als Repr\u00e4sentanten der taiwanesischen Papeteriekultur gelten. Diese Orte entwickeln sich zunehmend zu einem wichtigen Reiseziel f\u00fcr japanische Touristinnen und Touristen \u2013 insbesondere f\u00fcr Liebhaber hochwertiger Schreibwaren.\" \/>\n<meta property=\"og:url\" content=\"https:\/\/leatai.com\/de\/product\/branchenuebergreifende-zusammenarbeit\/filmindustrie-de\/mapple-plus-taipei\/\" \/>\n<meta property=\"og:site_name\" content=\"Leatai \u2013 Hersteller ma\u00dfgeschneiderter Notizb\u00fccher\" \/>\n<meta property=\"article:modified_time\" content=\"2025-03-27T06:15:14+00:00\" \/>\n<meta property=\"og:image\" content=\"https:\/\/leatai.com\/wp-content\/uploads\/2020_04_25_1733260.jpg\" \/>\n\t<meta property=\"og:image:width\" content=\"1000\" \/>\n\t<meta property=\"og:image:height\" content=\"750\" \/>\n\t<meta property=\"og:image:type\" content=\"image\/jpeg\" \/>\n<meta name=\"twitter:card\" content=\"summary_large_image\" \/>\n<meta name=\"twitter:label1\" content=\"Gesch\u00e4tzte Lesezeit\" \/>\n\t<meta name=\"twitter:data1\" content=\"1\u00a0Minute\" \/>\n<script type=\"application\/ld+json\" class=\"yoast-schema-graph\">{\"@context\":\"https:\/\/schema.org\",\"@graph\":[{\"@type\":\"WebPage\",\"@id\":\"https:\/\/leatai.com\/de\/product\/branchenuebergreifende-zusammenarbeit\/filmindustrie-de\/mapple-plus-taipei\/\",\"url\":\"https:\/\/leatai.com\/de\/product\/branchenuebergreifende-zusammenarbeit\/filmindustrie-de\/mapple-plus-taipei\/\",\"name\":\"Mapple PLUS Taipei - Eines der absoluten Must-See-Reiseziele in Taiwan - Leatai \u2013 Hersteller ma\u00dfgeschneiderter Notizb\u00fccher\",\"isPartOf\":{\"@id\":\"https:\/\/leatai.com\/de\/#website\"},\"primaryImageOfPage\":{\"@id\":\"https:\/\/leatai.com\/de\/product\/branchenuebergreifende-zusammenarbeit\/filmindustrie-de\/mapple-plus-taipei\/#primaryimage\"},\"image\":{\"@id\":\"https:\/\/leatai.com\/de\/product\/branchenuebergreifende-zusammenarbeit\/filmindustrie-de\/mapple-plus-taipei\/#primaryimage\"},\"thumbnailUrl\":\"https:\/\/leatai.com\/wp-content\/uploads\/2020_04_25_1733260.jpg\",\"datePublished\":\"2021-06-24T05:23:56+00:00\",\"dateModified\":\"2025-03-27T06:15:14+00:00\",\"description\":\"Mapple PLUS ist ein japanisches Reisemagazin, das sich nicht nur mit kulinarischen und unterhaltsamen Erlebnissen in Taipeh besch\u00e4ftigt, sondern auch empfehlenswerte Orte f\u00fcr Schreibwarenliebhaber vorstellt, die als Repr\u00e4sentanten der taiwanesischen Papeteriekultur gelten. Diese Orte entwickeln sich zunehmend zu einem wichtigen Reiseziel f\u00fcr japanische Touristinnen und Touristen \u2013 insbesondere f\u00fcr Liebhaber hochwertiger Schreibwaren.\",\"breadcrumb\":{\"@id\":\"https:\/\/leatai.com\/de\/product\/branchenuebergreifende-zusammenarbeit\/filmindustrie-de\/mapple-plus-taipei\/#breadcrumb\"},\"inLanguage\":\"de\",\"potentialAction\":[{\"@type\":\"ReadAction\",\"target\":[\"https:\/\/leatai.com\/de\/product\/branchenuebergreifende-zusammenarbeit\/filmindustrie-de\/mapple-plus-taipei\/\"]}]},{\"@type\":\"ImageObject\",\"inLanguage\":\"de\",\"@id\":\"https:\/\/leatai.com\/de\/product\/branchenuebergreifende-zusammenarbeit\/filmindustrie-de\/mapple-plus-taipei\/#primaryimage\",\"url\":\"https:\/\/leatai.com\/wp-content\/uploads\/2020_04_25_1733260.jpg\",\"contentUrl\":\"https:\/\/leatai.com\/wp-content\/uploads\/2020_04_25_1733260.jpg\",\"width\":1000,\"height\":750,\"caption\":\"Japanisches Magazin Mapple PLUS\"},{\"@type\":\"BreadcrumbList\",\"@id\":\"https:\/\/leatai.com\/de\/product\/branchenuebergreifende-zusammenarbeit\/filmindustrie-de\/mapple-plus-taipei\/#breadcrumb\",\"itemListElement\":[{\"@type\":\"ListItem\",\"position\":1,\"name\":\"Home\",\"item\":\"https:\/\/leatai.com\/de\/\"},{\"@type\":\"ListItem\",\"position\":2,\"name\":\"Produktvorstellung\",\"item\":\"https:\/\/leatai.com\/products\/\"},{\"@type\":\"ListItem\",\"position\":3,\"name\":\"Branchen\u00fcbergreifende Zusammenarbeit\",\"item\":\"https:\/\/leatai.com\/de\/produkt-kategorie\/branchenuebergreifende-zusammenarbeit\/\"},{\"@type\":\"ListItem\",\"position\":4,\"name\":\"Filmindustrie\",\"item\":\"https:\/\/leatai.com\/de\/produkt-kategorie\/branchenuebergreifende-zusammenarbeit\/filmindustrie-de\/\"},{\"@type\":\"ListItem\",\"position\":5,\"name\":\"Mapple PLUS Taipei\"}]},{\"@type\":\"WebSite\",\"@id\":\"https:\/\/leatai.com\/de\/#website\",\"url\":\"https:\/\/leatai.com\/de\/\",\"name\":\"Leatai \u2013 Hersteller ma\u00dfgeschneiderter Notizb\u00fccher\",\"description\":\"Leatai liefert individuelle Notizb\u00fccher und Planer f\u00fcr Marken und H\u00e4ndler weltweit.\",\"publisher\":{\"@id\":\"https:\/\/leatai.com\/de\/#organization\"},\"potentialAction\":[{\"@type\":\"SearchAction\",\"target\":{\"@type\":\"EntryPoint\",\"urlTemplate\":\"https:\/\/leatai.com\/de\/?s={search_term_string}\"},\"query-input\":{\"@type\":\"PropertyValueSpecification\",\"valueRequired\":true,\"valueName\":\"search_term_string\"}}],\"inLanguage\":\"de\"},{\"@type\":\"Organization\",\"@id\":\"https:\/\/leatai.com\/de\/#organization\",\"name\":\"Leatai Diary, customized journal and business organizer\",\"url\":\"https:\/\/leatai.com\/de\/\",\"logo\":{\"@type\":\"ImageObject\",\"inLanguage\":\"de\",\"@id\":\"https:\/\/leatai.com\/de\/#\/schema\/logo\/image\/\",\"url\":\"https:\/\/leatai.com\/wp-content\/uploads\/logo-blue.png\",\"contentUrl\":\"https:\/\/leatai.com\/wp-content\/uploads\/logo-blue.png\",\"width\":230,\"height\":60,\"caption\":\"Leatai Diary, customized journal and business organizer\"},\"image\":{\"@id\":\"https:\/\/leatai.com\/de\/#\/schema\/logo\/image\/\"}}]}<\/script>\n<!-- \/ Yoast SEO plugin. -->","yoast_head_json":{"title":"Mapple PLUS Taipei - Eines der absoluten Must-See-Reiseziele in Taiwan - Leatai \u2013 Hersteller ma\u00dfgeschneiderter Notizb\u00fccher","description":"Mapple PLUS ist ein japanisches Reisemagazin, das sich nicht nur mit kulinarischen und unterhaltsamen Erlebnissen in Taipeh besch\u00e4ftigt, sondern auch empfehlenswerte Orte f\u00fcr Schreibwarenliebhaber vorstellt, die als Repr\u00e4sentanten der taiwanesischen Papeteriekultur gelten. Diese Orte entwickeln sich zunehmend zu einem wichtigen Reiseziel f\u00fcr japanische Touristinnen und Touristen \u2013 insbesondere f\u00fcr Liebhaber hochwertiger Schreibwaren.","robots":{"index":"index","follow":"follow","max-snippet":"max-snippet:-1","max-image-preview":"max-image-preview:large","max-video-preview":"max-video-preview:-1"},"canonical":"https:\/\/leatai.com\/de\/product\/branchenuebergreifende-zusammenarbeit\/filmindustrie-de\/mapple-plus-taipei\/","og_locale":"de_DE","og_type":"article","og_title":"Mapple PLUS Taipei - Eines der absoluten Must-See-Reiseziele in Taiwan - Leatai \u2013 Hersteller ma\u00dfgeschneiderter Notizb\u00fccher","og_description":"Mapple PLUS ist ein japanisches Reisemagazin, das sich nicht nur mit kulinarischen und unterhaltsamen Erlebnissen in Taipeh besch\u00e4ftigt, sondern auch empfehlenswerte Orte f\u00fcr Schreibwarenliebhaber vorstellt, die als Repr\u00e4sentanten der taiwanesischen Papeteriekultur gelten. Diese Orte entwickeln sich zunehmend zu einem wichtigen Reiseziel f\u00fcr japanische Touristinnen und Touristen \u2013 insbesondere f\u00fcr Liebhaber hochwertiger Schreibwaren.","og_url":"https:\/\/leatai.com\/de\/product\/branchenuebergreifende-zusammenarbeit\/filmindustrie-de\/mapple-plus-taipei\/","og_site_name":"Leatai \u2013 Hersteller ma\u00dfgeschneiderter Notizb\u00fccher","article_modified_time":"2025-03-27T06:15:14+00:00","og_image":[{"width":1000,"height":750,"url":"https:\/\/leatai.com\/wp-content\/uploads\/2020_04_25_1733260.jpg","type":"image\/jpeg"}],"twitter_card":"summary_large_image","twitter_misc":{"Gesch\u00e4tzte Lesezeit":"1\u00a0Minute"},"schema":{"@context":"https:\/\/schema.org","@graph":[{"@type":"WebPage","@id":"https:\/\/leatai.com\/de\/product\/branchenuebergreifende-zusammenarbeit\/filmindustrie-de\/mapple-plus-taipei\/","url":"https:\/\/leatai.com\/de\/product\/branchenuebergreifende-zusammenarbeit\/filmindustrie-de\/mapple-plus-taipei\/","name":"Mapple PLUS Taipei - Eines der absoluten Must-See-Reiseziele in Taiwan - Leatai \u2013 Hersteller ma\u00dfgeschneiderter Notizb\u00fccher","isPartOf":{"@id":"https:\/\/leatai.com\/de\/#website"},"primaryImageOfPage":{"@id":"https:\/\/leatai.com\/de\/product\/branchenuebergreifende-zusammenarbeit\/filmindustrie-de\/mapple-plus-taipei\/#primaryimage"},"image":{"@id":"https:\/\/leatai.com\/de\/product\/branchenuebergreifende-zusammenarbeit\/filmindustrie-de\/mapple-plus-taipei\/#primaryimage"},"thumbnailUrl":"https:\/\/leatai.com\/wp-content\/uploads\/2020_04_25_1733260.jpg","datePublished":"2021-06-24T05:23:56+00:00","dateModified":"2025-03-27T06:15:14+00:00","description":"Mapple PLUS ist ein japanisches Reisemagazin, das sich nicht nur mit kulinarischen und unterhaltsamen Erlebnissen in Taipeh besch\u00e4ftigt, sondern auch empfehlenswerte Orte f\u00fcr Schreibwarenliebhaber vorstellt, die als Repr\u00e4sentanten der taiwanesischen Papeteriekultur gelten. Diese Orte entwickeln sich zunehmend zu einem wichtigen Reiseziel f\u00fcr japanische Touristinnen und Touristen \u2013 insbesondere f\u00fcr Liebhaber hochwertiger Schreibwaren.","breadcrumb":{"@id":"https:\/\/leatai.com\/de\/product\/branchenuebergreifende-zusammenarbeit\/filmindustrie-de\/mapple-plus-taipei\/#breadcrumb"},"inLanguage":"de","potentialAction":[{"@type":"ReadAction","target":["https:\/\/leatai.com\/de\/product\/branchenuebergreifende-zusammenarbeit\/filmindustrie-de\/mapple-plus-taipei\/"]}]},{"@type":"ImageObject","inLanguage":"de","@id":"https:\/\/leatai.com\/de\/product\/branchenuebergreifende-zusammenarbeit\/filmindustrie-de\/mapple-plus-taipei\/#primaryimage","url":"https:\/\/leatai.com\/wp-content\/uploads\/2020_04_25_1733260.jpg","contentUrl":"https:\/\/leatai.com\/wp-content\/uploads\/2020_04_25_1733260.jpg","width":1000,"height":750,"caption":"Japanisches Magazin Mapple PLUS"},{"@type":"BreadcrumbList","@id":"https:\/\/leatai.com\/de\/product\/branchenuebergreifende-zusammenarbeit\/filmindustrie-de\/mapple-plus-taipei\/#breadcrumb","itemListElement":[{"@type":"ListItem","position":1,"name":"Home","item":"https:\/\/leatai.com\/de\/"},{"@type":"ListItem","position":2,"name":"Produktvorstellung","item":"https:\/\/leatai.com\/products\/"},{"@type":"ListItem","position":3,"name":"Branchen\u00fcbergreifende Zusammenarbeit","item":"https:\/\/leatai.com\/de\/produkt-kategorie\/branchenuebergreifende-zusammenarbeit\/"},{"@type":"ListItem","position":4,"name":"Filmindustrie","item":"https:\/\/leatai.com\/de\/produkt-kategorie\/branchenuebergreifende-zusammenarbeit\/filmindustrie-de\/"},{"@type":"ListItem","position":5,"name":"Mapple PLUS Taipei"}]},{"@type":"WebSite","@id":"https:\/\/leatai.com\/de\/#website","url":"https:\/\/leatai.com\/de\/","name":"Leatai \u2013 Hersteller ma\u00dfgeschneiderter Notizb\u00fccher","description":"Leatai liefert individuelle Notizb\u00fccher und Planer f\u00fcr Marken und H\u00e4ndler weltweit.","publisher":{"@id":"https:\/\/leatai.com\/de\/#organization"},"potentialAction":[{"@type":"SearchAction","target":{"@type":"EntryPoint","urlTemplate":"https:\/\/leatai.com\/de\/?s={search_term_string}"},"query-input":{"@type":"PropertyValueSpecification","valueRequired":true,"valueName":"search_term_string"}}],"inLanguage":"de"},{"@type":"Organization","@id":"https:\/\/leatai.com\/de\/#organization","name":"Leatai Diary, customized journal and business organizer","url":"https:\/\/leatai.com\/de\/","logo":{"@type":"ImageObject","inLanguage":"de","@id":"https:\/\/leatai.com\/de\/#\/schema\/logo\/image\/","url":"https:\/\/leatai.com\/wp-content\/uploads\/logo-blue.png","contentUrl":"https:\/\/leatai.com\/wp-content\/uploads\/logo-blue.png","width":230,"height":60,"caption":"Leatai Diary, customized journal and business organizer"},"image":{"@id":"https:\/\/leatai.com\/de\/#\/schema\/logo\/image\/"}}]}},"_links":{"self":[{"href":"https:\/\/leatai.com\/de\/wp-json\/wp\/v2\/product\/160389","targetHints":{"allow":["GET"]}}],"collection":[{"href":"https:\/\/leatai.com\/de\/wp-json\/wp\/v2\/product"}],"about":[{"href":"https:\/\/leatai.com\/de\/wp-json\/wp\/v2\/types\/product"}],"wp:featuredmedia":[{"embeddable":true,"href":"https:\/\/leatai.com\/de\/wp-json\/wp\/v2\/media\/160390"}],"wp:attachment":[{"href":"https:\/\/leatai.com\/de\/wp-json\/wp\/v2\/media?parent=160389"}],"wp:term":[{"taxonomy":"product_brand","embeddable":true,"href":"https:\/\/leatai.com\/de\/wp-json\/wp\/v2\/product_brand?post=160389"},{"taxonomy":"product_cat","embeddable":true,"href":"https:\/\/leatai.com\/de\/wp-json\/wp\/v2\/product_cat?post=160389"},{"taxonomy":"product_tag","embeddable":true,"href":"https:\/\/leatai.com\/de\/wp-json\/wp\/v2\/product_tag?post=160389"},{"taxonomy":"home_works","embeddable":true,"href":"https:\/\/leatai.com\/de\/wp-json\/wp\/v2\/home_works?post=160389"}],"curies":[{"name":"wp","href":"https:\/\/api.w.org\/{rel}","templated":true}]}}