{"id":160383,"date":"2021-06-24T13:23:56","date_gmt":"2021-06-24T05:23:56","guid":{"rendered":"https:\/\/leatai.com\/product\/unkategorisiert\/women-make-waves-international-film-festival-x-leatai\/"},"modified":"2025-03-27T14:14:38","modified_gmt":"2025-03-27T06:14:38","slug":"women-make-waves-international-film-festival-x-leatai","status":"publish","type":"product","link":"https:\/\/leatai.com\/de\/product\/branchenuebergreifende-zusammenarbeit\/filmindustrie-de\/women-make-waves-international-film-festival-x-leatai\/","title":{"rendered":"Women Make Waves International Film Festival x Leatai"},"content":{"rendered":"<p><strong>Einleitung der FrauenFilmFestspiele:<\/strong><br \/>\nBeyond Control \u2013 Kontrolle war einst eine Fessel, heute ist sie eine neue Form der Haltung.<br \/>\n\u201eGott und M\u00e4nner f\u00fcrchten nichts mehr als den Verlust der Kontrolle \u00fcber Frauen.\u201c \u2013 Mary Daly<\/p>\n<p>Das diesj\u00e4hrige Festival steht unter dem Thema \u201eKontrolle\u201c \u2013 <em>Beyond Control<\/em>. In verschiedenen Programmsektionen wird gezeigt, wie Frauen ihre Kontrolle suchen, hinterfragen oder neu definieren. Durch das sanfte Medium der Kunst wird eine kraftvolle geistige Haltung sichtbar gemacht.<br \/>\n\u201eMe too: Die Gesichter sexueller Gewalt\u201c dient dabei als Spiegel der Bewegungen <em>Time\u2019s Up<\/em> und <em>#MeTooMeToo<\/em>.<\/p>\n<p><strong>Designkonzept des Logos:<\/strong><br \/>\n\u2013 <em>Bao Dashan<\/em> \u2013<br \/>\nViele Menschen erkennen nicht, wie sehr Kontrolle Teil ihres Alltags ist. Man glaubt, man w\u00fcrde sich selbst verwirklichen, doch oft lebt man nur das Bild, das andere von einem erwarten.<br \/>\nWenn M\u00e4dchen versuchen, die beste Version ihrer selbst zu werden, sind sie oft dem Druck fremder Erwartungen ausgesetzt \u2013 auch das ist eine Form der Kontrolle.<br \/>\nUnbewusst lebt man als die Version, die andere von einem wollen \u2013 atmet f\u00fcr andere, nicht f\u00fcr sich selbst. Das ist nichts anderes als eine Fessel.<br \/>\nDie Vaginadarstellung im Logo symbolisiert Widerstand gegen sexuelle Kontrolle. Der K\u00f6rper dient nicht zur Befriedigung anderer, nicht als Tauschmittel f\u00fcr Anerkennung. Er ist Ausdruck des freien Selbst.<\/p>\n","protected":false},"excerpt":{"rendered":"<p>Einleitung der FrauenFilmFestspiele: Beyond Control \u2013 Kontrolle war einst eine Fessel, heute ist sie eine neue Form der Haltung. \u201eGott und M\u00e4nner f\u00fcrchten nichts mehr als den Verlust der Kontrolle \u00fcber Frauen.\u201c \u2013 Mary Daly Das diesj\u00e4hrige Festival steht unter dem Thema \u201eKontrolle\u201c \u2013 Beyond Control. In verschiedenen Programmsektionen wird gezeigt, wie Frauen ihre Kontrolle [&hellip;]<\/p>\n","protected":false},"featured_media":160384,"template":"","meta":{"_acf_changed":false},"product_brand":[],"product_cat":[1089],"product_tag":[],"home_works":[],"class_list":{"0":"post-160383","1":"product","2":"type-product","3":"status-publish","4":"has-post-thumbnail","6":"product_cat-filmindustrie-de","8":"first","9":"instock","10":"sold-individually","11":"shipping-taxable","12":"purchasable","13":"product-type-simple"},"acf":[],"yoast_head":"<!-- This site is optimized with the Yoast SEO plugin v27.2 - https:\/\/yoast.com\/product\/yoast-seo-wordpress\/ -->\n<title>Women Make Waves International Film Festival x Leatai - Zu einer besseren Version seiner selbst werden - Leatai \u2013 Hersteller ma\u00dfgeschneiderter Notizb\u00fccher<\/title>\n<meta name=\"description\" content=\"Das Frauenfilmfestival stellt das Thema \u201eKontrolle\u201c \u2013 Beyond Control \u2013 in den Mittelpunkt. In verschiedenen Programmsektionen wird gezeigt, wie Frauen nach Kontrolle suchen oder sie verstehen lernen. Durch das sanfte Medium der Kunst wird diese kraftvolle geistige Haltung zum Ausdruck gebracht. Beyond Control \u2013 Kontrolle war einst eine Fessel, ist heute aber auch eine neue Form der Haltung.\" \/>\n<meta name=\"robots\" content=\"index, follow, max-snippet:-1, max-image-preview:large, max-video-preview:-1\" \/>\n<link rel=\"canonical\" href=\"https:\/\/leatai.com\/de\/product\/branchenuebergreifende-zusammenarbeit\/filmindustrie-de\/women-make-waves-international-film-festival-x-leatai\/\" \/>\n<meta property=\"og:locale\" content=\"de_DE\" \/>\n<meta property=\"og:type\" content=\"article\" \/>\n<meta property=\"og:title\" content=\"Women Make Waves International Film Festival x Leatai - Zu einer besseren Version seiner selbst werden - Leatai \u2013 Hersteller ma\u00dfgeschneiderter Notizb\u00fccher\" \/>\n<meta property=\"og:description\" content=\"Das Frauenfilmfestival stellt das Thema \u201eKontrolle\u201c \u2013 Beyond Control \u2013 in den Mittelpunkt. In verschiedenen Programmsektionen wird gezeigt, wie Frauen nach Kontrolle suchen oder sie verstehen lernen. Durch das sanfte Medium der Kunst wird diese kraftvolle geistige Haltung zum Ausdruck gebracht. Beyond Control \u2013 Kontrolle war einst eine Fessel, ist heute aber auch eine neue Form der Haltung.\" \/>\n<meta property=\"og:url\" content=\"https:\/\/leatai.com\/de\/product\/branchenuebergreifende-zusammenarbeit\/filmindustrie-de\/women-make-waves-international-film-festival-x-leatai\/\" \/>\n<meta property=\"og:site_name\" content=\"Leatai \u2013 Hersteller ma\u00dfgeschneiderter Notizb\u00fccher\" \/>\n<meta property=\"article:modified_time\" content=\"2025-03-27T06:14:38+00:00\" \/>\n<meta property=\"og:image\" content=\"https:\/\/leatai.com\/wp-content\/uploads\/2020_04_25_1743240.jpg\" \/>\n\t<meta property=\"og:image:width\" content=\"1000\" \/>\n\t<meta property=\"og:image:height\" content=\"750\" \/>\n\t<meta property=\"og:image:type\" content=\"image\/jpeg\" \/>\n<meta name=\"twitter:card\" content=\"summary_large_image\" \/>\n<meta name=\"twitter:label1\" content=\"Gesch\u00e4tzte Lesezeit\" \/>\n\t<meta name=\"twitter:data1\" content=\"2\u00a0Minuten\" \/>\n<script type=\"application\/ld+json\" class=\"yoast-schema-graph\">{\"@context\":\"https:\/\/schema.org\",\"@graph\":[{\"@type\":\"WebPage\",\"@id\":\"https:\/\/leatai.com\/de\/product\/branchenuebergreifende-zusammenarbeit\/filmindustrie-de\/women-make-waves-international-film-festival-x-leatai\/\",\"url\":\"https:\/\/leatai.com\/de\/product\/branchenuebergreifende-zusammenarbeit\/filmindustrie-de\/women-make-waves-international-film-festival-x-leatai\/\",\"name\":\"Women Make Waves International Film Festival x Leatai - Zu einer besseren Version seiner selbst werden - Leatai \u2013 Hersteller ma\u00dfgeschneiderter Notizb\u00fccher\",\"isPartOf\":{\"@id\":\"https:\/\/leatai.com\/de\/#website\"},\"primaryImageOfPage\":{\"@id\":\"https:\/\/leatai.com\/de\/product\/branchenuebergreifende-zusammenarbeit\/filmindustrie-de\/women-make-waves-international-film-festival-x-leatai\/#primaryimage\"},\"image\":{\"@id\":\"https:\/\/leatai.com\/de\/product\/branchenuebergreifende-zusammenarbeit\/filmindustrie-de\/women-make-waves-international-film-festival-x-leatai\/#primaryimage\"},\"thumbnailUrl\":\"https:\/\/leatai.com\/wp-content\/uploads\/2020_04_25_1743240.jpg\",\"datePublished\":\"2021-06-24T05:23:56+00:00\",\"dateModified\":\"2025-03-27T06:14:38+00:00\",\"description\":\"Das Frauenfilmfestival stellt das Thema \u201eKontrolle\u201c \u2013 Beyond Control \u2013 in den Mittelpunkt. In verschiedenen Programmsektionen wird gezeigt, wie Frauen nach Kontrolle suchen oder sie verstehen lernen. Durch das sanfte Medium der Kunst wird diese kraftvolle geistige Haltung zum Ausdruck gebracht. Beyond Control \u2013 Kontrolle war einst eine Fessel, ist heute aber auch eine neue Form der Haltung.\",\"breadcrumb\":{\"@id\":\"https:\/\/leatai.com\/de\/product\/branchenuebergreifende-zusammenarbeit\/filmindustrie-de\/women-make-waves-international-film-festival-x-leatai\/#breadcrumb\"},\"inLanguage\":\"de\",\"potentialAction\":[{\"@type\":\"ReadAction\",\"target\":[\"https:\/\/leatai.com\/de\/product\/branchenuebergreifende-zusammenarbeit\/filmindustrie-de\/women-make-waves-international-film-festival-x-leatai\/\"]}]},{\"@type\":\"ImageObject\",\"inLanguage\":\"de\",\"@id\":\"https:\/\/leatai.com\/de\/product\/branchenuebergreifende-zusammenarbeit\/filmindustrie-de\/women-make-waves-international-film-festival-x-leatai\/#primaryimage\",\"url\":\"https:\/\/leatai.com\/wp-content\/uploads\/2020_04_25_1743240.jpg\",\"contentUrl\":\"https:\/\/leatai.com\/wp-content\/uploads\/2020_04_25_1743240.jpg\",\"width\":1000,\"height\":750},{\"@type\":\"BreadcrumbList\",\"@id\":\"https:\/\/leatai.com\/de\/product\/branchenuebergreifende-zusammenarbeit\/filmindustrie-de\/women-make-waves-international-film-festival-x-leatai\/#breadcrumb\",\"itemListElement\":[{\"@type\":\"ListItem\",\"position\":1,\"name\":\"Home\",\"item\":\"https:\/\/leatai.com\/de\/\"},{\"@type\":\"ListItem\",\"position\":2,\"name\":\"Produktvorstellung\",\"item\":\"https:\/\/leatai.com\/products\/\"},{\"@type\":\"ListItem\",\"position\":3,\"name\":\"Branchen\u00fcbergreifende Zusammenarbeit\",\"item\":\"https:\/\/leatai.com\/de\/produkt-kategorie\/branchenuebergreifende-zusammenarbeit\/\"},{\"@type\":\"ListItem\",\"position\":4,\"name\":\"Filmindustrie\",\"item\":\"https:\/\/leatai.com\/de\/produkt-kategorie\/branchenuebergreifende-zusammenarbeit\/filmindustrie-de\/\"},{\"@type\":\"ListItem\",\"position\":5,\"name\":\"Women Make Waves International Film Festival x Leatai\"}]},{\"@type\":\"WebSite\",\"@id\":\"https:\/\/leatai.com\/de\/#website\",\"url\":\"https:\/\/leatai.com\/de\/\",\"name\":\"Leatai \u2013 Hersteller ma\u00dfgeschneiderter Notizb\u00fccher\",\"description\":\"Leatai liefert individuelle Notizb\u00fccher und Planer f\u00fcr Marken und H\u00e4ndler weltweit.\",\"publisher\":{\"@id\":\"https:\/\/leatai.com\/de\/#organization\"},\"potentialAction\":[{\"@type\":\"SearchAction\",\"target\":{\"@type\":\"EntryPoint\",\"urlTemplate\":\"https:\/\/leatai.com\/de\/?s={search_term_string}\"},\"query-input\":{\"@type\":\"PropertyValueSpecification\",\"valueRequired\":true,\"valueName\":\"search_term_string\"}}],\"inLanguage\":\"de\"},{\"@type\":\"Organization\",\"@id\":\"https:\/\/leatai.com\/de\/#organization\",\"name\":\"Leatai Diary, customized journal and business organizer\",\"url\":\"https:\/\/leatai.com\/de\/\",\"logo\":{\"@type\":\"ImageObject\",\"inLanguage\":\"de\",\"@id\":\"https:\/\/leatai.com\/de\/#\/schema\/logo\/image\/\",\"url\":\"https:\/\/leatai.com\/wp-content\/uploads\/logo-blue.png\",\"contentUrl\":\"https:\/\/leatai.com\/wp-content\/uploads\/logo-blue.png\",\"width\":230,\"height\":60,\"caption\":\"Leatai Diary, customized journal and business organizer\"},\"image\":{\"@id\":\"https:\/\/leatai.com\/de\/#\/schema\/logo\/image\/\"}}]}<\/script>\n<!-- \/ Yoast SEO plugin. -->","yoast_head_json":{"title":"Women Make Waves International Film Festival x Leatai - Zu einer besseren Version seiner selbst werden - Leatai \u2013 Hersteller ma\u00dfgeschneiderter Notizb\u00fccher","description":"Das Frauenfilmfestival stellt das Thema \u201eKontrolle\u201c \u2013 Beyond Control \u2013 in den Mittelpunkt. In verschiedenen Programmsektionen wird gezeigt, wie Frauen nach Kontrolle suchen oder sie verstehen lernen. Durch das sanfte Medium der Kunst wird diese kraftvolle geistige Haltung zum Ausdruck gebracht. Beyond Control \u2013 Kontrolle war einst eine Fessel, ist heute aber auch eine neue Form der Haltung.","robots":{"index":"index","follow":"follow","max-snippet":"max-snippet:-1","max-image-preview":"max-image-preview:large","max-video-preview":"max-video-preview:-1"},"canonical":"https:\/\/leatai.com\/de\/product\/branchenuebergreifende-zusammenarbeit\/filmindustrie-de\/women-make-waves-international-film-festival-x-leatai\/","og_locale":"de_DE","og_type":"article","og_title":"Women Make Waves International Film Festival x Leatai - Zu einer besseren Version seiner selbst werden - Leatai \u2013 Hersteller ma\u00dfgeschneiderter Notizb\u00fccher","og_description":"Das Frauenfilmfestival stellt das Thema \u201eKontrolle\u201c \u2013 Beyond Control \u2013 in den Mittelpunkt. In verschiedenen Programmsektionen wird gezeigt, wie Frauen nach Kontrolle suchen oder sie verstehen lernen. Durch das sanfte Medium der Kunst wird diese kraftvolle geistige Haltung zum Ausdruck gebracht. Beyond Control \u2013 Kontrolle war einst eine Fessel, ist heute aber auch eine neue Form der Haltung.","og_url":"https:\/\/leatai.com\/de\/product\/branchenuebergreifende-zusammenarbeit\/filmindustrie-de\/women-make-waves-international-film-festival-x-leatai\/","og_site_name":"Leatai \u2013 Hersteller ma\u00dfgeschneiderter Notizb\u00fccher","article_modified_time":"2025-03-27T06:14:38+00:00","og_image":[{"width":1000,"height":750,"url":"https:\/\/leatai.com\/wp-content\/uploads\/2020_04_25_1743240.jpg","type":"image\/jpeg"}],"twitter_card":"summary_large_image","twitter_misc":{"Gesch\u00e4tzte Lesezeit":"2\u00a0Minuten"},"schema":{"@context":"https:\/\/schema.org","@graph":[{"@type":"WebPage","@id":"https:\/\/leatai.com\/de\/product\/branchenuebergreifende-zusammenarbeit\/filmindustrie-de\/women-make-waves-international-film-festival-x-leatai\/","url":"https:\/\/leatai.com\/de\/product\/branchenuebergreifende-zusammenarbeit\/filmindustrie-de\/women-make-waves-international-film-festival-x-leatai\/","name":"Women Make Waves International Film Festival x Leatai - Zu einer besseren Version seiner selbst werden - Leatai \u2013 Hersteller ma\u00dfgeschneiderter Notizb\u00fccher","isPartOf":{"@id":"https:\/\/leatai.com\/de\/#website"},"primaryImageOfPage":{"@id":"https:\/\/leatai.com\/de\/product\/branchenuebergreifende-zusammenarbeit\/filmindustrie-de\/women-make-waves-international-film-festival-x-leatai\/#primaryimage"},"image":{"@id":"https:\/\/leatai.com\/de\/product\/branchenuebergreifende-zusammenarbeit\/filmindustrie-de\/women-make-waves-international-film-festival-x-leatai\/#primaryimage"},"thumbnailUrl":"https:\/\/leatai.com\/wp-content\/uploads\/2020_04_25_1743240.jpg","datePublished":"2021-06-24T05:23:56+00:00","dateModified":"2025-03-27T06:14:38+00:00","description":"Das Frauenfilmfestival stellt das Thema \u201eKontrolle\u201c \u2013 Beyond Control \u2013 in den Mittelpunkt. In verschiedenen Programmsektionen wird gezeigt, wie Frauen nach Kontrolle suchen oder sie verstehen lernen. Durch das sanfte Medium der Kunst wird diese kraftvolle geistige Haltung zum Ausdruck gebracht. Beyond Control \u2013 Kontrolle war einst eine Fessel, ist heute aber auch eine neue Form der Haltung.","breadcrumb":{"@id":"https:\/\/leatai.com\/de\/product\/branchenuebergreifende-zusammenarbeit\/filmindustrie-de\/women-make-waves-international-film-festival-x-leatai\/#breadcrumb"},"inLanguage":"de","potentialAction":[{"@type":"ReadAction","target":["https:\/\/leatai.com\/de\/product\/branchenuebergreifende-zusammenarbeit\/filmindustrie-de\/women-make-waves-international-film-festival-x-leatai\/"]}]},{"@type":"ImageObject","inLanguage":"de","@id":"https:\/\/leatai.com\/de\/product\/branchenuebergreifende-zusammenarbeit\/filmindustrie-de\/women-make-waves-international-film-festival-x-leatai\/#primaryimage","url":"https:\/\/leatai.com\/wp-content\/uploads\/2020_04_25_1743240.jpg","contentUrl":"https:\/\/leatai.com\/wp-content\/uploads\/2020_04_25_1743240.jpg","width":1000,"height":750},{"@type":"BreadcrumbList","@id":"https:\/\/leatai.com\/de\/product\/branchenuebergreifende-zusammenarbeit\/filmindustrie-de\/women-make-waves-international-film-festival-x-leatai\/#breadcrumb","itemListElement":[{"@type":"ListItem","position":1,"name":"Home","item":"https:\/\/leatai.com\/de\/"},{"@type":"ListItem","position":2,"name":"Produktvorstellung","item":"https:\/\/leatai.com\/products\/"},{"@type":"ListItem","position":3,"name":"Branchen\u00fcbergreifende Zusammenarbeit","item":"https:\/\/leatai.com\/de\/produkt-kategorie\/branchenuebergreifende-zusammenarbeit\/"},{"@type":"ListItem","position":4,"name":"Filmindustrie","item":"https:\/\/leatai.com\/de\/produkt-kategorie\/branchenuebergreifende-zusammenarbeit\/filmindustrie-de\/"},{"@type":"ListItem","position":5,"name":"Women Make Waves International Film Festival x Leatai"}]},{"@type":"WebSite","@id":"https:\/\/leatai.com\/de\/#website","url":"https:\/\/leatai.com\/de\/","name":"Leatai \u2013 Hersteller ma\u00dfgeschneiderter Notizb\u00fccher","description":"Leatai liefert individuelle Notizb\u00fccher und Planer f\u00fcr Marken und H\u00e4ndler weltweit.","publisher":{"@id":"https:\/\/leatai.com\/de\/#organization"},"potentialAction":[{"@type":"SearchAction","target":{"@type":"EntryPoint","urlTemplate":"https:\/\/leatai.com\/de\/?s={search_term_string}"},"query-input":{"@type":"PropertyValueSpecification","valueRequired":true,"valueName":"search_term_string"}}],"inLanguage":"de"},{"@type":"Organization","@id":"https:\/\/leatai.com\/de\/#organization","name":"Leatai Diary, customized journal and business organizer","url":"https:\/\/leatai.com\/de\/","logo":{"@type":"ImageObject","inLanguage":"de","@id":"https:\/\/leatai.com\/de\/#\/schema\/logo\/image\/","url":"https:\/\/leatai.com\/wp-content\/uploads\/logo-blue.png","contentUrl":"https:\/\/leatai.com\/wp-content\/uploads\/logo-blue.png","width":230,"height":60,"caption":"Leatai Diary, customized journal and business organizer"},"image":{"@id":"https:\/\/leatai.com\/de\/#\/schema\/logo\/image\/"}}]}},"_links":{"self":[{"href":"https:\/\/leatai.com\/de\/wp-json\/wp\/v2\/product\/160383","targetHints":{"allow":["GET"]}}],"collection":[{"href":"https:\/\/leatai.com\/de\/wp-json\/wp\/v2\/product"}],"about":[{"href":"https:\/\/leatai.com\/de\/wp-json\/wp\/v2\/types\/product"}],"wp:featuredmedia":[{"embeddable":true,"href":"https:\/\/leatai.com\/de\/wp-json\/wp\/v2\/media\/160384"}],"wp:attachment":[{"href":"https:\/\/leatai.com\/de\/wp-json\/wp\/v2\/media?parent=160383"}],"wp:term":[{"taxonomy":"product_brand","embeddable":true,"href":"https:\/\/leatai.com\/de\/wp-json\/wp\/v2\/product_brand?post=160383"},{"taxonomy":"product_cat","embeddable":true,"href":"https:\/\/leatai.com\/de\/wp-json\/wp\/v2\/product_cat?post=160383"},{"taxonomy":"product_tag","embeddable":true,"href":"https:\/\/leatai.com\/de\/wp-json\/wp\/v2\/product_tag?post=160383"},{"taxonomy":"home_works","embeddable":true,"href":"https:\/\/leatai.com\/de\/wp-json\/wp\/v2\/home_works?post=160383"}],"curies":[{"name":"wp","href":"https:\/\/api.w.org\/{rel}","templated":true}]}}