{"id":160371,"date":"2021-06-24T13:17:29","date_gmt":"2021-06-24T05:17:29","guid":{"rendered":"https:\/\/leatai.com\/product\/unkategorisiert\/buchkanteneinfaerbung-einfarbig\/"},"modified":"2025-11-26T10:47:25","modified_gmt":"2025-11-26T02:47:25","slug":"buchkanteneinfaerbung-einfarbig","status":"publish","type":"product","link":"https:\/\/leatai.com\/de\/product\/innenseitenformat\/kantenfaerbung\/buchkanteneinfaerbung-einfarbig\/","title":{"rendered":"Buchkanteneinf\u00e4rbung \u2013 einfarbig"},"content":{"rendered":"<p>Nur f\u00fcr Innenseiten mit geraden Ecken geeignet. Die Farbe wird von Hand gemischt, daher kann es zu leichten Abweichungen von der gew\u00fcnschten Farbe kommen \u2013 dies ist ein normaler Vorgang, eine 100% exakte Farb\u00fcbereinstimmung ist nicht m\u00f6glich.<\/p>\n<p>Mindestbestellmenge: 1000 St\u00fcck<br \/>\nVeredelungspreis pro St\u00fcck: 50 NT$<\/p>\n","protected":false},"excerpt":{"rendered":"<p>Neben dem klassischen Goldschnitt kann auch einfarbiger Farbschnitt gefertigt werden.<\/p>\n<p>Mindestbestellmenge: 1000 St\u00fcck<br \/>\nVeredelungspreis pro St\u00fcck: 40 NT$<\/p>\n","protected":false},"featured_media":160372,"template":"","meta":{"_acf_changed":false},"product_brand":[],"product_cat":[972,1037],"product_tag":[1428],"home_works":[],"class_list":{"0":"post-160371","1":"product","2":"type-product","3":"status-publish","4":"has-post-thumbnail","6":"product_cat-innenseitenformat","7":"product_cat-kantenfaerbung","8":"product_tag-geschaftsjournal-innenseiten","10":"first","11":"instock","12":"sold-individually","13":"shipping-taxable","14":"purchasable","15":"product-type-simple"},"acf":[],"yoast_head":"<!-- This site is optimized with the Yoast SEO plugin v27.2 - https:\/\/yoast.com\/product\/yoast-seo-wordpress\/ -->\n<title>Buchkanteneinf\u00e4rbung \u2013 einfarbig - Leatai \u2013 Hersteller ma\u00dfgeschneiderter Notizb\u00fccher<\/title>\n<meta name=\"description\" content=\"Neben dem klassischen Goldschnitt kann auch ein einfarbiger Farbschnitt umgesetzt werden. Diese Veredelung ist ausschlie\u00dflich f\u00fcr Innenseiten mit geraden Ecken geeignet. Die Farbe wird von Hand gemischt, daher kann es zu leichten Abweichungen von der gew\u00fcnschten Farbe kommen \u2013 das ist ein normaler Vorgang und eine 100% exakte Farb\u00fcbereinstimmung ist nicht m\u00f6glich.\" \/>\n<meta name=\"robots\" content=\"index, follow, max-snippet:-1, max-image-preview:large, max-video-preview:-1\" \/>\n<link rel=\"canonical\" href=\"https:\/\/leatai.com\/de\/product\/innenseitenformat\/kantenfaerbung\/buchkanteneinfaerbung-einfarbig\/\" \/>\n<meta property=\"og:locale\" content=\"de_DE\" \/>\n<meta property=\"og:type\" content=\"article\" \/>\n<meta property=\"og:title\" content=\"Buchkanteneinf\u00e4rbung \u2013 einfarbig - Leatai \u2013 Hersteller ma\u00dfgeschneiderter Notizb\u00fccher\" \/>\n<meta property=\"og:description\" content=\"Neben dem klassischen Goldschnitt kann auch ein einfarbiger Farbschnitt umgesetzt werden. Diese Veredelung ist ausschlie\u00dflich f\u00fcr Innenseiten mit geraden Ecken geeignet. Die Farbe wird von Hand gemischt, daher kann es zu leichten Abweichungen von der gew\u00fcnschten Farbe kommen \u2013 das ist ein normaler Vorgang und eine 100% exakte Farb\u00fcbereinstimmung ist nicht m\u00f6glich.\" \/>\n<meta property=\"og:url\" content=\"https:\/\/leatai.com\/de\/product\/innenseitenformat\/kantenfaerbung\/buchkanteneinfaerbung-einfarbig\/\" \/>\n<meta property=\"og:site_name\" content=\"Leatai \u2013 Hersteller ma\u00dfgeschneiderter Notizb\u00fccher\" \/>\n<meta property=\"article:modified_time\" content=\"2025-11-26T02:47:25+00:00\" \/>\n<meta property=\"og:image\" content=\"https:\/\/leatai.com\/wp-content\/uploads\/2020_08_14_1820530.jpg\" \/>\n\t<meta property=\"og:image:width\" content=\"1000\" \/>\n\t<meta property=\"og:image:height\" content=\"750\" \/>\n\t<meta property=\"og:image:type\" content=\"image\/jpeg\" \/>\n<meta name=\"twitter:card\" content=\"summary_large_image\" \/>\n<meta name=\"twitter:label1\" content=\"Gesch\u00e4tzte Lesezeit\" \/>\n\t<meta name=\"twitter:data1\" content=\"1\u00a0Minute\" \/>\n<script type=\"application\/ld+json\" class=\"yoast-schema-graph\">{\"@context\":\"https:\/\/schema.org\",\"@graph\":[{\"@type\":\"WebPage\",\"@id\":\"https:\/\/leatai.com\/de\/product\/innenseitenformat\/kantenfaerbung\/buchkanteneinfaerbung-einfarbig\/\",\"url\":\"https:\/\/leatai.com\/de\/product\/innenseitenformat\/kantenfaerbung\/buchkanteneinfaerbung-einfarbig\/\",\"name\":\"Buchkanteneinf\u00e4rbung \u2013 einfarbig - Leatai \u2013 Hersteller ma\u00dfgeschneiderter Notizb\u00fccher\",\"isPartOf\":{\"@id\":\"https:\/\/leatai.com\/de\/#website\"},\"primaryImageOfPage\":{\"@id\":\"https:\/\/leatai.com\/de\/product\/innenseitenformat\/kantenfaerbung\/buchkanteneinfaerbung-einfarbig\/#primaryimage\"},\"image\":{\"@id\":\"https:\/\/leatai.com\/de\/product\/innenseitenformat\/kantenfaerbung\/buchkanteneinfaerbung-einfarbig\/#primaryimage\"},\"thumbnailUrl\":\"https:\/\/leatai.com\/wp-content\/uploads\/2020_08_14_1820530.jpg\",\"datePublished\":\"2021-06-24T05:17:29+00:00\",\"dateModified\":\"2025-11-26T02:47:25+00:00\",\"description\":\"Neben dem klassischen Goldschnitt kann auch ein einfarbiger Farbschnitt umgesetzt werden. Diese Veredelung ist ausschlie\u00dflich f\u00fcr Innenseiten mit geraden Ecken geeignet. Die Farbe wird von Hand gemischt, daher kann es zu leichten Abweichungen von der gew\u00fcnschten Farbe kommen \u2013 das ist ein normaler Vorgang und eine 100% exakte Farb\u00fcbereinstimmung ist nicht m\u00f6glich.\",\"breadcrumb\":{\"@id\":\"https:\/\/leatai.com\/de\/product\/innenseitenformat\/kantenfaerbung\/buchkanteneinfaerbung-einfarbig\/#breadcrumb\"},\"inLanguage\":\"de\",\"potentialAction\":[{\"@type\":\"ReadAction\",\"target\":[\"https:\/\/leatai.com\/de\/product\/innenseitenformat\/kantenfaerbung\/buchkanteneinfaerbung-einfarbig\/\"]}]},{\"@type\":\"ImageObject\",\"inLanguage\":\"de\",\"@id\":\"https:\/\/leatai.com\/de\/product\/innenseitenformat\/kantenfaerbung\/buchkanteneinfaerbung-einfarbig\/#primaryimage\",\"url\":\"https:\/\/leatai.com\/wp-content\/uploads\/2020_08_14_1820530.jpg\",\"contentUrl\":\"https:\/\/leatai.com\/wp-content\/uploads\/2020_08_14_1820530.jpg\",\"width\":1000,\"height\":750,\"caption\":\"Buchkanteneinf\u00e4rbung\"},{\"@type\":\"BreadcrumbList\",\"@id\":\"https:\/\/leatai.com\/de\/product\/innenseitenformat\/kantenfaerbung\/buchkanteneinfaerbung-einfarbig\/#breadcrumb\",\"itemListElement\":[{\"@type\":\"ListItem\",\"position\":1,\"name\":\"Home\",\"item\":\"https:\/\/leatai.com\/de\/\"},{\"@type\":\"ListItem\",\"position\":2,\"name\":\"Produktvorstellung\",\"item\":\"https:\/\/leatai.com\/products\/\"},{\"@type\":\"ListItem\",\"position\":3,\"name\":\"Innenseitenformat\",\"item\":\"https:\/\/leatai.com\/de\/produkt-kategorie\/innenseitenformat\/\"},{\"@type\":\"ListItem\",\"position\":4,\"name\":\"Kantenf\u00e4rbung\",\"item\":\"https:\/\/leatai.com\/de\/produkt-kategorie\/innenseitenformat\/kantenfaerbung\/\"},{\"@type\":\"ListItem\",\"position\":5,\"name\":\"Buchkanteneinf\u00e4rbung \u2013 einfarbig\"}]},{\"@type\":\"WebSite\",\"@id\":\"https:\/\/leatai.com\/de\/#website\",\"url\":\"https:\/\/leatai.com\/de\/\",\"name\":\"Leatai \u2013 Hersteller ma\u00dfgeschneiderter Notizb\u00fccher\",\"description\":\"Leatai liefert individuelle Notizb\u00fccher und Planer f\u00fcr Marken und H\u00e4ndler weltweit.\",\"publisher\":{\"@id\":\"https:\/\/leatai.com\/de\/#organization\"},\"potentialAction\":[{\"@type\":\"SearchAction\",\"target\":{\"@type\":\"EntryPoint\",\"urlTemplate\":\"https:\/\/leatai.com\/de\/?s={search_term_string}\"},\"query-input\":{\"@type\":\"PropertyValueSpecification\",\"valueRequired\":true,\"valueName\":\"search_term_string\"}}],\"inLanguage\":\"de\"},{\"@type\":\"Organization\",\"@id\":\"https:\/\/leatai.com\/de\/#organization\",\"name\":\"Leatai Diary, customized journal and business organizer\",\"url\":\"https:\/\/leatai.com\/de\/\",\"logo\":{\"@type\":\"ImageObject\",\"inLanguage\":\"de\",\"@id\":\"https:\/\/leatai.com\/de\/#\/schema\/logo\/image\/\",\"url\":\"https:\/\/leatai.com\/wp-content\/uploads\/logo-blue.png\",\"contentUrl\":\"https:\/\/leatai.com\/wp-content\/uploads\/logo-blue.png\",\"width\":230,\"height\":60,\"caption\":\"Leatai Diary, customized journal and business organizer\"},\"image\":{\"@id\":\"https:\/\/leatai.com\/de\/#\/schema\/logo\/image\/\"}}]}<\/script>\n<!-- \/ Yoast SEO plugin. -->","yoast_head_json":{"title":"Buchkanteneinf\u00e4rbung \u2013 einfarbig - Leatai \u2013 Hersteller ma\u00dfgeschneiderter Notizb\u00fccher","description":"Neben dem klassischen Goldschnitt kann auch ein einfarbiger Farbschnitt umgesetzt werden. Diese Veredelung ist ausschlie\u00dflich f\u00fcr Innenseiten mit geraden Ecken geeignet. Die Farbe wird von Hand gemischt, daher kann es zu leichten Abweichungen von der gew\u00fcnschten Farbe kommen \u2013 das ist ein normaler Vorgang und eine 100% exakte Farb\u00fcbereinstimmung ist nicht m\u00f6glich.","robots":{"index":"index","follow":"follow","max-snippet":"max-snippet:-1","max-image-preview":"max-image-preview:large","max-video-preview":"max-video-preview:-1"},"canonical":"https:\/\/leatai.com\/de\/product\/innenseitenformat\/kantenfaerbung\/buchkanteneinfaerbung-einfarbig\/","og_locale":"de_DE","og_type":"article","og_title":"Buchkanteneinf\u00e4rbung \u2013 einfarbig - Leatai \u2013 Hersteller ma\u00dfgeschneiderter Notizb\u00fccher","og_description":"Neben dem klassischen Goldschnitt kann auch ein einfarbiger Farbschnitt umgesetzt werden. Diese Veredelung ist ausschlie\u00dflich f\u00fcr Innenseiten mit geraden Ecken geeignet. Die Farbe wird von Hand gemischt, daher kann es zu leichten Abweichungen von der gew\u00fcnschten Farbe kommen \u2013 das ist ein normaler Vorgang und eine 100% exakte Farb\u00fcbereinstimmung ist nicht m\u00f6glich.","og_url":"https:\/\/leatai.com\/de\/product\/innenseitenformat\/kantenfaerbung\/buchkanteneinfaerbung-einfarbig\/","og_site_name":"Leatai \u2013 Hersteller ma\u00dfgeschneiderter Notizb\u00fccher","article_modified_time":"2025-11-26T02:47:25+00:00","og_image":[{"width":1000,"height":750,"url":"https:\/\/leatai.com\/wp-content\/uploads\/2020_08_14_1820530.jpg","type":"image\/jpeg"}],"twitter_card":"summary_large_image","twitter_misc":{"Gesch\u00e4tzte Lesezeit":"1\u00a0Minute"},"schema":{"@context":"https:\/\/schema.org","@graph":[{"@type":"WebPage","@id":"https:\/\/leatai.com\/de\/product\/innenseitenformat\/kantenfaerbung\/buchkanteneinfaerbung-einfarbig\/","url":"https:\/\/leatai.com\/de\/product\/innenseitenformat\/kantenfaerbung\/buchkanteneinfaerbung-einfarbig\/","name":"Buchkanteneinf\u00e4rbung \u2013 einfarbig - Leatai \u2013 Hersteller ma\u00dfgeschneiderter Notizb\u00fccher","isPartOf":{"@id":"https:\/\/leatai.com\/de\/#website"},"primaryImageOfPage":{"@id":"https:\/\/leatai.com\/de\/product\/innenseitenformat\/kantenfaerbung\/buchkanteneinfaerbung-einfarbig\/#primaryimage"},"image":{"@id":"https:\/\/leatai.com\/de\/product\/innenseitenformat\/kantenfaerbung\/buchkanteneinfaerbung-einfarbig\/#primaryimage"},"thumbnailUrl":"https:\/\/leatai.com\/wp-content\/uploads\/2020_08_14_1820530.jpg","datePublished":"2021-06-24T05:17:29+00:00","dateModified":"2025-11-26T02:47:25+00:00","description":"Neben dem klassischen Goldschnitt kann auch ein einfarbiger Farbschnitt umgesetzt werden. Diese Veredelung ist ausschlie\u00dflich f\u00fcr Innenseiten mit geraden Ecken geeignet. Die Farbe wird von Hand gemischt, daher kann es zu leichten Abweichungen von der gew\u00fcnschten Farbe kommen \u2013 das ist ein normaler Vorgang und eine 100% exakte Farb\u00fcbereinstimmung ist nicht m\u00f6glich.","breadcrumb":{"@id":"https:\/\/leatai.com\/de\/product\/innenseitenformat\/kantenfaerbung\/buchkanteneinfaerbung-einfarbig\/#breadcrumb"},"inLanguage":"de","potentialAction":[{"@type":"ReadAction","target":["https:\/\/leatai.com\/de\/product\/innenseitenformat\/kantenfaerbung\/buchkanteneinfaerbung-einfarbig\/"]}]},{"@type":"ImageObject","inLanguage":"de","@id":"https:\/\/leatai.com\/de\/product\/innenseitenformat\/kantenfaerbung\/buchkanteneinfaerbung-einfarbig\/#primaryimage","url":"https:\/\/leatai.com\/wp-content\/uploads\/2020_08_14_1820530.jpg","contentUrl":"https:\/\/leatai.com\/wp-content\/uploads\/2020_08_14_1820530.jpg","width":1000,"height":750,"caption":"Buchkanteneinf\u00e4rbung"},{"@type":"BreadcrumbList","@id":"https:\/\/leatai.com\/de\/product\/innenseitenformat\/kantenfaerbung\/buchkanteneinfaerbung-einfarbig\/#breadcrumb","itemListElement":[{"@type":"ListItem","position":1,"name":"Home","item":"https:\/\/leatai.com\/de\/"},{"@type":"ListItem","position":2,"name":"Produktvorstellung","item":"https:\/\/leatai.com\/products\/"},{"@type":"ListItem","position":3,"name":"Innenseitenformat","item":"https:\/\/leatai.com\/de\/produkt-kategorie\/innenseitenformat\/"},{"@type":"ListItem","position":4,"name":"Kantenf\u00e4rbung","item":"https:\/\/leatai.com\/de\/produkt-kategorie\/innenseitenformat\/kantenfaerbung\/"},{"@type":"ListItem","position":5,"name":"Buchkanteneinf\u00e4rbung \u2013 einfarbig"}]},{"@type":"WebSite","@id":"https:\/\/leatai.com\/de\/#website","url":"https:\/\/leatai.com\/de\/","name":"Leatai \u2013 Hersteller ma\u00dfgeschneiderter Notizb\u00fccher","description":"Leatai liefert individuelle Notizb\u00fccher und Planer f\u00fcr Marken und H\u00e4ndler weltweit.","publisher":{"@id":"https:\/\/leatai.com\/de\/#organization"},"potentialAction":[{"@type":"SearchAction","target":{"@type":"EntryPoint","urlTemplate":"https:\/\/leatai.com\/de\/?s={search_term_string}"},"query-input":{"@type":"PropertyValueSpecification","valueRequired":true,"valueName":"search_term_string"}}],"inLanguage":"de"},{"@type":"Organization","@id":"https:\/\/leatai.com\/de\/#organization","name":"Leatai Diary, customized journal and business organizer","url":"https:\/\/leatai.com\/de\/","logo":{"@type":"ImageObject","inLanguage":"de","@id":"https:\/\/leatai.com\/de\/#\/schema\/logo\/image\/","url":"https:\/\/leatai.com\/wp-content\/uploads\/logo-blue.png","contentUrl":"https:\/\/leatai.com\/wp-content\/uploads\/logo-blue.png","width":230,"height":60,"caption":"Leatai Diary, customized journal and business organizer"},"image":{"@id":"https:\/\/leatai.com\/de\/#\/schema\/logo\/image\/"}}]}},"_links":{"self":[{"href":"https:\/\/leatai.com\/de\/wp-json\/wp\/v2\/product\/160371","targetHints":{"allow":["GET"]}}],"collection":[{"href":"https:\/\/leatai.com\/de\/wp-json\/wp\/v2\/product"}],"about":[{"href":"https:\/\/leatai.com\/de\/wp-json\/wp\/v2\/types\/product"}],"wp:featuredmedia":[{"embeddable":true,"href":"https:\/\/leatai.com\/de\/wp-json\/wp\/v2\/media\/160372"}],"wp:attachment":[{"href":"https:\/\/leatai.com\/de\/wp-json\/wp\/v2\/media?parent=160371"}],"wp:term":[{"taxonomy":"product_brand","embeddable":true,"href":"https:\/\/leatai.com\/de\/wp-json\/wp\/v2\/product_brand?post=160371"},{"taxonomy":"product_cat","embeddable":true,"href":"https:\/\/leatai.com\/de\/wp-json\/wp\/v2\/product_cat?post=160371"},{"taxonomy":"product_tag","embeddable":true,"href":"https:\/\/leatai.com\/de\/wp-json\/wp\/v2\/product_tag?post=160371"},{"taxonomy":"home_works","embeddable":true,"href":"https:\/\/leatai.com\/de\/wp-json\/wp\/v2\/home_works?post=160371"}],"curies":[{"name":"wp","href":"https:\/\/api.w.org\/{rel}","templated":true}]}}