{"id":160334,"date":"2021-06-24T13:17:30","date_gmt":"2021-06-24T05:17:30","guid":{"rendered":"https:\/\/leatai.com\/product\/unkategorisiert\/lgp-vollflaechig-kariert-l32k\/"},"modified":"2025-03-27T11:10:47","modified_gmt":"2025-03-27T03:10:47","slug":"lgp-vollflaechig-kariert-l32k","status":"publish","type":"product","link":"https:\/\/leatai.com\/de\/product\/innenseitenformat\/b6-innenseiten\/lgp-vollflaechig-kariert-l32k\/","title":{"rendered":"LGP \u2013 Vollfl\u00e4chig kariert \u2013 L32K"},"content":{"rendered":"<p>Papier: F\u00fcllerfreundliches Papier (Interleaf-Papier)<br \/>\nFormat: <a href=\"https:\/\/leatai.com\/de\/faq\/was-sind-8k-16k-und-25k-planergroessen-wie-gross-sind-sie\/\" target=\"_blank\" rel=\"noopener\">32K (B6)<\/a> <a href=\"https:\/\/leatai.com\/de\/faq\/was-sind-8k-16k-und-25k-planergroessen-wie-gross-sind-sie\/\" target=\"_blank\" rel=\"noopener\">(siehe Gr\u00f6\u00dfen\u00fcbersicht f\u00fcr Gesch\u00e4ftskalender)<\/a><br \/>\nDicke: 80 g (80 Blatt pro Heft, insgesamt 160 Seiten)<br \/>\nDruck: Einfarbig<br \/>\nInhalt: Vollfl\u00e4chig kariert (ohne jegliche Datumsangaben), 5 mm Rasterabstand \u2013 ideal zum Schreiben und Zeichnen.<\/p>\n","protected":false},"excerpt":{"rendered":"<p>Papier: F\u00fcllerfreundliches Papier (Interleaf-Papier) Format: 32K (B6) (siehe Gr\u00f6\u00dfen\u00fcbersicht f\u00fcr Gesch\u00e4ftskalender) Dicke: 80 g (80 Blatt pro Heft, insgesamt 160 Seiten) Druck: Einfarbig Inhalt: Vollfl\u00e4chig kariert (ohne jegliche Datumsangaben), 5 mm Rasterabstand \u2013 ideal zum Schreiben und Zeichnen.<\/p>\n","protected":false},"featured_media":160250,"template":"","meta":{"_acf_changed":false},"product_brand":[],"product_cat":[972,1011],"product_tag":[1432,1433,1428],"home_works":[],"class_list":{"0":"post-160334","1":"product","2":"type-product","3":"status-publish","4":"has-post-thumbnail","6":"product_cat-innenseitenformat","7":"product_cat-b6-innenseiten","8":"product_tag-32k-de","9":"product_tag-b6-de","10":"product_tag-geschaftsjournal-innenseiten","12":"first","13":"instock","14":"sold-individually","15":"shipping-taxable","16":"purchasable","17":"product-type-simple"},"acf":[],"yoast_head":"<!-- This site is optimized with the Yoast SEO plugin v27.2 - https:\/\/yoast.com\/product\/yoast-seo-wordpress\/ -->\n<title>LGP \u2013 Vollfl\u00e4chig kariert \u2013 L32K - Gesch\u00e4ftsjournal-Innenseiten - Leatai \u2013 Hersteller ma\u00dfgeschneiderter Notizb\u00fccher<\/title>\n<meta name=\"description\" content=\"Format der Innenseiten f\u00fcr Gesch\u00e4ftskalender: Vollfl\u00e4chig kariert Papier: F\u00fcllerfreundliches Papier (Interleaf-Papier) Gr\u00f6\u00dfe: 32K (B6) Dicke: 80 Pfund (80 Blatt pro Heft, insgesamt 160 Seiten) Druck: Einfarbig Inhalt: Vollfl\u00e4chiges Karomuster ohne Datumsangaben, mit 5 mm Rasterabstand \u2013 besonders praktisch und vielseitig einsetzbar.\" \/>\n<meta name=\"robots\" content=\"index, follow, max-snippet:-1, max-image-preview:large, max-video-preview:-1\" \/>\n<link rel=\"canonical\" href=\"https:\/\/leatai.com\/de\/product\/innenseitenformat\/b6-innenseiten\/lgp-vollflaechig-kariert-l32k\/\" \/>\n<meta property=\"og:locale\" content=\"de_DE\" \/>\n<meta property=\"og:type\" content=\"article\" \/>\n<meta property=\"og:title\" content=\"LGP \u2013 Vollfl\u00e4chig kariert \u2013 L32K - Gesch\u00e4ftsjournal-Innenseiten - Leatai \u2013 Hersteller ma\u00dfgeschneiderter Notizb\u00fccher\" \/>\n<meta property=\"og:description\" content=\"Format der Innenseiten f\u00fcr Gesch\u00e4ftskalender: Vollfl\u00e4chig kariert Papier: F\u00fcllerfreundliches Papier (Interleaf-Papier) Gr\u00f6\u00dfe: 32K (B6) Dicke: 80 Pfund (80 Blatt pro Heft, insgesamt 160 Seiten) Druck: Einfarbig Inhalt: Vollfl\u00e4chiges Karomuster ohne Datumsangaben, mit 5 mm Rasterabstand \u2013 besonders praktisch und vielseitig einsetzbar.\" \/>\n<meta property=\"og:url\" content=\"https:\/\/leatai.com\/de\/product\/innenseitenformat\/b6-innenseiten\/lgp-vollflaechig-kariert-l32k\/\" \/>\n<meta property=\"og:site_name\" content=\"Leatai \u2013 Hersteller ma\u00dfgeschneiderter Notizb\u00fccher\" \/>\n<meta property=\"article:modified_time\" content=\"2025-03-27T03:10:47+00:00\" \/>\n<meta property=\"og:image\" content=\"https:\/\/leatai.com\/wp-content\/uploads\/2020_06_16_1046200.jpg\" \/>\n\t<meta property=\"og:image:width\" content=\"1000\" \/>\n\t<meta property=\"og:image:height\" content=\"713\" \/>\n\t<meta property=\"og:image:type\" content=\"image\/jpeg\" \/>\n<meta name=\"twitter:card\" content=\"summary_large_image\" \/>\n<meta name=\"twitter:label1\" content=\"Gesch\u00e4tzte Lesezeit\" \/>\n\t<meta name=\"twitter:data1\" content=\"1\u00a0Minute\" \/>\n<script type=\"application\/ld+json\" class=\"yoast-schema-graph\">{\"@context\":\"https:\/\/schema.org\",\"@graph\":[{\"@type\":\"WebPage\",\"@id\":\"https:\/\/leatai.com\/de\/product\/innenseitenformat\/b6-innenseiten\/lgp-vollflaechig-kariert-l32k\/\",\"url\":\"https:\/\/leatai.com\/de\/product\/innenseitenformat\/b6-innenseiten\/lgp-vollflaechig-kariert-l32k\/\",\"name\":\"LGP \u2013 Vollfl\u00e4chig kariert \u2013 L32K - Gesch\u00e4ftsjournal-Innenseiten - Leatai \u2013 Hersteller ma\u00dfgeschneiderter Notizb\u00fccher\",\"isPartOf\":{\"@id\":\"https:\/\/leatai.com\/de\/#website\"},\"primaryImageOfPage\":{\"@id\":\"https:\/\/leatai.com\/de\/product\/innenseitenformat\/b6-innenseiten\/lgp-vollflaechig-kariert-l32k\/#primaryimage\"},\"image\":{\"@id\":\"https:\/\/leatai.com\/de\/product\/innenseitenformat\/b6-innenseiten\/lgp-vollflaechig-kariert-l32k\/#primaryimage\"},\"thumbnailUrl\":\"https:\/\/leatai.com\/wp-content\/uploads\/2020_06_16_1046200.jpg\",\"datePublished\":\"2021-06-24T05:17:30+00:00\",\"dateModified\":\"2025-03-27T03:10:47+00:00\",\"description\":\"Format der Innenseiten f\u00fcr Gesch\u00e4ftskalender: Vollfl\u00e4chig kariert Papier: F\u00fcllerfreundliches Papier (Interleaf-Papier) Gr\u00f6\u00dfe: 32K (B6) Dicke: 80 Pfund (80 Blatt pro Heft, insgesamt 160 Seiten) Druck: Einfarbig Inhalt: Vollfl\u00e4chiges Karomuster ohne Datumsangaben, mit 5 mm Rasterabstand \u2013 besonders praktisch und vielseitig einsetzbar.\",\"breadcrumb\":{\"@id\":\"https:\/\/leatai.com\/de\/product\/innenseitenformat\/b6-innenseiten\/lgp-vollflaechig-kariert-l32k\/#breadcrumb\"},\"inLanguage\":\"de\",\"potentialAction\":[{\"@type\":\"ReadAction\",\"target\":[\"https:\/\/leatai.com\/de\/product\/innenseitenformat\/b6-innenseiten\/lgp-vollflaechig-kariert-l32k\/\"]}]},{\"@type\":\"ImageObject\",\"inLanguage\":\"de\",\"@id\":\"https:\/\/leatai.com\/de\/product\/innenseitenformat\/b6-innenseiten\/lgp-vollflaechig-kariert-l32k\/#primaryimage\",\"url\":\"https:\/\/leatai.com\/wp-content\/uploads\/2020_06_16_1046200.jpg\",\"contentUrl\":\"https:\/\/leatai.com\/wp-content\/uploads\/2020_06_16_1046200.jpg\",\"width\":1000,\"height\":713,\"caption\":\"Gesch\u00e4ftsjournal-Innenseiten\"},{\"@type\":\"BreadcrumbList\",\"@id\":\"https:\/\/leatai.com\/de\/product\/innenseitenformat\/b6-innenseiten\/lgp-vollflaechig-kariert-l32k\/#breadcrumb\",\"itemListElement\":[{\"@type\":\"ListItem\",\"position\":1,\"name\":\"Home\",\"item\":\"https:\/\/leatai.com\/de\/\"},{\"@type\":\"ListItem\",\"position\":2,\"name\":\"Produktvorstellung\",\"item\":\"https:\/\/leatai.com\/products\/\"},{\"@type\":\"ListItem\",\"position\":3,\"name\":\"Innenseitenformat\",\"item\":\"https:\/\/leatai.com\/de\/produkt-kategorie\/innenseitenformat\/\"},{\"@type\":\"ListItem\",\"position\":4,\"name\":\"B6 Innenseiten\",\"item\":\"https:\/\/leatai.com\/de\/produkt-kategorie\/innenseitenformat\/b6-innenseiten\/\"},{\"@type\":\"ListItem\",\"position\":5,\"name\":\"LGP \u2013 Vollfl\u00e4chig kariert \u2013 L32K\"}]},{\"@type\":\"WebSite\",\"@id\":\"https:\/\/leatai.com\/de\/#website\",\"url\":\"https:\/\/leatai.com\/de\/\",\"name\":\"Leatai \u2013 Hersteller ma\u00dfgeschneiderter Notizb\u00fccher\",\"description\":\"Leatai liefert individuelle Notizb\u00fccher und Planer f\u00fcr Marken und H\u00e4ndler weltweit.\",\"publisher\":{\"@id\":\"https:\/\/leatai.com\/de\/#organization\"},\"potentialAction\":[{\"@type\":\"SearchAction\",\"target\":{\"@type\":\"EntryPoint\",\"urlTemplate\":\"https:\/\/leatai.com\/de\/?s={search_term_string}\"},\"query-input\":{\"@type\":\"PropertyValueSpecification\",\"valueRequired\":true,\"valueName\":\"search_term_string\"}}],\"inLanguage\":\"de\"},{\"@type\":\"Organization\",\"@id\":\"https:\/\/leatai.com\/de\/#organization\",\"name\":\"Leatai Diary, customized journal and business organizer\",\"url\":\"https:\/\/leatai.com\/de\/\",\"logo\":{\"@type\":\"ImageObject\",\"inLanguage\":\"de\",\"@id\":\"https:\/\/leatai.com\/de\/#\/schema\/logo\/image\/\",\"url\":\"https:\/\/leatai.com\/wp-content\/uploads\/logo-blue.png\",\"contentUrl\":\"https:\/\/leatai.com\/wp-content\/uploads\/logo-blue.png\",\"width\":230,\"height\":60,\"caption\":\"Leatai Diary, customized journal and business organizer\"},\"image\":{\"@id\":\"https:\/\/leatai.com\/de\/#\/schema\/logo\/image\/\"}}]}<\/script>\n<!-- \/ Yoast SEO plugin. -->","yoast_head_json":{"title":"LGP \u2013 Vollfl\u00e4chig kariert \u2013 L32K - Gesch\u00e4ftsjournal-Innenseiten - Leatai \u2013 Hersteller ma\u00dfgeschneiderter Notizb\u00fccher","description":"Format der Innenseiten f\u00fcr Gesch\u00e4ftskalender: Vollfl\u00e4chig kariert Papier: F\u00fcllerfreundliches Papier (Interleaf-Papier) Gr\u00f6\u00dfe: 32K (B6) Dicke: 80 Pfund (80 Blatt pro Heft, insgesamt 160 Seiten) Druck: Einfarbig Inhalt: Vollfl\u00e4chiges Karomuster ohne Datumsangaben, mit 5 mm Rasterabstand \u2013 besonders praktisch und vielseitig einsetzbar.","robots":{"index":"index","follow":"follow","max-snippet":"max-snippet:-1","max-image-preview":"max-image-preview:large","max-video-preview":"max-video-preview:-1"},"canonical":"https:\/\/leatai.com\/de\/product\/innenseitenformat\/b6-innenseiten\/lgp-vollflaechig-kariert-l32k\/","og_locale":"de_DE","og_type":"article","og_title":"LGP \u2013 Vollfl\u00e4chig kariert \u2013 L32K - Gesch\u00e4ftsjournal-Innenseiten - Leatai \u2013 Hersteller ma\u00dfgeschneiderter Notizb\u00fccher","og_description":"Format der Innenseiten f\u00fcr Gesch\u00e4ftskalender: Vollfl\u00e4chig kariert Papier: F\u00fcllerfreundliches Papier (Interleaf-Papier) Gr\u00f6\u00dfe: 32K (B6) Dicke: 80 Pfund (80 Blatt pro Heft, insgesamt 160 Seiten) Druck: Einfarbig Inhalt: Vollfl\u00e4chiges Karomuster ohne Datumsangaben, mit 5 mm Rasterabstand \u2013 besonders praktisch und vielseitig einsetzbar.","og_url":"https:\/\/leatai.com\/de\/product\/innenseitenformat\/b6-innenseiten\/lgp-vollflaechig-kariert-l32k\/","og_site_name":"Leatai \u2013 Hersteller ma\u00dfgeschneiderter Notizb\u00fccher","article_modified_time":"2025-03-27T03:10:47+00:00","og_image":[{"width":1000,"height":713,"url":"https:\/\/leatai.com\/wp-content\/uploads\/2020_06_16_1046200.jpg","type":"image\/jpeg"}],"twitter_card":"summary_large_image","twitter_misc":{"Gesch\u00e4tzte Lesezeit":"1\u00a0Minute"},"schema":{"@context":"https:\/\/schema.org","@graph":[{"@type":"WebPage","@id":"https:\/\/leatai.com\/de\/product\/innenseitenformat\/b6-innenseiten\/lgp-vollflaechig-kariert-l32k\/","url":"https:\/\/leatai.com\/de\/product\/innenseitenformat\/b6-innenseiten\/lgp-vollflaechig-kariert-l32k\/","name":"LGP \u2013 Vollfl\u00e4chig kariert \u2013 L32K - Gesch\u00e4ftsjournal-Innenseiten - Leatai \u2013 Hersteller ma\u00dfgeschneiderter Notizb\u00fccher","isPartOf":{"@id":"https:\/\/leatai.com\/de\/#website"},"primaryImageOfPage":{"@id":"https:\/\/leatai.com\/de\/product\/innenseitenformat\/b6-innenseiten\/lgp-vollflaechig-kariert-l32k\/#primaryimage"},"image":{"@id":"https:\/\/leatai.com\/de\/product\/innenseitenformat\/b6-innenseiten\/lgp-vollflaechig-kariert-l32k\/#primaryimage"},"thumbnailUrl":"https:\/\/leatai.com\/wp-content\/uploads\/2020_06_16_1046200.jpg","datePublished":"2021-06-24T05:17:30+00:00","dateModified":"2025-03-27T03:10:47+00:00","description":"Format der Innenseiten f\u00fcr Gesch\u00e4ftskalender: Vollfl\u00e4chig kariert Papier: F\u00fcllerfreundliches Papier (Interleaf-Papier) Gr\u00f6\u00dfe: 32K (B6) Dicke: 80 Pfund (80 Blatt pro Heft, insgesamt 160 Seiten) Druck: Einfarbig Inhalt: Vollfl\u00e4chiges Karomuster ohne Datumsangaben, mit 5 mm Rasterabstand \u2013 besonders praktisch und vielseitig einsetzbar.","breadcrumb":{"@id":"https:\/\/leatai.com\/de\/product\/innenseitenformat\/b6-innenseiten\/lgp-vollflaechig-kariert-l32k\/#breadcrumb"},"inLanguage":"de","potentialAction":[{"@type":"ReadAction","target":["https:\/\/leatai.com\/de\/product\/innenseitenformat\/b6-innenseiten\/lgp-vollflaechig-kariert-l32k\/"]}]},{"@type":"ImageObject","inLanguage":"de","@id":"https:\/\/leatai.com\/de\/product\/innenseitenformat\/b6-innenseiten\/lgp-vollflaechig-kariert-l32k\/#primaryimage","url":"https:\/\/leatai.com\/wp-content\/uploads\/2020_06_16_1046200.jpg","contentUrl":"https:\/\/leatai.com\/wp-content\/uploads\/2020_06_16_1046200.jpg","width":1000,"height":713,"caption":"Gesch\u00e4ftsjournal-Innenseiten"},{"@type":"BreadcrumbList","@id":"https:\/\/leatai.com\/de\/product\/innenseitenformat\/b6-innenseiten\/lgp-vollflaechig-kariert-l32k\/#breadcrumb","itemListElement":[{"@type":"ListItem","position":1,"name":"Home","item":"https:\/\/leatai.com\/de\/"},{"@type":"ListItem","position":2,"name":"Produktvorstellung","item":"https:\/\/leatai.com\/products\/"},{"@type":"ListItem","position":3,"name":"Innenseitenformat","item":"https:\/\/leatai.com\/de\/produkt-kategorie\/innenseitenformat\/"},{"@type":"ListItem","position":4,"name":"B6 Innenseiten","item":"https:\/\/leatai.com\/de\/produkt-kategorie\/innenseitenformat\/b6-innenseiten\/"},{"@type":"ListItem","position":5,"name":"LGP \u2013 Vollfl\u00e4chig kariert \u2013 L32K"}]},{"@type":"WebSite","@id":"https:\/\/leatai.com\/de\/#website","url":"https:\/\/leatai.com\/de\/","name":"Leatai \u2013 Hersteller ma\u00dfgeschneiderter Notizb\u00fccher","description":"Leatai liefert individuelle Notizb\u00fccher und Planer f\u00fcr Marken und H\u00e4ndler weltweit.","publisher":{"@id":"https:\/\/leatai.com\/de\/#organization"},"potentialAction":[{"@type":"SearchAction","target":{"@type":"EntryPoint","urlTemplate":"https:\/\/leatai.com\/de\/?s={search_term_string}"},"query-input":{"@type":"PropertyValueSpecification","valueRequired":true,"valueName":"search_term_string"}}],"inLanguage":"de"},{"@type":"Organization","@id":"https:\/\/leatai.com\/de\/#organization","name":"Leatai Diary, customized journal and business organizer","url":"https:\/\/leatai.com\/de\/","logo":{"@type":"ImageObject","inLanguage":"de","@id":"https:\/\/leatai.com\/de\/#\/schema\/logo\/image\/","url":"https:\/\/leatai.com\/wp-content\/uploads\/logo-blue.png","contentUrl":"https:\/\/leatai.com\/wp-content\/uploads\/logo-blue.png","width":230,"height":60,"caption":"Leatai Diary, customized journal and business organizer"},"image":{"@id":"https:\/\/leatai.com\/de\/#\/schema\/logo\/image\/"}}]}},"_links":{"self":[{"href":"https:\/\/leatai.com\/de\/wp-json\/wp\/v2\/product\/160334","targetHints":{"allow":["GET"]}}],"collection":[{"href":"https:\/\/leatai.com\/de\/wp-json\/wp\/v2\/product"}],"about":[{"href":"https:\/\/leatai.com\/de\/wp-json\/wp\/v2\/types\/product"}],"wp:featuredmedia":[{"embeddable":true,"href":"https:\/\/leatai.com\/de\/wp-json\/wp\/v2\/media\/160250"}],"wp:attachment":[{"href":"https:\/\/leatai.com\/de\/wp-json\/wp\/v2\/media?parent=160334"}],"wp:term":[{"taxonomy":"product_brand","embeddable":true,"href":"https:\/\/leatai.com\/de\/wp-json\/wp\/v2\/product_brand?post=160334"},{"taxonomy":"product_cat","embeddable":true,"href":"https:\/\/leatai.com\/de\/wp-json\/wp\/v2\/product_cat?post=160334"},{"taxonomy":"product_tag","embeddable":true,"href":"https:\/\/leatai.com\/de\/wp-json\/wp\/v2\/product_tag?post=160334"},{"taxonomy":"home_works","embeddable":true,"href":"https:\/\/leatai.com\/de\/wp-json\/wp\/v2\/home_works?post=160334"}],"curies":[{"name":"wp","href":"https:\/\/api.w.org\/{rel}","templated":true}]}}