{"id":160276,"date":"2021-06-24T13:17:30","date_gmt":"2021-06-24T05:17:30","guid":{"rendered":"https:\/\/leatai.com\/product\/unkategorisiert\/lgp-%e5%b7%a6%e4%b8%89%e5%8f%b3%e5%9b%9b%e9%80%b1%e8%a8%88%e5%8a%83-%e6%a9%ab%e5%bc%8f-l25k\/"},"modified":"2025-03-27T10:19:18","modified_gmt":"2025-03-27T02:19:18","slug":"lgp-wochenplan-links-drei-rechts-vier-querformat-l25k","status":"publish","type":"product","link":"https:\/\/leatai.com\/de\/product\/innenseitenformat\/a5-innenseiten\/lgp-wochenplan-links-drei-rechts-vier-querformat-l25k\/","title":{"rendered":"LGP \u2013 Wochenplan \u201elinks drei, rechts vier\u201c \u2013 Querformat \u2013 L25K"},"content":{"rendered":"<p>Papier: F\u00fcllerfreundliches Papier (Interleaf-Papier)<br \/>\nFormat: <a href=\"https:\/\/leatai.com\/de\/faq\/was-sind-8k-16k-und-25k-planergroessen-wie-gross-sind-sie\/\" target=\"_blank\" rel=\"noopener\">25K (A5)<\/a> <a href=\"https:\/\/leatai.com\/de\/faq\/was-sind-8k-16k-und-25k-planergroessen-wie-gross-sind-sie\/\" target=\"_blank\" rel=\"noopener\">(siehe Gr\u00f6\u00dfen\u00fcbersicht f\u00fcr Gesch\u00e4ftskalender)<\/a><br \/>\nDicke: 80 Pfund (80 Blatt pro Heft, insgesamt 160 Seiten)<br \/>\nDruck: Zweifarbig<br \/>\nInhalt: Monatsplan + Wochenplan im Querformat (links drei Tage, rechts vier Tage) + Infoseiten<\/p>\n<p>Seitenaufteilung:<br \/>\nP.1\u2003Titelseite<br \/>\nP.2\u2013P.3\u2003Jahreskalender<br \/>\nP.4\u2013P.5\u2003Jahres\u00fcbersicht<br \/>\nP.6\u2013P.31\u2003Monatspl\u00e4ne (Januar des aktuellen Jahres bis Januar des Folgejahres, je Monat auf zwei gegen\u00fcberliegenden Seiten)<br \/>\nP.32\u2013P.33\u2003Wichtige Jahresziele<br \/>\nP.34\u2013P.149\u2003Wochenpl\u00e4ne im Querformat: links drei Tage, rechts vier Tage (Januar des aktuellen Jahres bis Ende Januar des Folgejahres, je Woche auf zwei Seiten)<br \/>\nP.150\u2013P.155\u2003Linierte Notizseiten<br \/>\nP.156\u2013P.160\u2003Infoseiten (Beispiele g\u00e4ngiger Druckeffekte, U-Bahn-Plan, pers\u00f6nliche Daten)<\/p>\n","protected":false},"excerpt":{"rendered":"<p>Papier: F\u00fcllerfreundliches Papier (Interleaf-Papier) Format: 25K (A5) (siehe Gr\u00f6\u00dfen\u00fcbersicht f\u00fcr Gesch\u00e4ftskalender) Dicke: 80 Pfund (80 Blatt pro Heft, insgesamt 160 Seiten) Druck: Zweifarbig Inhalt: Monatsplan + Wochenplan im Querformat (links drei Tage, rechts vier Tage) + Infoseiten Seitenaufteilung: P.1\u2003Titelseite P.2\u2013P.3\u2003Jahreskalender P.4\u2013P.5\u2003Jahres\u00fcbersicht P.6\u2013P.31\u2003Monatspl\u00e4ne (Januar des aktuellen Jahres bis Januar des Folgejahres, je Monat auf zwei gegen\u00fcberliegenden [&hellip;]<\/p>\n","protected":false},"featured_media":160294,"template":"","meta":{"_acf_changed":false},"product_brand":[],"product_cat":[972,998],"product_tag":[1430,1431,1428],"home_works":[],"class_list":{"0":"post-160276","1":"product","2":"type-product","3":"status-publish","4":"has-post-thumbnail","6":"product_cat-innenseitenformat","7":"product_cat-a5-innenseiten","8":"product_tag-25k-de","9":"product_tag-a5-de","10":"product_tag-geschaftsjournal-innenseiten","12":"first","13":"instock","14":"sold-individually","15":"shipping-taxable","16":"purchasable","17":"product-type-simple"},"acf":[],"yoast_head":"<!-- This site is optimized with the Yoast SEO plugin v27.2 - https:\/\/yoast.com\/product\/yoast-seo-wordpress\/ -->\n<title>LGP \u2013 Wochenplan \u201elinks drei, rechts vier\u201c \u2013 Querformat \u2013 L25K - Gesch\u00e4ftsjournal-Innenseiten - Leatai \u2013 Hersteller ma\u00dfgeschneiderter Notizb\u00fccher<\/title>\n<meta name=\"description\" content=\"Format der Innenseiten f\u00fcr Gesch\u00e4ftskalender: Wochenplan \u201elinks drei, rechts vier\u201c im Querformat Papier: F\u00fcllerfreundliches Papier (Interleaf-Papier) Gr\u00f6\u00dfe: 25K (A5) Dicke: 80 Pfund (80 Blatt pro Heft, insgesamt 160 Seiten) Druck: Zweifarbig Inhalt: Monatspl\u00e4ne + Wochenpl\u00e4ne im Format \u201elinks drei, rechts vier\u201c + Infoseiten \u2013 ideal f\u00fcr strukturierte Wochen\u00fcbersichten mit ausreichend Platz f\u00fcr Planung und Notizen.\" \/>\n<meta name=\"robots\" content=\"index, follow, max-snippet:-1, max-image-preview:large, max-video-preview:-1\" \/>\n<link rel=\"canonical\" href=\"https:\/\/leatai.com\/de\/product\/innenseitenformat\/a5-innenseiten\/lgp-wochenplan-links-drei-rechts-vier-querformat-l25k\/\" \/>\n<meta property=\"og:locale\" content=\"de_DE\" \/>\n<meta property=\"og:type\" content=\"article\" \/>\n<meta property=\"og:title\" content=\"LGP \u2013 Wochenplan \u201elinks drei, rechts vier\u201c \u2013 Querformat \u2013 L25K - Gesch\u00e4ftsjournal-Innenseiten - Leatai \u2013 Hersteller ma\u00dfgeschneiderter Notizb\u00fccher\" \/>\n<meta property=\"og:description\" content=\"Format der Innenseiten f\u00fcr Gesch\u00e4ftskalender: Wochenplan \u201elinks drei, rechts vier\u201c im Querformat Papier: F\u00fcllerfreundliches Papier (Interleaf-Papier) Gr\u00f6\u00dfe: 25K (A5) Dicke: 80 Pfund (80 Blatt pro Heft, insgesamt 160 Seiten) Druck: Zweifarbig Inhalt: Monatspl\u00e4ne + Wochenpl\u00e4ne im Format \u201elinks drei, rechts vier\u201c + Infoseiten \u2013 ideal f\u00fcr strukturierte Wochen\u00fcbersichten mit ausreichend Platz f\u00fcr Planung und Notizen.\" \/>\n<meta property=\"og:url\" content=\"https:\/\/leatai.com\/de\/product\/innenseitenformat\/a5-innenseiten\/lgp-wochenplan-links-drei-rechts-vier-querformat-l25k\/\" \/>\n<meta property=\"og:site_name\" content=\"Leatai \u2013 Hersteller ma\u00dfgeschneiderter Notizb\u00fccher\" \/>\n<meta property=\"article:modified_time\" content=\"2025-03-27T02:19:18+00:00\" \/>\n<meta property=\"og:image\" content=\"https:\/\/leatai.com\/wp-content\/uploads\/25K\u6a6b\u5f0f\u9031\u8a08\u756b-1000X750-4.jpg\" \/>\n\t<meta property=\"og:image:width\" content=\"1000\" \/>\n\t<meta property=\"og:image:height\" content=\"750\" \/>\n\t<meta property=\"og:image:type\" content=\"image\/jpeg\" \/>\n<meta name=\"twitter:card\" content=\"summary_large_image\" \/>\n<meta name=\"twitter:label1\" content=\"Gesch\u00e4tzte Lesezeit\" \/>\n\t<meta name=\"twitter:data1\" content=\"1\u00a0Minute\" \/>\n<script type=\"application\/ld+json\" class=\"yoast-schema-graph\">{\"@context\":\"https:\/\/schema.org\",\"@graph\":[{\"@type\":\"WebPage\",\"@id\":\"https:\/\/leatai.com\/de\/product\/innenseitenformat\/a5-innenseiten\/lgp-wochenplan-links-drei-rechts-vier-querformat-l25k\/\",\"url\":\"https:\/\/leatai.com\/de\/product\/innenseitenformat\/a5-innenseiten\/lgp-wochenplan-links-drei-rechts-vier-querformat-l25k\/\",\"name\":\"LGP \u2013 Wochenplan \u201elinks drei, rechts vier\u201c \u2013 Querformat \u2013 L25K - Gesch\u00e4ftsjournal-Innenseiten - Leatai \u2013 Hersteller ma\u00dfgeschneiderter Notizb\u00fccher\",\"isPartOf\":{\"@id\":\"https:\/\/leatai.com\/de\/#website\"},\"primaryImageOfPage\":{\"@id\":\"https:\/\/leatai.com\/de\/product\/innenseitenformat\/a5-innenseiten\/lgp-wochenplan-links-drei-rechts-vier-querformat-l25k\/#primaryimage\"},\"image\":{\"@id\":\"https:\/\/leatai.com\/de\/product\/innenseitenformat\/a5-innenseiten\/lgp-wochenplan-links-drei-rechts-vier-querformat-l25k\/#primaryimage\"},\"thumbnailUrl\":\"https:\/\/leatai.com\/wp-content\/uploads\/25K\u6a6b\u5f0f\u9031\u8a08\u756b-1000X750-4.jpg\",\"datePublished\":\"2021-06-24T05:17:30+00:00\",\"dateModified\":\"2025-03-27T02:19:18+00:00\",\"description\":\"Format der Innenseiten f\u00fcr Gesch\u00e4ftskalender: Wochenplan \u201elinks drei, rechts vier\u201c im Querformat Papier: F\u00fcllerfreundliches Papier (Interleaf-Papier) Gr\u00f6\u00dfe: 25K (A5) Dicke: 80 Pfund (80 Blatt pro Heft, insgesamt 160 Seiten) Druck: Zweifarbig Inhalt: Monatspl\u00e4ne + Wochenpl\u00e4ne im Format \u201elinks drei, rechts vier\u201c + Infoseiten \u2013 ideal f\u00fcr strukturierte Wochen\u00fcbersichten mit ausreichend Platz f\u00fcr Planung und Notizen.\",\"breadcrumb\":{\"@id\":\"https:\/\/leatai.com\/de\/product\/innenseitenformat\/a5-innenseiten\/lgp-wochenplan-links-drei-rechts-vier-querformat-l25k\/#breadcrumb\"},\"inLanguage\":\"de\",\"potentialAction\":[{\"@type\":\"ReadAction\",\"target\":[\"https:\/\/leatai.com\/de\/product\/innenseitenformat\/a5-innenseiten\/lgp-wochenplan-links-drei-rechts-vier-querformat-l25k\/\"]}]},{\"@type\":\"ImageObject\",\"inLanguage\":\"de\",\"@id\":\"https:\/\/leatai.com\/de\/product\/innenseitenformat\/a5-innenseiten\/lgp-wochenplan-links-drei-rechts-vier-querformat-l25k\/#primaryimage\",\"url\":\"https:\/\/leatai.com\/wp-content\/uploads\/25K\u6a6b\u5f0f\u9031\u8a08\u756b-1000X750-4.jpg\",\"contentUrl\":\"https:\/\/leatai.com\/wp-content\/uploads\/25K\u6a6b\u5f0f\u9031\u8a08\u756b-1000X750-4.jpg\",\"width\":1000,\"height\":750,\"caption\":\"Gesch\u00e4ftsjournal-Innenseiten\"},{\"@type\":\"BreadcrumbList\",\"@id\":\"https:\/\/leatai.com\/de\/product\/innenseitenformat\/a5-innenseiten\/lgp-wochenplan-links-drei-rechts-vier-querformat-l25k\/#breadcrumb\",\"itemListElement\":[{\"@type\":\"ListItem\",\"position\":1,\"name\":\"Home\",\"item\":\"https:\/\/leatai.com\/de\/\"},{\"@type\":\"ListItem\",\"position\":2,\"name\":\"Produktvorstellung\",\"item\":\"https:\/\/leatai.com\/products\/\"},{\"@type\":\"ListItem\",\"position\":3,\"name\":\"Innenseitenformat\",\"item\":\"https:\/\/leatai.com\/de\/produkt-kategorie\/innenseitenformat\/\"},{\"@type\":\"ListItem\",\"position\":4,\"name\":\"A5 Innenseiten\",\"item\":\"https:\/\/leatai.com\/de\/produkt-kategorie\/innenseitenformat\/a5-innenseiten\/\"},{\"@type\":\"ListItem\",\"position\":5,\"name\":\"LGP \u2013 Wochenplan \u201elinks drei, rechts vier\u201c \u2013 Querformat \u2013 L25K\"}]},{\"@type\":\"WebSite\",\"@id\":\"https:\/\/leatai.com\/de\/#website\",\"url\":\"https:\/\/leatai.com\/de\/\",\"name\":\"Leatai \u2013 Hersteller ma\u00dfgeschneiderter Notizb\u00fccher\",\"description\":\"Leatai liefert individuelle Notizb\u00fccher und Planer f\u00fcr Marken und H\u00e4ndler weltweit.\",\"publisher\":{\"@id\":\"https:\/\/leatai.com\/de\/#organization\"},\"potentialAction\":[{\"@type\":\"SearchAction\",\"target\":{\"@type\":\"EntryPoint\",\"urlTemplate\":\"https:\/\/leatai.com\/de\/?s={search_term_string}\"},\"query-input\":{\"@type\":\"PropertyValueSpecification\",\"valueRequired\":true,\"valueName\":\"search_term_string\"}}],\"inLanguage\":\"de\"},{\"@type\":\"Organization\",\"@id\":\"https:\/\/leatai.com\/de\/#organization\",\"name\":\"Leatai Diary, customized journal and business organizer\",\"url\":\"https:\/\/leatai.com\/de\/\",\"logo\":{\"@type\":\"ImageObject\",\"inLanguage\":\"de\",\"@id\":\"https:\/\/leatai.com\/de\/#\/schema\/logo\/image\/\",\"url\":\"https:\/\/leatai.com\/wp-content\/uploads\/logo-blue.png\",\"contentUrl\":\"https:\/\/leatai.com\/wp-content\/uploads\/logo-blue.png\",\"width\":230,\"height\":60,\"caption\":\"Leatai Diary, customized journal and business organizer\"},\"image\":{\"@id\":\"https:\/\/leatai.com\/de\/#\/schema\/logo\/image\/\"}}]}<\/script>\n<!-- \/ Yoast SEO plugin. -->","yoast_head_json":{"title":"LGP \u2013 Wochenplan \u201elinks drei, rechts vier\u201c \u2013 Querformat \u2013 L25K - Gesch\u00e4ftsjournal-Innenseiten - Leatai \u2013 Hersteller ma\u00dfgeschneiderter Notizb\u00fccher","description":"Format der Innenseiten f\u00fcr Gesch\u00e4ftskalender: Wochenplan \u201elinks drei, rechts vier\u201c im Querformat Papier: F\u00fcllerfreundliches Papier (Interleaf-Papier) Gr\u00f6\u00dfe: 25K (A5) Dicke: 80 Pfund (80 Blatt pro Heft, insgesamt 160 Seiten) Druck: Zweifarbig Inhalt: Monatspl\u00e4ne + Wochenpl\u00e4ne im Format \u201elinks drei, rechts vier\u201c + Infoseiten \u2013 ideal f\u00fcr strukturierte Wochen\u00fcbersichten mit ausreichend Platz f\u00fcr Planung und Notizen.","robots":{"index":"index","follow":"follow","max-snippet":"max-snippet:-1","max-image-preview":"max-image-preview:large","max-video-preview":"max-video-preview:-1"},"canonical":"https:\/\/leatai.com\/de\/product\/innenseitenformat\/a5-innenseiten\/lgp-wochenplan-links-drei-rechts-vier-querformat-l25k\/","og_locale":"de_DE","og_type":"article","og_title":"LGP \u2013 Wochenplan \u201elinks drei, rechts vier\u201c \u2013 Querformat \u2013 L25K - Gesch\u00e4ftsjournal-Innenseiten - Leatai \u2013 Hersteller ma\u00dfgeschneiderter Notizb\u00fccher","og_description":"Format der Innenseiten f\u00fcr Gesch\u00e4ftskalender: Wochenplan \u201elinks drei, rechts vier\u201c im Querformat Papier: F\u00fcllerfreundliches Papier (Interleaf-Papier) Gr\u00f6\u00dfe: 25K (A5) Dicke: 80 Pfund (80 Blatt pro Heft, insgesamt 160 Seiten) Druck: Zweifarbig Inhalt: Monatspl\u00e4ne + Wochenpl\u00e4ne im Format \u201elinks drei, rechts vier\u201c + Infoseiten \u2013 ideal f\u00fcr strukturierte Wochen\u00fcbersichten mit ausreichend Platz f\u00fcr Planung und Notizen.","og_url":"https:\/\/leatai.com\/de\/product\/innenseitenformat\/a5-innenseiten\/lgp-wochenplan-links-drei-rechts-vier-querformat-l25k\/","og_site_name":"Leatai \u2013 Hersteller ma\u00dfgeschneiderter Notizb\u00fccher","article_modified_time":"2025-03-27T02:19:18+00:00","og_image":[{"width":1000,"height":750,"url":"https:\/\/leatai.com\/wp-content\/uploads\/25K\u6a6b\u5f0f\u9031\u8a08\u756b-1000X750-4.jpg","type":"image\/jpeg"}],"twitter_card":"summary_large_image","twitter_misc":{"Gesch\u00e4tzte Lesezeit":"1\u00a0Minute"},"schema":{"@context":"https:\/\/schema.org","@graph":[{"@type":"WebPage","@id":"https:\/\/leatai.com\/de\/product\/innenseitenformat\/a5-innenseiten\/lgp-wochenplan-links-drei-rechts-vier-querformat-l25k\/","url":"https:\/\/leatai.com\/de\/product\/innenseitenformat\/a5-innenseiten\/lgp-wochenplan-links-drei-rechts-vier-querformat-l25k\/","name":"LGP \u2013 Wochenplan \u201elinks drei, rechts vier\u201c \u2013 Querformat \u2013 L25K - Gesch\u00e4ftsjournal-Innenseiten - Leatai \u2013 Hersteller ma\u00dfgeschneiderter Notizb\u00fccher","isPartOf":{"@id":"https:\/\/leatai.com\/de\/#website"},"primaryImageOfPage":{"@id":"https:\/\/leatai.com\/de\/product\/innenseitenformat\/a5-innenseiten\/lgp-wochenplan-links-drei-rechts-vier-querformat-l25k\/#primaryimage"},"image":{"@id":"https:\/\/leatai.com\/de\/product\/innenseitenformat\/a5-innenseiten\/lgp-wochenplan-links-drei-rechts-vier-querformat-l25k\/#primaryimage"},"thumbnailUrl":"https:\/\/leatai.com\/wp-content\/uploads\/25K\u6a6b\u5f0f\u9031\u8a08\u756b-1000X750-4.jpg","datePublished":"2021-06-24T05:17:30+00:00","dateModified":"2025-03-27T02:19:18+00:00","description":"Format der Innenseiten f\u00fcr Gesch\u00e4ftskalender: Wochenplan \u201elinks drei, rechts vier\u201c im Querformat Papier: F\u00fcllerfreundliches Papier (Interleaf-Papier) Gr\u00f6\u00dfe: 25K (A5) Dicke: 80 Pfund (80 Blatt pro Heft, insgesamt 160 Seiten) Druck: Zweifarbig Inhalt: Monatspl\u00e4ne + Wochenpl\u00e4ne im Format \u201elinks drei, rechts vier\u201c + Infoseiten \u2013 ideal f\u00fcr strukturierte Wochen\u00fcbersichten mit ausreichend Platz f\u00fcr Planung und Notizen.","breadcrumb":{"@id":"https:\/\/leatai.com\/de\/product\/innenseitenformat\/a5-innenseiten\/lgp-wochenplan-links-drei-rechts-vier-querformat-l25k\/#breadcrumb"},"inLanguage":"de","potentialAction":[{"@type":"ReadAction","target":["https:\/\/leatai.com\/de\/product\/innenseitenformat\/a5-innenseiten\/lgp-wochenplan-links-drei-rechts-vier-querformat-l25k\/"]}]},{"@type":"ImageObject","inLanguage":"de","@id":"https:\/\/leatai.com\/de\/product\/innenseitenformat\/a5-innenseiten\/lgp-wochenplan-links-drei-rechts-vier-querformat-l25k\/#primaryimage","url":"https:\/\/leatai.com\/wp-content\/uploads\/25K\u6a6b\u5f0f\u9031\u8a08\u756b-1000X750-4.jpg","contentUrl":"https:\/\/leatai.com\/wp-content\/uploads\/25K\u6a6b\u5f0f\u9031\u8a08\u756b-1000X750-4.jpg","width":1000,"height":750,"caption":"Gesch\u00e4ftsjournal-Innenseiten"},{"@type":"BreadcrumbList","@id":"https:\/\/leatai.com\/de\/product\/innenseitenformat\/a5-innenseiten\/lgp-wochenplan-links-drei-rechts-vier-querformat-l25k\/#breadcrumb","itemListElement":[{"@type":"ListItem","position":1,"name":"Home","item":"https:\/\/leatai.com\/de\/"},{"@type":"ListItem","position":2,"name":"Produktvorstellung","item":"https:\/\/leatai.com\/products\/"},{"@type":"ListItem","position":3,"name":"Innenseitenformat","item":"https:\/\/leatai.com\/de\/produkt-kategorie\/innenseitenformat\/"},{"@type":"ListItem","position":4,"name":"A5 Innenseiten","item":"https:\/\/leatai.com\/de\/produkt-kategorie\/innenseitenformat\/a5-innenseiten\/"},{"@type":"ListItem","position":5,"name":"LGP \u2013 Wochenplan \u201elinks drei, rechts vier\u201c \u2013 Querformat \u2013 L25K"}]},{"@type":"WebSite","@id":"https:\/\/leatai.com\/de\/#website","url":"https:\/\/leatai.com\/de\/","name":"Leatai \u2013 Hersteller ma\u00dfgeschneiderter Notizb\u00fccher","description":"Leatai liefert individuelle Notizb\u00fccher und Planer f\u00fcr Marken und H\u00e4ndler weltweit.","publisher":{"@id":"https:\/\/leatai.com\/de\/#organization"},"potentialAction":[{"@type":"SearchAction","target":{"@type":"EntryPoint","urlTemplate":"https:\/\/leatai.com\/de\/?s={search_term_string}"},"query-input":{"@type":"PropertyValueSpecification","valueRequired":true,"valueName":"search_term_string"}}],"inLanguage":"de"},{"@type":"Organization","@id":"https:\/\/leatai.com\/de\/#organization","name":"Leatai Diary, customized journal and business organizer","url":"https:\/\/leatai.com\/de\/","logo":{"@type":"ImageObject","inLanguage":"de","@id":"https:\/\/leatai.com\/de\/#\/schema\/logo\/image\/","url":"https:\/\/leatai.com\/wp-content\/uploads\/logo-blue.png","contentUrl":"https:\/\/leatai.com\/wp-content\/uploads\/logo-blue.png","width":230,"height":60,"caption":"Leatai Diary, customized journal and business organizer"},"image":{"@id":"https:\/\/leatai.com\/de\/#\/schema\/logo\/image\/"}}]}},"_links":{"self":[{"href":"https:\/\/leatai.com\/de\/wp-json\/wp\/v2\/product\/160276","targetHints":{"allow":["GET"]}}],"collection":[{"href":"https:\/\/leatai.com\/de\/wp-json\/wp\/v2\/product"}],"about":[{"href":"https:\/\/leatai.com\/de\/wp-json\/wp\/v2\/types\/product"}],"wp:featuredmedia":[{"embeddable":true,"href":"https:\/\/leatai.com\/de\/wp-json\/wp\/v2\/media\/160294"}],"wp:attachment":[{"href":"https:\/\/leatai.com\/de\/wp-json\/wp\/v2\/media?parent=160276"}],"wp:term":[{"taxonomy":"product_brand","embeddable":true,"href":"https:\/\/leatai.com\/de\/wp-json\/wp\/v2\/product_brand?post=160276"},{"taxonomy":"product_cat","embeddable":true,"href":"https:\/\/leatai.com\/de\/wp-json\/wp\/v2\/product_cat?post=160276"},{"taxonomy":"product_tag","embeddable":true,"href":"https:\/\/leatai.com\/de\/wp-json\/wp\/v2\/product_tag?post=160276"},{"taxonomy":"home_works","embeddable":true,"href":"https:\/\/leatai.com\/de\/wp-json\/wp\/v2\/home_works?post=160276"}],"curies":[{"name":"wp","href":"https:\/\/api.w.org\/{rel}","templated":true}]}}