{"id":160159,"date":"2021-06-24T13:22:22","date_gmt":"2021-06-24T05:22:22","guid":{"rendered":"https:\/\/leatai.com\/product\/unkategorisiert\/stanz-und-formzuschnitt-dienstleistung\/"},"modified":"2025-03-26T15:11:25","modified_gmt":"2025-03-26T07:11:25","slug":"stanz-und-formzuschnitt-dienstleistung","status":"publish","type":"product","link":"https:\/\/leatai.com\/de\/product\/andere-fertigung\/stanz-und-formzuschnitt-dienstleistung\/","title":{"rendered":"Stanz- und Formzuschnitt-Dienstleistung"},"content":{"rendered":"<p>Auftragsarbeit: Stanz- und Formzuschnitt<br \/>\nBeschreibung: In einer Zeit, in der traditionelle Verarbeitungstechniken zunehmend in den Hintergrund treten, gewinnen Stanz- und Formzuschnitt an Bedeutung \u2013 besonders bei der Verarbeitung von dickeren Materialien sind sie unverzichtbar. Leatai verf\u00fcgt \u00fcber entsprechende Schneideanlagen, mit denen das Zuschneiden ganzer Lederrollen sowie der Formzuschnitt in einem einzigen Arbeitsablauf durchgef\u00fchrt werden k\u00f6nnen.<\/p>\n<p><iframe title=\"Cutting and Die-Cutting\" width=\"800\" height=\"450\" src=\"https:\/\/www.youtube.com\/embed\/4gTuYQcU6bU?feature=oembed&#038;enablejsapi=1&#038;origin=https:\/\/leatai.com\" frameborder=\"0\" allow=\"accelerometer; autoplay; clipboard-write; encrypted-media; gyroscope; picture-in-picture; web-share\" referrerpolicy=\"strict-origin-when-cross-origin\" allowfullscreen><\/iframe><\/p>\n<p>&nbsp;<\/p>\n","protected":false},"excerpt":{"rendered":"<p>Auftragsarbeit: Stanz- und Formzuschnitt Beschreibung: In einer Zeit, in der traditionelle Verarbeitungstechniken zunehmend in den Hintergrund treten, gewinnen Stanz- und Formzuschnitt an Bedeutung \u2013 besonders bei der Verarbeitung von dickeren Materialien sind sie unverzichtbar. Leatai verf\u00fcgt \u00fcber entsprechende Schneideanlagen, mit denen das Zuschneiden ganzer Lederrollen sowie der Formzuschnitt in einem einzigen Arbeitsablauf durchgef\u00fchrt werden k\u00f6nnen. [&hellip;]<\/p>\n","protected":false},"featured_media":160160,"template":"","meta":{"_acf_changed":false},"product_brand":[],"product_cat":[1154],"product_tag":[],"home_works":[],"class_list":{"0":"post-160159","1":"product","2":"type-product","3":"status-publish","4":"has-post-thumbnail","6":"product_cat-andere-fertigung","8":"first","9":"outofstock","10":"sold-individually","11":"shipping-taxable","12":"purchasable","13":"product-type-variable","14":"has-default-attributes"},"acf":[],"yoast_head":"<!-- This site is optimized with the Yoast SEO plugin v27.2 - https:\/\/yoast.com\/product\/yoast-seo-wordpress\/ -->\n<title>Stanz- und Formzuschnitt-Dienstleistung - Anfertigung von Stanzformen m\u00f6glich, Formzuschnitt f\u00fcr dicke und d\u00fcnne Materialien - Leatai \u2013 Hersteller ma\u00dfgeschneiderter Notizb\u00fccher<\/title>\n<meta name=\"description\" content=\"Auftragsarbeit: Stanz- und Formzuschnitt Beschreibung: W\u00e4hrend traditionelle Verarbeitungstechniken zunehmend in den Hintergrund geraten, gewinnen das Stanzen und der Formzuschnitt an neuer Bedeutung \u2013 insbesondere bei der Verarbeitung von dickem Material sind sie unverzichtbar. Leatai ist mit Schneid- und Stanzanlagen ausgestattet, die das Zuschneiden ganzer Lederrollen sowie den Formzuschnitt in einem einzigen, durchg\u00e4ngigen Arbeitsprozess erm\u00f6glichen.\" \/>\n<meta name=\"robots\" content=\"index, follow, max-snippet:-1, max-image-preview:large, max-video-preview:-1\" \/>\n<link rel=\"canonical\" href=\"https:\/\/leatai.com\/de\/product\/andere-fertigung\/stanz-und-formzuschnitt-dienstleistung\/\" \/>\n<meta property=\"og:locale\" content=\"de_DE\" \/>\n<meta property=\"og:type\" content=\"article\" \/>\n<meta property=\"og:title\" content=\"Stanz- und Formzuschnitt-Dienstleistung - Anfertigung von Stanzformen m\u00f6glich, Formzuschnitt f\u00fcr dicke und d\u00fcnne Materialien - Leatai \u2013 Hersteller ma\u00dfgeschneiderter Notizb\u00fccher\" \/>\n<meta property=\"og:description\" content=\"Auftragsarbeit: Stanz- und Formzuschnitt Beschreibung: W\u00e4hrend traditionelle Verarbeitungstechniken zunehmend in den Hintergrund geraten, gewinnen das Stanzen und der Formzuschnitt an neuer Bedeutung \u2013 insbesondere bei der Verarbeitung von dickem Material sind sie unverzichtbar. Leatai ist mit Schneid- und Stanzanlagen ausgestattet, die das Zuschneiden ganzer Lederrollen sowie den Formzuschnitt in einem einzigen, durchg\u00e4ngigen Arbeitsprozess erm\u00f6glichen.\" \/>\n<meta property=\"og:url\" content=\"https:\/\/leatai.com\/de\/product\/andere-fertigung\/stanz-und-formzuschnitt-dienstleistung\/\" \/>\n<meta property=\"og:site_name\" content=\"Leatai \u2013 Hersteller ma\u00dfgeschneiderter Notizb\u00fccher\" \/>\n<meta property=\"article:modified_time\" content=\"2025-03-26T07:11:25+00:00\" \/>\n<meta property=\"og:image\" content=\"https:\/\/leatai.com\/wp-content\/uploads\/2016_01_20_1504420.jpg\" \/>\n\t<meta property=\"og:image:width\" content=\"1000\" \/>\n\t<meta property=\"og:image:height\" content=\"750\" \/>\n\t<meta property=\"og:image:type\" content=\"image\/jpeg\" \/>\n<meta name=\"twitter:card\" content=\"summary_large_image\" \/>\n<meta name=\"twitter:label1\" content=\"Gesch\u00e4tzte Lesezeit\" \/>\n\t<meta name=\"twitter:data1\" content=\"1\u00a0Minute\" \/>\n<script type=\"application\/ld+json\" class=\"yoast-schema-graph\">{\"@context\":\"https:\/\/schema.org\",\"@graph\":[{\"@type\":\"WebPage\",\"@id\":\"https:\/\/leatai.com\/de\/product\/andere-fertigung\/stanz-und-formzuschnitt-dienstleistung\/\",\"url\":\"https:\/\/leatai.com\/de\/product\/andere-fertigung\/stanz-und-formzuschnitt-dienstleistung\/\",\"name\":\"Stanz- und Formzuschnitt-Dienstleistung - Anfertigung von Stanzformen m\u00f6glich, Formzuschnitt f\u00fcr dicke und d\u00fcnne Materialien - Leatai \u2013 Hersteller ma\u00dfgeschneiderter Notizb\u00fccher\",\"isPartOf\":{\"@id\":\"https:\/\/leatai.com\/de\/#website\"},\"primaryImageOfPage\":{\"@id\":\"https:\/\/leatai.com\/de\/product\/andere-fertigung\/stanz-und-formzuschnitt-dienstleistung\/#primaryimage\"},\"image\":{\"@id\":\"https:\/\/leatai.com\/de\/product\/andere-fertigung\/stanz-und-formzuschnitt-dienstleistung\/#primaryimage\"},\"thumbnailUrl\":\"https:\/\/leatai.com\/wp-content\/uploads\/2016_01_20_1504420.jpg\",\"datePublished\":\"2021-06-24T05:22:22+00:00\",\"dateModified\":\"2025-03-26T07:11:25+00:00\",\"description\":\"Auftragsarbeit: Stanz- und Formzuschnitt Beschreibung: W\u00e4hrend traditionelle Verarbeitungstechniken zunehmend in den Hintergrund geraten, gewinnen das Stanzen und der Formzuschnitt an neuer Bedeutung \u2013 insbesondere bei der Verarbeitung von dickem Material sind sie unverzichtbar. Leatai ist mit Schneid- und Stanzanlagen ausgestattet, die das Zuschneiden ganzer Lederrollen sowie den Formzuschnitt in einem einzigen, durchg\u00e4ngigen Arbeitsprozess erm\u00f6glichen.\",\"breadcrumb\":{\"@id\":\"https:\/\/leatai.com\/de\/product\/andere-fertigung\/stanz-und-formzuschnitt-dienstleistung\/#breadcrumb\"},\"inLanguage\":\"de\",\"potentialAction\":[{\"@type\":\"ReadAction\",\"target\":[\"https:\/\/leatai.com\/de\/product\/andere-fertigung\/stanz-und-formzuschnitt-dienstleistung\/\"]}]},{\"@type\":\"ImageObject\",\"inLanguage\":\"de\",\"@id\":\"https:\/\/leatai.com\/de\/product\/andere-fertigung\/stanz-und-formzuschnitt-dienstleistung\/#primaryimage\",\"url\":\"https:\/\/leatai.com\/wp-content\/uploads\/2016_01_20_1504420.jpg\",\"contentUrl\":\"https:\/\/leatai.com\/wp-content\/uploads\/2016_01_20_1504420.jpg\",\"width\":1000,\"height\":750,\"caption\":\"Stanz- und Formzuschnitt im Auftrag\"},{\"@type\":\"BreadcrumbList\",\"@id\":\"https:\/\/leatai.com\/de\/product\/andere-fertigung\/stanz-und-formzuschnitt-dienstleistung\/#breadcrumb\",\"itemListElement\":[{\"@type\":\"ListItem\",\"position\":1,\"name\":\"Home\",\"item\":\"https:\/\/leatai.com\/de\/\"},{\"@type\":\"ListItem\",\"position\":2,\"name\":\"Produktvorstellung\",\"item\":\"https:\/\/leatai.com\/products\/\"},{\"@type\":\"ListItem\",\"position\":3,\"name\":\"Andere Fertigung\",\"item\":\"https:\/\/leatai.com\/de\/produkt-kategorie\/andere-fertigung\/\"},{\"@type\":\"ListItem\",\"position\":4,\"name\":\"Stanz- und Formzuschnitt-Dienstleistung\"}]},{\"@type\":\"WebSite\",\"@id\":\"https:\/\/leatai.com\/de\/#website\",\"url\":\"https:\/\/leatai.com\/de\/\",\"name\":\"Leatai \u2013 Hersteller ma\u00dfgeschneiderter Notizb\u00fccher\",\"description\":\"Leatai liefert individuelle Notizb\u00fccher und Planer f\u00fcr Marken und H\u00e4ndler weltweit.\",\"publisher\":{\"@id\":\"https:\/\/leatai.com\/de\/#organization\"},\"potentialAction\":[{\"@type\":\"SearchAction\",\"target\":{\"@type\":\"EntryPoint\",\"urlTemplate\":\"https:\/\/leatai.com\/de\/?s={search_term_string}\"},\"query-input\":{\"@type\":\"PropertyValueSpecification\",\"valueRequired\":true,\"valueName\":\"search_term_string\"}}],\"inLanguage\":\"de\"},{\"@type\":\"Organization\",\"@id\":\"https:\/\/leatai.com\/de\/#organization\",\"name\":\"Leatai Diary, customized journal and business organizer\",\"url\":\"https:\/\/leatai.com\/de\/\",\"logo\":{\"@type\":\"ImageObject\",\"inLanguage\":\"de\",\"@id\":\"https:\/\/leatai.com\/de\/#\/schema\/logo\/image\/\",\"url\":\"https:\/\/leatai.com\/wp-content\/uploads\/logo-blue.png\",\"contentUrl\":\"https:\/\/leatai.com\/wp-content\/uploads\/logo-blue.png\",\"width\":230,\"height\":60,\"caption\":\"Leatai Diary, customized journal and business organizer\"},\"image\":{\"@id\":\"https:\/\/leatai.com\/de\/#\/schema\/logo\/image\/\"}}]}<\/script>\n<!-- \/ Yoast SEO plugin. -->","yoast_head_json":{"title":"Stanz- und Formzuschnitt-Dienstleistung - Anfertigung von Stanzformen m\u00f6glich, Formzuschnitt f\u00fcr dicke und d\u00fcnne Materialien - Leatai \u2013 Hersteller ma\u00dfgeschneiderter Notizb\u00fccher","description":"Auftragsarbeit: Stanz- und Formzuschnitt Beschreibung: W\u00e4hrend traditionelle Verarbeitungstechniken zunehmend in den Hintergrund geraten, gewinnen das Stanzen und der Formzuschnitt an neuer Bedeutung \u2013 insbesondere bei der Verarbeitung von dickem Material sind sie unverzichtbar. Leatai ist mit Schneid- und Stanzanlagen ausgestattet, die das Zuschneiden ganzer Lederrollen sowie den Formzuschnitt in einem einzigen, durchg\u00e4ngigen Arbeitsprozess erm\u00f6glichen.","robots":{"index":"index","follow":"follow","max-snippet":"max-snippet:-1","max-image-preview":"max-image-preview:large","max-video-preview":"max-video-preview:-1"},"canonical":"https:\/\/leatai.com\/de\/product\/andere-fertigung\/stanz-und-formzuschnitt-dienstleistung\/","og_locale":"de_DE","og_type":"article","og_title":"Stanz- und Formzuschnitt-Dienstleistung - Anfertigung von Stanzformen m\u00f6glich, Formzuschnitt f\u00fcr dicke und d\u00fcnne Materialien - Leatai \u2013 Hersteller ma\u00dfgeschneiderter Notizb\u00fccher","og_description":"Auftragsarbeit: Stanz- und Formzuschnitt Beschreibung: W\u00e4hrend traditionelle Verarbeitungstechniken zunehmend in den Hintergrund geraten, gewinnen das Stanzen und der Formzuschnitt an neuer Bedeutung \u2013 insbesondere bei der Verarbeitung von dickem Material sind sie unverzichtbar. Leatai ist mit Schneid- und Stanzanlagen ausgestattet, die das Zuschneiden ganzer Lederrollen sowie den Formzuschnitt in einem einzigen, durchg\u00e4ngigen Arbeitsprozess erm\u00f6glichen.","og_url":"https:\/\/leatai.com\/de\/product\/andere-fertigung\/stanz-und-formzuschnitt-dienstleistung\/","og_site_name":"Leatai \u2013 Hersteller ma\u00dfgeschneiderter Notizb\u00fccher","article_modified_time":"2025-03-26T07:11:25+00:00","og_image":[{"width":1000,"height":750,"url":"https:\/\/leatai.com\/wp-content\/uploads\/2016_01_20_1504420.jpg","type":"image\/jpeg"}],"twitter_card":"summary_large_image","twitter_misc":{"Gesch\u00e4tzte Lesezeit":"1\u00a0Minute"},"schema":{"@context":"https:\/\/schema.org","@graph":[{"@type":"WebPage","@id":"https:\/\/leatai.com\/de\/product\/andere-fertigung\/stanz-und-formzuschnitt-dienstleistung\/","url":"https:\/\/leatai.com\/de\/product\/andere-fertigung\/stanz-und-formzuschnitt-dienstleistung\/","name":"Stanz- und Formzuschnitt-Dienstleistung - Anfertigung von Stanzformen m\u00f6glich, Formzuschnitt f\u00fcr dicke und d\u00fcnne Materialien - Leatai \u2013 Hersteller ma\u00dfgeschneiderter Notizb\u00fccher","isPartOf":{"@id":"https:\/\/leatai.com\/de\/#website"},"primaryImageOfPage":{"@id":"https:\/\/leatai.com\/de\/product\/andere-fertigung\/stanz-und-formzuschnitt-dienstleistung\/#primaryimage"},"image":{"@id":"https:\/\/leatai.com\/de\/product\/andere-fertigung\/stanz-und-formzuschnitt-dienstleistung\/#primaryimage"},"thumbnailUrl":"https:\/\/leatai.com\/wp-content\/uploads\/2016_01_20_1504420.jpg","datePublished":"2021-06-24T05:22:22+00:00","dateModified":"2025-03-26T07:11:25+00:00","description":"Auftragsarbeit: Stanz- und Formzuschnitt Beschreibung: W\u00e4hrend traditionelle Verarbeitungstechniken zunehmend in den Hintergrund geraten, gewinnen das Stanzen und der Formzuschnitt an neuer Bedeutung \u2013 insbesondere bei der Verarbeitung von dickem Material sind sie unverzichtbar. Leatai ist mit Schneid- und Stanzanlagen ausgestattet, die das Zuschneiden ganzer Lederrollen sowie den Formzuschnitt in einem einzigen, durchg\u00e4ngigen Arbeitsprozess erm\u00f6glichen.","breadcrumb":{"@id":"https:\/\/leatai.com\/de\/product\/andere-fertigung\/stanz-und-formzuschnitt-dienstleistung\/#breadcrumb"},"inLanguage":"de","potentialAction":[{"@type":"ReadAction","target":["https:\/\/leatai.com\/de\/product\/andere-fertigung\/stanz-und-formzuschnitt-dienstleistung\/"]}]},{"@type":"ImageObject","inLanguage":"de","@id":"https:\/\/leatai.com\/de\/product\/andere-fertigung\/stanz-und-formzuschnitt-dienstleistung\/#primaryimage","url":"https:\/\/leatai.com\/wp-content\/uploads\/2016_01_20_1504420.jpg","contentUrl":"https:\/\/leatai.com\/wp-content\/uploads\/2016_01_20_1504420.jpg","width":1000,"height":750,"caption":"Stanz- und Formzuschnitt im Auftrag"},{"@type":"BreadcrumbList","@id":"https:\/\/leatai.com\/de\/product\/andere-fertigung\/stanz-und-formzuschnitt-dienstleistung\/#breadcrumb","itemListElement":[{"@type":"ListItem","position":1,"name":"Home","item":"https:\/\/leatai.com\/de\/"},{"@type":"ListItem","position":2,"name":"Produktvorstellung","item":"https:\/\/leatai.com\/products\/"},{"@type":"ListItem","position":3,"name":"Andere Fertigung","item":"https:\/\/leatai.com\/de\/produkt-kategorie\/andere-fertigung\/"},{"@type":"ListItem","position":4,"name":"Stanz- und Formzuschnitt-Dienstleistung"}]},{"@type":"WebSite","@id":"https:\/\/leatai.com\/de\/#website","url":"https:\/\/leatai.com\/de\/","name":"Leatai \u2013 Hersteller ma\u00dfgeschneiderter Notizb\u00fccher","description":"Leatai liefert individuelle Notizb\u00fccher und Planer f\u00fcr Marken und H\u00e4ndler weltweit.","publisher":{"@id":"https:\/\/leatai.com\/de\/#organization"},"potentialAction":[{"@type":"SearchAction","target":{"@type":"EntryPoint","urlTemplate":"https:\/\/leatai.com\/de\/?s={search_term_string}"},"query-input":{"@type":"PropertyValueSpecification","valueRequired":true,"valueName":"search_term_string"}}],"inLanguage":"de"},{"@type":"Organization","@id":"https:\/\/leatai.com\/de\/#organization","name":"Leatai Diary, customized journal and business organizer","url":"https:\/\/leatai.com\/de\/","logo":{"@type":"ImageObject","inLanguage":"de","@id":"https:\/\/leatai.com\/de\/#\/schema\/logo\/image\/","url":"https:\/\/leatai.com\/wp-content\/uploads\/logo-blue.png","contentUrl":"https:\/\/leatai.com\/wp-content\/uploads\/logo-blue.png","width":230,"height":60,"caption":"Leatai Diary, customized journal and business organizer"},"image":{"@id":"https:\/\/leatai.com\/de\/#\/schema\/logo\/image\/"}}]}},"_links":{"self":[{"href":"https:\/\/leatai.com\/de\/wp-json\/wp\/v2\/product\/160159","targetHints":{"allow":["GET"]}}],"collection":[{"href":"https:\/\/leatai.com\/de\/wp-json\/wp\/v2\/product"}],"about":[{"href":"https:\/\/leatai.com\/de\/wp-json\/wp\/v2\/types\/product"}],"wp:featuredmedia":[{"embeddable":true,"href":"https:\/\/leatai.com\/de\/wp-json\/wp\/v2\/media\/160160"}],"wp:attachment":[{"href":"https:\/\/leatai.com\/de\/wp-json\/wp\/v2\/media?parent=160159"}],"wp:term":[{"taxonomy":"product_brand","embeddable":true,"href":"https:\/\/leatai.com\/de\/wp-json\/wp\/v2\/product_brand?post=160159"},{"taxonomy":"product_cat","embeddable":true,"href":"https:\/\/leatai.com\/de\/wp-json\/wp\/v2\/product_cat?post=160159"},{"taxonomy":"product_tag","embeddable":true,"href":"https:\/\/leatai.com\/de\/wp-json\/wp\/v2\/product_tag?post=160159"},{"taxonomy":"home_works","embeddable":true,"href":"https:\/\/leatai.com\/de\/wp-json\/wp\/v2\/home_works?post=160159"}],"curies":[{"name":"wp","href":"https:\/\/api.w.org\/{rel}","templated":true}]}}