{"id":160108,"date":"2021-06-24T13:21:17","date_gmt":"2021-06-24T05:21:17","guid":{"rendered":"https:\/\/leatai.com\/product\/unkategorisiert\/oem-fuer-zuschneiden-schneiden-und-aufteilen-von-leder\/"},"modified":"2025-03-26T15:08:43","modified_gmt":"2025-03-26T07:08:43","slug":"oem-fuer-zuschneiden-schneiden-und-aufteilen-von-leder","status":"publish","type":"product","link":"https:\/\/leatai.com\/de\/product\/andere-fertigung\/oem-fuer-zuschneiden-schneiden-und-aufteilen-von-leder\/","title":{"rendered":"OEM f\u00fcr Zuschneiden, Schneiden und Aufteilen von Leder"},"content":{"rendered":"<p>OEM-Projekt: Zuschneiden und Aufteilen von Lederrollen<br \/>\nBeschreibung: Leatai ist einer der wenigen Hersteller von Gesch\u00e4ftskalendern in Taiwan, die das Zuschneiden und Aufteilen von Leder selbst durchf\u00fchren. Vom Aufspannen ganzer Lederrollen bis hin zum pr\u00e4zisen Zuschneiden auf einer Gro\u00dfformat-Schneidemaschine \u2013 bereit f\u00fcr die anschlie\u00dfenden Arbeitsschritte wie Stanzen oder N\u00e4hen.<\/p>\n<p><iframe title=\"Leather Slicing and Cutting\" width=\"800\" height=\"450\" src=\"https:\/\/www.youtube.com\/embed\/W2uRI2v_gFU?feature=oembed&#038;enablejsapi=1&#038;origin=https:\/\/leatai.com\" frameborder=\"0\" allow=\"accelerometer; autoplay; clipboard-write; encrypted-media; gyroscope; picture-in-picture; web-share\" referrerpolicy=\"strict-origin-when-cross-origin\" allowfullscreen><\/iframe><\/p>\n","protected":false},"excerpt":{"rendered":"<p>OEM f\u00fcr Zuschneiden, Schneiden und Aufteilen von Leder<\/p>\n","protected":false},"featured_media":160109,"template":"","meta":{"_acf_changed":false},"product_brand":[],"product_cat":[1154],"product_tag":[],"home_works":[],"class_list":{"0":"post-160108","1":"product","2":"type-product","3":"status-publish","4":"has-post-thumbnail","6":"product_cat-andere-fertigung","8":"first","9":"outofstock","10":"sold-individually","11":"shipping-taxable","12":"purchasable","13":"product-type-variable","14":"has-default-attributes"},"acf":[],"yoast_head":"<!-- This site is optimized with the Yoast SEO plugin v27.2 - https:\/\/yoast.com\/product\/yoast-seo-wordpress\/ -->\n<title>OEM f\u00fcr Zuschneiden, Schneiden und Aufteilen von Leder - Einer der wenigen Gesch\u00e4ftskalender-Hersteller mit eigener Zuschneidekapazit\u00e4t- Leatai \u2013 Hersteller ma\u00dfgeschneiderter Notizb\u00fccher<\/title>\n<meta name=\"description\" content=\"OEM-Projekt: Zuschneiden und Aufteilen von Ledermaterial Beschreibung: Leatai ist einer der wenigen Hersteller von Gesch\u00e4ftskalendern in Taiwan, die das Zuschneiden und Aufteilen von Leder intern durchf\u00fchren k\u00f6nnen. Vom direkten Aufspannen ganzer Lederrollen bis zum pr\u00e4zisen Schneiden und Aufteilen auf Gro\u00dfmaschinen \u2013 ideal vorbereitet f\u00fcr die n\u00e4chsten Produktionsschritte wie Stanzen oder N\u00e4hen.\" \/>\n<meta name=\"robots\" content=\"index, follow, max-snippet:-1, max-image-preview:large, max-video-preview:-1\" \/>\n<link rel=\"canonical\" href=\"https:\/\/leatai.com\/de\/product\/andere-fertigung\/oem-fuer-zuschneiden-schneiden-und-aufteilen-von-leder\/\" \/>\n<meta property=\"og:locale\" content=\"de_DE\" \/>\n<meta property=\"og:type\" content=\"article\" \/>\n<meta property=\"og:title\" content=\"OEM f\u00fcr Zuschneiden, Schneiden und Aufteilen von Leder - Einer der wenigen Gesch\u00e4ftskalender-Hersteller mit eigener Zuschneidekapazit\u00e4t- Leatai \u2013 Hersteller ma\u00dfgeschneiderter Notizb\u00fccher\" \/>\n<meta property=\"og:description\" content=\"OEM-Projekt: Zuschneiden und Aufteilen von Ledermaterial Beschreibung: Leatai ist einer der wenigen Hersteller von Gesch\u00e4ftskalendern in Taiwan, die das Zuschneiden und Aufteilen von Leder intern durchf\u00fchren k\u00f6nnen. Vom direkten Aufspannen ganzer Lederrollen bis zum pr\u00e4zisen Schneiden und Aufteilen auf Gro\u00dfmaschinen \u2013 ideal vorbereitet f\u00fcr die n\u00e4chsten Produktionsschritte wie Stanzen oder N\u00e4hen.\" \/>\n<meta property=\"og:url\" content=\"https:\/\/leatai.com\/de\/product\/andere-fertigung\/oem-fuer-zuschneiden-schneiden-und-aufteilen-von-leder\/\" \/>\n<meta property=\"og:site_name\" content=\"Leatai \u2013 Hersteller ma\u00dfgeschneiderter Notizb\u00fccher\" \/>\n<meta property=\"article:modified_time\" content=\"2025-03-26T07:08:43+00:00\" \/>\n<meta property=\"og:image\" content=\"https:\/\/leatai.com\/wp-content\/uploads\/2016_01_20_1817390.jpg\" \/>\n\t<meta property=\"og:image:width\" content=\"1000\" \/>\n\t<meta property=\"og:image:height\" content=\"750\" \/>\n\t<meta property=\"og:image:type\" content=\"image\/jpeg\" \/>\n<meta name=\"twitter:card\" content=\"summary_large_image\" \/>\n<meta name=\"twitter:label1\" content=\"Gesch\u00e4tzte Lesezeit\" \/>\n\t<meta name=\"twitter:data1\" content=\"1\u00a0Minute\" \/>\n<script type=\"application\/ld+json\" class=\"yoast-schema-graph\">{\"@context\":\"https:\/\/schema.org\",\"@graph\":[{\"@type\":\"WebPage\",\"@id\":\"https:\/\/leatai.com\/de\/product\/andere-fertigung\/oem-fuer-zuschneiden-schneiden-und-aufteilen-von-leder\/\",\"url\":\"https:\/\/leatai.com\/de\/product\/andere-fertigung\/oem-fuer-zuschneiden-schneiden-und-aufteilen-von-leder\/\",\"name\":\"OEM f\u00fcr Zuschneiden, Schneiden und Aufteilen von Leder - Einer der wenigen Gesch\u00e4ftskalender-Hersteller mit eigener Zuschneidekapazit\u00e4t- Leatai \u2013 Hersteller ma\u00dfgeschneiderter Notizb\u00fccher\",\"isPartOf\":{\"@id\":\"https:\/\/leatai.com\/de\/#website\"},\"primaryImageOfPage\":{\"@id\":\"https:\/\/leatai.com\/de\/product\/andere-fertigung\/oem-fuer-zuschneiden-schneiden-und-aufteilen-von-leder\/#primaryimage\"},\"image\":{\"@id\":\"https:\/\/leatai.com\/de\/product\/andere-fertigung\/oem-fuer-zuschneiden-schneiden-und-aufteilen-von-leder\/#primaryimage\"},\"thumbnailUrl\":\"https:\/\/leatai.com\/wp-content\/uploads\/2016_01_20_1817390.jpg\",\"datePublished\":\"2021-06-24T05:21:17+00:00\",\"dateModified\":\"2025-03-26T07:08:43+00:00\",\"description\":\"OEM-Projekt: Zuschneiden und Aufteilen von Ledermaterial Beschreibung: Leatai ist einer der wenigen Hersteller von Gesch\u00e4ftskalendern in Taiwan, die das Zuschneiden und Aufteilen von Leder intern durchf\u00fchren k\u00f6nnen. Vom direkten Aufspannen ganzer Lederrollen bis zum pr\u00e4zisen Schneiden und Aufteilen auf Gro\u00dfmaschinen \u2013 ideal vorbereitet f\u00fcr die n\u00e4chsten Produktionsschritte wie Stanzen oder N\u00e4hen.\",\"breadcrumb\":{\"@id\":\"https:\/\/leatai.com\/de\/product\/andere-fertigung\/oem-fuer-zuschneiden-schneiden-und-aufteilen-von-leder\/#breadcrumb\"},\"inLanguage\":\"de\",\"potentialAction\":[{\"@type\":\"ReadAction\",\"target\":[\"https:\/\/leatai.com\/de\/product\/andere-fertigung\/oem-fuer-zuschneiden-schneiden-und-aufteilen-von-leder\/\"]}]},{\"@type\":\"ImageObject\",\"inLanguage\":\"de\",\"@id\":\"https:\/\/leatai.com\/de\/product\/andere-fertigung\/oem-fuer-zuschneiden-schneiden-und-aufteilen-von-leder\/#primaryimage\",\"url\":\"https:\/\/leatai.com\/wp-content\/uploads\/2016_01_20_1817390.jpg\",\"contentUrl\":\"https:\/\/leatai.com\/wp-content\/uploads\/2016_01_20_1817390.jpg\",\"width\":1000,\"height\":750,\"caption\":\"Zuschneiden, Schneiden und Aufteilen von Ledermaterial\"},{\"@type\":\"BreadcrumbList\",\"@id\":\"https:\/\/leatai.com\/de\/product\/andere-fertigung\/oem-fuer-zuschneiden-schneiden-und-aufteilen-von-leder\/#breadcrumb\",\"itemListElement\":[{\"@type\":\"ListItem\",\"position\":1,\"name\":\"Home\",\"item\":\"https:\/\/leatai.com\/de\/\"},{\"@type\":\"ListItem\",\"position\":2,\"name\":\"Produktvorstellung\",\"item\":\"https:\/\/leatai.com\/products\/\"},{\"@type\":\"ListItem\",\"position\":3,\"name\":\"Andere Fertigung\",\"item\":\"https:\/\/leatai.com\/de\/produkt-kategorie\/andere-fertigung\/\"},{\"@type\":\"ListItem\",\"position\":4,\"name\":\"OEM f\u00fcr Zuschneiden, Schneiden und Aufteilen von Leder\"}]},{\"@type\":\"WebSite\",\"@id\":\"https:\/\/leatai.com\/de\/#website\",\"url\":\"https:\/\/leatai.com\/de\/\",\"name\":\"Leatai \u2013 Hersteller ma\u00dfgeschneiderter Notizb\u00fccher\",\"description\":\"Leatai liefert individuelle Notizb\u00fccher und Planer f\u00fcr Marken und H\u00e4ndler weltweit.\",\"publisher\":{\"@id\":\"https:\/\/leatai.com\/de\/#organization\"},\"potentialAction\":[{\"@type\":\"SearchAction\",\"target\":{\"@type\":\"EntryPoint\",\"urlTemplate\":\"https:\/\/leatai.com\/de\/?s={search_term_string}\"},\"query-input\":{\"@type\":\"PropertyValueSpecification\",\"valueRequired\":true,\"valueName\":\"search_term_string\"}}],\"inLanguage\":\"de\"},{\"@type\":\"Organization\",\"@id\":\"https:\/\/leatai.com\/de\/#organization\",\"name\":\"Leatai Diary, customized journal and business organizer\",\"url\":\"https:\/\/leatai.com\/de\/\",\"logo\":{\"@type\":\"ImageObject\",\"inLanguage\":\"de\",\"@id\":\"https:\/\/leatai.com\/de\/#\/schema\/logo\/image\/\",\"url\":\"https:\/\/leatai.com\/wp-content\/uploads\/logo-blue.png\",\"contentUrl\":\"https:\/\/leatai.com\/wp-content\/uploads\/logo-blue.png\",\"width\":230,\"height\":60,\"caption\":\"Leatai Diary, customized journal and business organizer\"},\"image\":{\"@id\":\"https:\/\/leatai.com\/de\/#\/schema\/logo\/image\/\"}}]}<\/script>\n<!-- \/ Yoast SEO plugin. -->","yoast_head_json":{"title":"OEM f\u00fcr Zuschneiden, Schneiden und Aufteilen von Leder - Einer der wenigen Gesch\u00e4ftskalender-Hersteller mit eigener Zuschneidekapazit\u00e4t- Leatai \u2013 Hersteller ma\u00dfgeschneiderter Notizb\u00fccher","description":"OEM-Projekt: Zuschneiden und Aufteilen von Ledermaterial Beschreibung: Leatai ist einer der wenigen Hersteller von Gesch\u00e4ftskalendern in Taiwan, die das Zuschneiden und Aufteilen von Leder intern durchf\u00fchren k\u00f6nnen. Vom direkten Aufspannen ganzer Lederrollen bis zum pr\u00e4zisen Schneiden und Aufteilen auf Gro\u00dfmaschinen \u2013 ideal vorbereitet f\u00fcr die n\u00e4chsten Produktionsschritte wie Stanzen oder N\u00e4hen.","robots":{"index":"index","follow":"follow","max-snippet":"max-snippet:-1","max-image-preview":"max-image-preview:large","max-video-preview":"max-video-preview:-1"},"canonical":"https:\/\/leatai.com\/de\/product\/andere-fertigung\/oem-fuer-zuschneiden-schneiden-und-aufteilen-von-leder\/","og_locale":"de_DE","og_type":"article","og_title":"OEM f\u00fcr Zuschneiden, Schneiden und Aufteilen von Leder - Einer der wenigen Gesch\u00e4ftskalender-Hersteller mit eigener Zuschneidekapazit\u00e4t- Leatai \u2013 Hersteller ma\u00dfgeschneiderter Notizb\u00fccher","og_description":"OEM-Projekt: Zuschneiden und Aufteilen von Ledermaterial Beschreibung: Leatai ist einer der wenigen Hersteller von Gesch\u00e4ftskalendern in Taiwan, die das Zuschneiden und Aufteilen von Leder intern durchf\u00fchren k\u00f6nnen. Vom direkten Aufspannen ganzer Lederrollen bis zum pr\u00e4zisen Schneiden und Aufteilen auf Gro\u00dfmaschinen \u2013 ideal vorbereitet f\u00fcr die n\u00e4chsten Produktionsschritte wie Stanzen oder N\u00e4hen.","og_url":"https:\/\/leatai.com\/de\/product\/andere-fertigung\/oem-fuer-zuschneiden-schneiden-und-aufteilen-von-leder\/","og_site_name":"Leatai \u2013 Hersteller ma\u00dfgeschneiderter Notizb\u00fccher","article_modified_time":"2025-03-26T07:08:43+00:00","og_image":[{"width":1000,"height":750,"url":"https:\/\/leatai.com\/wp-content\/uploads\/2016_01_20_1817390.jpg","type":"image\/jpeg"}],"twitter_card":"summary_large_image","twitter_misc":{"Gesch\u00e4tzte Lesezeit":"1\u00a0Minute"},"schema":{"@context":"https:\/\/schema.org","@graph":[{"@type":"WebPage","@id":"https:\/\/leatai.com\/de\/product\/andere-fertigung\/oem-fuer-zuschneiden-schneiden-und-aufteilen-von-leder\/","url":"https:\/\/leatai.com\/de\/product\/andere-fertigung\/oem-fuer-zuschneiden-schneiden-und-aufteilen-von-leder\/","name":"OEM f\u00fcr Zuschneiden, Schneiden und Aufteilen von Leder - Einer der wenigen Gesch\u00e4ftskalender-Hersteller mit eigener Zuschneidekapazit\u00e4t- Leatai \u2013 Hersteller ma\u00dfgeschneiderter Notizb\u00fccher","isPartOf":{"@id":"https:\/\/leatai.com\/de\/#website"},"primaryImageOfPage":{"@id":"https:\/\/leatai.com\/de\/product\/andere-fertigung\/oem-fuer-zuschneiden-schneiden-und-aufteilen-von-leder\/#primaryimage"},"image":{"@id":"https:\/\/leatai.com\/de\/product\/andere-fertigung\/oem-fuer-zuschneiden-schneiden-und-aufteilen-von-leder\/#primaryimage"},"thumbnailUrl":"https:\/\/leatai.com\/wp-content\/uploads\/2016_01_20_1817390.jpg","datePublished":"2021-06-24T05:21:17+00:00","dateModified":"2025-03-26T07:08:43+00:00","description":"OEM-Projekt: Zuschneiden und Aufteilen von Ledermaterial Beschreibung: Leatai ist einer der wenigen Hersteller von Gesch\u00e4ftskalendern in Taiwan, die das Zuschneiden und Aufteilen von Leder intern durchf\u00fchren k\u00f6nnen. Vom direkten Aufspannen ganzer Lederrollen bis zum pr\u00e4zisen Schneiden und Aufteilen auf Gro\u00dfmaschinen \u2013 ideal vorbereitet f\u00fcr die n\u00e4chsten Produktionsschritte wie Stanzen oder N\u00e4hen.","breadcrumb":{"@id":"https:\/\/leatai.com\/de\/product\/andere-fertigung\/oem-fuer-zuschneiden-schneiden-und-aufteilen-von-leder\/#breadcrumb"},"inLanguage":"de","potentialAction":[{"@type":"ReadAction","target":["https:\/\/leatai.com\/de\/product\/andere-fertigung\/oem-fuer-zuschneiden-schneiden-und-aufteilen-von-leder\/"]}]},{"@type":"ImageObject","inLanguage":"de","@id":"https:\/\/leatai.com\/de\/product\/andere-fertigung\/oem-fuer-zuschneiden-schneiden-und-aufteilen-von-leder\/#primaryimage","url":"https:\/\/leatai.com\/wp-content\/uploads\/2016_01_20_1817390.jpg","contentUrl":"https:\/\/leatai.com\/wp-content\/uploads\/2016_01_20_1817390.jpg","width":1000,"height":750,"caption":"Zuschneiden, Schneiden und Aufteilen von Ledermaterial"},{"@type":"BreadcrumbList","@id":"https:\/\/leatai.com\/de\/product\/andere-fertigung\/oem-fuer-zuschneiden-schneiden-und-aufteilen-von-leder\/#breadcrumb","itemListElement":[{"@type":"ListItem","position":1,"name":"Home","item":"https:\/\/leatai.com\/de\/"},{"@type":"ListItem","position":2,"name":"Produktvorstellung","item":"https:\/\/leatai.com\/products\/"},{"@type":"ListItem","position":3,"name":"Andere Fertigung","item":"https:\/\/leatai.com\/de\/produkt-kategorie\/andere-fertigung\/"},{"@type":"ListItem","position":4,"name":"OEM f\u00fcr Zuschneiden, Schneiden und Aufteilen von Leder"}]},{"@type":"WebSite","@id":"https:\/\/leatai.com\/de\/#website","url":"https:\/\/leatai.com\/de\/","name":"Leatai \u2013 Hersteller ma\u00dfgeschneiderter Notizb\u00fccher","description":"Leatai liefert individuelle Notizb\u00fccher und Planer f\u00fcr Marken und H\u00e4ndler weltweit.","publisher":{"@id":"https:\/\/leatai.com\/de\/#organization"},"potentialAction":[{"@type":"SearchAction","target":{"@type":"EntryPoint","urlTemplate":"https:\/\/leatai.com\/de\/?s={search_term_string}"},"query-input":{"@type":"PropertyValueSpecification","valueRequired":true,"valueName":"search_term_string"}}],"inLanguage":"de"},{"@type":"Organization","@id":"https:\/\/leatai.com\/de\/#organization","name":"Leatai Diary, customized journal and business organizer","url":"https:\/\/leatai.com\/de\/","logo":{"@type":"ImageObject","inLanguage":"de","@id":"https:\/\/leatai.com\/de\/#\/schema\/logo\/image\/","url":"https:\/\/leatai.com\/wp-content\/uploads\/logo-blue.png","contentUrl":"https:\/\/leatai.com\/wp-content\/uploads\/logo-blue.png","width":230,"height":60,"caption":"Leatai Diary, customized journal and business organizer"},"image":{"@id":"https:\/\/leatai.com\/de\/#\/schema\/logo\/image\/"}}]}},"_links":{"self":[{"href":"https:\/\/leatai.com\/de\/wp-json\/wp\/v2\/product\/160108","targetHints":{"allow":["GET"]}}],"collection":[{"href":"https:\/\/leatai.com\/de\/wp-json\/wp\/v2\/product"}],"about":[{"href":"https:\/\/leatai.com\/de\/wp-json\/wp\/v2\/types\/product"}],"wp:featuredmedia":[{"embeddable":true,"href":"https:\/\/leatai.com\/de\/wp-json\/wp\/v2\/media\/160109"}],"wp:attachment":[{"href":"https:\/\/leatai.com\/de\/wp-json\/wp\/v2\/media?parent=160108"}],"wp:term":[{"taxonomy":"product_brand","embeddable":true,"href":"https:\/\/leatai.com\/de\/wp-json\/wp\/v2\/product_brand?post=160108"},{"taxonomy":"product_cat","embeddable":true,"href":"https:\/\/leatai.com\/de\/wp-json\/wp\/v2\/product_cat?post=160108"},{"taxonomy":"product_tag","embeddable":true,"href":"https:\/\/leatai.com\/de\/wp-json\/wp\/v2\/product_tag?post=160108"},{"taxonomy":"home_works","embeddable":true,"href":"https:\/\/leatai.com\/de\/wp-json\/wp\/v2\/home_works?post=160108"}],"curies":[{"name":"wp","href":"https:\/\/api.w.org\/{rel}","templated":true}]}}