{"id":159881,"date":"2021-08-16T21:44:24","date_gmt":"2021-08-16T13:44:24","guid":{"rendered":"https:\/\/leatai.com\/product\/unkategorisiert\/warner-music\/"},"modified":"2025-03-26T14:03:22","modified_gmt":"2025-03-26T06:03:22","slug":"warner-music","status":"publish","type":"product","link":"https:\/\/leatai.com\/de\/product\/verschiedene-oem-muster\/oem-spiralgebundenes-notizbuch\/warner-music\/","title":{"rendered":"Warner Music"},"content":{"rendered":"<p>Kunde: Warner Music<br \/>\nFormat: 25K<br \/>\nModell: Spiralnotizbuch<br \/>\nCover-Effekt: Goldpr\u00e4gung<br \/>\nHighlight: Als eines der drei gr\u00f6\u00dften Musiklabels weltweit setzt Warner Music auf ein schlichtes, praktisches Spiralnotizbuch aus Kraftpapier. Der goldgepr\u00e4gte Logoakzent verleiht dem minimalistischen Design eine charmant-verspielte Note \u2013 unaufdringlich und doch einpr\u00e4gsam.<\/p>\n<p>&nbsp;<\/p>\n<p><span style=\"color: #8b4513;\"><strong>\ud83d\udcd6<\/strong><\/span>Alle personalisierten Beispiele: <a href=\"https:\/\/leatai.com\/de\/produkt-schlagwort\/oem-de\/\" target=\"_blank\" rel=\"noopener\">personalisierte Notizb\u00fccher \/ personalisierte Gesch\u00e4ftsjournale<\/a><br \/>\n<span style=\"color: #8b4513;\"><strong>\ud83d\udcd6<\/strong><\/span>F\u00fcr Standardprodukte personalisierter Notizb\u00fccher \/ Gesch\u00e4ftsjournale siehe:<\/p>\n<ul>\n<li><a href=\"https:\/\/leatai.com\/de\/produkt-kategorie\/individueller-planer\/notizbuch-mit-hardcover\/\" target=\"_blank\" rel=\"noopener\">Gebundenes Notizbuch \/ Gebundenes Gesch\u00e4ftsjournal<\/a><\/li>\n<li><a href=\"https:\/\/leatai.com\/de\/produkt-kategorie\/individueller-planer\/loseblatt-notebook\/\" target=\"_blank\" rel=\"noopener\">Ringbuch-Notizbuch \/ Ringbuch-Gesch\u00e4ftsjournal<\/a><\/li>\n<li><a href=\"https:\/\/leatai.com\/de\/produkt-kategorie\/individueller-planer\/entfernbares-notizbuch\/\" target=\"_blank\" rel=\"noopener\">Herausnehmbares Ringbuch-Notizbuch \/ Herausnehmbares Gesch\u00e4ftsjournal<\/a><\/li>\n<li><a href=\"https:\/\/leatai.com\/de\/produkt-kategorie\/individueller-planer\/notizbuch-mit-taschenbuch\/\" target=\"_blank\" rel=\"noopener\">Taschenbuch-Notizbuch \/ Taschenbuch-Gesch\u00e4ftsjournal<\/a><\/li>\n<li><a href=\"https:\/\/leatai.com\/de\/produkt-kategorie\/individueller-planer\/spiralnotizbuch\/\" target=\"_blank\" rel=\"noopener\">Spiral-Notizbuch \/ Spiral-Gesch\u00e4ftsjournal<\/a><\/li>\n<\/ul>\n<p><span style=\"color: #8b4513;\"><strong>\ud83d\udcd6<\/strong><\/span>F\u00fcr eine vollst\u00e4ndige Gr\u00f6\u00dfen\u00fcbersicht siehe:<br \/>\n<a href=\"https:\/\/leatai.com\/de\/notizbuchwissen\/papiergroessen-leitfaden-verstehen-sie-gaengige-groessen-wie-b3-a4-b5-8k-16k-und-mehr-eine-umfassende-groessentabelle-zur-einfachen-referenz\/\" target=\"_blank\" rel=\"noopener\">Papiergr\u00f6\u00dfen-Leitfaden: Wie unterscheiden sich B3, A4, B5, 8K, 16K und andere g\u00e4ngige Formate? Die Papiergr\u00f6\u00dfentabelle erkl\u00e4rt es auf einen Blick!<\/a><\/p>\n","protected":false},"excerpt":{"rendered":"<p>Kunde: Warner Music Format: 25K Modell: Spiralnotizbuch Cover-Effekt: Goldpr\u00e4gung Highlight: Als eines der drei gr\u00f6\u00dften Musiklabels weltweit setzt Warner Music auf ein schlichtes, praktisches Spiralnotizbuch aus Kraftpapier. Der goldgepr\u00e4gte Logoakzent verleiht dem minimalistischen Design eine charmant-verspielte Note \u2013 unaufdringlich und doch einpr\u00e4gsam. &nbsp; \ud83d\udcd6Alle personalisierten Beispiele: personalisierte Notizb\u00fccher \/ personalisierte Gesch\u00e4ftsjournale \ud83d\udcd6F\u00fcr Standardprodukte personalisierter Notizb\u00fccher [&hellip;]<\/p>\n","protected":false},"featured_media":159882,"template":"","meta":{"_acf_changed":false},"product_brand":[],"product_cat":[920],"product_tag":[1413],"home_works":[],"class_list":{"0":"post-159881","1":"product","2":"type-product","3":"status-publish","4":"has-post-thumbnail","6":"product_cat-oem-spiralgebundenes-notizbuch","7":"product_tag-oem-de","9":"first","10":"outofstock","11":"sold-individually","12":"shipping-taxable","13":"purchasable","14":"product-type-variable","15":"has-default-attributes"},"acf":[],"yoast_head":"<!-- This site is optimized with the Yoast SEO plugin v27.2 - https:\/\/yoast.com\/product\/yoast-seo-wordpress\/ -->\n<title>Warner Music - Eine der Top 3 der Welt \u2013 begleitet uns musikalisch seit unserer Kindheit. - Leatai \u2013 Hersteller ma\u00dfgeschneiderter Notizb\u00fccher<\/title>\n<meta name=\"description\" content=\"OEM-Spiralbuch-Beispiel: Warner Music Modell: Spiralnotizbuch Format: 25K Besonderheiten: Als eines der Top-3-Musiklabels weltweit w\u00e4hlt Warner Music ein schlichtes Spiralnotizbuch aus Kraftpapier \u2013 funktional und stilvoll. Das goldgepr\u00e4gte Logo bringt einen dezenten, verspielten Akzent ins minimalistische Design und unterstreicht dennoch die starke Markenpr\u00e4senz.\" \/>\n<meta name=\"robots\" content=\"index, follow, max-snippet:-1, max-image-preview:large, max-video-preview:-1\" \/>\n<link rel=\"canonical\" href=\"https:\/\/leatai.com\/de\/product\/verschiedene-oem-muster\/oem-spiralgebundenes-notizbuch\/warner-music\/\" \/>\n<meta property=\"og:locale\" content=\"de_DE\" \/>\n<meta property=\"og:type\" content=\"article\" \/>\n<meta property=\"og:title\" content=\"Warner Music - Eine der Top 3 der Welt \u2013 begleitet uns musikalisch seit unserer Kindheit. - Leatai \u2013 Hersteller ma\u00dfgeschneiderter Notizb\u00fccher\" \/>\n<meta property=\"og:description\" content=\"OEM-Spiralbuch-Beispiel: Warner Music Modell: Spiralnotizbuch Format: 25K Besonderheiten: Als eines der Top-3-Musiklabels weltweit w\u00e4hlt Warner Music ein schlichtes Spiralnotizbuch aus Kraftpapier \u2013 funktional und stilvoll. Das goldgepr\u00e4gte Logo bringt einen dezenten, verspielten Akzent ins minimalistische Design und unterstreicht dennoch die starke Markenpr\u00e4senz.\" \/>\n<meta property=\"og:url\" content=\"https:\/\/leatai.com\/de\/product\/verschiedene-oem-muster\/oem-spiralgebundenes-notizbuch\/warner-music\/\" \/>\n<meta property=\"og:site_name\" content=\"Leatai \u2013 Hersteller ma\u00dfgeschneiderter Notizb\u00fccher\" \/>\n<meta property=\"article:modified_time\" content=\"2025-03-26T06:03:22+00:00\" \/>\n<meta property=\"og:image\" content=\"https:\/\/leatai.com\/wp-content\/uploads\/DSC_0520.jpg\" \/>\n\t<meta property=\"og:image:width\" content=\"1000\" \/>\n\t<meta property=\"og:image:height\" content=\"750\" \/>\n\t<meta property=\"og:image:type\" content=\"image\/jpeg\" \/>\n<meta name=\"twitter:card\" content=\"summary_large_image\" \/>\n<meta name=\"twitter:label1\" content=\"Gesch\u00e4tzte Lesezeit\" \/>\n\t<meta name=\"twitter:data1\" content=\"1\u00a0Minute\" \/>\n<script type=\"application\/ld+json\" class=\"yoast-schema-graph\">{\"@context\":\"https:\/\/schema.org\",\"@graph\":[{\"@type\":\"WebPage\",\"@id\":\"https:\/\/leatai.com\/de\/product\/verschiedene-oem-muster\/oem-spiralgebundenes-notizbuch\/warner-music\/\",\"url\":\"https:\/\/leatai.com\/de\/product\/verschiedene-oem-muster\/oem-spiralgebundenes-notizbuch\/warner-music\/\",\"name\":\"Warner Music - Eine der Top 3 der Welt \u2013 begleitet uns musikalisch seit unserer Kindheit. - Leatai \u2013 Hersteller ma\u00dfgeschneiderter Notizb\u00fccher\",\"isPartOf\":{\"@id\":\"https:\/\/leatai.com\/de\/#website\"},\"primaryImageOfPage\":{\"@id\":\"https:\/\/leatai.com\/de\/product\/verschiedene-oem-muster\/oem-spiralgebundenes-notizbuch\/warner-music\/#primaryimage\"},\"image\":{\"@id\":\"https:\/\/leatai.com\/de\/product\/verschiedene-oem-muster\/oem-spiralgebundenes-notizbuch\/warner-music\/#primaryimage\"},\"thumbnailUrl\":\"https:\/\/leatai.com\/wp-content\/uploads\/DSC_0520.jpg\",\"datePublished\":\"2021-08-16T13:44:24+00:00\",\"dateModified\":\"2025-03-26T06:03:22+00:00\",\"description\":\"OEM-Spiralbuch-Beispiel: Warner Music Modell: Spiralnotizbuch Format: 25K Besonderheiten: Als eines der Top-3-Musiklabels weltweit w\u00e4hlt Warner Music ein schlichtes Spiralnotizbuch aus Kraftpapier \u2013 funktional und stilvoll. Das goldgepr\u00e4gte Logo bringt einen dezenten, verspielten Akzent ins minimalistische Design und unterstreicht dennoch die starke Markenpr\u00e4senz.\",\"breadcrumb\":{\"@id\":\"https:\/\/leatai.com\/de\/product\/verschiedene-oem-muster\/oem-spiralgebundenes-notizbuch\/warner-music\/#breadcrumb\"},\"inLanguage\":\"de\",\"potentialAction\":[{\"@type\":\"ReadAction\",\"target\":[\"https:\/\/leatai.com\/de\/product\/verschiedene-oem-muster\/oem-spiralgebundenes-notizbuch\/warner-music\/\"]}]},{\"@type\":\"ImageObject\",\"inLanguage\":\"de\",\"@id\":\"https:\/\/leatai.com\/de\/product\/verschiedene-oem-muster\/oem-spiralgebundenes-notizbuch\/warner-music\/#primaryimage\",\"url\":\"https:\/\/leatai.com\/wp-content\/uploads\/DSC_0520.jpg\",\"contentUrl\":\"https:\/\/leatai.com\/wp-content\/uploads\/DSC_0520.jpg\",\"width\":1000,\"height\":750,\"caption\":\"Spiral-Notizbuch\"},{\"@type\":\"BreadcrumbList\",\"@id\":\"https:\/\/leatai.com\/de\/product\/verschiedene-oem-muster\/oem-spiralgebundenes-notizbuch\/warner-music\/#breadcrumb\",\"itemListElement\":[{\"@type\":\"ListItem\",\"position\":1,\"name\":\"Home\",\"item\":\"https:\/\/leatai.com\/de\/\"},{\"@type\":\"ListItem\",\"position\":2,\"name\":\"Produktvorstellung\",\"item\":\"https:\/\/leatai.com\/products\/\"},{\"@type\":\"ListItem\",\"position\":3,\"name\":\"Verschiedene OEM-Muster\",\"item\":\"https:\/\/leatai.com\/de\/produkt-kategorie\/verschiedene-oem-muster\/\"},{\"@type\":\"ListItem\",\"position\":4,\"name\":\"OEM Spiralgebundenes Notizbuch\",\"item\":\"https:\/\/leatai.com\/de\/produkt-kategorie\/verschiedene-oem-muster\/oem-spiralgebundenes-notizbuch\/\"},{\"@type\":\"ListItem\",\"position\":5,\"name\":\"Warner Music\"}]},{\"@type\":\"WebSite\",\"@id\":\"https:\/\/leatai.com\/de\/#website\",\"url\":\"https:\/\/leatai.com\/de\/\",\"name\":\"Leatai \u2013 Hersteller ma\u00dfgeschneiderter Notizb\u00fccher\",\"description\":\"Leatai liefert individuelle Notizb\u00fccher und Planer f\u00fcr Marken und H\u00e4ndler weltweit.\",\"publisher\":{\"@id\":\"https:\/\/leatai.com\/de\/#organization\"},\"potentialAction\":[{\"@type\":\"SearchAction\",\"target\":{\"@type\":\"EntryPoint\",\"urlTemplate\":\"https:\/\/leatai.com\/de\/?s={search_term_string}\"},\"query-input\":{\"@type\":\"PropertyValueSpecification\",\"valueRequired\":true,\"valueName\":\"search_term_string\"}}],\"inLanguage\":\"de\"},{\"@type\":\"Organization\",\"@id\":\"https:\/\/leatai.com\/de\/#organization\",\"name\":\"Leatai Diary, customized journal and business organizer\",\"url\":\"https:\/\/leatai.com\/de\/\",\"logo\":{\"@type\":\"ImageObject\",\"inLanguage\":\"de\",\"@id\":\"https:\/\/leatai.com\/de\/#\/schema\/logo\/image\/\",\"url\":\"https:\/\/leatai.com\/wp-content\/uploads\/logo-blue.png\",\"contentUrl\":\"https:\/\/leatai.com\/wp-content\/uploads\/logo-blue.png\",\"width\":230,\"height\":60,\"caption\":\"Leatai Diary, customized journal and business organizer\"},\"image\":{\"@id\":\"https:\/\/leatai.com\/de\/#\/schema\/logo\/image\/\"}}]}<\/script>\n<!-- \/ Yoast SEO plugin. -->","yoast_head_json":{"title":"Warner Music - Eine der Top 3 der Welt \u2013 begleitet uns musikalisch seit unserer Kindheit. - Leatai \u2013 Hersteller ma\u00dfgeschneiderter Notizb\u00fccher","description":"OEM-Spiralbuch-Beispiel: Warner Music Modell: Spiralnotizbuch Format: 25K Besonderheiten: Als eines der Top-3-Musiklabels weltweit w\u00e4hlt Warner Music ein schlichtes Spiralnotizbuch aus Kraftpapier \u2013 funktional und stilvoll. Das goldgepr\u00e4gte Logo bringt einen dezenten, verspielten Akzent ins minimalistische Design und unterstreicht dennoch die starke Markenpr\u00e4senz.","robots":{"index":"index","follow":"follow","max-snippet":"max-snippet:-1","max-image-preview":"max-image-preview:large","max-video-preview":"max-video-preview:-1"},"canonical":"https:\/\/leatai.com\/de\/product\/verschiedene-oem-muster\/oem-spiralgebundenes-notizbuch\/warner-music\/","og_locale":"de_DE","og_type":"article","og_title":"Warner Music - Eine der Top 3 der Welt \u2013 begleitet uns musikalisch seit unserer Kindheit. - Leatai \u2013 Hersteller ma\u00dfgeschneiderter Notizb\u00fccher","og_description":"OEM-Spiralbuch-Beispiel: Warner Music Modell: Spiralnotizbuch Format: 25K Besonderheiten: Als eines der Top-3-Musiklabels weltweit w\u00e4hlt Warner Music ein schlichtes Spiralnotizbuch aus Kraftpapier \u2013 funktional und stilvoll. Das goldgepr\u00e4gte Logo bringt einen dezenten, verspielten Akzent ins minimalistische Design und unterstreicht dennoch die starke Markenpr\u00e4senz.","og_url":"https:\/\/leatai.com\/de\/product\/verschiedene-oem-muster\/oem-spiralgebundenes-notizbuch\/warner-music\/","og_site_name":"Leatai \u2013 Hersteller ma\u00dfgeschneiderter Notizb\u00fccher","article_modified_time":"2025-03-26T06:03:22+00:00","og_image":[{"width":1000,"height":750,"url":"https:\/\/leatai.com\/wp-content\/uploads\/DSC_0520.jpg","type":"image\/jpeg"}],"twitter_card":"summary_large_image","twitter_misc":{"Gesch\u00e4tzte Lesezeit":"1\u00a0Minute"},"schema":{"@context":"https:\/\/schema.org","@graph":[{"@type":"WebPage","@id":"https:\/\/leatai.com\/de\/product\/verschiedene-oem-muster\/oem-spiralgebundenes-notizbuch\/warner-music\/","url":"https:\/\/leatai.com\/de\/product\/verschiedene-oem-muster\/oem-spiralgebundenes-notizbuch\/warner-music\/","name":"Warner Music - Eine der Top 3 der Welt \u2013 begleitet uns musikalisch seit unserer Kindheit. - Leatai \u2013 Hersteller ma\u00dfgeschneiderter Notizb\u00fccher","isPartOf":{"@id":"https:\/\/leatai.com\/de\/#website"},"primaryImageOfPage":{"@id":"https:\/\/leatai.com\/de\/product\/verschiedene-oem-muster\/oem-spiralgebundenes-notizbuch\/warner-music\/#primaryimage"},"image":{"@id":"https:\/\/leatai.com\/de\/product\/verschiedene-oem-muster\/oem-spiralgebundenes-notizbuch\/warner-music\/#primaryimage"},"thumbnailUrl":"https:\/\/leatai.com\/wp-content\/uploads\/DSC_0520.jpg","datePublished":"2021-08-16T13:44:24+00:00","dateModified":"2025-03-26T06:03:22+00:00","description":"OEM-Spiralbuch-Beispiel: Warner Music Modell: Spiralnotizbuch Format: 25K Besonderheiten: Als eines der Top-3-Musiklabels weltweit w\u00e4hlt Warner Music ein schlichtes Spiralnotizbuch aus Kraftpapier \u2013 funktional und stilvoll. Das goldgepr\u00e4gte Logo bringt einen dezenten, verspielten Akzent ins minimalistische Design und unterstreicht dennoch die starke Markenpr\u00e4senz.","breadcrumb":{"@id":"https:\/\/leatai.com\/de\/product\/verschiedene-oem-muster\/oem-spiralgebundenes-notizbuch\/warner-music\/#breadcrumb"},"inLanguage":"de","potentialAction":[{"@type":"ReadAction","target":["https:\/\/leatai.com\/de\/product\/verschiedene-oem-muster\/oem-spiralgebundenes-notizbuch\/warner-music\/"]}]},{"@type":"ImageObject","inLanguage":"de","@id":"https:\/\/leatai.com\/de\/product\/verschiedene-oem-muster\/oem-spiralgebundenes-notizbuch\/warner-music\/#primaryimage","url":"https:\/\/leatai.com\/wp-content\/uploads\/DSC_0520.jpg","contentUrl":"https:\/\/leatai.com\/wp-content\/uploads\/DSC_0520.jpg","width":1000,"height":750,"caption":"Spiral-Notizbuch"},{"@type":"BreadcrumbList","@id":"https:\/\/leatai.com\/de\/product\/verschiedene-oem-muster\/oem-spiralgebundenes-notizbuch\/warner-music\/#breadcrumb","itemListElement":[{"@type":"ListItem","position":1,"name":"Home","item":"https:\/\/leatai.com\/de\/"},{"@type":"ListItem","position":2,"name":"Produktvorstellung","item":"https:\/\/leatai.com\/products\/"},{"@type":"ListItem","position":3,"name":"Verschiedene OEM-Muster","item":"https:\/\/leatai.com\/de\/produkt-kategorie\/verschiedene-oem-muster\/"},{"@type":"ListItem","position":4,"name":"OEM Spiralgebundenes Notizbuch","item":"https:\/\/leatai.com\/de\/produkt-kategorie\/verschiedene-oem-muster\/oem-spiralgebundenes-notizbuch\/"},{"@type":"ListItem","position":5,"name":"Warner Music"}]},{"@type":"WebSite","@id":"https:\/\/leatai.com\/de\/#website","url":"https:\/\/leatai.com\/de\/","name":"Leatai \u2013 Hersteller ma\u00dfgeschneiderter Notizb\u00fccher","description":"Leatai liefert individuelle Notizb\u00fccher und Planer f\u00fcr Marken und H\u00e4ndler weltweit.","publisher":{"@id":"https:\/\/leatai.com\/de\/#organization"},"potentialAction":[{"@type":"SearchAction","target":{"@type":"EntryPoint","urlTemplate":"https:\/\/leatai.com\/de\/?s={search_term_string}"},"query-input":{"@type":"PropertyValueSpecification","valueRequired":true,"valueName":"search_term_string"}}],"inLanguage":"de"},{"@type":"Organization","@id":"https:\/\/leatai.com\/de\/#organization","name":"Leatai Diary, customized journal and business organizer","url":"https:\/\/leatai.com\/de\/","logo":{"@type":"ImageObject","inLanguage":"de","@id":"https:\/\/leatai.com\/de\/#\/schema\/logo\/image\/","url":"https:\/\/leatai.com\/wp-content\/uploads\/logo-blue.png","contentUrl":"https:\/\/leatai.com\/wp-content\/uploads\/logo-blue.png","width":230,"height":60,"caption":"Leatai Diary, customized journal and business organizer"},"image":{"@id":"https:\/\/leatai.com\/de\/#\/schema\/logo\/image\/"}}]}},"_links":{"self":[{"href":"https:\/\/leatai.com\/de\/wp-json\/wp\/v2\/product\/159881","targetHints":{"allow":["GET"]}}],"collection":[{"href":"https:\/\/leatai.com\/de\/wp-json\/wp\/v2\/product"}],"about":[{"href":"https:\/\/leatai.com\/de\/wp-json\/wp\/v2\/types\/product"}],"wp:featuredmedia":[{"embeddable":true,"href":"https:\/\/leatai.com\/de\/wp-json\/wp\/v2\/media\/159882"}],"wp:attachment":[{"href":"https:\/\/leatai.com\/de\/wp-json\/wp\/v2\/media?parent=159881"}],"wp:term":[{"taxonomy":"product_brand","embeddable":true,"href":"https:\/\/leatai.com\/de\/wp-json\/wp\/v2\/product_brand?post=159881"},{"taxonomy":"product_cat","embeddable":true,"href":"https:\/\/leatai.com\/de\/wp-json\/wp\/v2\/product_cat?post=159881"},{"taxonomy":"product_tag","embeddable":true,"href":"https:\/\/leatai.com\/de\/wp-json\/wp\/v2\/product_tag?post=159881"},{"taxonomy":"home_works","embeddable":true,"href":"https:\/\/leatai.com\/de\/wp-json\/wp\/v2\/home_works?post=159881"}],"curies":[{"name":"wp","href":"https:\/\/api.w.org\/{rel}","templated":true}]}}