{"id":156972,"date":"2021-08-19T22:29:21","date_gmt":"2021-08-19T14:29:21","guid":{"rendered":"https:\/\/leatai.com\/product\/unkategorisiert\/port-of-kaohsiung\/"},"modified":"2025-03-21T11:13:48","modified_gmt":"2025-03-21T03:13:48","slug":"port-of-kaohsiung","status":"publish","type":"product","link":"https:\/\/leatai.com\/de\/product\/verschiedene-oem-muster\/oem-taschenbuch-notizbuch\/port-of-kaohsiung\/","title":{"rendered":"Port of Kaohsiung"},"content":{"rendered":"<p>\u5ba2\u6236\u540d\u7a31\uff1aPort of Kaohsiung, Taiwan International Ports Corporation, Ltd.<br \/>\n\u6848\u4f8b\u5c3a\u5bf8\uff1a25K<br \/>\n\u6848\u4f8b\u6b3e\u5f0f\uff1a\u5e73\u88dd\u7b46\u8a18\u672c<br \/>\n\u6848\u4f8b\u5c01\u9762\u6548\u679c\uff1a\u70d9\u5370+\u71d9\u767d<br \/>\n\u7279\u8272\u91cd\u9ede\uff1a\u5408\u8eab\u7684\u7248\u578b\uff0c\u624b\u611f\u6975\u4f73\u7684\u9ed1\u8272\u76ae\u6599\uff0c\u70d9\u5370\u5927\u9762\u7a4d\u4e26\u4ee5\u71d9\u767d\u5448\u73felogo\uff0c\u5167\u9801\u5370\u5237\u63a1\u5ba2\u88fd\u5316\uff0c\u76f8\u7576\u7cbe\u7f8e\u7684\u898f\u5283<\/p>\n<p>&nbsp;<\/p>\n<p><span style=\"color: #8b4513;\"><strong>\ud83d\udcd6<\/strong><\/span>Alle personalisierten Beispiele: <a href=\"https:\/\/leatai.com\/de\/produkt-schlagwort\/oem-de\/\" target=\"_blank\" rel=\"noopener\">personalisierte Notizb\u00fccher \/ personalisierte Gesch\u00e4ftsjournale<\/a><br \/>\n<span style=\"color: #8b4513;\"><strong>\ud83d\udcd6<\/strong><\/span>F\u00fcr Standardprodukte personalisierter Notizb\u00fccher \/ Gesch\u00e4ftsjournale siehe:<\/p>\n<ul>\n<li><a href=\"https:\/\/leatai.com\/de\/produkt-kategorie\/individueller-planer\/notizbuch-mit-hardcover\/\" target=\"_blank\" rel=\"noopener\">Gebundenes Notizbuch \/ Gebundenes Gesch\u00e4ftsjournal<\/a><\/li>\n<li><a href=\"https:\/\/leatai.com\/de\/produkt-kategorie\/individueller-planer\/loseblatt-notebook\/\" target=\"_blank\" rel=\"noopener\">Ringbuch-Notizbuch \/ Ringbuch-Gesch\u00e4ftsjournal<\/a><\/li>\n<li><a href=\"https:\/\/leatai.com\/de\/produkt-kategorie\/individueller-planer\/entfernbares-notizbuch\/\" target=\"_blank\" rel=\"noopener\">Herausnehmbares Ringbuch-Notizbuch \/ Herausnehmbares Gesch\u00e4ftsjournal<\/a><\/li>\n<li><a href=\"https:\/\/leatai.com\/de\/produkt-kategorie\/individueller-planer\/notizbuch-mit-taschenbuch\/\" target=\"_blank\" rel=\"noopener\">Taschenbuch-Notizbuch \/ Taschenbuch-Gesch\u00e4ftsjournal<\/a><\/li>\n<li><a href=\"https:\/\/leatai.com\/de\/produkt-kategorie\/individueller-planer\/spiralnotizbuch\/\" target=\"_blank\" rel=\"noopener\">Spiral-Notizbuch \/ Spiral-Gesch\u00e4ftsjournal<\/a><\/li>\n<\/ul>\n<p><span style=\"color: #8b4513;\"><strong>\ud83d\udcd6<\/strong><\/span>F\u00fcr eine vollst\u00e4ndige Gr\u00f6\u00dfen\u00fcbersicht siehe:<br \/>\n<a href=\"https:\/\/leatai.com\/de\/notizbuchwissen\/papiergroessen-leitfaden-verstehen-sie-gaengige-groessen-wie-b3-a4-b5-8k-16k-und-mehr-eine-umfassende-groessentabelle-zur-einfachen-referenz\/\" target=\"_blank\" rel=\"noopener\">Papiergr\u00f6\u00dfen-Leitfaden: Wie unterscheiden sich B3, A4, B5, 8K, 16K und andere g\u00e4ngige Formate? Die Papiergr\u00f6\u00dfentabelle erkl\u00e4rt es auf einen Blick!<\/a><\/p>\n","protected":false},"excerpt":{"rendered":"<p>\u5ba2\u6236\u540d\u7a31\uff1aPort of Kaohsiung, Taiwan International Ports Corporation, Ltd. \u6848\u4f8b\u5c3a\u5bf8\uff1a25K \u6848\u4f8b\u6b3e\u5f0f\uff1a\u5e73\u88dd\u7b46\u8a18\u672c \u6848\u4f8b\u5c01\u9762\u6548\u679c\uff1a\u70d9\u5370+\u71d9\u767d \u7279\u8272\u91cd\u9ede\uff1a\u5408\u8eab\u7684\u7248\u578b\uff0c\u624b\u611f\u6975\u4f73\u7684\u9ed1\u8272\u76ae\u6599\uff0c\u70d9\u5370\u5927\u9762\u7a4d\u4e26\u4ee5\u71d9\u767d\u5448\u73felogo\uff0c\u5167\u9801\u5370\u5237\u63a1\u5ba2\u88fd\u5316\uff0c\u76f8\u7576\u7cbe\u7f8e\u7684\u898f\u5283 &nbsp; \ud83d\udcd6Alle personalisierten Beispiele: personalisierte Notizb\u00fccher \/ personalisierte Gesch\u00e4ftsjournale \ud83d\udcd6F\u00fcr Standardprodukte personalisierter Notizb\u00fccher \/ Gesch\u00e4ftsjournale siehe: Gebundenes Notizbuch \/ Gebundenes Gesch\u00e4ftsjournal Ringbuch-Notizbuch \/ Ringbuch-Gesch\u00e4ftsjournal Herausnehmbares Ringbuch-Notizbuch \/ Herausnehmbares Gesch\u00e4ftsjournal Taschenbuch-Notizbuch \/ Taschenbuch-Gesch\u00e4ftsjournal Spiral-Notizbuch \/ Spiral-Gesch\u00e4ftsjournal \ud83d\udcd6F\u00fcr eine vollst\u00e4ndige Gr\u00f6\u00dfen\u00fcbersicht siehe: Papiergr\u00f6\u00dfen-Leitfaden: Wie unterscheiden [&hellip;]<\/p>\n","protected":false},"featured_media":156975,"template":"","meta":{"_acf_changed":false},"product_brand":[],"product_cat":[933],"product_tag":[1413],"home_works":[],"class_list":{"0":"post-156972","1":"product","2":"type-product","3":"status-publish","4":"has-post-thumbnail","6":"product_cat-oem-taschenbuch-notizbuch","7":"product_tag-oem-de","9":"first","10":"outofstock","11":"sold-individually","12":"shipping-taxable","13":"purchasable","14":"product-type-variable","15":"has-default-attributes"},"acf":[],"yoast_head":"<!-- This site is optimized with the Yoast SEO plugin v27.2 - https:\/\/yoast.com\/product\/yoast-seo-wordpress\/ -->\n<title>Port of Kaohsiung - Leatai \u2013 Hersteller ma\u00dfgeschneiderter Notizb\u00fccher<\/title>\n<meta name=\"description\" content=\"OEM\u5e73\u88dd\u672c\u6848\u4f8b\uff1aPort of Kaohsiung\uff0c\u6b3e\u5f0f\uff1a\u5e73\u88dd\u7b46\u8a18\u672c\uff0c\u5c3a\u5bf8\uff1a25K\u3002\u7279\u8272\u91cd\u9ede\uff1a\u5408\u8eab\u7684\u7248\u578b\uff0c\u624b\u611f\u6975\u4f73\u7684\u9ed1\u8272\u76ae\u6599\uff0c\u70d9\u5370\u5927\u9762\u7a4d\u4e26\u4ee5\u71d9\u767d\u5448\u73felogo\uff0c\u5167\u9801\u5370\u5237\u63a1\u5ba2\u88fd\u5316\uff0c\u76f8\u7576\u7cbe\u7f8e\u7684\u898f\u5283\u3002\" \/>\n<meta name=\"robots\" content=\"index, follow, max-snippet:-1, max-image-preview:large, max-video-preview:-1\" \/>\n<link rel=\"canonical\" href=\"https:\/\/leatai.com\/de\/product\/verschiedene-oem-muster\/oem-taschenbuch-notizbuch\/port-of-kaohsiung\/\" \/>\n<meta property=\"og:locale\" content=\"de_DE\" \/>\n<meta property=\"og:type\" content=\"article\" \/>\n<meta property=\"og:title\" content=\"Port of Kaohsiung - Leatai \u2013 Hersteller ma\u00dfgeschneiderter Notizb\u00fccher\" \/>\n<meta property=\"og:description\" content=\"OEM\u5e73\u88dd\u672c\u6848\u4f8b\uff1aPort of Kaohsiung\uff0c\u6b3e\u5f0f\uff1a\u5e73\u88dd\u7b46\u8a18\u672c\uff0c\u5c3a\u5bf8\uff1a25K\u3002\u7279\u8272\u91cd\u9ede\uff1a\u5408\u8eab\u7684\u7248\u578b\uff0c\u624b\u611f\u6975\u4f73\u7684\u9ed1\u8272\u76ae\u6599\uff0c\u70d9\u5370\u5927\u9762\u7a4d\u4e26\u4ee5\u71d9\u767d\u5448\u73felogo\uff0c\u5167\u9801\u5370\u5237\u63a1\u5ba2\u88fd\u5316\uff0c\u76f8\u7576\u7cbe\u7f8e\u7684\u898f\u5283\u3002\" \/>\n<meta property=\"og:url\" content=\"https:\/\/leatai.com\/de\/product\/verschiedene-oem-muster\/oem-taschenbuch-notizbuch\/port-of-kaohsiung\/\" \/>\n<meta property=\"og:site_name\" content=\"Leatai \u2013 Hersteller ma\u00dfgeschneiderter Notizb\u00fccher\" \/>\n<meta property=\"article:modified_time\" content=\"2025-03-21T03:13:48+00:00\" \/>\n<meta property=\"og:image\" content=\"https:\/\/leatai.com\/wp-content\/uploads\/DSC_0449.jpg\" \/>\n\t<meta property=\"og:image:width\" content=\"1000\" \/>\n\t<meta property=\"og:image:height\" content=\"750\" \/>\n\t<meta property=\"og:image:type\" content=\"image\/jpeg\" \/>\n<meta name=\"twitter:card\" content=\"summary_large_image\" \/>\n<meta name=\"twitter:label1\" content=\"Gesch\u00e4tzte Lesezeit\" \/>\n\t<meta name=\"twitter:data1\" content=\"1\u00a0Minute\" \/>\n<script type=\"application\/ld+json\" class=\"yoast-schema-graph\">{\"@context\":\"https:\/\/schema.org\",\"@graph\":[{\"@type\":\"WebPage\",\"@id\":\"https:\/\/leatai.com\/de\/product\/verschiedene-oem-muster\/oem-taschenbuch-notizbuch\/port-of-kaohsiung\/\",\"url\":\"https:\/\/leatai.com\/de\/product\/verschiedene-oem-muster\/oem-taschenbuch-notizbuch\/port-of-kaohsiung\/\",\"name\":\"Port of Kaohsiung - Leatai \u2013 Hersteller ma\u00dfgeschneiderter Notizb\u00fccher\",\"isPartOf\":{\"@id\":\"https:\/\/leatai.com\/de\/#website\"},\"primaryImageOfPage\":{\"@id\":\"https:\/\/leatai.com\/de\/product\/verschiedene-oem-muster\/oem-taschenbuch-notizbuch\/port-of-kaohsiung\/#primaryimage\"},\"image\":{\"@id\":\"https:\/\/leatai.com\/de\/product\/verschiedene-oem-muster\/oem-taschenbuch-notizbuch\/port-of-kaohsiung\/#primaryimage\"},\"thumbnailUrl\":\"https:\/\/leatai.com\/wp-content\/uploads\/DSC_0449.jpg\",\"datePublished\":\"2021-08-19T14:29:21+00:00\",\"dateModified\":\"2025-03-21T03:13:48+00:00\",\"description\":\"OEM\u5e73\u88dd\u672c\u6848\u4f8b\uff1aPort of Kaohsiung\uff0c\u6b3e\u5f0f\uff1a\u5e73\u88dd\u7b46\u8a18\u672c\uff0c\u5c3a\u5bf8\uff1a25K\u3002\u7279\u8272\u91cd\u9ede\uff1a\u5408\u8eab\u7684\u7248\u578b\uff0c\u624b\u611f\u6975\u4f73\u7684\u9ed1\u8272\u76ae\u6599\uff0c\u70d9\u5370\u5927\u9762\u7a4d\u4e26\u4ee5\u71d9\u767d\u5448\u73felogo\uff0c\u5167\u9801\u5370\u5237\u63a1\u5ba2\u88fd\u5316\uff0c\u76f8\u7576\u7cbe\u7f8e\u7684\u898f\u5283\u3002\",\"breadcrumb\":{\"@id\":\"https:\/\/leatai.com\/de\/product\/verschiedene-oem-muster\/oem-taschenbuch-notizbuch\/port-of-kaohsiung\/#breadcrumb\"},\"inLanguage\":\"de\",\"potentialAction\":[{\"@type\":\"ReadAction\",\"target\":[\"https:\/\/leatai.com\/de\/product\/verschiedene-oem-muster\/oem-taschenbuch-notizbuch\/port-of-kaohsiung\/\"]}]},{\"@type\":\"ImageObject\",\"inLanguage\":\"de\",\"@id\":\"https:\/\/leatai.com\/de\/product\/verschiedene-oem-muster\/oem-taschenbuch-notizbuch\/port-of-kaohsiung\/#primaryimage\",\"url\":\"https:\/\/leatai.com\/wp-content\/uploads\/DSC_0449.jpg\",\"contentUrl\":\"https:\/\/leatai.com\/wp-content\/uploads\/DSC_0449.jpg\",\"width\":1000,\"height\":750,\"caption\":\"Taschenbuch-Notizbuch\"},{\"@type\":\"BreadcrumbList\",\"@id\":\"https:\/\/leatai.com\/de\/product\/verschiedene-oem-muster\/oem-taschenbuch-notizbuch\/port-of-kaohsiung\/#breadcrumb\",\"itemListElement\":[{\"@type\":\"ListItem\",\"position\":1,\"name\":\"Home\",\"item\":\"https:\/\/leatai.com\/de\/\"},{\"@type\":\"ListItem\",\"position\":2,\"name\":\"Produktvorstellung\",\"item\":\"https:\/\/leatai.com\/products\/\"},{\"@type\":\"ListItem\",\"position\":3,\"name\":\"Verschiedene OEM-Muster\",\"item\":\"https:\/\/leatai.com\/de\/produkt-kategorie\/verschiedene-oem-muster\/\"},{\"@type\":\"ListItem\",\"position\":4,\"name\":\"OEM Taschenbuch-Notizbuch\",\"item\":\"https:\/\/leatai.com\/de\/produkt-kategorie\/verschiedene-oem-muster\/oem-taschenbuch-notizbuch\/\"},{\"@type\":\"ListItem\",\"position\":5,\"name\":\"Port of Kaohsiung\"}]},{\"@type\":\"WebSite\",\"@id\":\"https:\/\/leatai.com\/de\/#website\",\"url\":\"https:\/\/leatai.com\/de\/\",\"name\":\"Leatai \u2013 Hersteller ma\u00dfgeschneiderter Notizb\u00fccher\",\"description\":\"Leatai liefert individuelle Notizb\u00fccher und Planer f\u00fcr Marken und H\u00e4ndler weltweit.\",\"publisher\":{\"@id\":\"https:\/\/leatai.com\/de\/#organization\"},\"potentialAction\":[{\"@type\":\"SearchAction\",\"target\":{\"@type\":\"EntryPoint\",\"urlTemplate\":\"https:\/\/leatai.com\/de\/?s={search_term_string}\"},\"query-input\":{\"@type\":\"PropertyValueSpecification\",\"valueRequired\":true,\"valueName\":\"search_term_string\"}}],\"inLanguage\":\"de\"},{\"@type\":\"Organization\",\"@id\":\"https:\/\/leatai.com\/de\/#organization\",\"name\":\"Leatai Diary, customized journal and business organizer\",\"url\":\"https:\/\/leatai.com\/de\/\",\"logo\":{\"@type\":\"ImageObject\",\"inLanguage\":\"de\",\"@id\":\"https:\/\/leatai.com\/de\/#\/schema\/logo\/image\/\",\"url\":\"https:\/\/leatai.com\/wp-content\/uploads\/logo-blue.png\",\"contentUrl\":\"https:\/\/leatai.com\/wp-content\/uploads\/logo-blue.png\",\"width\":230,\"height\":60,\"caption\":\"Leatai Diary, customized journal and business organizer\"},\"image\":{\"@id\":\"https:\/\/leatai.com\/de\/#\/schema\/logo\/image\/\"}}]}<\/script>\n<!-- \/ Yoast SEO plugin. -->","yoast_head_json":{"title":"Port of Kaohsiung - Leatai \u2013 Hersteller ma\u00dfgeschneiderter Notizb\u00fccher","description":"OEM\u5e73\u88dd\u672c\u6848\u4f8b\uff1aPort of Kaohsiung\uff0c\u6b3e\u5f0f\uff1a\u5e73\u88dd\u7b46\u8a18\u672c\uff0c\u5c3a\u5bf8\uff1a25K\u3002\u7279\u8272\u91cd\u9ede\uff1a\u5408\u8eab\u7684\u7248\u578b\uff0c\u624b\u611f\u6975\u4f73\u7684\u9ed1\u8272\u76ae\u6599\uff0c\u70d9\u5370\u5927\u9762\u7a4d\u4e26\u4ee5\u71d9\u767d\u5448\u73felogo\uff0c\u5167\u9801\u5370\u5237\u63a1\u5ba2\u88fd\u5316\uff0c\u76f8\u7576\u7cbe\u7f8e\u7684\u898f\u5283\u3002","robots":{"index":"index","follow":"follow","max-snippet":"max-snippet:-1","max-image-preview":"max-image-preview:large","max-video-preview":"max-video-preview:-1"},"canonical":"https:\/\/leatai.com\/de\/product\/verschiedene-oem-muster\/oem-taschenbuch-notizbuch\/port-of-kaohsiung\/","og_locale":"de_DE","og_type":"article","og_title":"Port of Kaohsiung - Leatai \u2013 Hersteller ma\u00dfgeschneiderter Notizb\u00fccher","og_description":"OEM\u5e73\u88dd\u672c\u6848\u4f8b\uff1aPort of Kaohsiung\uff0c\u6b3e\u5f0f\uff1a\u5e73\u88dd\u7b46\u8a18\u672c\uff0c\u5c3a\u5bf8\uff1a25K\u3002\u7279\u8272\u91cd\u9ede\uff1a\u5408\u8eab\u7684\u7248\u578b\uff0c\u624b\u611f\u6975\u4f73\u7684\u9ed1\u8272\u76ae\u6599\uff0c\u70d9\u5370\u5927\u9762\u7a4d\u4e26\u4ee5\u71d9\u767d\u5448\u73felogo\uff0c\u5167\u9801\u5370\u5237\u63a1\u5ba2\u88fd\u5316\uff0c\u76f8\u7576\u7cbe\u7f8e\u7684\u898f\u5283\u3002","og_url":"https:\/\/leatai.com\/de\/product\/verschiedene-oem-muster\/oem-taschenbuch-notizbuch\/port-of-kaohsiung\/","og_site_name":"Leatai \u2013 Hersteller ma\u00dfgeschneiderter Notizb\u00fccher","article_modified_time":"2025-03-21T03:13:48+00:00","og_image":[{"width":1000,"height":750,"url":"https:\/\/leatai.com\/wp-content\/uploads\/DSC_0449.jpg","type":"image\/jpeg"}],"twitter_card":"summary_large_image","twitter_misc":{"Gesch\u00e4tzte Lesezeit":"1\u00a0Minute"},"schema":{"@context":"https:\/\/schema.org","@graph":[{"@type":"WebPage","@id":"https:\/\/leatai.com\/de\/product\/verschiedene-oem-muster\/oem-taschenbuch-notizbuch\/port-of-kaohsiung\/","url":"https:\/\/leatai.com\/de\/product\/verschiedene-oem-muster\/oem-taschenbuch-notizbuch\/port-of-kaohsiung\/","name":"Port of Kaohsiung - Leatai \u2013 Hersteller ma\u00dfgeschneiderter Notizb\u00fccher","isPartOf":{"@id":"https:\/\/leatai.com\/de\/#website"},"primaryImageOfPage":{"@id":"https:\/\/leatai.com\/de\/product\/verschiedene-oem-muster\/oem-taschenbuch-notizbuch\/port-of-kaohsiung\/#primaryimage"},"image":{"@id":"https:\/\/leatai.com\/de\/product\/verschiedene-oem-muster\/oem-taschenbuch-notizbuch\/port-of-kaohsiung\/#primaryimage"},"thumbnailUrl":"https:\/\/leatai.com\/wp-content\/uploads\/DSC_0449.jpg","datePublished":"2021-08-19T14:29:21+00:00","dateModified":"2025-03-21T03:13:48+00:00","description":"OEM\u5e73\u88dd\u672c\u6848\u4f8b\uff1aPort of Kaohsiung\uff0c\u6b3e\u5f0f\uff1a\u5e73\u88dd\u7b46\u8a18\u672c\uff0c\u5c3a\u5bf8\uff1a25K\u3002\u7279\u8272\u91cd\u9ede\uff1a\u5408\u8eab\u7684\u7248\u578b\uff0c\u624b\u611f\u6975\u4f73\u7684\u9ed1\u8272\u76ae\u6599\uff0c\u70d9\u5370\u5927\u9762\u7a4d\u4e26\u4ee5\u71d9\u767d\u5448\u73felogo\uff0c\u5167\u9801\u5370\u5237\u63a1\u5ba2\u88fd\u5316\uff0c\u76f8\u7576\u7cbe\u7f8e\u7684\u898f\u5283\u3002","breadcrumb":{"@id":"https:\/\/leatai.com\/de\/product\/verschiedene-oem-muster\/oem-taschenbuch-notizbuch\/port-of-kaohsiung\/#breadcrumb"},"inLanguage":"de","potentialAction":[{"@type":"ReadAction","target":["https:\/\/leatai.com\/de\/product\/verschiedene-oem-muster\/oem-taschenbuch-notizbuch\/port-of-kaohsiung\/"]}]},{"@type":"ImageObject","inLanguage":"de","@id":"https:\/\/leatai.com\/de\/product\/verschiedene-oem-muster\/oem-taschenbuch-notizbuch\/port-of-kaohsiung\/#primaryimage","url":"https:\/\/leatai.com\/wp-content\/uploads\/DSC_0449.jpg","contentUrl":"https:\/\/leatai.com\/wp-content\/uploads\/DSC_0449.jpg","width":1000,"height":750,"caption":"Taschenbuch-Notizbuch"},{"@type":"BreadcrumbList","@id":"https:\/\/leatai.com\/de\/product\/verschiedene-oem-muster\/oem-taschenbuch-notizbuch\/port-of-kaohsiung\/#breadcrumb","itemListElement":[{"@type":"ListItem","position":1,"name":"Home","item":"https:\/\/leatai.com\/de\/"},{"@type":"ListItem","position":2,"name":"Produktvorstellung","item":"https:\/\/leatai.com\/products\/"},{"@type":"ListItem","position":3,"name":"Verschiedene OEM-Muster","item":"https:\/\/leatai.com\/de\/produkt-kategorie\/verschiedene-oem-muster\/"},{"@type":"ListItem","position":4,"name":"OEM Taschenbuch-Notizbuch","item":"https:\/\/leatai.com\/de\/produkt-kategorie\/verschiedene-oem-muster\/oem-taschenbuch-notizbuch\/"},{"@type":"ListItem","position":5,"name":"Port of Kaohsiung"}]},{"@type":"WebSite","@id":"https:\/\/leatai.com\/de\/#website","url":"https:\/\/leatai.com\/de\/","name":"Leatai \u2013 Hersteller ma\u00dfgeschneiderter Notizb\u00fccher","description":"Leatai liefert individuelle Notizb\u00fccher und Planer f\u00fcr Marken und H\u00e4ndler weltweit.","publisher":{"@id":"https:\/\/leatai.com\/de\/#organization"},"potentialAction":[{"@type":"SearchAction","target":{"@type":"EntryPoint","urlTemplate":"https:\/\/leatai.com\/de\/?s={search_term_string}"},"query-input":{"@type":"PropertyValueSpecification","valueRequired":true,"valueName":"search_term_string"}}],"inLanguage":"de"},{"@type":"Organization","@id":"https:\/\/leatai.com\/de\/#organization","name":"Leatai Diary, customized journal and business organizer","url":"https:\/\/leatai.com\/de\/","logo":{"@type":"ImageObject","inLanguage":"de","@id":"https:\/\/leatai.com\/de\/#\/schema\/logo\/image\/","url":"https:\/\/leatai.com\/wp-content\/uploads\/logo-blue.png","contentUrl":"https:\/\/leatai.com\/wp-content\/uploads\/logo-blue.png","width":230,"height":60,"caption":"Leatai Diary, customized journal and business organizer"},"image":{"@id":"https:\/\/leatai.com\/de\/#\/schema\/logo\/image\/"}}]}},"_links":{"self":[{"href":"https:\/\/leatai.com\/de\/wp-json\/wp\/v2\/product\/156972","targetHints":{"allow":["GET"]}}],"collection":[{"href":"https:\/\/leatai.com\/de\/wp-json\/wp\/v2\/product"}],"about":[{"href":"https:\/\/leatai.com\/de\/wp-json\/wp\/v2\/types\/product"}],"wp:featuredmedia":[{"embeddable":true,"href":"https:\/\/leatai.com\/de\/wp-json\/wp\/v2\/media\/156975"}],"wp:attachment":[{"href":"https:\/\/leatai.com\/de\/wp-json\/wp\/v2\/media?parent=156972"}],"wp:term":[{"taxonomy":"product_brand","embeddable":true,"href":"https:\/\/leatai.com\/de\/wp-json\/wp\/v2\/product_brand?post=156972"},{"taxonomy":"product_cat","embeddable":true,"href":"https:\/\/leatai.com\/de\/wp-json\/wp\/v2\/product_cat?post=156972"},{"taxonomy":"product_tag","embeddable":true,"href":"https:\/\/leatai.com\/de\/wp-json\/wp\/v2\/product_tag?post=156972"},{"taxonomy":"home_works","embeddable":true,"href":"https:\/\/leatai.com\/de\/wp-json\/wp\/v2\/home_works?post=156972"}],"curies":[{"name":"wp","href":"https:\/\/api.w.org\/{rel}","templated":true}]}}