{"id":156942,"date":"2021-08-19T22:26:12","date_gmt":"2021-08-19T14:26:12","guid":{"rendered":"https:\/\/leatai.com\/product\/unkategorisiert\/daxin\/"},"modified":"2025-03-21T10:56:16","modified_gmt":"2025-03-21T02:56:16","slug":"daxin","status":"publish","type":"product","link":"https:\/\/leatai.com\/de\/product\/verschiedene-oem-muster\/oem-taschenbuch-notizbuch\/daxin\/","title":{"rendered":"DAXIN"},"content":{"rendered":"<p>Kundenname: DAXIN<br \/>\nFallgr\u00f6\u00dfe: 25K<br \/>\nFallstil: Taschenbuch-Notizbuch<br \/>\nCover-Effekt: Pr\u00e4gung + Goldpr\u00e4gung<\/p>\n<p>Hauptmerkmale:<br \/>\nMit dem B\u00f6rsenk\u00fcrzel 5234 ist DAXIN ein f\u00fchrender Anbieter von Halbleitermaterialien und liefert umfassende Materiall\u00f6sungen f\u00fcr die Branche. Das Notizbuch kombiniert die Farben Rot und Blau zu einer harmonischen Balance \u2013 ein Design, das sowohl Stabilit\u00e4t als auch Innovationskraft symbolisiert.<\/p>\n<p>&nbsp;<\/p>\n<p><span style=\"color: #8b4513;\"><strong>\ud83d\udcd6<\/strong><\/span>Alle personalisierten Beispiele: <a href=\"https:\/\/leatai.com\/de\/produkt-schlagwort\/oem-de\/\" target=\"_blank\" rel=\"noopener\">personalisierte Notizb\u00fccher \/ personalisierte Gesch\u00e4ftsjournale<\/a><br \/>\n<span style=\"color: #8b4513;\"><strong>\ud83d\udcd6<\/strong><\/span>F\u00fcr Standardprodukte personalisierter Notizb\u00fccher \/ Gesch\u00e4ftsjournale siehe:<\/p>\n<ul>\n<li><a href=\"https:\/\/leatai.com\/de\/produkt-kategorie\/individueller-planer\/notizbuch-mit-hardcover\/\" target=\"_blank\" rel=\"noopener\">Gebundenes Notizbuch \/ Gebundenes Gesch\u00e4ftsjournal<\/a><\/li>\n<li><a href=\"https:\/\/leatai.com\/de\/produkt-kategorie\/individueller-planer\/loseblatt-notebook\/\" target=\"_blank\" rel=\"noopener\">Ringbuch-Notizbuch \/ Ringbuch-Gesch\u00e4ftsjournal<\/a><\/li>\n<li><a href=\"https:\/\/leatai.com\/de\/produkt-kategorie\/individueller-planer\/entfernbares-notizbuch\/\" target=\"_blank\" rel=\"noopener\">Herausnehmbares Ringbuch-Notizbuch \/ Herausnehmbares Gesch\u00e4ftsjournal<\/a><\/li>\n<li><a href=\"https:\/\/leatai.com\/de\/produkt-kategorie\/individueller-planer\/notizbuch-mit-taschenbuch\/\" target=\"_blank\" rel=\"noopener\">Taschenbuch-Notizbuch \/ Taschenbuch-Gesch\u00e4ftsjournal<\/a><\/li>\n<li><a href=\"https:\/\/leatai.com\/de\/produkt-kategorie\/individueller-planer\/spiralnotizbuch\/\" target=\"_blank\" rel=\"noopener\">Spiral-Notizbuch \/ Spiral-Gesch\u00e4ftsjournal<\/a><\/li>\n<\/ul>\n<p><span style=\"color: #8b4513;\"><strong>\ud83d\udcd6<\/strong><\/span>F\u00fcr eine vollst\u00e4ndige Gr\u00f6\u00dfen\u00fcbersicht siehe:<br \/>\n<a href=\"https:\/\/leatai.com\/de\/notizbuchwissen\/papiergroessen-leitfaden-verstehen-sie-gaengige-groessen-wie-b3-a4-b5-8k-16k-und-mehr-eine-umfassende-groessentabelle-zur-einfachen-referenz\/\" target=\"_blank\" rel=\"noopener\">Papiergr\u00f6\u00dfen-Leitfaden: Wie unterscheiden sich B3, A4, B5, 8K, 16K und andere g\u00e4ngige Formate? Die Papiergr\u00f6\u00dfentabelle erkl\u00e4rt es auf einen Blick!<\/a><\/p>\n","protected":false},"excerpt":{"rendered":"<p>Kundenname: DAXIN Fallgr\u00f6\u00dfe: 25K Fallstil: Taschenbuch-Notizbuch Cover-Effekt: Pr\u00e4gung + Goldpr\u00e4gung Hauptmerkmale: Mit dem B\u00f6rsenk\u00fcrzel 5234 ist DAXIN ein f\u00fchrender Anbieter von Halbleitermaterialien und liefert umfassende Materiall\u00f6sungen f\u00fcr die Branche. Das Notizbuch kombiniert die Farben Rot und Blau zu einer harmonischen Balance \u2013 ein Design, das sowohl Stabilit\u00e4t als auch Innovationskraft symbolisiert. &nbsp; \ud83d\udcd6Alle personalisierten Beispiele: [&hellip;]<\/p>\n","protected":false},"featured_media":156946,"template":"","meta":{"_acf_changed":false},"product_brand":[],"product_cat":[933],"product_tag":[1413],"home_works":[],"class_list":{"0":"post-156942","1":"product","2":"type-product","3":"status-publish","4":"has-post-thumbnail","6":"product_cat-oem-taschenbuch-notizbuch","7":"product_tag-oem-de","9":"first","10":"outofstock","11":"sold-individually","12":"shipping-taxable","13":"purchasable","14":"product-type-variable","15":"has-default-attributes"},"acf":[],"yoast_head":"<!-- This site is optimized with the Yoast SEO plugin v27.2 - https:\/\/yoast.com\/product\/yoast-seo-wordpress\/ -->\n<title>DAXIN - Umfassende Materiall\u00f6sungen \u2013 mit ausgewogener Balance auf beiden Seiten. - Leatai \u2013 Hersteller ma\u00dfgeschneiderter Notizb\u00fccher<\/title>\n<meta name=\"description\" content=\"OEM-Fall: DAXIN Stil: Taschenbuch-Notizbuch Gr\u00f6\u00dfe: 25K Hauptmerkmale: Mit dem B\u00f6rsenk\u00fcrzel 5234 ist DAXIN ein bedeutender Anbieter im Bereich der Halbleitermaterialien und bietet umfassende, integrierte Materiall\u00f6sungen. Das Notizbuchdesign setzt auf eine harmonische Kombination aus Rot und Blau, die f\u00fcr ein ausgewogenes Zusammenspiel von Dynamik und Stabilit\u00e4t steht \u2013 passend zur Markenidentit\u00e4t des Unternehmens.\" \/>\n<meta name=\"robots\" content=\"index, follow, max-snippet:-1, max-image-preview:large, max-video-preview:-1\" \/>\n<link rel=\"canonical\" href=\"https:\/\/leatai.com\/de\/product\/verschiedene-oem-muster\/oem-taschenbuch-notizbuch\/daxin\/\" \/>\n<meta property=\"og:locale\" content=\"de_DE\" \/>\n<meta property=\"og:type\" content=\"article\" \/>\n<meta property=\"og:title\" content=\"DAXIN - Umfassende Materiall\u00f6sungen \u2013 mit ausgewogener Balance auf beiden Seiten. - Leatai \u2013 Hersteller ma\u00dfgeschneiderter Notizb\u00fccher\" \/>\n<meta property=\"og:description\" content=\"OEM-Fall: DAXIN Stil: Taschenbuch-Notizbuch Gr\u00f6\u00dfe: 25K Hauptmerkmale: Mit dem B\u00f6rsenk\u00fcrzel 5234 ist DAXIN ein bedeutender Anbieter im Bereich der Halbleitermaterialien und bietet umfassende, integrierte Materiall\u00f6sungen. Das Notizbuchdesign setzt auf eine harmonische Kombination aus Rot und Blau, die f\u00fcr ein ausgewogenes Zusammenspiel von Dynamik und Stabilit\u00e4t steht \u2013 passend zur Markenidentit\u00e4t des Unternehmens.\" \/>\n<meta property=\"og:url\" content=\"https:\/\/leatai.com\/de\/product\/verschiedene-oem-muster\/oem-taschenbuch-notizbuch\/daxin\/\" \/>\n<meta property=\"og:site_name\" content=\"Leatai \u2013 Hersteller ma\u00dfgeschneiderter Notizb\u00fccher\" \/>\n<meta property=\"article:modified_time\" content=\"2025-03-21T02:56:16+00:00\" \/>\n<meta property=\"og:image\" content=\"https:\/\/leatai.com\/wp-content\/uploads\/DSC_0557.jpg\" \/>\n\t<meta property=\"og:image:width\" content=\"1000\" \/>\n\t<meta property=\"og:image:height\" content=\"750\" \/>\n\t<meta property=\"og:image:type\" content=\"image\/jpeg\" \/>\n<meta name=\"twitter:card\" content=\"summary_large_image\" \/>\n<meta name=\"twitter:label1\" content=\"Gesch\u00e4tzte Lesezeit\" \/>\n\t<meta name=\"twitter:data1\" content=\"1\u00a0Minute\" \/>\n<script type=\"application\/ld+json\" class=\"yoast-schema-graph\">{\"@context\":\"https:\/\/schema.org\",\"@graph\":[{\"@type\":\"WebPage\",\"@id\":\"https:\/\/leatai.com\/de\/product\/verschiedene-oem-muster\/oem-taschenbuch-notizbuch\/daxin\/\",\"url\":\"https:\/\/leatai.com\/de\/product\/verschiedene-oem-muster\/oem-taschenbuch-notizbuch\/daxin\/\",\"name\":\"DAXIN - Umfassende Materiall\u00f6sungen \u2013 mit ausgewogener Balance auf beiden Seiten. - Leatai \u2013 Hersteller ma\u00dfgeschneiderter Notizb\u00fccher\",\"isPartOf\":{\"@id\":\"https:\/\/leatai.com\/de\/#website\"},\"primaryImageOfPage\":{\"@id\":\"https:\/\/leatai.com\/de\/product\/verschiedene-oem-muster\/oem-taschenbuch-notizbuch\/daxin\/#primaryimage\"},\"image\":{\"@id\":\"https:\/\/leatai.com\/de\/product\/verschiedene-oem-muster\/oem-taschenbuch-notizbuch\/daxin\/#primaryimage\"},\"thumbnailUrl\":\"https:\/\/leatai.com\/wp-content\/uploads\/DSC_0557.jpg\",\"datePublished\":\"2021-08-19T14:26:12+00:00\",\"dateModified\":\"2025-03-21T02:56:16+00:00\",\"description\":\"OEM-Fall: DAXIN Stil: Taschenbuch-Notizbuch Gr\u00f6\u00dfe: 25K Hauptmerkmale: Mit dem B\u00f6rsenk\u00fcrzel 5234 ist DAXIN ein bedeutender Anbieter im Bereich der Halbleitermaterialien und bietet umfassende, integrierte Materiall\u00f6sungen. Das Notizbuchdesign setzt auf eine harmonische Kombination aus Rot und Blau, die f\u00fcr ein ausgewogenes Zusammenspiel von Dynamik und Stabilit\u00e4t steht \u2013 passend zur Markenidentit\u00e4t des Unternehmens.\",\"breadcrumb\":{\"@id\":\"https:\/\/leatai.com\/de\/product\/verschiedene-oem-muster\/oem-taschenbuch-notizbuch\/daxin\/#breadcrumb\"},\"inLanguage\":\"de\",\"potentialAction\":[{\"@type\":\"ReadAction\",\"target\":[\"https:\/\/leatai.com\/de\/product\/verschiedene-oem-muster\/oem-taschenbuch-notizbuch\/daxin\/\"]}]},{\"@type\":\"ImageObject\",\"inLanguage\":\"de\",\"@id\":\"https:\/\/leatai.com\/de\/product\/verschiedene-oem-muster\/oem-taschenbuch-notizbuch\/daxin\/#primaryimage\",\"url\":\"https:\/\/leatai.com\/wp-content\/uploads\/DSC_0557.jpg\",\"contentUrl\":\"https:\/\/leatai.com\/wp-content\/uploads\/DSC_0557.jpg\",\"width\":1000,\"height\":750,\"caption\":\"Taschenbuch-Notizbuch\"},{\"@type\":\"BreadcrumbList\",\"@id\":\"https:\/\/leatai.com\/de\/product\/verschiedene-oem-muster\/oem-taschenbuch-notizbuch\/daxin\/#breadcrumb\",\"itemListElement\":[{\"@type\":\"ListItem\",\"position\":1,\"name\":\"Home\",\"item\":\"https:\/\/leatai.com\/de\/\"},{\"@type\":\"ListItem\",\"position\":2,\"name\":\"Produktvorstellung\",\"item\":\"https:\/\/leatai.com\/products\/\"},{\"@type\":\"ListItem\",\"position\":3,\"name\":\"Verschiedene OEM-Muster\",\"item\":\"https:\/\/leatai.com\/de\/produkt-kategorie\/verschiedene-oem-muster\/\"},{\"@type\":\"ListItem\",\"position\":4,\"name\":\"OEM Taschenbuch-Notizbuch\",\"item\":\"https:\/\/leatai.com\/de\/produkt-kategorie\/verschiedene-oem-muster\/oem-taschenbuch-notizbuch\/\"},{\"@type\":\"ListItem\",\"position\":5,\"name\":\"DAXIN\"}]},{\"@type\":\"WebSite\",\"@id\":\"https:\/\/leatai.com\/de\/#website\",\"url\":\"https:\/\/leatai.com\/de\/\",\"name\":\"Leatai \u2013 Hersteller ma\u00dfgeschneiderter Notizb\u00fccher\",\"description\":\"Leatai liefert individuelle Notizb\u00fccher und Planer f\u00fcr Marken und H\u00e4ndler weltweit.\",\"publisher\":{\"@id\":\"https:\/\/leatai.com\/de\/#organization\"},\"potentialAction\":[{\"@type\":\"SearchAction\",\"target\":{\"@type\":\"EntryPoint\",\"urlTemplate\":\"https:\/\/leatai.com\/de\/?s={search_term_string}\"},\"query-input\":{\"@type\":\"PropertyValueSpecification\",\"valueRequired\":true,\"valueName\":\"search_term_string\"}}],\"inLanguage\":\"de\"},{\"@type\":\"Organization\",\"@id\":\"https:\/\/leatai.com\/de\/#organization\",\"name\":\"Leatai Diary, customized journal and business organizer\",\"url\":\"https:\/\/leatai.com\/de\/\",\"logo\":{\"@type\":\"ImageObject\",\"inLanguage\":\"de\",\"@id\":\"https:\/\/leatai.com\/de\/#\/schema\/logo\/image\/\",\"url\":\"https:\/\/leatai.com\/wp-content\/uploads\/logo-blue.png\",\"contentUrl\":\"https:\/\/leatai.com\/wp-content\/uploads\/logo-blue.png\",\"width\":230,\"height\":60,\"caption\":\"Leatai Diary, customized journal and business organizer\"},\"image\":{\"@id\":\"https:\/\/leatai.com\/de\/#\/schema\/logo\/image\/\"}}]}<\/script>\n<!-- \/ Yoast SEO plugin. -->","yoast_head_json":{"title":"DAXIN - Umfassende Materiall\u00f6sungen \u2013 mit ausgewogener Balance auf beiden Seiten. - Leatai \u2013 Hersteller ma\u00dfgeschneiderter Notizb\u00fccher","description":"OEM-Fall: DAXIN Stil: Taschenbuch-Notizbuch Gr\u00f6\u00dfe: 25K Hauptmerkmale: Mit dem B\u00f6rsenk\u00fcrzel 5234 ist DAXIN ein bedeutender Anbieter im Bereich der Halbleitermaterialien und bietet umfassende, integrierte Materiall\u00f6sungen. Das Notizbuchdesign setzt auf eine harmonische Kombination aus Rot und Blau, die f\u00fcr ein ausgewogenes Zusammenspiel von Dynamik und Stabilit\u00e4t steht \u2013 passend zur Markenidentit\u00e4t des Unternehmens.","robots":{"index":"index","follow":"follow","max-snippet":"max-snippet:-1","max-image-preview":"max-image-preview:large","max-video-preview":"max-video-preview:-1"},"canonical":"https:\/\/leatai.com\/de\/product\/verschiedene-oem-muster\/oem-taschenbuch-notizbuch\/daxin\/","og_locale":"de_DE","og_type":"article","og_title":"DAXIN - Umfassende Materiall\u00f6sungen \u2013 mit ausgewogener Balance auf beiden Seiten. - Leatai \u2013 Hersteller ma\u00dfgeschneiderter Notizb\u00fccher","og_description":"OEM-Fall: DAXIN Stil: Taschenbuch-Notizbuch Gr\u00f6\u00dfe: 25K Hauptmerkmale: Mit dem B\u00f6rsenk\u00fcrzel 5234 ist DAXIN ein bedeutender Anbieter im Bereich der Halbleitermaterialien und bietet umfassende, integrierte Materiall\u00f6sungen. Das Notizbuchdesign setzt auf eine harmonische Kombination aus Rot und Blau, die f\u00fcr ein ausgewogenes Zusammenspiel von Dynamik und Stabilit\u00e4t steht \u2013 passend zur Markenidentit\u00e4t des Unternehmens.","og_url":"https:\/\/leatai.com\/de\/product\/verschiedene-oem-muster\/oem-taschenbuch-notizbuch\/daxin\/","og_site_name":"Leatai \u2013 Hersteller ma\u00dfgeschneiderter Notizb\u00fccher","article_modified_time":"2025-03-21T02:56:16+00:00","og_image":[{"width":1000,"height":750,"url":"https:\/\/leatai.com\/wp-content\/uploads\/DSC_0557.jpg","type":"image\/jpeg"}],"twitter_card":"summary_large_image","twitter_misc":{"Gesch\u00e4tzte Lesezeit":"1\u00a0Minute"},"schema":{"@context":"https:\/\/schema.org","@graph":[{"@type":"WebPage","@id":"https:\/\/leatai.com\/de\/product\/verschiedene-oem-muster\/oem-taschenbuch-notizbuch\/daxin\/","url":"https:\/\/leatai.com\/de\/product\/verschiedene-oem-muster\/oem-taschenbuch-notizbuch\/daxin\/","name":"DAXIN - Umfassende Materiall\u00f6sungen \u2013 mit ausgewogener Balance auf beiden Seiten. - Leatai \u2013 Hersteller ma\u00dfgeschneiderter Notizb\u00fccher","isPartOf":{"@id":"https:\/\/leatai.com\/de\/#website"},"primaryImageOfPage":{"@id":"https:\/\/leatai.com\/de\/product\/verschiedene-oem-muster\/oem-taschenbuch-notizbuch\/daxin\/#primaryimage"},"image":{"@id":"https:\/\/leatai.com\/de\/product\/verschiedene-oem-muster\/oem-taschenbuch-notizbuch\/daxin\/#primaryimage"},"thumbnailUrl":"https:\/\/leatai.com\/wp-content\/uploads\/DSC_0557.jpg","datePublished":"2021-08-19T14:26:12+00:00","dateModified":"2025-03-21T02:56:16+00:00","description":"OEM-Fall: DAXIN Stil: Taschenbuch-Notizbuch Gr\u00f6\u00dfe: 25K Hauptmerkmale: Mit dem B\u00f6rsenk\u00fcrzel 5234 ist DAXIN ein bedeutender Anbieter im Bereich der Halbleitermaterialien und bietet umfassende, integrierte Materiall\u00f6sungen. Das Notizbuchdesign setzt auf eine harmonische Kombination aus Rot und Blau, die f\u00fcr ein ausgewogenes Zusammenspiel von Dynamik und Stabilit\u00e4t steht \u2013 passend zur Markenidentit\u00e4t des Unternehmens.","breadcrumb":{"@id":"https:\/\/leatai.com\/de\/product\/verschiedene-oem-muster\/oem-taschenbuch-notizbuch\/daxin\/#breadcrumb"},"inLanguage":"de","potentialAction":[{"@type":"ReadAction","target":["https:\/\/leatai.com\/de\/product\/verschiedene-oem-muster\/oem-taschenbuch-notizbuch\/daxin\/"]}]},{"@type":"ImageObject","inLanguage":"de","@id":"https:\/\/leatai.com\/de\/product\/verschiedene-oem-muster\/oem-taschenbuch-notizbuch\/daxin\/#primaryimage","url":"https:\/\/leatai.com\/wp-content\/uploads\/DSC_0557.jpg","contentUrl":"https:\/\/leatai.com\/wp-content\/uploads\/DSC_0557.jpg","width":1000,"height":750,"caption":"Taschenbuch-Notizbuch"},{"@type":"BreadcrumbList","@id":"https:\/\/leatai.com\/de\/product\/verschiedene-oem-muster\/oem-taschenbuch-notizbuch\/daxin\/#breadcrumb","itemListElement":[{"@type":"ListItem","position":1,"name":"Home","item":"https:\/\/leatai.com\/de\/"},{"@type":"ListItem","position":2,"name":"Produktvorstellung","item":"https:\/\/leatai.com\/products\/"},{"@type":"ListItem","position":3,"name":"Verschiedene OEM-Muster","item":"https:\/\/leatai.com\/de\/produkt-kategorie\/verschiedene-oem-muster\/"},{"@type":"ListItem","position":4,"name":"OEM Taschenbuch-Notizbuch","item":"https:\/\/leatai.com\/de\/produkt-kategorie\/verschiedene-oem-muster\/oem-taschenbuch-notizbuch\/"},{"@type":"ListItem","position":5,"name":"DAXIN"}]},{"@type":"WebSite","@id":"https:\/\/leatai.com\/de\/#website","url":"https:\/\/leatai.com\/de\/","name":"Leatai \u2013 Hersteller ma\u00dfgeschneiderter Notizb\u00fccher","description":"Leatai liefert individuelle Notizb\u00fccher und Planer f\u00fcr Marken und H\u00e4ndler weltweit.","publisher":{"@id":"https:\/\/leatai.com\/de\/#organization"},"potentialAction":[{"@type":"SearchAction","target":{"@type":"EntryPoint","urlTemplate":"https:\/\/leatai.com\/de\/?s={search_term_string}"},"query-input":{"@type":"PropertyValueSpecification","valueRequired":true,"valueName":"search_term_string"}}],"inLanguage":"de"},{"@type":"Organization","@id":"https:\/\/leatai.com\/de\/#organization","name":"Leatai Diary, customized journal and business organizer","url":"https:\/\/leatai.com\/de\/","logo":{"@type":"ImageObject","inLanguage":"de","@id":"https:\/\/leatai.com\/de\/#\/schema\/logo\/image\/","url":"https:\/\/leatai.com\/wp-content\/uploads\/logo-blue.png","contentUrl":"https:\/\/leatai.com\/wp-content\/uploads\/logo-blue.png","width":230,"height":60,"caption":"Leatai Diary, customized journal and business organizer"},"image":{"@id":"https:\/\/leatai.com\/de\/#\/schema\/logo\/image\/"}}]}},"_links":{"self":[{"href":"https:\/\/leatai.com\/de\/wp-json\/wp\/v2\/product\/156942","targetHints":{"allow":["GET"]}}],"collection":[{"href":"https:\/\/leatai.com\/de\/wp-json\/wp\/v2\/product"}],"about":[{"href":"https:\/\/leatai.com\/de\/wp-json\/wp\/v2\/types\/product"}],"wp:featuredmedia":[{"embeddable":true,"href":"https:\/\/leatai.com\/de\/wp-json\/wp\/v2\/media\/156946"}],"wp:attachment":[{"href":"https:\/\/leatai.com\/de\/wp-json\/wp\/v2\/media?parent=156942"}],"wp:term":[{"taxonomy":"product_brand","embeddable":true,"href":"https:\/\/leatai.com\/de\/wp-json\/wp\/v2\/product_brand?post=156942"},{"taxonomy":"product_cat","embeddable":true,"href":"https:\/\/leatai.com\/de\/wp-json\/wp\/v2\/product_cat?post=156942"},{"taxonomy":"product_tag","embeddable":true,"href":"https:\/\/leatai.com\/de\/wp-json\/wp\/v2\/product_tag?post=156942"},{"taxonomy":"home_works","embeddable":true,"href":"https:\/\/leatai.com\/de\/wp-json\/wp\/v2\/home_works?post=156942"}],"curies":[{"name":"wp","href":"https:\/\/api.w.org\/{rel}","templated":true}]}}