{"id":156654,"date":"2024-08-22T14:49:25","date_gmt":"2024-08-22T06:49:25","guid":{"rendered":"https:\/\/leatai.com\/product\/unkategorisiert\/tqfa-2023\/"},"modified":"2025-03-21T11:19:05","modified_gmt":"2025-03-21T03:19:05","slug":"tqfa-2023","status":"publish","type":"product","link":"https:\/\/leatai.com\/de\/product\/verschiedene-oem-muster\/oem-taschenbuch-notizbuch\/tqfa-2023\/","title":{"rendered":"TQFA  2023"},"content":{"rendered":"<p>Kundenname: TQFA<br \/>\nFallgr\u00f6\u00dfe: 25K<br \/>\nFallstil: Taschenbuch-Notizbuch<br \/>\nCover-Effekt: Pr\u00e4gung, wei\u00dfe Folienpr\u00e4gung, Metallplakette<\/p>\n<p>Hauptmerkmale:<br \/>\nDie Kombination aus Pr\u00e4gung und wei\u00dfer Folienpr\u00e4gung verleiht dem Notizbuch bereits eine elegante Optik. Durch die zus\u00e4tzliche Metallplakette wird das hochwertige Design noch weiter aufgewertet \u2013 ein klares Zeichen f\u00fcr die sorgf\u00e4ltige und durchdachte Gestaltung seitens der Vereinigung.<\/p>\n<p>&nbsp;<\/p>\n<p><span style=\"color: #8b4513;\"><strong>\ud83d\udcd6<\/strong><\/span>Alle personalisierten Beispiele: <a href=\"https:\/\/leatai.com\/de\/produkt-schlagwort\/oem-de\/\" target=\"_blank\" rel=\"noopener\">personalisierte Notizb\u00fccher \/ personalisierte Gesch\u00e4ftsjournale<\/a><br \/>\n<span style=\"color: #8b4513;\"><strong>\ud83d\udcd6<\/strong><\/span>F\u00fcr Standardprodukte personalisierter Notizb\u00fccher \/ Gesch\u00e4ftsjournale siehe:<\/p>\n<ul>\n<li><a href=\"https:\/\/leatai.com\/de\/produkt-kategorie\/individueller-planer\/notizbuch-mit-hardcover\/\" target=\"_blank\" rel=\"noopener\">Gebundenes Notizbuch \/ Gebundenes Gesch\u00e4ftsjournal<\/a><\/li>\n<li><a href=\"https:\/\/leatai.com\/de\/produkt-kategorie\/individueller-planer\/loseblatt-notebook\/\" target=\"_blank\" rel=\"noopener\">Ringbuch-Notizbuch \/ Ringbuch-Gesch\u00e4ftsjournal<\/a><\/li>\n<li><a href=\"https:\/\/leatai.com\/de\/produkt-kategorie\/individueller-planer\/entfernbares-notizbuch\/\" target=\"_blank\" rel=\"noopener\">Herausnehmbares Ringbuch-Notizbuch \/ Herausnehmbares Gesch\u00e4ftsjournal<\/a><\/li>\n<li><a href=\"https:\/\/leatai.com\/de\/produkt-kategorie\/individueller-planer\/notizbuch-mit-taschenbuch\/\" target=\"_blank\" rel=\"noopener\">Taschenbuch-Notizbuch \/ Taschenbuch-Gesch\u00e4ftsjournal<\/a><\/li>\n<li><a href=\"https:\/\/leatai.com\/de\/produkt-kategorie\/individueller-planer\/spiralnotizbuch\/\" target=\"_blank\" rel=\"noopener\">Spiral-Notizbuch \/ Spiral-Gesch\u00e4ftsjournal<\/a><\/li>\n<\/ul>\n<p><span style=\"color: #8b4513;\"><strong>\ud83d\udcd6<\/strong><\/span>F\u00fcr eine vollst\u00e4ndige Gr\u00f6\u00dfen\u00fcbersicht siehe:<br \/>\n<a href=\"https:\/\/leatai.com\/de\/notizbuchwissen\/papiergroessen-leitfaden-verstehen-sie-gaengige-groessen-wie-b3-a4-b5-8k-16k-und-mehr-eine-umfassende-groessentabelle-zur-einfachen-referenz\/\" target=\"_blank\" rel=\"noopener\">Papiergr\u00f6\u00dfen-Leitfaden: Wie unterscheiden sich B3, A4, B5, 8K, 16K und andere g\u00e4ngige Formate? Die Papiergr\u00f6\u00dfentabelle erkl\u00e4rt es auf einen Blick!<\/a><\/p>\n","protected":false},"excerpt":{"rendered":"<p>Kundenname: TQFA Fallgr\u00f6\u00dfe: 25K Fallstil: Taschenbuch-Notizbuch Cover-Effekt: Pr\u00e4gung, wei\u00dfe Folienpr\u00e4gung, Metallplakette Hauptmerkmale: Die Kombination aus Pr\u00e4gung und wei\u00dfer Folienpr\u00e4gung verleiht dem Notizbuch bereits eine elegante Optik. Durch die zus\u00e4tzliche Metallplakette wird das hochwertige Design noch weiter aufgewertet \u2013 ein klares Zeichen f\u00fcr die sorgf\u00e4ltige und durchdachte Gestaltung seitens der Vereinigung. &nbsp; \ud83d\udcd6Alle personalisierten Beispiele: personalisierte [&hellip;]<\/p>\n","protected":false},"featured_media":77666,"template":"","meta":{"_acf_changed":false},"product_brand":[],"product_cat":[933],"product_tag":[1413],"home_works":[],"class_list":{"0":"post-156654","1":"product","2":"type-product","3":"status-publish","4":"has-post-thumbnail","6":"product_cat-oem-taschenbuch-notizbuch","7":"product_tag-oem-de","9":"first","10":"outofstock","11":"sold-individually","12":"shipping-taxable","13":"purchasable","14":"product-type-variable","15":"has-default-attributes"},"acf":[],"yoast_head":"<!-- This site is optimized with the Yoast SEO plugin v27.2 - https:\/\/yoast.com\/product\/yoast-seo-wordpress\/ -->\n<title>TQFA 2023 - Leatai \u2013 Hersteller ma\u00dfgeschneiderter Notizb\u00fccher<\/title>\n<meta name=\"description\" content=\"Kundenname: TQFA Fallgr\u00f6\u00dfe: 25K Fallstil: Taschenbuch-Notizbuch Cover-Effekt: Pr\u00e4gung, wei\u00dfe Folienpr\u00e4gung, Metallplakette Hauptmerkmale: Die Kombination aus Pr\u00e4gung und wei\u00dfer Folienpr\u00e4gung verleiht dem Notizbuch bereits eine elegante Optik. Mit der zus\u00e4tzlichen Metallplakette wird das Design weiter aufgewertet, wodurch die Sorgfalt und das Engagement der Vereinigung deutlich sp\u00fcrbar werden.\" \/>\n<meta name=\"robots\" content=\"index, follow, max-snippet:-1, max-image-preview:large, max-video-preview:-1\" \/>\n<link rel=\"canonical\" href=\"https:\/\/leatai.com\/de\/product\/verschiedene-oem-muster\/oem-taschenbuch-notizbuch\/tqfa-2023\/\" \/>\n<meta property=\"og:locale\" content=\"de_DE\" \/>\n<meta property=\"og:type\" content=\"article\" \/>\n<meta property=\"og:title\" content=\"TQFA 2023 - Leatai \u2013 Hersteller ma\u00dfgeschneiderter Notizb\u00fccher\" \/>\n<meta property=\"og:description\" content=\"Kundenname: TQFA Fallgr\u00f6\u00dfe: 25K Fallstil: Taschenbuch-Notizbuch Cover-Effekt: Pr\u00e4gung, wei\u00dfe Folienpr\u00e4gung, Metallplakette Hauptmerkmale: Die Kombination aus Pr\u00e4gung und wei\u00dfer Folienpr\u00e4gung verleiht dem Notizbuch bereits eine elegante Optik. Mit der zus\u00e4tzlichen Metallplakette wird das Design weiter aufgewertet, wodurch die Sorgfalt und das Engagement der Vereinigung deutlich sp\u00fcrbar werden.\" \/>\n<meta property=\"og:url\" content=\"https:\/\/leatai.com\/de\/product\/verschiedene-oem-muster\/oem-taschenbuch-notizbuch\/tqfa-2023\/\" \/>\n<meta property=\"og:site_name\" content=\"Leatai \u2013 Hersteller ma\u00dfgeschneiderter Notizb\u00fccher\" \/>\n<meta property=\"article:modified_time\" content=\"2025-03-21T03:19:05+00:00\" \/>\n<meta property=\"og:image\" content=\"https:\/\/leatai.com\/wp-content\/uploads\/DSC_0212.jpg\" \/>\n\t<meta property=\"og:image:width\" content=\"1000\" \/>\n\t<meta property=\"og:image:height\" content=\"750\" \/>\n\t<meta property=\"og:image:type\" content=\"image\/jpeg\" \/>\n<meta name=\"twitter:card\" content=\"summary_large_image\" \/>\n<meta name=\"twitter:label1\" content=\"Gesch\u00e4tzte Lesezeit\" \/>\n\t<meta name=\"twitter:data1\" content=\"1\u00a0Minute\" \/>\n<script type=\"application\/ld+json\" class=\"yoast-schema-graph\">{\"@context\":\"https:\/\/schema.org\",\"@graph\":[{\"@type\":\"WebPage\",\"@id\":\"https:\/\/leatai.com\/de\/product\/verschiedene-oem-muster\/oem-taschenbuch-notizbuch\/tqfa-2023\/\",\"url\":\"https:\/\/leatai.com\/de\/product\/verschiedene-oem-muster\/oem-taschenbuch-notizbuch\/tqfa-2023\/\",\"name\":\"TQFA 2023 - Leatai \u2013 Hersteller ma\u00dfgeschneiderter Notizb\u00fccher\",\"isPartOf\":{\"@id\":\"https:\/\/leatai.com\/de\/#website\"},\"primaryImageOfPage\":{\"@id\":\"https:\/\/leatai.com\/de\/product\/verschiedene-oem-muster\/oem-taschenbuch-notizbuch\/tqfa-2023\/#primaryimage\"},\"image\":{\"@id\":\"https:\/\/leatai.com\/de\/product\/verschiedene-oem-muster\/oem-taschenbuch-notizbuch\/tqfa-2023\/#primaryimage\"},\"thumbnailUrl\":\"https:\/\/leatai.com\/wp-content\/uploads\/DSC_0212.jpg\",\"datePublished\":\"2024-08-22T06:49:25+00:00\",\"dateModified\":\"2025-03-21T03:19:05+00:00\",\"description\":\"Kundenname: TQFA Fallgr\u00f6\u00dfe: 25K Fallstil: Taschenbuch-Notizbuch Cover-Effekt: Pr\u00e4gung, wei\u00dfe Folienpr\u00e4gung, Metallplakette Hauptmerkmale: Die Kombination aus Pr\u00e4gung und wei\u00dfer Folienpr\u00e4gung verleiht dem Notizbuch bereits eine elegante Optik. Mit der zus\u00e4tzlichen Metallplakette wird das Design weiter aufgewertet, wodurch die Sorgfalt und das Engagement der Vereinigung deutlich sp\u00fcrbar werden.\",\"breadcrumb\":{\"@id\":\"https:\/\/leatai.com\/de\/product\/verschiedene-oem-muster\/oem-taschenbuch-notizbuch\/tqfa-2023\/#breadcrumb\"},\"inLanguage\":\"de\",\"potentialAction\":[{\"@type\":\"ReadAction\",\"target\":[\"https:\/\/leatai.com\/de\/product\/verschiedene-oem-muster\/oem-taschenbuch-notizbuch\/tqfa-2023\/\"]}]},{\"@type\":\"ImageObject\",\"inLanguage\":\"de\",\"@id\":\"https:\/\/leatai.com\/de\/product\/verschiedene-oem-muster\/oem-taschenbuch-notizbuch\/tqfa-2023\/#primaryimage\",\"url\":\"https:\/\/leatai.com\/wp-content\/uploads\/DSC_0212.jpg\",\"contentUrl\":\"https:\/\/leatai.com\/wp-content\/uploads\/DSC_0212.jpg\",\"width\":1000,\"height\":750},{\"@type\":\"BreadcrumbList\",\"@id\":\"https:\/\/leatai.com\/de\/product\/verschiedene-oem-muster\/oem-taschenbuch-notizbuch\/tqfa-2023\/#breadcrumb\",\"itemListElement\":[{\"@type\":\"ListItem\",\"position\":1,\"name\":\"Home\",\"item\":\"https:\/\/leatai.com\/de\/\"},{\"@type\":\"ListItem\",\"position\":2,\"name\":\"Produktvorstellung\",\"item\":\"https:\/\/leatai.com\/products\/\"},{\"@type\":\"ListItem\",\"position\":3,\"name\":\"Verschiedene OEM-Muster\",\"item\":\"https:\/\/leatai.com\/de\/produkt-kategorie\/verschiedene-oem-muster\/\"},{\"@type\":\"ListItem\",\"position\":4,\"name\":\"OEM Taschenbuch-Notizbuch\",\"item\":\"https:\/\/leatai.com\/de\/produkt-kategorie\/verschiedene-oem-muster\/oem-taschenbuch-notizbuch\/\"},{\"@type\":\"ListItem\",\"position\":5,\"name\":\"TQFA 2023\"}]},{\"@type\":\"WebSite\",\"@id\":\"https:\/\/leatai.com\/de\/#website\",\"url\":\"https:\/\/leatai.com\/de\/\",\"name\":\"Leatai \u2013 Hersteller ma\u00dfgeschneiderter Notizb\u00fccher\",\"description\":\"Leatai liefert individuelle Notizb\u00fccher und Planer f\u00fcr Marken und H\u00e4ndler weltweit.\",\"publisher\":{\"@id\":\"https:\/\/leatai.com\/de\/#organization\"},\"potentialAction\":[{\"@type\":\"SearchAction\",\"target\":{\"@type\":\"EntryPoint\",\"urlTemplate\":\"https:\/\/leatai.com\/de\/?s={search_term_string}\"},\"query-input\":{\"@type\":\"PropertyValueSpecification\",\"valueRequired\":true,\"valueName\":\"search_term_string\"}}],\"inLanguage\":\"de\"},{\"@type\":\"Organization\",\"@id\":\"https:\/\/leatai.com\/de\/#organization\",\"name\":\"Leatai Diary, customized journal and business organizer\",\"url\":\"https:\/\/leatai.com\/de\/\",\"logo\":{\"@type\":\"ImageObject\",\"inLanguage\":\"de\",\"@id\":\"https:\/\/leatai.com\/de\/#\/schema\/logo\/image\/\",\"url\":\"https:\/\/leatai.com\/wp-content\/uploads\/logo-blue.png\",\"contentUrl\":\"https:\/\/leatai.com\/wp-content\/uploads\/logo-blue.png\",\"width\":230,\"height\":60,\"caption\":\"Leatai Diary, customized journal and business organizer\"},\"image\":{\"@id\":\"https:\/\/leatai.com\/de\/#\/schema\/logo\/image\/\"}}]}<\/script>\n<!-- \/ Yoast SEO plugin. -->","yoast_head_json":{"title":"TQFA 2023 - Leatai \u2013 Hersteller ma\u00dfgeschneiderter Notizb\u00fccher","description":"Kundenname: TQFA Fallgr\u00f6\u00dfe: 25K Fallstil: Taschenbuch-Notizbuch Cover-Effekt: Pr\u00e4gung, wei\u00dfe Folienpr\u00e4gung, Metallplakette Hauptmerkmale: Die Kombination aus Pr\u00e4gung und wei\u00dfer Folienpr\u00e4gung verleiht dem Notizbuch bereits eine elegante Optik. Mit der zus\u00e4tzlichen Metallplakette wird das Design weiter aufgewertet, wodurch die Sorgfalt und das Engagement der Vereinigung deutlich sp\u00fcrbar werden.","robots":{"index":"index","follow":"follow","max-snippet":"max-snippet:-1","max-image-preview":"max-image-preview:large","max-video-preview":"max-video-preview:-1"},"canonical":"https:\/\/leatai.com\/de\/product\/verschiedene-oem-muster\/oem-taschenbuch-notizbuch\/tqfa-2023\/","og_locale":"de_DE","og_type":"article","og_title":"TQFA 2023 - Leatai \u2013 Hersteller ma\u00dfgeschneiderter Notizb\u00fccher","og_description":"Kundenname: TQFA Fallgr\u00f6\u00dfe: 25K Fallstil: Taschenbuch-Notizbuch Cover-Effekt: Pr\u00e4gung, wei\u00dfe Folienpr\u00e4gung, Metallplakette Hauptmerkmale: Die Kombination aus Pr\u00e4gung und wei\u00dfer Folienpr\u00e4gung verleiht dem Notizbuch bereits eine elegante Optik. Mit der zus\u00e4tzlichen Metallplakette wird das Design weiter aufgewertet, wodurch die Sorgfalt und das Engagement der Vereinigung deutlich sp\u00fcrbar werden.","og_url":"https:\/\/leatai.com\/de\/product\/verschiedene-oem-muster\/oem-taschenbuch-notizbuch\/tqfa-2023\/","og_site_name":"Leatai \u2013 Hersteller ma\u00dfgeschneiderter Notizb\u00fccher","article_modified_time":"2025-03-21T03:19:05+00:00","og_image":[{"width":1000,"height":750,"url":"https:\/\/leatai.com\/wp-content\/uploads\/DSC_0212.jpg","type":"image\/jpeg"}],"twitter_card":"summary_large_image","twitter_misc":{"Gesch\u00e4tzte Lesezeit":"1\u00a0Minute"},"schema":{"@context":"https:\/\/schema.org","@graph":[{"@type":"WebPage","@id":"https:\/\/leatai.com\/de\/product\/verschiedene-oem-muster\/oem-taschenbuch-notizbuch\/tqfa-2023\/","url":"https:\/\/leatai.com\/de\/product\/verschiedene-oem-muster\/oem-taschenbuch-notizbuch\/tqfa-2023\/","name":"TQFA 2023 - Leatai \u2013 Hersteller ma\u00dfgeschneiderter Notizb\u00fccher","isPartOf":{"@id":"https:\/\/leatai.com\/de\/#website"},"primaryImageOfPage":{"@id":"https:\/\/leatai.com\/de\/product\/verschiedene-oem-muster\/oem-taschenbuch-notizbuch\/tqfa-2023\/#primaryimage"},"image":{"@id":"https:\/\/leatai.com\/de\/product\/verschiedene-oem-muster\/oem-taschenbuch-notizbuch\/tqfa-2023\/#primaryimage"},"thumbnailUrl":"https:\/\/leatai.com\/wp-content\/uploads\/DSC_0212.jpg","datePublished":"2024-08-22T06:49:25+00:00","dateModified":"2025-03-21T03:19:05+00:00","description":"Kundenname: TQFA Fallgr\u00f6\u00dfe: 25K Fallstil: Taschenbuch-Notizbuch Cover-Effekt: Pr\u00e4gung, wei\u00dfe Folienpr\u00e4gung, Metallplakette Hauptmerkmale: Die Kombination aus Pr\u00e4gung und wei\u00dfer Folienpr\u00e4gung verleiht dem Notizbuch bereits eine elegante Optik. Mit der zus\u00e4tzlichen Metallplakette wird das Design weiter aufgewertet, wodurch die Sorgfalt und das Engagement der Vereinigung deutlich sp\u00fcrbar werden.","breadcrumb":{"@id":"https:\/\/leatai.com\/de\/product\/verschiedene-oem-muster\/oem-taschenbuch-notizbuch\/tqfa-2023\/#breadcrumb"},"inLanguage":"de","potentialAction":[{"@type":"ReadAction","target":["https:\/\/leatai.com\/de\/product\/verschiedene-oem-muster\/oem-taschenbuch-notizbuch\/tqfa-2023\/"]}]},{"@type":"ImageObject","inLanguage":"de","@id":"https:\/\/leatai.com\/de\/product\/verschiedene-oem-muster\/oem-taschenbuch-notizbuch\/tqfa-2023\/#primaryimage","url":"https:\/\/leatai.com\/wp-content\/uploads\/DSC_0212.jpg","contentUrl":"https:\/\/leatai.com\/wp-content\/uploads\/DSC_0212.jpg","width":1000,"height":750},{"@type":"BreadcrumbList","@id":"https:\/\/leatai.com\/de\/product\/verschiedene-oem-muster\/oem-taschenbuch-notizbuch\/tqfa-2023\/#breadcrumb","itemListElement":[{"@type":"ListItem","position":1,"name":"Home","item":"https:\/\/leatai.com\/de\/"},{"@type":"ListItem","position":2,"name":"Produktvorstellung","item":"https:\/\/leatai.com\/products\/"},{"@type":"ListItem","position":3,"name":"Verschiedene OEM-Muster","item":"https:\/\/leatai.com\/de\/produkt-kategorie\/verschiedene-oem-muster\/"},{"@type":"ListItem","position":4,"name":"OEM Taschenbuch-Notizbuch","item":"https:\/\/leatai.com\/de\/produkt-kategorie\/verschiedene-oem-muster\/oem-taschenbuch-notizbuch\/"},{"@type":"ListItem","position":5,"name":"TQFA 2023"}]},{"@type":"WebSite","@id":"https:\/\/leatai.com\/de\/#website","url":"https:\/\/leatai.com\/de\/","name":"Leatai \u2013 Hersteller ma\u00dfgeschneiderter Notizb\u00fccher","description":"Leatai liefert individuelle Notizb\u00fccher und Planer f\u00fcr Marken und H\u00e4ndler weltweit.","publisher":{"@id":"https:\/\/leatai.com\/de\/#organization"},"potentialAction":[{"@type":"SearchAction","target":{"@type":"EntryPoint","urlTemplate":"https:\/\/leatai.com\/de\/?s={search_term_string}"},"query-input":{"@type":"PropertyValueSpecification","valueRequired":true,"valueName":"search_term_string"}}],"inLanguage":"de"},{"@type":"Organization","@id":"https:\/\/leatai.com\/de\/#organization","name":"Leatai Diary, customized journal and business organizer","url":"https:\/\/leatai.com\/de\/","logo":{"@type":"ImageObject","inLanguage":"de","@id":"https:\/\/leatai.com\/de\/#\/schema\/logo\/image\/","url":"https:\/\/leatai.com\/wp-content\/uploads\/logo-blue.png","contentUrl":"https:\/\/leatai.com\/wp-content\/uploads\/logo-blue.png","width":230,"height":60,"caption":"Leatai Diary, customized journal and business organizer"},"image":{"@id":"https:\/\/leatai.com\/de\/#\/schema\/logo\/image\/"}}]}},"_links":{"self":[{"href":"https:\/\/leatai.com\/de\/wp-json\/wp\/v2\/product\/156654","targetHints":{"allow":["GET"]}}],"collection":[{"href":"https:\/\/leatai.com\/de\/wp-json\/wp\/v2\/product"}],"about":[{"href":"https:\/\/leatai.com\/de\/wp-json\/wp\/v2\/types\/product"}],"wp:featuredmedia":[{"embeddable":true,"href":"https:\/\/leatai.com\/de\/wp-json\/wp\/v2\/media\/77666"}],"wp:attachment":[{"href":"https:\/\/leatai.com\/de\/wp-json\/wp\/v2\/media?parent=156654"}],"wp:term":[{"taxonomy":"product_brand","embeddable":true,"href":"https:\/\/leatai.com\/de\/wp-json\/wp\/v2\/product_brand?post=156654"},{"taxonomy":"product_cat","embeddable":true,"href":"https:\/\/leatai.com\/de\/wp-json\/wp\/v2\/product_cat?post=156654"},{"taxonomy":"product_tag","embeddable":true,"href":"https:\/\/leatai.com\/de\/wp-json\/wp\/v2\/product_tag?post=156654"},{"taxonomy":"home_works","embeddable":true,"href":"https:\/\/leatai.com\/de\/wp-json\/wp\/v2\/home_works?post=156654"}],"curies":[{"name":"wp","href":"https:\/\/api.w.org\/{rel}","templated":true}]}}