{"id":99876,"date":"2021-08-18T15:59:08","date_gmt":"2021-08-18T07:59:08","guid":{"rendered":"https:\/\/leatai.com\/product\/Ikke%20kategoriseret\/longines\/"},"modified":"2025-01-20T17:11:12","modified_gmt":"2025-01-20T09:11:12","slug":"longines","status":"publish","type":"product","link":"https:\/\/leatai.com\/da\/product\/forskellige-oem-proever\/oem-hardcover-notebook\/longines\/","title":{"rendered":"Longines"},"content":{"rendered":"<p>Kundens navn: Longines<br \/>\nCasespecifikationer: Skr\u00e6ddersyet st\u00f8rrelse<br \/>\nCase-model: Hardcover-notesbog i syntetisk l\u00e6der<br \/>\nCase-logo-effekt: Pr\u00e6gning p\u00e5 forsiden<br \/>\nEkstraudstyr: Bogm\u00e6rkeb\u00e5nd + elastikb\u00e5nd<\/p>\n<p>S\u00e6rlige kendetegn: Denne hardcover-notesbog fra Longines udstr\u00e5ler luksus og elegance, der er kendetegnende for brandet. Fremstillet i Longines\u2019 ikoniske dybe bl\u00e5 farve og en skr\u00e6ddersyet smal st\u00f8rrelse, skaber den en fornemmelse af eksklusivitet. Bogm\u00e6rkeb\u00e5ndet og elastikb\u00e5ndet tilf\u00f8jer funktionalitet, mens det pr\u00e6ge logo fremh\u00e6ver en h\u00f8j grad af genkendelighed og brandidentitet.<\/p>\n<p>&nbsp;<\/p>\n<div class=\"flex max-w-full flex-col flex-grow\">\n<div class=\"min-h-8 text-message flex w-full flex-col items-end gap-2 whitespace-normal break-words text-start [.text-message+&amp;]:mt-5\" dir=\"auto\" data-message-author-role=\"assistant\" data-message-id=\"823ffdc5-7797-4bf0-b5dc-d7aa43f47cdb\" data-message-model-slug=\"gpt-4o\">\n<div class=\"flex w-full flex-col gap-1 empty:hidden first:pt-[3px]\">\n<div class=\"markdown prose w-full break-words dark:prose-invert dark\">\n<p>\ud83d\udcd6 Alle tilpassede eksempler:<a href=\"https:\/\/leatai.com\/da\/vare-tag\/oem-da\/\" target=\"_blank\" rel=\"noopener\"> Tilpassede notesb\u00f8ger \/ Tilpassede erhvervskalendere<\/a><\/p>\n<div class=\"flex max-w-full flex-col flex-grow\">\n<div class=\"min-h-8 text-message flex w-full flex-col items-end gap-2 whitespace-normal break-words text-start [.text-message+&amp;]:mt-5\" dir=\"auto\" data-message-author-role=\"assistant\" data-message-id=\"823ffdc5-7797-4bf0-b5dc-d7aa43f47cdb\" data-message-model-slug=\"gpt-4o\">\n<div class=\"flex w-full flex-col gap-1 empty:hidden first:pt-[3px]\">\n<div class=\"markdown prose w-full break-words dark:prose-invert dark\">\n<p>\ud83d\udcd6 Standardprodukter for tilpassede notesb\u00f8ger \/ erhvervskalendere:<\/p>\n<ul>\n<li><a href=\"https:\/\/leatai.com\/da\/vare-kategori\/tilpasset-notesbog\/hardcover-notesbog\/\" target=\"_blank\" rel=\"noopener\">Hardcover-notesb\u00f8ger \/ Hardcover-erhvervskalendere<\/a><\/li>\n<li><a href=\"https:\/\/leatai.com\/da\/vare-kategori\/tilpasset-notesbog\/loesebladsnotesbog\/\" target=\"_blank\" rel=\"noopener\">L\u00f8sningsnotesb\u00f8ger \/ L\u00f8sningskalendere<\/a><\/li>\n<li><a href=\"https:\/\/leatai.com\/da\/vare-kategori\/tilpasset-notesbog\/aftagelig-notesbog\/\" target=\"_blank\" rel=\"noopener\">Udtr\u00e6kkelige l\u00f8sningsb\u00f8ger \/ Udtr\u00e6kkelige kalendere<\/a><\/li>\n<li><a href=\"https:\/\/leatai.com\/da\/vare-kategori\/tilpasset-notesbog\/paperback-notesbog\/\" target=\"_blank\" rel=\"noopener\">Softcover-notesb\u00f8ger \/ Softcover-erhvervskalendere<\/a><\/li>\n<li><a href=\"https:\/\/leatai.com\/da\/vare-kategori\/tilpasset-notesbog\/spiral-notesbog\/\" target=\"_blank\" rel=\"noopener\">Spiralnotesb\u00f8ger \/ Spiral-erhvervskalendere<\/a><\/li>\n<\/ul>\n<p>\ud83d\udcd6For en komplet guide til specialtilpasning, se venligst:Skr\u00e6ddersyede gave- og reklametjenester \u2013 Skab unikke gaver og anbefalede gaveartikler.<\/p>\n<p>\ud83d\udcd6 For en komplet st\u00f8rrelsesforklaring, se venligst: <a href=\"https:\/\/leatai.com\/da\/produktintroduktion\/\" target=\"_blank\" rel=\"noopener\">Papirst\u00f8rrelsesguide: B3, A4, B5, 8K, 16K og andre almindelige st\u00f8rrelser. Sammenligningstabel for papirst\u00f8rrelser, som g\u00f8r det nemt at forst\u00e5!<\/a><\/p>\n<\/div>\n<\/div>\n<\/div>\n<\/div>\n<div class=\"mb-2 flex gap-3 empty:hidden -ml-2\">\n<div class=\"items-center justify-start rounded-xl p-1 flex\">\n<div class=\"flex items-center\"><\/div>\n<\/div>\n<\/div>\n<\/div>\n<\/div>\n<\/div>\n<\/div>\n","protected":false},"excerpt":{"rendered":"<p>Kundens navn: Longines Casespecifikationer: Skr\u00e6ddersyet st\u00f8rrelse Case-model: Hardcover-notesbog i syntetisk l\u00e6der Case-logo-effekt: Pr\u00e6gning p\u00e5 forsiden Ekstraudstyr: Bogm\u00e6rkeb\u00e5nd + elastikb\u00e5nd S\u00e6rlige kendetegn: Denne hardcover-notesbog fra Longines udstr\u00e5ler luksus og elegance, der er kendetegnende for brandet. Fremstillet i Longines\u2019 ikoniske dybe bl\u00e5 farve og en skr\u00e6ddersyet smal st\u00f8rrelse, skaber den en fornemmelse af eksklusivitet. Bogm\u00e6rkeb\u00e5ndet og elastikb\u00e5ndet [&hellip;]<\/p>\n","protected":false},"featured_media":99877,"template":"","meta":{"_acf_changed":false},"product_brand":[],"product_cat":[877],"product_tag":[1228],"home_works":[1242],"class_list":{"0":"post-99876","1":"product","2":"type-product","3":"status-publish","4":"has-post-thumbnail","6":"product_cat-oem-hardcover-notebook","7":"product_tag-oem-da","8":"home_works-forside-visning","10":"first","11":"outofstock","12":"sold-individually","13":"shipping-taxable","14":"purchasable","15":"product-type-variable","16":"has-default-attributes"},"acf":[],"yoast_head":"<!-- This site is optimized with the Yoast SEO plugin v27.2 - https:\/\/yoast.com\/product\/yoast-seo-wordpress\/ -->\n<title>Longines - En kraftfuld aura af elegance: En uundg\u00e5elig tilstedev\u00e6relse - Leatai \u2013 Producent af tilpassede notesb\u00f8ger<\/title>\n<meta name=\"description\" content=\"OEM hardcover-eksempel: Longines Model: Hardcover-notesbog St\u00f8rrelse: Skr\u00e6ddersyet st\u00f8rrelse N\u00f8glefunktioner: Denne hardcover-notesbog repr\u00e6senterer toppen af brand\u00e6stetik med Longines\u2019 ikoniske dybe bl\u00e5 farve. Den skr\u00e6ddersyede smalle st\u00f8rrelse fremh\u00e6ver en f\u00f8lelse af eksklusivitet og elegance. Med sit sofistikerede design og h\u00f8je genkendelighed afspejler notesbogen perfekt Longines\u2019 luksuri\u00f8se og tidl\u00f8se brandidentitet.\" \/>\n<meta name=\"robots\" content=\"index, follow, max-snippet:-1, max-image-preview:large, max-video-preview:-1\" \/>\n<link rel=\"canonical\" href=\"https:\/\/leatai.com\/da\/product\/forskellige-oem-proever\/oem-hardcover-notebook\/longines\/\" \/>\n<meta property=\"og:locale\" content=\"da_DK\" \/>\n<meta property=\"og:type\" content=\"article\" \/>\n<meta property=\"og:title\" content=\"Longines - En kraftfuld aura af elegance: En uundg\u00e5elig tilstedev\u00e6relse - Leatai \u2013 Producent af tilpassede notesb\u00f8ger\" \/>\n<meta property=\"og:description\" content=\"OEM hardcover-eksempel: Longines Model: Hardcover-notesbog St\u00f8rrelse: Skr\u00e6ddersyet st\u00f8rrelse N\u00f8glefunktioner: Denne hardcover-notesbog repr\u00e6senterer toppen af brand\u00e6stetik med Longines\u2019 ikoniske dybe bl\u00e5 farve. Den skr\u00e6ddersyede smalle st\u00f8rrelse fremh\u00e6ver en f\u00f8lelse af eksklusivitet og elegance. Med sit sofistikerede design og h\u00f8je genkendelighed afspejler notesbogen perfekt Longines\u2019 luksuri\u00f8se og tidl\u00f8se brandidentitet.\" \/>\n<meta property=\"og:url\" content=\"https:\/\/leatai.com\/da\/product\/forskellige-oem-proever\/oem-hardcover-notebook\/longines\/\" \/>\n<meta property=\"og:site_name\" content=\"Leatai \u2013 Producent af tilpassede notesb\u00f8ger\" \/>\n<meta property=\"article:modified_time\" content=\"2025-01-20T09:11:12+00:00\" \/>\n<meta property=\"og:image\" content=\"https:\/\/leatai.com\/wp-content\/uploads\/P1360842.jpg\" \/>\n\t<meta property=\"og:image:width\" content=\"1000\" \/>\n\t<meta property=\"og:image:height\" content=\"750\" \/>\n\t<meta property=\"og:image:type\" content=\"image\/jpeg\" \/>\n<meta name=\"twitter:card\" content=\"summary_large_image\" \/>\n<meta name=\"twitter:label1\" content=\"Estimeret l\u00e6setid\" \/>\n\t<meta name=\"twitter:data1\" content=\"1 minut\" \/>\n<script type=\"application\/ld+json\" class=\"yoast-schema-graph\">{\"@context\":\"https:\/\/schema.org\",\"@graph\":[{\"@type\":\"WebPage\",\"@id\":\"https:\/\/leatai.com\/da\/product\/forskellige-oem-proever\/oem-hardcover-notebook\/longines\/\",\"url\":\"https:\/\/leatai.com\/da\/product\/forskellige-oem-proever\/oem-hardcover-notebook\/longines\/\",\"name\":\"Longines - En kraftfuld aura af elegance: En uundg\u00e5elig tilstedev\u00e6relse - Leatai \u2013 Producent af tilpassede notesb\u00f8ger\",\"isPartOf\":{\"@id\":\"https:\/\/leatai.com\/da\/#website\"},\"primaryImageOfPage\":{\"@id\":\"https:\/\/leatai.com\/da\/product\/forskellige-oem-proever\/oem-hardcover-notebook\/longines\/#primaryimage\"},\"image\":{\"@id\":\"https:\/\/leatai.com\/da\/product\/forskellige-oem-proever\/oem-hardcover-notebook\/longines\/#primaryimage\"},\"thumbnailUrl\":\"https:\/\/leatai.com\/wp-content\/uploads\/P1360842.jpg\",\"datePublished\":\"2021-08-18T07:59:08+00:00\",\"dateModified\":\"2025-01-20T09:11:12+00:00\",\"description\":\"OEM hardcover-eksempel: Longines Model: Hardcover-notesbog St\u00f8rrelse: Skr\u00e6ddersyet st\u00f8rrelse N\u00f8glefunktioner: Denne hardcover-notesbog repr\u00e6senterer toppen af brand\u00e6stetik med Longines\u2019 ikoniske dybe bl\u00e5 farve. Den skr\u00e6ddersyede smalle st\u00f8rrelse fremh\u00e6ver en f\u00f8lelse af eksklusivitet og elegance. Med sit sofistikerede design og h\u00f8je genkendelighed afspejler notesbogen perfekt Longines\u2019 luksuri\u00f8se og tidl\u00f8se brandidentitet.\",\"breadcrumb\":{\"@id\":\"https:\/\/leatai.com\/da\/product\/forskellige-oem-proever\/oem-hardcover-notebook\/longines\/#breadcrumb\"},\"inLanguage\":\"da-DK\",\"potentialAction\":[{\"@type\":\"ReadAction\",\"target\":[\"https:\/\/leatai.com\/da\/product\/forskellige-oem-proever\/oem-hardcover-notebook\/longines\/\"]}]},{\"@type\":\"ImageObject\",\"inLanguage\":\"da-DK\",\"@id\":\"https:\/\/leatai.com\/da\/product\/forskellige-oem-proever\/oem-hardcover-notebook\/longines\/#primaryimage\",\"url\":\"https:\/\/leatai.com\/wp-content\/uploads\/P1360842.jpg\",\"contentUrl\":\"https:\/\/leatai.com\/wp-content\/uploads\/P1360842.jpg\",\"width\":1000,\"height\":750,\"caption\":\"Skr\u00e6ddersyede souvenirs og eventgaver \u2013 Longines\"},{\"@type\":\"BreadcrumbList\",\"@id\":\"https:\/\/leatai.com\/da\/product\/forskellige-oem-proever\/oem-hardcover-notebook\/longines\/#breadcrumb\",\"itemListElement\":[{\"@type\":\"ListItem\",\"position\":1,\"name\":\"Home\",\"item\":\"https:\/\/leatai.com\/da\/\"},{\"@type\":\"ListItem\",\"position\":2,\"name\":\"Produktintroduktion\",\"item\":\"https:\/\/leatai.com\/products\/\"},{\"@type\":\"ListItem\",\"position\":3,\"name\":\"Forskellige OEM-pr\u00f8ver\",\"item\":\"https:\/\/leatai.com\/da\/vare-kategori\/forskellige-oem-proever\/\"},{\"@type\":\"ListItem\",\"position\":4,\"name\":\"OEM Hardcover Notebook\",\"item\":\"https:\/\/leatai.com\/da\/vare-kategori\/forskellige-oem-proever\/oem-hardcover-notebook\/\"},{\"@type\":\"ListItem\",\"position\":5,\"name\":\"Longines\"}]},{\"@type\":\"WebSite\",\"@id\":\"https:\/\/leatai.com\/da\/#website\",\"url\":\"https:\/\/leatai.com\/da\/\",\"name\":\"Leatai \u2013 Producent af tilpassede notesb\u00f8ger\",\"description\":\"Leatai tilbyder tilpassede notesb\u00f8ger og planl\u00e6ggere til globale brands og distribut\u00f8rer.\",\"publisher\":{\"@id\":\"https:\/\/leatai.com\/da\/#organization\"},\"potentialAction\":[{\"@type\":\"SearchAction\",\"target\":{\"@type\":\"EntryPoint\",\"urlTemplate\":\"https:\/\/leatai.com\/da\/?s={search_term_string}\"},\"query-input\":{\"@type\":\"PropertyValueSpecification\",\"valueRequired\":true,\"valueName\":\"search_term_string\"}}],\"inLanguage\":\"da-DK\"},{\"@type\":\"Organization\",\"@id\":\"https:\/\/leatai.com\/da\/#organization\",\"name\":\"Leatai Diary, customized journal and business organizer\",\"url\":\"https:\/\/leatai.com\/da\/\",\"logo\":{\"@type\":\"ImageObject\",\"inLanguage\":\"da-DK\",\"@id\":\"https:\/\/leatai.com\/da\/#\/schema\/logo\/image\/\",\"url\":\"https:\/\/leatai.com\/wp-content\/uploads\/logo-blue.png\",\"contentUrl\":\"https:\/\/leatai.com\/wp-content\/uploads\/logo-blue.png\",\"width\":230,\"height\":60,\"caption\":\"Leatai Diary, customized journal and business organizer\"},\"image\":{\"@id\":\"https:\/\/leatai.com\/da\/#\/schema\/logo\/image\/\"}}]}<\/script>\n<!-- \/ Yoast SEO plugin. -->","yoast_head_json":{"title":"Longines - En kraftfuld aura af elegance: En uundg\u00e5elig tilstedev\u00e6relse - Leatai \u2013 Producent af tilpassede notesb\u00f8ger","description":"OEM hardcover-eksempel: Longines Model: Hardcover-notesbog St\u00f8rrelse: Skr\u00e6ddersyet st\u00f8rrelse N\u00f8glefunktioner: Denne hardcover-notesbog repr\u00e6senterer toppen af brand\u00e6stetik med Longines\u2019 ikoniske dybe bl\u00e5 farve. Den skr\u00e6ddersyede smalle st\u00f8rrelse fremh\u00e6ver en f\u00f8lelse af eksklusivitet og elegance. Med sit sofistikerede design og h\u00f8je genkendelighed afspejler notesbogen perfekt Longines\u2019 luksuri\u00f8se og tidl\u00f8se brandidentitet.","robots":{"index":"index","follow":"follow","max-snippet":"max-snippet:-1","max-image-preview":"max-image-preview:large","max-video-preview":"max-video-preview:-1"},"canonical":"https:\/\/leatai.com\/da\/product\/forskellige-oem-proever\/oem-hardcover-notebook\/longines\/","og_locale":"da_DK","og_type":"article","og_title":"Longines - En kraftfuld aura af elegance: En uundg\u00e5elig tilstedev\u00e6relse - Leatai \u2013 Producent af tilpassede notesb\u00f8ger","og_description":"OEM hardcover-eksempel: Longines Model: Hardcover-notesbog St\u00f8rrelse: Skr\u00e6ddersyet st\u00f8rrelse N\u00f8glefunktioner: Denne hardcover-notesbog repr\u00e6senterer toppen af brand\u00e6stetik med Longines\u2019 ikoniske dybe bl\u00e5 farve. Den skr\u00e6ddersyede smalle st\u00f8rrelse fremh\u00e6ver en f\u00f8lelse af eksklusivitet og elegance. Med sit sofistikerede design og h\u00f8je genkendelighed afspejler notesbogen perfekt Longines\u2019 luksuri\u00f8se og tidl\u00f8se brandidentitet.","og_url":"https:\/\/leatai.com\/da\/product\/forskellige-oem-proever\/oem-hardcover-notebook\/longines\/","og_site_name":"Leatai \u2013 Producent af tilpassede notesb\u00f8ger","article_modified_time":"2025-01-20T09:11:12+00:00","og_image":[{"width":1000,"height":750,"url":"https:\/\/leatai.com\/wp-content\/uploads\/P1360842.jpg","type":"image\/jpeg"}],"twitter_card":"summary_large_image","twitter_misc":{"Estimeret l\u00e6setid":"1 minut"},"schema":{"@context":"https:\/\/schema.org","@graph":[{"@type":"WebPage","@id":"https:\/\/leatai.com\/da\/product\/forskellige-oem-proever\/oem-hardcover-notebook\/longines\/","url":"https:\/\/leatai.com\/da\/product\/forskellige-oem-proever\/oem-hardcover-notebook\/longines\/","name":"Longines - En kraftfuld aura af elegance: En uundg\u00e5elig tilstedev\u00e6relse - Leatai \u2013 Producent af tilpassede notesb\u00f8ger","isPartOf":{"@id":"https:\/\/leatai.com\/da\/#website"},"primaryImageOfPage":{"@id":"https:\/\/leatai.com\/da\/product\/forskellige-oem-proever\/oem-hardcover-notebook\/longines\/#primaryimage"},"image":{"@id":"https:\/\/leatai.com\/da\/product\/forskellige-oem-proever\/oem-hardcover-notebook\/longines\/#primaryimage"},"thumbnailUrl":"https:\/\/leatai.com\/wp-content\/uploads\/P1360842.jpg","datePublished":"2021-08-18T07:59:08+00:00","dateModified":"2025-01-20T09:11:12+00:00","description":"OEM hardcover-eksempel: Longines Model: Hardcover-notesbog St\u00f8rrelse: Skr\u00e6ddersyet st\u00f8rrelse N\u00f8glefunktioner: Denne hardcover-notesbog repr\u00e6senterer toppen af brand\u00e6stetik med Longines\u2019 ikoniske dybe bl\u00e5 farve. Den skr\u00e6ddersyede smalle st\u00f8rrelse fremh\u00e6ver en f\u00f8lelse af eksklusivitet og elegance. Med sit sofistikerede design og h\u00f8je genkendelighed afspejler notesbogen perfekt Longines\u2019 luksuri\u00f8se og tidl\u00f8se brandidentitet.","breadcrumb":{"@id":"https:\/\/leatai.com\/da\/product\/forskellige-oem-proever\/oem-hardcover-notebook\/longines\/#breadcrumb"},"inLanguage":"da-DK","potentialAction":[{"@type":"ReadAction","target":["https:\/\/leatai.com\/da\/product\/forskellige-oem-proever\/oem-hardcover-notebook\/longines\/"]}]},{"@type":"ImageObject","inLanguage":"da-DK","@id":"https:\/\/leatai.com\/da\/product\/forskellige-oem-proever\/oem-hardcover-notebook\/longines\/#primaryimage","url":"https:\/\/leatai.com\/wp-content\/uploads\/P1360842.jpg","contentUrl":"https:\/\/leatai.com\/wp-content\/uploads\/P1360842.jpg","width":1000,"height":750,"caption":"Skr\u00e6ddersyede souvenirs og eventgaver \u2013 Longines"},{"@type":"BreadcrumbList","@id":"https:\/\/leatai.com\/da\/product\/forskellige-oem-proever\/oem-hardcover-notebook\/longines\/#breadcrumb","itemListElement":[{"@type":"ListItem","position":1,"name":"Home","item":"https:\/\/leatai.com\/da\/"},{"@type":"ListItem","position":2,"name":"Produktintroduktion","item":"https:\/\/leatai.com\/products\/"},{"@type":"ListItem","position":3,"name":"Forskellige OEM-pr\u00f8ver","item":"https:\/\/leatai.com\/da\/vare-kategori\/forskellige-oem-proever\/"},{"@type":"ListItem","position":4,"name":"OEM Hardcover Notebook","item":"https:\/\/leatai.com\/da\/vare-kategori\/forskellige-oem-proever\/oem-hardcover-notebook\/"},{"@type":"ListItem","position":5,"name":"Longines"}]},{"@type":"WebSite","@id":"https:\/\/leatai.com\/da\/#website","url":"https:\/\/leatai.com\/da\/","name":"Leatai \u2013 Producent af tilpassede notesb\u00f8ger","description":"Leatai tilbyder tilpassede notesb\u00f8ger og planl\u00e6ggere til globale brands og distribut\u00f8rer.","publisher":{"@id":"https:\/\/leatai.com\/da\/#organization"},"potentialAction":[{"@type":"SearchAction","target":{"@type":"EntryPoint","urlTemplate":"https:\/\/leatai.com\/da\/?s={search_term_string}"},"query-input":{"@type":"PropertyValueSpecification","valueRequired":true,"valueName":"search_term_string"}}],"inLanguage":"da-DK"},{"@type":"Organization","@id":"https:\/\/leatai.com\/da\/#organization","name":"Leatai Diary, customized journal and business organizer","url":"https:\/\/leatai.com\/da\/","logo":{"@type":"ImageObject","inLanguage":"da-DK","@id":"https:\/\/leatai.com\/da\/#\/schema\/logo\/image\/","url":"https:\/\/leatai.com\/wp-content\/uploads\/logo-blue.png","contentUrl":"https:\/\/leatai.com\/wp-content\/uploads\/logo-blue.png","width":230,"height":60,"caption":"Leatai Diary, customized journal and business organizer"},"image":{"@id":"https:\/\/leatai.com\/da\/#\/schema\/logo\/image\/"}}]}},"_links":{"self":[{"href":"https:\/\/leatai.com\/da\/wp-json\/wp\/v2\/product\/99876","targetHints":{"allow":["GET"]}}],"collection":[{"href":"https:\/\/leatai.com\/da\/wp-json\/wp\/v2\/product"}],"about":[{"href":"https:\/\/leatai.com\/da\/wp-json\/wp\/v2\/types\/product"}],"wp:featuredmedia":[{"embeddable":true,"href":"https:\/\/leatai.com\/da\/wp-json\/wp\/v2\/media\/99877"}],"wp:attachment":[{"href":"https:\/\/leatai.com\/da\/wp-json\/wp\/v2\/media?parent=99876"}],"wp:term":[{"taxonomy":"product_brand","embeddable":true,"href":"https:\/\/leatai.com\/da\/wp-json\/wp\/v2\/product_brand?post=99876"},{"taxonomy":"product_cat","embeddable":true,"href":"https:\/\/leatai.com\/da\/wp-json\/wp\/v2\/product_cat?post=99876"},{"taxonomy":"product_tag","embeddable":true,"href":"https:\/\/leatai.com\/da\/wp-json\/wp\/v2\/product_tag?post=99876"},{"taxonomy":"home_works","embeddable":true,"href":"https:\/\/leatai.com\/da\/wp-json\/wp\/v2\/home_works?post=99876"}],"curies":[{"name":"wp","href":"https:\/\/api.w.org\/{rel}","templated":true}]}}