{"id":99484,"date":"2021-08-19T21:05:23","date_gmt":"2021-08-19T13:05:23","guid":{"rendered":"https:\/\/leatai.com\/product\/Ikke%20kategoriseret\/infolink\/"},"modified":"2025-01-21T10:23:31","modified_gmt":"2025-01-21T02:23:31","slug":"infolink","status":"publish","type":"product","link":"https:\/\/leatai.com\/da\/product\/forskellige-oem-proever\/oem-hardcover-notebook\/infolink\/","title":{"rendered":"Infolink"},"content":{"rendered":"<p>Kundens navn: Infolink<br \/>\nCasespecifikationer: Skr\u00e6ddersyet st\u00f8rrelse<br \/>\nCase-model: Hardcover-notesbog<br \/>\nCase-cover-effekt: Silketryk<\/p>\n<p>S\u00e6rlige kendetegn: Denne hardcover-notesbog fremh\u00e6ver den elegante charme ved en smal skr\u00e6ddersyet st\u00f8rrelse. Omslaget er dekoreret med et logo trykt ved hj\u00e6lp af silketryk, hvilket tilf\u00f8jer et unikt pr\u00e6g. Hvert lille detalje er n\u00f8je tilpasset, hvilket g\u00f8r notesbogen b\u00e5de eksklusiv og v\u00e6rd at v\u00e6rds\u00e6tte.<\/p>\n<p>&nbsp;<\/p>\n<div class=\"flex max-w-full flex-col flex-grow\">\n<div class=\"min-h-8 text-message flex w-full flex-col items-end gap-2 whitespace-normal break-words text-start [.text-message+&amp;]:mt-5\" dir=\"auto\" data-message-author-role=\"assistant\" data-message-id=\"823ffdc5-7797-4bf0-b5dc-d7aa43f47cdb\" data-message-model-slug=\"gpt-4o\">\n<div class=\"flex w-full flex-col gap-1 empty:hidden first:pt-[3px]\">\n<div class=\"markdown prose w-full break-words dark:prose-invert dark\">\n<p>\ud83d\udcd6 Alle tilpassede eksempler:<a href=\"https:\/\/leatai.com\/da\/vare-tag\/oem-da\/\" target=\"_blank\" rel=\"noopener\"> Tilpassede notesb\u00f8ger \/ Tilpassede erhvervskalendere<\/a><\/p>\n<div class=\"flex max-w-full flex-col flex-grow\">\n<div class=\"min-h-8 text-message flex w-full flex-col items-end gap-2 whitespace-normal break-words text-start [.text-message+&amp;]:mt-5\" dir=\"auto\" data-message-author-role=\"assistant\" data-message-id=\"823ffdc5-7797-4bf0-b5dc-d7aa43f47cdb\" data-message-model-slug=\"gpt-4o\">\n<div class=\"flex w-full flex-col gap-1 empty:hidden first:pt-[3px]\">\n<div class=\"markdown prose w-full break-words dark:prose-invert dark\">\n<p>\ud83d\udcd6 Standardprodukter for tilpassede notesb\u00f8ger \/ erhvervskalendere:<\/p>\n<ul>\n<li><a href=\"https:\/\/leatai.com\/da\/vare-kategori\/tilpasset-notesbog\/hardcover-notesbog\/\" target=\"_blank\" rel=\"noopener\">Hardcover-notesb\u00f8ger \/ Hardcover-erhvervskalendere<\/a><\/li>\n<li><a href=\"https:\/\/leatai.com\/da\/vare-kategori\/tilpasset-notesbog\/loesebladsnotesbog\/\" target=\"_blank\" rel=\"noopener\">L\u00f8sningsnotesb\u00f8ger \/ L\u00f8sningskalendere<\/a><\/li>\n<li><a href=\"https:\/\/leatai.com\/da\/vare-kategori\/tilpasset-notesbog\/aftagelig-notesbog\/\" target=\"_blank\" rel=\"noopener\">Udtr\u00e6kkelige l\u00f8sningsb\u00f8ger \/ Udtr\u00e6kkelige kalendere<\/a><\/li>\n<li><a href=\"https:\/\/leatai.com\/da\/vare-kategori\/tilpasset-notesbog\/paperback-notesbog\/\" target=\"_blank\" rel=\"noopener\">Softcover-notesb\u00f8ger \/ Softcover-erhvervskalendere<\/a><\/li>\n<li><a href=\"https:\/\/leatai.com\/da\/vare-kategori\/tilpasset-notesbog\/spiral-notesbog\/\" target=\"_blank\" rel=\"noopener\">Spiralnotesb\u00f8ger \/ Spiral-erhvervskalendere<\/a><\/li>\n<\/ul>\n<p>\ud83d\udcd6For en komplet guide til specialtilpasning, se venligst:Skr\u00e6ddersyede gave- og reklametjenester \u2013 Skab unikke gaver og anbefalede gaveartikler.<\/p>\n<p>\ud83d\udcd6 For en komplet st\u00f8rrelsesforklaring, se venligst: <a href=\"https:\/\/leatai.com\/da\/produktintroduktion\/\" target=\"_blank\" rel=\"noopener\">Papirst\u00f8rrelsesguide: B3, A4, B5, 8K, 16K og andre almindelige st\u00f8rrelser. Sammenligningstabel for papirst\u00f8rrelser, som g\u00f8r det nemt at forst\u00e5!<\/a><\/p>\n<\/div>\n<\/div>\n<\/div>\n<\/div>\n<\/div>\n<\/div>\n<\/div>\n<\/div>\n","protected":false},"excerpt":{"rendered":"<p>Kundens navn: Infolink Casespecifikationer: Skr\u00e6ddersyet st\u00f8rrelse Case-model: Hardcover-notesbog Case-cover-effekt: Silketryk S\u00e6rlige kendetegn: Denne hardcover-notesbog fremh\u00e6ver den elegante charme ved en smal skr\u00e6ddersyet st\u00f8rrelse. Omslaget er dekoreret med et logo trykt ved hj\u00e6lp af silketryk, hvilket tilf\u00f8jer et unikt pr\u00e6g. Hvert lille detalje er n\u00f8je tilpasset, hvilket g\u00f8r notesbogen b\u00e5de eksklusiv og v\u00e6rd at v\u00e6rds\u00e6tte. &nbsp; [&hellip;]<\/p>\n","protected":false},"featured_media":99485,"template":"","meta":{"_acf_changed":false},"product_brand":[],"product_cat":[877],"product_tag":[1228],"home_works":[],"class_list":{"0":"post-99484","1":"product","2":"type-product","3":"status-publish","4":"has-post-thumbnail","6":"product_cat-oem-hardcover-notebook","7":"product_tag-oem-da","9":"first","10":"outofstock","11":"sold-individually","12":"shipping-taxable","13":"purchasable","14":"product-type-variable","15":"has-default-attributes"},"acf":[],"yoast_head":"<!-- This site is optimized with the Yoast SEO plugin v27.2 - https:\/\/yoast.com\/product\/yoast-seo-wordpress\/ -->\n<title>Infolink - Charme ved den smalle notesbog - Leatai \u2013 Producent af tilpassede notesb\u00f8ger<\/title>\n<meta name=\"description\" content=\"OEM hardcover-eksempel: Infolink Model: Hardcover-notesbog St\u00f8rrelse: Skr\u00e6ddersyet st\u00f8rrelse N\u00f8glefunktioner: Denne hardcover-notesbog demonstrerer den elegante charme ved en smal, skr\u00e6ddersyet st\u00f8rrelse. Omslaget er dekoreret med logoet ved hj\u00e6lp af silketryk, hvilket tilf\u00f8jer en unik og sofistikeret detalje. Hver eneste lille detalje er omhyggeligt tilpasset, hvilket g\u00f8r produktet eksklusivt og v\u00e6rd at v\u00e6rds\u00e6tte.\" \/>\n<meta name=\"robots\" content=\"index, follow, max-snippet:-1, max-image-preview:large, max-video-preview:-1\" \/>\n<link rel=\"canonical\" href=\"https:\/\/leatai.com\/da\/product\/forskellige-oem-proever\/oem-hardcover-notebook\/infolink\/\" \/>\n<meta property=\"og:locale\" content=\"da_DK\" \/>\n<meta property=\"og:type\" content=\"article\" \/>\n<meta property=\"og:title\" content=\"Infolink - Charme ved den smalle notesbog - Leatai \u2013 Producent af tilpassede notesb\u00f8ger\" \/>\n<meta property=\"og:description\" content=\"OEM hardcover-eksempel: Infolink Model: Hardcover-notesbog St\u00f8rrelse: Skr\u00e6ddersyet st\u00f8rrelse N\u00f8glefunktioner: Denne hardcover-notesbog demonstrerer den elegante charme ved en smal, skr\u00e6ddersyet st\u00f8rrelse. Omslaget er dekoreret med logoet ved hj\u00e6lp af silketryk, hvilket tilf\u00f8jer en unik og sofistikeret detalje. Hver eneste lille detalje er omhyggeligt tilpasset, hvilket g\u00f8r produktet eksklusivt og v\u00e6rd at v\u00e6rds\u00e6tte.\" \/>\n<meta property=\"og:url\" content=\"https:\/\/leatai.com\/da\/product\/forskellige-oem-proever\/oem-hardcover-notebook\/infolink\/\" \/>\n<meta property=\"og:site_name\" content=\"Leatai \u2013 Producent af tilpassede notesb\u00f8ger\" \/>\n<meta property=\"article:modified_time\" content=\"2025-01-21T02:23:31+00:00\" \/>\n<meta property=\"og:image\" content=\"https:\/\/leatai.com\/wp-content\/uploads\/DSC_0544.jpg\" \/>\n\t<meta property=\"og:image:width\" content=\"1000\" \/>\n\t<meta property=\"og:image:height\" content=\"750\" \/>\n\t<meta property=\"og:image:type\" content=\"image\/jpeg\" \/>\n<meta name=\"twitter:card\" content=\"summary_large_image\" \/>\n<meta name=\"twitter:label1\" content=\"Estimeret l\u00e6setid\" \/>\n\t<meta name=\"twitter:data1\" content=\"1 minut\" \/>\n<script type=\"application\/ld+json\" class=\"yoast-schema-graph\">{\"@context\":\"https:\/\/schema.org\",\"@graph\":[{\"@type\":\"WebPage\",\"@id\":\"https:\/\/leatai.com\/da\/product\/forskellige-oem-proever\/oem-hardcover-notebook\/infolink\/\",\"url\":\"https:\/\/leatai.com\/da\/product\/forskellige-oem-proever\/oem-hardcover-notebook\/infolink\/\",\"name\":\"Infolink - Charme ved den smalle notesbog - Leatai \u2013 Producent af tilpassede notesb\u00f8ger\",\"isPartOf\":{\"@id\":\"https:\/\/leatai.com\/da\/#website\"},\"primaryImageOfPage\":{\"@id\":\"https:\/\/leatai.com\/da\/product\/forskellige-oem-proever\/oem-hardcover-notebook\/infolink\/#primaryimage\"},\"image\":{\"@id\":\"https:\/\/leatai.com\/da\/product\/forskellige-oem-proever\/oem-hardcover-notebook\/infolink\/#primaryimage\"},\"thumbnailUrl\":\"https:\/\/leatai.com\/wp-content\/uploads\/DSC_0544.jpg\",\"datePublished\":\"2021-08-19T13:05:23+00:00\",\"dateModified\":\"2025-01-21T02:23:31+00:00\",\"description\":\"OEM hardcover-eksempel: Infolink Model: Hardcover-notesbog St\u00f8rrelse: Skr\u00e6ddersyet st\u00f8rrelse N\u00f8glefunktioner: Denne hardcover-notesbog demonstrerer den elegante charme ved en smal, skr\u00e6ddersyet st\u00f8rrelse. Omslaget er dekoreret med logoet ved hj\u00e6lp af silketryk, hvilket tilf\u00f8jer en unik og sofistikeret detalje. Hver eneste lille detalje er omhyggeligt tilpasset, hvilket g\u00f8r produktet eksklusivt og v\u00e6rd at v\u00e6rds\u00e6tte.\",\"breadcrumb\":{\"@id\":\"https:\/\/leatai.com\/da\/product\/forskellige-oem-proever\/oem-hardcover-notebook\/infolink\/#breadcrumb\"},\"inLanguage\":\"da-DK\",\"potentialAction\":[{\"@type\":\"ReadAction\",\"target\":[\"https:\/\/leatai.com\/da\/product\/forskellige-oem-proever\/oem-hardcover-notebook\/infolink\/\"]}]},{\"@type\":\"ImageObject\",\"inLanguage\":\"da-DK\",\"@id\":\"https:\/\/leatai.com\/da\/product\/forskellige-oem-proever\/oem-hardcover-notebook\/infolink\/#primaryimage\",\"url\":\"https:\/\/leatai.com\/wp-content\/uploads\/DSC_0544.jpg\",\"contentUrl\":\"https:\/\/leatai.com\/wp-content\/uploads\/DSC_0544.jpg\",\"width\":1000,\"height\":750,\"caption\":\"Hardcover-notesbog\"},{\"@type\":\"BreadcrumbList\",\"@id\":\"https:\/\/leatai.com\/da\/product\/forskellige-oem-proever\/oem-hardcover-notebook\/infolink\/#breadcrumb\",\"itemListElement\":[{\"@type\":\"ListItem\",\"position\":1,\"name\":\"Home\",\"item\":\"https:\/\/leatai.com\/da\/\"},{\"@type\":\"ListItem\",\"position\":2,\"name\":\"Produktintroduktion\",\"item\":\"https:\/\/leatai.com\/products\/\"},{\"@type\":\"ListItem\",\"position\":3,\"name\":\"Forskellige OEM-pr\u00f8ver\",\"item\":\"https:\/\/leatai.com\/da\/vare-kategori\/forskellige-oem-proever\/\"},{\"@type\":\"ListItem\",\"position\":4,\"name\":\"OEM Hardcover Notebook\",\"item\":\"https:\/\/leatai.com\/da\/vare-kategori\/forskellige-oem-proever\/oem-hardcover-notebook\/\"},{\"@type\":\"ListItem\",\"position\":5,\"name\":\"Infolink\"}]},{\"@type\":\"WebSite\",\"@id\":\"https:\/\/leatai.com\/da\/#website\",\"url\":\"https:\/\/leatai.com\/da\/\",\"name\":\"Leatai \u2013 Producent af tilpassede notesb\u00f8ger\",\"description\":\"Leatai tilbyder tilpassede notesb\u00f8ger og planl\u00e6ggere til globale brands og distribut\u00f8rer.\",\"publisher\":{\"@id\":\"https:\/\/leatai.com\/da\/#organization\"},\"potentialAction\":[{\"@type\":\"SearchAction\",\"target\":{\"@type\":\"EntryPoint\",\"urlTemplate\":\"https:\/\/leatai.com\/da\/?s={search_term_string}\"},\"query-input\":{\"@type\":\"PropertyValueSpecification\",\"valueRequired\":true,\"valueName\":\"search_term_string\"}}],\"inLanguage\":\"da-DK\"},{\"@type\":\"Organization\",\"@id\":\"https:\/\/leatai.com\/da\/#organization\",\"name\":\"Leatai Diary, customized journal and business organizer\",\"url\":\"https:\/\/leatai.com\/da\/\",\"logo\":{\"@type\":\"ImageObject\",\"inLanguage\":\"da-DK\",\"@id\":\"https:\/\/leatai.com\/da\/#\/schema\/logo\/image\/\",\"url\":\"https:\/\/leatai.com\/wp-content\/uploads\/logo-blue.png\",\"contentUrl\":\"https:\/\/leatai.com\/wp-content\/uploads\/logo-blue.png\",\"width\":230,\"height\":60,\"caption\":\"Leatai Diary, customized journal and business organizer\"},\"image\":{\"@id\":\"https:\/\/leatai.com\/da\/#\/schema\/logo\/image\/\"}}]}<\/script>\n<!-- \/ Yoast SEO plugin. -->","yoast_head_json":{"title":"Infolink - Charme ved den smalle notesbog - Leatai \u2013 Producent af tilpassede notesb\u00f8ger","description":"OEM hardcover-eksempel: Infolink Model: Hardcover-notesbog St\u00f8rrelse: Skr\u00e6ddersyet st\u00f8rrelse N\u00f8glefunktioner: Denne hardcover-notesbog demonstrerer den elegante charme ved en smal, skr\u00e6ddersyet st\u00f8rrelse. Omslaget er dekoreret med logoet ved hj\u00e6lp af silketryk, hvilket tilf\u00f8jer en unik og sofistikeret detalje. Hver eneste lille detalje er omhyggeligt tilpasset, hvilket g\u00f8r produktet eksklusivt og v\u00e6rd at v\u00e6rds\u00e6tte.","robots":{"index":"index","follow":"follow","max-snippet":"max-snippet:-1","max-image-preview":"max-image-preview:large","max-video-preview":"max-video-preview:-1"},"canonical":"https:\/\/leatai.com\/da\/product\/forskellige-oem-proever\/oem-hardcover-notebook\/infolink\/","og_locale":"da_DK","og_type":"article","og_title":"Infolink - Charme ved den smalle notesbog - Leatai \u2013 Producent af tilpassede notesb\u00f8ger","og_description":"OEM hardcover-eksempel: Infolink Model: Hardcover-notesbog St\u00f8rrelse: Skr\u00e6ddersyet st\u00f8rrelse N\u00f8glefunktioner: Denne hardcover-notesbog demonstrerer den elegante charme ved en smal, skr\u00e6ddersyet st\u00f8rrelse. Omslaget er dekoreret med logoet ved hj\u00e6lp af silketryk, hvilket tilf\u00f8jer en unik og sofistikeret detalje. Hver eneste lille detalje er omhyggeligt tilpasset, hvilket g\u00f8r produktet eksklusivt og v\u00e6rd at v\u00e6rds\u00e6tte.","og_url":"https:\/\/leatai.com\/da\/product\/forskellige-oem-proever\/oem-hardcover-notebook\/infolink\/","og_site_name":"Leatai \u2013 Producent af tilpassede notesb\u00f8ger","article_modified_time":"2025-01-21T02:23:31+00:00","og_image":[{"width":1000,"height":750,"url":"https:\/\/leatai.com\/wp-content\/uploads\/DSC_0544.jpg","type":"image\/jpeg"}],"twitter_card":"summary_large_image","twitter_misc":{"Estimeret l\u00e6setid":"1 minut"},"schema":{"@context":"https:\/\/schema.org","@graph":[{"@type":"WebPage","@id":"https:\/\/leatai.com\/da\/product\/forskellige-oem-proever\/oem-hardcover-notebook\/infolink\/","url":"https:\/\/leatai.com\/da\/product\/forskellige-oem-proever\/oem-hardcover-notebook\/infolink\/","name":"Infolink - Charme ved den smalle notesbog - Leatai \u2013 Producent af tilpassede notesb\u00f8ger","isPartOf":{"@id":"https:\/\/leatai.com\/da\/#website"},"primaryImageOfPage":{"@id":"https:\/\/leatai.com\/da\/product\/forskellige-oem-proever\/oem-hardcover-notebook\/infolink\/#primaryimage"},"image":{"@id":"https:\/\/leatai.com\/da\/product\/forskellige-oem-proever\/oem-hardcover-notebook\/infolink\/#primaryimage"},"thumbnailUrl":"https:\/\/leatai.com\/wp-content\/uploads\/DSC_0544.jpg","datePublished":"2021-08-19T13:05:23+00:00","dateModified":"2025-01-21T02:23:31+00:00","description":"OEM hardcover-eksempel: Infolink Model: Hardcover-notesbog St\u00f8rrelse: Skr\u00e6ddersyet st\u00f8rrelse N\u00f8glefunktioner: Denne hardcover-notesbog demonstrerer den elegante charme ved en smal, skr\u00e6ddersyet st\u00f8rrelse. Omslaget er dekoreret med logoet ved hj\u00e6lp af silketryk, hvilket tilf\u00f8jer en unik og sofistikeret detalje. Hver eneste lille detalje er omhyggeligt tilpasset, hvilket g\u00f8r produktet eksklusivt og v\u00e6rd at v\u00e6rds\u00e6tte.","breadcrumb":{"@id":"https:\/\/leatai.com\/da\/product\/forskellige-oem-proever\/oem-hardcover-notebook\/infolink\/#breadcrumb"},"inLanguage":"da-DK","potentialAction":[{"@type":"ReadAction","target":["https:\/\/leatai.com\/da\/product\/forskellige-oem-proever\/oem-hardcover-notebook\/infolink\/"]}]},{"@type":"ImageObject","inLanguage":"da-DK","@id":"https:\/\/leatai.com\/da\/product\/forskellige-oem-proever\/oem-hardcover-notebook\/infolink\/#primaryimage","url":"https:\/\/leatai.com\/wp-content\/uploads\/DSC_0544.jpg","contentUrl":"https:\/\/leatai.com\/wp-content\/uploads\/DSC_0544.jpg","width":1000,"height":750,"caption":"Hardcover-notesbog"},{"@type":"BreadcrumbList","@id":"https:\/\/leatai.com\/da\/product\/forskellige-oem-proever\/oem-hardcover-notebook\/infolink\/#breadcrumb","itemListElement":[{"@type":"ListItem","position":1,"name":"Home","item":"https:\/\/leatai.com\/da\/"},{"@type":"ListItem","position":2,"name":"Produktintroduktion","item":"https:\/\/leatai.com\/products\/"},{"@type":"ListItem","position":3,"name":"Forskellige OEM-pr\u00f8ver","item":"https:\/\/leatai.com\/da\/vare-kategori\/forskellige-oem-proever\/"},{"@type":"ListItem","position":4,"name":"OEM Hardcover Notebook","item":"https:\/\/leatai.com\/da\/vare-kategori\/forskellige-oem-proever\/oem-hardcover-notebook\/"},{"@type":"ListItem","position":5,"name":"Infolink"}]},{"@type":"WebSite","@id":"https:\/\/leatai.com\/da\/#website","url":"https:\/\/leatai.com\/da\/","name":"Leatai \u2013 Producent af tilpassede notesb\u00f8ger","description":"Leatai tilbyder tilpassede notesb\u00f8ger og planl\u00e6ggere til globale brands og distribut\u00f8rer.","publisher":{"@id":"https:\/\/leatai.com\/da\/#organization"},"potentialAction":[{"@type":"SearchAction","target":{"@type":"EntryPoint","urlTemplate":"https:\/\/leatai.com\/da\/?s={search_term_string}"},"query-input":{"@type":"PropertyValueSpecification","valueRequired":true,"valueName":"search_term_string"}}],"inLanguage":"da-DK"},{"@type":"Organization","@id":"https:\/\/leatai.com\/da\/#organization","name":"Leatai Diary, customized journal and business organizer","url":"https:\/\/leatai.com\/da\/","logo":{"@type":"ImageObject","inLanguage":"da-DK","@id":"https:\/\/leatai.com\/da\/#\/schema\/logo\/image\/","url":"https:\/\/leatai.com\/wp-content\/uploads\/logo-blue.png","contentUrl":"https:\/\/leatai.com\/wp-content\/uploads\/logo-blue.png","width":230,"height":60,"caption":"Leatai Diary, customized journal and business organizer"},"image":{"@id":"https:\/\/leatai.com\/da\/#\/schema\/logo\/image\/"}}]}},"_links":{"self":[{"href":"https:\/\/leatai.com\/da\/wp-json\/wp\/v2\/product\/99484","targetHints":{"allow":["GET"]}}],"collection":[{"href":"https:\/\/leatai.com\/da\/wp-json\/wp\/v2\/product"}],"about":[{"href":"https:\/\/leatai.com\/da\/wp-json\/wp\/v2\/types\/product"}],"wp:featuredmedia":[{"embeddable":true,"href":"https:\/\/leatai.com\/da\/wp-json\/wp\/v2\/media\/99485"}],"wp:attachment":[{"href":"https:\/\/leatai.com\/da\/wp-json\/wp\/v2\/media?parent=99484"}],"wp:term":[{"taxonomy":"product_brand","embeddable":true,"href":"https:\/\/leatai.com\/da\/wp-json\/wp\/v2\/product_brand?post=99484"},{"taxonomy":"product_cat","embeddable":true,"href":"https:\/\/leatai.com\/da\/wp-json\/wp\/v2\/product_cat?post=99484"},{"taxonomy":"product_tag","embeddable":true,"href":"https:\/\/leatai.com\/da\/wp-json\/wp\/v2\/product_tag?post=99484"},{"taxonomy":"home_works","embeddable":true,"href":"https:\/\/leatai.com\/da\/wp-json\/wp\/v2\/home_works?post=99484"}],"curies":[{"name":"wp","href":"https:\/\/api.w.org\/{rel}","templated":true}]}}