{"id":98859,"date":"2024-08-19T16:52:41","date_gmt":"2024-08-19T08:52:41","guid":{"rendered":"https:\/\/leatai.com\/product\/Ikke%20kategoriseret\/metal-industries-research-development-centre-2024\/"},"modified":"2025-01-21T09:07:13","modified_gmt":"2025-01-21T01:07:13","slug":"metal-industries-research-development-centre-2024","status":"publish","type":"product","link":"https:\/\/leatai.com\/da\/product\/forskellige-oem-proever\/oem-hardcover-notebook\/metal-industries-research-development-centre-2024\/","title":{"rendered":"Metal Industries Research &#038; Development Centre 2024"},"content":{"rendered":"<p>Kundens navn: Metal Industries Research &amp; Development Centre 2024<br \/>\nCasespecifikationer: Specialtilpasset st\u00f8rrelse<br \/>\nCase-model: Hardcover-bog<br \/>\nCase-cover-effekt: Debossing, guldfolie og guldkantet sider<\/p>\n<p>S\u00e6rlige kendetegn: Som en f\u00f8rende metalforskningsinstitution kombinerer denne hardcover-bog professionel kvalitet med et h\u00f8jt niveau af skr\u00e6ddersyet design. Det gennemf\u00f8rte h\u00e5ndv\u00e6rk og de imponerende detaljer efterlader et st\u00e6rkt indtryk hver gang og g\u00f8r den v\u00e6rd at anbefale igen og igen.<\/p>\n<p>\ud83d\udcd6 Alle tilpassede eksempler:<a href=\"https:\/\/leatai.com\/da\/vare-tag\/oem-da\/\" target=\"_blank\" rel=\"noopener\"> Tilpassede notesb\u00f8ger \/ Tilpassede erhvervskalendere<\/a><\/p>\n<div class=\"flex max-w-full flex-col flex-grow\">\n<div class=\"min-h-8 text-message flex w-full flex-col items-end gap-2 whitespace-normal break-words text-start [.text-message+&amp;]:mt-5\" dir=\"auto\" data-message-author-role=\"assistant\" data-message-id=\"823ffdc5-7797-4bf0-b5dc-d7aa43f47cdb\" data-message-model-slug=\"gpt-4o\">\n<div class=\"flex w-full flex-col gap-1 empty:hidden first:pt-[3px]\">\n<div class=\"markdown prose w-full break-words dark:prose-invert dark\">\n<p>\ud83d\udcd6 Standardprodukter for tilpassede notesb\u00f8ger \/ erhvervskalendere:<\/p>\n<ul>\n<li><a href=\"https:\/\/leatai.com\/da\/vare-kategori\/tilpasset-notesbog\/hardcover-notesbog\/\" target=\"_blank\" rel=\"noopener\">Hardcover-notesb\u00f8ger \/ Hardcover-erhvervskalendere<\/a><\/li>\n<li><a href=\"https:\/\/leatai.com\/da\/vare-kategori\/tilpasset-notesbog\/loesebladsnotesbog\/\" target=\"_blank\" rel=\"noopener\">L\u00f8sningsnotesb\u00f8ger \/ L\u00f8sningskalendere<\/a><\/li>\n<li><a href=\"https:\/\/leatai.com\/da\/vare-kategori\/tilpasset-notesbog\/aftagelig-notesbog\/\" target=\"_blank\" rel=\"noopener\">Udtr\u00e6kkelige l\u00f8sningsb\u00f8ger \/ Udtr\u00e6kkelige kalendere<\/a><\/li>\n<li><a href=\"https:\/\/leatai.com\/da\/vare-kategori\/tilpasset-notesbog\/paperback-notesbog\/\" target=\"_blank\" rel=\"noopener\">Softcover-notesb\u00f8ger \/ Softcover-erhvervskalendere<\/a><\/li>\n<li><a href=\"https:\/\/leatai.com\/da\/vare-kategori\/tilpasset-notesbog\/spiral-notesbog\/\" target=\"_blank\" rel=\"noopener\">Spiralnotesb\u00f8ger \/ Spiral-erhvervskalendere<\/a><\/li>\n<\/ul>\n<p>\ud83d\udcd6For en komplet guide til specialtilpasning, se venligst:Skr\u00e6ddersyede gave- og reklametjenester \u2013 Skab unikke gaver og anbefalede gaveartikler.<\/p>\n<p>\ud83d\udcd6 For en komplet st\u00f8rrelsesforklaring, se venligst: <a href=\"https:\/\/leatai.com\/da\/produktintroduktion\/\" target=\"_blank\" rel=\"noopener\">Papirst\u00f8rrelsesguide: B3, A4, B5, 8K, 16K og andre almindelige st\u00f8rrelser. Sammenligningstabel for papirst\u00f8rrelser, som g\u00f8r det nemt at forst\u00e5!<\/a><\/p>\n<\/div>\n<\/div>\n<\/div>\n<\/div>\n<div class=\"mb-2 flex gap-3 empty:hidden -ml-2\">\n<div class=\"items-center justify-start rounded-xl p-1 flex\">\n<div class=\"flex items-center\"><\/div>\n<\/div>\n<\/div>\n","protected":false},"excerpt":{"rendered":"<p>Kundens navn: Metal Industries Research &amp; Development Centre 2024 Casespecifikationer: Specialtilpasset st\u00f8rrelse Case-model: Hardcover-bog Case-cover-effekt: Debossing, guldfolie og guldkantet sider S\u00e6rlige kendetegn: Som en f\u00f8rende metalforskningsinstitution kombinerer denne hardcover-bog professionel kvalitet med et h\u00f8jt niveau af skr\u00e6ddersyet design. Det gennemf\u00f8rte h\u00e5ndv\u00e6rk og de imponerende detaljer efterlader et st\u00e6rkt indtryk hver gang og g\u00f8r den v\u00e6rd [&hellip;]<\/p>\n","protected":false},"featured_media":75744,"template":"","meta":{"_acf_changed":false},"product_brand":[],"product_cat":[877],"product_tag":[1228],"home_works":[],"class_list":{"0":"post-98859","1":"product","2":"type-product","3":"status-publish","4":"has-post-thumbnail","6":"product_cat-oem-hardcover-notebook","7":"product_tag-oem-da","9":"first","10":"outofstock","11":"sold-individually","12":"shipping-taxable","13":"purchasable","14":"product-type-variable","15":"has-default-attributes"},"acf":[],"yoast_head":"<!-- This site is optimized with the Yoast SEO plugin v27.2 - https:\/\/yoast.com\/product\/yoast-seo-wordpress\/ -->\n<title>Metal Industries Research &amp; Development Centre 2024 - Bold Gold Edges - Leatai \u2013 Producent af tilpassede notesb\u00f8ger<\/title>\n<meta name=\"description\" content=\"Kundens navn: Metal Industries Research &amp; Development Centre 2024 Casespecifikationer: Specialtilpasset st\u00f8rrelse Case-model: Hardcover-bog Case-cover-effekt: Debossing, guldfolie og guldkantet sider S\u00e6rlige kendetegn: Denne hardcover-bog, skabt til Metal Industries Research &amp; Development Centre, udstr\u00e5ler ikke kun professionalisme, men ogs\u00e5 enest\u00e5ende skr\u00e6ddersyet design. Kombinationen af debossing, guldfolie og guldkant giver et luksuri\u00f8st og mindev\u00e6rdigt udtryk, der understreger ekspertisen bag. Et produkt, der uden tvivl fortjener anbefaling igen og igen.\" \/>\n<meta name=\"robots\" content=\"index, follow, max-snippet:-1, max-image-preview:large, max-video-preview:-1\" \/>\n<link rel=\"canonical\" href=\"https:\/\/leatai.com\/da\/product\/forskellige-oem-proever\/oem-hardcover-notebook\/metal-industries-research-development-centre-2024\/\" \/>\n<meta property=\"og:locale\" content=\"da_DK\" \/>\n<meta property=\"og:type\" content=\"article\" \/>\n<meta property=\"og:title\" content=\"Metal Industries Research &amp; Development Centre 2024 - Bold Gold Edges - Leatai \u2013 Producent af tilpassede notesb\u00f8ger\" \/>\n<meta property=\"og:description\" content=\"Kundens navn: Metal Industries Research &amp; Development Centre 2024 Casespecifikationer: Specialtilpasset st\u00f8rrelse Case-model: Hardcover-bog Case-cover-effekt: Debossing, guldfolie og guldkantet sider S\u00e6rlige kendetegn: Denne hardcover-bog, skabt til Metal Industries Research &amp; Development Centre, udstr\u00e5ler ikke kun professionalisme, men ogs\u00e5 enest\u00e5ende skr\u00e6ddersyet design. Kombinationen af debossing, guldfolie og guldkant giver et luksuri\u00f8st og mindev\u00e6rdigt udtryk, der understreger ekspertisen bag. Et produkt, der uden tvivl fortjener anbefaling igen og igen.\" \/>\n<meta property=\"og:url\" content=\"https:\/\/leatai.com\/da\/product\/forskellige-oem-proever\/oem-hardcover-notebook\/metal-industries-research-development-centre-2024\/\" \/>\n<meta property=\"og:site_name\" content=\"Leatai \u2013 Producent af tilpassede notesb\u00f8ger\" \/>\n<meta property=\"article:modified_time\" content=\"2025-01-21T01:07:13+00:00\" \/>\n<meta property=\"og:image\" content=\"https:\/\/leatai.com\/wp-content\/uploads\/DSC_0246.jpg\" \/>\n\t<meta property=\"og:image:width\" content=\"1000\" \/>\n\t<meta property=\"og:image:height\" content=\"750\" \/>\n\t<meta property=\"og:image:type\" content=\"image\/jpeg\" \/>\n<meta name=\"twitter:card\" content=\"summary_large_image\" \/>\n<meta name=\"twitter:label1\" content=\"Estimeret l\u00e6setid\" \/>\n\t<meta name=\"twitter:data1\" content=\"1 minut\" \/>\n<script type=\"application\/ld+json\" class=\"yoast-schema-graph\">{\"@context\":\"https:\/\/schema.org\",\"@graph\":[{\"@type\":\"WebPage\",\"@id\":\"https:\/\/leatai.com\/da\/product\/forskellige-oem-proever\/oem-hardcover-notebook\/metal-industries-research-development-centre-2024\/\",\"url\":\"https:\/\/leatai.com\/da\/product\/forskellige-oem-proever\/oem-hardcover-notebook\/metal-industries-research-development-centre-2024\/\",\"name\":\"Metal Industries Research & Development Centre 2024 - Bold Gold Edges - Leatai \u2013 Producent af tilpassede notesb\u00f8ger\",\"isPartOf\":{\"@id\":\"https:\/\/leatai.com\/da\/#website\"},\"primaryImageOfPage\":{\"@id\":\"https:\/\/leatai.com\/da\/product\/forskellige-oem-proever\/oem-hardcover-notebook\/metal-industries-research-development-centre-2024\/#primaryimage\"},\"image\":{\"@id\":\"https:\/\/leatai.com\/da\/product\/forskellige-oem-proever\/oem-hardcover-notebook\/metal-industries-research-development-centre-2024\/#primaryimage\"},\"thumbnailUrl\":\"https:\/\/leatai.com\/wp-content\/uploads\/DSC_0246.jpg\",\"datePublished\":\"2024-08-19T08:52:41+00:00\",\"dateModified\":\"2025-01-21T01:07:13+00:00\",\"description\":\"Kundens navn: Metal Industries Research & Development Centre 2024 Casespecifikationer: Specialtilpasset st\u00f8rrelse Case-model: Hardcover-bog Case-cover-effekt: Debossing, guldfolie og guldkantet sider S\u00e6rlige kendetegn: Denne hardcover-bog, skabt til Metal Industries Research & Development Centre, udstr\u00e5ler ikke kun professionalisme, men ogs\u00e5 enest\u00e5ende skr\u00e6ddersyet design. Kombinationen af debossing, guldfolie og guldkant giver et luksuri\u00f8st og mindev\u00e6rdigt udtryk, der understreger ekspertisen bag. Et produkt, der uden tvivl fortjener anbefaling igen og igen.\",\"breadcrumb\":{\"@id\":\"https:\/\/leatai.com\/da\/product\/forskellige-oem-proever\/oem-hardcover-notebook\/metal-industries-research-development-centre-2024\/#breadcrumb\"},\"inLanguage\":\"da-DK\",\"potentialAction\":[{\"@type\":\"ReadAction\",\"target\":[\"https:\/\/leatai.com\/da\/product\/forskellige-oem-proever\/oem-hardcover-notebook\/metal-industries-research-development-centre-2024\/\"]}]},{\"@type\":\"ImageObject\",\"inLanguage\":\"da-DK\",\"@id\":\"https:\/\/leatai.com\/da\/product\/forskellige-oem-proever\/oem-hardcover-notebook\/metal-industries-research-development-centre-2024\/#primaryimage\",\"url\":\"https:\/\/leatai.com\/wp-content\/uploads\/DSC_0246.jpg\",\"contentUrl\":\"https:\/\/leatai.com\/wp-content\/uploads\/DSC_0246.jpg\",\"width\":1000,\"height\":750},{\"@type\":\"BreadcrumbList\",\"@id\":\"https:\/\/leatai.com\/da\/product\/forskellige-oem-proever\/oem-hardcover-notebook\/metal-industries-research-development-centre-2024\/#breadcrumb\",\"itemListElement\":[{\"@type\":\"ListItem\",\"position\":1,\"name\":\"Home\",\"item\":\"https:\/\/leatai.com\/da\/\"},{\"@type\":\"ListItem\",\"position\":2,\"name\":\"Produktintroduktion\",\"item\":\"https:\/\/leatai.com\/products\/\"},{\"@type\":\"ListItem\",\"position\":3,\"name\":\"Forskellige OEM-pr\u00f8ver\",\"item\":\"https:\/\/leatai.com\/da\/vare-kategori\/forskellige-oem-proever\/\"},{\"@type\":\"ListItem\",\"position\":4,\"name\":\"OEM Hardcover Notebook\",\"item\":\"https:\/\/leatai.com\/da\/vare-kategori\/forskellige-oem-proever\/oem-hardcover-notebook\/\"},{\"@type\":\"ListItem\",\"position\":5,\"name\":\"Metal Industries Research &#038; Development Centre 2024\"}]},{\"@type\":\"WebSite\",\"@id\":\"https:\/\/leatai.com\/da\/#website\",\"url\":\"https:\/\/leatai.com\/da\/\",\"name\":\"Leatai \u2013 Producent af tilpassede notesb\u00f8ger\",\"description\":\"Leatai tilbyder tilpassede notesb\u00f8ger og planl\u00e6ggere til globale brands og distribut\u00f8rer.\",\"publisher\":{\"@id\":\"https:\/\/leatai.com\/da\/#organization\"},\"potentialAction\":[{\"@type\":\"SearchAction\",\"target\":{\"@type\":\"EntryPoint\",\"urlTemplate\":\"https:\/\/leatai.com\/da\/?s={search_term_string}\"},\"query-input\":{\"@type\":\"PropertyValueSpecification\",\"valueRequired\":true,\"valueName\":\"search_term_string\"}}],\"inLanguage\":\"da-DK\"},{\"@type\":\"Organization\",\"@id\":\"https:\/\/leatai.com\/da\/#organization\",\"name\":\"Leatai Diary, customized journal and business organizer\",\"url\":\"https:\/\/leatai.com\/da\/\",\"logo\":{\"@type\":\"ImageObject\",\"inLanguage\":\"da-DK\",\"@id\":\"https:\/\/leatai.com\/da\/#\/schema\/logo\/image\/\",\"url\":\"https:\/\/leatai.com\/wp-content\/uploads\/logo-blue.png\",\"contentUrl\":\"https:\/\/leatai.com\/wp-content\/uploads\/logo-blue.png\",\"width\":230,\"height\":60,\"caption\":\"Leatai Diary, customized journal and business organizer\"},\"image\":{\"@id\":\"https:\/\/leatai.com\/da\/#\/schema\/logo\/image\/\"}}]}<\/script>\n<!-- \/ Yoast SEO plugin. -->","yoast_head_json":{"title":"Metal Industries Research & Development Centre 2024 - Bold Gold Edges - Leatai \u2013 Producent af tilpassede notesb\u00f8ger","description":"Kundens navn: Metal Industries Research & Development Centre 2024 Casespecifikationer: Specialtilpasset st\u00f8rrelse Case-model: Hardcover-bog Case-cover-effekt: Debossing, guldfolie og guldkantet sider S\u00e6rlige kendetegn: Denne hardcover-bog, skabt til Metal Industries Research & Development Centre, udstr\u00e5ler ikke kun professionalisme, men ogs\u00e5 enest\u00e5ende skr\u00e6ddersyet design. Kombinationen af debossing, guldfolie og guldkant giver et luksuri\u00f8st og mindev\u00e6rdigt udtryk, der understreger ekspertisen bag. Et produkt, der uden tvivl fortjener anbefaling igen og igen.","robots":{"index":"index","follow":"follow","max-snippet":"max-snippet:-1","max-image-preview":"max-image-preview:large","max-video-preview":"max-video-preview:-1"},"canonical":"https:\/\/leatai.com\/da\/product\/forskellige-oem-proever\/oem-hardcover-notebook\/metal-industries-research-development-centre-2024\/","og_locale":"da_DK","og_type":"article","og_title":"Metal Industries Research & Development Centre 2024 - Bold Gold Edges - Leatai \u2013 Producent af tilpassede notesb\u00f8ger","og_description":"Kundens navn: Metal Industries Research & Development Centre 2024 Casespecifikationer: Specialtilpasset st\u00f8rrelse Case-model: Hardcover-bog Case-cover-effekt: Debossing, guldfolie og guldkantet sider S\u00e6rlige kendetegn: Denne hardcover-bog, skabt til Metal Industries Research & Development Centre, udstr\u00e5ler ikke kun professionalisme, men ogs\u00e5 enest\u00e5ende skr\u00e6ddersyet design. Kombinationen af debossing, guldfolie og guldkant giver et luksuri\u00f8st og mindev\u00e6rdigt udtryk, der understreger ekspertisen bag. Et produkt, der uden tvivl fortjener anbefaling igen og igen.","og_url":"https:\/\/leatai.com\/da\/product\/forskellige-oem-proever\/oem-hardcover-notebook\/metal-industries-research-development-centre-2024\/","og_site_name":"Leatai \u2013 Producent af tilpassede notesb\u00f8ger","article_modified_time":"2025-01-21T01:07:13+00:00","og_image":[{"width":1000,"height":750,"url":"https:\/\/leatai.com\/wp-content\/uploads\/DSC_0246.jpg","type":"image\/jpeg"}],"twitter_card":"summary_large_image","twitter_misc":{"Estimeret l\u00e6setid":"1 minut"},"schema":{"@context":"https:\/\/schema.org","@graph":[{"@type":"WebPage","@id":"https:\/\/leatai.com\/da\/product\/forskellige-oem-proever\/oem-hardcover-notebook\/metal-industries-research-development-centre-2024\/","url":"https:\/\/leatai.com\/da\/product\/forskellige-oem-proever\/oem-hardcover-notebook\/metal-industries-research-development-centre-2024\/","name":"Metal Industries Research & Development Centre 2024 - Bold Gold Edges - Leatai \u2013 Producent af tilpassede notesb\u00f8ger","isPartOf":{"@id":"https:\/\/leatai.com\/da\/#website"},"primaryImageOfPage":{"@id":"https:\/\/leatai.com\/da\/product\/forskellige-oem-proever\/oem-hardcover-notebook\/metal-industries-research-development-centre-2024\/#primaryimage"},"image":{"@id":"https:\/\/leatai.com\/da\/product\/forskellige-oem-proever\/oem-hardcover-notebook\/metal-industries-research-development-centre-2024\/#primaryimage"},"thumbnailUrl":"https:\/\/leatai.com\/wp-content\/uploads\/DSC_0246.jpg","datePublished":"2024-08-19T08:52:41+00:00","dateModified":"2025-01-21T01:07:13+00:00","description":"Kundens navn: Metal Industries Research & Development Centre 2024 Casespecifikationer: Specialtilpasset st\u00f8rrelse Case-model: Hardcover-bog Case-cover-effekt: Debossing, guldfolie og guldkantet sider S\u00e6rlige kendetegn: Denne hardcover-bog, skabt til Metal Industries Research & Development Centre, udstr\u00e5ler ikke kun professionalisme, men ogs\u00e5 enest\u00e5ende skr\u00e6ddersyet design. Kombinationen af debossing, guldfolie og guldkant giver et luksuri\u00f8st og mindev\u00e6rdigt udtryk, der understreger ekspertisen bag. Et produkt, der uden tvivl fortjener anbefaling igen og igen.","breadcrumb":{"@id":"https:\/\/leatai.com\/da\/product\/forskellige-oem-proever\/oem-hardcover-notebook\/metal-industries-research-development-centre-2024\/#breadcrumb"},"inLanguage":"da-DK","potentialAction":[{"@type":"ReadAction","target":["https:\/\/leatai.com\/da\/product\/forskellige-oem-proever\/oem-hardcover-notebook\/metal-industries-research-development-centre-2024\/"]}]},{"@type":"ImageObject","inLanguage":"da-DK","@id":"https:\/\/leatai.com\/da\/product\/forskellige-oem-proever\/oem-hardcover-notebook\/metal-industries-research-development-centre-2024\/#primaryimage","url":"https:\/\/leatai.com\/wp-content\/uploads\/DSC_0246.jpg","contentUrl":"https:\/\/leatai.com\/wp-content\/uploads\/DSC_0246.jpg","width":1000,"height":750},{"@type":"BreadcrumbList","@id":"https:\/\/leatai.com\/da\/product\/forskellige-oem-proever\/oem-hardcover-notebook\/metal-industries-research-development-centre-2024\/#breadcrumb","itemListElement":[{"@type":"ListItem","position":1,"name":"Home","item":"https:\/\/leatai.com\/da\/"},{"@type":"ListItem","position":2,"name":"Produktintroduktion","item":"https:\/\/leatai.com\/products\/"},{"@type":"ListItem","position":3,"name":"Forskellige OEM-pr\u00f8ver","item":"https:\/\/leatai.com\/da\/vare-kategori\/forskellige-oem-proever\/"},{"@type":"ListItem","position":4,"name":"OEM Hardcover Notebook","item":"https:\/\/leatai.com\/da\/vare-kategori\/forskellige-oem-proever\/oem-hardcover-notebook\/"},{"@type":"ListItem","position":5,"name":"Metal Industries Research &#038; Development Centre 2024"}]},{"@type":"WebSite","@id":"https:\/\/leatai.com\/da\/#website","url":"https:\/\/leatai.com\/da\/","name":"Leatai \u2013 Producent af tilpassede notesb\u00f8ger","description":"Leatai tilbyder tilpassede notesb\u00f8ger og planl\u00e6ggere til globale brands og distribut\u00f8rer.","publisher":{"@id":"https:\/\/leatai.com\/da\/#organization"},"potentialAction":[{"@type":"SearchAction","target":{"@type":"EntryPoint","urlTemplate":"https:\/\/leatai.com\/da\/?s={search_term_string}"},"query-input":{"@type":"PropertyValueSpecification","valueRequired":true,"valueName":"search_term_string"}}],"inLanguage":"da-DK"},{"@type":"Organization","@id":"https:\/\/leatai.com\/da\/#organization","name":"Leatai Diary, customized journal and business organizer","url":"https:\/\/leatai.com\/da\/","logo":{"@type":"ImageObject","inLanguage":"da-DK","@id":"https:\/\/leatai.com\/da\/#\/schema\/logo\/image\/","url":"https:\/\/leatai.com\/wp-content\/uploads\/logo-blue.png","contentUrl":"https:\/\/leatai.com\/wp-content\/uploads\/logo-blue.png","width":230,"height":60,"caption":"Leatai Diary, customized journal and business organizer"},"image":{"@id":"https:\/\/leatai.com\/da\/#\/schema\/logo\/image\/"}}]}},"_links":{"self":[{"href":"https:\/\/leatai.com\/da\/wp-json\/wp\/v2\/product\/98859","targetHints":{"allow":["GET"]}}],"collection":[{"href":"https:\/\/leatai.com\/da\/wp-json\/wp\/v2\/product"}],"about":[{"href":"https:\/\/leatai.com\/da\/wp-json\/wp\/v2\/types\/product"}],"wp:featuredmedia":[{"embeddable":true,"href":"https:\/\/leatai.com\/da\/wp-json\/wp\/v2\/media\/75744"}],"wp:attachment":[{"href":"https:\/\/leatai.com\/da\/wp-json\/wp\/v2\/media?parent=98859"}],"wp:term":[{"taxonomy":"product_brand","embeddable":true,"href":"https:\/\/leatai.com\/da\/wp-json\/wp\/v2\/product_brand?post=98859"},{"taxonomy":"product_cat","embeddable":true,"href":"https:\/\/leatai.com\/da\/wp-json\/wp\/v2\/product_cat?post=98859"},{"taxonomy":"product_tag","embeddable":true,"href":"https:\/\/leatai.com\/da\/wp-json\/wp\/v2\/product_tag?post=98859"},{"taxonomy":"home_works","embeddable":true,"href":"https:\/\/leatai.com\/da\/wp-json\/wp\/v2\/home_works?post=98859"}],"curies":[{"name":"wp","href":"https:\/\/api.w.org\/{rel}","templated":true}]}}