{"id":97919,"date":"2021-08-17T20:34:58","date_gmt":"2021-08-17T12:34:58","guid":{"rendered":"https:\/\/leatai.com\/product\/Ikke%20kategoriseret\/abbvie-inc\/"},"modified":"2025-01-16T10:58:11","modified_gmt":"2025-01-16T02:58:11","slug":"abbvie-inc","status":"publish","type":"product","link":"https:\/\/leatai.com\/da\/product\/forskellige-oem-proever\/oem-loesblade-notesbog\/abbvie-inc\/","title":{"rendered":"AbbVie Inc."},"content":{"rendered":"<p>Kundens navn: AbbVie Inc.<br \/>\nCases st\u00f8rrelse: 25K<br \/>\nCases design: L\u00f8sblad notesbog<br \/>\nCases logo-effekt: S\u00f8lvfolietryk (Foil debossing)<br \/>\nVigtige tr\u00e6k: Designet af verdens fjerdest\u00f8rste medicinalvirksomhed, der har mere end 100 \u00e5rs historie og forts\u00e6tter med at forbedre menneskers sundhed. Notesbogen fremh\u00e6ver virksomhedens brandidentitet med behagelige farver og et let og elegant udtryk.<\/p>\n<p>\ud83d\udcd6 Alle tilpassede eksempler:<a href=\"https:\/\/leatai.com\/da\/vare-tag\/oem-da\/\" target=\"_blank\" rel=\"noopener\"> Tilpassede notesb\u00f8ger \/ Tilpassede erhvervskalendere<\/a><\/p>\n<div class=\"flex max-w-full flex-col flex-grow\">\n<div class=\"min-h-8 text-message flex w-full flex-col items-end gap-2 whitespace-normal break-words text-start [.text-message+&amp;]:mt-5\" dir=\"auto\" data-message-author-role=\"assistant\" data-message-id=\"823ffdc5-7797-4bf0-b5dc-d7aa43f47cdb\" data-message-model-slug=\"gpt-4o\">\n<div class=\"flex w-full flex-col gap-1 empty:hidden first:pt-[3px]\">\n<div class=\"markdown prose w-full break-words dark:prose-invert dark\">\n<p>\ud83d\udcd6 Standardprodukter for tilpassede notesb\u00f8ger \/ erhvervskalendere:<\/p>\n<ul>\n<li><a href=\"https:\/\/leatai.com\/da\/vare-kategori\/tilpasset-notesbog\/hardcover-notesbog\/\" target=\"_blank\" rel=\"noopener\">Hardcover-notesb\u00f8ger \/ Hardcover-erhvervskalendere<\/a><\/li>\n<li><a href=\"https:\/\/leatai.com\/da\/vare-kategori\/tilpasset-notesbog\/loesebladsnotesbog\/\" target=\"_blank\" rel=\"noopener\">L\u00f8sningsnotesb\u00f8ger \/ L\u00f8sningskalendere<\/a><\/li>\n<li><a href=\"https:\/\/leatai.com\/da\/vare-kategori\/tilpasset-notesbog\/aftagelig-notesbog\/\" target=\"_blank\" rel=\"noopener\">Udtr\u00e6kkelige l\u00f8sningsb\u00f8ger \/ Udtr\u00e6kkelige kalendere<\/a><\/li>\n<li><a href=\"https:\/\/leatai.com\/da\/vare-kategori\/tilpasset-notesbog\/paperback-notesbog\/\" target=\"_blank\" rel=\"noopener\">Softcover-notesb\u00f8ger \/ Softcover-erhvervskalendere<\/a><\/li>\n<li><a href=\"https:\/\/leatai.com\/da\/vare-kategori\/tilpasset-notesbog\/spiral-notesbog\/\" target=\"_blank\" rel=\"noopener\">Spiralnotesb\u00f8ger \/ Spiral-erhvervskalendere<\/a><\/li>\n<\/ul>\n<p><strong>\ud83d\udcd6<\/strong>For en komplet guide til specialtilpasning, se venligst:Skr\u00e6ddersyede gave- og reklametjenester \u2013 Skab unikke gaver og anbefalede gaveartikler.<\/p>\n<p>\ud83d\udcd6 For en komplet st\u00f8rrelsesforklaring, se venligst: <a href=\"https:\/\/leatai.com\/da\/produktintroduktion\/\" target=\"_blank\" rel=\"noopener\">Papirst\u00f8rrelsesguide: B3, A4, B5, 8K, 16K og andre almindelige st\u00f8rrelser. Sammenligningstabel for papirst\u00f8rrelser, som g\u00f8r det nemt at forst\u00e5!<\/a><\/p>\n<\/div>\n<\/div>\n<\/div>\n<\/div>\n<div class=\"mb-2 flex gap-3 empty:hidden -ml-2\">\n<div class=\"items-center justify-start rounded-xl p-1 flex\">\n<div class=\"flex items-center\"><\/div>\n<\/div>\n<\/div>\n","protected":false},"excerpt":{"rendered":"<p>Kundens navn: AbbVie Inc. Cases st\u00f8rrelse: 25K Cases design: L\u00f8sblad notesbog Cases logo-effekt: S\u00f8lvfolietryk (Foil debossing) Vigtige tr\u00e6k: Designet af verdens fjerdest\u00f8rste medicinalvirksomhed, der har mere end 100 \u00e5rs historie og forts\u00e6tter med at forbedre menneskers sundhed. Notesbogen fremh\u00e6ver virksomhedens brandidentitet med behagelige farver og et let og elegant udtryk. \ud83d\udcd6 Alle tilpassede eksempler: Tilpassede [&hellip;]<\/p>\n","protected":false},"featured_media":97920,"template":"","meta":{"_acf_changed":false},"product_brand":[],"product_cat":[890],"product_tag":[1228],"home_works":[],"class_list":{"0":"post-97919","1":"product","2":"type-product","3":"status-publish","4":"has-post-thumbnail","6":"product_cat-oem-loesblade-notesbog","7":"product_tag-oem-da","9":"first","10":"instock","11":"sold-individually","12":"shipping-taxable","13":"purchasable","14":"product-type-variable","15":"has-default-attributes"},"acf":[],"yoast_head":"<!-- This site is optimized with the Yoast SEO plugin v27.2 - https:\/\/yoast.com\/product\/yoast-seo-wordpress\/ -->\n<title>AbbVie Inc. - Et forbillede for hundred\u00e5rige virksomheder - Leatai \u2013 Producent af tilpassede notesb\u00f8ger<\/title>\n<meta name=\"description\" content=\"OEM l\u00f8sblad notesbog case: AbbVie Inc. Design: L\u00f8sblad notesbog St\u00f8rrelse: 25K Vigtige tr\u00e6k: Denne l\u00f8sblad notesbog er skabt af verdens fjerdest\u00f8rste medicinalvirksomhed, der har mere end 100 \u00e5rs historie. Virksomheden forts\u00e6tter med at forbedre menneskers sundhed og udtrykker sit brand med behagelige farver og en let og elegant stil.\" \/>\n<meta name=\"robots\" content=\"index, follow, max-snippet:-1, max-image-preview:large, max-video-preview:-1\" \/>\n<link rel=\"canonical\" href=\"https:\/\/leatai.com\/da\/product\/forskellige-oem-proever\/oem-loesblade-notesbog\/abbvie-inc\/\" \/>\n<meta property=\"og:locale\" content=\"da_DK\" \/>\n<meta property=\"og:type\" content=\"article\" \/>\n<meta property=\"og:title\" content=\"AbbVie Inc. - Et forbillede for hundred\u00e5rige virksomheder - Leatai \u2013 Producent af tilpassede notesb\u00f8ger\" \/>\n<meta property=\"og:description\" content=\"OEM l\u00f8sblad notesbog case: AbbVie Inc. Design: L\u00f8sblad notesbog St\u00f8rrelse: 25K Vigtige tr\u00e6k: Denne l\u00f8sblad notesbog er skabt af verdens fjerdest\u00f8rste medicinalvirksomhed, der har mere end 100 \u00e5rs historie. Virksomheden forts\u00e6tter med at forbedre menneskers sundhed og udtrykker sit brand med behagelige farver og en let og elegant stil.\" \/>\n<meta property=\"og:url\" content=\"https:\/\/leatai.com\/da\/product\/forskellige-oem-proever\/oem-loesblade-notesbog\/abbvie-inc\/\" \/>\n<meta property=\"og:site_name\" content=\"Leatai \u2013 Producent af tilpassede notesb\u00f8ger\" \/>\n<meta property=\"article:modified_time\" content=\"2025-01-16T02:58:11+00:00\" \/>\n<meta property=\"og:image\" content=\"https:\/\/leatai.com\/wp-content\/uploads\/1-7.jpg\" \/>\n\t<meta property=\"og:image:width\" content=\"1000\" \/>\n\t<meta property=\"og:image:height\" content=\"750\" \/>\n\t<meta property=\"og:image:type\" content=\"image\/jpeg\" \/>\n<meta name=\"twitter:card\" content=\"summary_large_image\" \/>\n<meta name=\"twitter:label1\" content=\"Estimeret l\u00e6setid\" \/>\n\t<meta name=\"twitter:data1\" content=\"1 minut\" \/>\n<script type=\"application\/ld+json\" class=\"yoast-schema-graph\">{\"@context\":\"https:\/\/schema.org\",\"@graph\":[{\"@type\":\"WebPage\",\"@id\":\"https:\/\/leatai.com\/da\/product\/forskellige-oem-proever\/oem-loesblade-notesbog\/abbvie-inc\/\",\"url\":\"https:\/\/leatai.com\/da\/product\/forskellige-oem-proever\/oem-loesblade-notesbog\/abbvie-inc\/\",\"name\":\"AbbVie Inc. - Et forbillede for hundred\u00e5rige virksomheder - Leatai \u2013 Producent af tilpassede notesb\u00f8ger\",\"isPartOf\":{\"@id\":\"https:\/\/leatai.com\/da\/#website\"},\"primaryImageOfPage\":{\"@id\":\"https:\/\/leatai.com\/da\/product\/forskellige-oem-proever\/oem-loesblade-notesbog\/abbvie-inc\/#primaryimage\"},\"image\":{\"@id\":\"https:\/\/leatai.com\/da\/product\/forskellige-oem-proever\/oem-loesblade-notesbog\/abbvie-inc\/#primaryimage\"},\"thumbnailUrl\":\"https:\/\/leatai.com\/wp-content\/uploads\/1-7.jpg\",\"datePublished\":\"2021-08-17T12:34:58+00:00\",\"dateModified\":\"2025-01-16T02:58:11+00:00\",\"description\":\"OEM l\u00f8sblad notesbog case: AbbVie Inc. Design: L\u00f8sblad notesbog St\u00f8rrelse: 25K Vigtige tr\u00e6k: Denne l\u00f8sblad notesbog er skabt af verdens fjerdest\u00f8rste medicinalvirksomhed, der har mere end 100 \u00e5rs historie. Virksomheden forts\u00e6tter med at forbedre menneskers sundhed og udtrykker sit brand med behagelige farver og en let og elegant stil.\",\"breadcrumb\":{\"@id\":\"https:\/\/leatai.com\/da\/product\/forskellige-oem-proever\/oem-loesblade-notesbog\/abbvie-inc\/#breadcrumb\"},\"inLanguage\":\"da-DK\",\"potentialAction\":[{\"@type\":\"ReadAction\",\"target\":[\"https:\/\/leatai.com\/da\/product\/forskellige-oem-proever\/oem-loesblade-notesbog\/abbvie-inc\/\"]}]},{\"@type\":\"ImageObject\",\"inLanguage\":\"da-DK\",\"@id\":\"https:\/\/leatai.com\/da\/product\/forskellige-oem-proever\/oem-loesblade-notesbog\/abbvie-inc\/#primaryimage\",\"url\":\"https:\/\/leatai.com\/wp-content\/uploads\/1-7.jpg\",\"contentUrl\":\"https:\/\/leatai.com\/wp-content\/uploads\/1-7.jpg\",\"width\":1000,\"height\":750,\"caption\":\"Ringbind-notesbog\"},{\"@type\":\"BreadcrumbList\",\"@id\":\"https:\/\/leatai.com\/da\/product\/forskellige-oem-proever\/oem-loesblade-notesbog\/abbvie-inc\/#breadcrumb\",\"itemListElement\":[{\"@type\":\"ListItem\",\"position\":1,\"name\":\"Home\",\"item\":\"https:\/\/leatai.com\/da\/\"},{\"@type\":\"ListItem\",\"position\":2,\"name\":\"Produktintroduktion\",\"item\":\"https:\/\/leatai.com\/products\/\"},{\"@type\":\"ListItem\",\"position\":3,\"name\":\"Forskellige OEM-pr\u00f8ver\",\"item\":\"https:\/\/leatai.com\/da\/vare-kategori\/forskellige-oem-proever\/\"},{\"@type\":\"ListItem\",\"position\":4,\"name\":\"OEM L\u00f8sblade Notesbog\",\"item\":\"https:\/\/leatai.com\/da\/vare-kategori\/forskellige-oem-proever\/oem-loesblade-notesbog\/\"},{\"@type\":\"ListItem\",\"position\":5,\"name\":\"AbbVie Inc.\"}]},{\"@type\":\"WebSite\",\"@id\":\"https:\/\/leatai.com\/da\/#website\",\"url\":\"https:\/\/leatai.com\/da\/\",\"name\":\"Leatai \u2013 Producent af tilpassede notesb\u00f8ger\",\"description\":\"Leatai tilbyder tilpassede notesb\u00f8ger og planl\u00e6ggere til globale brands og distribut\u00f8rer.\",\"publisher\":{\"@id\":\"https:\/\/leatai.com\/da\/#organization\"},\"potentialAction\":[{\"@type\":\"SearchAction\",\"target\":{\"@type\":\"EntryPoint\",\"urlTemplate\":\"https:\/\/leatai.com\/da\/?s={search_term_string}\"},\"query-input\":{\"@type\":\"PropertyValueSpecification\",\"valueRequired\":true,\"valueName\":\"search_term_string\"}}],\"inLanguage\":\"da-DK\"},{\"@type\":\"Organization\",\"@id\":\"https:\/\/leatai.com\/da\/#organization\",\"name\":\"Leatai Diary, customized journal and business organizer\",\"url\":\"https:\/\/leatai.com\/da\/\",\"logo\":{\"@type\":\"ImageObject\",\"inLanguage\":\"da-DK\",\"@id\":\"https:\/\/leatai.com\/da\/#\/schema\/logo\/image\/\",\"url\":\"https:\/\/leatai.com\/wp-content\/uploads\/logo-blue.png\",\"contentUrl\":\"https:\/\/leatai.com\/wp-content\/uploads\/logo-blue.png\",\"width\":230,\"height\":60,\"caption\":\"Leatai Diary, customized journal and business organizer\"},\"image\":{\"@id\":\"https:\/\/leatai.com\/da\/#\/schema\/logo\/image\/\"},\"telephone\":\"+886-2-8227-8800\",\"legalName\":\"Leatai Stationary Co., Ltd.\",\"description\":\"A leading notebook factory in Taiwan offering bespoke branding, high-quality binding, and premium paper selections for corporate gifts and stationery wholesale.\",\"address\":{\"@type\":\"PostalAddress\",\"streetAddress\":\"11F., No. 168, Jiankang Rd.\",\"addressLocality\":\"Zhonghe Dist.\",\"addressRegion\":\"New Taipei City\",\"postalCode\":\"235\",\"addressCountry\":\"TW\"},\"contactPoint\":{\"@type\":\"ContactPoint\",\"telephone\":\"+886-2-8227-8800\",\"contactType\":\"sales\",\"areaServed\":\"Worldwide\",\"availableLanguage\":[\"zh-TW\",\"en\"]}}]}<\/script>\n<!-- \/ Yoast SEO plugin. -->","yoast_head_json":{"title":"AbbVie Inc. - Et forbillede for hundred\u00e5rige virksomheder - Leatai \u2013 Producent af tilpassede notesb\u00f8ger","description":"OEM l\u00f8sblad notesbog case: AbbVie Inc. Design: L\u00f8sblad notesbog St\u00f8rrelse: 25K Vigtige tr\u00e6k: Denne l\u00f8sblad notesbog er skabt af verdens fjerdest\u00f8rste medicinalvirksomhed, der har mere end 100 \u00e5rs historie. Virksomheden forts\u00e6tter med at forbedre menneskers sundhed og udtrykker sit brand med behagelige farver og en let og elegant stil.","robots":{"index":"index","follow":"follow","max-snippet":"max-snippet:-1","max-image-preview":"max-image-preview:large","max-video-preview":"max-video-preview:-1"},"canonical":"https:\/\/leatai.com\/da\/product\/forskellige-oem-proever\/oem-loesblade-notesbog\/abbvie-inc\/","og_locale":"da_DK","og_type":"article","og_title":"AbbVie Inc. - Et forbillede for hundred\u00e5rige virksomheder - Leatai \u2013 Producent af tilpassede notesb\u00f8ger","og_description":"OEM l\u00f8sblad notesbog case: AbbVie Inc. Design: L\u00f8sblad notesbog St\u00f8rrelse: 25K Vigtige tr\u00e6k: Denne l\u00f8sblad notesbog er skabt af verdens fjerdest\u00f8rste medicinalvirksomhed, der har mere end 100 \u00e5rs historie. Virksomheden forts\u00e6tter med at forbedre menneskers sundhed og udtrykker sit brand med behagelige farver og en let og elegant stil.","og_url":"https:\/\/leatai.com\/da\/product\/forskellige-oem-proever\/oem-loesblade-notesbog\/abbvie-inc\/","og_site_name":"Leatai \u2013 Producent af tilpassede notesb\u00f8ger","article_modified_time":"2025-01-16T02:58:11+00:00","og_image":[{"width":1000,"height":750,"url":"https:\/\/leatai.com\/wp-content\/uploads\/1-7.jpg","type":"image\/jpeg"}],"twitter_card":"summary_large_image","twitter_misc":{"Estimeret l\u00e6setid":"1 minut"},"schema":{"@context":"https:\/\/schema.org","@graph":[{"@type":"WebPage","@id":"https:\/\/leatai.com\/da\/product\/forskellige-oem-proever\/oem-loesblade-notesbog\/abbvie-inc\/","url":"https:\/\/leatai.com\/da\/product\/forskellige-oem-proever\/oem-loesblade-notesbog\/abbvie-inc\/","name":"AbbVie Inc. - Et forbillede for hundred\u00e5rige virksomheder - Leatai \u2013 Producent af tilpassede notesb\u00f8ger","isPartOf":{"@id":"https:\/\/leatai.com\/da\/#website"},"primaryImageOfPage":{"@id":"https:\/\/leatai.com\/da\/product\/forskellige-oem-proever\/oem-loesblade-notesbog\/abbvie-inc\/#primaryimage"},"image":{"@id":"https:\/\/leatai.com\/da\/product\/forskellige-oem-proever\/oem-loesblade-notesbog\/abbvie-inc\/#primaryimage"},"thumbnailUrl":"https:\/\/leatai.com\/wp-content\/uploads\/1-7.jpg","datePublished":"2021-08-17T12:34:58+00:00","dateModified":"2025-01-16T02:58:11+00:00","description":"OEM l\u00f8sblad notesbog case: AbbVie Inc. Design: L\u00f8sblad notesbog St\u00f8rrelse: 25K Vigtige tr\u00e6k: Denne l\u00f8sblad notesbog er skabt af verdens fjerdest\u00f8rste medicinalvirksomhed, der har mere end 100 \u00e5rs historie. Virksomheden forts\u00e6tter med at forbedre menneskers sundhed og udtrykker sit brand med behagelige farver og en let og elegant stil.","breadcrumb":{"@id":"https:\/\/leatai.com\/da\/product\/forskellige-oem-proever\/oem-loesblade-notesbog\/abbvie-inc\/#breadcrumb"},"inLanguage":"da-DK","potentialAction":[{"@type":"ReadAction","target":["https:\/\/leatai.com\/da\/product\/forskellige-oem-proever\/oem-loesblade-notesbog\/abbvie-inc\/"]}]},{"@type":"ImageObject","inLanguage":"da-DK","@id":"https:\/\/leatai.com\/da\/product\/forskellige-oem-proever\/oem-loesblade-notesbog\/abbvie-inc\/#primaryimage","url":"https:\/\/leatai.com\/wp-content\/uploads\/1-7.jpg","contentUrl":"https:\/\/leatai.com\/wp-content\/uploads\/1-7.jpg","width":1000,"height":750,"caption":"Ringbind-notesbog"},{"@type":"BreadcrumbList","@id":"https:\/\/leatai.com\/da\/product\/forskellige-oem-proever\/oem-loesblade-notesbog\/abbvie-inc\/#breadcrumb","itemListElement":[{"@type":"ListItem","position":1,"name":"Home","item":"https:\/\/leatai.com\/da\/"},{"@type":"ListItem","position":2,"name":"Produktintroduktion","item":"https:\/\/leatai.com\/products\/"},{"@type":"ListItem","position":3,"name":"Forskellige OEM-pr\u00f8ver","item":"https:\/\/leatai.com\/da\/vare-kategori\/forskellige-oem-proever\/"},{"@type":"ListItem","position":4,"name":"OEM L\u00f8sblade Notesbog","item":"https:\/\/leatai.com\/da\/vare-kategori\/forskellige-oem-proever\/oem-loesblade-notesbog\/"},{"@type":"ListItem","position":5,"name":"AbbVie Inc."}]},{"@type":"WebSite","@id":"https:\/\/leatai.com\/da\/#website","url":"https:\/\/leatai.com\/da\/","name":"Leatai \u2013 Producent af tilpassede notesb\u00f8ger","description":"Leatai tilbyder tilpassede notesb\u00f8ger og planl\u00e6ggere til globale brands og distribut\u00f8rer.","publisher":{"@id":"https:\/\/leatai.com\/da\/#organization"},"potentialAction":[{"@type":"SearchAction","target":{"@type":"EntryPoint","urlTemplate":"https:\/\/leatai.com\/da\/?s={search_term_string}"},"query-input":{"@type":"PropertyValueSpecification","valueRequired":true,"valueName":"search_term_string"}}],"inLanguage":"da-DK"},{"@type":"Organization","@id":"https:\/\/leatai.com\/da\/#organization","name":"Leatai Diary, customized journal and business organizer","url":"https:\/\/leatai.com\/da\/","logo":{"@type":"ImageObject","inLanguage":"da-DK","@id":"https:\/\/leatai.com\/da\/#\/schema\/logo\/image\/","url":"https:\/\/leatai.com\/wp-content\/uploads\/logo-blue.png","contentUrl":"https:\/\/leatai.com\/wp-content\/uploads\/logo-blue.png","width":230,"height":60,"caption":"Leatai Diary, customized journal and business organizer"},"image":{"@id":"https:\/\/leatai.com\/da\/#\/schema\/logo\/image\/"},"telephone":"+886-2-8227-8800","legalName":"Leatai Stationary Co., Ltd.","description":"A leading notebook factory in Taiwan offering bespoke branding, high-quality binding, and premium paper selections for corporate gifts and stationery wholesale.","address":{"@type":"PostalAddress","streetAddress":"11F., No. 168, Jiankang Rd.","addressLocality":"Zhonghe Dist.","addressRegion":"New Taipei City","postalCode":"235","addressCountry":"TW"},"contactPoint":{"@type":"ContactPoint","telephone":"+886-2-8227-8800","contactType":"sales","areaServed":"Worldwide","availableLanguage":["zh-TW","en"]}}]}},"_links":{"self":[{"href":"https:\/\/leatai.com\/da\/wp-json\/wp\/v2\/product\/97919","targetHints":{"allow":["GET"]}}],"collection":[{"href":"https:\/\/leatai.com\/da\/wp-json\/wp\/v2\/product"}],"about":[{"href":"https:\/\/leatai.com\/da\/wp-json\/wp\/v2\/types\/product"}],"wp:featuredmedia":[{"embeddable":true,"href":"https:\/\/leatai.com\/da\/wp-json\/wp\/v2\/media\/97920"}],"wp:attachment":[{"href":"https:\/\/leatai.com\/da\/wp-json\/wp\/v2\/media?parent=97919"}],"wp:term":[{"taxonomy":"product_brand","embeddable":true,"href":"https:\/\/leatai.com\/da\/wp-json\/wp\/v2\/product_brand?post=97919"},{"taxonomy":"product_cat","embeddable":true,"href":"https:\/\/leatai.com\/da\/wp-json\/wp\/v2\/product_cat?post=97919"},{"taxonomy":"product_tag","embeddable":true,"href":"https:\/\/leatai.com\/da\/wp-json\/wp\/v2\/product_tag?post=97919"},{"taxonomy":"home_works","embeddable":true,"href":"https:\/\/leatai.com\/da\/wp-json\/wp\/v2\/home_works?post=97919"}],"curies":[{"name":"wp","href":"https:\/\/api.w.org\/{rel}","templated":true}]}}