{"id":97652,"date":"2021-08-17T19:34:47","date_gmt":"2021-08-17T11:34:47","guid":{"rendered":"https:\/\/leatai.com\/product\/Ikke%20kategoriseret\/zespri\/"},"modified":"2025-02-06T09:26:45","modified_gmt":"2025-02-06T01:26:45","slug":"zespri","status":"publish","type":"product","link":"https:\/\/leatai.com\/da\/product\/forskellige-oem-proever\/oem-aftagelig-notesbog\/zespri\/","title":{"rendered":"Zespri"},"content":{"rendered":"<p>Kundenavn: Zespri<br \/>\nCase-st\u00f8rrelse: 25K<br \/>\nCase-stil: Aftagelig ringbind-notesbog, Indbundet notesbog<br \/>\nLogo-effekt: Pr\u00e6gning<\/p>\n<p>Vigtige punkter:<br \/>\nMed en livlig gr\u00f8n som signaturfarve formidler designet perfekt Zespris brandimage med en enkel logo-pr\u00e6gning. Uanset om det er en indbundet notesbog eller en aftagelig ringbind-notesbog, opretholdes den samme \u00e6stetiske kvalitet og stil.<\/p>\n<p>\ud83d\udcd6 Alle tilpassede eksempler:<a href=\"https:\/\/leatai.com\/da\/vare-tag\/oem-da\/\" target=\"_blank\" rel=\"noopener\"> Tilpassede notesb\u00f8ger \/ Tilpassede erhvervskalendere<\/a><\/p>\n<div class=\"flex max-w-full flex-col flex-grow\">\n<div class=\"min-h-8 text-message flex w-full flex-col items-end gap-2 whitespace-normal break-words text-start [.text-message+&amp;]:mt-5\" dir=\"auto\" data-message-author-role=\"assistant\" data-message-id=\"823ffdc5-7797-4bf0-b5dc-d7aa43f47cdb\" data-message-model-slug=\"gpt-4o\">\n<div class=\"flex w-full flex-col gap-1 empty:hidden first:pt-[3px]\">\n<div class=\"markdown prose w-full break-words dark:prose-invert dark\">\n<p>\ud83d\udcd6 Standardprodukter for tilpassede notesb\u00f8ger \/ erhvervskalendere:<\/p>\n<ul>\n<li><a href=\"https:\/\/leatai.com\/da\/vare-kategori\/tilpasset-notesbog\/hardcover-notesbog\/\" target=\"_blank\" rel=\"noopener\">Hardcover-notesb\u00f8ger \/ Hardcover-erhvervskalendere<\/a><\/li>\n<li><a href=\"https:\/\/leatai.com\/da\/vare-kategori\/tilpasset-notesbog\/loesebladsnotesbog\/\" target=\"_blank\" rel=\"noopener\">L\u00f8sningsnotesb\u00f8ger \/ L\u00f8sningskalendere<\/a><\/li>\n<li><a href=\"https:\/\/leatai.com\/da\/vare-kategori\/tilpasset-notesbog\/aftagelig-notesbog\/\" target=\"_blank\" rel=\"noopener\">Udtr\u00e6kkelige l\u00f8sningsb\u00f8ger \/ Udtr\u00e6kkelige kalendere<\/a><\/li>\n<li><a href=\"https:\/\/leatai.com\/da\/vare-kategori\/tilpasset-notesbog\/paperback-notesbog\/\" target=\"_blank\" rel=\"noopener\">Softcover-notesb\u00f8ger \/ Softcover-erhvervskalendere<\/a><\/li>\n<li><a href=\"https:\/\/leatai.com\/da\/vare-kategori\/tilpasset-notesbog\/spiral-notesbog\/\" target=\"_blank\" rel=\"noopener\">Spiralnotesb\u00f8ger \/ Spiral-erhvervskalendere<\/a><\/li>\n<\/ul>\n<p><strong>\ud83d\udcd6<\/strong>For en komplet guide til specialtilpasning, se venligst:Skr\u00e6ddersyede gave- og reklametjenester \u2013 Skab unikke gaver og anbefalede gaveartikler.<\/p>\n<p>\ud83d\udcd6 For en komplet st\u00f8rrelsesforklaring, se venligst: <a href=\"https:\/\/leatai.com\/da\/produktintroduktion\/\" target=\"_blank\" rel=\"noopener\">Papirst\u00f8rrelsesguide: B3, A4, B5, 8K, 16K og andre almindelige st\u00f8rrelser. Sammenligningstabel for papirst\u00f8rrelser, som g\u00f8r det nemt at forst\u00e5!<\/a><\/p>\n<\/div>\n<\/div>\n<\/div>\n<\/div>\n<div class=\"mb-2 flex gap-3 empty:hidden -ml-2\">\n<div class=\"items-center justify-start rounded-xl p-1 flex\">\n<div class=\"flex items-center\"><\/div>\n<\/div>\n<\/div>\n","protected":false},"excerpt":{"rendered":"<p>Kundenavn: Zespri Case-st\u00f8rrelse: 25K Case-stil: Aftagelig ringbind-notesbog, Indbundet notesbog Logo-effekt: Pr\u00e6gning Vigtige punkter: Med en livlig gr\u00f8n som signaturfarve formidler designet perfekt Zespris brandimage med en enkel logo-pr\u00e6gning. Uanset om det er en indbundet notesbog eller en aftagelig ringbind-notesbog, opretholdes den samme \u00e6stetiske kvalitet og stil. \ud83d\udcd6 Alle tilpassede eksempler: Tilpassede notesb\u00f8ger \/ Tilpassede erhvervskalendere [&hellip;]<\/p>\n","protected":false},"featured_media":97653,"template":"","meta":{"_acf_changed":false},"product_brand":[],"product_cat":[903],"product_tag":[1228],"home_works":[],"class_list":{"0":"post-97652","1":"product","2":"type-product","3":"status-publish","4":"has-post-thumbnail","6":"product_cat-oem-aftagelig-notesbog","7":"product_tag-oem-da","9":"first","10":"outofstock","11":"sold-individually","12":"shipping-taxable","13":"purchasable","14":"product-type-variable","15":"has-default-attributes"},"acf":[],"yoast_head":"<!-- This site is optimized with the Yoast SEO plugin v27.2 - https:\/\/yoast.com\/product\/yoast-seo-wordpress\/ -->\n<title>Zespri - Klassisk Farvekombination, Perfekt Balanceret - Leatai \u2013 Producent af tilpassede notesb\u00f8ger<\/title>\n<meta name=\"description\" content=\"OEM Aftagelig Ringbind-Notesbog Case: Zespri Stil: Aftagelig ringbind-notesbog, Indbundet notesbog St\u00f8rrelse: 25K Vigtige punkter: Designet bruger en livlig gr\u00f8n farve til at fremh\u00e6ve Zespris brandimage. Med en enkel pr\u00e6gning af logoet formidles brandets identitet effektivt. Uanset om det er en indbundet notesbog eller en aftagelig ringbind-notesbog, opretholdes den samme \u00e6stetik og h\u00f8je kvalitet.\" \/>\n<meta name=\"robots\" content=\"index, follow, max-snippet:-1, max-image-preview:large, max-video-preview:-1\" \/>\n<link rel=\"canonical\" href=\"https:\/\/leatai.com\/da\/product\/forskellige-oem-proever\/oem-aftagelig-notesbog\/zespri\/\" \/>\n<meta property=\"og:locale\" content=\"da_DK\" \/>\n<meta property=\"og:type\" content=\"article\" \/>\n<meta property=\"og:title\" content=\"Zespri - Klassisk Farvekombination, Perfekt Balanceret - Leatai \u2013 Producent af tilpassede notesb\u00f8ger\" \/>\n<meta property=\"og:description\" content=\"OEM Aftagelig Ringbind-Notesbog Case: Zespri Stil: Aftagelig ringbind-notesbog, Indbundet notesbog St\u00f8rrelse: 25K Vigtige punkter: Designet bruger en livlig gr\u00f8n farve til at fremh\u00e6ve Zespris brandimage. Med en enkel pr\u00e6gning af logoet formidles brandets identitet effektivt. Uanset om det er en indbundet notesbog eller en aftagelig ringbind-notesbog, opretholdes den samme \u00e6stetik og h\u00f8je kvalitet.\" \/>\n<meta property=\"og:url\" content=\"https:\/\/leatai.com\/da\/product\/forskellige-oem-proever\/oem-aftagelig-notesbog\/zespri\/\" \/>\n<meta property=\"og:site_name\" content=\"Leatai \u2013 Producent af tilpassede notesb\u00f8ger\" \/>\n<meta property=\"article:modified_time\" content=\"2025-02-06T01:26:45+00:00\" \/>\n<meta property=\"og:image\" content=\"https:\/\/leatai.com\/wp-content\/uploads\/DSC_7706.jpg\" \/>\n\t<meta property=\"og:image:width\" content=\"1000\" \/>\n\t<meta property=\"og:image:height\" content=\"750\" \/>\n\t<meta property=\"og:image:type\" content=\"image\/jpeg\" \/>\n<meta name=\"twitter:card\" content=\"summary_large_image\" \/>\n<meta name=\"twitter:label1\" content=\"Estimeret l\u00e6setid\" \/>\n\t<meta name=\"twitter:data1\" content=\"1 minut\" \/>\n<script type=\"application\/ld+json\" class=\"yoast-schema-graph\">{\"@context\":\"https:\/\/schema.org\",\"@graph\":[{\"@type\":\"WebPage\",\"@id\":\"https:\/\/leatai.com\/da\/product\/forskellige-oem-proever\/oem-aftagelig-notesbog\/zespri\/\",\"url\":\"https:\/\/leatai.com\/da\/product\/forskellige-oem-proever\/oem-aftagelig-notesbog\/zespri\/\",\"name\":\"Zespri - Klassisk Farvekombination, Perfekt Balanceret - Leatai \u2013 Producent af tilpassede notesb\u00f8ger\",\"isPartOf\":{\"@id\":\"https:\/\/leatai.com\/da\/#website\"},\"primaryImageOfPage\":{\"@id\":\"https:\/\/leatai.com\/da\/product\/forskellige-oem-proever\/oem-aftagelig-notesbog\/zespri\/#primaryimage\"},\"image\":{\"@id\":\"https:\/\/leatai.com\/da\/product\/forskellige-oem-proever\/oem-aftagelig-notesbog\/zespri\/#primaryimage\"},\"thumbnailUrl\":\"https:\/\/leatai.com\/wp-content\/uploads\/DSC_7706.jpg\",\"datePublished\":\"2021-08-17T11:34:47+00:00\",\"dateModified\":\"2025-02-06T01:26:45+00:00\",\"description\":\"OEM Aftagelig Ringbind-Notesbog Case: Zespri Stil: Aftagelig ringbind-notesbog, Indbundet notesbog St\u00f8rrelse: 25K Vigtige punkter: Designet bruger en livlig gr\u00f8n farve til at fremh\u00e6ve Zespris brandimage. Med en enkel pr\u00e6gning af logoet formidles brandets identitet effektivt. Uanset om det er en indbundet notesbog eller en aftagelig ringbind-notesbog, opretholdes den samme \u00e6stetik og h\u00f8je kvalitet.\",\"breadcrumb\":{\"@id\":\"https:\/\/leatai.com\/da\/product\/forskellige-oem-proever\/oem-aftagelig-notesbog\/zespri\/#breadcrumb\"},\"inLanguage\":\"da-DK\",\"potentialAction\":[{\"@type\":\"ReadAction\",\"target\":[\"https:\/\/leatai.com\/da\/product\/forskellige-oem-proever\/oem-aftagelig-notesbog\/zespri\/\"]}]},{\"@type\":\"ImageObject\",\"inLanguage\":\"da-DK\",\"@id\":\"https:\/\/leatai.com\/da\/product\/forskellige-oem-proever\/oem-aftagelig-notesbog\/zespri\/#primaryimage\",\"url\":\"https:\/\/leatai.com\/wp-content\/uploads\/DSC_7706.jpg\",\"contentUrl\":\"https:\/\/leatai.com\/wp-content\/uploads\/DSC_7706.jpg\",\"width\":1000,\"height\":750,\"caption\":\"Removable loose-leaf notesbog\"},{\"@type\":\"BreadcrumbList\",\"@id\":\"https:\/\/leatai.com\/da\/product\/forskellige-oem-proever\/oem-aftagelig-notesbog\/zespri\/#breadcrumb\",\"itemListElement\":[{\"@type\":\"ListItem\",\"position\":1,\"name\":\"Home\",\"item\":\"https:\/\/leatai.com\/da\/\"},{\"@type\":\"ListItem\",\"position\":2,\"name\":\"Produktintroduktion\",\"item\":\"https:\/\/leatai.com\/products\/\"},{\"@type\":\"ListItem\",\"position\":3,\"name\":\"Forskellige OEM-pr\u00f8ver\",\"item\":\"https:\/\/leatai.com\/da\/vare-kategori\/forskellige-oem-proever\/\"},{\"@type\":\"ListItem\",\"position\":4,\"name\":\"OEM aftagelig notesbog\",\"item\":\"https:\/\/leatai.com\/da\/vare-kategori\/forskellige-oem-proever\/oem-aftagelig-notesbog\/\"},{\"@type\":\"ListItem\",\"position\":5,\"name\":\"Zespri\"}]},{\"@type\":\"WebSite\",\"@id\":\"https:\/\/leatai.com\/da\/#website\",\"url\":\"https:\/\/leatai.com\/da\/\",\"name\":\"Leatai \u2013 Producent af tilpassede notesb\u00f8ger\",\"description\":\"Leatai tilbyder tilpassede notesb\u00f8ger og planl\u00e6ggere til globale brands og distribut\u00f8rer.\",\"publisher\":{\"@id\":\"https:\/\/leatai.com\/da\/#organization\"},\"potentialAction\":[{\"@type\":\"SearchAction\",\"target\":{\"@type\":\"EntryPoint\",\"urlTemplate\":\"https:\/\/leatai.com\/da\/?s={search_term_string}\"},\"query-input\":{\"@type\":\"PropertyValueSpecification\",\"valueRequired\":true,\"valueName\":\"search_term_string\"}}],\"inLanguage\":\"da-DK\"},{\"@type\":\"Organization\",\"@id\":\"https:\/\/leatai.com\/da\/#organization\",\"name\":\"Leatai Diary, customized journal and business organizer\",\"url\":\"https:\/\/leatai.com\/da\/\",\"logo\":{\"@type\":\"ImageObject\",\"inLanguage\":\"da-DK\",\"@id\":\"https:\/\/leatai.com\/da\/#\/schema\/logo\/image\/\",\"url\":\"https:\/\/leatai.com\/wp-content\/uploads\/logo-blue.png\",\"contentUrl\":\"https:\/\/leatai.com\/wp-content\/uploads\/logo-blue.png\",\"width\":230,\"height\":60,\"caption\":\"Leatai Diary, customized journal and business organizer\"},\"image\":{\"@id\":\"https:\/\/leatai.com\/da\/#\/schema\/logo\/image\/\"}}]}<\/script>\n<!-- \/ Yoast SEO plugin. -->","yoast_head_json":{"title":"Zespri - Klassisk Farvekombination, Perfekt Balanceret - Leatai \u2013 Producent af tilpassede notesb\u00f8ger","description":"OEM Aftagelig Ringbind-Notesbog Case: Zespri Stil: Aftagelig ringbind-notesbog, Indbundet notesbog St\u00f8rrelse: 25K Vigtige punkter: Designet bruger en livlig gr\u00f8n farve til at fremh\u00e6ve Zespris brandimage. Med en enkel pr\u00e6gning af logoet formidles brandets identitet effektivt. Uanset om det er en indbundet notesbog eller en aftagelig ringbind-notesbog, opretholdes den samme \u00e6stetik og h\u00f8je kvalitet.","robots":{"index":"index","follow":"follow","max-snippet":"max-snippet:-1","max-image-preview":"max-image-preview:large","max-video-preview":"max-video-preview:-1"},"canonical":"https:\/\/leatai.com\/da\/product\/forskellige-oem-proever\/oem-aftagelig-notesbog\/zespri\/","og_locale":"da_DK","og_type":"article","og_title":"Zespri - Klassisk Farvekombination, Perfekt Balanceret - Leatai \u2013 Producent af tilpassede notesb\u00f8ger","og_description":"OEM Aftagelig Ringbind-Notesbog Case: Zespri Stil: Aftagelig ringbind-notesbog, Indbundet notesbog St\u00f8rrelse: 25K Vigtige punkter: Designet bruger en livlig gr\u00f8n farve til at fremh\u00e6ve Zespris brandimage. Med en enkel pr\u00e6gning af logoet formidles brandets identitet effektivt. Uanset om det er en indbundet notesbog eller en aftagelig ringbind-notesbog, opretholdes den samme \u00e6stetik og h\u00f8je kvalitet.","og_url":"https:\/\/leatai.com\/da\/product\/forskellige-oem-proever\/oem-aftagelig-notesbog\/zespri\/","og_site_name":"Leatai \u2013 Producent af tilpassede notesb\u00f8ger","article_modified_time":"2025-02-06T01:26:45+00:00","og_image":[{"width":1000,"height":750,"url":"https:\/\/leatai.com\/wp-content\/uploads\/DSC_7706.jpg","type":"image\/jpeg"}],"twitter_card":"summary_large_image","twitter_misc":{"Estimeret l\u00e6setid":"1 minut"},"schema":{"@context":"https:\/\/schema.org","@graph":[{"@type":"WebPage","@id":"https:\/\/leatai.com\/da\/product\/forskellige-oem-proever\/oem-aftagelig-notesbog\/zespri\/","url":"https:\/\/leatai.com\/da\/product\/forskellige-oem-proever\/oem-aftagelig-notesbog\/zespri\/","name":"Zespri - Klassisk Farvekombination, Perfekt Balanceret - Leatai \u2013 Producent af tilpassede notesb\u00f8ger","isPartOf":{"@id":"https:\/\/leatai.com\/da\/#website"},"primaryImageOfPage":{"@id":"https:\/\/leatai.com\/da\/product\/forskellige-oem-proever\/oem-aftagelig-notesbog\/zespri\/#primaryimage"},"image":{"@id":"https:\/\/leatai.com\/da\/product\/forskellige-oem-proever\/oem-aftagelig-notesbog\/zespri\/#primaryimage"},"thumbnailUrl":"https:\/\/leatai.com\/wp-content\/uploads\/DSC_7706.jpg","datePublished":"2021-08-17T11:34:47+00:00","dateModified":"2025-02-06T01:26:45+00:00","description":"OEM Aftagelig Ringbind-Notesbog Case: Zespri Stil: Aftagelig ringbind-notesbog, Indbundet notesbog St\u00f8rrelse: 25K Vigtige punkter: Designet bruger en livlig gr\u00f8n farve til at fremh\u00e6ve Zespris brandimage. Med en enkel pr\u00e6gning af logoet formidles brandets identitet effektivt. Uanset om det er en indbundet notesbog eller en aftagelig ringbind-notesbog, opretholdes den samme \u00e6stetik og h\u00f8je kvalitet.","breadcrumb":{"@id":"https:\/\/leatai.com\/da\/product\/forskellige-oem-proever\/oem-aftagelig-notesbog\/zespri\/#breadcrumb"},"inLanguage":"da-DK","potentialAction":[{"@type":"ReadAction","target":["https:\/\/leatai.com\/da\/product\/forskellige-oem-proever\/oem-aftagelig-notesbog\/zespri\/"]}]},{"@type":"ImageObject","inLanguage":"da-DK","@id":"https:\/\/leatai.com\/da\/product\/forskellige-oem-proever\/oem-aftagelig-notesbog\/zespri\/#primaryimage","url":"https:\/\/leatai.com\/wp-content\/uploads\/DSC_7706.jpg","contentUrl":"https:\/\/leatai.com\/wp-content\/uploads\/DSC_7706.jpg","width":1000,"height":750,"caption":"Removable loose-leaf notesbog"},{"@type":"BreadcrumbList","@id":"https:\/\/leatai.com\/da\/product\/forskellige-oem-proever\/oem-aftagelig-notesbog\/zespri\/#breadcrumb","itemListElement":[{"@type":"ListItem","position":1,"name":"Home","item":"https:\/\/leatai.com\/da\/"},{"@type":"ListItem","position":2,"name":"Produktintroduktion","item":"https:\/\/leatai.com\/products\/"},{"@type":"ListItem","position":3,"name":"Forskellige OEM-pr\u00f8ver","item":"https:\/\/leatai.com\/da\/vare-kategori\/forskellige-oem-proever\/"},{"@type":"ListItem","position":4,"name":"OEM aftagelig notesbog","item":"https:\/\/leatai.com\/da\/vare-kategori\/forskellige-oem-proever\/oem-aftagelig-notesbog\/"},{"@type":"ListItem","position":5,"name":"Zespri"}]},{"@type":"WebSite","@id":"https:\/\/leatai.com\/da\/#website","url":"https:\/\/leatai.com\/da\/","name":"Leatai \u2013 Producent af tilpassede notesb\u00f8ger","description":"Leatai tilbyder tilpassede notesb\u00f8ger og planl\u00e6ggere til globale brands og distribut\u00f8rer.","publisher":{"@id":"https:\/\/leatai.com\/da\/#organization"},"potentialAction":[{"@type":"SearchAction","target":{"@type":"EntryPoint","urlTemplate":"https:\/\/leatai.com\/da\/?s={search_term_string}"},"query-input":{"@type":"PropertyValueSpecification","valueRequired":true,"valueName":"search_term_string"}}],"inLanguage":"da-DK"},{"@type":"Organization","@id":"https:\/\/leatai.com\/da\/#organization","name":"Leatai Diary, customized journal and business organizer","url":"https:\/\/leatai.com\/da\/","logo":{"@type":"ImageObject","inLanguage":"da-DK","@id":"https:\/\/leatai.com\/da\/#\/schema\/logo\/image\/","url":"https:\/\/leatai.com\/wp-content\/uploads\/logo-blue.png","contentUrl":"https:\/\/leatai.com\/wp-content\/uploads\/logo-blue.png","width":230,"height":60,"caption":"Leatai Diary, customized journal and business organizer"},"image":{"@id":"https:\/\/leatai.com\/da\/#\/schema\/logo\/image\/"}}]}},"_links":{"self":[{"href":"https:\/\/leatai.com\/da\/wp-json\/wp\/v2\/product\/97652","targetHints":{"allow":["GET"]}}],"collection":[{"href":"https:\/\/leatai.com\/da\/wp-json\/wp\/v2\/product"}],"about":[{"href":"https:\/\/leatai.com\/da\/wp-json\/wp\/v2\/types\/product"}],"wp:featuredmedia":[{"embeddable":true,"href":"https:\/\/leatai.com\/da\/wp-json\/wp\/v2\/media\/97653"}],"wp:attachment":[{"href":"https:\/\/leatai.com\/da\/wp-json\/wp\/v2\/media?parent=97652"}],"wp:term":[{"taxonomy":"product_brand","embeddable":true,"href":"https:\/\/leatai.com\/da\/wp-json\/wp\/v2\/product_brand?post=97652"},{"taxonomy":"product_cat","embeddable":true,"href":"https:\/\/leatai.com\/da\/wp-json\/wp\/v2\/product_cat?post=97652"},{"taxonomy":"product_tag","embeddable":true,"href":"https:\/\/leatai.com\/da\/wp-json\/wp\/v2\/product_tag?post=97652"},{"taxonomy":"home_works","embeddable":true,"href":"https:\/\/leatai.com\/da\/wp-json\/wp\/v2\/home_works?post=97652"}],"curies":[{"name":"wp","href":"https:\/\/api.w.org\/{rel}","templated":true}]}}