{"id":261348,"date":"2024-08-21T19:34:22","date_gmt":"2024-08-21T11:34:22","guid":{"rendered":"https:\/\/leatai.com\/?post_type=product&#038;p=261348"},"modified":"2026-01-07T11:36:35","modified_gmt":"2026-01-07T03:36:35","slug":"hoya-bit-exchange","status":"publish","type":"product","link":"https:\/\/leatai.com\/da\/product\/forskellige-oem-proever\/oem-andre\/hoya-bit-exchange\/","title":{"rendered":"HOYA BIT Exchange"},"content":{"rendered":"<p>Kundens navn: HOYA BIT Exchange<br \/>\nCase-st\u00f8rrelse: Specialtilpasset st\u00f8rrelse<br \/>\nCase-type: Fuldt indbundet blok<br \/>\nCase \u2013 forsideeffekt: Tryk<br \/>\nS\u00e6rlige kendetegn: En opadvendt blok, hvor man nogle gange \u00f8nsker, at siderne nemt kan rives af, og andre gange \u00f8nsker, at de ikke er lette at rive af. Afh\u00e6ngigt af disse to behov anvendes forskellige konstruktionsl\u00f8sninger. Se venligst billederne.<\/p>\n<p><img decoding=\"async\" class=\"emoji\" role=\"img\" draggable=\"false\" src=\"https:\/\/s.w.org\/images\/core\/emoji\/17.0.2\/svg\/1f4d6.svg\" alt=\"\ud83d\udcd6\" \/>\u00a0Alle tilpassede eksempler:<a href=\"https:\/\/leatai.com\/da\/vare-tag\/oem-da\/\" target=\"_blank\" rel=\"noopener\">\u00a0Tilpassede notesb\u00f8ger \/ Tilpassede erhvervskalendere<\/a><br \/>\n<img decoding=\"async\" class=\"emoji\" role=\"img\" draggable=\"false\" src=\"https:\/\/s.w.org\/images\/core\/emoji\/17.0.2\/svg\/1f4d6.svg\" alt=\"\ud83d\udcd6\" \/>\u00a0Standardprodukter for tilpassede notesb\u00f8ger \/ erhvervskalendere:<\/p>\n<ul>\n<li><a href=\"https:\/\/leatai.com\/da\/vare-kategori\/tilpasset-notesbog\/hardcover-notesbog\/\" target=\"_blank\" rel=\"noopener\">Hardcover-notesb\u00f8ger \/ Hardcover-erhvervskalendere<\/a><\/li>\n<li><a href=\"https:\/\/leatai.com\/da\/vare-kategori\/tilpasset-notesbog\/loesebladsnotesbog\/\" target=\"_blank\" rel=\"noopener\">L\u00f8sningsnotesb\u00f8ger \/ L\u00f8sningskalendere<\/a><\/li>\n<li><a href=\"https:\/\/leatai.com\/da\/vare-kategori\/tilpasset-notesbog\/aftagelig-notesbog\/\" target=\"_blank\" rel=\"noopener\">Udtr\u00e6kkelige l\u00f8sningsb\u00f8ger \/ Udtr\u00e6kkelige kalendere<\/a><\/li>\n<li><a href=\"https:\/\/leatai.com\/da\/vare-kategori\/tilpasset-notesbog\/paperback-notesbog\/\" target=\"_blank\" rel=\"noopener\">Softcover-notesb\u00f8ger \/ Softcover-erhvervskalendere<\/a><\/li>\n<li><a href=\"https:\/\/leatai.com\/da\/vare-kategori\/tilpasset-notesbog\/spiral-notesbog\/\" target=\"_blank\" rel=\"noopener\">Spiralnotesb\u00f8ger \/ Spiral-erhvervskalendere<\/a><\/li>\n<\/ul>\n<p><img decoding=\"async\" class=\"emoji\" role=\"img\" draggable=\"false\" src=\"https:\/\/s.w.org\/images\/core\/emoji\/17.0.2\/svg\/1f4d6.svg\" alt=\"\ud83d\udcd6\" \/>\u00a0For en komplet st\u00f8rrelsesforklaring, se venligst:\u00a0<a href=\"https:\/\/leatai.com\/da\/produktintroduktion\/\" target=\"_blank\" rel=\"noopener\">Papirst\u00f8rrelsesguide: B3, A4, B5, 8K, 16K og andre almindelige st\u00f8rrelser. Sammenligningstabel for papirst\u00f8rrelser, som g\u00f8r det nemt at forst\u00e5!<\/a><\/p>\n","protected":false},"excerpt":{"rendered":"<p>Kundens navn: HOYA BIT Exchange Case-st\u00f8rrelse: Specialtilpasset st\u00f8rrelse Case-type: Fuldt indbundet blok Case \u2013 forsideeffekt: Tryk S\u00e6rlige kendetegn: En opadvendt blok, hvor man nogle gange \u00f8nsker, at siderne nemt kan rives af, og andre gange \u00f8nsker, at de ikke er lette at rive af. Afh\u00e6ngigt af disse to behov anvendes forskellige konstruktionsl\u00f8sninger. Se venligst billederne. [&hellip;]<\/p>\n","protected":false},"featured_media":77307,"template":"","meta":{"_acf_changed":false},"product_brand":[],"product_cat":[942],"product_tag":[1228],"home_works":[],"class_list":{"0":"post-261348","1":"product","2":"type-product","3":"status-publish","4":"has-post-thumbnail","6":"product_cat-oem-andre","7":"product_tag-oem-da","9":"first","10":"outofstock","11":"sold-individually","12":"shipping-taxable","13":"purchasable","14":"product-type-variable","15":"has-default-attributes"},"acf":[],"yoast_head":"<!-- This site is optimized with the Yoast SEO plugin v27.2 - https:\/\/yoast.com\/product\/yoast-seo-wordpress\/ -->\n<title>HOYA BIT Exchange - Leatai \u2013 Producent af tilpassede notesb\u00f8ger<\/title>\n<meta name=\"description\" content=\"Kundens navn: HOYA BIT ExchangeCase-st\u00f8rrelse: Specialtilpasset st\u00f8rrelseCase-type: Fuldt indbundet blokCase \u2013 forsideeffekt: TrykS\u00e6rlige kendetegn: En opadvendt blok, hvor man nogle gange \u00f8nsker, at siderne nemt kan rives af, og andre gange \u00f8nsker, at de ikke er lette at rive af. Afh\u00e6ngigt af disse to behov anvendes forskellige konstruktionsl\u00f8sninger. Se venligst billederne.\" \/>\n<meta name=\"robots\" content=\"index, follow, max-snippet:-1, max-image-preview:large, max-video-preview:-1\" \/>\n<link rel=\"canonical\" href=\"https:\/\/leatai.com\/da\/product\/forskellige-oem-proever\/oem-andre\/hoya-bit-exchange\/\" \/>\n<meta property=\"og:locale\" content=\"da_DK\" \/>\n<meta property=\"og:type\" content=\"article\" \/>\n<meta property=\"og:title\" content=\"HOYA BIT Exchange - Leatai \u2013 Producent af tilpassede notesb\u00f8ger\" \/>\n<meta property=\"og:description\" content=\"Kundens navn: HOYA BIT ExchangeCase-st\u00f8rrelse: Specialtilpasset st\u00f8rrelseCase-type: Fuldt indbundet blokCase \u2013 forsideeffekt: TrykS\u00e6rlige kendetegn: En opadvendt blok, hvor man nogle gange \u00f8nsker, at siderne nemt kan rives af, og andre gange \u00f8nsker, at de ikke er lette at rive af. Afh\u00e6ngigt af disse to behov anvendes forskellige konstruktionsl\u00f8sninger. Se venligst billederne.\" \/>\n<meta property=\"og:url\" content=\"https:\/\/leatai.com\/da\/product\/forskellige-oem-proever\/oem-andre\/hoya-bit-exchange\/\" \/>\n<meta property=\"og:site_name\" content=\"Leatai \u2013 Producent af tilpassede notesb\u00f8ger\" \/>\n<meta property=\"article:modified_time\" content=\"2026-01-07T03:36:35+00:00\" \/>\n<meta property=\"og:image\" content=\"https:\/\/leatai.com\/wp-content\/uploads\/DSC_6859.jpg\" \/>\n\t<meta property=\"og:image:width\" content=\"1000\" \/>\n\t<meta property=\"og:image:height\" content=\"668\" \/>\n\t<meta property=\"og:image:type\" content=\"image\/jpeg\" \/>\n<meta name=\"twitter:card\" content=\"summary_large_image\" \/>\n<meta name=\"twitter:label1\" content=\"Estimeret l\u00e6setid\" \/>\n\t<meta name=\"twitter:data1\" content=\"2 minutter\" \/>\n<script type=\"application\/ld+json\" class=\"yoast-schema-graph\">{\"@context\":\"https:\/\/schema.org\",\"@graph\":[{\"@type\":\"WebPage\",\"@id\":\"https:\/\/leatai.com\/da\/product\/forskellige-oem-proever\/oem-andre\/hoya-bit-exchange\/\",\"url\":\"https:\/\/leatai.com\/da\/product\/forskellige-oem-proever\/oem-andre\/hoya-bit-exchange\/\",\"name\":\"HOYA BIT Exchange - Leatai \u2013 Producent af tilpassede notesb\u00f8ger\",\"isPartOf\":{\"@id\":\"https:\/\/leatai.com\/da\/#website\"},\"primaryImageOfPage\":{\"@id\":\"https:\/\/leatai.com\/da\/product\/forskellige-oem-proever\/oem-andre\/hoya-bit-exchange\/#primaryimage\"},\"image\":{\"@id\":\"https:\/\/leatai.com\/da\/product\/forskellige-oem-proever\/oem-andre\/hoya-bit-exchange\/#primaryimage\"},\"thumbnailUrl\":\"https:\/\/leatai.com\/wp-content\/uploads\/DSC_6859.jpg\",\"datePublished\":\"2024-08-21T11:34:22+00:00\",\"dateModified\":\"2026-01-07T03:36:35+00:00\",\"description\":\"Kundens navn: HOYA BIT ExchangeCase-st\u00f8rrelse: Specialtilpasset st\u00f8rrelseCase-type: Fuldt indbundet blokCase \u2013 forsideeffekt: TrykS\u00e6rlige kendetegn: En opadvendt blok, hvor man nogle gange \u00f8nsker, at siderne nemt kan rives af, og andre gange \u00f8nsker, at de ikke er lette at rive af. Afh\u00e6ngigt af disse to behov anvendes forskellige konstruktionsl\u00f8sninger. Se venligst billederne.\",\"breadcrumb\":{\"@id\":\"https:\/\/leatai.com\/da\/product\/forskellige-oem-proever\/oem-andre\/hoya-bit-exchange\/#breadcrumb\"},\"inLanguage\":\"da-DK\",\"potentialAction\":[{\"@type\":\"ReadAction\",\"target\":[\"https:\/\/leatai.com\/da\/product\/forskellige-oem-proever\/oem-andre\/hoya-bit-exchange\/\"]}]},{\"@type\":\"ImageObject\",\"inLanguage\":\"da-DK\",\"@id\":\"https:\/\/leatai.com\/da\/product\/forskellige-oem-proever\/oem-andre\/hoya-bit-exchange\/#primaryimage\",\"url\":\"https:\/\/leatai.com\/wp-content\/uploads\/DSC_6859.jpg\",\"contentUrl\":\"https:\/\/leatai.com\/wp-content\/uploads\/DSC_6859.jpg\",\"width\":1000,\"height\":668},{\"@type\":\"BreadcrumbList\",\"@id\":\"https:\/\/leatai.com\/da\/product\/forskellige-oem-proever\/oem-andre\/hoya-bit-exchange\/#breadcrumb\",\"itemListElement\":[{\"@type\":\"ListItem\",\"position\":1,\"name\":\"Home\",\"item\":\"https:\/\/leatai.com\/da\/\"},{\"@type\":\"ListItem\",\"position\":2,\"name\":\"Produktintroduktion\",\"item\":\"https:\/\/leatai.com\/products\/\"},{\"@type\":\"ListItem\",\"position\":3,\"name\":\"Forskellige OEM-pr\u00f8ver\",\"item\":\"https:\/\/leatai.com\/da\/vare-kategori\/forskellige-oem-proever\/\"},{\"@type\":\"ListItem\",\"position\":4,\"name\":\"OEM Andre\",\"item\":\"https:\/\/leatai.com\/da\/vare-kategori\/forskellige-oem-proever\/oem-andre\/\"},{\"@type\":\"ListItem\",\"position\":5,\"name\":\"HOYA BIT Exchange\"}]},{\"@type\":\"WebSite\",\"@id\":\"https:\/\/leatai.com\/da\/#website\",\"url\":\"https:\/\/leatai.com\/da\/\",\"name\":\"Leatai \u2013 Producent af tilpassede notesb\u00f8ger\",\"description\":\"Leatai tilbyder tilpassede notesb\u00f8ger og planl\u00e6ggere til globale brands og distribut\u00f8rer.\",\"publisher\":{\"@id\":\"https:\/\/leatai.com\/da\/#organization\"},\"potentialAction\":[{\"@type\":\"SearchAction\",\"target\":{\"@type\":\"EntryPoint\",\"urlTemplate\":\"https:\/\/leatai.com\/da\/?s={search_term_string}\"},\"query-input\":{\"@type\":\"PropertyValueSpecification\",\"valueRequired\":true,\"valueName\":\"search_term_string\"}}],\"inLanguage\":\"da-DK\"},{\"@type\":\"Organization\",\"@id\":\"https:\/\/leatai.com\/da\/#organization\",\"name\":\"Leatai Diary, customized journal and business organizer\",\"url\":\"https:\/\/leatai.com\/da\/\",\"logo\":{\"@type\":\"ImageObject\",\"inLanguage\":\"da-DK\",\"@id\":\"https:\/\/leatai.com\/da\/#\/schema\/logo\/image\/\",\"url\":\"https:\/\/leatai.com\/wp-content\/uploads\/logo-blue.png\",\"contentUrl\":\"https:\/\/leatai.com\/wp-content\/uploads\/logo-blue.png\",\"width\":230,\"height\":60,\"caption\":\"Leatai Diary, customized journal and business organizer\"},\"image\":{\"@id\":\"https:\/\/leatai.com\/da\/#\/schema\/logo\/image\/\"}}]}<\/script>\n<!-- \/ Yoast SEO plugin. -->","yoast_head_json":{"title":"HOYA BIT Exchange - Leatai \u2013 Producent af tilpassede notesb\u00f8ger","description":"Kundens navn: HOYA BIT ExchangeCase-st\u00f8rrelse: Specialtilpasset st\u00f8rrelseCase-type: Fuldt indbundet blokCase \u2013 forsideeffekt: TrykS\u00e6rlige kendetegn: En opadvendt blok, hvor man nogle gange \u00f8nsker, at siderne nemt kan rives af, og andre gange \u00f8nsker, at de ikke er lette at rive af. Afh\u00e6ngigt af disse to behov anvendes forskellige konstruktionsl\u00f8sninger. Se venligst billederne.","robots":{"index":"index","follow":"follow","max-snippet":"max-snippet:-1","max-image-preview":"max-image-preview:large","max-video-preview":"max-video-preview:-1"},"canonical":"https:\/\/leatai.com\/da\/product\/forskellige-oem-proever\/oem-andre\/hoya-bit-exchange\/","og_locale":"da_DK","og_type":"article","og_title":"HOYA BIT Exchange - Leatai \u2013 Producent af tilpassede notesb\u00f8ger","og_description":"Kundens navn: HOYA BIT ExchangeCase-st\u00f8rrelse: Specialtilpasset st\u00f8rrelseCase-type: Fuldt indbundet blokCase \u2013 forsideeffekt: TrykS\u00e6rlige kendetegn: En opadvendt blok, hvor man nogle gange \u00f8nsker, at siderne nemt kan rives af, og andre gange \u00f8nsker, at de ikke er lette at rive af. Afh\u00e6ngigt af disse to behov anvendes forskellige konstruktionsl\u00f8sninger. Se venligst billederne.","og_url":"https:\/\/leatai.com\/da\/product\/forskellige-oem-proever\/oem-andre\/hoya-bit-exchange\/","og_site_name":"Leatai \u2013 Producent af tilpassede notesb\u00f8ger","article_modified_time":"2026-01-07T03:36:35+00:00","og_image":[{"width":1000,"height":668,"url":"https:\/\/leatai.com\/wp-content\/uploads\/DSC_6859.jpg","type":"image\/jpeg"}],"twitter_card":"summary_large_image","twitter_misc":{"Estimeret l\u00e6setid":"2 minutter"},"schema":{"@context":"https:\/\/schema.org","@graph":[{"@type":"WebPage","@id":"https:\/\/leatai.com\/da\/product\/forskellige-oem-proever\/oem-andre\/hoya-bit-exchange\/","url":"https:\/\/leatai.com\/da\/product\/forskellige-oem-proever\/oem-andre\/hoya-bit-exchange\/","name":"HOYA BIT Exchange - Leatai \u2013 Producent af tilpassede notesb\u00f8ger","isPartOf":{"@id":"https:\/\/leatai.com\/da\/#website"},"primaryImageOfPage":{"@id":"https:\/\/leatai.com\/da\/product\/forskellige-oem-proever\/oem-andre\/hoya-bit-exchange\/#primaryimage"},"image":{"@id":"https:\/\/leatai.com\/da\/product\/forskellige-oem-proever\/oem-andre\/hoya-bit-exchange\/#primaryimage"},"thumbnailUrl":"https:\/\/leatai.com\/wp-content\/uploads\/DSC_6859.jpg","datePublished":"2024-08-21T11:34:22+00:00","dateModified":"2026-01-07T03:36:35+00:00","description":"Kundens navn: HOYA BIT ExchangeCase-st\u00f8rrelse: Specialtilpasset st\u00f8rrelseCase-type: Fuldt indbundet blokCase \u2013 forsideeffekt: TrykS\u00e6rlige kendetegn: En opadvendt blok, hvor man nogle gange \u00f8nsker, at siderne nemt kan rives af, og andre gange \u00f8nsker, at de ikke er lette at rive af. Afh\u00e6ngigt af disse to behov anvendes forskellige konstruktionsl\u00f8sninger. Se venligst billederne.","breadcrumb":{"@id":"https:\/\/leatai.com\/da\/product\/forskellige-oem-proever\/oem-andre\/hoya-bit-exchange\/#breadcrumb"},"inLanguage":"da-DK","potentialAction":[{"@type":"ReadAction","target":["https:\/\/leatai.com\/da\/product\/forskellige-oem-proever\/oem-andre\/hoya-bit-exchange\/"]}]},{"@type":"ImageObject","inLanguage":"da-DK","@id":"https:\/\/leatai.com\/da\/product\/forskellige-oem-proever\/oem-andre\/hoya-bit-exchange\/#primaryimage","url":"https:\/\/leatai.com\/wp-content\/uploads\/DSC_6859.jpg","contentUrl":"https:\/\/leatai.com\/wp-content\/uploads\/DSC_6859.jpg","width":1000,"height":668},{"@type":"BreadcrumbList","@id":"https:\/\/leatai.com\/da\/product\/forskellige-oem-proever\/oem-andre\/hoya-bit-exchange\/#breadcrumb","itemListElement":[{"@type":"ListItem","position":1,"name":"Home","item":"https:\/\/leatai.com\/da\/"},{"@type":"ListItem","position":2,"name":"Produktintroduktion","item":"https:\/\/leatai.com\/products\/"},{"@type":"ListItem","position":3,"name":"Forskellige OEM-pr\u00f8ver","item":"https:\/\/leatai.com\/da\/vare-kategori\/forskellige-oem-proever\/"},{"@type":"ListItem","position":4,"name":"OEM Andre","item":"https:\/\/leatai.com\/da\/vare-kategori\/forskellige-oem-proever\/oem-andre\/"},{"@type":"ListItem","position":5,"name":"HOYA BIT Exchange"}]},{"@type":"WebSite","@id":"https:\/\/leatai.com\/da\/#website","url":"https:\/\/leatai.com\/da\/","name":"Leatai \u2013 Producent af tilpassede notesb\u00f8ger","description":"Leatai tilbyder tilpassede notesb\u00f8ger og planl\u00e6ggere til globale brands og distribut\u00f8rer.","publisher":{"@id":"https:\/\/leatai.com\/da\/#organization"},"potentialAction":[{"@type":"SearchAction","target":{"@type":"EntryPoint","urlTemplate":"https:\/\/leatai.com\/da\/?s={search_term_string}"},"query-input":{"@type":"PropertyValueSpecification","valueRequired":true,"valueName":"search_term_string"}}],"inLanguage":"da-DK"},{"@type":"Organization","@id":"https:\/\/leatai.com\/da\/#organization","name":"Leatai Diary, customized journal and business organizer","url":"https:\/\/leatai.com\/da\/","logo":{"@type":"ImageObject","inLanguage":"da-DK","@id":"https:\/\/leatai.com\/da\/#\/schema\/logo\/image\/","url":"https:\/\/leatai.com\/wp-content\/uploads\/logo-blue.png","contentUrl":"https:\/\/leatai.com\/wp-content\/uploads\/logo-blue.png","width":230,"height":60,"caption":"Leatai Diary, customized journal and business organizer"},"image":{"@id":"https:\/\/leatai.com\/da\/#\/schema\/logo\/image\/"}}]}},"_links":{"self":[{"href":"https:\/\/leatai.com\/da\/wp-json\/wp\/v2\/product\/261348","targetHints":{"allow":["GET"]}}],"collection":[{"href":"https:\/\/leatai.com\/da\/wp-json\/wp\/v2\/product"}],"about":[{"href":"https:\/\/leatai.com\/da\/wp-json\/wp\/v2\/types\/product"}],"wp:featuredmedia":[{"embeddable":true,"href":"https:\/\/leatai.com\/da\/wp-json\/wp\/v2\/media\/77307"}],"wp:attachment":[{"href":"https:\/\/leatai.com\/da\/wp-json\/wp\/v2\/media?parent=261348"}],"wp:term":[{"taxonomy":"product_brand","embeddable":true,"href":"https:\/\/leatai.com\/da\/wp-json\/wp\/v2\/product_brand?post=261348"},{"taxonomy":"product_cat","embeddable":true,"href":"https:\/\/leatai.com\/da\/wp-json\/wp\/v2\/product_cat?post=261348"},{"taxonomy":"product_tag","embeddable":true,"href":"https:\/\/leatai.com\/da\/wp-json\/wp\/v2\/product_tag?post=261348"},{"taxonomy":"home_works","embeddable":true,"href":"https:\/\/leatai.com\/da\/wp-json\/wp\/v2\/home_works?post=261348"}],"curies":[{"name":"wp","href":"https:\/\/api.w.org\/{rel}","templated":true}]}}