{"id":223525,"date":"2025-04-23T13:57:33","date_gmt":"2025-04-23T05:57:33","guid":{"rendered":"https:\/\/leatai.com\/product\/Ikke%20kategoriseret\/alleima\/"},"modified":"2025-07-31T10:40:00","modified_gmt":"2025-07-31T02:40:00","slug":"alleima","status":"publish","type":"product","link":"https:\/\/leatai.com\/da\/product\/forskellige-oem-proever\/oem-kalender\/alleima\/","title":{"rendered":"Alleima"},"content":{"rendered":"<p data-start=\"386\" data-end=\"745\">Kundens navn: Alleima<br data-start=\"408\" data-end=\"411\" \/>Eksempelst\u00f8rrelse: 25K<br data-start=\"433\" data-end=\"436\" \/>Eksempeltype: Trekantet bordkalender<br data-start=\"472\" data-end=\"475\" \/>Logo-effekt: Farvetryk \/ Guldpr\u00e6gning i specialfarve p\u00e5 bundpladen<br data-start=\"541\" data-end=\"544\" \/>Fremh\u00e6vet punkt: En professionel producent af avancerede rustfrit st\u00e5l- og speciallegeringsprodukter valgte en frisk og praktisk specialdesignet bordkalender \u2013 et uundv\u00e6rligt v\u00e6rkt\u00f8j p\u00e5 arbejdspladsen.<\/p>\n<p>\ud83d\udcd6\u00a0Alle tilpassede eksempler:<a href=\"https:\/\/leatai.com\/da\/vare-tag\/oem-da\/\" target=\"_blank\" rel=\"noopener\">\u00a0Tilpassede notesb\u00f8ger \/ Tilpassede erhvervskalendere<\/a><br \/>\n\ud83d\udcd6\u00a0Standardprodukter for tilpassede notesb\u00f8ger \/ erhvervskalendere:<\/p>\n<ul>\n<li><a href=\"https:\/\/leatai.com\/da\/vare-kategori\/tilpasset-notesbog\/hardcover-notesbog\/\" target=\"_blank\" rel=\"noopener\">Hardcover-notesb\u00f8ger \/ Hardcover-erhvervskalendere<\/a><\/li>\n<li><a href=\"https:\/\/leatai.com\/da\/vare-kategori\/tilpasset-notesbog\/loesebladsnotesbog\/\" target=\"_blank\" rel=\"noopener\">L\u00f8sningsnotesb\u00f8ger \/ L\u00f8sningskalendere<\/a><\/li>\n<li><a href=\"https:\/\/leatai.com\/da\/vare-kategori\/tilpasset-notesbog\/aftagelig-notesbog\/\" target=\"_blank\" rel=\"noopener\">Udtr\u00e6kkelige l\u00f8sningsb\u00f8ger \/ Udtr\u00e6kkelige kalendere<\/a><\/li>\n<li><a href=\"https:\/\/leatai.com\/da\/vare-kategori\/tilpasset-notesbog\/paperback-notesbog\/\" target=\"_blank\" rel=\"noopener\">Softcover-notesb\u00f8ger \/ Softcover-erhvervskalendere<\/a><\/li>\n<li><a href=\"https:\/\/leatai.com\/da\/vare-kategori\/tilpasset-notesbog\/spiral-notesbog\/\" target=\"_blank\" rel=\"noopener\">Spiralnotesb\u00f8ger \/ Spiral-erhvervskalendere<\/a><\/li>\n<\/ul>\n<p>\ud83d\udcd6\u00a0For en komplet st\u00f8rrelsesforklaring, se venligst:\u00a0<a href=\"https:\/\/leatai.com\/da\/produktintroduktion\/\" target=\"_blank\" rel=\"noopener\">Papirst\u00f8rrelsesguide: B3, A4, B5, 8K, 16K og andre almindelige st\u00f8rrelser. Sammenligningstabel for papirst\u00f8rrelser, som g\u00f8r det nemt at forst\u00e5!<\/a><\/p>\n","protected":false},"excerpt":{"rendered":"<p>Kundens navn: AlleimaEksempelst\u00f8rrelse: 25KEksempeltype: Trekantet bordkalenderLogo-effekt: Farvetryk \/ Guldpr\u00e6gning i specialfarve p\u00e5 bundpladenFremh\u00e6vet punkt: En professionel producent af avancerede rustfrit st\u00e5l- og speciallegeringsprodukter valgte en frisk og praktisk specialdesignet bordkalender \u2013 et uundv\u00e6rligt v\u00e6rkt\u00f8j p\u00e5 arbejdspladsen. \ud83d\udcd6\u00a0Alle tilpassede eksempler:\u00a0Tilpassede notesb\u00f8ger \/ Tilpassede erhvervskalendere \ud83d\udcd6\u00a0Standardprodukter for tilpassede notesb\u00f8ger \/ erhvervskalendere: Hardcover-notesb\u00f8ger \/ Hardcover-erhvervskalendere L\u00f8sningsnotesb\u00f8ger \/ L\u00f8sningskalendere [&hellip;]<\/p>\n","protected":false},"featured_media":187951,"template":"","meta":{"_acf_changed":false},"product_brand":[],"product_cat":[955],"product_tag":[1228],"home_works":[],"class_list":{"0":"post-223525","1":"product","2":"type-product","3":"status-publish","4":"has-post-thumbnail","6":"product_cat-oem-kalender","7":"product_tag-oem-da","9":"first","10":"instock","11":"sold-individually","12":"shipping-taxable","13":"purchasable","14":"product-type-variable","15":"has-default-attributes"},"acf":[],"yoast_head":"<!-- This site is optimized with the Yoast SEO plugin v27.2 - https:\/\/yoast.com\/product\/yoast-seo-wordpress\/ -->\n<title>Alleima - Leatai \u2013 Producent af tilpassede notesb\u00f8ger<\/title>\n<meta name=\"description\" content=\"Kundens navn: HeruiMai Eksempelst\u00f8rrelse: 25K Eksempeltype: Trekantet bordkalender Logo-effekt: Farvetryk \/ Guldpr\u00e6gning i specialfarve p\u00e5 bundpladen Fremh\u00e6vet punkt: En professionel producent af avancerede rustfrit st\u00e5l- og speciallegeringsprodukter valgte en frisk og praktisk specialdesignet bordkalender \u2013 et uundv\u00e6rligt v\u00e6rkt\u00f8j p\u00e5 arbejdspladsen.\" \/>\n<meta name=\"robots\" content=\"index, follow, max-snippet:-1, max-image-preview:large, max-video-preview:-1\" \/>\n<link rel=\"canonical\" href=\"https:\/\/leatai.com\/da\/product\/forskellige-oem-proever\/oem-kalender\/alleima\/\" \/>\n<meta property=\"og:locale\" content=\"da_DK\" \/>\n<meta property=\"og:type\" content=\"article\" \/>\n<meta property=\"og:title\" content=\"Alleima - Leatai \u2013 Producent af tilpassede notesb\u00f8ger\" \/>\n<meta property=\"og:description\" content=\"Kundens navn: HeruiMai Eksempelst\u00f8rrelse: 25K Eksempeltype: Trekantet bordkalender Logo-effekt: Farvetryk \/ Guldpr\u00e6gning i specialfarve p\u00e5 bundpladen Fremh\u00e6vet punkt: En professionel producent af avancerede rustfrit st\u00e5l- og speciallegeringsprodukter valgte en frisk og praktisk specialdesignet bordkalender \u2013 et uundv\u00e6rligt v\u00e6rkt\u00f8j p\u00e5 arbejdspladsen.\" \/>\n<meta property=\"og:url\" content=\"https:\/\/leatai.com\/da\/product\/forskellige-oem-proever\/oem-kalender\/alleima\/\" \/>\n<meta property=\"og:site_name\" content=\"Leatai \u2013 Producent af tilpassede notesb\u00f8ger\" \/>\n<meta property=\"article:modified_time\" content=\"2025-07-31T02:40:00+00:00\" \/>\n<meta property=\"og:image\" content=\"https:\/\/leatai.com\/wp-content\/uploads\/DSC_3022.jpg\" \/>\n\t<meta property=\"og:image:width\" content=\"1000\" \/>\n\t<meta property=\"og:image:height\" content=\"750\" \/>\n\t<meta property=\"og:image:type\" content=\"image\/jpeg\" \/>\n<meta name=\"twitter:card\" content=\"summary_large_image\" \/>\n<meta name=\"twitter:label1\" content=\"Estimeret l\u00e6setid\" \/>\n\t<meta name=\"twitter:data1\" content=\"1 minut\" \/>\n<script type=\"application\/ld+json\" class=\"yoast-schema-graph\">{\"@context\":\"https:\/\/schema.org\",\"@graph\":[{\"@type\":\"WebPage\",\"@id\":\"https:\/\/leatai.com\/da\/product\/forskellige-oem-proever\/oem-kalender\/alleima\/\",\"url\":\"https:\/\/leatai.com\/da\/product\/forskellige-oem-proever\/oem-kalender\/alleima\/\",\"name\":\"Alleima - Leatai \u2013 Producent af tilpassede notesb\u00f8ger\",\"isPartOf\":{\"@id\":\"https:\/\/leatai.com\/da\/#website\"},\"primaryImageOfPage\":{\"@id\":\"https:\/\/leatai.com\/da\/product\/forskellige-oem-proever\/oem-kalender\/alleima\/#primaryimage\"},\"image\":{\"@id\":\"https:\/\/leatai.com\/da\/product\/forskellige-oem-proever\/oem-kalender\/alleima\/#primaryimage\"},\"thumbnailUrl\":\"https:\/\/leatai.com\/wp-content\/uploads\/DSC_3022.jpg\",\"datePublished\":\"2025-04-23T05:57:33+00:00\",\"dateModified\":\"2025-07-31T02:40:00+00:00\",\"description\":\"Kundens navn: HeruiMai Eksempelst\u00f8rrelse: 25K Eksempeltype: Trekantet bordkalender Logo-effekt: Farvetryk \/ Guldpr\u00e6gning i specialfarve p\u00e5 bundpladen Fremh\u00e6vet punkt: En professionel producent af avancerede rustfrit st\u00e5l- og speciallegeringsprodukter valgte en frisk og praktisk specialdesignet bordkalender \u2013 et uundv\u00e6rligt v\u00e6rkt\u00f8j p\u00e5 arbejdspladsen.\",\"breadcrumb\":{\"@id\":\"https:\/\/leatai.com\/da\/product\/forskellige-oem-proever\/oem-kalender\/alleima\/#breadcrumb\"},\"inLanguage\":\"da-DK\",\"potentialAction\":[{\"@type\":\"ReadAction\",\"target\":[\"https:\/\/leatai.com\/da\/product\/forskellige-oem-proever\/oem-kalender\/alleima\/\"]}]},{\"@type\":\"ImageObject\",\"inLanguage\":\"da-DK\",\"@id\":\"https:\/\/leatai.com\/da\/product\/forskellige-oem-proever\/oem-kalender\/alleima\/#primaryimage\",\"url\":\"https:\/\/leatai.com\/wp-content\/uploads\/DSC_3022.jpg\",\"contentUrl\":\"https:\/\/leatai.com\/wp-content\/uploads\/DSC_3022.jpg\",\"width\":1000,\"height\":750,\"caption\":\"Specialdesignet bordkalender\"},{\"@type\":\"BreadcrumbList\",\"@id\":\"https:\/\/leatai.com\/da\/product\/forskellige-oem-proever\/oem-kalender\/alleima\/#breadcrumb\",\"itemListElement\":[{\"@type\":\"ListItem\",\"position\":1,\"name\":\"Home\",\"item\":\"https:\/\/leatai.com\/da\/\"},{\"@type\":\"ListItem\",\"position\":2,\"name\":\"Produktintroduktion\",\"item\":\"https:\/\/leatai.com\/products\/\"},{\"@type\":\"ListItem\",\"position\":3,\"name\":\"Forskellige OEM-pr\u00f8ver\",\"item\":\"https:\/\/leatai.com\/da\/vare-kategori\/forskellige-oem-proever\/\"},{\"@type\":\"ListItem\",\"position\":4,\"name\":\"OEM-kalender\",\"item\":\"https:\/\/leatai.com\/da\/vare-kategori\/forskellige-oem-proever\/oem-kalender\/\"},{\"@type\":\"ListItem\",\"position\":5,\"name\":\"Alleima\"}]},{\"@type\":\"WebSite\",\"@id\":\"https:\/\/leatai.com\/da\/#website\",\"url\":\"https:\/\/leatai.com\/da\/\",\"name\":\"Leatai \u2013 Producent af tilpassede notesb\u00f8ger\",\"description\":\"Leatai tilbyder tilpassede notesb\u00f8ger og planl\u00e6ggere til globale brands og distribut\u00f8rer.\",\"publisher\":{\"@id\":\"https:\/\/leatai.com\/da\/#organization\"},\"potentialAction\":[{\"@type\":\"SearchAction\",\"target\":{\"@type\":\"EntryPoint\",\"urlTemplate\":\"https:\/\/leatai.com\/da\/?s={search_term_string}\"},\"query-input\":{\"@type\":\"PropertyValueSpecification\",\"valueRequired\":true,\"valueName\":\"search_term_string\"}}],\"inLanguage\":\"da-DK\"},{\"@type\":\"Organization\",\"@id\":\"https:\/\/leatai.com\/da\/#organization\",\"name\":\"Leatai Diary, customized journal and business organizer\",\"url\":\"https:\/\/leatai.com\/da\/\",\"logo\":{\"@type\":\"ImageObject\",\"inLanguage\":\"da-DK\",\"@id\":\"https:\/\/leatai.com\/da\/#\/schema\/logo\/image\/\",\"url\":\"https:\/\/leatai.com\/wp-content\/uploads\/logo-blue.png\",\"contentUrl\":\"https:\/\/leatai.com\/wp-content\/uploads\/logo-blue.png\",\"width\":230,\"height\":60,\"caption\":\"Leatai Diary, customized journal and business organizer\"},\"image\":{\"@id\":\"https:\/\/leatai.com\/da\/#\/schema\/logo\/image\/\"}}]}<\/script>\n<!-- \/ Yoast SEO plugin. -->","yoast_head_json":{"title":"Alleima - Leatai \u2013 Producent af tilpassede notesb\u00f8ger","description":"Kundens navn: HeruiMai Eksempelst\u00f8rrelse: 25K Eksempeltype: Trekantet bordkalender Logo-effekt: Farvetryk \/ Guldpr\u00e6gning i specialfarve p\u00e5 bundpladen Fremh\u00e6vet punkt: En professionel producent af avancerede rustfrit st\u00e5l- og speciallegeringsprodukter valgte en frisk og praktisk specialdesignet bordkalender \u2013 et uundv\u00e6rligt v\u00e6rkt\u00f8j p\u00e5 arbejdspladsen.","robots":{"index":"index","follow":"follow","max-snippet":"max-snippet:-1","max-image-preview":"max-image-preview:large","max-video-preview":"max-video-preview:-1"},"canonical":"https:\/\/leatai.com\/da\/product\/forskellige-oem-proever\/oem-kalender\/alleima\/","og_locale":"da_DK","og_type":"article","og_title":"Alleima - Leatai \u2013 Producent af tilpassede notesb\u00f8ger","og_description":"Kundens navn: HeruiMai Eksempelst\u00f8rrelse: 25K Eksempeltype: Trekantet bordkalender Logo-effekt: Farvetryk \/ Guldpr\u00e6gning i specialfarve p\u00e5 bundpladen Fremh\u00e6vet punkt: En professionel producent af avancerede rustfrit st\u00e5l- og speciallegeringsprodukter valgte en frisk og praktisk specialdesignet bordkalender \u2013 et uundv\u00e6rligt v\u00e6rkt\u00f8j p\u00e5 arbejdspladsen.","og_url":"https:\/\/leatai.com\/da\/product\/forskellige-oem-proever\/oem-kalender\/alleima\/","og_site_name":"Leatai \u2013 Producent af tilpassede notesb\u00f8ger","article_modified_time":"2025-07-31T02:40:00+00:00","og_image":[{"width":1000,"height":750,"url":"https:\/\/leatai.com\/wp-content\/uploads\/DSC_3022.jpg","type":"image\/jpeg"}],"twitter_card":"summary_large_image","twitter_misc":{"Estimeret l\u00e6setid":"1 minut"},"schema":{"@context":"https:\/\/schema.org","@graph":[{"@type":"WebPage","@id":"https:\/\/leatai.com\/da\/product\/forskellige-oem-proever\/oem-kalender\/alleima\/","url":"https:\/\/leatai.com\/da\/product\/forskellige-oem-proever\/oem-kalender\/alleima\/","name":"Alleima - Leatai \u2013 Producent af tilpassede notesb\u00f8ger","isPartOf":{"@id":"https:\/\/leatai.com\/da\/#website"},"primaryImageOfPage":{"@id":"https:\/\/leatai.com\/da\/product\/forskellige-oem-proever\/oem-kalender\/alleima\/#primaryimage"},"image":{"@id":"https:\/\/leatai.com\/da\/product\/forskellige-oem-proever\/oem-kalender\/alleima\/#primaryimage"},"thumbnailUrl":"https:\/\/leatai.com\/wp-content\/uploads\/DSC_3022.jpg","datePublished":"2025-04-23T05:57:33+00:00","dateModified":"2025-07-31T02:40:00+00:00","description":"Kundens navn: HeruiMai Eksempelst\u00f8rrelse: 25K Eksempeltype: Trekantet bordkalender Logo-effekt: Farvetryk \/ Guldpr\u00e6gning i specialfarve p\u00e5 bundpladen Fremh\u00e6vet punkt: En professionel producent af avancerede rustfrit st\u00e5l- og speciallegeringsprodukter valgte en frisk og praktisk specialdesignet bordkalender \u2013 et uundv\u00e6rligt v\u00e6rkt\u00f8j p\u00e5 arbejdspladsen.","breadcrumb":{"@id":"https:\/\/leatai.com\/da\/product\/forskellige-oem-proever\/oem-kalender\/alleima\/#breadcrumb"},"inLanguage":"da-DK","potentialAction":[{"@type":"ReadAction","target":["https:\/\/leatai.com\/da\/product\/forskellige-oem-proever\/oem-kalender\/alleima\/"]}]},{"@type":"ImageObject","inLanguage":"da-DK","@id":"https:\/\/leatai.com\/da\/product\/forskellige-oem-proever\/oem-kalender\/alleima\/#primaryimage","url":"https:\/\/leatai.com\/wp-content\/uploads\/DSC_3022.jpg","contentUrl":"https:\/\/leatai.com\/wp-content\/uploads\/DSC_3022.jpg","width":1000,"height":750,"caption":"Specialdesignet bordkalender"},{"@type":"BreadcrumbList","@id":"https:\/\/leatai.com\/da\/product\/forskellige-oem-proever\/oem-kalender\/alleima\/#breadcrumb","itemListElement":[{"@type":"ListItem","position":1,"name":"Home","item":"https:\/\/leatai.com\/da\/"},{"@type":"ListItem","position":2,"name":"Produktintroduktion","item":"https:\/\/leatai.com\/products\/"},{"@type":"ListItem","position":3,"name":"Forskellige OEM-pr\u00f8ver","item":"https:\/\/leatai.com\/da\/vare-kategori\/forskellige-oem-proever\/"},{"@type":"ListItem","position":4,"name":"OEM-kalender","item":"https:\/\/leatai.com\/da\/vare-kategori\/forskellige-oem-proever\/oem-kalender\/"},{"@type":"ListItem","position":5,"name":"Alleima"}]},{"@type":"WebSite","@id":"https:\/\/leatai.com\/da\/#website","url":"https:\/\/leatai.com\/da\/","name":"Leatai \u2013 Producent af tilpassede notesb\u00f8ger","description":"Leatai tilbyder tilpassede notesb\u00f8ger og planl\u00e6ggere til globale brands og distribut\u00f8rer.","publisher":{"@id":"https:\/\/leatai.com\/da\/#organization"},"potentialAction":[{"@type":"SearchAction","target":{"@type":"EntryPoint","urlTemplate":"https:\/\/leatai.com\/da\/?s={search_term_string}"},"query-input":{"@type":"PropertyValueSpecification","valueRequired":true,"valueName":"search_term_string"}}],"inLanguage":"da-DK"},{"@type":"Organization","@id":"https:\/\/leatai.com\/da\/#organization","name":"Leatai Diary, customized journal and business organizer","url":"https:\/\/leatai.com\/da\/","logo":{"@type":"ImageObject","inLanguage":"da-DK","@id":"https:\/\/leatai.com\/da\/#\/schema\/logo\/image\/","url":"https:\/\/leatai.com\/wp-content\/uploads\/logo-blue.png","contentUrl":"https:\/\/leatai.com\/wp-content\/uploads\/logo-blue.png","width":230,"height":60,"caption":"Leatai Diary, customized journal and business organizer"},"image":{"@id":"https:\/\/leatai.com\/da\/#\/schema\/logo\/image\/"}}]}},"_links":{"self":[{"href":"https:\/\/leatai.com\/da\/wp-json\/wp\/v2\/product\/223525","targetHints":{"allow":["GET"]}}],"collection":[{"href":"https:\/\/leatai.com\/da\/wp-json\/wp\/v2\/product"}],"about":[{"href":"https:\/\/leatai.com\/da\/wp-json\/wp\/v2\/types\/product"}],"wp:featuredmedia":[{"embeddable":true,"href":"https:\/\/leatai.com\/da\/wp-json\/wp\/v2\/media\/187951"}],"wp:attachment":[{"href":"https:\/\/leatai.com\/da\/wp-json\/wp\/v2\/media?parent=223525"}],"wp:term":[{"taxonomy":"product_brand","embeddable":true,"href":"https:\/\/leatai.com\/da\/wp-json\/wp\/v2\/product_brand?post=223525"},{"taxonomy":"product_cat","embeddable":true,"href":"https:\/\/leatai.com\/da\/wp-json\/wp\/v2\/product_cat?post=223525"},{"taxonomy":"product_tag","embeddable":true,"href":"https:\/\/leatai.com\/da\/wp-json\/wp\/v2\/product_tag?post=223525"},{"taxonomy":"home_works","embeddable":true,"href":"https:\/\/leatai.com\/da\/wp-json\/wp\/v2\/home_works?post=223525"}],"curies":[{"name":"wp","href":"https:\/\/api.w.org\/{rel}","templated":true}]}}