{"id":221756,"date":"2025-07-10T16:31:12","date_gmt":"2025-07-10T08:31:12","guid":{"rendered":"https:\/\/leatai.com\/product\/Ikke%20kategoriseret\/ldo-035\/"},"modified":"2025-07-16T16:18:50","modified_gmt":"2025-07-16T08:18:50","slug":"ldo-035","status":"publish","type":"product","link":"https:\/\/leatai.com\/da\/product\/tilpasset-notesbog\/aftagelig-notesbog\/ldo-035\/","title":{"rendered":"LDO-035"},"content":{"rendered":"<p>Produktmodel: LDO-035<br \/>\nOmslagsmateriale: Syntetisk l\u00e6der<br \/>\nFarver: Bl\u00e5 \/ Brun<br \/>\nFormat: 25K (20-ring \/ 6-ring) \/ 48K (18-ring \/ 6-ring)<a href=\"https:\/\/leatai.com\/da\/faq\/hvad-er-8k-16k-og-25k-planlaegningsstoerrelser-hvor-store-er-de\/\" target=\"_blank\" rel=\"noopener\">(almindelige st\u00f8rrelser)<\/a><br \/>\nIndhold:\u00a0Standardudgave<a href=\"https:\/\/leatai.com\/da\/vare-kategori\/indersideformat\/\" target=\"_blank\" rel=\"noopener\">(valg af indvendigt layout)<\/a><br \/>\nEmballage: OPP-pose (valgfrit)<br \/>\nLOGO-for\u00e6dling: Hot stamping i guld eller s\u00f8lv, pr\u00e6getryk<\/p>\n<p>Produktbeskrivelse:<br \/>\nLeatai model LDO-035 har et design, der minder om en fugl i flugt, kombineret med stor opbevaringskapacitet. Den karakteristiske form giver indtrykket af at brede vingerne ud og l\u00f8fte sig \u2013 et symbol p\u00e5 frihed og ambition. Selv uden at bruge opbevaringsfunktionen skiller design og farvekombination sig markant ud og tilf\u00f8jer et unikt visuelt udtryk.<\/p>\n<p>\ud83d\udcd6\u00a0Standard erhvervskalendere:\u00a0<a href=\"https:\/\/leatai.com\/da\/vare-kategori\/tilpasset-notesbog\/\" target=\"_blank\" rel=\"noopener\">Alle serier og indersider<\/a>\u00a0<a href=\"https:\/\/leatai.com\/da\/vare-kategori\/indersideformat\/\" target=\"_blank\" rel=\"noopener\">af erhvervskalendere<\/a><br \/>\n\ud83d\udcd6\u00a0Flere anbefalinger om tilpassede notesb\u00f8ger\/tilpassede erhvervskalendere:<br \/>\n<a href=\"https:\/\/leatai.com\/da\/vare-kategori\/forskellige-oem-proever\/oem-hardcover-notebook\/\" target=\"_blank\" rel=\"noopener\">OEM-hardcover<\/a><br \/>\n<a href=\"https:\/\/leatai.com\/da\/vare-kategori\/forskellige-oem-proever\/oem-loesblade-notesbog\/\" target=\"_blank\" rel=\"noopener\">OEM-l\u00f8sblade<\/a><br \/>\n<a href=\"https:\/\/leatai.com\/da\/vare-kategori\/forskellige-oem-proever\/oem-aftagelig-notesbog\/\" target=\"_blank\" rel=\"noopener\">OEM-udtr\u00e6kkelige l\u00f8sblade<\/a><br \/>\n<a href=\"https:\/\/leatai.com\/da\/vare-kategori\/forskellige-oem-proever\/oem-paperback-notesbog\/\" target=\"_blank\" rel=\"noopener\">OEM-softcover<\/a><br \/>\n<a href=\"https:\/\/leatai.com\/da\/vare-kategori\/forskellige-oem-proever\/oem-spiralnotesbog\/\" target=\"_blank\" rel=\"noopener\">OEM-spiralb\u00f8ger<\/a><br \/>\n<a href=\"https:\/\/leatai.com\/da\/vare-kategori\/forskellige-oem-proever\/oem-kalender\/\" target=\"_blank\" rel=\"noopener\">OEM-tilpassede riv-af-kalendere \/ tilpasset bordkalendertryk<\/a><br \/>\n<a href=\"https:\/\/leatai.com\/da\/vare-kategori\/forskellige-oem-proever\/oem-andre\/\" target=\"_blank\" rel=\"noopener\">OEM-andet<\/a><\/p>\n<p>For en komplet st\u00f8rrelsesforklaring, se venligst: Papirst\u00f8rrelsesguide:\u00a0<a href=\"https:\/\/leatai.com\/da\/notatbogsviden\/papirstoerrelsesguide-forstaa-almindelige-stoerrelser-som-b3-a4-b5-8k-16k-og-mere-en-omfattende-stoerrelsestabel-til-nem-reference\/\" target=\"_blank\" rel=\"noopener\">B3, A4, B5, 8K, 16K og andre almindelige st\u00f8rrelser. Sammenligningstabel for papirst\u00f8rrelser, som g\u00f8r det nemt at forst\u00e5!<\/a><\/p>\n<p><iframe title=\"How to DIY a removable notebook\" width=\"800\" height=\"450\" src=\"https:\/\/www.youtube.com\/embed\/OsLvh1PRzxo?feature=oembed&#038;enablejsapi=1&#038;origin=https:\/\/leatai.com\" frameborder=\"0\" allow=\"accelerometer; autoplay; clipboard-write; encrypted-media; gyroscope; picture-in-picture; web-share\" referrerpolicy=\"strict-origin-when-cross-origin\" allowfullscreen><\/iframe><\/p>\n<p>&nbsp;<\/p>\n","protected":false},"excerpt":{"rendered":"<p>Produktmodel: LDO-035 Omslagsmateriale: Syntetisk l\u00e6der Farver: Bl\u00e5 \/ Brun Format: 25K (20-ring \/ 6-ring) \/ 48K (18-ring \/ 6-ring)(almindelige st\u00f8rrelser) Indhold:\u00a0Standardudgave(valg af indvendigt layout) Emballage: OPP-pose (valgfrit) LOGO-for\u00e6dling: Hot stamping i guld eller s\u00f8lv, pr\u00e6getryk Produktbeskrivelse: Leatai model LDO-035 har et design, der minder om en fugl i flugt, kombineret med stor opbevaringskapacitet. Den karakteristiske [&hellip;]<\/p>\n","protected":false},"featured_media":215342,"template":"","meta":{"_acf_changed":false},"product_brand":[],"product_cat":[777],"product_tag":[1582],"home_works":[],"class_list":{"0":"post-221756","1":"product","2":"type-product","3":"status-publish","4":"has-post-thumbnail","6":"product_cat-aftagelig-notesbog","7":"product_tag-2026new-da","9":"first","10":"outofstock","11":"sold-individually","12":"shipping-taxable","13":"purchasable","14":"product-type-variable","15":"has-default-attributes"},"acf":[],"yoast_head":"<!-- This site is optimized with the Yoast SEO plugin v27.2 - https:\/\/yoast.com\/product\/yoast-seo-wordpress\/ -->\n<title>LDO-035 - Leatai \u2013 Producent af tilpassede notesb\u00f8ger<\/title>\n<meta name=\"description\" content=\"Produktbeskrivelse: Leatai model LDO-035 har et design, der minder om en fugl i flugt, kombineret med stor opbevaringskapacitet. Den karakteristiske form giver indtrykket af at brede vingerne ud og l\u00f8fte sig \u2013 et symbol p\u00e5 frihed og ambition. Selv uden at bruge opbevaringsfunktionen skiller design og farvekombination sig markant ud og tilf\u00f8jer et unikt visuelt udtryk.\" \/>\n<meta name=\"robots\" content=\"index, follow, max-snippet:-1, max-image-preview:large, max-video-preview:-1\" \/>\n<link rel=\"canonical\" href=\"https:\/\/leatai.com\/da\/product\/tilpasset-notesbog\/aftagelig-notesbog\/ldo-035\/\" \/>\n<meta property=\"og:locale\" content=\"da_DK\" \/>\n<meta property=\"og:type\" content=\"article\" \/>\n<meta property=\"og:title\" content=\"LDO-035 - Leatai \u2013 Producent af tilpassede notesb\u00f8ger\" \/>\n<meta property=\"og:description\" content=\"Produktbeskrivelse: Leatai model LDO-035 har et design, der minder om en fugl i flugt, kombineret med stor opbevaringskapacitet. Den karakteristiske form giver indtrykket af at brede vingerne ud og l\u00f8fte sig \u2013 et symbol p\u00e5 frihed og ambition. Selv uden at bruge opbevaringsfunktionen skiller design og farvekombination sig markant ud og tilf\u00f8jer et unikt visuelt udtryk.\" \/>\n<meta property=\"og:url\" content=\"https:\/\/leatai.com\/da\/product\/tilpasset-notesbog\/aftagelig-notesbog\/ldo-035\/\" \/>\n<meta property=\"og:site_name\" content=\"Leatai \u2013 Producent af tilpassede notesb\u00f8ger\" \/>\n<meta property=\"article:modified_time\" content=\"2025-07-16T08:18:50+00:00\" \/>\n<meta property=\"og:image\" content=\"https:\/\/leatai.com\/wp-content\/uploads\/DSC_3216-2.jpg\" \/>\n\t<meta property=\"og:image:width\" content=\"1000\" \/>\n\t<meta property=\"og:image:height\" content=\"750\" \/>\n\t<meta property=\"og:image:type\" content=\"image\/jpeg\" \/>\n<meta name=\"twitter:card\" content=\"summary_large_image\" \/>\n<meta name=\"twitter:label1\" content=\"Estimeret l\u00e6setid\" \/>\n\t<meta name=\"twitter:data1\" content=\"2 minutter\" \/>\n<script type=\"application\/ld+json\" class=\"yoast-schema-graph\">{\"@context\":\"https:\/\/schema.org\",\"@graph\":[{\"@type\":\"WebPage\",\"@id\":\"https:\/\/leatai.com\/da\/product\/tilpasset-notesbog\/aftagelig-notesbog\/ldo-035\/\",\"url\":\"https:\/\/leatai.com\/da\/product\/tilpasset-notesbog\/aftagelig-notesbog\/ldo-035\/\",\"name\":\"LDO-035 - Leatai \u2013 Producent af tilpassede notesb\u00f8ger\",\"isPartOf\":{\"@id\":\"https:\/\/leatai.com\/da\/#website\"},\"primaryImageOfPage\":{\"@id\":\"https:\/\/leatai.com\/da\/product\/tilpasset-notesbog\/aftagelig-notesbog\/ldo-035\/#primaryimage\"},\"image\":{\"@id\":\"https:\/\/leatai.com\/da\/product\/tilpasset-notesbog\/aftagelig-notesbog\/ldo-035\/#primaryimage\"},\"thumbnailUrl\":\"https:\/\/leatai.com\/wp-content\/uploads\/DSC_3216-2.jpg\",\"datePublished\":\"2025-07-10T08:31:12+00:00\",\"dateModified\":\"2025-07-16T08:18:50+00:00\",\"description\":\"Produktbeskrivelse: Leatai model LDO-035 har et design, der minder om en fugl i flugt, kombineret med stor opbevaringskapacitet. Den karakteristiske form giver indtrykket af at brede vingerne ud og l\u00f8fte sig \u2013 et symbol p\u00e5 frihed og ambition. Selv uden at bruge opbevaringsfunktionen skiller design og farvekombination sig markant ud og tilf\u00f8jer et unikt visuelt udtryk.\",\"breadcrumb\":{\"@id\":\"https:\/\/leatai.com\/da\/product\/tilpasset-notesbog\/aftagelig-notesbog\/ldo-035\/#breadcrumb\"},\"inLanguage\":\"da-DK\",\"potentialAction\":[{\"@type\":\"ReadAction\",\"target\":[\"https:\/\/leatai.com\/da\/product\/tilpasset-notesbog\/aftagelig-notesbog\/ldo-035\/\"]}]},{\"@type\":\"ImageObject\",\"inLanguage\":\"da-DK\",\"@id\":\"https:\/\/leatai.com\/da\/product\/tilpasset-notesbog\/aftagelig-notesbog\/ldo-035\/#primaryimage\",\"url\":\"https:\/\/leatai.com\/wp-content\/uploads\/DSC_3216-2.jpg\",\"contentUrl\":\"https:\/\/leatai.com\/wp-content\/uploads\/DSC_3216-2.jpg\",\"width\":1000,\"height\":750,\"caption\":\"Udtr\u00e6kkelig l\u00f8sblads forretningsdagbog\"},{\"@type\":\"BreadcrumbList\",\"@id\":\"https:\/\/leatai.com\/da\/product\/tilpasset-notesbog\/aftagelig-notesbog\/ldo-035\/#breadcrumb\",\"itemListElement\":[{\"@type\":\"ListItem\",\"position\":1,\"name\":\"Home\",\"item\":\"https:\/\/leatai.com\/da\/\"},{\"@type\":\"ListItem\",\"position\":2,\"name\":\"Produktintroduktion\",\"item\":\"https:\/\/leatai.com\/products\/\"},{\"@type\":\"ListItem\",\"position\":3,\"name\":\"Tilpasset notesbog\",\"item\":\"https:\/\/leatai.com\/da\/vare-kategori\/tilpasset-notesbog\/\"},{\"@type\":\"ListItem\",\"position\":4,\"name\":\"Aftagelig notesbog\",\"item\":\"https:\/\/leatai.com\/da\/vare-kategori\/tilpasset-notesbog\/aftagelig-notesbog\/\"},{\"@type\":\"ListItem\",\"position\":5,\"name\":\"LDO-035\"}]},{\"@type\":\"WebSite\",\"@id\":\"https:\/\/leatai.com\/da\/#website\",\"url\":\"https:\/\/leatai.com\/da\/\",\"name\":\"Leatai \u2013 Producent af tilpassede notesb\u00f8ger\",\"description\":\"Leatai tilbyder tilpassede notesb\u00f8ger og planl\u00e6ggere til globale brands og distribut\u00f8rer.\",\"publisher\":{\"@id\":\"https:\/\/leatai.com\/da\/#organization\"},\"potentialAction\":[{\"@type\":\"SearchAction\",\"target\":{\"@type\":\"EntryPoint\",\"urlTemplate\":\"https:\/\/leatai.com\/da\/?s={search_term_string}\"},\"query-input\":{\"@type\":\"PropertyValueSpecification\",\"valueRequired\":true,\"valueName\":\"search_term_string\"}}],\"inLanguage\":\"da-DK\"},{\"@type\":\"Organization\",\"@id\":\"https:\/\/leatai.com\/da\/#organization\",\"name\":\"Leatai Diary, customized journal and business organizer\",\"url\":\"https:\/\/leatai.com\/da\/\",\"logo\":{\"@type\":\"ImageObject\",\"inLanguage\":\"da-DK\",\"@id\":\"https:\/\/leatai.com\/da\/#\/schema\/logo\/image\/\",\"url\":\"https:\/\/leatai.com\/wp-content\/uploads\/logo-blue.png\",\"contentUrl\":\"https:\/\/leatai.com\/wp-content\/uploads\/logo-blue.png\",\"width\":230,\"height\":60,\"caption\":\"Leatai Diary, customized journal and business organizer\"},\"image\":{\"@id\":\"https:\/\/leatai.com\/da\/#\/schema\/logo\/image\/\"}}]}<\/script>\n<!-- \/ Yoast SEO plugin. -->","yoast_head_json":{"title":"LDO-035 - Leatai \u2013 Producent af tilpassede notesb\u00f8ger","description":"Produktbeskrivelse: Leatai model LDO-035 har et design, der minder om en fugl i flugt, kombineret med stor opbevaringskapacitet. Den karakteristiske form giver indtrykket af at brede vingerne ud og l\u00f8fte sig \u2013 et symbol p\u00e5 frihed og ambition. Selv uden at bruge opbevaringsfunktionen skiller design og farvekombination sig markant ud og tilf\u00f8jer et unikt visuelt udtryk.","robots":{"index":"index","follow":"follow","max-snippet":"max-snippet:-1","max-image-preview":"max-image-preview:large","max-video-preview":"max-video-preview:-1"},"canonical":"https:\/\/leatai.com\/da\/product\/tilpasset-notesbog\/aftagelig-notesbog\/ldo-035\/","og_locale":"da_DK","og_type":"article","og_title":"LDO-035 - Leatai \u2013 Producent af tilpassede notesb\u00f8ger","og_description":"Produktbeskrivelse: Leatai model LDO-035 har et design, der minder om en fugl i flugt, kombineret med stor opbevaringskapacitet. Den karakteristiske form giver indtrykket af at brede vingerne ud og l\u00f8fte sig \u2013 et symbol p\u00e5 frihed og ambition. Selv uden at bruge opbevaringsfunktionen skiller design og farvekombination sig markant ud og tilf\u00f8jer et unikt visuelt udtryk.","og_url":"https:\/\/leatai.com\/da\/product\/tilpasset-notesbog\/aftagelig-notesbog\/ldo-035\/","og_site_name":"Leatai \u2013 Producent af tilpassede notesb\u00f8ger","article_modified_time":"2025-07-16T08:18:50+00:00","og_image":[{"width":1000,"height":750,"url":"https:\/\/leatai.com\/wp-content\/uploads\/DSC_3216-2.jpg","type":"image\/jpeg"}],"twitter_card":"summary_large_image","twitter_misc":{"Estimeret l\u00e6setid":"2 minutter"},"schema":{"@context":"https:\/\/schema.org","@graph":[{"@type":"WebPage","@id":"https:\/\/leatai.com\/da\/product\/tilpasset-notesbog\/aftagelig-notesbog\/ldo-035\/","url":"https:\/\/leatai.com\/da\/product\/tilpasset-notesbog\/aftagelig-notesbog\/ldo-035\/","name":"LDO-035 - Leatai \u2013 Producent af tilpassede notesb\u00f8ger","isPartOf":{"@id":"https:\/\/leatai.com\/da\/#website"},"primaryImageOfPage":{"@id":"https:\/\/leatai.com\/da\/product\/tilpasset-notesbog\/aftagelig-notesbog\/ldo-035\/#primaryimage"},"image":{"@id":"https:\/\/leatai.com\/da\/product\/tilpasset-notesbog\/aftagelig-notesbog\/ldo-035\/#primaryimage"},"thumbnailUrl":"https:\/\/leatai.com\/wp-content\/uploads\/DSC_3216-2.jpg","datePublished":"2025-07-10T08:31:12+00:00","dateModified":"2025-07-16T08:18:50+00:00","description":"Produktbeskrivelse: Leatai model LDO-035 har et design, der minder om en fugl i flugt, kombineret med stor opbevaringskapacitet. Den karakteristiske form giver indtrykket af at brede vingerne ud og l\u00f8fte sig \u2013 et symbol p\u00e5 frihed og ambition. Selv uden at bruge opbevaringsfunktionen skiller design og farvekombination sig markant ud og tilf\u00f8jer et unikt visuelt udtryk.","breadcrumb":{"@id":"https:\/\/leatai.com\/da\/product\/tilpasset-notesbog\/aftagelig-notesbog\/ldo-035\/#breadcrumb"},"inLanguage":"da-DK","potentialAction":[{"@type":"ReadAction","target":["https:\/\/leatai.com\/da\/product\/tilpasset-notesbog\/aftagelig-notesbog\/ldo-035\/"]}]},{"@type":"ImageObject","inLanguage":"da-DK","@id":"https:\/\/leatai.com\/da\/product\/tilpasset-notesbog\/aftagelig-notesbog\/ldo-035\/#primaryimage","url":"https:\/\/leatai.com\/wp-content\/uploads\/DSC_3216-2.jpg","contentUrl":"https:\/\/leatai.com\/wp-content\/uploads\/DSC_3216-2.jpg","width":1000,"height":750,"caption":"Udtr\u00e6kkelig l\u00f8sblads forretningsdagbog"},{"@type":"BreadcrumbList","@id":"https:\/\/leatai.com\/da\/product\/tilpasset-notesbog\/aftagelig-notesbog\/ldo-035\/#breadcrumb","itemListElement":[{"@type":"ListItem","position":1,"name":"Home","item":"https:\/\/leatai.com\/da\/"},{"@type":"ListItem","position":2,"name":"Produktintroduktion","item":"https:\/\/leatai.com\/products\/"},{"@type":"ListItem","position":3,"name":"Tilpasset notesbog","item":"https:\/\/leatai.com\/da\/vare-kategori\/tilpasset-notesbog\/"},{"@type":"ListItem","position":4,"name":"Aftagelig notesbog","item":"https:\/\/leatai.com\/da\/vare-kategori\/tilpasset-notesbog\/aftagelig-notesbog\/"},{"@type":"ListItem","position":5,"name":"LDO-035"}]},{"@type":"WebSite","@id":"https:\/\/leatai.com\/da\/#website","url":"https:\/\/leatai.com\/da\/","name":"Leatai \u2013 Producent af tilpassede notesb\u00f8ger","description":"Leatai tilbyder tilpassede notesb\u00f8ger og planl\u00e6ggere til globale brands og distribut\u00f8rer.","publisher":{"@id":"https:\/\/leatai.com\/da\/#organization"},"potentialAction":[{"@type":"SearchAction","target":{"@type":"EntryPoint","urlTemplate":"https:\/\/leatai.com\/da\/?s={search_term_string}"},"query-input":{"@type":"PropertyValueSpecification","valueRequired":true,"valueName":"search_term_string"}}],"inLanguage":"da-DK"},{"@type":"Organization","@id":"https:\/\/leatai.com\/da\/#organization","name":"Leatai Diary, customized journal and business organizer","url":"https:\/\/leatai.com\/da\/","logo":{"@type":"ImageObject","inLanguage":"da-DK","@id":"https:\/\/leatai.com\/da\/#\/schema\/logo\/image\/","url":"https:\/\/leatai.com\/wp-content\/uploads\/logo-blue.png","contentUrl":"https:\/\/leatai.com\/wp-content\/uploads\/logo-blue.png","width":230,"height":60,"caption":"Leatai Diary, customized journal and business organizer"},"image":{"@id":"https:\/\/leatai.com\/da\/#\/schema\/logo\/image\/"}}]}},"_links":{"self":[{"href":"https:\/\/leatai.com\/da\/wp-json\/wp\/v2\/product\/221756","targetHints":{"allow":["GET"]}}],"collection":[{"href":"https:\/\/leatai.com\/da\/wp-json\/wp\/v2\/product"}],"about":[{"href":"https:\/\/leatai.com\/da\/wp-json\/wp\/v2\/types\/product"}],"wp:featuredmedia":[{"embeddable":true,"href":"https:\/\/leatai.com\/da\/wp-json\/wp\/v2\/media\/215342"}],"wp:attachment":[{"href":"https:\/\/leatai.com\/da\/wp-json\/wp\/v2\/media?parent=221756"}],"wp:term":[{"taxonomy":"product_brand","embeddable":true,"href":"https:\/\/leatai.com\/da\/wp-json\/wp\/v2\/product_brand?post=221756"},{"taxonomy":"product_cat","embeddable":true,"href":"https:\/\/leatai.com\/da\/wp-json\/wp\/v2\/product_cat?post=221756"},{"taxonomy":"product_tag","embeddable":true,"href":"https:\/\/leatai.com\/da\/wp-json\/wp\/v2\/product_tag?post=221756"},{"taxonomy":"home_works","embeddable":true,"href":"https:\/\/leatai.com\/da\/wp-json\/wp\/v2\/home_works?post=221756"}],"curies":[{"name":"wp","href":"https:\/\/api.w.org\/{rel}","templated":true}]}}