{"id":111528,"date":"2022-07-13T21:30:07","date_gmt":"2022-07-13T13:30:07","guid":{"rendered":"https:\/\/leatai.com\/product\/Ikke%20kategoriseret\/zespri-2\/"},"modified":"2025-02-06T09:30:47","modified_gmt":"2025-02-06T01:30:47","slug":"zespri-2","status":"publish","type":"product","link":"https:\/\/leatai.com\/da\/product\/forskellige-oem-proever\/oem-aftagelig-notesbog\/zespri-2\/","title":{"rendered":"Zespri"},"content":{"rendered":"<p><strong>Kundenavn:<\/strong> Zespri<br \/>\n<strong>Case-st\u00f8rrelse:<\/strong> 25K<br \/>\n<strong>Case-type:<\/strong> Aftagelig l\u00f8sbladsnotesbog<br \/>\n<strong>Case-logo-effekt:<\/strong> S\u00f8lvpr\u00e6gning<\/p>\n<p><strong>Fremh\u00e6vede egenskaber:<br \/>\n<\/strong>En farverig repr\u00e6sentation af energi og livsgl\u00e6de \u2013 altid dynamisk og fuld af vitalitet. Med denne livlige firmafarve viser specialdesignede notesb\u00f8ger, at de ogs\u00e5 kan fremstilles med raffineret elegance og kvalitet.<\/p>\n<p>&nbsp;<\/p>\n<p>\ud83d\udcd6 Alle tilpassede eksempler:<a href=\"https:\/\/leatai.com\/da\/vare-tag\/oem-da\/\" target=\"_blank\" rel=\"noopener\"> Tilpassede notesb\u00f8ger \/ Tilpassede erhvervskalendere<\/a><\/p>\n<div class=\"flex max-w-full flex-col flex-grow\">\n<div class=\"min-h-8 text-message flex w-full flex-col items-end gap-2 whitespace-normal break-words text-start [.text-message+&amp;]:mt-5\" dir=\"auto\" data-message-author-role=\"assistant\" data-message-id=\"823ffdc5-7797-4bf0-b5dc-d7aa43f47cdb\" data-message-model-slug=\"gpt-4o\">\n<div class=\"flex w-full flex-col gap-1 empty:hidden first:pt-[3px]\">\n<div class=\"markdown prose w-full break-words dark:prose-invert dark\">\n<p>\ud83d\udcd6 Standardprodukter for tilpassede notesb\u00f8ger \/ erhvervskalendere:<\/p>\n<ul>\n<li><a href=\"https:\/\/leatai.com\/da\/vare-kategori\/tilpasset-notesbog\/hardcover-notesbog\/\" target=\"_blank\" rel=\"noopener\">Hardcover-notesb\u00f8ger \/ Hardcover-erhvervskalendere<\/a><\/li>\n<li><a href=\"https:\/\/leatai.com\/da\/vare-kategori\/tilpasset-notesbog\/loesebladsnotesbog\/\" target=\"_blank\" rel=\"noopener\">L\u00f8sningsnotesb\u00f8ger \/ L\u00f8sningskalendere<\/a><\/li>\n<li><a href=\"https:\/\/leatai.com\/da\/vare-kategori\/tilpasset-notesbog\/aftagelig-notesbog\/\" target=\"_blank\" rel=\"noopener\">Udtr\u00e6kkelige l\u00f8sningsb\u00f8ger \/ Udtr\u00e6kkelige kalendere<\/a><\/li>\n<li><a href=\"https:\/\/leatai.com\/da\/vare-kategori\/tilpasset-notesbog\/paperback-notesbog\/\" target=\"_blank\" rel=\"noopener\">Softcover-notesb\u00f8ger \/ Softcover-erhvervskalendere<\/a><\/li>\n<li><a href=\"https:\/\/leatai.com\/da\/vare-kategori\/tilpasset-notesbog\/spiral-notesbog\/\" target=\"_blank\" rel=\"noopener\">Spiralnotesb\u00f8ger \/ Spiral-erhvervskalendere<\/a><\/li>\n<\/ul>\n<p><strong>\ud83d\udcd6<\/strong>For en komplet guide til specialtilpasning, se venligst:Skr\u00e6ddersyede gave- og reklametjenester \u2013 Skab unikke gaver og anbefalede gaveartikler.<\/p>\n<p>\ud83d\udcd6 For en komplet st\u00f8rrelsesforklaring, se venligst: <a href=\"https:\/\/leatai.com\/da\/produktintroduktion\/\" target=\"_blank\" rel=\"noopener\">Papirst\u00f8rrelsesguide: B3, A4, B5, 8K, 16K og andre almindelige st\u00f8rrelser. Sammenligningstabel for papirst\u00f8rrelser, som g\u00f8r det nemt at forst\u00e5!<\/a><\/p>\n<\/div>\n<\/div>\n<\/div>\n<\/div>\n","protected":false},"excerpt":{"rendered":"<p>Kundenavn: Zespri Case-st\u00f8rrelse: 25K Case-type: Aftagelig l\u00f8sbladsnotesbog Case-logo-effekt: S\u00f8lvpr\u00e6gning Fremh\u00e6vede egenskaber: En farverig repr\u00e6sentation af energi og livsgl\u00e6de \u2013 altid dynamisk og fuld af vitalitet. Med denne livlige firmafarve viser specialdesignede notesb\u00f8ger, at de ogs\u00e5 kan fremstilles med raffineret elegance og kvalitet. &nbsp; \ud83d\udcd6 Alle tilpassede eksempler: Tilpassede notesb\u00f8ger \/ Tilpassede erhvervskalendere \ud83d\udcd6 Standardprodukter for [&hellip;]<\/p>\n","protected":false},"featured_media":111529,"template":"","meta":{"_acf_changed":false},"product_brand":[],"product_cat":[903],"product_tag":[1228],"home_works":[],"class_list":{"0":"post-111528","1":"product","2":"type-product","3":"status-publish","4":"has-post-thumbnail","6":"product_cat-oem-aftagelig-notesbog","7":"product_tag-oem-da","9":"first","10":"outofstock","11":"sold-individually","12":"shipping-taxable","13":"purchasable","14":"product-type-variable","15":"has-default-attributes"},"acf":[],"yoast_head":"<!-- This site is optimized with the Yoast SEO plugin v27.2 - https:\/\/yoast.com\/product\/yoast-seo-wordpress\/ -->\n<title>Zespri - En livlig og i\u00f8jnefaldende firmafarve kan ogs\u00e5 udstr\u00e5le elegance og kvalitet. - Leatai \u2013 Producent af tilpassede notesb\u00f8ger<\/title>\n<meta name=\"description\" content=\"OEM-aftagelig l\u00f8sbladsnotesbog \u2013 Case: Zespri Model: Aftagelig l\u00f8sbladsnotesbog St\u00f8rrelse: 25K Fremh\u00e6vede egenskaber: En farverig repr\u00e6sentation af energi og livsgl\u00e6de \u2013 altid dynamisk og fuld af vitalitet. Med denne livlige firmafarve viser specialdesignede notesb\u00f8ger, at de ikke kun kan v\u00e6re funktionelle, men ogs\u00e5 fremstilles med en raffineret og stilfuld kvalitet.\" \/>\n<meta name=\"robots\" content=\"index, follow, max-snippet:-1, max-image-preview:large, max-video-preview:-1\" \/>\n<link rel=\"canonical\" href=\"https:\/\/leatai.com\/da\/product\/forskellige-oem-proever\/oem-aftagelig-notesbog\/zespri-2\/\" \/>\n<meta property=\"og:locale\" content=\"da_DK\" \/>\n<meta property=\"og:type\" content=\"article\" \/>\n<meta property=\"og:title\" content=\"Zespri - En livlig og i\u00f8jnefaldende firmafarve kan ogs\u00e5 udstr\u00e5le elegance og kvalitet. - Leatai \u2013 Producent af tilpassede notesb\u00f8ger\" \/>\n<meta property=\"og:description\" content=\"OEM-aftagelig l\u00f8sbladsnotesbog \u2013 Case: Zespri Model: Aftagelig l\u00f8sbladsnotesbog St\u00f8rrelse: 25K Fremh\u00e6vede egenskaber: En farverig repr\u00e6sentation af energi og livsgl\u00e6de \u2013 altid dynamisk og fuld af vitalitet. Med denne livlige firmafarve viser specialdesignede notesb\u00f8ger, at de ikke kun kan v\u00e6re funktionelle, men ogs\u00e5 fremstilles med en raffineret og stilfuld kvalitet.\" \/>\n<meta property=\"og:url\" content=\"https:\/\/leatai.com\/da\/product\/forskellige-oem-proever\/oem-aftagelig-notesbog\/zespri-2\/\" \/>\n<meta property=\"og:site_name\" content=\"Leatai \u2013 Producent af tilpassede notesb\u00f8ger\" \/>\n<meta property=\"article:modified_time\" content=\"2025-02-06T01:30:47+00:00\" \/>\n<meta property=\"og:image\" content=\"https:\/\/leatai.com\/wp-content\/uploads\/DSC_6219-1.jpg\" \/>\n\t<meta property=\"og:image:width\" content=\"1000\" \/>\n\t<meta property=\"og:image:height\" content=\"750\" \/>\n\t<meta property=\"og:image:type\" content=\"image\/jpeg\" \/>\n<meta name=\"twitter:card\" content=\"summary_large_image\" \/>\n<meta name=\"twitter:label1\" content=\"Estimeret l\u00e6setid\" \/>\n\t<meta name=\"twitter:data1\" content=\"1 minut\" \/>\n<script type=\"application\/ld+json\" class=\"yoast-schema-graph\">{\"@context\":\"https:\/\/schema.org\",\"@graph\":[{\"@type\":\"WebPage\",\"@id\":\"https:\/\/leatai.com\/da\/product\/forskellige-oem-proever\/oem-aftagelig-notesbog\/zespri-2\/\",\"url\":\"https:\/\/leatai.com\/da\/product\/forskellige-oem-proever\/oem-aftagelig-notesbog\/zespri-2\/\",\"name\":\"Zespri - En livlig og i\u00f8jnefaldende firmafarve kan ogs\u00e5 udstr\u00e5le elegance og kvalitet. - Leatai \u2013 Producent af tilpassede notesb\u00f8ger\",\"isPartOf\":{\"@id\":\"https:\/\/leatai.com\/da\/#website\"},\"primaryImageOfPage\":{\"@id\":\"https:\/\/leatai.com\/da\/product\/forskellige-oem-proever\/oem-aftagelig-notesbog\/zespri-2\/#primaryimage\"},\"image\":{\"@id\":\"https:\/\/leatai.com\/da\/product\/forskellige-oem-proever\/oem-aftagelig-notesbog\/zespri-2\/#primaryimage\"},\"thumbnailUrl\":\"https:\/\/leatai.com\/wp-content\/uploads\/DSC_6219-1.jpg\",\"datePublished\":\"2022-07-13T13:30:07+00:00\",\"dateModified\":\"2025-02-06T01:30:47+00:00\",\"description\":\"OEM-aftagelig l\u00f8sbladsnotesbog \u2013 Case: Zespri Model: Aftagelig l\u00f8sbladsnotesbog St\u00f8rrelse: 25K Fremh\u00e6vede egenskaber: En farverig repr\u00e6sentation af energi og livsgl\u00e6de \u2013 altid dynamisk og fuld af vitalitet. Med denne livlige firmafarve viser specialdesignede notesb\u00f8ger, at de ikke kun kan v\u00e6re funktionelle, men ogs\u00e5 fremstilles med en raffineret og stilfuld kvalitet.\",\"breadcrumb\":{\"@id\":\"https:\/\/leatai.com\/da\/product\/forskellige-oem-proever\/oem-aftagelig-notesbog\/zespri-2\/#breadcrumb\"},\"inLanguage\":\"da-DK\",\"potentialAction\":[{\"@type\":\"ReadAction\",\"target\":[\"https:\/\/leatai.com\/da\/product\/forskellige-oem-proever\/oem-aftagelig-notesbog\/zespri-2\/\"]}]},{\"@type\":\"ImageObject\",\"inLanguage\":\"da-DK\",\"@id\":\"https:\/\/leatai.com\/da\/product\/forskellige-oem-proever\/oem-aftagelig-notesbog\/zespri-2\/#primaryimage\",\"url\":\"https:\/\/leatai.com\/wp-content\/uploads\/DSC_6219-1.jpg\",\"contentUrl\":\"https:\/\/leatai.com\/wp-content\/uploads\/DSC_6219-1.jpg\",\"width\":1000,\"height\":750,\"caption\":\"Skr\u00e6ddersyede souvenirs & eventgaver \u2013 samarbejdscase: New Zealand Kiwifruit\"},{\"@type\":\"BreadcrumbList\",\"@id\":\"https:\/\/leatai.com\/da\/product\/forskellige-oem-proever\/oem-aftagelig-notesbog\/zespri-2\/#breadcrumb\",\"itemListElement\":[{\"@type\":\"ListItem\",\"position\":1,\"name\":\"Home\",\"item\":\"https:\/\/leatai.com\/da\/\"},{\"@type\":\"ListItem\",\"position\":2,\"name\":\"Produktintroduktion\",\"item\":\"https:\/\/leatai.com\/products\/\"},{\"@type\":\"ListItem\",\"position\":3,\"name\":\"Forskellige OEM-pr\u00f8ver\",\"item\":\"https:\/\/leatai.com\/da\/vare-kategori\/forskellige-oem-proever\/\"},{\"@type\":\"ListItem\",\"position\":4,\"name\":\"OEM aftagelig notesbog\",\"item\":\"https:\/\/leatai.com\/da\/vare-kategori\/forskellige-oem-proever\/oem-aftagelig-notesbog\/\"},{\"@type\":\"ListItem\",\"position\":5,\"name\":\"Zespri\"}]},{\"@type\":\"WebSite\",\"@id\":\"https:\/\/leatai.com\/da\/#website\",\"url\":\"https:\/\/leatai.com\/da\/\",\"name\":\"Leatai \u2013 Producent af tilpassede notesb\u00f8ger\",\"description\":\"Leatai tilbyder tilpassede notesb\u00f8ger og planl\u00e6ggere til globale brands og distribut\u00f8rer.\",\"publisher\":{\"@id\":\"https:\/\/leatai.com\/da\/#organization\"},\"potentialAction\":[{\"@type\":\"SearchAction\",\"target\":{\"@type\":\"EntryPoint\",\"urlTemplate\":\"https:\/\/leatai.com\/da\/?s={search_term_string}\"},\"query-input\":{\"@type\":\"PropertyValueSpecification\",\"valueRequired\":true,\"valueName\":\"search_term_string\"}}],\"inLanguage\":\"da-DK\"},{\"@type\":\"Organization\",\"@id\":\"https:\/\/leatai.com\/da\/#organization\",\"name\":\"Leatai Diary, customized journal and business organizer\",\"url\":\"https:\/\/leatai.com\/da\/\",\"logo\":{\"@type\":\"ImageObject\",\"inLanguage\":\"da-DK\",\"@id\":\"https:\/\/leatai.com\/da\/#\/schema\/logo\/image\/\",\"url\":\"https:\/\/leatai.com\/wp-content\/uploads\/logo-blue.png\",\"contentUrl\":\"https:\/\/leatai.com\/wp-content\/uploads\/logo-blue.png\",\"width\":230,\"height\":60,\"caption\":\"Leatai Diary, customized journal and business organizer\"},\"image\":{\"@id\":\"https:\/\/leatai.com\/da\/#\/schema\/logo\/image\/\"}}]}<\/script>\n<!-- \/ Yoast SEO plugin. -->","yoast_head_json":{"title":"Zespri - En livlig og i\u00f8jnefaldende firmafarve kan ogs\u00e5 udstr\u00e5le elegance og kvalitet. - Leatai \u2013 Producent af tilpassede notesb\u00f8ger","description":"OEM-aftagelig l\u00f8sbladsnotesbog \u2013 Case: Zespri Model: Aftagelig l\u00f8sbladsnotesbog St\u00f8rrelse: 25K Fremh\u00e6vede egenskaber: En farverig repr\u00e6sentation af energi og livsgl\u00e6de \u2013 altid dynamisk og fuld af vitalitet. Med denne livlige firmafarve viser specialdesignede notesb\u00f8ger, at de ikke kun kan v\u00e6re funktionelle, men ogs\u00e5 fremstilles med en raffineret og stilfuld kvalitet.","robots":{"index":"index","follow":"follow","max-snippet":"max-snippet:-1","max-image-preview":"max-image-preview:large","max-video-preview":"max-video-preview:-1"},"canonical":"https:\/\/leatai.com\/da\/product\/forskellige-oem-proever\/oem-aftagelig-notesbog\/zespri-2\/","og_locale":"da_DK","og_type":"article","og_title":"Zespri - En livlig og i\u00f8jnefaldende firmafarve kan ogs\u00e5 udstr\u00e5le elegance og kvalitet. - Leatai \u2013 Producent af tilpassede notesb\u00f8ger","og_description":"OEM-aftagelig l\u00f8sbladsnotesbog \u2013 Case: Zespri Model: Aftagelig l\u00f8sbladsnotesbog St\u00f8rrelse: 25K Fremh\u00e6vede egenskaber: En farverig repr\u00e6sentation af energi og livsgl\u00e6de \u2013 altid dynamisk og fuld af vitalitet. Med denne livlige firmafarve viser specialdesignede notesb\u00f8ger, at de ikke kun kan v\u00e6re funktionelle, men ogs\u00e5 fremstilles med en raffineret og stilfuld kvalitet.","og_url":"https:\/\/leatai.com\/da\/product\/forskellige-oem-proever\/oem-aftagelig-notesbog\/zespri-2\/","og_site_name":"Leatai \u2013 Producent af tilpassede notesb\u00f8ger","article_modified_time":"2025-02-06T01:30:47+00:00","og_image":[{"width":1000,"height":750,"url":"https:\/\/leatai.com\/wp-content\/uploads\/DSC_6219-1.jpg","type":"image\/jpeg"}],"twitter_card":"summary_large_image","twitter_misc":{"Estimeret l\u00e6setid":"1 minut"},"schema":{"@context":"https:\/\/schema.org","@graph":[{"@type":"WebPage","@id":"https:\/\/leatai.com\/da\/product\/forskellige-oem-proever\/oem-aftagelig-notesbog\/zespri-2\/","url":"https:\/\/leatai.com\/da\/product\/forskellige-oem-proever\/oem-aftagelig-notesbog\/zespri-2\/","name":"Zespri - En livlig og i\u00f8jnefaldende firmafarve kan ogs\u00e5 udstr\u00e5le elegance og kvalitet. - Leatai \u2013 Producent af tilpassede notesb\u00f8ger","isPartOf":{"@id":"https:\/\/leatai.com\/da\/#website"},"primaryImageOfPage":{"@id":"https:\/\/leatai.com\/da\/product\/forskellige-oem-proever\/oem-aftagelig-notesbog\/zespri-2\/#primaryimage"},"image":{"@id":"https:\/\/leatai.com\/da\/product\/forskellige-oem-proever\/oem-aftagelig-notesbog\/zespri-2\/#primaryimage"},"thumbnailUrl":"https:\/\/leatai.com\/wp-content\/uploads\/DSC_6219-1.jpg","datePublished":"2022-07-13T13:30:07+00:00","dateModified":"2025-02-06T01:30:47+00:00","description":"OEM-aftagelig l\u00f8sbladsnotesbog \u2013 Case: Zespri Model: Aftagelig l\u00f8sbladsnotesbog St\u00f8rrelse: 25K Fremh\u00e6vede egenskaber: En farverig repr\u00e6sentation af energi og livsgl\u00e6de \u2013 altid dynamisk og fuld af vitalitet. Med denne livlige firmafarve viser specialdesignede notesb\u00f8ger, at de ikke kun kan v\u00e6re funktionelle, men ogs\u00e5 fremstilles med en raffineret og stilfuld kvalitet.","breadcrumb":{"@id":"https:\/\/leatai.com\/da\/product\/forskellige-oem-proever\/oem-aftagelig-notesbog\/zespri-2\/#breadcrumb"},"inLanguage":"da-DK","potentialAction":[{"@type":"ReadAction","target":["https:\/\/leatai.com\/da\/product\/forskellige-oem-proever\/oem-aftagelig-notesbog\/zespri-2\/"]}]},{"@type":"ImageObject","inLanguage":"da-DK","@id":"https:\/\/leatai.com\/da\/product\/forskellige-oem-proever\/oem-aftagelig-notesbog\/zespri-2\/#primaryimage","url":"https:\/\/leatai.com\/wp-content\/uploads\/DSC_6219-1.jpg","contentUrl":"https:\/\/leatai.com\/wp-content\/uploads\/DSC_6219-1.jpg","width":1000,"height":750,"caption":"Skr\u00e6ddersyede souvenirs & eventgaver \u2013 samarbejdscase: New Zealand Kiwifruit"},{"@type":"BreadcrumbList","@id":"https:\/\/leatai.com\/da\/product\/forskellige-oem-proever\/oem-aftagelig-notesbog\/zespri-2\/#breadcrumb","itemListElement":[{"@type":"ListItem","position":1,"name":"Home","item":"https:\/\/leatai.com\/da\/"},{"@type":"ListItem","position":2,"name":"Produktintroduktion","item":"https:\/\/leatai.com\/products\/"},{"@type":"ListItem","position":3,"name":"Forskellige OEM-pr\u00f8ver","item":"https:\/\/leatai.com\/da\/vare-kategori\/forskellige-oem-proever\/"},{"@type":"ListItem","position":4,"name":"OEM aftagelig notesbog","item":"https:\/\/leatai.com\/da\/vare-kategori\/forskellige-oem-proever\/oem-aftagelig-notesbog\/"},{"@type":"ListItem","position":5,"name":"Zespri"}]},{"@type":"WebSite","@id":"https:\/\/leatai.com\/da\/#website","url":"https:\/\/leatai.com\/da\/","name":"Leatai \u2013 Producent af tilpassede notesb\u00f8ger","description":"Leatai tilbyder tilpassede notesb\u00f8ger og planl\u00e6ggere til globale brands og distribut\u00f8rer.","publisher":{"@id":"https:\/\/leatai.com\/da\/#organization"},"potentialAction":[{"@type":"SearchAction","target":{"@type":"EntryPoint","urlTemplate":"https:\/\/leatai.com\/da\/?s={search_term_string}"},"query-input":{"@type":"PropertyValueSpecification","valueRequired":true,"valueName":"search_term_string"}}],"inLanguage":"da-DK"},{"@type":"Organization","@id":"https:\/\/leatai.com\/da\/#organization","name":"Leatai Diary, customized journal and business organizer","url":"https:\/\/leatai.com\/da\/","logo":{"@type":"ImageObject","inLanguage":"da-DK","@id":"https:\/\/leatai.com\/da\/#\/schema\/logo\/image\/","url":"https:\/\/leatai.com\/wp-content\/uploads\/logo-blue.png","contentUrl":"https:\/\/leatai.com\/wp-content\/uploads\/logo-blue.png","width":230,"height":60,"caption":"Leatai Diary, customized journal and business organizer"},"image":{"@id":"https:\/\/leatai.com\/da\/#\/schema\/logo\/image\/"}}]}},"_links":{"self":[{"href":"https:\/\/leatai.com\/da\/wp-json\/wp\/v2\/product\/111528","targetHints":{"allow":["GET"]}}],"collection":[{"href":"https:\/\/leatai.com\/da\/wp-json\/wp\/v2\/product"}],"about":[{"href":"https:\/\/leatai.com\/da\/wp-json\/wp\/v2\/types\/product"}],"wp:featuredmedia":[{"embeddable":true,"href":"https:\/\/leatai.com\/da\/wp-json\/wp\/v2\/media\/111529"}],"wp:attachment":[{"href":"https:\/\/leatai.com\/da\/wp-json\/wp\/v2\/media?parent=111528"}],"wp:term":[{"taxonomy":"product_brand","embeddable":true,"href":"https:\/\/leatai.com\/da\/wp-json\/wp\/v2\/product_brand?post=111528"},{"taxonomy":"product_cat","embeddable":true,"href":"https:\/\/leatai.com\/da\/wp-json\/wp\/v2\/product_cat?post=111528"},{"taxonomy":"product_tag","embeddable":true,"href":"https:\/\/leatai.com\/da\/wp-json\/wp\/v2\/product_tag?post=111528"},{"taxonomy":"home_works","embeddable":true,"href":"https:\/\/leatai.com\/da\/wp-json\/wp\/v2\/home_works?post=111528"}],"curies":[{"name":"wp","href":"https:\/\/api.w.org\/{rel}","templated":true}]}}