{"id":108170,"date":"2023-05-22T16:24:23","date_gmt":"2023-05-22T08:24:23","guid":{"rendered":"https:\/\/leatai.com\/product\/Ikke%20kategoriseret\/notebook-gavesaet-02\/"},"modified":"2025-02-05T09:53:31","modified_gmt":"2025-02-05T01:53:31","slug":"notebook-gavesaet-02","status":"publish","type":"product","link":"https:\/\/leatai.com\/da\/product\/tilpasset-notesbog\/gavesaet\/notebook-gavesaet-02\/","title":{"rendered":"Notebook-gaves\u00e6t &#8211; 02"},"content":{"rendered":"<p><strong>Produktmodel:<\/strong> Notebook-gaves\u00e6t &#8211; 02<br \/>\n<strong>Gave\u00e6skemateriale:<\/strong> Japansk linnedpapir<br \/>\n<strong>Gave\u00e6skefarve:<\/strong> Duset rosa (bean paste color)<br \/>\n<strong>Gave\u00e6skest\u00f8rrelse:<\/strong> L 23,3 cm x B 25,2 cm x H 2,7 cm (n\u00e5r lukket)<br \/>\n<strong>Indhold:<\/strong>25K specialdesignet hardcover notebook \/ specialdesignet loose leaf planner (v\u00e6lg \u00e9n)+Eksklusiv rollerball-pen<br \/>\n<strong>Notebook-st\u00f8rrelser:<\/strong> 16K \/ 25K \/ 48K <a href=\"https:\/\/leatai.com\/da\/faq\/hvad-er-8k-16k-og-25k-planlaegningsstoerrelser-hvor-store-er-de\/\" target=\"_blank\" rel=\"noopener\">(almindelige st\u00f8rrelser)<\/a><br \/>\n<strong>Rollerball-pen:<\/strong> Model<a href=\"https:\/\/leatai.com\/da\/product\/tilpasset-notesbog\/gavesaet\/eksklusiv-kulfiber-rollerball-pen-1\/\" target=\"_blank\" rel=\"noopener\">01<\/a> \/ <a href=\"https:\/\/leatai.com\/da\/product\/tilpasset-notesbog\/gavesaet\/eksklusiv-rollerball-pen-2\/\" target=\"_blank\" rel=\"noopener\">02<\/a> \/ <a href=\"https:\/\/leatai.com\/da\/product\/tilpasset-notesbog\/gavesaet\/eksklusiv-rollerball-pen-3\/\" target=\"_blank\" rel=\"noopener\">03<\/a>(v\u00e6lg \u00e9n)<br \/>\n<strong>Emballage:<\/strong> Satinb\u00e5nd \/ Kraftpapir (valgfrit)<br \/>\n<strong>LOGO-forarbejdning:<\/strong> Guldpr\u00e6gning, s\u00f8lvpr\u00e6gning, debossing<\/p>\n<p><strong>Produktbeskrivelse<\/strong><br \/>\nLeatai produktmodel: Denne gave\u00e6ske er fremstillet af japansk linnedpapir i en elegant duset rosa nuance, hvilket giver en eksklusiv taktil oplevelse. \u00c6sken indeholder en specialdesignet notebook og en eksklusiv rollerball-pen. Med magnetisk lukning i siden og en smukt indpakket satinb\u00e5ndsfinish kan denne gave yderligere personaliseres med en hardcover notebook, s\u00e5 din custom-made l\u00f8sning bliver endnu mere sofistikeret og gennemf\u00f8rt.<\/p>\n<p>\ud83d\udcd6 Standard erhvervskalendere: <a href=\"https:\/\/leatai.com\/da\/vare-kategori\/tilpasset-notesbog\/\" target=\"_blank\" rel=\"noopener\">Alle serier og indersider<\/a> <a href=\"https:\/\/leatai.com\/da\/vare-kategori\/indersideformat\/\" target=\"_blank\" rel=\"noopener\">af erhvervskalendere<\/a><br \/>\n\ud83d\udcd6 Flere anbefalinger om tilpassede notesb\u00f8ger\/tilpassede erhvervskalendere:<br \/>\n<a href=\"https:\/\/leatai.com\/da\/vare-kategori\/forskellige-oem-proever\/oem-hardcover-notebook\/\" target=\"_blank\" rel=\"noopener\">OEM-hardcover<\/a><br \/>\n<a href=\"https:\/\/leatai.com\/da\/vare-kategori\/forskellige-oem-proever\/oem-loesblade-notesbog\/\" target=\"_blank\" rel=\"noopener\">OEM-l\u00f8sblade<\/a><br \/>\n<a href=\"https:\/\/leatai.com\/da\/vare-kategori\/forskellige-oem-proever\/oem-aftagelig-notesbog\/\" target=\"_blank\" rel=\"noopener\">OEM-udtr\u00e6kkelige l\u00f8sblade<\/a><br \/>\n<a href=\"https:\/\/leatai.com\/da\/vare-kategori\/forskellige-oem-proever\/oem-paperback-notesbog\/\" target=\"_blank\" rel=\"noopener\">OEM-softcover<\/a><br \/>\n<a href=\"https:\/\/leatai.com\/da\/vare-kategori\/forskellige-oem-proever\/oem-spiralnotesbog\/\" target=\"_blank\" rel=\"noopener\">OEM-spiralb\u00f8ger<\/a><br \/>\n<a href=\"https:\/\/leatai.com\/da\/vare-kategori\/forskellige-oem-proever\/oem-kalender\/\" target=\"_blank\" rel=\"noopener\">OEM-tilpassede riv-af-kalendere \/ tilpasset bordkalendertryk<\/a><br \/>\n<a href=\"https:\/\/leatai.com\/da\/vare-kategori\/forskellige-oem-proever\/oem-andre\/\" target=\"_blank\" rel=\"noopener\">OEM-andet<\/a><\/p>\n<p>Erhvervskalendere i sm\u00e5 m\u00e6ngder: <a href=\"https:\/\/leatai.com\/da\/vare-kategori\/billige-produkter\/\" target=\"_blank\" rel=\"noopener\">S\u00e6romr\u00e5de! Tilpassede notesb\u00f8ger i sm\u00e5 m\u00e6ngder, bestil fra kun 100 stk.<\/a><br \/>\nFor en komplet st\u00f8rrelsesforklaring, se venligst: Papirst\u00f8rrelsesguide: <a href=\"https:\/\/leatai.com\/da\/notatbogsviden\/papirstoerrelsesguide-forstaa-almindelige-stoerrelser-som-b3-a4-b5-8k-16k-og-mere-en-omfattende-stoerrelsestabel-til-nem-reference\/\" target=\"_blank\" rel=\"noopener\">B3, A4, B5, 8K, 16K og andre almindelige st\u00f8rrelser. Sammenligningstabel for papirst\u00f8rrelser, som g\u00f8r det nemt at forst\u00e5!<\/a><\/p>\n","protected":false},"excerpt":{"rendered":"<p>Produktmodel: Notebook-gaves\u00e6t &#8211; 02 Gave\u00e6skemateriale: Japansk linnedpapir Gave\u00e6skefarve: Duset rosa (bean paste color) Gave\u00e6skest\u00f8rrelse: L 23,3 cm x B 25,2 cm x H 2,7 cm (n\u00e5r lukket) Indhold:25K specialdesignet hardcover notebook \/ specialdesignet loose leaf planner (v\u00e6lg \u00e9n)+Eksklusiv rollerball-pen Notebook-st\u00f8rrelser: 16K \/ 25K \/ 48K (almindelige st\u00f8rrelser) Rollerball-pen: Model01 \/ 02 \/ 03(v\u00e6lg \u00e9n) Emballage: [&hellip;]<\/p>\n","protected":false},"featured_media":108171,"template":"","meta":{"_acf_changed":false},"product_brand":[],"product_cat":[814],"product_tag":[1267],"home_works":[],"class_list":{"0":"post-108170","1":"product","2":"type-product","3":"status-publish","4":"has-post-thumbnail","6":"product_cat-gavesaet","7":"product_tag-notebook-gavesaet","9":"first","10":"outofstock","11":"sold-individually","12":"shipping-taxable","13":"purchasable","14":"product-type-variable","15":"has-default-attributes"},"acf":[],"yoast_head":"<!-- This site is optimized with the Yoast SEO plugin v27.2 - https:\/\/yoast.com\/product\/yoast-seo-wordpress\/ -->\n<title>Custom-made notebook gaves\u00e6t - Japansk linnedpapir - Leatai \u2013 Producent af tilpassede notesb\u00f8ger<\/title>\n<meta name=\"description\" content=\"Leatai produktmodel: Denne gave\u00e6ske er fremstillet af japansk linnedpapir i en elegant duset rosa nuance, hvilket giver en eksklusiv taktil oplevelse. \u00c6sken indeholder en specialdesignet notebook og en eksklusiv rollerball-pen. Med magnetisk lukning i siden og en smukt indpakket satinb\u00e5ndsfinish kan denne gave yderligere personaliseres med en hardcover notebook, s\u00e5 din custom-made l\u00f8sning bliver endnu mere sofistikeret og gennemf\u00f8rt.\" \/>\n<meta name=\"robots\" content=\"index, follow, max-snippet:-1, max-image-preview:large, max-video-preview:-1\" \/>\n<link rel=\"canonical\" href=\"https:\/\/leatai.com\/da\/product\/tilpasset-notesbog\/gavesaet\/notebook-gavesaet-02\/\" \/>\n<meta property=\"og:locale\" content=\"da_DK\" \/>\n<meta property=\"og:type\" content=\"article\" \/>\n<meta property=\"og:title\" content=\"Custom-made notebook gaves\u00e6t - Japansk linnedpapir - Leatai \u2013 Producent af tilpassede notesb\u00f8ger\" \/>\n<meta property=\"og:description\" content=\"Leatai produktmodel: Denne gave\u00e6ske er fremstillet af japansk linnedpapir i en elegant duset rosa nuance, hvilket giver en eksklusiv taktil oplevelse. \u00c6sken indeholder en specialdesignet notebook og en eksklusiv rollerball-pen. Med magnetisk lukning i siden og en smukt indpakket satinb\u00e5ndsfinish kan denne gave yderligere personaliseres med en hardcover notebook, s\u00e5 din custom-made l\u00f8sning bliver endnu mere sofistikeret og gennemf\u00f8rt.\" \/>\n<meta property=\"og:url\" content=\"https:\/\/leatai.com\/da\/product\/tilpasset-notesbog\/gavesaet\/notebook-gavesaet-02\/\" \/>\n<meta property=\"og:site_name\" content=\"Leatai \u2013 Producent af tilpassede notesb\u00f8ger\" \/>\n<meta property=\"article:modified_time\" content=\"2025-02-05T01:53:31+00:00\" \/>\n<meta property=\"og:image\" content=\"https:\/\/leatai.com\/wp-content\/uploads\/DSC_0716.jpg\" \/>\n\t<meta property=\"og:image:width\" content=\"1000\" \/>\n\t<meta property=\"og:image:height\" content=\"750\" \/>\n\t<meta property=\"og:image:type\" content=\"image\/jpeg\" \/>\n<meta name=\"twitter:card\" content=\"summary_large_image\" \/>\n<meta name=\"twitter:label1\" content=\"Estimeret l\u00e6setid\" \/>\n\t<meta name=\"twitter:data1\" content=\"2 minutter\" \/>\n<script type=\"application\/ld+json\" class=\"yoast-schema-graph\">{\"@context\":\"https:\/\/schema.org\",\"@graph\":[{\"@type\":\"WebPage\",\"@id\":\"https:\/\/leatai.com\/da\/product\/tilpasset-notesbog\/gavesaet\/notebook-gavesaet-02\/\",\"url\":\"https:\/\/leatai.com\/da\/product\/tilpasset-notesbog\/gavesaet\/notebook-gavesaet-02\/\",\"name\":\"Custom-made notebook gaves\u00e6t - Japansk linnedpapir - Leatai \u2013 Producent af tilpassede notesb\u00f8ger\",\"isPartOf\":{\"@id\":\"https:\/\/leatai.com\/da\/#website\"},\"primaryImageOfPage\":{\"@id\":\"https:\/\/leatai.com\/da\/product\/tilpasset-notesbog\/gavesaet\/notebook-gavesaet-02\/#primaryimage\"},\"image\":{\"@id\":\"https:\/\/leatai.com\/da\/product\/tilpasset-notesbog\/gavesaet\/notebook-gavesaet-02\/#primaryimage\"},\"thumbnailUrl\":\"https:\/\/leatai.com\/wp-content\/uploads\/DSC_0716.jpg\",\"datePublished\":\"2023-05-22T08:24:23+00:00\",\"dateModified\":\"2025-02-05T01:53:31+00:00\",\"description\":\"Leatai produktmodel: Denne gave\u00e6ske er fremstillet af japansk linnedpapir i en elegant duset rosa nuance, hvilket giver en eksklusiv taktil oplevelse. \u00c6sken indeholder en specialdesignet notebook og en eksklusiv rollerball-pen. Med magnetisk lukning i siden og en smukt indpakket satinb\u00e5ndsfinish kan denne gave yderligere personaliseres med en hardcover notebook, s\u00e5 din custom-made l\u00f8sning bliver endnu mere sofistikeret og gennemf\u00f8rt.\",\"breadcrumb\":{\"@id\":\"https:\/\/leatai.com\/da\/product\/tilpasset-notesbog\/gavesaet\/notebook-gavesaet-02\/#breadcrumb\"},\"inLanguage\":\"da-DK\",\"potentialAction\":[{\"@type\":\"ReadAction\",\"target\":[\"https:\/\/leatai.com\/da\/product\/tilpasset-notesbog\/gavesaet\/notebook-gavesaet-02\/\"]}]},{\"@type\":\"ImageObject\",\"inLanguage\":\"da-DK\",\"@id\":\"https:\/\/leatai.com\/da\/product\/tilpasset-notesbog\/gavesaet\/notebook-gavesaet-02\/#primaryimage\",\"url\":\"https:\/\/leatai.com\/wp-content\/uploads\/DSC_0716.jpg\",\"contentUrl\":\"https:\/\/leatai.com\/wp-content\/uploads\/DSC_0716.jpg\",\"width\":1000,\"height\":750,\"caption\":\"Notebook-gaves\u00e6t\"},{\"@type\":\"BreadcrumbList\",\"@id\":\"https:\/\/leatai.com\/da\/product\/tilpasset-notesbog\/gavesaet\/notebook-gavesaet-02\/#breadcrumb\",\"itemListElement\":[{\"@type\":\"ListItem\",\"position\":1,\"name\":\"Home\",\"item\":\"https:\/\/leatai.com\/da\/\"},{\"@type\":\"ListItem\",\"position\":2,\"name\":\"Produktintroduktion\",\"item\":\"https:\/\/leatai.com\/products\/\"},{\"@type\":\"ListItem\",\"position\":3,\"name\":\"Tilpasset notesbog\",\"item\":\"https:\/\/leatai.com\/da\/vare-kategori\/tilpasset-notesbog\/\"},{\"@type\":\"ListItem\",\"position\":4,\"name\":\"Gaves\u00e6t\",\"item\":\"https:\/\/leatai.com\/da\/vare-kategori\/tilpasset-notesbog\/gavesaet\/\"},{\"@type\":\"ListItem\",\"position\":5,\"name\":\"Notebook-gaves\u00e6t &#8211; 02\"}]},{\"@type\":\"WebSite\",\"@id\":\"https:\/\/leatai.com\/da\/#website\",\"url\":\"https:\/\/leatai.com\/da\/\",\"name\":\"Leatai \u2013 Producent af tilpassede notesb\u00f8ger\",\"description\":\"Leatai tilbyder tilpassede notesb\u00f8ger og planl\u00e6ggere til globale brands og distribut\u00f8rer.\",\"publisher\":{\"@id\":\"https:\/\/leatai.com\/da\/#organization\"},\"potentialAction\":[{\"@type\":\"SearchAction\",\"target\":{\"@type\":\"EntryPoint\",\"urlTemplate\":\"https:\/\/leatai.com\/da\/?s={search_term_string}\"},\"query-input\":{\"@type\":\"PropertyValueSpecification\",\"valueRequired\":true,\"valueName\":\"search_term_string\"}}],\"inLanguage\":\"da-DK\"},{\"@type\":\"Organization\",\"@id\":\"https:\/\/leatai.com\/da\/#organization\",\"name\":\"Leatai Diary, customized journal and business organizer\",\"url\":\"https:\/\/leatai.com\/da\/\",\"logo\":{\"@type\":\"ImageObject\",\"inLanguage\":\"da-DK\",\"@id\":\"https:\/\/leatai.com\/da\/#\/schema\/logo\/image\/\",\"url\":\"https:\/\/leatai.com\/wp-content\/uploads\/logo-blue.png\",\"contentUrl\":\"https:\/\/leatai.com\/wp-content\/uploads\/logo-blue.png\",\"width\":230,\"height\":60,\"caption\":\"Leatai Diary, customized journal and business organizer\"},\"image\":{\"@id\":\"https:\/\/leatai.com\/da\/#\/schema\/logo\/image\/\"}}]}<\/script>\n<!-- \/ Yoast SEO plugin. -->","yoast_head_json":{"title":"Custom-made notebook gaves\u00e6t - Japansk linnedpapir - Leatai \u2013 Producent af tilpassede notesb\u00f8ger","description":"Leatai produktmodel: Denne gave\u00e6ske er fremstillet af japansk linnedpapir i en elegant duset rosa nuance, hvilket giver en eksklusiv taktil oplevelse. \u00c6sken indeholder en specialdesignet notebook og en eksklusiv rollerball-pen. Med magnetisk lukning i siden og en smukt indpakket satinb\u00e5ndsfinish kan denne gave yderligere personaliseres med en hardcover notebook, s\u00e5 din custom-made l\u00f8sning bliver endnu mere sofistikeret og gennemf\u00f8rt.","robots":{"index":"index","follow":"follow","max-snippet":"max-snippet:-1","max-image-preview":"max-image-preview:large","max-video-preview":"max-video-preview:-1"},"canonical":"https:\/\/leatai.com\/da\/product\/tilpasset-notesbog\/gavesaet\/notebook-gavesaet-02\/","og_locale":"da_DK","og_type":"article","og_title":"Custom-made notebook gaves\u00e6t - Japansk linnedpapir - Leatai \u2013 Producent af tilpassede notesb\u00f8ger","og_description":"Leatai produktmodel: Denne gave\u00e6ske er fremstillet af japansk linnedpapir i en elegant duset rosa nuance, hvilket giver en eksklusiv taktil oplevelse. \u00c6sken indeholder en specialdesignet notebook og en eksklusiv rollerball-pen. Med magnetisk lukning i siden og en smukt indpakket satinb\u00e5ndsfinish kan denne gave yderligere personaliseres med en hardcover notebook, s\u00e5 din custom-made l\u00f8sning bliver endnu mere sofistikeret og gennemf\u00f8rt.","og_url":"https:\/\/leatai.com\/da\/product\/tilpasset-notesbog\/gavesaet\/notebook-gavesaet-02\/","og_site_name":"Leatai \u2013 Producent af tilpassede notesb\u00f8ger","article_modified_time":"2025-02-05T01:53:31+00:00","og_image":[{"width":1000,"height":750,"url":"https:\/\/leatai.com\/wp-content\/uploads\/DSC_0716.jpg","type":"image\/jpeg"}],"twitter_card":"summary_large_image","twitter_misc":{"Estimeret l\u00e6setid":"2 minutter"},"schema":{"@context":"https:\/\/schema.org","@graph":[{"@type":"WebPage","@id":"https:\/\/leatai.com\/da\/product\/tilpasset-notesbog\/gavesaet\/notebook-gavesaet-02\/","url":"https:\/\/leatai.com\/da\/product\/tilpasset-notesbog\/gavesaet\/notebook-gavesaet-02\/","name":"Custom-made notebook gaves\u00e6t - Japansk linnedpapir - Leatai \u2013 Producent af tilpassede notesb\u00f8ger","isPartOf":{"@id":"https:\/\/leatai.com\/da\/#website"},"primaryImageOfPage":{"@id":"https:\/\/leatai.com\/da\/product\/tilpasset-notesbog\/gavesaet\/notebook-gavesaet-02\/#primaryimage"},"image":{"@id":"https:\/\/leatai.com\/da\/product\/tilpasset-notesbog\/gavesaet\/notebook-gavesaet-02\/#primaryimage"},"thumbnailUrl":"https:\/\/leatai.com\/wp-content\/uploads\/DSC_0716.jpg","datePublished":"2023-05-22T08:24:23+00:00","dateModified":"2025-02-05T01:53:31+00:00","description":"Leatai produktmodel: Denne gave\u00e6ske er fremstillet af japansk linnedpapir i en elegant duset rosa nuance, hvilket giver en eksklusiv taktil oplevelse. \u00c6sken indeholder en specialdesignet notebook og en eksklusiv rollerball-pen. Med magnetisk lukning i siden og en smukt indpakket satinb\u00e5ndsfinish kan denne gave yderligere personaliseres med en hardcover notebook, s\u00e5 din custom-made l\u00f8sning bliver endnu mere sofistikeret og gennemf\u00f8rt.","breadcrumb":{"@id":"https:\/\/leatai.com\/da\/product\/tilpasset-notesbog\/gavesaet\/notebook-gavesaet-02\/#breadcrumb"},"inLanguage":"da-DK","potentialAction":[{"@type":"ReadAction","target":["https:\/\/leatai.com\/da\/product\/tilpasset-notesbog\/gavesaet\/notebook-gavesaet-02\/"]}]},{"@type":"ImageObject","inLanguage":"da-DK","@id":"https:\/\/leatai.com\/da\/product\/tilpasset-notesbog\/gavesaet\/notebook-gavesaet-02\/#primaryimage","url":"https:\/\/leatai.com\/wp-content\/uploads\/DSC_0716.jpg","contentUrl":"https:\/\/leatai.com\/wp-content\/uploads\/DSC_0716.jpg","width":1000,"height":750,"caption":"Notebook-gaves\u00e6t"},{"@type":"BreadcrumbList","@id":"https:\/\/leatai.com\/da\/product\/tilpasset-notesbog\/gavesaet\/notebook-gavesaet-02\/#breadcrumb","itemListElement":[{"@type":"ListItem","position":1,"name":"Home","item":"https:\/\/leatai.com\/da\/"},{"@type":"ListItem","position":2,"name":"Produktintroduktion","item":"https:\/\/leatai.com\/products\/"},{"@type":"ListItem","position":3,"name":"Tilpasset notesbog","item":"https:\/\/leatai.com\/da\/vare-kategori\/tilpasset-notesbog\/"},{"@type":"ListItem","position":4,"name":"Gaves\u00e6t","item":"https:\/\/leatai.com\/da\/vare-kategori\/tilpasset-notesbog\/gavesaet\/"},{"@type":"ListItem","position":5,"name":"Notebook-gaves\u00e6t &#8211; 02"}]},{"@type":"WebSite","@id":"https:\/\/leatai.com\/da\/#website","url":"https:\/\/leatai.com\/da\/","name":"Leatai \u2013 Producent af tilpassede notesb\u00f8ger","description":"Leatai tilbyder tilpassede notesb\u00f8ger og planl\u00e6ggere til globale brands og distribut\u00f8rer.","publisher":{"@id":"https:\/\/leatai.com\/da\/#organization"},"potentialAction":[{"@type":"SearchAction","target":{"@type":"EntryPoint","urlTemplate":"https:\/\/leatai.com\/da\/?s={search_term_string}"},"query-input":{"@type":"PropertyValueSpecification","valueRequired":true,"valueName":"search_term_string"}}],"inLanguage":"da-DK"},{"@type":"Organization","@id":"https:\/\/leatai.com\/da\/#organization","name":"Leatai Diary, customized journal and business organizer","url":"https:\/\/leatai.com\/da\/","logo":{"@type":"ImageObject","inLanguage":"da-DK","@id":"https:\/\/leatai.com\/da\/#\/schema\/logo\/image\/","url":"https:\/\/leatai.com\/wp-content\/uploads\/logo-blue.png","contentUrl":"https:\/\/leatai.com\/wp-content\/uploads\/logo-blue.png","width":230,"height":60,"caption":"Leatai Diary, customized journal and business organizer"},"image":{"@id":"https:\/\/leatai.com\/da\/#\/schema\/logo\/image\/"}}]}},"_links":{"self":[{"href":"https:\/\/leatai.com\/da\/wp-json\/wp\/v2\/product\/108170","targetHints":{"allow":["GET"]}}],"collection":[{"href":"https:\/\/leatai.com\/da\/wp-json\/wp\/v2\/product"}],"about":[{"href":"https:\/\/leatai.com\/da\/wp-json\/wp\/v2\/types\/product"}],"wp:featuredmedia":[{"embeddable":true,"href":"https:\/\/leatai.com\/da\/wp-json\/wp\/v2\/media\/108171"}],"wp:attachment":[{"href":"https:\/\/leatai.com\/da\/wp-json\/wp\/v2\/media?parent=108170"}],"wp:term":[{"taxonomy":"product_brand","embeddable":true,"href":"https:\/\/leatai.com\/da\/wp-json\/wp\/v2\/product_brand?post=108170"},{"taxonomy":"product_cat","embeddable":true,"href":"https:\/\/leatai.com\/da\/wp-json\/wp\/v2\/product_cat?post=108170"},{"taxonomy":"product_tag","embeddable":true,"href":"https:\/\/leatai.com\/da\/wp-json\/wp\/v2\/product_tag?post=108170"},{"taxonomy":"home_works","embeddable":true,"href":"https:\/\/leatai.com\/da\/wp-json\/wp\/v2\/home_works?post=108170"}],"curies":[{"name":"wp","href":"https:\/\/api.w.org\/{rel}","templated":true}]}}