{"id":108139,"date":"2023-05-22T20:31:41","date_gmt":"2023-05-22T12:31:41","guid":{"rendered":"https:\/\/leatai.com\/product\/Ikke%20kategoriseret\/eksklusiv-kulfiber-rollerball-pen-1\/"},"modified":"2025-02-05T09:47:27","modified_gmt":"2025-02-05T01:47:27","slug":"eksklusiv-kulfiber-rollerball-pen-1","status":"publish","type":"product","link":"https:\/\/leatai.com\/da\/product\/tilpasset-notesbog\/gavesaet\/eksklusiv-kulfiber-rollerball-pen-1\/","title":{"rendered":"Eksklusiv kulfiber rollerball-pen &#8211; 1"},"content":{"rendered":"<p><strong>Produktmodel:<\/strong> Eksklusiv kulfiber rollerball-pen &#8211; 1<br \/>\n<strong>Farve:<\/strong> Sort<br \/>\n<strong>Specifikationer:<\/strong> L\u00e6ngde ca. 14 cm<br \/>\n<strong>Refill:<\/strong> Sort 0,5 mm<br \/>\n<strong>Emballage:<\/strong> OPP-pose (valgfrit, standardlevering uden OPP-pose, leveres direkte i karton) (\u00c6skeemballage mod ekstra gebyr)<br \/>\n<strong>LOGO-forarbejdning:<\/strong> Lasergravering<\/p>\n<p><strong>Pris:<\/strong> 190 DKK, inkl. \u00e9n lasergravering<br \/>\n(Tilvalg: L\u00e6deretui til 130 DKK inkl. \u00e9n pr\u00e6gning)<br \/>\n(Pris ekskl. moms, inkl. fragt til \u00e9n destination i Taiwan)<br \/>\n(Da enhedsprisen er lav, skal hele bel\u00f8bet betales fuldt ud ved bestilling, uanset m\u00e6ngde).<\/p>\n<p>&nbsp;<\/p>\n<p>\ud83d\udcd6 Standard erhvervskalendere: <a href=\"https:\/\/leatai.com\/da\/vare-kategori\/tilpasset-notesbog\/\" target=\"_blank\" rel=\"noopener\">Alle serier og indersider<\/a> <a href=\"https:\/\/leatai.com\/da\/vare-kategori\/indersideformat\/\" target=\"_blank\" rel=\"noopener\">af erhvervskalendere<\/a><br \/>\n\ud83d\udcd6 Flere anbefalinger om tilpassede notesb\u00f8ger\/tilpassede erhvervskalendere:<br \/>\n<a href=\"https:\/\/leatai.com\/da\/vare-kategori\/forskellige-oem-proever\/oem-hardcover-notebook\/\" target=\"_blank\" rel=\"noopener\">OEM-hardcover<\/a><br \/>\n<a href=\"https:\/\/leatai.com\/da\/vare-kategori\/forskellige-oem-proever\/oem-loesblade-notesbog\/\" target=\"_blank\" rel=\"noopener\">OEM-l\u00f8sblade<\/a><br \/>\n<a href=\"https:\/\/leatai.com\/da\/vare-kategori\/forskellige-oem-proever\/oem-aftagelig-notesbog\/\" target=\"_blank\" rel=\"noopener\">OEM-udtr\u00e6kkelige l\u00f8sblade<\/a><br \/>\n<a href=\"https:\/\/leatai.com\/da\/vare-kategori\/forskellige-oem-proever\/oem-paperback-notesbog\/\" target=\"_blank\" rel=\"noopener\">OEM-softcover<\/a><br \/>\n<a href=\"https:\/\/leatai.com\/da\/vare-kategori\/forskellige-oem-proever\/oem-spiralnotesbog\/\" target=\"_blank\" rel=\"noopener\">OEM-spiralb\u00f8ger<\/a><br \/>\n<a href=\"https:\/\/leatai.com\/da\/vare-kategori\/forskellige-oem-proever\/oem-kalender\/\" target=\"_blank\" rel=\"noopener\">OEM-tilpassede riv-af-kalendere \/ tilpasset bordkalendertryk<\/a><br \/>\n<a href=\"https:\/\/leatai.com\/da\/vare-kategori\/forskellige-oem-proever\/oem-andre\/\" target=\"_blank\" rel=\"noopener\">OEM-andet<\/a><\/p>\n<p>Erhvervskalendere i sm\u00e5 m\u00e6ngder: <a href=\"https:\/\/leatai.com\/da\/vare-kategori\/billige-produkter\/\" target=\"_blank\" rel=\"noopener\">S\u00e6romr\u00e5de! Tilpassede notesb\u00f8ger i sm\u00e5 m\u00e6ngder, bestil fra kun 100 stk.<\/a><br \/>\nFor en komplet st\u00f8rrelsesforklaring, se venligst: Papirst\u00f8rrelsesguide: <a href=\"https:\/\/leatai.com\/da\/notatbogsviden\/papirstoerrelsesguide-forstaa-almindelige-stoerrelser-som-b3-a4-b5-8k-16k-og-mere-en-omfattende-stoerrelsestabel-til-nem-reference\/\" target=\"_blank\" rel=\"noopener\">B3, A4, B5, 8K, 16K og andre almindelige st\u00f8rrelser. Sammenligningstabel for papirst\u00f8rrelser, som g\u00f8r det nemt at forst\u00e5!<\/a><\/p>\n","protected":false},"excerpt":{"rendered":"<p>Produktmodel: Eksklusiv kulfiber rollerball-pen &#8211; 1 Farve: Sort Specifikationer: L\u00e6ngde ca. 14 cm Refill: Sort 0,5 mm Emballage: OPP-pose (valgfrit, standardlevering uden OPP-pose, leveres direkte i karton) (\u00c6skeemballage mod ekstra gebyr) LOGO-forarbejdning: Lasergravering Pris: 190 DKK, inkl. \u00e9n lasergravering (Tilvalg: L\u00e6deretui til 130 DKK inkl. \u00e9n pr\u00e6gning) (Pris ekskl. moms, inkl. fragt til \u00e9n destination [&hellip;]<\/p>\n","protected":false},"featured_media":108140,"template":"","meta":{"_acf_changed":false},"product_brand":[],"product_cat":[814],"product_tag":[],"home_works":[],"class_list":{"0":"post-108139","1":"product","2":"type-product","3":"status-publish","4":"has-post-thumbnail","6":"product_cat-gavesaet","8":"first","9":"outofstock","10":"sold-individually","11":"shipping-taxable","12":"purchasable","13":"product-type-variable","14":"has-default-attributes"},"acf":[],"yoast_head":"<!-- This site is optimized with the Yoast SEO plugin v27.2 - https:\/\/yoast.com\/product\/yoast-seo-wordpress\/ -->\n<title>Eksklusiv gavepen - Anbefalet firmagavekombination.- Leatai \u2013 Producent af tilpassede notesb\u00f8ger<\/title>\n<meta name=\"description\" content=\"Et custom-made notebook gaves\u00e6t skal selvf\u00f8lgelig kombineres med en velskrivende rollerball-pen for den perfekte balance. Med overlegne materialer og en velafbalanceret v\u00e6gt er denne pen langt bedre end almindelige reklamepenne. Den sikrer en j\u00e6vn og glidende skriveoplevelse og kan yderligere tilpasses med lasergravering. Sammen med en elegant gave\u00e6ske bliver det en stilfuld og sofistikeret gave \u2013 ideel til virksomhedsgaver.\" \/>\n<meta name=\"robots\" content=\"index, follow, max-snippet:-1, max-image-preview:large, max-video-preview:-1\" \/>\n<link rel=\"canonical\" href=\"https:\/\/leatai.com\/da\/product\/tilpasset-notesbog\/gavesaet\/eksklusiv-kulfiber-rollerball-pen-1\/\" \/>\n<meta property=\"og:locale\" content=\"da_DK\" \/>\n<meta property=\"og:type\" content=\"article\" \/>\n<meta property=\"og:title\" content=\"Eksklusiv gavepen - Anbefalet firmagavekombination.- Leatai \u2013 Producent af tilpassede notesb\u00f8ger\" \/>\n<meta property=\"og:description\" content=\"Et custom-made notebook gaves\u00e6t skal selvf\u00f8lgelig kombineres med en velskrivende rollerball-pen for den perfekte balance. Med overlegne materialer og en velafbalanceret v\u00e6gt er denne pen langt bedre end almindelige reklamepenne. Den sikrer en j\u00e6vn og glidende skriveoplevelse og kan yderligere tilpasses med lasergravering. Sammen med en elegant gave\u00e6ske bliver det en stilfuld og sofistikeret gave \u2013 ideel til virksomhedsgaver.\" \/>\n<meta property=\"og:url\" content=\"https:\/\/leatai.com\/da\/product\/tilpasset-notesbog\/gavesaet\/eksklusiv-kulfiber-rollerball-pen-1\/\" \/>\n<meta property=\"og:site_name\" content=\"Leatai \u2013 Producent af tilpassede notesb\u00f8ger\" \/>\n<meta property=\"article:modified_time\" content=\"2025-02-05T01:47:27+00:00\" \/>\n<meta property=\"og:image\" content=\"https:\/\/leatai.com\/wp-content\/uploads\/DSC_0642.jpg\" \/>\n\t<meta property=\"og:image:width\" content=\"1000\" \/>\n\t<meta property=\"og:image:height\" content=\"750\" \/>\n\t<meta property=\"og:image:type\" content=\"image\/jpeg\" \/>\n<meta name=\"twitter:card\" content=\"summary_large_image\" \/>\n<meta name=\"twitter:label1\" content=\"Estimeret l\u00e6setid\" \/>\n\t<meta name=\"twitter:data1\" content=\"1 minut\" \/>\n<script type=\"application\/ld+json\" class=\"yoast-schema-graph\">{\"@context\":\"https:\/\/schema.org\",\"@graph\":[{\"@type\":\"WebPage\",\"@id\":\"https:\/\/leatai.com\/da\/product\/tilpasset-notesbog\/gavesaet\/eksklusiv-kulfiber-rollerball-pen-1\/\",\"url\":\"https:\/\/leatai.com\/da\/product\/tilpasset-notesbog\/gavesaet\/eksklusiv-kulfiber-rollerball-pen-1\/\",\"name\":\"Eksklusiv gavepen - Anbefalet firmagavekombination.- Leatai \u2013 Producent af tilpassede notesb\u00f8ger\",\"isPartOf\":{\"@id\":\"https:\/\/leatai.com\/da\/#website\"},\"primaryImageOfPage\":{\"@id\":\"https:\/\/leatai.com\/da\/product\/tilpasset-notesbog\/gavesaet\/eksklusiv-kulfiber-rollerball-pen-1\/#primaryimage\"},\"image\":{\"@id\":\"https:\/\/leatai.com\/da\/product\/tilpasset-notesbog\/gavesaet\/eksklusiv-kulfiber-rollerball-pen-1\/#primaryimage\"},\"thumbnailUrl\":\"https:\/\/leatai.com\/wp-content\/uploads\/DSC_0642.jpg\",\"datePublished\":\"2023-05-22T12:31:41+00:00\",\"dateModified\":\"2025-02-05T01:47:27+00:00\",\"description\":\"Et custom-made notebook gaves\u00e6t skal selvf\u00f8lgelig kombineres med en velskrivende rollerball-pen for den perfekte balance. Med overlegne materialer og en velafbalanceret v\u00e6gt er denne pen langt bedre end almindelige reklamepenne. Den sikrer en j\u00e6vn og glidende skriveoplevelse og kan yderligere tilpasses med lasergravering. Sammen med en elegant gave\u00e6ske bliver det en stilfuld og sofistikeret gave \u2013 ideel til virksomhedsgaver.\",\"breadcrumb\":{\"@id\":\"https:\/\/leatai.com\/da\/product\/tilpasset-notesbog\/gavesaet\/eksklusiv-kulfiber-rollerball-pen-1\/#breadcrumb\"},\"inLanguage\":\"da-DK\",\"potentialAction\":[{\"@type\":\"ReadAction\",\"target\":[\"https:\/\/leatai.com\/da\/product\/tilpasset-notesbog\/gavesaet\/eksklusiv-kulfiber-rollerball-pen-1\/\"]}]},{\"@type\":\"ImageObject\",\"inLanguage\":\"da-DK\",\"@id\":\"https:\/\/leatai.com\/da\/product\/tilpasset-notesbog\/gavesaet\/eksklusiv-kulfiber-rollerball-pen-1\/#primaryimage\",\"url\":\"https:\/\/leatai.com\/wp-content\/uploads\/DSC_0642.jpg\",\"contentUrl\":\"https:\/\/leatai.com\/wp-content\/uploads\/DSC_0642.jpg\",\"width\":1000,\"height\":750,\"caption\":\"Eksklusiv gavepen\"},{\"@type\":\"BreadcrumbList\",\"@id\":\"https:\/\/leatai.com\/da\/product\/tilpasset-notesbog\/gavesaet\/eksklusiv-kulfiber-rollerball-pen-1\/#breadcrumb\",\"itemListElement\":[{\"@type\":\"ListItem\",\"position\":1,\"name\":\"Home\",\"item\":\"https:\/\/leatai.com\/da\/\"},{\"@type\":\"ListItem\",\"position\":2,\"name\":\"Produktintroduktion\",\"item\":\"https:\/\/leatai.com\/products\/\"},{\"@type\":\"ListItem\",\"position\":3,\"name\":\"Tilpasset notesbog\",\"item\":\"https:\/\/leatai.com\/da\/vare-kategori\/tilpasset-notesbog\/\"},{\"@type\":\"ListItem\",\"position\":4,\"name\":\"Gaves\u00e6t\",\"item\":\"https:\/\/leatai.com\/da\/vare-kategori\/tilpasset-notesbog\/gavesaet\/\"},{\"@type\":\"ListItem\",\"position\":5,\"name\":\"Eksklusiv kulfiber rollerball-pen &#8211; 1\"}]},{\"@type\":\"WebSite\",\"@id\":\"https:\/\/leatai.com\/da\/#website\",\"url\":\"https:\/\/leatai.com\/da\/\",\"name\":\"Leatai \u2013 Producent af tilpassede notesb\u00f8ger\",\"description\":\"Leatai tilbyder tilpassede notesb\u00f8ger og planl\u00e6ggere til globale brands og distribut\u00f8rer.\",\"publisher\":{\"@id\":\"https:\/\/leatai.com\/da\/#organization\"},\"potentialAction\":[{\"@type\":\"SearchAction\",\"target\":{\"@type\":\"EntryPoint\",\"urlTemplate\":\"https:\/\/leatai.com\/da\/?s={search_term_string}\"},\"query-input\":{\"@type\":\"PropertyValueSpecification\",\"valueRequired\":true,\"valueName\":\"search_term_string\"}}],\"inLanguage\":\"da-DK\"},{\"@type\":\"Organization\",\"@id\":\"https:\/\/leatai.com\/da\/#organization\",\"name\":\"Leatai Diary, customized journal and business organizer\",\"url\":\"https:\/\/leatai.com\/da\/\",\"logo\":{\"@type\":\"ImageObject\",\"inLanguage\":\"da-DK\",\"@id\":\"https:\/\/leatai.com\/da\/#\/schema\/logo\/image\/\",\"url\":\"https:\/\/leatai.com\/wp-content\/uploads\/logo-blue.png\",\"contentUrl\":\"https:\/\/leatai.com\/wp-content\/uploads\/logo-blue.png\",\"width\":230,\"height\":60,\"caption\":\"Leatai Diary, customized journal and business organizer\"},\"image\":{\"@id\":\"https:\/\/leatai.com\/da\/#\/schema\/logo\/image\/\"}}]}<\/script>\n<!-- \/ Yoast SEO plugin. -->","yoast_head_json":{"title":"Eksklusiv gavepen - Anbefalet firmagavekombination.- Leatai \u2013 Producent af tilpassede notesb\u00f8ger","description":"Et custom-made notebook gaves\u00e6t skal selvf\u00f8lgelig kombineres med en velskrivende rollerball-pen for den perfekte balance. Med overlegne materialer og en velafbalanceret v\u00e6gt er denne pen langt bedre end almindelige reklamepenne. Den sikrer en j\u00e6vn og glidende skriveoplevelse og kan yderligere tilpasses med lasergravering. Sammen med en elegant gave\u00e6ske bliver det en stilfuld og sofistikeret gave \u2013 ideel til virksomhedsgaver.","robots":{"index":"index","follow":"follow","max-snippet":"max-snippet:-1","max-image-preview":"max-image-preview:large","max-video-preview":"max-video-preview:-1"},"canonical":"https:\/\/leatai.com\/da\/product\/tilpasset-notesbog\/gavesaet\/eksklusiv-kulfiber-rollerball-pen-1\/","og_locale":"da_DK","og_type":"article","og_title":"Eksklusiv gavepen - Anbefalet firmagavekombination.- Leatai \u2013 Producent af tilpassede notesb\u00f8ger","og_description":"Et custom-made notebook gaves\u00e6t skal selvf\u00f8lgelig kombineres med en velskrivende rollerball-pen for den perfekte balance. Med overlegne materialer og en velafbalanceret v\u00e6gt er denne pen langt bedre end almindelige reklamepenne. Den sikrer en j\u00e6vn og glidende skriveoplevelse og kan yderligere tilpasses med lasergravering. Sammen med en elegant gave\u00e6ske bliver det en stilfuld og sofistikeret gave \u2013 ideel til virksomhedsgaver.","og_url":"https:\/\/leatai.com\/da\/product\/tilpasset-notesbog\/gavesaet\/eksklusiv-kulfiber-rollerball-pen-1\/","og_site_name":"Leatai \u2013 Producent af tilpassede notesb\u00f8ger","article_modified_time":"2025-02-05T01:47:27+00:00","og_image":[{"width":1000,"height":750,"url":"https:\/\/leatai.com\/wp-content\/uploads\/DSC_0642.jpg","type":"image\/jpeg"}],"twitter_card":"summary_large_image","twitter_misc":{"Estimeret l\u00e6setid":"1 minut"},"schema":{"@context":"https:\/\/schema.org","@graph":[{"@type":"WebPage","@id":"https:\/\/leatai.com\/da\/product\/tilpasset-notesbog\/gavesaet\/eksklusiv-kulfiber-rollerball-pen-1\/","url":"https:\/\/leatai.com\/da\/product\/tilpasset-notesbog\/gavesaet\/eksklusiv-kulfiber-rollerball-pen-1\/","name":"Eksklusiv gavepen - Anbefalet firmagavekombination.- Leatai \u2013 Producent af tilpassede notesb\u00f8ger","isPartOf":{"@id":"https:\/\/leatai.com\/da\/#website"},"primaryImageOfPage":{"@id":"https:\/\/leatai.com\/da\/product\/tilpasset-notesbog\/gavesaet\/eksklusiv-kulfiber-rollerball-pen-1\/#primaryimage"},"image":{"@id":"https:\/\/leatai.com\/da\/product\/tilpasset-notesbog\/gavesaet\/eksklusiv-kulfiber-rollerball-pen-1\/#primaryimage"},"thumbnailUrl":"https:\/\/leatai.com\/wp-content\/uploads\/DSC_0642.jpg","datePublished":"2023-05-22T12:31:41+00:00","dateModified":"2025-02-05T01:47:27+00:00","description":"Et custom-made notebook gaves\u00e6t skal selvf\u00f8lgelig kombineres med en velskrivende rollerball-pen for den perfekte balance. Med overlegne materialer og en velafbalanceret v\u00e6gt er denne pen langt bedre end almindelige reklamepenne. Den sikrer en j\u00e6vn og glidende skriveoplevelse og kan yderligere tilpasses med lasergravering. Sammen med en elegant gave\u00e6ske bliver det en stilfuld og sofistikeret gave \u2013 ideel til virksomhedsgaver.","breadcrumb":{"@id":"https:\/\/leatai.com\/da\/product\/tilpasset-notesbog\/gavesaet\/eksklusiv-kulfiber-rollerball-pen-1\/#breadcrumb"},"inLanguage":"da-DK","potentialAction":[{"@type":"ReadAction","target":["https:\/\/leatai.com\/da\/product\/tilpasset-notesbog\/gavesaet\/eksklusiv-kulfiber-rollerball-pen-1\/"]}]},{"@type":"ImageObject","inLanguage":"da-DK","@id":"https:\/\/leatai.com\/da\/product\/tilpasset-notesbog\/gavesaet\/eksklusiv-kulfiber-rollerball-pen-1\/#primaryimage","url":"https:\/\/leatai.com\/wp-content\/uploads\/DSC_0642.jpg","contentUrl":"https:\/\/leatai.com\/wp-content\/uploads\/DSC_0642.jpg","width":1000,"height":750,"caption":"Eksklusiv gavepen"},{"@type":"BreadcrumbList","@id":"https:\/\/leatai.com\/da\/product\/tilpasset-notesbog\/gavesaet\/eksklusiv-kulfiber-rollerball-pen-1\/#breadcrumb","itemListElement":[{"@type":"ListItem","position":1,"name":"Home","item":"https:\/\/leatai.com\/da\/"},{"@type":"ListItem","position":2,"name":"Produktintroduktion","item":"https:\/\/leatai.com\/products\/"},{"@type":"ListItem","position":3,"name":"Tilpasset notesbog","item":"https:\/\/leatai.com\/da\/vare-kategori\/tilpasset-notesbog\/"},{"@type":"ListItem","position":4,"name":"Gaves\u00e6t","item":"https:\/\/leatai.com\/da\/vare-kategori\/tilpasset-notesbog\/gavesaet\/"},{"@type":"ListItem","position":5,"name":"Eksklusiv kulfiber rollerball-pen &#8211; 1"}]},{"@type":"WebSite","@id":"https:\/\/leatai.com\/da\/#website","url":"https:\/\/leatai.com\/da\/","name":"Leatai \u2013 Producent af tilpassede notesb\u00f8ger","description":"Leatai tilbyder tilpassede notesb\u00f8ger og planl\u00e6ggere til globale brands og distribut\u00f8rer.","publisher":{"@id":"https:\/\/leatai.com\/da\/#organization"},"potentialAction":[{"@type":"SearchAction","target":{"@type":"EntryPoint","urlTemplate":"https:\/\/leatai.com\/da\/?s={search_term_string}"},"query-input":{"@type":"PropertyValueSpecification","valueRequired":true,"valueName":"search_term_string"}}],"inLanguage":"da-DK"},{"@type":"Organization","@id":"https:\/\/leatai.com\/da\/#organization","name":"Leatai Diary, customized journal and business organizer","url":"https:\/\/leatai.com\/da\/","logo":{"@type":"ImageObject","inLanguage":"da-DK","@id":"https:\/\/leatai.com\/da\/#\/schema\/logo\/image\/","url":"https:\/\/leatai.com\/wp-content\/uploads\/logo-blue.png","contentUrl":"https:\/\/leatai.com\/wp-content\/uploads\/logo-blue.png","width":230,"height":60,"caption":"Leatai Diary, customized journal and business organizer"},"image":{"@id":"https:\/\/leatai.com\/da\/#\/schema\/logo\/image\/"}}]}},"_links":{"self":[{"href":"https:\/\/leatai.com\/da\/wp-json\/wp\/v2\/product\/108139","targetHints":{"allow":["GET"]}}],"collection":[{"href":"https:\/\/leatai.com\/da\/wp-json\/wp\/v2\/product"}],"about":[{"href":"https:\/\/leatai.com\/da\/wp-json\/wp\/v2\/types\/product"}],"wp:featuredmedia":[{"embeddable":true,"href":"https:\/\/leatai.com\/da\/wp-json\/wp\/v2\/media\/108140"}],"wp:attachment":[{"href":"https:\/\/leatai.com\/da\/wp-json\/wp\/v2\/media?parent=108139"}],"wp:term":[{"taxonomy":"product_brand","embeddable":true,"href":"https:\/\/leatai.com\/da\/wp-json\/wp\/v2\/product_brand?post=108139"},{"taxonomy":"product_cat","embeddable":true,"href":"https:\/\/leatai.com\/da\/wp-json\/wp\/v2\/product_cat?post=108139"},{"taxonomy":"product_tag","embeddable":true,"href":"https:\/\/leatai.com\/da\/wp-json\/wp\/v2\/product_tag?post=108139"},{"taxonomy":"home_works","embeddable":true,"href":"https:\/\/leatai.com\/da\/wp-json\/wp\/v2\/home_works?post=108139"}],"curies":[{"name":"wp","href":"https:\/\/api.w.org\/{rel}","templated":true}]}}