{"id":107499,"date":"2021-06-24T13:40:28","date_gmt":"2021-06-24T05:40:28","guid":{"rendered":"https:\/\/leatai.com\/product\/Ikke%20kategoriseret\/lef-043\/"},"modified":"2025-02-04T16:22:24","modified_gmt":"2025-02-04T08:22:24","slug":"lef-043","status":"publish","type":"product","link":"https:\/\/leatai.com\/da\/product\/tilpasset-notesbog\/loesebladsnotesbog\/lef-043\/","title":{"rendered":"LEF-043"},"content":{"rendered":"<p><strong>Produktmodel:<\/strong> LEF-043<br \/>\n<strong>Omslagsmateriale:<\/strong> Syntetisk l\u00e6der<br \/>\n<strong>Farve:<\/strong> Lilla-gr\u00e5 \/ Bl\u00e5<br \/>\n<strong>Specifikationer:<\/strong> 16K \/ 25K \/ 48K<a href=\"https:\/\/leatai.com\/da\/faq\/hvad-er-8k-16k-og-25k-planlaegningsstoerrelser-hvor-store-er-de\/\" target=\"_blank\" rel=\"noopener\">(almindelige st\u00f8rrelser)<\/a><br \/>\n<strong>Indhold:<\/strong> Standardudgave<a href=\"https:\/\/leatai.com\/da\/vare-kategori\/indersideformat\/\" target=\"_blank\" rel=\"noopener\">(valg af indvendigt layout)<\/a><br \/>\n<strong>Emballage:<\/strong> OPP-pose (valgfrit)<br \/>\n<strong>LOGO-forarbejdning:<\/strong> Guldpr\u00e6gning, s\u00f8lvpr\u00e6gning, debossing<\/p>\n<p><strong>Produktbeskrivelse<\/strong><br \/>\nLeatai produktmodel: LEF-043. Som ordsproget siger: &#8220;Uden regler, ingen struktur&#8221; \u2013 ligesom musikens harmoni kr\u00e6ver n\u00f8jagtighed, har enhver succesfuld virksomhed brug for klare retningslinjer for at sikre b\u00e6redygtig v\u00e6kst. Denne business planner symboliserer stabilitet og trov\u00e6rdighed, et vigtigt signal om, at din virksomhed er en p\u00e5lidelig samarbejdspartner, der arbejder efter faste principper.<\/p>\n<p>&nbsp;<\/p>\n<p>\ud83d\udcd6 Standard erhvervskalendere: <a href=\"https:\/\/leatai.com\/da\/vare-kategori\/tilpasset-notesbog\/\" target=\"_blank\" rel=\"noopener\">Alle serier og indersider<\/a> <a href=\"https:\/\/leatai.com\/da\/vare-kategori\/indersideformat\/\" target=\"_blank\" rel=\"noopener\">af erhvervskalendere<\/a><br \/>\n\ud83d\udcd6 Flere anbefalinger om tilpassede notesb\u00f8ger\/tilpassede erhvervskalendere:<br \/>\n<a href=\"https:\/\/leatai.com\/da\/vare-kategori\/forskellige-oem-proever\/oem-hardcover-notebook\/\" target=\"_blank\" rel=\"noopener\">OEM-hardcover<\/a><br \/>\n<a href=\"https:\/\/leatai.com\/da\/vare-kategori\/forskellige-oem-proever\/oem-loesblade-notesbog\/\" target=\"_blank\" rel=\"noopener\">OEM-l\u00f8sblade<\/a><br \/>\n<a href=\"https:\/\/leatai.com\/da\/vare-kategori\/forskellige-oem-proever\/oem-aftagelig-notesbog\/\" target=\"_blank\" rel=\"noopener\">OEM-udtr\u00e6kkelige l\u00f8sblade<\/a><br \/>\n<a href=\"https:\/\/leatai.com\/da\/vare-kategori\/forskellige-oem-proever\/oem-paperback-notesbog\/\" target=\"_blank\" rel=\"noopener\">OEM-softcover<\/a><br \/>\n<a href=\"https:\/\/leatai.com\/da\/vare-kategori\/forskellige-oem-proever\/oem-spiralnotesbog\/\" target=\"_blank\" rel=\"noopener\">OEM-spiralb\u00f8ger<\/a><br \/>\n<a href=\"https:\/\/leatai.com\/da\/vare-kategori\/forskellige-oem-proever\/oem-kalender\/\" target=\"_blank\" rel=\"noopener\">OEM-tilpassede riv-af-kalendere \/ tilpasset bordkalendertryk<\/a><br \/>\n<a href=\"https:\/\/leatai.com\/da\/vare-kategori\/forskellige-oem-proever\/oem-andre\/\" target=\"_blank\" rel=\"noopener\">OEM-andet<\/a><\/p>\n<p>Erhvervskalendere i sm\u00e5 m\u00e6ngder: <a href=\"https:\/\/leatai.com\/da\/vare-kategori\/billige-produkter\/\" target=\"_blank\" rel=\"noopener\">S\u00e6romr\u00e5de! Tilpassede notesb\u00f8ger i sm\u00e5 m\u00e6ngder, bestil fra kun 100 stk.<\/a><br \/>\nFor en komplet st\u00f8rrelsesforklaring, se venligst: Papirst\u00f8rrelsesguide: <a href=\"https:\/\/leatai.com\/da\/notatbogsviden\/papirstoerrelsesguide-forstaa-almindelige-stoerrelser-som-b3-a4-b5-8k-16k-og-mere-en-omfattende-stoerrelsestabel-til-nem-reference\/\" target=\"_blank\" rel=\"noopener\">B3, A4, B5, 8K, 16K og andre almindelige st\u00f8rrelser. Sammenligningstabel for papirst\u00f8rrelser, som g\u00f8r det nemt at forst\u00e5!<\/a><\/p>\n","protected":false},"excerpt":{"rendered":"<p>Produktmodel: LEF-043 Omslagsmateriale: Syntetisk l\u00e6der Farve: Lilla-gr\u00e5 \/ Bl\u00e5 Specifikationer: 16K \/ 25K \/ 48K(almindelige st\u00f8rrelser) Indhold: Standardudgave(valg af indvendigt layout) Emballage: OPP-pose (valgfrit) LOGO-forarbejdning: Guldpr\u00e6gning, s\u00f8lvpr\u00e6gning, debossing Produktbeskrivelse Leatai produktmodel: LEF-043. Som ordsproget siger: &#8220;Uden regler, ingen struktur&#8221; \u2013 ligesom musikens harmoni kr\u00e6ver n\u00f8jagtighed, har enhver succesfuld virksomhed brug for klare retningslinjer for at [&hellip;]<\/p>\n","protected":false},"featured_media":107500,"template":"","meta":{"_acf_changed":false},"product_brand":[],"product_cat":[759],"product_tag":[1241],"home_works":[],"class_list":{"0":"post-107499","1":"product","2":"type-product","3":"status-publish","4":"has-post-thumbnail","6":"product_cat-loesebladsnotesbog","7":"product_tag-skraeddersyede-notesboger","9":"first","10":"instock","11":"sold-individually","12":"shipping-taxable","13":"purchasable","14":"product-type-variable","15":"has-default-attributes"},"acf":[],"yoast_head":"<!-- This site is optimized with the Yoast SEO plugin v27.2 - https:\/\/yoast.com\/product\/yoast-seo-wordpress\/ -->\n<title>LEF-043 - En sj\u00e6lden rammeformet design \u2013 en perfekt balance mellem det firkantede og det runde. - Leatai \u2013 Producent af tilpassede notesb\u00f8ger<\/title>\n<meta name=\"description\" content=\"Leatai produktmodel: LEF-043. Som ordsproget siger: &quot;Uden regler, ingen struktur&quot; \u2013 ligesom musikens harmoni kr\u00e6ver n\u00f8jagtighed, har enhver succesfuld virksomhed brug for klare retningslinjer for at sikre b\u00e6redygtig v\u00e6kst. Denne business planner symboliserer stabilitet og trov\u00e6rdighed, et vigtigt signal om, at din virksomhed er en p\u00e5lidelig samarbejdspartner, der arbejder efter faste principper.\" \/>\n<meta name=\"robots\" content=\"index, follow, max-snippet:-1, max-image-preview:large, max-video-preview:-1\" \/>\n<link rel=\"canonical\" href=\"https:\/\/leatai.com\/da\/product\/tilpasset-notesbog\/loesebladsnotesbog\/lef-043\/\" \/>\n<meta property=\"og:locale\" content=\"da_DK\" \/>\n<meta property=\"og:type\" content=\"article\" \/>\n<meta property=\"og:title\" content=\"LEF-043 - En sj\u00e6lden rammeformet design \u2013 en perfekt balance mellem det firkantede og det runde. - Leatai \u2013 Producent af tilpassede notesb\u00f8ger\" \/>\n<meta property=\"og:description\" content=\"Leatai produktmodel: LEF-043. Som ordsproget siger: &quot;Uden regler, ingen struktur&quot; \u2013 ligesom musikens harmoni kr\u00e6ver n\u00f8jagtighed, har enhver succesfuld virksomhed brug for klare retningslinjer for at sikre b\u00e6redygtig v\u00e6kst. Denne business planner symboliserer stabilitet og trov\u00e6rdighed, et vigtigt signal om, at din virksomhed er en p\u00e5lidelig samarbejdspartner, der arbejder efter faste principper.\" \/>\n<meta property=\"og:url\" content=\"https:\/\/leatai.com\/da\/product\/tilpasset-notesbog\/loesebladsnotesbog\/lef-043\/\" \/>\n<meta property=\"og:site_name\" content=\"Leatai \u2013 Producent af tilpassede notesb\u00f8ger\" \/>\n<meta property=\"article:modified_time\" content=\"2025-02-04T08:22:24+00:00\" \/>\n<meta property=\"og:image\" content=\"https:\/\/leatai.com\/wp-content\/uploads\/2017_08_06_1757140.jpg\" \/>\n\t<meta property=\"og:image:width\" content=\"1000\" \/>\n\t<meta property=\"og:image:height\" content=\"750\" \/>\n\t<meta property=\"og:image:type\" content=\"image\/jpeg\" \/>\n<meta name=\"twitter:card\" content=\"summary_large_image\" \/>\n<meta name=\"twitter:label1\" content=\"Estimeret l\u00e6setid\" \/>\n\t<meta name=\"twitter:data1\" content=\"2 minutter\" \/>\n<script type=\"application\/ld+json\" class=\"yoast-schema-graph\">{\"@context\":\"https:\/\/schema.org\",\"@graph\":[{\"@type\":\"WebPage\",\"@id\":\"https:\/\/leatai.com\/da\/product\/tilpasset-notesbog\/loesebladsnotesbog\/lef-043\/\",\"url\":\"https:\/\/leatai.com\/da\/product\/tilpasset-notesbog\/loesebladsnotesbog\/lef-043\/\",\"name\":\"LEF-043 - En sj\u00e6lden rammeformet design \u2013 en perfekt balance mellem det firkantede og det runde. - Leatai \u2013 Producent af tilpassede notesb\u00f8ger\",\"isPartOf\":{\"@id\":\"https:\/\/leatai.com\/da\/#website\"},\"primaryImageOfPage\":{\"@id\":\"https:\/\/leatai.com\/da\/product\/tilpasset-notesbog\/loesebladsnotesbog\/lef-043\/#primaryimage\"},\"image\":{\"@id\":\"https:\/\/leatai.com\/da\/product\/tilpasset-notesbog\/loesebladsnotesbog\/lef-043\/#primaryimage\"},\"thumbnailUrl\":\"https:\/\/leatai.com\/wp-content\/uploads\/2017_08_06_1757140.jpg\",\"datePublished\":\"2021-06-24T05:40:28+00:00\",\"dateModified\":\"2025-02-04T08:22:24+00:00\",\"description\":\"Leatai produktmodel: LEF-043. Som ordsproget siger: \\\"Uden regler, ingen struktur\\\" \u2013 ligesom musikens harmoni kr\u00e6ver n\u00f8jagtighed, har enhver succesfuld virksomhed brug for klare retningslinjer for at sikre b\u00e6redygtig v\u00e6kst. Denne business planner symboliserer stabilitet og trov\u00e6rdighed, et vigtigt signal om, at din virksomhed er en p\u00e5lidelig samarbejdspartner, der arbejder efter faste principper.\",\"breadcrumb\":{\"@id\":\"https:\/\/leatai.com\/da\/product\/tilpasset-notesbog\/loesebladsnotesbog\/lef-043\/#breadcrumb\"},\"inLanguage\":\"da-DK\",\"potentialAction\":[{\"@type\":\"ReadAction\",\"target\":[\"https:\/\/leatai.com\/da\/product\/tilpasset-notesbog\/loesebladsnotesbog\/lef-043\/\"]}]},{\"@type\":\"ImageObject\",\"inLanguage\":\"da-DK\",\"@id\":\"https:\/\/leatai.com\/da\/product\/tilpasset-notesbog\/loesebladsnotesbog\/lef-043\/#primaryimage\",\"url\":\"https:\/\/leatai.com\/wp-content\/uploads\/2017_08_06_1757140.jpg\",\"contentUrl\":\"https:\/\/leatai.com\/wp-content\/uploads\/2017_08_06_1757140.jpg\",\"width\":1000,\"height\":750},{\"@type\":\"BreadcrumbList\",\"@id\":\"https:\/\/leatai.com\/da\/product\/tilpasset-notesbog\/loesebladsnotesbog\/lef-043\/#breadcrumb\",\"itemListElement\":[{\"@type\":\"ListItem\",\"position\":1,\"name\":\"Home\",\"item\":\"https:\/\/leatai.com\/da\/\"},{\"@type\":\"ListItem\",\"position\":2,\"name\":\"Produktintroduktion\",\"item\":\"https:\/\/leatai.com\/products\/\"},{\"@type\":\"ListItem\",\"position\":3,\"name\":\"Tilpasset notesbog\",\"item\":\"https:\/\/leatai.com\/da\/vare-kategori\/tilpasset-notesbog\/\"},{\"@type\":\"ListItem\",\"position\":4,\"name\":\"L\u00f8sebladsnotesbog\",\"item\":\"https:\/\/leatai.com\/da\/vare-kategori\/tilpasset-notesbog\/loesebladsnotesbog\/\"},{\"@type\":\"ListItem\",\"position\":5,\"name\":\"LEF-043\"}]},{\"@type\":\"WebSite\",\"@id\":\"https:\/\/leatai.com\/da\/#website\",\"url\":\"https:\/\/leatai.com\/da\/\",\"name\":\"Leatai \u2013 Producent af tilpassede notesb\u00f8ger\",\"description\":\"Leatai tilbyder tilpassede notesb\u00f8ger og planl\u00e6ggere til globale brands og distribut\u00f8rer.\",\"publisher\":{\"@id\":\"https:\/\/leatai.com\/da\/#organization\"},\"potentialAction\":[{\"@type\":\"SearchAction\",\"target\":{\"@type\":\"EntryPoint\",\"urlTemplate\":\"https:\/\/leatai.com\/da\/?s={search_term_string}\"},\"query-input\":{\"@type\":\"PropertyValueSpecification\",\"valueRequired\":true,\"valueName\":\"search_term_string\"}}],\"inLanguage\":\"da-DK\"},{\"@type\":\"Organization\",\"@id\":\"https:\/\/leatai.com\/da\/#organization\",\"name\":\"Leatai Diary, customized journal and business organizer\",\"url\":\"https:\/\/leatai.com\/da\/\",\"logo\":{\"@type\":\"ImageObject\",\"inLanguage\":\"da-DK\",\"@id\":\"https:\/\/leatai.com\/da\/#\/schema\/logo\/image\/\",\"url\":\"https:\/\/leatai.com\/wp-content\/uploads\/logo-blue.png\",\"contentUrl\":\"https:\/\/leatai.com\/wp-content\/uploads\/logo-blue.png\",\"width\":230,\"height\":60,\"caption\":\"Leatai Diary, customized journal and business organizer\"},\"image\":{\"@id\":\"https:\/\/leatai.com\/da\/#\/schema\/logo\/image\/\"}}]}<\/script>\n<!-- \/ Yoast SEO plugin. -->","yoast_head_json":{"title":"LEF-043 - En sj\u00e6lden rammeformet design \u2013 en perfekt balance mellem det firkantede og det runde. - Leatai \u2013 Producent af tilpassede notesb\u00f8ger","description":"Leatai produktmodel: LEF-043. Som ordsproget siger: \"Uden regler, ingen struktur\" \u2013 ligesom musikens harmoni kr\u00e6ver n\u00f8jagtighed, har enhver succesfuld virksomhed brug for klare retningslinjer for at sikre b\u00e6redygtig v\u00e6kst. Denne business planner symboliserer stabilitet og trov\u00e6rdighed, et vigtigt signal om, at din virksomhed er en p\u00e5lidelig samarbejdspartner, der arbejder efter faste principper.","robots":{"index":"index","follow":"follow","max-snippet":"max-snippet:-1","max-image-preview":"max-image-preview:large","max-video-preview":"max-video-preview:-1"},"canonical":"https:\/\/leatai.com\/da\/product\/tilpasset-notesbog\/loesebladsnotesbog\/lef-043\/","og_locale":"da_DK","og_type":"article","og_title":"LEF-043 - En sj\u00e6lden rammeformet design \u2013 en perfekt balance mellem det firkantede og det runde. - Leatai \u2013 Producent af tilpassede notesb\u00f8ger","og_description":"Leatai produktmodel: LEF-043. Som ordsproget siger: \"Uden regler, ingen struktur\" \u2013 ligesom musikens harmoni kr\u00e6ver n\u00f8jagtighed, har enhver succesfuld virksomhed brug for klare retningslinjer for at sikre b\u00e6redygtig v\u00e6kst. Denne business planner symboliserer stabilitet og trov\u00e6rdighed, et vigtigt signal om, at din virksomhed er en p\u00e5lidelig samarbejdspartner, der arbejder efter faste principper.","og_url":"https:\/\/leatai.com\/da\/product\/tilpasset-notesbog\/loesebladsnotesbog\/lef-043\/","og_site_name":"Leatai \u2013 Producent af tilpassede notesb\u00f8ger","article_modified_time":"2025-02-04T08:22:24+00:00","og_image":[{"width":1000,"height":750,"url":"https:\/\/leatai.com\/wp-content\/uploads\/2017_08_06_1757140.jpg","type":"image\/jpeg"}],"twitter_card":"summary_large_image","twitter_misc":{"Estimeret l\u00e6setid":"2 minutter"},"schema":{"@context":"https:\/\/schema.org","@graph":[{"@type":"WebPage","@id":"https:\/\/leatai.com\/da\/product\/tilpasset-notesbog\/loesebladsnotesbog\/lef-043\/","url":"https:\/\/leatai.com\/da\/product\/tilpasset-notesbog\/loesebladsnotesbog\/lef-043\/","name":"LEF-043 - En sj\u00e6lden rammeformet design \u2013 en perfekt balance mellem det firkantede og det runde. - Leatai \u2013 Producent af tilpassede notesb\u00f8ger","isPartOf":{"@id":"https:\/\/leatai.com\/da\/#website"},"primaryImageOfPage":{"@id":"https:\/\/leatai.com\/da\/product\/tilpasset-notesbog\/loesebladsnotesbog\/lef-043\/#primaryimage"},"image":{"@id":"https:\/\/leatai.com\/da\/product\/tilpasset-notesbog\/loesebladsnotesbog\/lef-043\/#primaryimage"},"thumbnailUrl":"https:\/\/leatai.com\/wp-content\/uploads\/2017_08_06_1757140.jpg","datePublished":"2021-06-24T05:40:28+00:00","dateModified":"2025-02-04T08:22:24+00:00","description":"Leatai produktmodel: LEF-043. Som ordsproget siger: \"Uden regler, ingen struktur\" \u2013 ligesom musikens harmoni kr\u00e6ver n\u00f8jagtighed, har enhver succesfuld virksomhed brug for klare retningslinjer for at sikre b\u00e6redygtig v\u00e6kst. Denne business planner symboliserer stabilitet og trov\u00e6rdighed, et vigtigt signal om, at din virksomhed er en p\u00e5lidelig samarbejdspartner, der arbejder efter faste principper.","breadcrumb":{"@id":"https:\/\/leatai.com\/da\/product\/tilpasset-notesbog\/loesebladsnotesbog\/lef-043\/#breadcrumb"},"inLanguage":"da-DK","potentialAction":[{"@type":"ReadAction","target":["https:\/\/leatai.com\/da\/product\/tilpasset-notesbog\/loesebladsnotesbog\/lef-043\/"]}]},{"@type":"ImageObject","inLanguage":"da-DK","@id":"https:\/\/leatai.com\/da\/product\/tilpasset-notesbog\/loesebladsnotesbog\/lef-043\/#primaryimage","url":"https:\/\/leatai.com\/wp-content\/uploads\/2017_08_06_1757140.jpg","contentUrl":"https:\/\/leatai.com\/wp-content\/uploads\/2017_08_06_1757140.jpg","width":1000,"height":750},{"@type":"BreadcrumbList","@id":"https:\/\/leatai.com\/da\/product\/tilpasset-notesbog\/loesebladsnotesbog\/lef-043\/#breadcrumb","itemListElement":[{"@type":"ListItem","position":1,"name":"Home","item":"https:\/\/leatai.com\/da\/"},{"@type":"ListItem","position":2,"name":"Produktintroduktion","item":"https:\/\/leatai.com\/products\/"},{"@type":"ListItem","position":3,"name":"Tilpasset notesbog","item":"https:\/\/leatai.com\/da\/vare-kategori\/tilpasset-notesbog\/"},{"@type":"ListItem","position":4,"name":"L\u00f8sebladsnotesbog","item":"https:\/\/leatai.com\/da\/vare-kategori\/tilpasset-notesbog\/loesebladsnotesbog\/"},{"@type":"ListItem","position":5,"name":"LEF-043"}]},{"@type":"WebSite","@id":"https:\/\/leatai.com\/da\/#website","url":"https:\/\/leatai.com\/da\/","name":"Leatai \u2013 Producent af tilpassede notesb\u00f8ger","description":"Leatai tilbyder tilpassede notesb\u00f8ger og planl\u00e6ggere til globale brands og distribut\u00f8rer.","publisher":{"@id":"https:\/\/leatai.com\/da\/#organization"},"potentialAction":[{"@type":"SearchAction","target":{"@type":"EntryPoint","urlTemplate":"https:\/\/leatai.com\/da\/?s={search_term_string}"},"query-input":{"@type":"PropertyValueSpecification","valueRequired":true,"valueName":"search_term_string"}}],"inLanguage":"da-DK"},{"@type":"Organization","@id":"https:\/\/leatai.com\/da\/#organization","name":"Leatai Diary, customized journal and business organizer","url":"https:\/\/leatai.com\/da\/","logo":{"@type":"ImageObject","inLanguage":"da-DK","@id":"https:\/\/leatai.com\/da\/#\/schema\/logo\/image\/","url":"https:\/\/leatai.com\/wp-content\/uploads\/logo-blue.png","contentUrl":"https:\/\/leatai.com\/wp-content\/uploads\/logo-blue.png","width":230,"height":60,"caption":"Leatai Diary, customized journal and business organizer"},"image":{"@id":"https:\/\/leatai.com\/da\/#\/schema\/logo\/image\/"}}]}},"_links":{"self":[{"href":"https:\/\/leatai.com\/da\/wp-json\/wp\/v2\/product\/107499","targetHints":{"allow":["GET"]}}],"collection":[{"href":"https:\/\/leatai.com\/da\/wp-json\/wp\/v2\/product"}],"about":[{"href":"https:\/\/leatai.com\/da\/wp-json\/wp\/v2\/types\/product"}],"wp:featuredmedia":[{"embeddable":true,"href":"https:\/\/leatai.com\/da\/wp-json\/wp\/v2\/media\/107500"}],"wp:attachment":[{"href":"https:\/\/leatai.com\/da\/wp-json\/wp\/v2\/media?parent=107499"}],"wp:term":[{"taxonomy":"product_brand","embeddable":true,"href":"https:\/\/leatai.com\/da\/wp-json\/wp\/v2\/product_brand?post=107499"},{"taxonomy":"product_cat","embeddable":true,"href":"https:\/\/leatai.com\/da\/wp-json\/wp\/v2\/product_cat?post=107499"},{"taxonomy":"product_tag","embeddable":true,"href":"https:\/\/leatai.com\/da\/wp-json\/wp\/v2\/product_tag?post=107499"},{"taxonomy":"home_works","embeddable":true,"href":"https:\/\/leatai.com\/da\/wp-json\/wp\/v2\/home_works?post=107499"}],"curies":[{"name":"wp","href":"https:\/\/api.w.org\/{rel}","templated":true}]}}