{"id":104716,"date":"2021-08-30T21:33:28","date_gmt":"2021-08-30T13:33:28","guid":{"rendered":"https:\/\/leatai.com\/product\/Ikke%20kategoriseret\/tilbehoer-tilkoeb-lasergravering-paa-removable-clip\/"},"modified":"2025-02-03T16:52:44","modified_gmt":"2025-02-03T08:52:44","slug":"tilbehoer-tilkoeb-lasergravering-paa-removable-clip","status":"publish","type":"product","link":"https:\/\/leatai.com\/da\/product\/tilpasset-notesbog\/aftagelig-notesbog\/tilbehoer-tilkoeb-lasergravering-paa-removable-clip\/","title":{"rendered":"Tilbeh\u00f8r tilk\u00f8b \u2013 Lasergravering p\u00e5 removable clip"},"content":{"rendered":"<p><strong>Produktbeskrivelse<\/strong><br \/>\nLeatai produktmodel: Tilbeh\u00f8r tilk\u00f8b \u2013 Lasergravering p\u00e5 removable clip. Den mest mindev\u00e6rdige m\u00e5de at g\u00f8re din planner unik p\u00e5 \u2013 med en pr\u00e6cis lasergravering af personlige motiver eller tekst direkte p\u00e5 clippen. G\u00f8r din loose leaf planner til noget helt s\u00e6rligt. Ungdommen kommer kun \u00e9n gang \u2013 grib chancen og skab noget unikt for dig selv.<\/p>\n<p>\ud83d\udcd6 Standard erhvervskalendere: <a href=\"https:\/\/leatai.com\/da\/vare-kategori\/tilpasset-notesbog\/\" target=\"_blank\" rel=\"noopener\">Alle serier og indersider<\/a> <a href=\"https:\/\/leatai.com\/da\/vare-kategori\/indersideformat\/\" target=\"_blank\" rel=\"noopener\">af erhvervskalendere<\/a><br \/>\n\ud83d\udcd6 Flere anbefalinger om tilpassede notesb\u00f8ger\/tilpassede erhvervskalendere:<br \/>\n<a href=\"https:\/\/leatai.com\/da\/vare-kategori\/forskellige-oem-proever\/oem-hardcover-notebook\/\" target=\"_blank\" rel=\"noopener\">OEM-hardcover<\/a><br \/>\n<a href=\"https:\/\/leatai.com\/da\/vare-kategori\/forskellige-oem-proever\/oem-loesblade-notesbog\/\" target=\"_blank\" rel=\"noopener\">OEM-l\u00f8sblade<\/a><br \/>\n<a href=\"https:\/\/leatai.com\/da\/vare-kategori\/forskellige-oem-proever\/oem-aftagelig-notesbog\/\" target=\"_blank\" rel=\"noopener\">OEM-udtr\u00e6kkelige l\u00f8sblade<\/a><br \/>\n<a href=\"https:\/\/leatai.com\/da\/vare-kategori\/forskellige-oem-proever\/oem-paperback-notesbog\/\" target=\"_blank\" rel=\"noopener\">OEM-softcover<\/a><br \/>\n<a href=\"https:\/\/leatai.com\/da\/vare-kategori\/forskellige-oem-proever\/oem-spiralnotesbog\/\" target=\"_blank\" rel=\"noopener\">OEM-spiralb\u00f8ger<\/a><br \/>\n<a href=\"https:\/\/leatai.com\/da\/vare-kategori\/forskellige-oem-proever\/oem-kalender\/\" target=\"_blank\" rel=\"noopener\">OEM-tilpassede riv-af-kalendere \/ tilpasset bordkalendertryk<\/a><br \/>\n<a href=\"https:\/\/leatai.com\/da\/vare-kategori\/forskellige-oem-proever\/oem-andre\/\" target=\"_blank\" rel=\"noopener\">OEM-andet<\/a><\/p>\n<p>Erhvervskalendere i sm\u00e5 m\u00e6ngder: <a href=\"https:\/\/leatai.com\/da\/vare-kategori\/billige-produkter\/\" target=\"_blank\" rel=\"noopener\">S\u00e6romr\u00e5de! Tilpassede notesb\u00f8ger i sm\u00e5 m\u00e6ngder, bestil fra kun 100 stk.<\/a><br \/>\nFor en komplet st\u00f8rrelsesforklaring, se venligst: Papirst\u00f8rrelsesguide: <a href=\"https:\/\/leatai.com\/da\/notatbogsviden\/papirstoerrelsesguide-forstaa-almindelige-stoerrelser-som-b3-a4-b5-8k-16k-og-mere-en-omfattende-stoerrelsestabel-til-nem-reference\/\" target=\"_blank\" rel=\"noopener\">B3, A4, B5, 8K, 16K og andre almindelige st\u00f8rrelser. Sammenligningstabel for papirst\u00f8rrelser, som g\u00f8r det nemt at forst\u00e5!<\/a><\/p>\n","protected":false},"excerpt":{"rendered":"<p>Produktbeskrivelse Leatai produktmodel: Tilbeh\u00f8r tilk\u00f8b \u2013 Lasergravering p\u00e5 removable clip. Den mest mindev\u00e6rdige m\u00e5de at g\u00f8re din planner unik p\u00e5 \u2013 med en pr\u00e6cis lasergravering af personlige motiver eller tekst direkte p\u00e5 clippen. G\u00f8r din loose leaf planner til noget helt s\u00e6rligt. Ungdommen kommer kun \u00e9n gang \u2013 grib chancen og skab noget unikt for [&hellip;]<\/p>\n","protected":false},"featured_media":104717,"template":"","meta":{"_acf_changed":false},"product_brand":[],"product_cat":[777],"product_tag":[],"home_works":[],"class_list":{"0":"post-104716","1":"product","2":"type-product","3":"status-publish","4":"has-post-thumbnail","6":"product_cat-aftagelig-notesbog","8":"first","9":"instock","10":"sold-individually","11":"shipping-taxable","12":"purchasable","13":"product-type-simple"},"acf":[],"yoast_head":"<!-- This site is optimized with the Yoast SEO plugin v27.2 - https:\/\/yoast.com\/product\/yoast-seo-wordpress\/ -->\n<title>Tilbeh\u00f8r tilk\u00f8b \u2013 Lasergravering p\u00e5 removable clip - Udfold din kreativitet uden gr\u00e6nser \u2013 ungdommen kommer kun \u00e9n gang. - Leatai \u2013 Producent af tilpassede notesb\u00f8ger<\/title>\n<meta name=\"description\" content=\"Leatai produktmodel: Tilbeh\u00f8r tilk\u00f8b \u2013 Lasergravering p\u00e5 removable clip. Den mest mindev\u00e6rdige m\u00e5de at g\u00f8re din planner unik p\u00e5 \u2013 med en pr\u00e6cis lasergravering af personlige motiver eller tekst direkte p\u00e5 clippen. G\u00f8r din loose leaf planner til noget helt s\u00e6rligt. Ungdommen kommer kun \u00e9n gang \u2013 grib chancen og skab noget unikt for dig selv.\" \/>\n<meta name=\"robots\" content=\"index, follow, max-snippet:-1, max-image-preview:large, max-video-preview:-1\" \/>\n<link rel=\"canonical\" href=\"https:\/\/leatai.com\/da\/product\/tilpasset-notesbog\/aftagelig-notesbog\/tilbehoer-tilkoeb-lasergravering-paa-removable-clip\/\" \/>\n<meta property=\"og:locale\" content=\"da_DK\" \/>\n<meta property=\"og:type\" content=\"article\" \/>\n<meta property=\"og:title\" content=\"Tilbeh\u00f8r tilk\u00f8b \u2013 Lasergravering p\u00e5 removable clip - Udfold din kreativitet uden gr\u00e6nser \u2013 ungdommen kommer kun \u00e9n gang. - Leatai \u2013 Producent af tilpassede notesb\u00f8ger\" \/>\n<meta property=\"og:description\" content=\"Leatai produktmodel: Tilbeh\u00f8r tilk\u00f8b \u2013 Lasergravering p\u00e5 removable clip. Den mest mindev\u00e6rdige m\u00e5de at g\u00f8re din planner unik p\u00e5 \u2013 med en pr\u00e6cis lasergravering af personlige motiver eller tekst direkte p\u00e5 clippen. G\u00f8r din loose leaf planner til noget helt s\u00e6rligt. Ungdommen kommer kun \u00e9n gang \u2013 grib chancen og skab noget unikt for dig selv.\" \/>\n<meta property=\"og:url\" content=\"https:\/\/leatai.com\/da\/product\/tilpasset-notesbog\/aftagelig-notesbog\/tilbehoer-tilkoeb-lasergravering-paa-removable-clip\/\" \/>\n<meta property=\"og:site_name\" content=\"Leatai \u2013 Producent af tilpassede notesb\u00f8ger\" \/>\n<meta property=\"article:modified_time\" content=\"2025-02-03T08:52:44+00:00\" \/>\n<meta property=\"og:image\" content=\"https:\/\/leatai.com\/wp-content\/uploads\/DSC_3325.jpg\" \/>\n\t<meta property=\"og:image:width\" content=\"1000\" \/>\n\t<meta property=\"og:image:height\" content=\"750\" \/>\n\t<meta property=\"og:image:type\" content=\"image\/jpeg\" \/>\n<meta name=\"twitter:card\" content=\"summary_large_image\" \/>\n<meta name=\"twitter:label1\" content=\"Estimeret l\u00e6setid\" \/>\n\t<meta name=\"twitter:data1\" content=\"1 minut\" \/>\n<script type=\"application\/ld+json\" class=\"yoast-schema-graph\">{\"@context\":\"https:\/\/schema.org\",\"@graph\":[{\"@type\":\"WebPage\",\"@id\":\"https:\/\/leatai.com\/da\/product\/tilpasset-notesbog\/aftagelig-notesbog\/tilbehoer-tilkoeb-lasergravering-paa-removable-clip\/\",\"url\":\"https:\/\/leatai.com\/da\/product\/tilpasset-notesbog\/aftagelig-notesbog\/tilbehoer-tilkoeb-lasergravering-paa-removable-clip\/\",\"name\":\"Tilbeh\u00f8r tilk\u00f8b \u2013 Lasergravering p\u00e5 removable clip - Udfold din kreativitet uden gr\u00e6nser \u2013 ungdommen kommer kun \u00e9n gang. - Leatai \u2013 Producent af tilpassede notesb\u00f8ger\",\"isPartOf\":{\"@id\":\"https:\/\/leatai.com\/da\/#website\"},\"primaryImageOfPage\":{\"@id\":\"https:\/\/leatai.com\/da\/product\/tilpasset-notesbog\/aftagelig-notesbog\/tilbehoer-tilkoeb-lasergravering-paa-removable-clip\/#primaryimage\"},\"image\":{\"@id\":\"https:\/\/leatai.com\/da\/product\/tilpasset-notesbog\/aftagelig-notesbog\/tilbehoer-tilkoeb-lasergravering-paa-removable-clip\/#primaryimage\"},\"thumbnailUrl\":\"https:\/\/leatai.com\/wp-content\/uploads\/DSC_3325.jpg\",\"datePublished\":\"2021-08-30T13:33:28+00:00\",\"dateModified\":\"2025-02-03T08:52:44+00:00\",\"description\":\"Leatai produktmodel: Tilbeh\u00f8r tilk\u00f8b \u2013 Lasergravering p\u00e5 removable clip. Den mest mindev\u00e6rdige m\u00e5de at g\u00f8re din planner unik p\u00e5 \u2013 med en pr\u00e6cis lasergravering af personlige motiver eller tekst direkte p\u00e5 clippen. G\u00f8r din loose leaf planner til noget helt s\u00e6rligt. Ungdommen kommer kun \u00e9n gang \u2013 grib chancen og skab noget unikt for dig selv.\",\"breadcrumb\":{\"@id\":\"https:\/\/leatai.com\/da\/product\/tilpasset-notesbog\/aftagelig-notesbog\/tilbehoer-tilkoeb-lasergravering-paa-removable-clip\/#breadcrumb\"},\"inLanguage\":\"da-DK\",\"potentialAction\":[{\"@type\":\"ReadAction\",\"target\":[\"https:\/\/leatai.com\/da\/product\/tilpasset-notesbog\/aftagelig-notesbog\/tilbehoer-tilkoeb-lasergravering-paa-removable-clip\/\"]}]},{\"@type\":\"ImageObject\",\"inLanguage\":\"da-DK\",\"@id\":\"https:\/\/leatai.com\/da\/product\/tilpasset-notesbog\/aftagelig-notesbog\/tilbehoer-tilkoeb-lasergravering-paa-removable-clip\/#primaryimage\",\"url\":\"https:\/\/leatai.com\/wp-content\/uploads\/DSC_3325.jpg\",\"contentUrl\":\"https:\/\/leatai.com\/wp-content\/uploads\/DSC_3325.jpg\",\"width\":1000,\"height\":750},{\"@type\":\"BreadcrumbList\",\"@id\":\"https:\/\/leatai.com\/da\/product\/tilpasset-notesbog\/aftagelig-notesbog\/tilbehoer-tilkoeb-lasergravering-paa-removable-clip\/#breadcrumb\",\"itemListElement\":[{\"@type\":\"ListItem\",\"position\":1,\"name\":\"Home\",\"item\":\"https:\/\/leatai.com\/da\/\"},{\"@type\":\"ListItem\",\"position\":2,\"name\":\"Produktintroduktion\",\"item\":\"https:\/\/leatai.com\/products\/\"},{\"@type\":\"ListItem\",\"position\":3,\"name\":\"Tilpasset notesbog\",\"item\":\"https:\/\/leatai.com\/da\/vare-kategori\/tilpasset-notesbog\/\"},{\"@type\":\"ListItem\",\"position\":4,\"name\":\"Aftagelig notesbog\",\"item\":\"https:\/\/leatai.com\/da\/vare-kategori\/tilpasset-notesbog\/aftagelig-notesbog\/\"},{\"@type\":\"ListItem\",\"position\":5,\"name\":\"Tilbeh\u00f8r tilk\u00f8b \u2013 Lasergravering p\u00e5 removable clip\"}]},{\"@type\":\"WebSite\",\"@id\":\"https:\/\/leatai.com\/da\/#website\",\"url\":\"https:\/\/leatai.com\/da\/\",\"name\":\"Leatai \u2013 Producent af tilpassede notesb\u00f8ger\",\"description\":\"Leatai tilbyder tilpassede notesb\u00f8ger og planl\u00e6ggere til globale brands og distribut\u00f8rer.\",\"publisher\":{\"@id\":\"https:\/\/leatai.com\/da\/#organization\"},\"potentialAction\":[{\"@type\":\"SearchAction\",\"target\":{\"@type\":\"EntryPoint\",\"urlTemplate\":\"https:\/\/leatai.com\/da\/?s={search_term_string}\"},\"query-input\":{\"@type\":\"PropertyValueSpecification\",\"valueRequired\":true,\"valueName\":\"search_term_string\"}}],\"inLanguage\":\"da-DK\"},{\"@type\":\"Organization\",\"@id\":\"https:\/\/leatai.com\/da\/#organization\",\"name\":\"Leatai Diary, customized journal and business organizer\",\"url\":\"https:\/\/leatai.com\/da\/\",\"logo\":{\"@type\":\"ImageObject\",\"inLanguage\":\"da-DK\",\"@id\":\"https:\/\/leatai.com\/da\/#\/schema\/logo\/image\/\",\"url\":\"https:\/\/leatai.com\/wp-content\/uploads\/logo-blue.png\",\"contentUrl\":\"https:\/\/leatai.com\/wp-content\/uploads\/logo-blue.png\",\"width\":230,\"height\":60,\"caption\":\"Leatai Diary, customized journal and business organizer\"},\"image\":{\"@id\":\"https:\/\/leatai.com\/da\/#\/schema\/logo\/image\/\"}}]}<\/script>\n<!-- \/ Yoast SEO plugin. -->","yoast_head_json":{"title":"Tilbeh\u00f8r tilk\u00f8b \u2013 Lasergravering p\u00e5 removable clip - Udfold din kreativitet uden gr\u00e6nser \u2013 ungdommen kommer kun \u00e9n gang. - Leatai \u2013 Producent af tilpassede notesb\u00f8ger","description":"Leatai produktmodel: Tilbeh\u00f8r tilk\u00f8b \u2013 Lasergravering p\u00e5 removable clip. Den mest mindev\u00e6rdige m\u00e5de at g\u00f8re din planner unik p\u00e5 \u2013 med en pr\u00e6cis lasergravering af personlige motiver eller tekst direkte p\u00e5 clippen. G\u00f8r din loose leaf planner til noget helt s\u00e6rligt. Ungdommen kommer kun \u00e9n gang \u2013 grib chancen og skab noget unikt for dig selv.","robots":{"index":"index","follow":"follow","max-snippet":"max-snippet:-1","max-image-preview":"max-image-preview:large","max-video-preview":"max-video-preview:-1"},"canonical":"https:\/\/leatai.com\/da\/product\/tilpasset-notesbog\/aftagelig-notesbog\/tilbehoer-tilkoeb-lasergravering-paa-removable-clip\/","og_locale":"da_DK","og_type":"article","og_title":"Tilbeh\u00f8r tilk\u00f8b \u2013 Lasergravering p\u00e5 removable clip - Udfold din kreativitet uden gr\u00e6nser \u2013 ungdommen kommer kun \u00e9n gang. - Leatai \u2013 Producent af tilpassede notesb\u00f8ger","og_description":"Leatai produktmodel: Tilbeh\u00f8r tilk\u00f8b \u2013 Lasergravering p\u00e5 removable clip. Den mest mindev\u00e6rdige m\u00e5de at g\u00f8re din planner unik p\u00e5 \u2013 med en pr\u00e6cis lasergravering af personlige motiver eller tekst direkte p\u00e5 clippen. G\u00f8r din loose leaf planner til noget helt s\u00e6rligt. Ungdommen kommer kun \u00e9n gang \u2013 grib chancen og skab noget unikt for dig selv.","og_url":"https:\/\/leatai.com\/da\/product\/tilpasset-notesbog\/aftagelig-notesbog\/tilbehoer-tilkoeb-lasergravering-paa-removable-clip\/","og_site_name":"Leatai \u2013 Producent af tilpassede notesb\u00f8ger","article_modified_time":"2025-02-03T08:52:44+00:00","og_image":[{"width":1000,"height":750,"url":"https:\/\/leatai.com\/wp-content\/uploads\/DSC_3325.jpg","type":"image\/jpeg"}],"twitter_card":"summary_large_image","twitter_misc":{"Estimeret l\u00e6setid":"1 minut"},"schema":{"@context":"https:\/\/schema.org","@graph":[{"@type":"WebPage","@id":"https:\/\/leatai.com\/da\/product\/tilpasset-notesbog\/aftagelig-notesbog\/tilbehoer-tilkoeb-lasergravering-paa-removable-clip\/","url":"https:\/\/leatai.com\/da\/product\/tilpasset-notesbog\/aftagelig-notesbog\/tilbehoer-tilkoeb-lasergravering-paa-removable-clip\/","name":"Tilbeh\u00f8r tilk\u00f8b \u2013 Lasergravering p\u00e5 removable clip - Udfold din kreativitet uden gr\u00e6nser \u2013 ungdommen kommer kun \u00e9n gang. - Leatai \u2013 Producent af tilpassede notesb\u00f8ger","isPartOf":{"@id":"https:\/\/leatai.com\/da\/#website"},"primaryImageOfPage":{"@id":"https:\/\/leatai.com\/da\/product\/tilpasset-notesbog\/aftagelig-notesbog\/tilbehoer-tilkoeb-lasergravering-paa-removable-clip\/#primaryimage"},"image":{"@id":"https:\/\/leatai.com\/da\/product\/tilpasset-notesbog\/aftagelig-notesbog\/tilbehoer-tilkoeb-lasergravering-paa-removable-clip\/#primaryimage"},"thumbnailUrl":"https:\/\/leatai.com\/wp-content\/uploads\/DSC_3325.jpg","datePublished":"2021-08-30T13:33:28+00:00","dateModified":"2025-02-03T08:52:44+00:00","description":"Leatai produktmodel: Tilbeh\u00f8r tilk\u00f8b \u2013 Lasergravering p\u00e5 removable clip. Den mest mindev\u00e6rdige m\u00e5de at g\u00f8re din planner unik p\u00e5 \u2013 med en pr\u00e6cis lasergravering af personlige motiver eller tekst direkte p\u00e5 clippen. G\u00f8r din loose leaf planner til noget helt s\u00e6rligt. Ungdommen kommer kun \u00e9n gang \u2013 grib chancen og skab noget unikt for dig selv.","breadcrumb":{"@id":"https:\/\/leatai.com\/da\/product\/tilpasset-notesbog\/aftagelig-notesbog\/tilbehoer-tilkoeb-lasergravering-paa-removable-clip\/#breadcrumb"},"inLanguage":"da-DK","potentialAction":[{"@type":"ReadAction","target":["https:\/\/leatai.com\/da\/product\/tilpasset-notesbog\/aftagelig-notesbog\/tilbehoer-tilkoeb-lasergravering-paa-removable-clip\/"]}]},{"@type":"ImageObject","inLanguage":"da-DK","@id":"https:\/\/leatai.com\/da\/product\/tilpasset-notesbog\/aftagelig-notesbog\/tilbehoer-tilkoeb-lasergravering-paa-removable-clip\/#primaryimage","url":"https:\/\/leatai.com\/wp-content\/uploads\/DSC_3325.jpg","contentUrl":"https:\/\/leatai.com\/wp-content\/uploads\/DSC_3325.jpg","width":1000,"height":750},{"@type":"BreadcrumbList","@id":"https:\/\/leatai.com\/da\/product\/tilpasset-notesbog\/aftagelig-notesbog\/tilbehoer-tilkoeb-lasergravering-paa-removable-clip\/#breadcrumb","itemListElement":[{"@type":"ListItem","position":1,"name":"Home","item":"https:\/\/leatai.com\/da\/"},{"@type":"ListItem","position":2,"name":"Produktintroduktion","item":"https:\/\/leatai.com\/products\/"},{"@type":"ListItem","position":3,"name":"Tilpasset notesbog","item":"https:\/\/leatai.com\/da\/vare-kategori\/tilpasset-notesbog\/"},{"@type":"ListItem","position":4,"name":"Aftagelig notesbog","item":"https:\/\/leatai.com\/da\/vare-kategori\/tilpasset-notesbog\/aftagelig-notesbog\/"},{"@type":"ListItem","position":5,"name":"Tilbeh\u00f8r tilk\u00f8b \u2013 Lasergravering p\u00e5 removable clip"}]},{"@type":"WebSite","@id":"https:\/\/leatai.com\/da\/#website","url":"https:\/\/leatai.com\/da\/","name":"Leatai \u2013 Producent af tilpassede notesb\u00f8ger","description":"Leatai tilbyder tilpassede notesb\u00f8ger og planl\u00e6ggere til globale brands og distribut\u00f8rer.","publisher":{"@id":"https:\/\/leatai.com\/da\/#organization"},"potentialAction":[{"@type":"SearchAction","target":{"@type":"EntryPoint","urlTemplate":"https:\/\/leatai.com\/da\/?s={search_term_string}"},"query-input":{"@type":"PropertyValueSpecification","valueRequired":true,"valueName":"search_term_string"}}],"inLanguage":"da-DK"},{"@type":"Organization","@id":"https:\/\/leatai.com\/da\/#organization","name":"Leatai Diary, customized journal and business organizer","url":"https:\/\/leatai.com\/da\/","logo":{"@type":"ImageObject","inLanguage":"da-DK","@id":"https:\/\/leatai.com\/da\/#\/schema\/logo\/image\/","url":"https:\/\/leatai.com\/wp-content\/uploads\/logo-blue.png","contentUrl":"https:\/\/leatai.com\/wp-content\/uploads\/logo-blue.png","width":230,"height":60,"caption":"Leatai Diary, customized journal and business organizer"},"image":{"@id":"https:\/\/leatai.com\/da\/#\/schema\/logo\/image\/"}}]}},"_links":{"self":[{"href":"https:\/\/leatai.com\/da\/wp-json\/wp\/v2\/product\/104716","targetHints":{"allow":["GET"]}}],"collection":[{"href":"https:\/\/leatai.com\/da\/wp-json\/wp\/v2\/product"}],"about":[{"href":"https:\/\/leatai.com\/da\/wp-json\/wp\/v2\/types\/product"}],"wp:featuredmedia":[{"embeddable":true,"href":"https:\/\/leatai.com\/da\/wp-json\/wp\/v2\/media\/104717"}],"wp:attachment":[{"href":"https:\/\/leatai.com\/da\/wp-json\/wp\/v2\/media?parent=104716"}],"wp:term":[{"taxonomy":"product_brand","embeddable":true,"href":"https:\/\/leatai.com\/da\/wp-json\/wp\/v2\/product_brand?post=104716"},{"taxonomy":"product_cat","embeddable":true,"href":"https:\/\/leatai.com\/da\/wp-json\/wp\/v2\/product_cat?post=104716"},{"taxonomy":"product_tag","embeddable":true,"href":"https:\/\/leatai.com\/da\/wp-json\/wp\/v2\/product_tag?post=104716"},{"taxonomy":"home_works","embeddable":true,"href":"https:\/\/leatai.com\/da\/wp-json\/wp\/v2\/home_works?post=104716"}],"curies":[{"name":"wp","href":"https:\/\/api.w.org\/{rel}","templated":true}]}}