{"id":104346,"date":"2022-08-04T23:54:45","date_gmt":"2022-08-04T15:54:45","guid":{"rendered":"https:\/\/leatai.com\/product\/Ikke%20kategoriseret\/ldo-030\/"},"modified":"2025-02-03T16:58:05","modified_gmt":"2025-02-03T08:58:05","slug":"ldo-030","status":"publish","type":"product","link":"https:\/\/leatai.com\/da\/product\/tilpasset-notesbog\/aftagelig-notesbog\/ldo-030\/","title":{"rendered":"LDO-030"},"content":{"rendered":"<p><strong>Produktmodel:<\/strong> LDO-030<br \/>\n<strong>Omslagsmateriale:<\/strong> Syntetisk l\u00e6der<br \/>\n<strong>Farve:<\/strong> Lilla \/ Beige<br \/>\nSpecifikationer: 25K (20 huller\/6 huller) \/ 48K (18 huller\/6 huller) <a href=\"https:\/\/leatai.com\/da\/faq\/hvad-er-8k-16k-og-25k-planlaegningsstoerrelser-hvor-store-er-de\/\" target=\"_blank\" rel=\"noopener\">(almindelige st\u00f8rrelser)<\/a><br \/>\nIndhold: Standardudgave<a href=\"https:\/\/leatai.com\/da\/vare-kategori\/indersideformat\/\" target=\"_blank\" rel=\"noopener\"> (valg af indvendigt layout)<\/a><br \/>\n<strong>Emballage:<\/strong> OPP-pose (valgfrit)<br \/>\n<strong>LOGO-forarbejdning:<\/strong> Guldpr\u00e6gning, s\u00f8lvpr\u00e6gning, debossing<\/p>\n<p>Produktbeskrivelse<br \/>\nLeatai produktmodel: LDO-030. Removable planners har den fordel, at deres dele let kan udskiftes, samtidig med at de forbliver lette og fleksible. Dog har de ofte manglet en dedikeret plads til en pen \u2013 indtil nu. Denne model l\u00f8ser problemet ved at integrere en elastisk penneholder direkte i omslaget, hvilket g\u00f8r designet b\u00e5de praktisk og komplet. En perfekt kombination af funktionalitet og innovation.<\/p>\n<p>\ud83d\udcd6 Standard erhvervskalendere: <a href=\"https:\/\/leatai.com\/da\/vare-kategori\/tilpasset-notesbog\/\" target=\"_blank\" rel=\"noopener\">Alle serier og indersider<\/a> <a href=\"https:\/\/leatai.com\/da\/vare-kategori\/indersideformat\/\" target=\"_blank\" rel=\"noopener\">af erhvervskalendere<\/a><br \/>\n\ud83d\udcd6 Flere anbefalinger om tilpassede notesb\u00f8ger\/tilpassede erhvervskalendere:<br \/>\n<a href=\"https:\/\/leatai.com\/da\/vare-kategori\/forskellige-oem-proever\/oem-hardcover-notebook\/\" target=\"_blank\" rel=\"noopener\">OEM-hardcover<\/a><br \/>\n<a href=\"https:\/\/leatai.com\/da\/vare-kategori\/forskellige-oem-proever\/oem-loesblade-notesbog\/\" target=\"_blank\" rel=\"noopener\">OEM-l\u00f8sblade<\/a><br \/>\n<a href=\"https:\/\/leatai.com\/da\/vare-kategori\/forskellige-oem-proever\/oem-aftagelig-notesbog\/\" target=\"_blank\" rel=\"noopener\">OEM-udtr\u00e6kkelige l\u00f8sblade<\/a><br \/>\n<a href=\"https:\/\/leatai.com\/da\/vare-kategori\/forskellige-oem-proever\/oem-paperback-notesbog\/\" target=\"_blank\" rel=\"noopener\">OEM-softcover<\/a><br \/>\n<a href=\"https:\/\/leatai.com\/da\/vare-kategori\/forskellige-oem-proever\/oem-spiralnotesbog\/\" target=\"_blank\" rel=\"noopener\">OEM-spiralb\u00f8ger<\/a><br \/>\n<a href=\"https:\/\/leatai.com\/da\/vare-kategori\/forskellige-oem-proever\/oem-kalender\/\" target=\"_blank\" rel=\"noopener\">OEM-tilpassede riv-af-kalendere \/ tilpasset bordkalendertryk<\/a><br \/>\n<a href=\"https:\/\/leatai.com\/da\/vare-kategori\/forskellige-oem-proever\/oem-andre\/\" target=\"_blank\" rel=\"noopener\">OEM-andet<\/a><\/p>\n<p>Erhvervskalendere i sm\u00e5 m\u00e6ngder: <a href=\"https:\/\/leatai.com\/da\/vare-kategori\/billige-produkter\/\" target=\"_blank\" rel=\"noopener\">S\u00e6romr\u00e5de! Tilpassede notesb\u00f8ger i sm\u00e5 m\u00e6ngder, bestil fra kun 100 stk.<\/a><br \/>\nFor en komplet st\u00f8rrelsesforklaring, se venligst: Papirst\u00f8rrelsesguide: <a href=\"https:\/\/leatai.com\/da\/notatbogsviden\/papirstoerrelsesguide-forstaa-almindelige-stoerrelser-som-b3-a4-b5-8k-16k-og-mere-en-omfattende-stoerrelsestabel-til-nem-reference\/\" target=\"_blank\" rel=\"noopener\">B3, A4, B5, 8K, 16K og andre almindelige st\u00f8rrelser. Sammenligningstabel for papirst\u00f8rrelser, som g\u00f8r det nemt at forst\u00e5!<\/a><\/p>\n<p><iframe title=\"How to DIY a removable notebook\" width=\"800\" height=\"450\" src=\"https:\/\/www.youtube.com\/embed\/OsLvh1PRzxo?feature=oembed&#038;enablejsapi=1&#038;origin=https:\/\/leatai.com\" frameborder=\"0\" allow=\"accelerometer; autoplay; clipboard-write; encrypted-media; gyroscope; picture-in-picture; web-share\" referrerpolicy=\"strict-origin-when-cross-origin\" allowfullscreen><\/iframe><\/p>\n","protected":false},"excerpt":{"rendered":"<p>Produktmodel: LDO-030 Omslagsmateriale: Syntetisk l\u00e6der Farve: Lilla \/ Beige Specifikationer: 25K (20 huller\/6 huller) \/ 48K (18 huller\/6 huller) (almindelige st\u00f8rrelser) Indhold: Standardudgave (valg af indvendigt layout) Emballage: OPP-pose (valgfrit) LOGO-forarbejdning: Guldpr\u00e6gning, s\u00f8lvpr\u00e6gning, debossing Produktbeskrivelse Leatai produktmodel: LDO-030. Removable planners har den fordel, at deres dele let kan udskiftes, samtidig med at de forbliver lette [&hellip;]<\/p>\n","protected":false},"featured_media":104350,"template":"","meta":{"_acf_changed":false},"product_brand":[],"product_cat":[777],"product_tag":[1251,1241],"home_works":[],"class_list":{"0":"post-104346","1":"product","2":"type-product","3":"status-publish","4":"has-post-thumbnail","6":"product_cat-aftagelig-notesbog","7":"product_tag-25k-da","8":"product_tag-skraeddersyede-notesboger","10":"first","11":"outofstock","12":"sold-individually","13":"shipping-taxable","14":"purchasable","15":"product-type-variable","16":"has-default-attributes"},"acf":[],"yoast_head":"<!-- This site is optimized with the Yoast SEO plugin v27.2 - https:\/\/yoast.com\/product\/yoast-seo-wordpress\/ -->\n<title>LDO-030 - Aldrig mere bekymringer om penneholderen - Leatai \u2013 Producent af tilpassede notesb\u00f8ger<\/title>\n<meta name=\"description\" content=\"Leatai produktmodel: LDO-030. Removable planners har den fordel, at deres dele let kan udskiftes, samtidig med at de forbliver lette og fleksible. Dog har de ofte manglet en dedikeret plads til en pen \u2013 indtil nu. Denne model l\u00f8ser problemet ved at integrere en elastisk penneholder direkte i omslaget, hvilket g\u00f8r designet b\u00e5de praktisk og komplet. En perfekt kombination af funktionalitet og innovation.\" \/>\n<meta name=\"robots\" content=\"index, follow, max-snippet:-1, max-image-preview:large, max-video-preview:-1\" \/>\n<link rel=\"canonical\" href=\"https:\/\/leatai.com\/da\/product\/tilpasset-notesbog\/aftagelig-notesbog\/ldo-030\/\" \/>\n<meta property=\"og:locale\" content=\"da_DK\" \/>\n<meta property=\"og:type\" content=\"article\" \/>\n<meta property=\"og:title\" content=\"LDO-030 - Aldrig mere bekymringer om penneholderen - Leatai \u2013 Producent af tilpassede notesb\u00f8ger\" \/>\n<meta property=\"og:description\" content=\"Leatai produktmodel: LDO-030. Removable planners har den fordel, at deres dele let kan udskiftes, samtidig med at de forbliver lette og fleksible. Dog har de ofte manglet en dedikeret plads til en pen \u2013 indtil nu. Denne model l\u00f8ser problemet ved at integrere en elastisk penneholder direkte i omslaget, hvilket g\u00f8r designet b\u00e5de praktisk og komplet. En perfekt kombination af funktionalitet og innovation.\" \/>\n<meta property=\"og:url\" content=\"https:\/\/leatai.com\/da\/product\/tilpasset-notesbog\/aftagelig-notesbog\/ldo-030\/\" \/>\n<meta property=\"og:site_name\" content=\"Leatai \u2013 Producent af tilpassede notesb\u00f8ger\" \/>\n<meta property=\"article:modified_time\" content=\"2025-02-03T08:58:05+00:00\" \/>\n<meta property=\"og:image\" content=\"https:\/\/leatai.com\/wp-content\/uploads\/DSC_6436.jpg\" \/>\n\t<meta property=\"og:image:width\" content=\"1000\" \/>\n\t<meta property=\"og:image:height\" content=\"750\" \/>\n\t<meta property=\"og:image:type\" content=\"image\/jpeg\" \/>\n<meta name=\"twitter:card\" content=\"summary_large_image\" \/>\n<meta name=\"twitter:label1\" content=\"Estimeret l\u00e6setid\" \/>\n\t<meta name=\"twitter:data1\" content=\"2 minutter\" \/>\n<script type=\"application\/ld+json\" class=\"yoast-schema-graph\">{\"@context\":\"https:\/\/schema.org\",\"@graph\":[{\"@type\":\"WebPage\",\"@id\":\"https:\/\/leatai.com\/da\/product\/tilpasset-notesbog\/aftagelig-notesbog\/ldo-030\/\",\"url\":\"https:\/\/leatai.com\/da\/product\/tilpasset-notesbog\/aftagelig-notesbog\/ldo-030\/\",\"name\":\"LDO-030 - Aldrig mere bekymringer om penneholderen - Leatai \u2013 Producent af tilpassede notesb\u00f8ger\",\"isPartOf\":{\"@id\":\"https:\/\/leatai.com\/da\/#website\"},\"primaryImageOfPage\":{\"@id\":\"https:\/\/leatai.com\/da\/product\/tilpasset-notesbog\/aftagelig-notesbog\/ldo-030\/#primaryimage\"},\"image\":{\"@id\":\"https:\/\/leatai.com\/da\/product\/tilpasset-notesbog\/aftagelig-notesbog\/ldo-030\/#primaryimage\"},\"thumbnailUrl\":\"https:\/\/leatai.com\/wp-content\/uploads\/DSC_6436.jpg\",\"datePublished\":\"2022-08-04T15:54:45+00:00\",\"dateModified\":\"2025-02-03T08:58:05+00:00\",\"description\":\"Leatai produktmodel: LDO-030. Removable planners har den fordel, at deres dele let kan udskiftes, samtidig med at de forbliver lette og fleksible. Dog har de ofte manglet en dedikeret plads til en pen \u2013 indtil nu. Denne model l\u00f8ser problemet ved at integrere en elastisk penneholder direkte i omslaget, hvilket g\u00f8r designet b\u00e5de praktisk og komplet. En perfekt kombination af funktionalitet og innovation.\",\"breadcrumb\":{\"@id\":\"https:\/\/leatai.com\/da\/product\/tilpasset-notesbog\/aftagelig-notesbog\/ldo-030\/#breadcrumb\"},\"inLanguage\":\"da-DK\",\"potentialAction\":[{\"@type\":\"ReadAction\",\"target\":[\"https:\/\/leatai.com\/da\/product\/tilpasset-notesbog\/aftagelig-notesbog\/ldo-030\/\"]}]},{\"@type\":\"ImageObject\",\"inLanguage\":\"da-DK\",\"@id\":\"https:\/\/leatai.com\/da\/product\/tilpasset-notesbog\/aftagelig-notesbog\/ldo-030\/#primaryimage\",\"url\":\"https:\/\/leatai.com\/wp-content\/uploads\/DSC_6436.jpg\",\"contentUrl\":\"https:\/\/leatai.com\/wp-content\/uploads\/DSC_6436.jpg\",\"width\":1000,\"height\":750},{\"@type\":\"BreadcrumbList\",\"@id\":\"https:\/\/leatai.com\/da\/product\/tilpasset-notesbog\/aftagelig-notesbog\/ldo-030\/#breadcrumb\",\"itemListElement\":[{\"@type\":\"ListItem\",\"position\":1,\"name\":\"Home\",\"item\":\"https:\/\/leatai.com\/da\/\"},{\"@type\":\"ListItem\",\"position\":2,\"name\":\"Produktintroduktion\",\"item\":\"https:\/\/leatai.com\/products\/\"},{\"@type\":\"ListItem\",\"position\":3,\"name\":\"Tilpasset notesbog\",\"item\":\"https:\/\/leatai.com\/da\/vare-kategori\/tilpasset-notesbog\/\"},{\"@type\":\"ListItem\",\"position\":4,\"name\":\"Aftagelig notesbog\",\"item\":\"https:\/\/leatai.com\/da\/vare-kategori\/tilpasset-notesbog\/aftagelig-notesbog\/\"},{\"@type\":\"ListItem\",\"position\":5,\"name\":\"LDO-030\"}]},{\"@type\":\"WebSite\",\"@id\":\"https:\/\/leatai.com\/da\/#website\",\"url\":\"https:\/\/leatai.com\/da\/\",\"name\":\"Leatai \u2013 Producent af tilpassede notesb\u00f8ger\",\"description\":\"Leatai tilbyder tilpassede notesb\u00f8ger og planl\u00e6ggere til globale brands og distribut\u00f8rer.\",\"publisher\":{\"@id\":\"https:\/\/leatai.com\/da\/#organization\"},\"potentialAction\":[{\"@type\":\"SearchAction\",\"target\":{\"@type\":\"EntryPoint\",\"urlTemplate\":\"https:\/\/leatai.com\/da\/?s={search_term_string}\"},\"query-input\":{\"@type\":\"PropertyValueSpecification\",\"valueRequired\":true,\"valueName\":\"search_term_string\"}}],\"inLanguage\":\"da-DK\"},{\"@type\":\"Organization\",\"@id\":\"https:\/\/leatai.com\/da\/#organization\",\"name\":\"Leatai Diary, customized journal and business organizer\",\"url\":\"https:\/\/leatai.com\/da\/\",\"logo\":{\"@type\":\"ImageObject\",\"inLanguage\":\"da-DK\",\"@id\":\"https:\/\/leatai.com\/da\/#\/schema\/logo\/image\/\",\"url\":\"https:\/\/leatai.com\/wp-content\/uploads\/logo-blue.png\",\"contentUrl\":\"https:\/\/leatai.com\/wp-content\/uploads\/logo-blue.png\",\"width\":230,\"height\":60,\"caption\":\"Leatai Diary, customized journal and business organizer\"},\"image\":{\"@id\":\"https:\/\/leatai.com\/da\/#\/schema\/logo\/image\/\"}}]}<\/script>\n<!-- \/ Yoast SEO plugin. -->","yoast_head_json":{"title":"LDO-030 - Aldrig mere bekymringer om penneholderen - Leatai \u2013 Producent af tilpassede notesb\u00f8ger","description":"Leatai produktmodel: LDO-030. Removable planners har den fordel, at deres dele let kan udskiftes, samtidig med at de forbliver lette og fleksible. Dog har de ofte manglet en dedikeret plads til en pen \u2013 indtil nu. Denne model l\u00f8ser problemet ved at integrere en elastisk penneholder direkte i omslaget, hvilket g\u00f8r designet b\u00e5de praktisk og komplet. En perfekt kombination af funktionalitet og innovation.","robots":{"index":"index","follow":"follow","max-snippet":"max-snippet:-1","max-image-preview":"max-image-preview:large","max-video-preview":"max-video-preview:-1"},"canonical":"https:\/\/leatai.com\/da\/product\/tilpasset-notesbog\/aftagelig-notesbog\/ldo-030\/","og_locale":"da_DK","og_type":"article","og_title":"LDO-030 - Aldrig mere bekymringer om penneholderen - Leatai \u2013 Producent af tilpassede notesb\u00f8ger","og_description":"Leatai produktmodel: LDO-030. Removable planners har den fordel, at deres dele let kan udskiftes, samtidig med at de forbliver lette og fleksible. Dog har de ofte manglet en dedikeret plads til en pen \u2013 indtil nu. Denne model l\u00f8ser problemet ved at integrere en elastisk penneholder direkte i omslaget, hvilket g\u00f8r designet b\u00e5de praktisk og komplet. En perfekt kombination af funktionalitet og innovation.","og_url":"https:\/\/leatai.com\/da\/product\/tilpasset-notesbog\/aftagelig-notesbog\/ldo-030\/","og_site_name":"Leatai \u2013 Producent af tilpassede notesb\u00f8ger","article_modified_time":"2025-02-03T08:58:05+00:00","og_image":[{"width":1000,"height":750,"url":"https:\/\/leatai.com\/wp-content\/uploads\/DSC_6436.jpg","type":"image\/jpeg"}],"twitter_card":"summary_large_image","twitter_misc":{"Estimeret l\u00e6setid":"2 minutter"},"schema":{"@context":"https:\/\/schema.org","@graph":[{"@type":"WebPage","@id":"https:\/\/leatai.com\/da\/product\/tilpasset-notesbog\/aftagelig-notesbog\/ldo-030\/","url":"https:\/\/leatai.com\/da\/product\/tilpasset-notesbog\/aftagelig-notesbog\/ldo-030\/","name":"LDO-030 - Aldrig mere bekymringer om penneholderen - Leatai \u2013 Producent af tilpassede notesb\u00f8ger","isPartOf":{"@id":"https:\/\/leatai.com\/da\/#website"},"primaryImageOfPage":{"@id":"https:\/\/leatai.com\/da\/product\/tilpasset-notesbog\/aftagelig-notesbog\/ldo-030\/#primaryimage"},"image":{"@id":"https:\/\/leatai.com\/da\/product\/tilpasset-notesbog\/aftagelig-notesbog\/ldo-030\/#primaryimage"},"thumbnailUrl":"https:\/\/leatai.com\/wp-content\/uploads\/DSC_6436.jpg","datePublished":"2022-08-04T15:54:45+00:00","dateModified":"2025-02-03T08:58:05+00:00","description":"Leatai produktmodel: LDO-030. Removable planners har den fordel, at deres dele let kan udskiftes, samtidig med at de forbliver lette og fleksible. Dog har de ofte manglet en dedikeret plads til en pen \u2013 indtil nu. Denne model l\u00f8ser problemet ved at integrere en elastisk penneholder direkte i omslaget, hvilket g\u00f8r designet b\u00e5de praktisk og komplet. En perfekt kombination af funktionalitet og innovation.","breadcrumb":{"@id":"https:\/\/leatai.com\/da\/product\/tilpasset-notesbog\/aftagelig-notesbog\/ldo-030\/#breadcrumb"},"inLanguage":"da-DK","potentialAction":[{"@type":"ReadAction","target":["https:\/\/leatai.com\/da\/product\/tilpasset-notesbog\/aftagelig-notesbog\/ldo-030\/"]}]},{"@type":"ImageObject","inLanguage":"da-DK","@id":"https:\/\/leatai.com\/da\/product\/tilpasset-notesbog\/aftagelig-notesbog\/ldo-030\/#primaryimage","url":"https:\/\/leatai.com\/wp-content\/uploads\/DSC_6436.jpg","contentUrl":"https:\/\/leatai.com\/wp-content\/uploads\/DSC_6436.jpg","width":1000,"height":750},{"@type":"BreadcrumbList","@id":"https:\/\/leatai.com\/da\/product\/tilpasset-notesbog\/aftagelig-notesbog\/ldo-030\/#breadcrumb","itemListElement":[{"@type":"ListItem","position":1,"name":"Home","item":"https:\/\/leatai.com\/da\/"},{"@type":"ListItem","position":2,"name":"Produktintroduktion","item":"https:\/\/leatai.com\/products\/"},{"@type":"ListItem","position":3,"name":"Tilpasset notesbog","item":"https:\/\/leatai.com\/da\/vare-kategori\/tilpasset-notesbog\/"},{"@type":"ListItem","position":4,"name":"Aftagelig notesbog","item":"https:\/\/leatai.com\/da\/vare-kategori\/tilpasset-notesbog\/aftagelig-notesbog\/"},{"@type":"ListItem","position":5,"name":"LDO-030"}]},{"@type":"WebSite","@id":"https:\/\/leatai.com\/da\/#website","url":"https:\/\/leatai.com\/da\/","name":"Leatai \u2013 Producent af tilpassede notesb\u00f8ger","description":"Leatai tilbyder tilpassede notesb\u00f8ger og planl\u00e6ggere til globale brands og distribut\u00f8rer.","publisher":{"@id":"https:\/\/leatai.com\/da\/#organization"},"potentialAction":[{"@type":"SearchAction","target":{"@type":"EntryPoint","urlTemplate":"https:\/\/leatai.com\/da\/?s={search_term_string}"},"query-input":{"@type":"PropertyValueSpecification","valueRequired":true,"valueName":"search_term_string"}}],"inLanguage":"da-DK"},{"@type":"Organization","@id":"https:\/\/leatai.com\/da\/#organization","name":"Leatai Diary, customized journal and business organizer","url":"https:\/\/leatai.com\/da\/","logo":{"@type":"ImageObject","inLanguage":"da-DK","@id":"https:\/\/leatai.com\/da\/#\/schema\/logo\/image\/","url":"https:\/\/leatai.com\/wp-content\/uploads\/logo-blue.png","contentUrl":"https:\/\/leatai.com\/wp-content\/uploads\/logo-blue.png","width":230,"height":60,"caption":"Leatai Diary, customized journal and business organizer"},"image":{"@id":"https:\/\/leatai.com\/da\/#\/schema\/logo\/image\/"}}]}},"_links":{"self":[{"href":"https:\/\/leatai.com\/da\/wp-json\/wp\/v2\/product\/104346","targetHints":{"allow":["GET"]}}],"collection":[{"href":"https:\/\/leatai.com\/da\/wp-json\/wp\/v2\/product"}],"about":[{"href":"https:\/\/leatai.com\/da\/wp-json\/wp\/v2\/types\/product"}],"wp:featuredmedia":[{"embeddable":true,"href":"https:\/\/leatai.com\/da\/wp-json\/wp\/v2\/media\/104350"}],"wp:attachment":[{"href":"https:\/\/leatai.com\/da\/wp-json\/wp\/v2\/media?parent=104346"}],"wp:term":[{"taxonomy":"product_brand","embeddable":true,"href":"https:\/\/leatai.com\/da\/wp-json\/wp\/v2\/product_brand?post=104346"},{"taxonomy":"product_cat","embeddable":true,"href":"https:\/\/leatai.com\/da\/wp-json\/wp\/v2\/product_cat?post=104346"},{"taxonomy":"product_tag","embeddable":true,"href":"https:\/\/leatai.com\/da\/wp-json\/wp\/v2\/product_tag?post=104346"},{"taxonomy":"home_works","embeddable":true,"href":"https:\/\/leatai.com\/da\/wp-json\/wp\/v2\/home_works?post=104346"}],"curies":[{"name":"wp","href":"https:\/\/api.w.org\/{rel}","templated":true}]}}