{"id":101680,"date":"2021-06-24T13:26:43","date_gmt":"2021-06-24T05:26:43","guid":{"rendered":"https:\/\/leatai.com\/product\/Ikke%20kategoriseret\/rutet-notesbog-specielt-papir-til-fyldepen-eksklusiv-fyldepensnotesbog-fra-taiwan\/"},"modified":"2025-02-03T10:26:10","modified_gmt":"2025-02-03T02:26:10","slug":"rutet-notesbog-specielt-papir-til-fyldepen-eksklusiv-fyldepensnotesbog-fra-taiwan","status":"publish","type":"product","link":"https:\/\/leatai.com\/da\/product\/tilpasset-notesbog\/paperback-notesbog\/rutet-notesbog-specielt-papir-til-fyldepen-eksklusiv-fyldepensnotesbog-fra-taiwan\/","title":{"rendered":"Rutet notesbog (specielt papir til fyldepen) \u2013 Eksklusiv fyldepensnotesbog fra Taiwan"},"content":{"rendered":"<div class=\"flex-1 overflow-hidden @container\/thread\">\n<div class=\"h-full\">\n<div class=\"react-scroll-to-bottom--css-gevil-79elbk h-full\">\n<div class=\"react-scroll-to-bottom--css-gevil-1n7m0yu\">\n<div class=\"flex flex-col text-sm md:pb-9\">\n<article class=\"w-full scroll-mb-[var(--thread-trailing-height,150px)] text-token-text-primary focus-visible:outline-2 focus-visible:outline-offset-[-4px]\" dir=\"auto\" data-testid=\"conversation-turn-915\" data-scroll-anchor=\"true\">\n<div class=\"m-auto text-base py-[18px] px-3 md:px-4 w-full md:px-5 lg:px-4 xl:px-5\">\n<div class=\"mx-auto flex flex-1 gap-4 text-base md:gap-5 lg:gap-6 md:max-w-3xl lg:max-w-[40rem] xl:max-w-[48rem]\">\n<div class=\"group\/conversation-turn relative flex w-full min-w-0 flex-col agent-turn\">\n<div class=\"flex-col gap-1 md:gap-3\">\n<div class=\"flex max-w-full flex-col flex-grow\">\n<div class=\"min-h-8 text-message flex w-full flex-col items-end gap-2 whitespace-normal break-words text-start [.text-message+&amp;]:mt-5\" dir=\"auto\" data-message-author-role=\"assistant\" data-message-id=\"6b1136f2-70fb-48aa-8efb-530dcfffdaa8\" data-message-model-slug=\"gpt-4o\">\n<div class=\"flex w-full flex-col gap-1 empty:hidden first:pt-[3px]\">\n<div class=\"markdown prose w-full break-words dark:prose-invert dark\">\n<div class=\"flex max-w-full flex-col flex-grow\">\n<div class=\"min-h-8 text-message flex w-full flex-col items-end gap-2 whitespace-normal break-words text-start [.text-message+&amp;]:mt-5\" dir=\"auto\" data-message-author-role=\"assistant\" data-message-id=\"86dc1aa8-1044-4cc4-9095-5cd326940ef9\" data-message-model-slug=\"gpt-4o\">\n<div class=\"flex w-full flex-col gap-1 empty:hidden first:pt-[3px]\">\n<div class=\"markdown prose w-full break-words dark:prose-invert dark\">\n<p>Produktmodel: LSC-011 \u2013 Klassisk kvadreret notesbog (Leatai Classic Notebook)<\/p>\n<p>Materialer og specifikationer:<\/p>\n<ul>\n<li>Papir: Eksklusivt papir \u2013 Mui Kai Paper (specielt udviklet til fyldepenne, beige farve)<\/li>\n<li>Omslag: Sort<\/li>\n<li>Papirv\u00e6gt: 80g (80 ark, 160 sider)<\/li>\n<li>Format: <a href=\"https:\/\/leatai.com\/da\/product\/indersideformat\/a5-indersider\/lgp-gittermoenster-notatsider-l25k\/\" target=\"_blank\" rel=\"noopener\">LGP-kvadreret noteside-L25K<\/a><\/li>\n<li>St\u00f8rrelse: 25K \u2013 A5 (ca. 14,8 x 20,5 cm)<\/li>\n<li>Emballage: OPP-pose (valgfri)<\/li>\n<li>Logo-bearbejdning: Pr\u00e6gning i guld\/s\u00f8lv<\/li>\n<\/ul>\n<p>Beskrivelse:<\/p>\n<p>Den eksklusive fyldepensnotesbog fra Taiwan, designet til fyldepenentusiaster:<\/p>\n<ul>\n<li>FSC-certificeret milj\u00f8venligt papir (certifikatnr.: SGSHK-COC-008383).<\/li>\n<li>Kan \u00e5bnes og ligge helt fladt i 180 grader for problemfri skrift.<\/li>\n<li>Papiret indeholder specielle komponenter, der g\u00f8r fyldepenbl\u00e6k mere intenst og reducerer over 90 % af bl\u00f8dning og pletter.<\/li>\n<li>Kvadreret notesbog: venstre side med linjer og h\u00f8jre side med 5&#215;5 mm kvadrater for alsidig brug.<\/li>\n<li>Venstre side: Enfarvede linjer (afstand 5 mm) og en 2,5 cm bred klassifikationsspalte, perfekt til opgavestyring.<\/li>\n<li>H\u00f8jre side: Kvadreret layout, ideelt til ingeni\u00f8rer, kunstnere og bullet journal-entusiaster.<\/li>\n<\/ul>\n<p>Unikt papir til fyldepenne:<\/p>\n<p>Dette papir er specielt udviklet til fyldepenne og fremh\u00e6ver bl\u00e6kkets fylde og farveintensitet. Sammenlignet med almindelige notesb\u00f8ger reducerer det synligt &#8220;fjerning&#8221; af bl\u00e6kket med over 90 %. Resultatet er en glat og kunstnerisk skriveoplevelse, der fremh\u00e6ver fyldepennens elegance.<\/p>\n<p>Perfekt til b\u00e5de personligt brug og som gave \u2013 lad din skrift blive en form for kunst med denne eksklusive notesbog!<\/p>\n<p>Detailk\u00f8b: <a href=\"https:\/\/leatai.net\/product-tag\/%e6%96%b9%e6%a0%bc%e7%ad%86%e8%a8%98%e6%9c%ac\/\" target=\"_blank\" rel=\"noopener\">Kvadreret notesbog<\/a> \/ <a href=\"https:\/\/leatai.net\/product\/a5-%E7%B6%93%E5%85%B8%E6%96%B9%E6%A0%BC%E7%AD%86%E8%A8%98%E6%9C%AC-%E7%B1%B3%E8%89%B2-10%E6%9C%AC-%E7%B5%84\/?srsltid=AfmBOopbn1qMckeiSqMWjjngPel0vbyIBqdAOTZYYoC_CIUIAJnXHb56\" target=\"_blank\" rel=\"noopener\">Stor pakke med kvadrerede notesb\u00f8ger.<\/a><\/p>\n<\/div>\n<\/div>\n<\/div>\n<\/div>\n<\/div>\n<\/div>\n<\/div>\n<\/div>\n<\/div>\n<\/div>\n<\/div>\n<\/div>\n<\/article>\n<\/div>\n<\/div>\n<\/div>\n<\/div>\n<\/div>\n<p>\ud83d\udcd6 Standard erhvervskalendere: <a href=\"https:\/\/leatai.com\/da\/vare-kategori\/tilpasset-notesbog\/\" target=\"_blank\" rel=\"noopener\">Alle serier og indersider<\/a> <a href=\"https:\/\/leatai.com\/da\/vare-kategori\/indersideformat\/\" target=\"_blank\" rel=\"noopener\">af erhvervskalendere<\/a><br \/>\n\ud83d\udcd6 Flere anbefalinger om tilpassede notesb\u00f8ger\/tilpassede erhvervskalendere:<br \/>\n<a href=\"https:\/\/leatai.com\/da\/vare-kategori\/forskellige-oem-proever\/oem-hardcover-notebook\/\" target=\"_blank\" rel=\"noopener\">OEM-hardcover<\/a><br \/>\n<a href=\"https:\/\/leatai.com\/da\/vare-kategori\/forskellige-oem-proever\/oem-loesblade-notesbog\/\" target=\"_blank\" rel=\"noopener\">OEM-l\u00f8sblade<\/a><br \/>\n<a href=\"https:\/\/leatai.com\/da\/vare-kategori\/forskellige-oem-proever\/oem-aftagelig-notesbog\/\" target=\"_blank\" rel=\"noopener\">OEM-udtr\u00e6kkelige l\u00f8sblade<\/a><br \/>\n<a href=\"https:\/\/leatai.com\/da\/vare-kategori\/forskellige-oem-proever\/oem-paperback-notesbog\/\" target=\"_blank\" rel=\"noopener\">OEM-softcover<\/a><br \/>\n<a href=\"https:\/\/leatai.com\/da\/vare-kategori\/forskellige-oem-proever\/oem-spiralnotesbog\/\" target=\"_blank\" rel=\"noopener\">OEM-spiralb\u00f8ger<\/a><br \/>\n<a href=\"https:\/\/leatai.com\/da\/vare-kategori\/forskellige-oem-proever\/oem-kalender\/\" target=\"_blank\" rel=\"noopener\">OEM-tilpassede riv-af-kalendere \/ tilpasset bordkalendertryk<\/a><br \/>\n<a href=\"https:\/\/leatai.com\/da\/vare-kategori\/forskellige-oem-proever\/oem-andre\/\" target=\"_blank\" rel=\"noopener\">OEM-andet<\/a><\/p>\n<p>Erhvervskalendere i sm\u00e5 m\u00e6ngder: <a href=\"https:\/\/leatai.com\/da\/vare-kategori\/billige-produkter\/\" target=\"_blank\" rel=\"noopener\">S\u00e6romr\u00e5de! Tilpassede notesb\u00f8ger i sm\u00e5 m\u00e6ngder, bestil fra kun 100 stk.<\/a><br \/>\nFor en komplet st\u00f8rrelsesforklaring, se venligst: Papirst\u00f8rrelsesguide: <a href=\"https:\/\/leatai.com\/da\/notatbogsviden\/papirstoerrelsesguide-forstaa-almindelige-stoerrelser-som-b3-a4-b5-8k-16k-og-mere-en-omfattende-stoerrelsestabel-til-nem-reference\/\" target=\"_blank\" rel=\"noopener\">B3, A4, B5, 8K, 16K og andre almindelige st\u00f8rrelser. Sammenligningstabel for papirst\u00f8rrelser, som g\u00f8r det nemt at forst\u00e5!<\/a><\/p>\n","protected":false},"excerpt":{"rendered":"<p>Leatai Classic Notebook<br \/>\nEn stolthed fra Taiwan \u2013 Mui Kai Paper. Mui Kai er det taiwanske dialektord for &#8220;medie&#8221;, og da taiwansk er et lokalt sprog i Taiwan, symboliserer papir som et medie bindeleddet, der formidler f\u00f8lelser og bevarer minder.<\/p>\n<p>Vi anvender eksklusivt det Taiwan-producerede Mui Kai Paper, som kan sammenlignes med kvaliteten af tyske og japanske top-papirprodukter. Dette papir er specielt udviklet til dem, der elsker at skrive med fyldepen. Med avanceret h\u00e5ndv\u00e6rk tilbyder vi et premium skrivepapir med en glat overflade, der ikke kun f\u00e5r bl\u00e6kket til at fremst\u00e5 endnu mere levende, men ogs\u00e5 reducerer almindelige kanth\u00e5rproblemer betydeligt.<\/p>\n<p>Med Leatai Classic Notebook bliver hver skriveoplevelse til en kunstnerisk forn\u00f8jelse!<\/p>\n","protected":false},"featured_media":101681,"template":"","meta":{"_acf_changed":false},"product_brand":[],"product_cat":[796],"product_tag":[1241],"home_works":[],"class_list":{"0":"post-101680","1":"product","2":"type-product","3":"status-publish","4":"has-post-thumbnail","6":"product_cat-paperback-notesbog","7":"product_tag-skraeddersyede-notesboger","9":"first","10":"instock","11":"sold-individually","12":"shipping-taxable","13":"purchasable","14":"product-type-variable","15":"has-default-attributes"},"acf":[],"yoast_head":"<!-- This site is optimized with the Yoast SEO plugin v27.2 - https:\/\/yoast.com\/product\/yoast-seo-wordpress\/ -->\n<title>Rutet notesbog (specielt til fyldepen) - Leatai \u2013 Producent af tilpassede notesb\u00f8ger<\/title>\n<meta name=\"description\" content=\"Taiwansk eksklusivt fremstillet Mui Kai-papir notesbog (specielt udviklet til fyldepen), der kan m\u00e5le sig med tysk og japansk kvalitet. Skabt til entusiaster inden for fyldepensskrivning, tilbyder den en glat og behagelig skriveoverflade, der f\u00e5r bl\u00e6kket til at fremst\u00e5 endnu mere levende og reducerer risikoen for kanth\u00e5r. Med denne notesbog kan du opleve en kunstnerisk gl\u00e6de ved hver eneste skrift.\" \/>\n<meta name=\"robots\" content=\"index, follow, max-snippet:-1, max-image-preview:large, max-video-preview:-1\" \/>\n<link rel=\"canonical\" href=\"https:\/\/leatai.com\/da\/product\/tilpasset-notesbog\/paperback-notesbog\/rutet-notesbog-specielt-papir-til-fyldepen-eksklusiv-fyldepensnotesbog-fra-taiwan\/\" \/>\n<meta property=\"og:locale\" content=\"da_DK\" \/>\n<meta property=\"og:type\" content=\"article\" \/>\n<meta property=\"og:title\" content=\"Rutet notesbog (specielt til fyldepen) - Leatai \u2013 Producent af tilpassede notesb\u00f8ger\" \/>\n<meta property=\"og:description\" content=\"Taiwansk eksklusivt fremstillet Mui Kai-papir notesbog (specielt udviklet til fyldepen), der kan m\u00e5le sig med tysk og japansk kvalitet. Skabt til entusiaster inden for fyldepensskrivning, tilbyder den en glat og behagelig skriveoverflade, der f\u00e5r bl\u00e6kket til at fremst\u00e5 endnu mere levende og reducerer risikoen for kanth\u00e5r. Med denne notesbog kan du opleve en kunstnerisk gl\u00e6de ved hver eneste skrift.\" \/>\n<meta property=\"og:url\" content=\"https:\/\/leatai.com\/da\/product\/tilpasset-notesbog\/paperback-notesbog\/rutet-notesbog-specielt-papir-til-fyldepen-eksklusiv-fyldepensnotesbog-fra-taiwan\/\" \/>\n<meta property=\"og:site_name\" content=\"Leatai \u2013 Producent af tilpassede notesb\u00f8ger\" \/>\n<meta property=\"article:modified_time\" content=\"2025-02-03T02:26:10+00:00\" \/>\n<meta property=\"og:image\" content=\"https:\/\/leatai.com\/wp-content\/uploads\/2016_02_18_2114310.jpg\" \/>\n\t<meta property=\"og:image:width\" content=\"1000\" \/>\n\t<meta property=\"og:image:height\" content=\"750\" \/>\n\t<meta property=\"og:image:type\" content=\"image\/jpeg\" \/>\n<meta name=\"twitter:card\" content=\"summary_large_image\" \/>\n<meta name=\"twitter:label1\" content=\"Estimeret l\u00e6setid\" \/>\n\t<meta name=\"twitter:data1\" content=\"2 minutter\" \/>\n<script type=\"application\/ld+json\" class=\"yoast-schema-graph\">{\"@context\":\"https:\/\/schema.org\",\"@graph\":[{\"@type\":\"WebPage\",\"@id\":\"https:\/\/leatai.com\/da\/product\/tilpasset-notesbog\/paperback-notesbog\/rutet-notesbog-specielt-papir-til-fyldepen-eksklusiv-fyldepensnotesbog-fra-taiwan\/\",\"url\":\"https:\/\/leatai.com\/da\/product\/tilpasset-notesbog\/paperback-notesbog\/rutet-notesbog-specielt-papir-til-fyldepen-eksklusiv-fyldepensnotesbog-fra-taiwan\/\",\"name\":\"Rutet notesbog (specielt til fyldepen) - Leatai \u2013 Producent af tilpassede notesb\u00f8ger\",\"isPartOf\":{\"@id\":\"https:\/\/leatai.com\/da\/#website\"},\"primaryImageOfPage\":{\"@id\":\"https:\/\/leatai.com\/da\/product\/tilpasset-notesbog\/paperback-notesbog\/rutet-notesbog-specielt-papir-til-fyldepen-eksklusiv-fyldepensnotesbog-fra-taiwan\/#primaryimage\"},\"image\":{\"@id\":\"https:\/\/leatai.com\/da\/product\/tilpasset-notesbog\/paperback-notesbog\/rutet-notesbog-specielt-papir-til-fyldepen-eksklusiv-fyldepensnotesbog-fra-taiwan\/#primaryimage\"},\"thumbnailUrl\":\"https:\/\/leatai.com\/wp-content\/uploads\/2016_02_18_2114310.jpg\",\"datePublished\":\"2021-06-24T05:26:43+00:00\",\"dateModified\":\"2025-02-03T02:26:10+00:00\",\"description\":\"Taiwansk eksklusivt fremstillet Mui Kai-papir notesbog (specielt udviklet til fyldepen), der kan m\u00e5le sig med tysk og japansk kvalitet. Skabt til entusiaster inden for fyldepensskrivning, tilbyder den en glat og behagelig skriveoverflade, der f\u00e5r bl\u00e6kket til at fremst\u00e5 endnu mere levende og reducerer risikoen for kanth\u00e5r. Med denne notesbog kan du opleve en kunstnerisk gl\u00e6de ved hver eneste skrift.\",\"breadcrumb\":{\"@id\":\"https:\/\/leatai.com\/da\/product\/tilpasset-notesbog\/paperback-notesbog\/rutet-notesbog-specielt-papir-til-fyldepen-eksklusiv-fyldepensnotesbog-fra-taiwan\/#breadcrumb\"},\"inLanguage\":\"da-DK\",\"potentialAction\":[{\"@type\":\"ReadAction\",\"target\":[\"https:\/\/leatai.com\/da\/product\/tilpasset-notesbog\/paperback-notesbog\/rutet-notesbog-specielt-papir-til-fyldepen-eksklusiv-fyldepensnotesbog-fra-taiwan\/\"]}]},{\"@type\":\"ImageObject\",\"inLanguage\":\"da-DK\",\"@id\":\"https:\/\/leatai.com\/da\/product\/tilpasset-notesbog\/paperback-notesbog\/rutet-notesbog-specielt-papir-til-fyldepen-eksklusiv-fyldepensnotesbog-fra-taiwan\/#primaryimage\",\"url\":\"https:\/\/leatai.com\/wp-content\/uploads\/2016_02_18_2114310.jpg\",\"contentUrl\":\"https:\/\/leatai.com\/wp-content\/uploads\/2016_02_18_2114310.jpg\",\"width\":1000,\"height\":750},{\"@type\":\"BreadcrumbList\",\"@id\":\"https:\/\/leatai.com\/da\/product\/tilpasset-notesbog\/paperback-notesbog\/rutet-notesbog-specielt-papir-til-fyldepen-eksklusiv-fyldepensnotesbog-fra-taiwan\/#breadcrumb\",\"itemListElement\":[{\"@type\":\"ListItem\",\"position\":1,\"name\":\"Home\",\"item\":\"https:\/\/leatai.com\/da\/\"},{\"@type\":\"ListItem\",\"position\":2,\"name\":\"Produktintroduktion\",\"item\":\"https:\/\/leatai.com\/products\/\"},{\"@type\":\"ListItem\",\"position\":3,\"name\":\"Tilpasset notesbog\",\"item\":\"https:\/\/leatai.com\/da\/vare-kategori\/tilpasset-notesbog\/\"},{\"@type\":\"ListItem\",\"position\":4,\"name\":\"Paperback notesbog\",\"item\":\"https:\/\/leatai.com\/da\/vare-kategori\/tilpasset-notesbog\/paperback-notesbog\/\"},{\"@type\":\"ListItem\",\"position\":5,\"name\":\"Rutet notesbog (specielt papir til fyldepen) \u2013 Eksklusiv fyldepensnotesbog fra Taiwan\"}]},{\"@type\":\"WebSite\",\"@id\":\"https:\/\/leatai.com\/da\/#website\",\"url\":\"https:\/\/leatai.com\/da\/\",\"name\":\"Leatai \u2013 Producent af tilpassede notesb\u00f8ger\",\"description\":\"Leatai tilbyder tilpassede notesb\u00f8ger og planl\u00e6ggere til globale brands og distribut\u00f8rer.\",\"publisher\":{\"@id\":\"https:\/\/leatai.com\/da\/#organization\"},\"potentialAction\":[{\"@type\":\"SearchAction\",\"target\":{\"@type\":\"EntryPoint\",\"urlTemplate\":\"https:\/\/leatai.com\/da\/?s={search_term_string}\"},\"query-input\":{\"@type\":\"PropertyValueSpecification\",\"valueRequired\":true,\"valueName\":\"search_term_string\"}}],\"inLanguage\":\"da-DK\"},{\"@type\":\"Organization\",\"@id\":\"https:\/\/leatai.com\/da\/#organization\",\"name\":\"Leatai Diary, customized journal and business organizer\",\"url\":\"https:\/\/leatai.com\/da\/\",\"logo\":{\"@type\":\"ImageObject\",\"inLanguage\":\"da-DK\",\"@id\":\"https:\/\/leatai.com\/da\/#\/schema\/logo\/image\/\",\"url\":\"https:\/\/leatai.com\/wp-content\/uploads\/logo-blue.png\",\"contentUrl\":\"https:\/\/leatai.com\/wp-content\/uploads\/logo-blue.png\",\"width\":230,\"height\":60,\"caption\":\"Leatai Diary, customized journal and business organizer\"},\"image\":{\"@id\":\"https:\/\/leatai.com\/da\/#\/schema\/logo\/image\/\"}}]}<\/script>\n<!-- \/ Yoast SEO plugin. -->","yoast_head_json":{"title":"Rutet notesbog (specielt til fyldepen) - Leatai \u2013 Producent af tilpassede notesb\u00f8ger","description":"Taiwansk eksklusivt fremstillet Mui Kai-papir notesbog (specielt udviklet til fyldepen), der kan m\u00e5le sig med tysk og japansk kvalitet. Skabt til entusiaster inden for fyldepensskrivning, tilbyder den en glat og behagelig skriveoverflade, der f\u00e5r bl\u00e6kket til at fremst\u00e5 endnu mere levende og reducerer risikoen for kanth\u00e5r. Med denne notesbog kan du opleve en kunstnerisk gl\u00e6de ved hver eneste skrift.","robots":{"index":"index","follow":"follow","max-snippet":"max-snippet:-1","max-image-preview":"max-image-preview:large","max-video-preview":"max-video-preview:-1"},"canonical":"https:\/\/leatai.com\/da\/product\/tilpasset-notesbog\/paperback-notesbog\/rutet-notesbog-specielt-papir-til-fyldepen-eksklusiv-fyldepensnotesbog-fra-taiwan\/","og_locale":"da_DK","og_type":"article","og_title":"Rutet notesbog (specielt til fyldepen) - Leatai \u2013 Producent af tilpassede notesb\u00f8ger","og_description":"Taiwansk eksklusivt fremstillet Mui Kai-papir notesbog (specielt udviklet til fyldepen), der kan m\u00e5le sig med tysk og japansk kvalitet. Skabt til entusiaster inden for fyldepensskrivning, tilbyder den en glat og behagelig skriveoverflade, der f\u00e5r bl\u00e6kket til at fremst\u00e5 endnu mere levende og reducerer risikoen for kanth\u00e5r. Med denne notesbog kan du opleve en kunstnerisk gl\u00e6de ved hver eneste skrift.","og_url":"https:\/\/leatai.com\/da\/product\/tilpasset-notesbog\/paperback-notesbog\/rutet-notesbog-specielt-papir-til-fyldepen-eksklusiv-fyldepensnotesbog-fra-taiwan\/","og_site_name":"Leatai \u2013 Producent af tilpassede notesb\u00f8ger","article_modified_time":"2025-02-03T02:26:10+00:00","og_image":[{"width":1000,"height":750,"url":"https:\/\/leatai.com\/wp-content\/uploads\/2016_02_18_2114310.jpg","type":"image\/jpeg"}],"twitter_card":"summary_large_image","twitter_misc":{"Estimeret l\u00e6setid":"2 minutter"},"schema":{"@context":"https:\/\/schema.org","@graph":[{"@type":"WebPage","@id":"https:\/\/leatai.com\/da\/product\/tilpasset-notesbog\/paperback-notesbog\/rutet-notesbog-specielt-papir-til-fyldepen-eksklusiv-fyldepensnotesbog-fra-taiwan\/","url":"https:\/\/leatai.com\/da\/product\/tilpasset-notesbog\/paperback-notesbog\/rutet-notesbog-specielt-papir-til-fyldepen-eksklusiv-fyldepensnotesbog-fra-taiwan\/","name":"Rutet notesbog (specielt til fyldepen) - Leatai \u2013 Producent af tilpassede notesb\u00f8ger","isPartOf":{"@id":"https:\/\/leatai.com\/da\/#website"},"primaryImageOfPage":{"@id":"https:\/\/leatai.com\/da\/product\/tilpasset-notesbog\/paperback-notesbog\/rutet-notesbog-specielt-papir-til-fyldepen-eksklusiv-fyldepensnotesbog-fra-taiwan\/#primaryimage"},"image":{"@id":"https:\/\/leatai.com\/da\/product\/tilpasset-notesbog\/paperback-notesbog\/rutet-notesbog-specielt-papir-til-fyldepen-eksklusiv-fyldepensnotesbog-fra-taiwan\/#primaryimage"},"thumbnailUrl":"https:\/\/leatai.com\/wp-content\/uploads\/2016_02_18_2114310.jpg","datePublished":"2021-06-24T05:26:43+00:00","dateModified":"2025-02-03T02:26:10+00:00","description":"Taiwansk eksklusivt fremstillet Mui Kai-papir notesbog (specielt udviklet til fyldepen), der kan m\u00e5le sig med tysk og japansk kvalitet. Skabt til entusiaster inden for fyldepensskrivning, tilbyder den en glat og behagelig skriveoverflade, der f\u00e5r bl\u00e6kket til at fremst\u00e5 endnu mere levende og reducerer risikoen for kanth\u00e5r. Med denne notesbog kan du opleve en kunstnerisk gl\u00e6de ved hver eneste skrift.","breadcrumb":{"@id":"https:\/\/leatai.com\/da\/product\/tilpasset-notesbog\/paperback-notesbog\/rutet-notesbog-specielt-papir-til-fyldepen-eksklusiv-fyldepensnotesbog-fra-taiwan\/#breadcrumb"},"inLanguage":"da-DK","potentialAction":[{"@type":"ReadAction","target":["https:\/\/leatai.com\/da\/product\/tilpasset-notesbog\/paperback-notesbog\/rutet-notesbog-specielt-papir-til-fyldepen-eksklusiv-fyldepensnotesbog-fra-taiwan\/"]}]},{"@type":"ImageObject","inLanguage":"da-DK","@id":"https:\/\/leatai.com\/da\/product\/tilpasset-notesbog\/paperback-notesbog\/rutet-notesbog-specielt-papir-til-fyldepen-eksklusiv-fyldepensnotesbog-fra-taiwan\/#primaryimage","url":"https:\/\/leatai.com\/wp-content\/uploads\/2016_02_18_2114310.jpg","contentUrl":"https:\/\/leatai.com\/wp-content\/uploads\/2016_02_18_2114310.jpg","width":1000,"height":750},{"@type":"BreadcrumbList","@id":"https:\/\/leatai.com\/da\/product\/tilpasset-notesbog\/paperback-notesbog\/rutet-notesbog-specielt-papir-til-fyldepen-eksklusiv-fyldepensnotesbog-fra-taiwan\/#breadcrumb","itemListElement":[{"@type":"ListItem","position":1,"name":"Home","item":"https:\/\/leatai.com\/da\/"},{"@type":"ListItem","position":2,"name":"Produktintroduktion","item":"https:\/\/leatai.com\/products\/"},{"@type":"ListItem","position":3,"name":"Tilpasset notesbog","item":"https:\/\/leatai.com\/da\/vare-kategori\/tilpasset-notesbog\/"},{"@type":"ListItem","position":4,"name":"Paperback notesbog","item":"https:\/\/leatai.com\/da\/vare-kategori\/tilpasset-notesbog\/paperback-notesbog\/"},{"@type":"ListItem","position":5,"name":"Rutet notesbog (specielt papir til fyldepen) \u2013 Eksklusiv fyldepensnotesbog fra Taiwan"}]},{"@type":"WebSite","@id":"https:\/\/leatai.com\/da\/#website","url":"https:\/\/leatai.com\/da\/","name":"Leatai \u2013 Producent af tilpassede notesb\u00f8ger","description":"Leatai tilbyder tilpassede notesb\u00f8ger og planl\u00e6ggere til globale brands og distribut\u00f8rer.","publisher":{"@id":"https:\/\/leatai.com\/da\/#organization"},"potentialAction":[{"@type":"SearchAction","target":{"@type":"EntryPoint","urlTemplate":"https:\/\/leatai.com\/da\/?s={search_term_string}"},"query-input":{"@type":"PropertyValueSpecification","valueRequired":true,"valueName":"search_term_string"}}],"inLanguage":"da-DK"},{"@type":"Organization","@id":"https:\/\/leatai.com\/da\/#organization","name":"Leatai Diary, customized journal and business organizer","url":"https:\/\/leatai.com\/da\/","logo":{"@type":"ImageObject","inLanguage":"da-DK","@id":"https:\/\/leatai.com\/da\/#\/schema\/logo\/image\/","url":"https:\/\/leatai.com\/wp-content\/uploads\/logo-blue.png","contentUrl":"https:\/\/leatai.com\/wp-content\/uploads\/logo-blue.png","width":230,"height":60,"caption":"Leatai Diary, customized journal and business organizer"},"image":{"@id":"https:\/\/leatai.com\/da\/#\/schema\/logo\/image\/"}}]}},"_links":{"self":[{"href":"https:\/\/leatai.com\/da\/wp-json\/wp\/v2\/product\/101680","targetHints":{"allow":["GET"]}}],"collection":[{"href":"https:\/\/leatai.com\/da\/wp-json\/wp\/v2\/product"}],"about":[{"href":"https:\/\/leatai.com\/da\/wp-json\/wp\/v2\/types\/product"}],"wp:featuredmedia":[{"embeddable":true,"href":"https:\/\/leatai.com\/da\/wp-json\/wp\/v2\/media\/101681"}],"wp:attachment":[{"href":"https:\/\/leatai.com\/da\/wp-json\/wp\/v2\/media?parent=101680"}],"wp:term":[{"taxonomy":"product_brand","embeddable":true,"href":"https:\/\/leatai.com\/da\/wp-json\/wp\/v2\/product_brand?post=101680"},{"taxonomy":"product_cat","embeddable":true,"href":"https:\/\/leatai.com\/da\/wp-json\/wp\/v2\/product_cat?post=101680"},{"taxonomy":"product_tag","embeddable":true,"href":"https:\/\/leatai.com\/da\/wp-json\/wp\/v2\/product_tag?post=101680"},{"taxonomy":"home_works","embeddable":true,"href":"https:\/\/leatai.com\/da\/wp-json\/wp\/v2\/home_works?post=101680"}],"curies":[{"name":"wp","href":"https:\/\/api.w.org\/{rel}","templated":true}]}}