{"id":100850,"date":"2021-08-16T20:29:06","date_gmt":"2021-08-16T12:29:06","guid":{"rendered":"https:\/\/leatai.com\/product\/Ikke%20kategoriseret\/overtagelsespakke-biloverdragelsespakke-01\/"},"modified":"2025-01-23T11:23:27","modified_gmt":"2025-01-23T03:23:27","slug":"overtagelsespakke-biloverdragelsespakke-01","status":"publish","type":"product","link":"https:\/\/leatai.com\/da\/product\/overdragelses-biloverleveringspose\/overtagelsespakke-biloverdragelsespakke-01\/","title":{"rendered":"Overtagelsespakke \/ Biloverdragelsespakke &#8211; 01"},"content":{"rendered":"<p><strong>Produktmodel:<\/strong> Overtagelsespakke \/ Biloverdragelsespakke &#8211; 01<br \/>\n<strong>Forsidemateriale:<\/strong> Syntetisk l\u00e6der<br \/>\n<strong>Farve:<\/strong> Sort<br \/>\n<strong>Specifikationer:<\/strong> A4 (<a href=\"https:\/\/leatai.com\/da\/faq\/hvad-er-8k-16k-og-25k-planlaegningsstoerrelser-hvor-store-er-de\/\" target=\"_blank\" rel=\"noopener\">almindelig st\u00f8rrelse<\/a>)<br \/>\n<strong>Indhold:<\/strong> Ingen indvendige sider <a href=\"https:\/\/leatai.com\/da\/vare-kategori\/indersideformat\/a5-indersider\/\" target=\"_blank\" rel=\"noopener\">(forskellige indvendige layouts tilg\u00e6ngelige)<\/a><br \/>\n<strong>Emballage:<\/strong> OPP-pose (valgfrit)<br \/>\n<strong>Logo-tilpasning:<\/strong> Guldtryk, S\u00f8lvtryk, Pr\u00e6gning<\/p>\n<p><strong>Produktbeskrivelse:<\/strong><br \/>\nLeatai produktmodel: Overtagelsespakke \/ Biloverdragelsespakke &#8211; 01. At k\u00f8be et hus er en livslang dr\u00f8m for de fleste. N\u00e5r handlen er afsluttet, fortjener disse vigtige aktiver at blive opbevaret ordentligt \u2013 ikke blot som en pr\u00e6station, men ogs\u00e5 som et s\u00f8dt minde for fremtiden. A4-st\u00f8rrelsen er den perfekte l\u00f8sning til dette form\u00e5l.<\/p>\n<p>\ud83d\udcd6 Alle tilpassede eksempler:<a href=\"https:\/\/leatai.com\/da\/vare-tag\/oem-da\/\" target=\"_blank\" rel=\"noopener\"> Tilpassede notesb\u00f8ger \/ Tilpassede erhvervskalendere<\/a><\/p>\n<div class=\"flex max-w-full flex-col flex-grow\">\n<div class=\"min-h-8 text-message flex w-full flex-col items-end gap-2 whitespace-normal break-words text-start [.text-message+&amp;]:mt-5\" dir=\"auto\" data-message-author-role=\"assistant\" data-message-id=\"823ffdc5-7797-4bf0-b5dc-d7aa43f47cdb\" data-message-model-slug=\"gpt-4o\">\n<div class=\"flex w-full flex-col gap-1 empty:hidden first:pt-[3px]\">\n<div class=\"markdown prose w-full break-words dark:prose-invert dark\">\n<p>\ud83d\udcd6 Standardprodukter for tilpassede notesb\u00f8ger \/ erhvervskalendere:<\/p>\n<ul>\n<li><a href=\"https:\/\/leatai.com\/da\/vare-kategori\/tilpasset-notesbog\/hardcover-notesbog\/\" target=\"_blank\" rel=\"noopener\">Hardcover-notesb\u00f8ger \/ Hardcover-erhvervskalendere<\/a><\/li>\n<li><a href=\"https:\/\/leatai.com\/da\/vare-kategori\/tilpasset-notesbog\/loesebladsnotesbog\/\" target=\"_blank\" rel=\"noopener\">L\u00f8sningsnotesb\u00f8ger \/ L\u00f8sningskalendere<\/a><\/li>\n<li><a href=\"https:\/\/leatai.com\/da\/vare-kategori\/tilpasset-notesbog\/aftagelig-notesbog\/\" target=\"_blank\" rel=\"noopener\">Udtr\u00e6kkelige l\u00f8sningsb\u00f8ger \/ Udtr\u00e6kkelige kalendere<\/a><\/li>\n<li><a href=\"https:\/\/leatai.com\/da\/vare-kategori\/tilpasset-notesbog\/paperback-notesbog\/\" target=\"_blank\" rel=\"noopener\">Softcover-notesb\u00f8ger \/ Softcover-erhvervskalendere<\/a><\/li>\n<li><a href=\"https:\/\/leatai.com\/da\/vare-kategori\/tilpasset-notesbog\/spiral-notesbog\/\" target=\"_blank\" rel=\"noopener\">Spiralnotesb\u00f8ger \/ Spiral-erhvervskalendere<\/a><\/li>\n<\/ul>\n<p><strong>\ud83d\udcd6<\/strong>For en komplet guide til specialtilpasning, se venligst:Skr\u00e6ddersyede gave- og reklametjenester \u2013 Skab unikke gaver og anbefalede gaveartikler.<\/p>\n<p>\ud83d\udcd6 For en komplet st\u00f8rrelsesforklaring, se venligst: <a href=\"https:\/\/leatai.com\/da\/produktintroduktion\/\" target=\"_blank\" rel=\"noopener\">Papirst\u00f8rrelsesguide: B3, A4, B5, 8K, 16K og andre almindelige st\u00f8rrelser. Sammenligningstabel for papirst\u00f8rrelser, som g\u00f8r det nemt at forst\u00e5!<\/a><\/p>\n<\/div>\n<\/div>\n<\/div>\n<\/div>\n","protected":false},"excerpt":{"rendered":"<p>Produktmodel: Overtagelsespakke \/ Biloverdragelsespakke &#8211; 01 Forsidemateriale: Syntetisk l\u00e6der Farve: Sort Specifikationer: A4 (almindelig st\u00f8rrelse) Indhold: Ingen indvendige sider (forskellige indvendige layouts tilg\u00e6ngelige) Emballage: OPP-pose (valgfrit) Logo-tilpasning: Guldtryk, S\u00f8lvtryk, Pr\u00e6gning Produktbeskrivelse: Leatai produktmodel: Overtagelsespakke \/ Biloverdragelsespakke &#8211; 01. At k\u00f8be et hus er en livslang dr\u00f8m for de fleste. N\u00e5r handlen er afsluttet, fortjener disse [&hellip;]<\/p>\n","protected":false},"featured_media":100851,"template":"","meta":{"_acf_changed":false},"product_brand":[],"product_cat":[805],"product_tag":[1241],"home_works":[],"class_list":{"0":"post-100850","1":"product","2":"type-product","3":"status-publish","4":"has-post-thumbnail","6":"product_cat-overdragelses-biloverleveringspose","7":"product_tag-skraeddersyede-notesboger","9":"first","10":"outofstock","11":"sold-individually","12":"shipping-taxable","13":"purchasable","14":"product-type-variable","15":"has-default-attributes"},"acf":[],"yoast_head":"<!-- This site is optimized with the Yoast SEO plugin v27.2 - https:\/\/yoast.com\/product\/yoast-seo-wordpress\/ -->\n<title>Overtagelsespakke \/ Biloverdragelsespakke - 01 - A4 Overtagelsespakke, til sikker opbevaring af dine v\u00e6rdifulde aktiver - Leatai \u2013 Producent af tilpassede notesb\u00f8ger<\/title>\n<meta name=\"description\" content=\"Leatai produktmodel: Overtagelsespakke \/ Biloverdragelsespakke - 01. At k\u00f8be et hjem er en livslang dr\u00f8m for mange. N\u00e5r handlen er afsluttet, fortjener disse vigtige aktiver at blive opbevaret ordentligt \u2013 ikke kun som en pr\u00e6station, men ogs\u00e5 som et s\u00f8dt minde for fremtiden. A4-st\u00f8rrelsen er perfekt til dette form\u00e5l.\" \/>\n<meta name=\"robots\" content=\"index, follow, max-snippet:-1, max-image-preview:large, max-video-preview:-1\" \/>\n<link rel=\"canonical\" href=\"https:\/\/leatai.com\/da\/product\/overdragelses-biloverleveringspose\/overtagelsespakke-biloverdragelsespakke-01\/\" \/>\n<meta property=\"og:locale\" content=\"da_DK\" \/>\n<meta property=\"og:type\" content=\"article\" \/>\n<meta property=\"og:title\" content=\"Overtagelsespakke \/ Biloverdragelsespakke - 01 - A4 Overtagelsespakke, til sikker opbevaring af dine v\u00e6rdifulde aktiver - Leatai \u2013 Producent af tilpassede notesb\u00f8ger\" \/>\n<meta property=\"og:description\" content=\"Leatai produktmodel: Overtagelsespakke \/ Biloverdragelsespakke - 01. At k\u00f8be et hjem er en livslang dr\u00f8m for mange. N\u00e5r handlen er afsluttet, fortjener disse vigtige aktiver at blive opbevaret ordentligt \u2013 ikke kun som en pr\u00e6station, men ogs\u00e5 som et s\u00f8dt minde for fremtiden. A4-st\u00f8rrelsen er perfekt til dette form\u00e5l.\" \/>\n<meta property=\"og:url\" content=\"https:\/\/leatai.com\/da\/product\/overdragelses-biloverleveringspose\/overtagelsespakke-biloverdragelsespakke-01\/\" \/>\n<meta property=\"og:site_name\" content=\"Leatai \u2013 Producent af tilpassede notesb\u00f8ger\" \/>\n<meta property=\"article:modified_time\" content=\"2025-01-23T03:23:27+00:00\" \/>\n<meta property=\"og:image\" content=\"https:\/\/leatai.com\/wp-content\/uploads\/DSC_8747.jpg\" \/>\n\t<meta property=\"og:image:width\" content=\"1000\" \/>\n\t<meta property=\"og:image:height\" content=\"750\" \/>\n\t<meta property=\"og:image:type\" content=\"image\/jpeg\" \/>\n<meta name=\"twitter:card\" content=\"summary_large_image\" \/>\n<meta name=\"twitter:label1\" content=\"Estimeret l\u00e6setid\" \/>\n\t<meta name=\"twitter:data1\" content=\"2 minutter\" \/>\n<script type=\"application\/ld+json\" class=\"yoast-schema-graph\">{\"@context\":\"https:\/\/schema.org\",\"@graph\":[{\"@type\":\"WebPage\",\"@id\":\"https:\/\/leatai.com\/da\/product\/overdragelses-biloverleveringspose\/overtagelsespakke-biloverdragelsespakke-01\/\",\"url\":\"https:\/\/leatai.com\/da\/product\/overdragelses-biloverleveringspose\/overtagelsespakke-biloverdragelsespakke-01\/\",\"name\":\"Overtagelsespakke \/ Biloverdragelsespakke - 01 - A4 Overtagelsespakke, til sikker opbevaring af dine v\u00e6rdifulde aktiver - Leatai \u2013 Producent af tilpassede notesb\u00f8ger\",\"isPartOf\":{\"@id\":\"https:\/\/leatai.com\/da\/#website\"},\"primaryImageOfPage\":{\"@id\":\"https:\/\/leatai.com\/da\/product\/overdragelses-biloverleveringspose\/overtagelsespakke-biloverdragelsespakke-01\/#primaryimage\"},\"image\":{\"@id\":\"https:\/\/leatai.com\/da\/product\/overdragelses-biloverleveringspose\/overtagelsespakke-biloverdragelsespakke-01\/#primaryimage\"},\"thumbnailUrl\":\"https:\/\/leatai.com\/wp-content\/uploads\/DSC_8747.jpg\",\"datePublished\":\"2021-08-16T12:29:06+00:00\",\"dateModified\":\"2025-01-23T03:23:27+00:00\",\"description\":\"Leatai produktmodel: Overtagelsespakke \/ Biloverdragelsespakke - 01. At k\u00f8be et hjem er en livslang dr\u00f8m for mange. N\u00e5r handlen er afsluttet, fortjener disse vigtige aktiver at blive opbevaret ordentligt \u2013 ikke kun som en pr\u00e6station, men ogs\u00e5 som et s\u00f8dt minde for fremtiden. A4-st\u00f8rrelsen er perfekt til dette form\u00e5l.\",\"breadcrumb\":{\"@id\":\"https:\/\/leatai.com\/da\/product\/overdragelses-biloverleveringspose\/overtagelsespakke-biloverdragelsespakke-01\/#breadcrumb\"},\"inLanguage\":\"da-DK\",\"potentialAction\":[{\"@type\":\"ReadAction\",\"target\":[\"https:\/\/leatai.com\/da\/product\/overdragelses-biloverleveringspose\/overtagelsespakke-biloverdragelsespakke-01\/\"]}]},{\"@type\":\"ImageObject\",\"inLanguage\":\"da-DK\",\"@id\":\"https:\/\/leatai.com\/da\/product\/overdragelses-biloverleveringspose\/overtagelsespakke-biloverdragelsespakke-01\/#primaryimage\",\"url\":\"https:\/\/leatai.com\/wp-content\/uploads\/DSC_8747.jpg\",\"contentUrl\":\"https:\/\/leatai.com\/wp-content\/uploads\/DSC_8747.jpg\",\"width\":1000,\"height\":750,\"caption\":\"Overtagelsespakke\"},{\"@type\":\"BreadcrumbList\",\"@id\":\"https:\/\/leatai.com\/da\/product\/overdragelses-biloverleveringspose\/overtagelsespakke-biloverdragelsespakke-01\/#breadcrumb\",\"itemListElement\":[{\"@type\":\"ListItem\",\"position\":1,\"name\":\"Home\",\"item\":\"https:\/\/leatai.com\/da\/\"},{\"@type\":\"ListItem\",\"position\":2,\"name\":\"Produktintroduktion\",\"item\":\"https:\/\/leatai.com\/products\/\"},{\"@type\":\"ListItem\",\"position\":3,\"name\":\"Overdragelses-\/Biloverleveringspose\",\"item\":\"https:\/\/leatai.com\/da\/vare-kategori\/overdragelses-biloverleveringspose\/\"},{\"@type\":\"ListItem\",\"position\":4,\"name\":\"Overtagelsespakke \/ Biloverdragelsespakke &#8211; 01\"}]},{\"@type\":\"WebSite\",\"@id\":\"https:\/\/leatai.com\/da\/#website\",\"url\":\"https:\/\/leatai.com\/da\/\",\"name\":\"Leatai \u2013 Producent af tilpassede notesb\u00f8ger\",\"description\":\"Leatai tilbyder tilpassede notesb\u00f8ger og planl\u00e6ggere til globale brands og distribut\u00f8rer.\",\"publisher\":{\"@id\":\"https:\/\/leatai.com\/da\/#organization\"},\"potentialAction\":[{\"@type\":\"SearchAction\",\"target\":{\"@type\":\"EntryPoint\",\"urlTemplate\":\"https:\/\/leatai.com\/da\/?s={search_term_string}\"},\"query-input\":{\"@type\":\"PropertyValueSpecification\",\"valueRequired\":true,\"valueName\":\"search_term_string\"}}],\"inLanguage\":\"da-DK\"},{\"@type\":\"Organization\",\"@id\":\"https:\/\/leatai.com\/da\/#organization\",\"name\":\"Leatai Diary, customized journal and business organizer\",\"url\":\"https:\/\/leatai.com\/da\/\",\"logo\":{\"@type\":\"ImageObject\",\"inLanguage\":\"da-DK\",\"@id\":\"https:\/\/leatai.com\/da\/#\/schema\/logo\/image\/\",\"url\":\"https:\/\/leatai.com\/wp-content\/uploads\/logo-blue.png\",\"contentUrl\":\"https:\/\/leatai.com\/wp-content\/uploads\/logo-blue.png\",\"width\":230,\"height\":60,\"caption\":\"Leatai Diary, customized journal and business organizer\"},\"image\":{\"@id\":\"https:\/\/leatai.com\/da\/#\/schema\/logo\/image\/\"}}]}<\/script>\n<!-- \/ Yoast SEO plugin. -->","yoast_head_json":{"title":"Overtagelsespakke \/ Biloverdragelsespakke - 01 - A4 Overtagelsespakke, til sikker opbevaring af dine v\u00e6rdifulde aktiver - Leatai \u2013 Producent af tilpassede notesb\u00f8ger","description":"Leatai produktmodel: Overtagelsespakke \/ Biloverdragelsespakke - 01. At k\u00f8be et hjem er en livslang dr\u00f8m for mange. N\u00e5r handlen er afsluttet, fortjener disse vigtige aktiver at blive opbevaret ordentligt \u2013 ikke kun som en pr\u00e6station, men ogs\u00e5 som et s\u00f8dt minde for fremtiden. A4-st\u00f8rrelsen er perfekt til dette form\u00e5l.","robots":{"index":"index","follow":"follow","max-snippet":"max-snippet:-1","max-image-preview":"max-image-preview:large","max-video-preview":"max-video-preview:-1"},"canonical":"https:\/\/leatai.com\/da\/product\/overdragelses-biloverleveringspose\/overtagelsespakke-biloverdragelsespakke-01\/","og_locale":"da_DK","og_type":"article","og_title":"Overtagelsespakke \/ Biloverdragelsespakke - 01 - A4 Overtagelsespakke, til sikker opbevaring af dine v\u00e6rdifulde aktiver - Leatai \u2013 Producent af tilpassede notesb\u00f8ger","og_description":"Leatai produktmodel: Overtagelsespakke \/ Biloverdragelsespakke - 01. At k\u00f8be et hjem er en livslang dr\u00f8m for mange. N\u00e5r handlen er afsluttet, fortjener disse vigtige aktiver at blive opbevaret ordentligt \u2013 ikke kun som en pr\u00e6station, men ogs\u00e5 som et s\u00f8dt minde for fremtiden. A4-st\u00f8rrelsen er perfekt til dette form\u00e5l.","og_url":"https:\/\/leatai.com\/da\/product\/overdragelses-biloverleveringspose\/overtagelsespakke-biloverdragelsespakke-01\/","og_site_name":"Leatai \u2013 Producent af tilpassede notesb\u00f8ger","article_modified_time":"2025-01-23T03:23:27+00:00","og_image":[{"width":1000,"height":750,"url":"https:\/\/leatai.com\/wp-content\/uploads\/DSC_8747.jpg","type":"image\/jpeg"}],"twitter_card":"summary_large_image","twitter_misc":{"Estimeret l\u00e6setid":"2 minutter"},"schema":{"@context":"https:\/\/schema.org","@graph":[{"@type":"WebPage","@id":"https:\/\/leatai.com\/da\/product\/overdragelses-biloverleveringspose\/overtagelsespakke-biloverdragelsespakke-01\/","url":"https:\/\/leatai.com\/da\/product\/overdragelses-biloverleveringspose\/overtagelsespakke-biloverdragelsespakke-01\/","name":"Overtagelsespakke \/ Biloverdragelsespakke - 01 - A4 Overtagelsespakke, til sikker opbevaring af dine v\u00e6rdifulde aktiver - Leatai \u2013 Producent af tilpassede notesb\u00f8ger","isPartOf":{"@id":"https:\/\/leatai.com\/da\/#website"},"primaryImageOfPage":{"@id":"https:\/\/leatai.com\/da\/product\/overdragelses-biloverleveringspose\/overtagelsespakke-biloverdragelsespakke-01\/#primaryimage"},"image":{"@id":"https:\/\/leatai.com\/da\/product\/overdragelses-biloverleveringspose\/overtagelsespakke-biloverdragelsespakke-01\/#primaryimage"},"thumbnailUrl":"https:\/\/leatai.com\/wp-content\/uploads\/DSC_8747.jpg","datePublished":"2021-08-16T12:29:06+00:00","dateModified":"2025-01-23T03:23:27+00:00","description":"Leatai produktmodel: Overtagelsespakke \/ Biloverdragelsespakke - 01. At k\u00f8be et hjem er en livslang dr\u00f8m for mange. N\u00e5r handlen er afsluttet, fortjener disse vigtige aktiver at blive opbevaret ordentligt \u2013 ikke kun som en pr\u00e6station, men ogs\u00e5 som et s\u00f8dt minde for fremtiden. A4-st\u00f8rrelsen er perfekt til dette form\u00e5l.","breadcrumb":{"@id":"https:\/\/leatai.com\/da\/product\/overdragelses-biloverleveringspose\/overtagelsespakke-biloverdragelsespakke-01\/#breadcrumb"},"inLanguage":"da-DK","potentialAction":[{"@type":"ReadAction","target":["https:\/\/leatai.com\/da\/product\/overdragelses-biloverleveringspose\/overtagelsespakke-biloverdragelsespakke-01\/"]}]},{"@type":"ImageObject","inLanguage":"da-DK","@id":"https:\/\/leatai.com\/da\/product\/overdragelses-biloverleveringspose\/overtagelsespakke-biloverdragelsespakke-01\/#primaryimage","url":"https:\/\/leatai.com\/wp-content\/uploads\/DSC_8747.jpg","contentUrl":"https:\/\/leatai.com\/wp-content\/uploads\/DSC_8747.jpg","width":1000,"height":750,"caption":"Overtagelsespakke"},{"@type":"BreadcrumbList","@id":"https:\/\/leatai.com\/da\/product\/overdragelses-biloverleveringspose\/overtagelsespakke-biloverdragelsespakke-01\/#breadcrumb","itemListElement":[{"@type":"ListItem","position":1,"name":"Home","item":"https:\/\/leatai.com\/da\/"},{"@type":"ListItem","position":2,"name":"Produktintroduktion","item":"https:\/\/leatai.com\/products\/"},{"@type":"ListItem","position":3,"name":"Overdragelses-\/Biloverleveringspose","item":"https:\/\/leatai.com\/da\/vare-kategori\/overdragelses-biloverleveringspose\/"},{"@type":"ListItem","position":4,"name":"Overtagelsespakke \/ Biloverdragelsespakke &#8211; 01"}]},{"@type":"WebSite","@id":"https:\/\/leatai.com\/da\/#website","url":"https:\/\/leatai.com\/da\/","name":"Leatai \u2013 Producent af tilpassede notesb\u00f8ger","description":"Leatai tilbyder tilpassede notesb\u00f8ger og planl\u00e6ggere til globale brands og distribut\u00f8rer.","publisher":{"@id":"https:\/\/leatai.com\/da\/#organization"},"potentialAction":[{"@type":"SearchAction","target":{"@type":"EntryPoint","urlTemplate":"https:\/\/leatai.com\/da\/?s={search_term_string}"},"query-input":{"@type":"PropertyValueSpecification","valueRequired":true,"valueName":"search_term_string"}}],"inLanguage":"da-DK"},{"@type":"Organization","@id":"https:\/\/leatai.com\/da\/#organization","name":"Leatai Diary, customized journal and business organizer","url":"https:\/\/leatai.com\/da\/","logo":{"@type":"ImageObject","inLanguage":"da-DK","@id":"https:\/\/leatai.com\/da\/#\/schema\/logo\/image\/","url":"https:\/\/leatai.com\/wp-content\/uploads\/logo-blue.png","contentUrl":"https:\/\/leatai.com\/wp-content\/uploads\/logo-blue.png","width":230,"height":60,"caption":"Leatai Diary, customized journal and business organizer"},"image":{"@id":"https:\/\/leatai.com\/da\/#\/schema\/logo\/image\/"}}]}},"_links":{"self":[{"href":"https:\/\/leatai.com\/da\/wp-json\/wp\/v2\/product\/100850","targetHints":{"allow":["GET"]}}],"collection":[{"href":"https:\/\/leatai.com\/da\/wp-json\/wp\/v2\/product"}],"about":[{"href":"https:\/\/leatai.com\/da\/wp-json\/wp\/v2\/types\/product"}],"wp:featuredmedia":[{"embeddable":true,"href":"https:\/\/leatai.com\/da\/wp-json\/wp\/v2\/media\/100851"}],"wp:attachment":[{"href":"https:\/\/leatai.com\/da\/wp-json\/wp\/v2\/media?parent=100850"}],"wp:term":[{"taxonomy":"product_brand","embeddable":true,"href":"https:\/\/leatai.com\/da\/wp-json\/wp\/v2\/product_brand?post=100850"},{"taxonomy":"product_cat","embeddable":true,"href":"https:\/\/leatai.com\/da\/wp-json\/wp\/v2\/product_cat?post=100850"},{"taxonomy":"product_tag","embeddable":true,"href":"https:\/\/leatai.com\/da\/wp-json\/wp\/v2\/product_tag?post=100850"},{"taxonomy":"home_works","embeddable":true,"href":"https:\/\/leatai.com\/da\/wp-json\/wp\/v2\/home_works?post=100850"}],"curies":[{"name":"wp","href":"https:\/\/api.w.org\/{rel}","templated":true}]}}