{"id":100806,"date":"2021-06-24T13:23:56","date_gmt":"2021-06-24T05:23:56","guid":{"rendered":"https:\/\/leatai.com\/product\/Ikke%20kategoriseret\/ntu-art-fest-x-leatai\/"},"modified":"2025-01-22T17:16:33","modified_gmt":"2025-01-22T09:16:33","slug":"ntu-art-fest-x-leatai","status":"publish","type":"product","link":"https:\/\/leatai.com\/da\/product\/tvaerindustrielt-samarbejde\/kulturelle-og-kunstneriske-begivenheder\/ntu-art-fest-x-leatai\/","title":{"rendered":"NTU Art Fest x Leatai"},"content":{"rendered":"<p><strong>2016.05.22\u201305.23 NTU Art Fest<\/strong><\/p>\n<p>NTU Art Fest har v\u00e6ret afholdt i over 20 \u00e5r med det form\u00e5l at udforske mangfoldige temaer og kunstformer. Festivalen guider studerende mod en dybere bevidsthed om livet og sig selv gennem kunstens mange facetter.<\/p>\n<p>\u00c5rets slogan, <strong>&#8220;Lad fantasien tage magten&#8221;<\/strong>, opfordrer til en lille revolution i vores daglige liv. Ved at bruge fantasien som et redskab kan vi udtrykke vores omsorg for os selv, vores f\u00e6llesskab og samfundet. I maj vil denne kunstneriske b\u00f8lge fylde NTU-campus med energi og kreativitet.<\/p>\n","protected":false},"excerpt":{"rendered":"<p>2016.05.22\u201305.23 NTU Art Fest NTU Art Fest har v\u00e6ret afholdt i over 20 \u00e5r med det form\u00e5l at udforske mangfoldige temaer og kunstformer. Festivalen guider studerende mod en dybere bevidsthed om livet og sig selv gennem kunstens mange facetter. \u00c5rets slogan, &#8220;Lad fantasien tage magten&#8221;, opfordrer til en lille revolution i vores daglige liv. Ved [&hellip;]<\/p>\n","protected":false},"featured_media":100807,"template":"","meta":{"_acf_changed":false},"product_brand":[],"product_cat":[1098],"product_tag":[],"home_works":[],"class_list":{"0":"post-100806","1":"product","2":"type-product","3":"status-publish","4":"has-post-thumbnail","6":"product_cat-kulturelle-og-kunstneriske-begivenheder","8":"first","9":"instock","10":"sold-individually","11":"shipping-taxable","12":"purchasable","13":"product-type-simple"},"acf":[],"yoast_head":"<!-- This site is optimized with the Yoast SEO plugin v27.2 - https:\/\/yoast.com\/product\/yoast-seo-wordpress\/ -->\n<title>NTU Art Fest x Leatai - Leatai \u2013 Producent af tilpassede notesb\u00f8ger<\/title>\n<meta name=\"robots\" content=\"index, follow, max-snippet:-1, max-image-preview:large, max-video-preview:-1\" \/>\n<link rel=\"canonical\" href=\"https:\/\/leatai.com\/da\/product\/tvaerindustrielt-samarbejde\/kulturelle-og-kunstneriske-begivenheder\/ntu-art-fest-x-leatai\/\" \/>\n<meta property=\"og:locale\" content=\"da_DK\" \/>\n<meta property=\"og:type\" content=\"article\" \/>\n<meta property=\"og:title\" content=\"NTU Art Fest x Leatai - Leatai \u2013 Producent af tilpassede notesb\u00f8ger\" \/>\n<meta property=\"og:description\" content=\"2016.05.22\u201305.23 NTU Art Fest NTU Art Fest har v\u00e6ret afholdt i over 20 \u00e5r med det form\u00e5l at udforske mangfoldige temaer og kunstformer. Festivalen guider studerende mod en dybere bevidsthed om livet og sig selv gennem kunstens mange facetter. \u00c5rets slogan, &#8220;Lad fantasien tage magten&#8221;, opfordrer til en lille revolution i vores daglige liv. Ved [&hellip;]\" \/>\n<meta property=\"og:url\" content=\"https:\/\/leatai.com\/da\/product\/tvaerindustrielt-samarbejde\/kulturelle-og-kunstneriske-begivenheder\/ntu-art-fest-x-leatai\/\" \/>\n<meta property=\"og:site_name\" content=\"Leatai \u2013 Producent af tilpassede notesb\u00f8ger\" \/>\n<meta property=\"article:modified_time\" content=\"2025-01-22T09:16:33+00:00\" \/>\n<meta property=\"og:image\" content=\"https:\/\/leatai.com\/wp-content\/uploads\/2020_06_17_1417490.jpg\" \/>\n\t<meta property=\"og:image:width\" content=\"1684\" \/>\n\t<meta property=\"og:image:height\" content=\"1190\" \/>\n\t<meta property=\"og:image:type\" content=\"image\/jpeg\" \/>\n<meta name=\"twitter:card\" content=\"summary_large_image\" \/>\n<meta name=\"twitter:label1\" content=\"Estimeret l\u00e6setid\" \/>\n\t<meta name=\"twitter:data1\" content=\"1 minut\" \/>\n<script type=\"application\/ld+json\" class=\"yoast-schema-graph\">{\"@context\":\"https:\/\/schema.org\",\"@graph\":[{\"@type\":\"WebPage\",\"@id\":\"https:\/\/leatai.com\/da\/product\/tvaerindustrielt-samarbejde\/kulturelle-og-kunstneriske-begivenheder\/ntu-art-fest-x-leatai\/\",\"url\":\"https:\/\/leatai.com\/da\/product\/tvaerindustrielt-samarbejde\/kulturelle-og-kunstneriske-begivenheder\/ntu-art-fest-x-leatai\/\",\"name\":\"NTU Art Fest x Leatai - Leatai \u2013 Producent af tilpassede notesb\u00f8ger\",\"isPartOf\":{\"@id\":\"https:\/\/leatai.com\/da\/#website\"},\"primaryImageOfPage\":{\"@id\":\"https:\/\/leatai.com\/da\/product\/tvaerindustrielt-samarbejde\/kulturelle-og-kunstneriske-begivenheder\/ntu-art-fest-x-leatai\/#primaryimage\"},\"image\":{\"@id\":\"https:\/\/leatai.com\/da\/product\/tvaerindustrielt-samarbejde\/kulturelle-og-kunstneriske-begivenheder\/ntu-art-fest-x-leatai\/#primaryimage\"},\"thumbnailUrl\":\"https:\/\/leatai.com\/wp-content\/uploads\/2020_06_17_1417490.jpg\",\"datePublished\":\"2021-06-24T05:23:56+00:00\",\"dateModified\":\"2025-01-22T09:16:33+00:00\",\"breadcrumb\":{\"@id\":\"https:\/\/leatai.com\/da\/product\/tvaerindustrielt-samarbejde\/kulturelle-og-kunstneriske-begivenheder\/ntu-art-fest-x-leatai\/#breadcrumb\"},\"inLanguage\":\"da-DK\",\"potentialAction\":[{\"@type\":\"ReadAction\",\"target\":[\"https:\/\/leatai.com\/da\/product\/tvaerindustrielt-samarbejde\/kulturelle-og-kunstneriske-begivenheder\/ntu-art-fest-x-leatai\/\"]}]},{\"@type\":\"ImageObject\",\"inLanguage\":\"da-DK\",\"@id\":\"https:\/\/leatai.com\/da\/product\/tvaerindustrielt-samarbejde\/kulturelle-og-kunstneriske-begivenheder\/ntu-art-fest-x-leatai\/#primaryimage\",\"url\":\"https:\/\/leatai.com\/wp-content\/uploads\/2020_06_17_1417490.jpg\",\"contentUrl\":\"https:\/\/leatai.com\/wp-content\/uploads\/2020_06_17_1417490.jpg\",\"width\":1684,\"height\":1190},{\"@type\":\"BreadcrumbList\",\"@id\":\"https:\/\/leatai.com\/da\/product\/tvaerindustrielt-samarbejde\/kulturelle-og-kunstneriske-begivenheder\/ntu-art-fest-x-leatai\/#breadcrumb\",\"itemListElement\":[{\"@type\":\"ListItem\",\"position\":1,\"name\":\"Home\",\"item\":\"https:\/\/leatai.com\/da\/\"},{\"@type\":\"ListItem\",\"position\":2,\"name\":\"Produktintroduktion\",\"item\":\"https:\/\/leatai.com\/products\/\"},{\"@type\":\"ListItem\",\"position\":3,\"name\":\"Tv\u00e6rindustrielt samarbejde\",\"item\":\"https:\/\/leatai.com\/da\/vare-kategori\/tvaerindustrielt-samarbejde\/\"},{\"@type\":\"ListItem\",\"position\":4,\"name\":\"Kulturelle og kunstneriske begivenheder\",\"item\":\"https:\/\/leatai.com\/da\/vare-kategori\/tvaerindustrielt-samarbejde\/kulturelle-og-kunstneriske-begivenheder\/\"},{\"@type\":\"ListItem\",\"position\":5,\"name\":\"NTU Art Fest x Leatai\"}]},{\"@type\":\"WebSite\",\"@id\":\"https:\/\/leatai.com\/da\/#website\",\"url\":\"https:\/\/leatai.com\/da\/\",\"name\":\"Leatai \u2013 Producent af tilpassede notesb\u00f8ger\",\"description\":\"Leatai tilbyder tilpassede notesb\u00f8ger og planl\u00e6ggere til globale brands og distribut\u00f8rer.\",\"publisher\":{\"@id\":\"https:\/\/leatai.com\/da\/#organization\"},\"potentialAction\":[{\"@type\":\"SearchAction\",\"target\":{\"@type\":\"EntryPoint\",\"urlTemplate\":\"https:\/\/leatai.com\/da\/?s={search_term_string}\"},\"query-input\":{\"@type\":\"PropertyValueSpecification\",\"valueRequired\":true,\"valueName\":\"search_term_string\"}}],\"inLanguage\":\"da-DK\"},{\"@type\":\"Organization\",\"@id\":\"https:\/\/leatai.com\/da\/#organization\",\"name\":\"Leatai Diary, customized journal and business organizer\",\"url\":\"https:\/\/leatai.com\/da\/\",\"logo\":{\"@type\":\"ImageObject\",\"inLanguage\":\"da-DK\",\"@id\":\"https:\/\/leatai.com\/da\/#\/schema\/logo\/image\/\",\"url\":\"https:\/\/leatai.com\/wp-content\/uploads\/logo-blue.png\",\"contentUrl\":\"https:\/\/leatai.com\/wp-content\/uploads\/logo-blue.png\",\"width\":230,\"height\":60,\"caption\":\"Leatai Diary, customized journal and business organizer\"},\"image\":{\"@id\":\"https:\/\/leatai.com\/da\/#\/schema\/logo\/image\/\"}}]}<\/script>\n<!-- \/ Yoast SEO plugin. -->","yoast_head_json":{"title":"NTU Art Fest x Leatai - Leatai \u2013 Producent af tilpassede notesb\u00f8ger","robots":{"index":"index","follow":"follow","max-snippet":"max-snippet:-1","max-image-preview":"max-image-preview:large","max-video-preview":"max-video-preview:-1"},"canonical":"https:\/\/leatai.com\/da\/product\/tvaerindustrielt-samarbejde\/kulturelle-og-kunstneriske-begivenheder\/ntu-art-fest-x-leatai\/","og_locale":"da_DK","og_type":"article","og_title":"NTU Art Fest x Leatai - Leatai \u2013 Producent af tilpassede notesb\u00f8ger","og_description":"2016.05.22\u201305.23 NTU Art Fest NTU Art Fest har v\u00e6ret afholdt i over 20 \u00e5r med det form\u00e5l at udforske mangfoldige temaer og kunstformer. Festivalen guider studerende mod en dybere bevidsthed om livet og sig selv gennem kunstens mange facetter. \u00c5rets slogan, &#8220;Lad fantasien tage magten&#8221;, opfordrer til en lille revolution i vores daglige liv. Ved [&hellip;]","og_url":"https:\/\/leatai.com\/da\/product\/tvaerindustrielt-samarbejde\/kulturelle-og-kunstneriske-begivenheder\/ntu-art-fest-x-leatai\/","og_site_name":"Leatai \u2013 Producent af tilpassede notesb\u00f8ger","article_modified_time":"2025-01-22T09:16:33+00:00","og_image":[{"width":1684,"height":1190,"url":"https:\/\/leatai.com\/wp-content\/uploads\/2020_06_17_1417490.jpg","type":"image\/jpeg"}],"twitter_card":"summary_large_image","twitter_misc":{"Estimeret l\u00e6setid":"1 minut"},"schema":{"@context":"https:\/\/schema.org","@graph":[{"@type":"WebPage","@id":"https:\/\/leatai.com\/da\/product\/tvaerindustrielt-samarbejde\/kulturelle-og-kunstneriske-begivenheder\/ntu-art-fest-x-leatai\/","url":"https:\/\/leatai.com\/da\/product\/tvaerindustrielt-samarbejde\/kulturelle-og-kunstneriske-begivenheder\/ntu-art-fest-x-leatai\/","name":"NTU Art Fest x Leatai - Leatai \u2013 Producent af tilpassede notesb\u00f8ger","isPartOf":{"@id":"https:\/\/leatai.com\/da\/#website"},"primaryImageOfPage":{"@id":"https:\/\/leatai.com\/da\/product\/tvaerindustrielt-samarbejde\/kulturelle-og-kunstneriske-begivenheder\/ntu-art-fest-x-leatai\/#primaryimage"},"image":{"@id":"https:\/\/leatai.com\/da\/product\/tvaerindustrielt-samarbejde\/kulturelle-og-kunstneriske-begivenheder\/ntu-art-fest-x-leatai\/#primaryimage"},"thumbnailUrl":"https:\/\/leatai.com\/wp-content\/uploads\/2020_06_17_1417490.jpg","datePublished":"2021-06-24T05:23:56+00:00","dateModified":"2025-01-22T09:16:33+00:00","breadcrumb":{"@id":"https:\/\/leatai.com\/da\/product\/tvaerindustrielt-samarbejde\/kulturelle-og-kunstneriske-begivenheder\/ntu-art-fest-x-leatai\/#breadcrumb"},"inLanguage":"da-DK","potentialAction":[{"@type":"ReadAction","target":["https:\/\/leatai.com\/da\/product\/tvaerindustrielt-samarbejde\/kulturelle-og-kunstneriske-begivenheder\/ntu-art-fest-x-leatai\/"]}]},{"@type":"ImageObject","inLanguage":"da-DK","@id":"https:\/\/leatai.com\/da\/product\/tvaerindustrielt-samarbejde\/kulturelle-og-kunstneriske-begivenheder\/ntu-art-fest-x-leatai\/#primaryimage","url":"https:\/\/leatai.com\/wp-content\/uploads\/2020_06_17_1417490.jpg","contentUrl":"https:\/\/leatai.com\/wp-content\/uploads\/2020_06_17_1417490.jpg","width":1684,"height":1190},{"@type":"BreadcrumbList","@id":"https:\/\/leatai.com\/da\/product\/tvaerindustrielt-samarbejde\/kulturelle-og-kunstneriske-begivenheder\/ntu-art-fest-x-leatai\/#breadcrumb","itemListElement":[{"@type":"ListItem","position":1,"name":"Home","item":"https:\/\/leatai.com\/da\/"},{"@type":"ListItem","position":2,"name":"Produktintroduktion","item":"https:\/\/leatai.com\/products\/"},{"@type":"ListItem","position":3,"name":"Tv\u00e6rindustrielt samarbejde","item":"https:\/\/leatai.com\/da\/vare-kategori\/tvaerindustrielt-samarbejde\/"},{"@type":"ListItem","position":4,"name":"Kulturelle og kunstneriske begivenheder","item":"https:\/\/leatai.com\/da\/vare-kategori\/tvaerindustrielt-samarbejde\/kulturelle-og-kunstneriske-begivenheder\/"},{"@type":"ListItem","position":5,"name":"NTU Art Fest x Leatai"}]},{"@type":"WebSite","@id":"https:\/\/leatai.com\/da\/#website","url":"https:\/\/leatai.com\/da\/","name":"Leatai \u2013 Producent af tilpassede notesb\u00f8ger","description":"Leatai tilbyder tilpassede notesb\u00f8ger og planl\u00e6ggere til globale brands og distribut\u00f8rer.","publisher":{"@id":"https:\/\/leatai.com\/da\/#organization"},"potentialAction":[{"@type":"SearchAction","target":{"@type":"EntryPoint","urlTemplate":"https:\/\/leatai.com\/da\/?s={search_term_string}"},"query-input":{"@type":"PropertyValueSpecification","valueRequired":true,"valueName":"search_term_string"}}],"inLanguage":"da-DK"},{"@type":"Organization","@id":"https:\/\/leatai.com\/da\/#organization","name":"Leatai Diary, customized journal and business organizer","url":"https:\/\/leatai.com\/da\/","logo":{"@type":"ImageObject","inLanguage":"da-DK","@id":"https:\/\/leatai.com\/da\/#\/schema\/logo\/image\/","url":"https:\/\/leatai.com\/wp-content\/uploads\/logo-blue.png","contentUrl":"https:\/\/leatai.com\/wp-content\/uploads\/logo-blue.png","width":230,"height":60,"caption":"Leatai Diary, customized journal and business organizer"},"image":{"@id":"https:\/\/leatai.com\/da\/#\/schema\/logo\/image\/"}}]}},"_links":{"self":[{"href":"https:\/\/leatai.com\/da\/wp-json\/wp\/v2\/product\/100806","targetHints":{"allow":["GET"]}}],"collection":[{"href":"https:\/\/leatai.com\/da\/wp-json\/wp\/v2\/product"}],"about":[{"href":"https:\/\/leatai.com\/da\/wp-json\/wp\/v2\/types\/product"}],"wp:featuredmedia":[{"embeddable":true,"href":"https:\/\/leatai.com\/da\/wp-json\/wp\/v2\/media\/100807"}],"wp:attachment":[{"href":"https:\/\/leatai.com\/da\/wp-json\/wp\/v2\/media?parent=100806"}],"wp:term":[{"taxonomy":"product_brand","embeddable":true,"href":"https:\/\/leatai.com\/da\/wp-json\/wp\/v2\/product_brand?post=100806"},{"taxonomy":"product_cat","embeddable":true,"href":"https:\/\/leatai.com\/da\/wp-json\/wp\/v2\/product_cat?post=100806"},{"taxonomy":"product_tag","embeddable":true,"href":"https:\/\/leatai.com\/da\/wp-json\/wp\/v2\/product_tag?post=100806"},{"taxonomy":"home_works","embeddable":true,"href":"https:\/\/leatai.com\/da\/wp-json\/wp\/v2\/home_works?post=100806"}],"curies":[{"name":"wp","href":"https:\/\/api.w.org\/{rel}","templated":true}]}}