{"id":100800,"date":"2021-06-24T13:23:31","date_gmt":"2021-06-24T05:23:31","guid":{"rendered":"https:\/\/leatai.com\/product\/Ikke%20kategoriseret\/word-wave-festival-x-leatai\/"},"modified":"2025-01-22T17:15:49","modified_gmt":"2025-01-22T09:15:49","slug":"word-wave-festival-x-leatai","status":"publish","type":"product","link":"https:\/\/leatai.com\/da\/product\/tvaerindustrielt-samarbejde\/kulturelle-og-kunstneriske-begivenheder\/word-wave-festival-x-leatai\/","title":{"rendered":"Word Wave Festival x Leatai"},"content":{"rendered":"<p><strong>2016.09.29\u201310.02<\/strong><\/p>\n<p><strong>Word Wave Festival<\/strong> p\u00e5 Huashan Cultural and Creative Park er en central del af parkens kerneprojekter. Festivalen sigter mod at genfortolke forbindelsen mellem opl\u00e6sning, l\u00e6sning og hverdagslivet, hvilket skal fremme en passion for l\u00e6sning blandt folk, styrke forlagsindustrien og bane vejen for internationalt samarbejde.<\/p>\n<p><strong>2016 Word Wave Festival<\/strong> pr\u00e6senterer temaet &#8220;<em>#JegL\u00e6serH\u00f8jt<\/em>&#8221; og anvender tidens sociale mediesprog til at skabe forbindelse mellem mennesker. Festivalen bygger en imagin\u00e6r by konstrueret af opl\u00e6sning, der bryder med den virkelige verdens begr\u00e6nsninger. I dette univers er der ingen gr\u00e6nser, kun en konstant opv\u00e6kning af fantasi og nysgerrighed.<\/p>\n<p>Opl\u00e6sningen bliver en portal til sj\u00e6lens indre forestillingsverden, hvor b\u00f8ger og mennesker sameksisterer og bygger fremtidens by.<\/p>\n<p>&nbsp;<\/p>\n","protected":false},"excerpt":{"rendered":"<p>2016.09.29\u201310.02 Word Wave Festival p\u00e5 Huashan Cultural and Creative Park er en central del af parkens kerneprojekter. Festivalen sigter mod at genfortolke forbindelsen mellem opl\u00e6sning, l\u00e6sning og hverdagslivet, hvilket skal fremme en passion for l\u00e6sning blandt folk, styrke forlagsindustrien og bane vejen for internationalt samarbejde. 2016 Word Wave Festival pr\u00e6senterer temaet &#8220;#JegL\u00e6serH\u00f8jt&#8221; og anvender tidens [&hellip;]<\/p>\n","protected":false},"featured_media":100801,"template":"","meta":{"_acf_changed":false},"product_brand":[],"product_cat":[1098],"product_tag":[],"home_works":[],"class_list":{"0":"post-100800","1":"product","2":"type-product","3":"status-publish","4":"has-post-thumbnail","6":"product_cat-kulturelle-og-kunstneriske-begivenheder","8":"first","9":"instock","10":"sold-individually","11":"shipping-taxable","12":"purchasable","13":"product-type-simple"},"acf":[],"yoast_head":"<!-- This site is optimized with the Yoast SEO plugin v27.2 - https:\/\/yoast.com\/product\/yoast-seo-wordpress\/ -->\n<title>Word Wave Festival x Leatai - Leatai \u2013 Producent af tilpassede notesb\u00f8ger<\/title>\n<meta name=\"robots\" content=\"index, follow, max-snippet:-1, max-image-preview:large, max-video-preview:-1\" \/>\n<link rel=\"canonical\" href=\"https:\/\/leatai.com\/da\/product\/tvaerindustrielt-samarbejde\/kulturelle-og-kunstneriske-begivenheder\/word-wave-festival-x-leatai\/\" \/>\n<meta property=\"og:locale\" content=\"da_DK\" \/>\n<meta property=\"og:type\" content=\"article\" \/>\n<meta property=\"og:title\" content=\"Word Wave Festival x Leatai - Leatai \u2013 Producent af tilpassede notesb\u00f8ger\" \/>\n<meta property=\"og:description\" content=\"2016.09.29\u201310.02 Word Wave Festival p\u00e5 Huashan Cultural and Creative Park er en central del af parkens kerneprojekter. Festivalen sigter mod at genfortolke forbindelsen mellem opl\u00e6sning, l\u00e6sning og hverdagslivet, hvilket skal fremme en passion for l\u00e6sning blandt folk, styrke forlagsindustrien og bane vejen for internationalt samarbejde. 2016 Word Wave Festival pr\u00e6senterer temaet &#8220;#JegL\u00e6serH\u00f8jt&#8221; og anvender tidens [&hellip;]\" \/>\n<meta property=\"og:url\" content=\"https:\/\/leatai.com\/da\/product\/tvaerindustrielt-samarbejde\/kulturelle-og-kunstneriske-begivenheder\/word-wave-festival-x-leatai\/\" \/>\n<meta property=\"og:site_name\" content=\"Leatai \u2013 Producent af tilpassede notesb\u00f8ger\" \/>\n<meta property=\"article:modified_time\" content=\"2025-01-22T09:15:49+00:00\" \/>\n<meta property=\"og:image\" content=\"https:\/\/leatai.com\/wp-content\/uploads\/2020_06_17_1443180.jpg\" \/>\n\t<meta property=\"og:image:width\" content=\"1000\" \/>\n\t<meta property=\"og:image:height\" content=\"750\" \/>\n\t<meta property=\"og:image:type\" content=\"image\/jpeg\" \/>\n<meta name=\"twitter:card\" content=\"summary_large_image\" \/>\n<meta name=\"twitter:label1\" content=\"Estimeret l\u00e6setid\" \/>\n\t<meta name=\"twitter:data1\" content=\"1 minut\" \/>\n<script type=\"application\/ld+json\" class=\"yoast-schema-graph\">{\"@context\":\"https:\/\/schema.org\",\"@graph\":[{\"@type\":\"WebPage\",\"@id\":\"https:\/\/leatai.com\/da\/product\/tvaerindustrielt-samarbejde\/kulturelle-og-kunstneriske-begivenheder\/word-wave-festival-x-leatai\/\",\"url\":\"https:\/\/leatai.com\/da\/product\/tvaerindustrielt-samarbejde\/kulturelle-og-kunstneriske-begivenheder\/word-wave-festival-x-leatai\/\",\"name\":\"Word Wave Festival x Leatai - Leatai \u2013 Producent af tilpassede notesb\u00f8ger\",\"isPartOf\":{\"@id\":\"https:\/\/leatai.com\/da\/#website\"},\"primaryImageOfPage\":{\"@id\":\"https:\/\/leatai.com\/da\/product\/tvaerindustrielt-samarbejde\/kulturelle-og-kunstneriske-begivenheder\/word-wave-festival-x-leatai\/#primaryimage\"},\"image\":{\"@id\":\"https:\/\/leatai.com\/da\/product\/tvaerindustrielt-samarbejde\/kulturelle-og-kunstneriske-begivenheder\/word-wave-festival-x-leatai\/#primaryimage\"},\"thumbnailUrl\":\"https:\/\/leatai.com\/wp-content\/uploads\/2020_06_17_1443180.jpg\",\"datePublished\":\"2021-06-24T05:23:31+00:00\",\"dateModified\":\"2025-01-22T09:15:49+00:00\",\"breadcrumb\":{\"@id\":\"https:\/\/leatai.com\/da\/product\/tvaerindustrielt-samarbejde\/kulturelle-og-kunstneriske-begivenheder\/word-wave-festival-x-leatai\/#breadcrumb\"},\"inLanguage\":\"da-DK\",\"potentialAction\":[{\"@type\":\"ReadAction\",\"target\":[\"https:\/\/leatai.com\/da\/product\/tvaerindustrielt-samarbejde\/kulturelle-og-kunstneriske-begivenheder\/word-wave-festival-x-leatai\/\"]}]},{\"@type\":\"ImageObject\",\"inLanguage\":\"da-DK\",\"@id\":\"https:\/\/leatai.com\/da\/product\/tvaerindustrielt-samarbejde\/kulturelle-og-kunstneriske-begivenheder\/word-wave-festival-x-leatai\/#primaryimage\",\"url\":\"https:\/\/leatai.com\/wp-content\/uploads\/2020_06_17_1443180.jpg\",\"contentUrl\":\"https:\/\/leatai.com\/wp-content\/uploads\/2020_06_17_1443180.jpg\",\"width\":1000,\"height\":750},{\"@type\":\"BreadcrumbList\",\"@id\":\"https:\/\/leatai.com\/da\/product\/tvaerindustrielt-samarbejde\/kulturelle-og-kunstneriske-begivenheder\/word-wave-festival-x-leatai\/#breadcrumb\",\"itemListElement\":[{\"@type\":\"ListItem\",\"position\":1,\"name\":\"Home\",\"item\":\"https:\/\/leatai.com\/da\/\"},{\"@type\":\"ListItem\",\"position\":2,\"name\":\"Produktintroduktion\",\"item\":\"https:\/\/leatai.com\/products\/\"},{\"@type\":\"ListItem\",\"position\":3,\"name\":\"Tv\u00e6rindustrielt samarbejde\",\"item\":\"https:\/\/leatai.com\/da\/vare-kategori\/tvaerindustrielt-samarbejde\/\"},{\"@type\":\"ListItem\",\"position\":4,\"name\":\"Kulturelle og kunstneriske begivenheder\",\"item\":\"https:\/\/leatai.com\/da\/vare-kategori\/tvaerindustrielt-samarbejde\/kulturelle-og-kunstneriske-begivenheder\/\"},{\"@type\":\"ListItem\",\"position\":5,\"name\":\"Word Wave Festival x Leatai\"}]},{\"@type\":\"WebSite\",\"@id\":\"https:\/\/leatai.com\/da\/#website\",\"url\":\"https:\/\/leatai.com\/da\/\",\"name\":\"Leatai \u2013 Producent af tilpassede notesb\u00f8ger\",\"description\":\"Leatai tilbyder tilpassede notesb\u00f8ger og planl\u00e6ggere til globale brands og distribut\u00f8rer.\",\"publisher\":{\"@id\":\"https:\/\/leatai.com\/da\/#organization\"},\"potentialAction\":[{\"@type\":\"SearchAction\",\"target\":{\"@type\":\"EntryPoint\",\"urlTemplate\":\"https:\/\/leatai.com\/da\/?s={search_term_string}\"},\"query-input\":{\"@type\":\"PropertyValueSpecification\",\"valueRequired\":true,\"valueName\":\"search_term_string\"}}],\"inLanguage\":\"da-DK\"},{\"@type\":\"Organization\",\"@id\":\"https:\/\/leatai.com\/da\/#organization\",\"name\":\"Leatai Diary, customized journal and business organizer\",\"url\":\"https:\/\/leatai.com\/da\/\",\"logo\":{\"@type\":\"ImageObject\",\"inLanguage\":\"da-DK\",\"@id\":\"https:\/\/leatai.com\/da\/#\/schema\/logo\/image\/\",\"url\":\"https:\/\/leatai.com\/wp-content\/uploads\/logo-blue.png\",\"contentUrl\":\"https:\/\/leatai.com\/wp-content\/uploads\/logo-blue.png\",\"width\":230,\"height\":60,\"caption\":\"Leatai Diary, customized journal and business organizer\"},\"image\":{\"@id\":\"https:\/\/leatai.com\/da\/#\/schema\/logo\/image\/\"}}]}<\/script>\n<!-- \/ Yoast SEO plugin. -->","yoast_head_json":{"title":"Word Wave Festival x Leatai - Leatai \u2013 Producent af tilpassede notesb\u00f8ger","robots":{"index":"index","follow":"follow","max-snippet":"max-snippet:-1","max-image-preview":"max-image-preview:large","max-video-preview":"max-video-preview:-1"},"canonical":"https:\/\/leatai.com\/da\/product\/tvaerindustrielt-samarbejde\/kulturelle-og-kunstneriske-begivenheder\/word-wave-festival-x-leatai\/","og_locale":"da_DK","og_type":"article","og_title":"Word Wave Festival x Leatai - Leatai \u2013 Producent af tilpassede notesb\u00f8ger","og_description":"2016.09.29\u201310.02 Word Wave Festival p\u00e5 Huashan Cultural and Creative Park er en central del af parkens kerneprojekter. Festivalen sigter mod at genfortolke forbindelsen mellem opl\u00e6sning, l\u00e6sning og hverdagslivet, hvilket skal fremme en passion for l\u00e6sning blandt folk, styrke forlagsindustrien og bane vejen for internationalt samarbejde. 2016 Word Wave Festival pr\u00e6senterer temaet &#8220;#JegL\u00e6serH\u00f8jt&#8221; og anvender tidens [&hellip;]","og_url":"https:\/\/leatai.com\/da\/product\/tvaerindustrielt-samarbejde\/kulturelle-og-kunstneriske-begivenheder\/word-wave-festival-x-leatai\/","og_site_name":"Leatai \u2013 Producent af tilpassede notesb\u00f8ger","article_modified_time":"2025-01-22T09:15:49+00:00","og_image":[{"width":1000,"height":750,"url":"https:\/\/leatai.com\/wp-content\/uploads\/2020_06_17_1443180.jpg","type":"image\/jpeg"}],"twitter_card":"summary_large_image","twitter_misc":{"Estimeret l\u00e6setid":"1 minut"},"schema":{"@context":"https:\/\/schema.org","@graph":[{"@type":"WebPage","@id":"https:\/\/leatai.com\/da\/product\/tvaerindustrielt-samarbejde\/kulturelle-og-kunstneriske-begivenheder\/word-wave-festival-x-leatai\/","url":"https:\/\/leatai.com\/da\/product\/tvaerindustrielt-samarbejde\/kulturelle-og-kunstneriske-begivenheder\/word-wave-festival-x-leatai\/","name":"Word Wave Festival x Leatai - Leatai \u2013 Producent af tilpassede notesb\u00f8ger","isPartOf":{"@id":"https:\/\/leatai.com\/da\/#website"},"primaryImageOfPage":{"@id":"https:\/\/leatai.com\/da\/product\/tvaerindustrielt-samarbejde\/kulturelle-og-kunstneriske-begivenheder\/word-wave-festival-x-leatai\/#primaryimage"},"image":{"@id":"https:\/\/leatai.com\/da\/product\/tvaerindustrielt-samarbejde\/kulturelle-og-kunstneriske-begivenheder\/word-wave-festival-x-leatai\/#primaryimage"},"thumbnailUrl":"https:\/\/leatai.com\/wp-content\/uploads\/2020_06_17_1443180.jpg","datePublished":"2021-06-24T05:23:31+00:00","dateModified":"2025-01-22T09:15:49+00:00","breadcrumb":{"@id":"https:\/\/leatai.com\/da\/product\/tvaerindustrielt-samarbejde\/kulturelle-og-kunstneriske-begivenheder\/word-wave-festival-x-leatai\/#breadcrumb"},"inLanguage":"da-DK","potentialAction":[{"@type":"ReadAction","target":["https:\/\/leatai.com\/da\/product\/tvaerindustrielt-samarbejde\/kulturelle-og-kunstneriske-begivenheder\/word-wave-festival-x-leatai\/"]}]},{"@type":"ImageObject","inLanguage":"da-DK","@id":"https:\/\/leatai.com\/da\/product\/tvaerindustrielt-samarbejde\/kulturelle-og-kunstneriske-begivenheder\/word-wave-festival-x-leatai\/#primaryimage","url":"https:\/\/leatai.com\/wp-content\/uploads\/2020_06_17_1443180.jpg","contentUrl":"https:\/\/leatai.com\/wp-content\/uploads\/2020_06_17_1443180.jpg","width":1000,"height":750},{"@type":"BreadcrumbList","@id":"https:\/\/leatai.com\/da\/product\/tvaerindustrielt-samarbejde\/kulturelle-og-kunstneriske-begivenheder\/word-wave-festival-x-leatai\/#breadcrumb","itemListElement":[{"@type":"ListItem","position":1,"name":"Home","item":"https:\/\/leatai.com\/da\/"},{"@type":"ListItem","position":2,"name":"Produktintroduktion","item":"https:\/\/leatai.com\/products\/"},{"@type":"ListItem","position":3,"name":"Tv\u00e6rindustrielt samarbejde","item":"https:\/\/leatai.com\/da\/vare-kategori\/tvaerindustrielt-samarbejde\/"},{"@type":"ListItem","position":4,"name":"Kulturelle og kunstneriske begivenheder","item":"https:\/\/leatai.com\/da\/vare-kategori\/tvaerindustrielt-samarbejde\/kulturelle-og-kunstneriske-begivenheder\/"},{"@type":"ListItem","position":5,"name":"Word Wave Festival x Leatai"}]},{"@type":"WebSite","@id":"https:\/\/leatai.com\/da\/#website","url":"https:\/\/leatai.com\/da\/","name":"Leatai \u2013 Producent af tilpassede notesb\u00f8ger","description":"Leatai tilbyder tilpassede notesb\u00f8ger og planl\u00e6ggere til globale brands og distribut\u00f8rer.","publisher":{"@id":"https:\/\/leatai.com\/da\/#organization"},"potentialAction":[{"@type":"SearchAction","target":{"@type":"EntryPoint","urlTemplate":"https:\/\/leatai.com\/da\/?s={search_term_string}"},"query-input":{"@type":"PropertyValueSpecification","valueRequired":true,"valueName":"search_term_string"}}],"inLanguage":"da-DK"},{"@type":"Organization","@id":"https:\/\/leatai.com\/da\/#organization","name":"Leatai Diary, customized journal and business organizer","url":"https:\/\/leatai.com\/da\/","logo":{"@type":"ImageObject","inLanguage":"da-DK","@id":"https:\/\/leatai.com\/da\/#\/schema\/logo\/image\/","url":"https:\/\/leatai.com\/wp-content\/uploads\/logo-blue.png","contentUrl":"https:\/\/leatai.com\/wp-content\/uploads\/logo-blue.png","width":230,"height":60,"caption":"Leatai Diary, customized journal and business organizer"},"image":{"@id":"https:\/\/leatai.com\/da\/#\/schema\/logo\/image\/"}}]}},"_links":{"self":[{"href":"https:\/\/leatai.com\/da\/wp-json\/wp\/v2\/product\/100800","targetHints":{"allow":["GET"]}}],"collection":[{"href":"https:\/\/leatai.com\/da\/wp-json\/wp\/v2\/product"}],"about":[{"href":"https:\/\/leatai.com\/da\/wp-json\/wp\/v2\/types\/product"}],"wp:featuredmedia":[{"embeddable":true,"href":"https:\/\/leatai.com\/da\/wp-json\/wp\/v2\/media\/100801"}],"wp:attachment":[{"href":"https:\/\/leatai.com\/da\/wp-json\/wp\/v2\/media?parent=100800"}],"wp:term":[{"taxonomy":"product_brand","embeddable":true,"href":"https:\/\/leatai.com\/da\/wp-json\/wp\/v2\/product_brand?post=100800"},{"taxonomy":"product_cat","embeddable":true,"href":"https:\/\/leatai.com\/da\/wp-json\/wp\/v2\/product_cat?post=100800"},{"taxonomy":"product_tag","embeddable":true,"href":"https:\/\/leatai.com\/da\/wp-json\/wp\/v2\/product_tag?post=100800"},{"taxonomy":"home_works","embeddable":true,"href":"https:\/\/leatai.com\/da\/wp-json\/wp\/v2\/home_works?post=100800"}],"curies":[{"name":"wp","href":"https:\/\/api.w.org\/{rel}","templated":true}]}}