{"id":100786,"date":"2021-06-24T13:24:25","date_gmt":"2021-06-24T05:24:25","guid":{"rendered":"https:\/\/leatai.com\/product\/Ikke%20kategoriseret\/cola-films-x-leatai-2\/"},"modified":"2025-01-22T15:55:55","modified_gmt":"2025-01-22T07:55:55","slug":"cola-films-x-leatai-2","status":"publish","type":"product","link":"https:\/\/leatai.com\/da\/product\/tvaerindustrielt-samarbejde\/filmindustrien\/cola-films-x-leatai-2\/","title":{"rendered":"Cola films x Leatai"},"content":{"rendered":"<div class=\"flex max-w-full flex-col flex-grow\">\n<div class=\"min-h-8 text-message flex w-full flex-col items-end gap-2 whitespace-normal break-words text-start [.text-message+&amp;]:mt-5\" dir=\"auto\" data-message-author-role=\"assistant\" data-message-id=\"12c54bc0-2ecc-484d-af74-bc089af997d8\" data-message-model-slug=\"gpt-4o\">\n<div class=\"flex w-full flex-col gap-1 empty:hidden first:pt-[3px]\">\n<div class=\"markdown prose w-full break-words dark:prose-invert dark\">\n<p>Den japanske ungdomsfilms mesterinstrukt\u00f8r Shunji Iwais smukkeste k\u00e6rlighedsklassiker vender tilbage til det store l\u00e6rred for at fejre 20-\u00e5rs jubil\u00e6et for dens premiere i Taiwan. Filmen v\u00e6kker igen nostalgi for den gyldne \u00e6ra af japanske dramaserier!<\/p>\n<p><strong>&#8220;Et brev sendt til himlen \u00e5bner op for to uforglemmelige k\u00e6rlighedshistorier&#8230;&#8221;<\/strong><\/p>\n<\/div>\n<\/div>\n<\/div>\n<\/div>\n","protected":false},"excerpt":{"rendered":"<p>Den japanske ungdomsfilms mesterinstrukt\u00f8r Shunji Iwais smukkeste k\u00e6rlighedsklassiker vender tilbage til det store l\u00e6rred for at fejre 20-\u00e5rs jubil\u00e6et for dens premiere i Taiwan. Filmen v\u00e6kker igen nostalgi for den gyldne \u00e6ra af japanske dramaserier! &#8220;Et brev sendt til himlen \u00e5bner op for to uforglemmelige k\u00e6rlighedshistorier&#8230;&#8221;<\/p>\n","protected":false},"featured_media":100787,"template":"","meta":{"_acf_changed":false},"product_brand":[],"product_cat":[1085],"product_tag":[],"home_works":[],"class_list":{"0":"post-100786","1":"product","2":"type-product","3":"status-publish","4":"has-post-thumbnail","6":"product_cat-filmindustrien","8":"first","9":"instock","10":"sold-individually","11":"shipping-taxable","12":"purchasable","13":"product-type-simple"},"acf":[],"yoast_head":"<!-- This site is optimized with the Yoast SEO plugin v27.2 - https:\/\/yoast.com\/product\/yoast-seo-wordpress\/ -->\n<title>Cola films x Leatai - Klassisk samarbejdsnotesbog - Leatai \u2013 Producent af tilpassede notesb\u00f8ger<\/title>\n<meta name=\"description\" content=\"Den japanske ungdomsfilms mesterinstrukt\u00f8r Shunji Iwais smukkeste k\u00e6rlighedsklassiker vender tilbage til det store l\u00e6rred i anledning af 20-\u00e5rs jubil\u00e6et for dens premiere i Taiwan. Denne genudgivelse v\u00e6kker igen nostalgi for den gyldne \u00e6ra af japanske dramaserier! &quot;Et brev sendt til himlen \u00e5bner d\u00f8ren til to uforglemmelige k\u00e6rlighedshistorier...&quot;\" \/>\n<meta name=\"robots\" content=\"index, follow, max-snippet:-1, max-image-preview:large, max-video-preview:-1\" \/>\n<link rel=\"canonical\" href=\"https:\/\/leatai.com\/da\/product\/tvaerindustrielt-samarbejde\/filmindustrien\/cola-films-x-leatai-2\/\" \/>\n<meta property=\"og:locale\" content=\"da_DK\" \/>\n<meta property=\"og:type\" content=\"article\" \/>\n<meta property=\"og:title\" content=\"Cola films x Leatai - Klassisk samarbejdsnotesbog - Leatai \u2013 Producent af tilpassede notesb\u00f8ger\" \/>\n<meta property=\"og:description\" content=\"Den japanske ungdomsfilms mesterinstrukt\u00f8r Shunji Iwais smukkeste k\u00e6rlighedsklassiker vender tilbage til det store l\u00e6rred i anledning af 20-\u00e5rs jubil\u00e6et for dens premiere i Taiwan. Denne genudgivelse v\u00e6kker igen nostalgi for den gyldne \u00e6ra af japanske dramaserier! &quot;Et brev sendt til himlen \u00e5bner d\u00f8ren til to uforglemmelige k\u00e6rlighedshistorier...&quot;\" \/>\n<meta property=\"og:url\" content=\"https:\/\/leatai.com\/da\/product\/tvaerindustrielt-samarbejde\/filmindustrien\/cola-films-x-leatai-2\/\" \/>\n<meta property=\"og:site_name\" content=\"Leatai \u2013 Producent af tilpassede notesb\u00f8ger\" \/>\n<meta property=\"article:modified_time\" content=\"2025-01-22T07:55:55+00:00\" \/>\n<meta property=\"og:image\" content=\"https:\/\/leatai.com\/wp-content\/uploads\/2020_06_17_1147370.jpg\" \/>\n\t<meta property=\"og:image:width\" content=\"1000\" \/>\n\t<meta property=\"og:image:height\" content=\"750\" \/>\n\t<meta property=\"og:image:type\" content=\"image\/jpeg\" \/>\n<meta name=\"twitter:card\" content=\"summary_large_image\" \/>\n<meta name=\"twitter:label1\" content=\"Estimeret l\u00e6setid\" \/>\n\t<meta name=\"twitter:data1\" content=\"1 minut\" \/>\n<script type=\"application\/ld+json\" class=\"yoast-schema-graph\">{\"@context\":\"https:\/\/schema.org\",\"@graph\":[{\"@type\":\"WebPage\",\"@id\":\"https:\/\/leatai.com\/da\/product\/tvaerindustrielt-samarbejde\/filmindustrien\/cola-films-x-leatai-2\/\",\"url\":\"https:\/\/leatai.com\/da\/product\/tvaerindustrielt-samarbejde\/filmindustrien\/cola-films-x-leatai-2\/\",\"name\":\"Cola films x Leatai - Klassisk samarbejdsnotesbog - Leatai \u2013 Producent af tilpassede notesb\u00f8ger\",\"isPartOf\":{\"@id\":\"https:\/\/leatai.com\/da\/#website\"},\"primaryImageOfPage\":{\"@id\":\"https:\/\/leatai.com\/da\/product\/tvaerindustrielt-samarbejde\/filmindustrien\/cola-films-x-leatai-2\/#primaryimage\"},\"image\":{\"@id\":\"https:\/\/leatai.com\/da\/product\/tvaerindustrielt-samarbejde\/filmindustrien\/cola-films-x-leatai-2\/#primaryimage\"},\"thumbnailUrl\":\"https:\/\/leatai.com\/wp-content\/uploads\/2020_06_17_1147370.jpg\",\"datePublished\":\"2021-06-24T05:24:25+00:00\",\"dateModified\":\"2025-01-22T07:55:55+00:00\",\"description\":\"Den japanske ungdomsfilms mesterinstrukt\u00f8r Shunji Iwais smukkeste k\u00e6rlighedsklassiker vender tilbage til det store l\u00e6rred i anledning af 20-\u00e5rs jubil\u00e6et for dens premiere i Taiwan. Denne genudgivelse v\u00e6kker igen nostalgi for den gyldne \u00e6ra af japanske dramaserier! \\\"Et brev sendt til himlen \u00e5bner d\u00f8ren til to uforglemmelige k\u00e6rlighedshistorier...\\\"\",\"breadcrumb\":{\"@id\":\"https:\/\/leatai.com\/da\/product\/tvaerindustrielt-samarbejde\/filmindustrien\/cola-films-x-leatai-2\/#breadcrumb\"},\"inLanguage\":\"da-DK\",\"potentialAction\":[{\"@type\":\"ReadAction\",\"target\":[\"https:\/\/leatai.com\/da\/product\/tvaerindustrielt-samarbejde\/filmindustrien\/cola-films-x-leatai-2\/\"]}]},{\"@type\":\"ImageObject\",\"inLanguage\":\"da-DK\",\"@id\":\"https:\/\/leatai.com\/da\/product\/tvaerindustrielt-samarbejde\/filmindustrien\/cola-films-x-leatai-2\/#primaryimage\",\"url\":\"https:\/\/leatai.com\/wp-content\/uploads\/2020_06_17_1147370.jpg\",\"contentUrl\":\"https:\/\/leatai.com\/wp-content\/uploads\/2020_06_17_1147370.jpg\",\"width\":1000,\"height\":750,\"caption\":\"Limited Edition Collaboration Notebook\"},{\"@type\":\"BreadcrumbList\",\"@id\":\"https:\/\/leatai.com\/da\/product\/tvaerindustrielt-samarbejde\/filmindustrien\/cola-films-x-leatai-2\/#breadcrumb\",\"itemListElement\":[{\"@type\":\"ListItem\",\"position\":1,\"name\":\"Home\",\"item\":\"https:\/\/leatai.com\/da\/\"},{\"@type\":\"ListItem\",\"position\":2,\"name\":\"Produktintroduktion\",\"item\":\"https:\/\/leatai.com\/products\/\"},{\"@type\":\"ListItem\",\"position\":3,\"name\":\"Tv\u00e6rindustrielt samarbejde\",\"item\":\"https:\/\/leatai.com\/da\/vare-kategori\/tvaerindustrielt-samarbejde\/\"},{\"@type\":\"ListItem\",\"position\":4,\"name\":\"Filmindustrien\",\"item\":\"https:\/\/leatai.com\/da\/vare-kategori\/tvaerindustrielt-samarbejde\/filmindustrien\/\"},{\"@type\":\"ListItem\",\"position\":5,\"name\":\"Cola films x Leatai\"}]},{\"@type\":\"WebSite\",\"@id\":\"https:\/\/leatai.com\/da\/#website\",\"url\":\"https:\/\/leatai.com\/da\/\",\"name\":\"Leatai \u2013 Producent af tilpassede notesb\u00f8ger\",\"description\":\"Leatai tilbyder tilpassede notesb\u00f8ger og planl\u00e6ggere til globale brands og distribut\u00f8rer.\",\"publisher\":{\"@id\":\"https:\/\/leatai.com\/da\/#organization\"},\"potentialAction\":[{\"@type\":\"SearchAction\",\"target\":{\"@type\":\"EntryPoint\",\"urlTemplate\":\"https:\/\/leatai.com\/da\/?s={search_term_string}\"},\"query-input\":{\"@type\":\"PropertyValueSpecification\",\"valueRequired\":true,\"valueName\":\"search_term_string\"}}],\"inLanguage\":\"da-DK\"},{\"@type\":\"Organization\",\"@id\":\"https:\/\/leatai.com\/da\/#organization\",\"name\":\"Leatai Diary, customized journal and business organizer\",\"url\":\"https:\/\/leatai.com\/da\/\",\"logo\":{\"@type\":\"ImageObject\",\"inLanguage\":\"da-DK\",\"@id\":\"https:\/\/leatai.com\/da\/#\/schema\/logo\/image\/\",\"url\":\"https:\/\/leatai.com\/wp-content\/uploads\/logo-blue.png\",\"contentUrl\":\"https:\/\/leatai.com\/wp-content\/uploads\/logo-blue.png\",\"width\":230,\"height\":60,\"caption\":\"Leatai Diary, customized journal and business organizer\"},\"image\":{\"@id\":\"https:\/\/leatai.com\/da\/#\/schema\/logo\/image\/\"}}]}<\/script>\n<!-- \/ Yoast SEO plugin. -->","yoast_head_json":{"title":"Cola films x Leatai - Klassisk samarbejdsnotesbog - Leatai \u2013 Producent af tilpassede notesb\u00f8ger","description":"Den japanske ungdomsfilms mesterinstrukt\u00f8r Shunji Iwais smukkeste k\u00e6rlighedsklassiker vender tilbage til det store l\u00e6rred i anledning af 20-\u00e5rs jubil\u00e6et for dens premiere i Taiwan. Denne genudgivelse v\u00e6kker igen nostalgi for den gyldne \u00e6ra af japanske dramaserier! \"Et brev sendt til himlen \u00e5bner d\u00f8ren til to uforglemmelige k\u00e6rlighedshistorier...\"","robots":{"index":"index","follow":"follow","max-snippet":"max-snippet:-1","max-image-preview":"max-image-preview:large","max-video-preview":"max-video-preview:-1"},"canonical":"https:\/\/leatai.com\/da\/product\/tvaerindustrielt-samarbejde\/filmindustrien\/cola-films-x-leatai-2\/","og_locale":"da_DK","og_type":"article","og_title":"Cola films x Leatai - Klassisk samarbejdsnotesbog - Leatai \u2013 Producent af tilpassede notesb\u00f8ger","og_description":"Den japanske ungdomsfilms mesterinstrukt\u00f8r Shunji Iwais smukkeste k\u00e6rlighedsklassiker vender tilbage til det store l\u00e6rred i anledning af 20-\u00e5rs jubil\u00e6et for dens premiere i Taiwan. Denne genudgivelse v\u00e6kker igen nostalgi for den gyldne \u00e6ra af japanske dramaserier! \"Et brev sendt til himlen \u00e5bner d\u00f8ren til to uforglemmelige k\u00e6rlighedshistorier...\"","og_url":"https:\/\/leatai.com\/da\/product\/tvaerindustrielt-samarbejde\/filmindustrien\/cola-films-x-leatai-2\/","og_site_name":"Leatai \u2013 Producent af tilpassede notesb\u00f8ger","article_modified_time":"2025-01-22T07:55:55+00:00","og_image":[{"width":1000,"height":750,"url":"https:\/\/leatai.com\/wp-content\/uploads\/2020_06_17_1147370.jpg","type":"image\/jpeg"}],"twitter_card":"summary_large_image","twitter_misc":{"Estimeret l\u00e6setid":"1 minut"},"schema":{"@context":"https:\/\/schema.org","@graph":[{"@type":"WebPage","@id":"https:\/\/leatai.com\/da\/product\/tvaerindustrielt-samarbejde\/filmindustrien\/cola-films-x-leatai-2\/","url":"https:\/\/leatai.com\/da\/product\/tvaerindustrielt-samarbejde\/filmindustrien\/cola-films-x-leatai-2\/","name":"Cola films x Leatai - Klassisk samarbejdsnotesbog - Leatai \u2013 Producent af tilpassede notesb\u00f8ger","isPartOf":{"@id":"https:\/\/leatai.com\/da\/#website"},"primaryImageOfPage":{"@id":"https:\/\/leatai.com\/da\/product\/tvaerindustrielt-samarbejde\/filmindustrien\/cola-films-x-leatai-2\/#primaryimage"},"image":{"@id":"https:\/\/leatai.com\/da\/product\/tvaerindustrielt-samarbejde\/filmindustrien\/cola-films-x-leatai-2\/#primaryimage"},"thumbnailUrl":"https:\/\/leatai.com\/wp-content\/uploads\/2020_06_17_1147370.jpg","datePublished":"2021-06-24T05:24:25+00:00","dateModified":"2025-01-22T07:55:55+00:00","description":"Den japanske ungdomsfilms mesterinstrukt\u00f8r Shunji Iwais smukkeste k\u00e6rlighedsklassiker vender tilbage til det store l\u00e6rred i anledning af 20-\u00e5rs jubil\u00e6et for dens premiere i Taiwan. Denne genudgivelse v\u00e6kker igen nostalgi for den gyldne \u00e6ra af japanske dramaserier! \"Et brev sendt til himlen \u00e5bner d\u00f8ren til to uforglemmelige k\u00e6rlighedshistorier...\"","breadcrumb":{"@id":"https:\/\/leatai.com\/da\/product\/tvaerindustrielt-samarbejde\/filmindustrien\/cola-films-x-leatai-2\/#breadcrumb"},"inLanguage":"da-DK","potentialAction":[{"@type":"ReadAction","target":["https:\/\/leatai.com\/da\/product\/tvaerindustrielt-samarbejde\/filmindustrien\/cola-films-x-leatai-2\/"]}]},{"@type":"ImageObject","inLanguage":"da-DK","@id":"https:\/\/leatai.com\/da\/product\/tvaerindustrielt-samarbejde\/filmindustrien\/cola-films-x-leatai-2\/#primaryimage","url":"https:\/\/leatai.com\/wp-content\/uploads\/2020_06_17_1147370.jpg","contentUrl":"https:\/\/leatai.com\/wp-content\/uploads\/2020_06_17_1147370.jpg","width":1000,"height":750,"caption":"Limited Edition Collaboration Notebook"},{"@type":"BreadcrumbList","@id":"https:\/\/leatai.com\/da\/product\/tvaerindustrielt-samarbejde\/filmindustrien\/cola-films-x-leatai-2\/#breadcrumb","itemListElement":[{"@type":"ListItem","position":1,"name":"Home","item":"https:\/\/leatai.com\/da\/"},{"@type":"ListItem","position":2,"name":"Produktintroduktion","item":"https:\/\/leatai.com\/products\/"},{"@type":"ListItem","position":3,"name":"Tv\u00e6rindustrielt samarbejde","item":"https:\/\/leatai.com\/da\/vare-kategori\/tvaerindustrielt-samarbejde\/"},{"@type":"ListItem","position":4,"name":"Filmindustrien","item":"https:\/\/leatai.com\/da\/vare-kategori\/tvaerindustrielt-samarbejde\/filmindustrien\/"},{"@type":"ListItem","position":5,"name":"Cola films x Leatai"}]},{"@type":"WebSite","@id":"https:\/\/leatai.com\/da\/#website","url":"https:\/\/leatai.com\/da\/","name":"Leatai \u2013 Producent af tilpassede notesb\u00f8ger","description":"Leatai tilbyder tilpassede notesb\u00f8ger og planl\u00e6ggere til globale brands og distribut\u00f8rer.","publisher":{"@id":"https:\/\/leatai.com\/da\/#organization"},"potentialAction":[{"@type":"SearchAction","target":{"@type":"EntryPoint","urlTemplate":"https:\/\/leatai.com\/da\/?s={search_term_string}"},"query-input":{"@type":"PropertyValueSpecification","valueRequired":true,"valueName":"search_term_string"}}],"inLanguage":"da-DK"},{"@type":"Organization","@id":"https:\/\/leatai.com\/da\/#organization","name":"Leatai Diary, customized journal and business organizer","url":"https:\/\/leatai.com\/da\/","logo":{"@type":"ImageObject","inLanguage":"da-DK","@id":"https:\/\/leatai.com\/da\/#\/schema\/logo\/image\/","url":"https:\/\/leatai.com\/wp-content\/uploads\/logo-blue.png","contentUrl":"https:\/\/leatai.com\/wp-content\/uploads\/logo-blue.png","width":230,"height":60,"caption":"Leatai Diary, customized journal and business organizer"},"image":{"@id":"https:\/\/leatai.com\/da\/#\/schema\/logo\/image\/"}}]}},"_links":{"self":[{"href":"https:\/\/leatai.com\/da\/wp-json\/wp\/v2\/product\/100786","targetHints":{"allow":["GET"]}}],"collection":[{"href":"https:\/\/leatai.com\/da\/wp-json\/wp\/v2\/product"}],"about":[{"href":"https:\/\/leatai.com\/da\/wp-json\/wp\/v2\/types\/product"}],"wp:featuredmedia":[{"embeddable":true,"href":"https:\/\/leatai.com\/da\/wp-json\/wp\/v2\/media\/100787"}],"wp:attachment":[{"href":"https:\/\/leatai.com\/da\/wp-json\/wp\/v2\/media?parent=100786"}],"wp:term":[{"taxonomy":"product_brand","embeddable":true,"href":"https:\/\/leatai.com\/da\/wp-json\/wp\/v2\/product_brand?post=100786"},{"taxonomy":"product_cat","embeddable":true,"href":"https:\/\/leatai.com\/da\/wp-json\/wp\/v2\/product_cat?post=100786"},{"taxonomy":"product_tag","embeddable":true,"href":"https:\/\/leatai.com\/da\/wp-json\/wp\/v2\/product_tag?post=100786"},{"taxonomy":"home_works","embeddable":true,"href":"https:\/\/leatai.com\/da\/wp-json\/wp\/v2\/home_works?post=100786"}],"curies":[{"name":"wp","href":"https:\/\/api.w.org\/{rel}","templated":true}]}}