{"id":100782,"date":"2021-06-24T13:23:56","date_gmt":"2021-06-24T05:23:56","guid":{"rendered":"https:\/\/leatai.com\/product\/Ikke%20kategoriseret\/mapple-plus-taipei\/"},"modified":"2025-01-22T15:54:57","modified_gmt":"2025-01-22T07:54:57","slug":"mapple-plus-taipei","status":"publish","type":"product","link":"https:\/\/leatai.com\/da\/product\/tvaerindustrielt-samarbejde\/filmindustrien\/mapple-plus-taipei\/","title":{"rendered":"Mapple PLUS Taipei"},"content":{"rendered":"<p><strong>Mapple PLUS<\/strong> er et japansk rejsemagasin, og i denne udgave pr\u00e6senteres ikke kun spisesteder, oplevelser og aktiviteter i Taipei, men ogs\u00e5 sp\u00e6ndende steder for papir- og skriveudstyrs-entusiaster!<\/p>\n<p>Som et taiwansk h\u00e5ndlavet notesbogsm\u00e6rke l\u00e6gger vi v\u00e6gt p\u00e5 kompatibiliteten med fyldepen, s\u00e5 skriveoplevelsen er glat og uden gennemtr\u00e6ngning af bl\u00e6k. Vores notesb\u00f8ger er designet med en styrke, der minimerer skader og muligg\u00f8r 180-graders flad \u00e5bning, samtidig med at de opfylder kravene til praktisk anvendelighed. Den b\u00e6rbare og brugervenlige udformning er en favorit blandt brugere.<\/p>\n","protected":false},"excerpt":{"rendered":"<p>Mapple PLUS er et japansk rejsemagasin, og i denne udgave pr\u00e6senteres ikke kun spisesteder, oplevelser og aktiviteter i Taipei, men ogs\u00e5 sp\u00e6ndende steder for papir- og skriveudstyrs-entusiaster! Som et taiwansk h\u00e5ndlavet notesbogsm\u00e6rke l\u00e6gger vi v\u00e6gt p\u00e5 kompatibiliteten med fyldepen, s\u00e5 skriveoplevelsen er glat og uden gennemtr\u00e6ngning af bl\u00e6k. Vores notesb\u00f8ger er designet med en styrke, [&hellip;]<\/p>\n","protected":false},"featured_media":100783,"template":"","meta":{"_acf_changed":false},"product_brand":[],"product_cat":[1085],"product_tag":[],"home_works":[],"class_list":{"0":"post-100782","1":"product","2":"type-product","3":"status-publish","4":"has-post-thumbnail","6":"product_cat-filmindustrien","8":"first","9":"instock","10":"sold-individually","11":"shipping-taxable","12":"purchasable","13":"product-type-simple"},"acf":[],"yoast_head":"<!-- This site is optimized with the Yoast SEO plugin v27.2 - https:\/\/yoast.com\/product\/yoast-seo-wordpress\/ -->\n<title>Mapple PLUS Taipei - Et af Taiwans must-see destinationer - Leatai \u2013 Producent af tilpassede notesb\u00f8ger<\/title>\n<meta name=\"description\" content=\"Mapple PLUS er et japansk rejsemagasin, der ikke kun fremh\u00e6ver mad, drikke og aktiviteter i Taipei, men ogs\u00e5 introducerer must-visit steder som repr\u00e6sentanter for Taiwans skrive- og papirvarer. Det er gradvist blevet et vigtigt rejsem\u00e5l for japanske turister, is\u00e6r for entusiaster af kontorartikler.\" \/>\n<meta name=\"robots\" content=\"index, follow, max-snippet:-1, max-image-preview:large, max-video-preview:-1\" \/>\n<link rel=\"canonical\" href=\"https:\/\/leatai.com\/da\/product\/tvaerindustrielt-samarbejde\/filmindustrien\/mapple-plus-taipei\/\" \/>\n<meta property=\"og:locale\" content=\"da_DK\" \/>\n<meta property=\"og:type\" content=\"article\" \/>\n<meta property=\"og:title\" content=\"Mapple PLUS Taipei - Et af Taiwans must-see destinationer - Leatai \u2013 Producent af tilpassede notesb\u00f8ger\" \/>\n<meta property=\"og:description\" content=\"Mapple PLUS er et japansk rejsemagasin, der ikke kun fremh\u00e6ver mad, drikke og aktiviteter i Taipei, men ogs\u00e5 introducerer must-visit steder som repr\u00e6sentanter for Taiwans skrive- og papirvarer. Det er gradvist blevet et vigtigt rejsem\u00e5l for japanske turister, is\u00e6r for entusiaster af kontorartikler.\" \/>\n<meta property=\"og:url\" content=\"https:\/\/leatai.com\/da\/product\/tvaerindustrielt-samarbejde\/filmindustrien\/mapple-plus-taipei\/\" \/>\n<meta property=\"og:site_name\" content=\"Leatai \u2013 Producent af tilpassede notesb\u00f8ger\" \/>\n<meta property=\"article:modified_time\" content=\"2025-01-22T07:54:57+00:00\" \/>\n<meta property=\"og:image\" content=\"https:\/\/leatai.com\/wp-content\/uploads\/2020_04_25_1733260.jpg\" \/>\n\t<meta property=\"og:image:width\" content=\"1000\" \/>\n\t<meta property=\"og:image:height\" content=\"750\" \/>\n\t<meta property=\"og:image:type\" content=\"image\/jpeg\" \/>\n<meta name=\"twitter:card\" content=\"summary_large_image\" \/>\n<meta name=\"twitter:label1\" content=\"Estimeret l\u00e6setid\" \/>\n\t<meta name=\"twitter:data1\" content=\"1 minut\" \/>\n<script type=\"application\/ld+json\" class=\"yoast-schema-graph\">{\"@context\":\"https:\/\/schema.org\",\"@graph\":[{\"@type\":\"WebPage\",\"@id\":\"https:\/\/leatai.com\/da\/product\/tvaerindustrielt-samarbejde\/filmindustrien\/mapple-plus-taipei\/\",\"url\":\"https:\/\/leatai.com\/da\/product\/tvaerindustrielt-samarbejde\/filmindustrien\/mapple-plus-taipei\/\",\"name\":\"Mapple PLUS Taipei - Et af Taiwans must-see destinationer - Leatai \u2013 Producent af tilpassede notesb\u00f8ger\",\"isPartOf\":{\"@id\":\"https:\/\/leatai.com\/da\/#website\"},\"primaryImageOfPage\":{\"@id\":\"https:\/\/leatai.com\/da\/product\/tvaerindustrielt-samarbejde\/filmindustrien\/mapple-plus-taipei\/#primaryimage\"},\"image\":{\"@id\":\"https:\/\/leatai.com\/da\/product\/tvaerindustrielt-samarbejde\/filmindustrien\/mapple-plus-taipei\/#primaryimage\"},\"thumbnailUrl\":\"https:\/\/leatai.com\/wp-content\/uploads\/2020_04_25_1733260.jpg\",\"datePublished\":\"2021-06-24T05:23:56+00:00\",\"dateModified\":\"2025-01-22T07:54:57+00:00\",\"description\":\"Mapple PLUS er et japansk rejsemagasin, der ikke kun fremh\u00e6ver mad, drikke og aktiviteter i Taipei, men ogs\u00e5 introducerer must-visit steder som repr\u00e6sentanter for Taiwans skrive- og papirvarer. Det er gradvist blevet et vigtigt rejsem\u00e5l for japanske turister, is\u00e6r for entusiaster af kontorartikler.\",\"breadcrumb\":{\"@id\":\"https:\/\/leatai.com\/da\/product\/tvaerindustrielt-samarbejde\/filmindustrien\/mapple-plus-taipei\/#breadcrumb\"},\"inLanguage\":\"da-DK\",\"potentialAction\":[{\"@type\":\"ReadAction\",\"target\":[\"https:\/\/leatai.com\/da\/product\/tvaerindustrielt-samarbejde\/filmindustrien\/mapple-plus-taipei\/\"]}]},{\"@type\":\"ImageObject\",\"inLanguage\":\"da-DK\",\"@id\":\"https:\/\/leatai.com\/da\/product\/tvaerindustrielt-samarbejde\/filmindustrien\/mapple-plus-taipei\/#primaryimage\",\"url\":\"https:\/\/leatai.com\/wp-content\/uploads\/2020_04_25_1733260.jpg\",\"contentUrl\":\"https:\/\/leatai.com\/wp-content\/uploads\/2020_04_25_1733260.jpg\",\"width\":1000,\"height\":750,\"caption\":\"Japanske Mapple PLUS-magasin\"},{\"@type\":\"BreadcrumbList\",\"@id\":\"https:\/\/leatai.com\/da\/product\/tvaerindustrielt-samarbejde\/filmindustrien\/mapple-plus-taipei\/#breadcrumb\",\"itemListElement\":[{\"@type\":\"ListItem\",\"position\":1,\"name\":\"Home\",\"item\":\"https:\/\/leatai.com\/da\/\"},{\"@type\":\"ListItem\",\"position\":2,\"name\":\"Produktintroduktion\",\"item\":\"https:\/\/leatai.com\/products\/\"},{\"@type\":\"ListItem\",\"position\":3,\"name\":\"Tv\u00e6rindustrielt samarbejde\",\"item\":\"https:\/\/leatai.com\/da\/vare-kategori\/tvaerindustrielt-samarbejde\/\"},{\"@type\":\"ListItem\",\"position\":4,\"name\":\"Filmindustrien\",\"item\":\"https:\/\/leatai.com\/da\/vare-kategori\/tvaerindustrielt-samarbejde\/filmindustrien\/\"},{\"@type\":\"ListItem\",\"position\":5,\"name\":\"Mapple PLUS Taipei\"}]},{\"@type\":\"WebSite\",\"@id\":\"https:\/\/leatai.com\/da\/#website\",\"url\":\"https:\/\/leatai.com\/da\/\",\"name\":\"Leatai \u2013 Producent af tilpassede notesb\u00f8ger\",\"description\":\"Leatai tilbyder tilpassede notesb\u00f8ger og planl\u00e6ggere til globale brands og distribut\u00f8rer.\",\"publisher\":{\"@id\":\"https:\/\/leatai.com\/da\/#organization\"},\"potentialAction\":[{\"@type\":\"SearchAction\",\"target\":{\"@type\":\"EntryPoint\",\"urlTemplate\":\"https:\/\/leatai.com\/da\/?s={search_term_string}\"},\"query-input\":{\"@type\":\"PropertyValueSpecification\",\"valueRequired\":true,\"valueName\":\"search_term_string\"}}],\"inLanguage\":\"da-DK\"},{\"@type\":\"Organization\",\"@id\":\"https:\/\/leatai.com\/da\/#organization\",\"name\":\"Leatai Diary, customized journal and business organizer\",\"url\":\"https:\/\/leatai.com\/da\/\",\"logo\":{\"@type\":\"ImageObject\",\"inLanguage\":\"da-DK\",\"@id\":\"https:\/\/leatai.com\/da\/#\/schema\/logo\/image\/\",\"url\":\"https:\/\/leatai.com\/wp-content\/uploads\/logo-blue.png\",\"contentUrl\":\"https:\/\/leatai.com\/wp-content\/uploads\/logo-blue.png\",\"width\":230,\"height\":60,\"caption\":\"Leatai Diary, customized journal and business organizer\"},\"image\":{\"@id\":\"https:\/\/leatai.com\/da\/#\/schema\/logo\/image\/\"}}]}<\/script>\n<!-- \/ Yoast SEO plugin. -->","yoast_head_json":{"title":"Mapple PLUS Taipei - Et af Taiwans must-see destinationer - Leatai \u2013 Producent af tilpassede notesb\u00f8ger","description":"Mapple PLUS er et japansk rejsemagasin, der ikke kun fremh\u00e6ver mad, drikke og aktiviteter i Taipei, men ogs\u00e5 introducerer must-visit steder som repr\u00e6sentanter for Taiwans skrive- og papirvarer. Det er gradvist blevet et vigtigt rejsem\u00e5l for japanske turister, is\u00e6r for entusiaster af kontorartikler.","robots":{"index":"index","follow":"follow","max-snippet":"max-snippet:-1","max-image-preview":"max-image-preview:large","max-video-preview":"max-video-preview:-1"},"canonical":"https:\/\/leatai.com\/da\/product\/tvaerindustrielt-samarbejde\/filmindustrien\/mapple-plus-taipei\/","og_locale":"da_DK","og_type":"article","og_title":"Mapple PLUS Taipei - Et af Taiwans must-see destinationer - Leatai \u2013 Producent af tilpassede notesb\u00f8ger","og_description":"Mapple PLUS er et japansk rejsemagasin, der ikke kun fremh\u00e6ver mad, drikke og aktiviteter i Taipei, men ogs\u00e5 introducerer must-visit steder som repr\u00e6sentanter for Taiwans skrive- og papirvarer. Det er gradvist blevet et vigtigt rejsem\u00e5l for japanske turister, is\u00e6r for entusiaster af kontorartikler.","og_url":"https:\/\/leatai.com\/da\/product\/tvaerindustrielt-samarbejde\/filmindustrien\/mapple-plus-taipei\/","og_site_name":"Leatai \u2013 Producent af tilpassede notesb\u00f8ger","article_modified_time":"2025-01-22T07:54:57+00:00","og_image":[{"width":1000,"height":750,"url":"https:\/\/leatai.com\/wp-content\/uploads\/2020_04_25_1733260.jpg","type":"image\/jpeg"}],"twitter_card":"summary_large_image","twitter_misc":{"Estimeret l\u00e6setid":"1 minut"},"schema":{"@context":"https:\/\/schema.org","@graph":[{"@type":"WebPage","@id":"https:\/\/leatai.com\/da\/product\/tvaerindustrielt-samarbejde\/filmindustrien\/mapple-plus-taipei\/","url":"https:\/\/leatai.com\/da\/product\/tvaerindustrielt-samarbejde\/filmindustrien\/mapple-plus-taipei\/","name":"Mapple PLUS Taipei - Et af Taiwans must-see destinationer - Leatai \u2013 Producent af tilpassede notesb\u00f8ger","isPartOf":{"@id":"https:\/\/leatai.com\/da\/#website"},"primaryImageOfPage":{"@id":"https:\/\/leatai.com\/da\/product\/tvaerindustrielt-samarbejde\/filmindustrien\/mapple-plus-taipei\/#primaryimage"},"image":{"@id":"https:\/\/leatai.com\/da\/product\/tvaerindustrielt-samarbejde\/filmindustrien\/mapple-plus-taipei\/#primaryimage"},"thumbnailUrl":"https:\/\/leatai.com\/wp-content\/uploads\/2020_04_25_1733260.jpg","datePublished":"2021-06-24T05:23:56+00:00","dateModified":"2025-01-22T07:54:57+00:00","description":"Mapple PLUS er et japansk rejsemagasin, der ikke kun fremh\u00e6ver mad, drikke og aktiviteter i Taipei, men ogs\u00e5 introducerer must-visit steder som repr\u00e6sentanter for Taiwans skrive- og papirvarer. Det er gradvist blevet et vigtigt rejsem\u00e5l for japanske turister, is\u00e6r for entusiaster af kontorartikler.","breadcrumb":{"@id":"https:\/\/leatai.com\/da\/product\/tvaerindustrielt-samarbejde\/filmindustrien\/mapple-plus-taipei\/#breadcrumb"},"inLanguage":"da-DK","potentialAction":[{"@type":"ReadAction","target":["https:\/\/leatai.com\/da\/product\/tvaerindustrielt-samarbejde\/filmindustrien\/mapple-plus-taipei\/"]}]},{"@type":"ImageObject","inLanguage":"da-DK","@id":"https:\/\/leatai.com\/da\/product\/tvaerindustrielt-samarbejde\/filmindustrien\/mapple-plus-taipei\/#primaryimage","url":"https:\/\/leatai.com\/wp-content\/uploads\/2020_04_25_1733260.jpg","contentUrl":"https:\/\/leatai.com\/wp-content\/uploads\/2020_04_25_1733260.jpg","width":1000,"height":750,"caption":"Japanske Mapple PLUS-magasin"},{"@type":"BreadcrumbList","@id":"https:\/\/leatai.com\/da\/product\/tvaerindustrielt-samarbejde\/filmindustrien\/mapple-plus-taipei\/#breadcrumb","itemListElement":[{"@type":"ListItem","position":1,"name":"Home","item":"https:\/\/leatai.com\/da\/"},{"@type":"ListItem","position":2,"name":"Produktintroduktion","item":"https:\/\/leatai.com\/products\/"},{"@type":"ListItem","position":3,"name":"Tv\u00e6rindustrielt samarbejde","item":"https:\/\/leatai.com\/da\/vare-kategori\/tvaerindustrielt-samarbejde\/"},{"@type":"ListItem","position":4,"name":"Filmindustrien","item":"https:\/\/leatai.com\/da\/vare-kategori\/tvaerindustrielt-samarbejde\/filmindustrien\/"},{"@type":"ListItem","position":5,"name":"Mapple PLUS Taipei"}]},{"@type":"WebSite","@id":"https:\/\/leatai.com\/da\/#website","url":"https:\/\/leatai.com\/da\/","name":"Leatai \u2013 Producent af tilpassede notesb\u00f8ger","description":"Leatai tilbyder tilpassede notesb\u00f8ger og planl\u00e6ggere til globale brands og distribut\u00f8rer.","publisher":{"@id":"https:\/\/leatai.com\/da\/#organization"},"potentialAction":[{"@type":"SearchAction","target":{"@type":"EntryPoint","urlTemplate":"https:\/\/leatai.com\/da\/?s={search_term_string}"},"query-input":{"@type":"PropertyValueSpecification","valueRequired":true,"valueName":"search_term_string"}}],"inLanguage":"da-DK"},{"@type":"Organization","@id":"https:\/\/leatai.com\/da\/#organization","name":"Leatai Diary, customized journal and business organizer","url":"https:\/\/leatai.com\/da\/","logo":{"@type":"ImageObject","inLanguage":"da-DK","@id":"https:\/\/leatai.com\/da\/#\/schema\/logo\/image\/","url":"https:\/\/leatai.com\/wp-content\/uploads\/logo-blue.png","contentUrl":"https:\/\/leatai.com\/wp-content\/uploads\/logo-blue.png","width":230,"height":60,"caption":"Leatai Diary, customized journal and business organizer"},"image":{"@id":"https:\/\/leatai.com\/da\/#\/schema\/logo\/image\/"}}]}},"_links":{"self":[{"href":"https:\/\/leatai.com\/da\/wp-json\/wp\/v2\/product\/100782","targetHints":{"allow":["GET"]}}],"collection":[{"href":"https:\/\/leatai.com\/da\/wp-json\/wp\/v2\/product"}],"about":[{"href":"https:\/\/leatai.com\/da\/wp-json\/wp\/v2\/types\/product"}],"wp:featuredmedia":[{"embeddable":true,"href":"https:\/\/leatai.com\/da\/wp-json\/wp\/v2\/media\/100783"}],"wp:attachment":[{"href":"https:\/\/leatai.com\/da\/wp-json\/wp\/v2\/media?parent=100782"}],"wp:term":[{"taxonomy":"product_brand","embeddable":true,"href":"https:\/\/leatai.com\/da\/wp-json\/wp\/v2\/product_brand?post=100782"},{"taxonomy":"product_cat","embeddable":true,"href":"https:\/\/leatai.com\/da\/wp-json\/wp\/v2\/product_cat?post=100782"},{"taxonomy":"product_tag","embeddable":true,"href":"https:\/\/leatai.com\/da\/wp-json\/wp\/v2\/product_tag?post=100782"},{"taxonomy":"home_works","embeddable":true,"href":"https:\/\/leatai.com\/da\/wp-json\/wp\/v2\/home_works?post=100782"}],"curies":[{"name":"wp","href":"https:\/\/api.w.org\/{rel}","templated":true}]}}