{"id":100776,"date":"2021-06-24T13:23:56","date_gmt":"2021-06-24T05:23:56","guid":{"rendered":"https:\/\/leatai.com\/product\/Ikke%20kategoriseret\/women-make-waves-international-film-festival-x-leatai\/"},"modified":"2025-01-22T15:53:29","modified_gmt":"2025-01-22T07:53:29","slug":"women-make-waves-international-film-festival-x-leatai","status":"publish","type":"product","link":"https:\/\/leatai.com\/da\/product\/tvaerindustrielt-samarbejde\/filmindustrien\/women-make-waves-international-film-festival-x-leatai\/","title":{"rendered":"Women Make Waves International Film Festival x Leatai"},"content":{"rendered":"<div class=\"flex-1 overflow-hidden @container\/thread\">\n<div class=\"h-full\">\n<div class=\"react-scroll-to-bottom--css-yuzzl-79elbk h-full\">\n<div class=\"react-scroll-to-bottom--css-yuzzl-1n7m0yu\">\n<div class=\"flex flex-col text-sm md:pb-9\">\n<article class=\"w-full scroll-mb-[var(--thread-trailing-height,150px)] text-token-text-primary focus-visible:outline-2 focus-visible:outline-offset-[-4px]\" dir=\"auto\" data-testid=\"conversation-turn-713\" data-scroll-anchor=\"true\">\n<div class=\"m-auto text-base py-[18px] px-3 md:px-4 w-full md:px-5 lg:px-4 xl:px-5\">\n<div class=\"mx-auto flex flex-1 gap-4 text-base md:gap-5 lg:gap-6 md:max-w-3xl lg:max-w-[40rem] xl:max-w-[48rem]\">\n<div class=\"group\/conversation-turn relative flex w-full min-w-0 flex-col agent-turn\">\n<div class=\"flex-col gap-1 md:gap-3\">\n<div class=\"flex max-w-full flex-col flex-grow\">\n<div class=\"min-h-8 text-message flex w-full flex-col items-end gap-2 whitespace-normal break-words text-start [.text-message+&amp;]:mt-5\" dir=\"auto\" data-message-author-role=\"assistant\" data-message-id=\"0cad5ecf-c6a9-4220-86b3-4a7b0c920240\" data-message-model-slug=\"gpt-4o\">\n<div class=\"flex w-full flex-col gap-1 empty:hidden first:pt-[3px]\">\n<div class=\"markdown prose w-full break-words dark:prose-invert dark\">\n<p><strong>Kvinde Filmfestivals Introduktion:<\/strong><br \/>\n<strong>Beyond Control &#8211; Kontrol som et f\u00e6ngsel og en ny holdning<\/strong><\/p>\n<p>&#8220;Det, som Gud og m\u00e6nd frygter mest, er at miste kontrollen over kvinder.&#8221; \u2013 Mary Daly<\/p>\n<p>\u00c5rets kvindefilmfestival tager &#8220;kontrol&#8221; som sit tema, med titlen <em>Beyond Control<\/em>. Gennem forskellige sektioner udforsker festivalen kvinders s\u00f8gen efter og forst\u00e5else af kontrol, pr\u00e6senteret gennem kunstneriske medier med bl\u00f8d, men kraftfuld spirituel styrke.<\/p>\n<p>Sektionen &#8220;Me Too: Ansigterne af seksuel vold&#8221; fungerer som en spejlrefleksion for &#8220;Time&#8217;s Up&#8221;- og &#8220;#MeTooMeToo&#8221;-bev\u00e6gelsen, der afd\u00e6kker de skjulte magtstrukturer.<\/p>\n<p><strong>Logoets Designkoncept:<\/strong><\/p>\n<ul>\n<li><strong>Bag konceptet &#8211; Bao Da Shan<\/strong> &#8211;<br \/>\nMange er ikke klar over de kontrolmekanismer, der pr\u00e6ger deres liv. De tror, de str\u00e6ber efter deres egen identitet, men i virkeligheden former andres forventninger dem.<\/li>\n<\/ul>\n<p>Is\u00e6r kvinder, der s\u00f8ger at forbedre sig selv, m\u00f8der ofte implicitte forventninger fra omgivelserne \u2013 en subtil form for kontrol. At eksistere ubevidst som en afspejling af andres \u00f8nsker er en byrde.<\/p>\n<p>Logoet inkorporerer symbolik fra kvindens krop \u2013 en st\u00e6rk p\u00e5mindelse om ejerskab og frihed. Det afspejler en frig\u00f8relse fra seksuel kontrol og n\u00e6gter at lade kroppen v\u00e6re et middel til at tilfredsstille andre eller for at opn\u00e5 en midlertidig f\u00f8lelse af eksistensberettigelse. Dette er en visuel hyldest til frihed og selvbestemmelse.<\/p>\n<\/div>\n<\/div>\n<\/div>\n<\/div>\n<\/div>\n<\/div>\n<\/div>\n<\/div>\n<\/article>\n<\/div>\n<\/div>\n<\/div>\n<\/div>\n<\/div>\n","protected":false},"excerpt":{"rendered":"<p>Kvinde Filmfestivals Introduktion: Beyond Control &#8211; Kontrol som et f\u00e6ngsel og en ny holdning &#8220;Det, som Gud og m\u00e6nd frygter mest, er at miste kontrollen over kvinder.&#8221; \u2013 Mary Daly \u00c5rets kvindefilmfestival tager &#8220;kontrol&#8221; som sit tema, med titlen Beyond Control. Gennem forskellige sektioner udforsker festivalen kvinders s\u00f8gen efter og forst\u00e5else af kontrol, pr\u00e6senteret gennem [&hellip;]<\/p>\n","protected":false},"featured_media":100777,"template":"","meta":{"_acf_changed":false},"product_brand":[],"product_cat":[1085],"product_tag":[],"home_works":[],"class_list":{"0":"post-100776","1":"product","2":"type-product","3":"status-publish","4":"has-post-thumbnail","6":"product_cat-filmindustrien","8":"first","9":"instock","10":"sold-individually","11":"shipping-taxable","12":"purchasable","13":"product-type-simple"},"acf":[],"yoast_head":"<!-- This site is optimized with the Yoast SEO plugin v27.2 - https:\/\/yoast.com\/product\/yoast-seo-wordpress\/ -->\n<title>Women Make Waves International Film Festival x Leatai - Bliv en bedre udgave af dig selv - Leatai \u2013 Producent af tilpassede notesb\u00f8ger<\/title>\n<meta name=\"description\" content=\"Kvindefilmfestivalen har valgt &quot;Kontrol&quot; som tema under titlen Beyond Control. Gennem forskellige sektioner udforskes kvinders s\u00f8gen efter og forst\u00e5else af kontrol. Dette udtrykkes gennem bl\u00f8de kunstneriske medier, der fort\u00e6ller om en kraftfuld \u00e5ndelig styrke. Beyond Control \u2013 kontrol har tidligere v\u00e6ret et f\u00e6ngsel, men er ogs\u00e5 blevet en ny holdning.\" \/>\n<meta name=\"robots\" content=\"index, follow, max-snippet:-1, max-image-preview:large, max-video-preview:-1\" \/>\n<link rel=\"canonical\" href=\"https:\/\/leatai.com\/da\/product\/tvaerindustrielt-samarbejde\/filmindustrien\/women-make-waves-international-film-festival-x-leatai\/\" \/>\n<meta property=\"og:locale\" content=\"da_DK\" \/>\n<meta property=\"og:type\" content=\"article\" \/>\n<meta property=\"og:title\" content=\"Women Make Waves International Film Festival x Leatai - Bliv en bedre udgave af dig selv - Leatai \u2013 Producent af tilpassede notesb\u00f8ger\" \/>\n<meta property=\"og:description\" content=\"Kvindefilmfestivalen har valgt &quot;Kontrol&quot; som tema under titlen Beyond Control. Gennem forskellige sektioner udforskes kvinders s\u00f8gen efter og forst\u00e5else af kontrol. Dette udtrykkes gennem bl\u00f8de kunstneriske medier, der fort\u00e6ller om en kraftfuld \u00e5ndelig styrke. Beyond Control \u2013 kontrol har tidligere v\u00e6ret et f\u00e6ngsel, men er ogs\u00e5 blevet en ny holdning.\" \/>\n<meta property=\"og:url\" content=\"https:\/\/leatai.com\/da\/product\/tvaerindustrielt-samarbejde\/filmindustrien\/women-make-waves-international-film-festival-x-leatai\/\" \/>\n<meta property=\"og:site_name\" content=\"Leatai \u2013 Producent af tilpassede notesb\u00f8ger\" \/>\n<meta property=\"article:modified_time\" content=\"2025-01-22T07:53:29+00:00\" \/>\n<meta property=\"og:image\" content=\"https:\/\/leatai.com\/wp-content\/uploads\/2020_04_25_1743240.jpg\" \/>\n\t<meta property=\"og:image:width\" content=\"1000\" \/>\n\t<meta property=\"og:image:height\" content=\"750\" \/>\n\t<meta property=\"og:image:type\" content=\"image\/jpeg\" \/>\n<meta name=\"twitter:card\" content=\"summary_large_image\" \/>\n<meta name=\"twitter:label1\" content=\"Estimeret l\u00e6setid\" \/>\n\t<meta name=\"twitter:data1\" content=\"2 minutter\" \/>\n<script type=\"application\/ld+json\" class=\"yoast-schema-graph\">{\"@context\":\"https:\/\/schema.org\",\"@graph\":[{\"@type\":\"WebPage\",\"@id\":\"https:\/\/leatai.com\/da\/product\/tvaerindustrielt-samarbejde\/filmindustrien\/women-make-waves-international-film-festival-x-leatai\/\",\"url\":\"https:\/\/leatai.com\/da\/product\/tvaerindustrielt-samarbejde\/filmindustrien\/women-make-waves-international-film-festival-x-leatai\/\",\"name\":\"Women Make Waves International Film Festival x Leatai - Bliv en bedre udgave af dig selv - Leatai \u2013 Producent af tilpassede notesb\u00f8ger\",\"isPartOf\":{\"@id\":\"https:\/\/leatai.com\/da\/#website\"},\"primaryImageOfPage\":{\"@id\":\"https:\/\/leatai.com\/da\/product\/tvaerindustrielt-samarbejde\/filmindustrien\/women-make-waves-international-film-festival-x-leatai\/#primaryimage\"},\"image\":{\"@id\":\"https:\/\/leatai.com\/da\/product\/tvaerindustrielt-samarbejde\/filmindustrien\/women-make-waves-international-film-festival-x-leatai\/#primaryimage\"},\"thumbnailUrl\":\"https:\/\/leatai.com\/wp-content\/uploads\/2020_04_25_1743240.jpg\",\"datePublished\":\"2021-06-24T05:23:56+00:00\",\"dateModified\":\"2025-01-22T07:53:29+00:00\",\"description\":\"Kvindefilmfestivalen har valgt \\\"Kontrol\\\" som tema under titlen Beyond Control. Gennem forskellige sektioner udforskes kvinders s\u00f8gen efter og forst\u00e5else af kontrol. Dette udtrykkes gennem bl\u00f8de kunstneriske medier, der fort\u00e6ller om en kraftfuld \u00e5ndelig styrke. Beyond Control \u2013 kontrol har tidligere v\u00e6ret et f\u00e6ngsel, men er ogs\u00e5 blevet en ny holdning.\",\"breadcrumb\":{\"@id\":\"https:\/\/leatai.com\/da\/product\/tvaerindustrielt-samarbejde\/filmindustrien\/women-make-waves-international-film-festival-x-leatai\/#breadcrumb\"},\"inLanguage\":\"da-DK\",\"potentialAction\":[{\"@type\":\"ReadAction\",\"target\":[\"https:\/\/leatai.com\/da\/product\/tvaerindustrielt-samarbejde\/filmindustrien\/women-make-waves-international-film-festival-x-leatai\/\"]}]},{\"@type\":\"ImageObject\",\"inLanguage\":\"da-DK\",\"@id\":\"https:\/\/leatai.com\/da\/product\/tvaerindustrielt-samarbejde\/filmindustrien\/women-make-waves-international-film-festival-x-leatai\/#primaryimage\",\"url\":\"https:\/\/leatai.com\/wp-content\/uploads\/2020_04_25_1743240.jpg\",\"contentUrl\":\"https:\/\/leatai.com\/wp-content\/uploads\/2020_04_25_1743240.jpg\",\"width\":1000,\"height\":750},{\"@type\":\"BreadcrumbList\",\"@id\":\"https:\/\/leatai.com\/da\/product\/tvaerindustrielt-samarbejde\/filmindustrien\/women-make-waves-international-film-festival-x-leatai\/#breadcrumb\",\"itemListElement\":[{\"@type\":\"ListItem\",\"position\":1,\"name\":\"Home\",\"item\":\"https:\/\/leatai.com\/da\/\"},{\"@type\":\"ListItem\",\"position\":2,\"name\":\"Produktintroduktion\",\"item\":\"https:\/\/leatai.com\/products\/\"},{\"@type\":\"ListItem\",\"position\":3,\"name\":\"Tv\u00e6rindustrielt samarbejde\",\"item\":\"https:\/\/leatai.com\/da\/vare-kategori\/tvaerindustrielt-samarbejde\/\"},{\"@type\":\"ListItem\",\"position\":4,\"name\":\"Filmindustrien\",\"item\":\"https:\/\/leatai.com\/da\/vare-kategori\/tvaerindustrielt-samarbejde\/filmindustrien\/\"},{\"@type\":\"ListItem\",\"position\":5,\"name\":\"Women Make Waves International Film Festival x Leatai\"}]},{\"@type\":\"WebSite\",\"@id\":\"https:\/\/leatai.com\/da\/#website\",\"url\":\"https:\/\/leatai.com\/da\/\",\"name\":\"Leatai \u2013 Producent af tilpassede notesb\u00f8ger\",\"description\":\"Leatai tilbyder tilpassede notesb\u00f8ger og planl\u00e6ggere til globale brands og distribut\u00f8rer.\",\"publisher\":{\"@id\":\"https:\/\/leatai.com\/da\/#organization\"},\"potentialAction\":[{\"@type\":\"SearchAction\",\"target\":{\"@type\":\"EntryPoint\",\"urlTemplate\":\"https:\/\/leatai.com\/da\/?s={search_term_string}\"},\"query-input\":{\"@type\":\"PropertyValueSpecification\",\"valueRequired\":true,\"valueName\":\"search_term_string\"}}],\"inLanguage\":\"da-DK\"},{\"@type\":\"Organization\",\"@id\":\"https:\/\/leatai.com\/da\/#organization\",\"name\":\"Leatai Diary, customized journal and business organizer\",\"url\":\"https:\/\/leatai.com\/da\/\",\"logo\":{\"@type\":\"ImageObject\",\"inLanguage\":\"da-DK\",\"@id\":\"https:\/\/leatai.com\/da\/#\/schema\/logo\/image\/\",\"url\":\"https:\/\/leatai.com\/wp-content\/uploads\/logo-blue.png\",\"contentUrl\":\"https:\/\/leatai.com\/wp-content\/uploads\/logo-blue.png\",\"width\":230,\"height\":60,\"caption\":\"Leatai Diary, customized journal and business organizer\"},\"image\":{\"@id\":\"https:\/\/leatai.com\/da\/#\/schema\/logo\/image\/\"}}]}<\/script>\n<!-- \/ Yoast SEO plugin. -->","yoast_head_json":{"title":"Women Make Waves International Film Festival x Leatai - Bliv en bedre udgave af dig selv - Leatai \u2013 Producent af tilpassede notesb\u00f8ger","description":"Kvindefilmfestivalen har valgt \"Kontrol\" som tema under titlen Beyond Control. Gennem forskellige sektioner udforskes kvinders s\u00f8gen efter og forst\u00e5else af kontrol. Dette udtrykkes gennem bl\u00f8de kunstneriske medier, der fort\u00e6ller om en kraftfuld \u00e5ndelig styrke. Beyond Control \u2013 kontrol har tidligere v\u00e6ret et f\u00e6ngsel, men er ogs\u00e5 blevet en ny holdning.","robots":{"index":"index","follow":"follow","max-snippet":"max-snippet:-1","max-image-preview":"max-image-preview:large","max-video-preview":"max-video-preview:-1"},"canonical":"https:\/\/leatai.com\/da\/product\/tvaerindustrielt-samarbejde\/filmindustrien\/women-make-waves-international-film-festival-x-leatai\/","og_locale":"da_DK","og_type":"article","og_title":"Women Make Waves International Film Festival x Leatai - Bliv en bedre udgave af dig selv - Leatai \u2013 Producent af tilpassede notesb\u00f8ger","og_description":"Kvindefilmfestivalen har valgt \"Kontrol\" som tema under titlen Beyond Control. Gennem forskellige sektioner udforskes kvinders s\u00f8gen efter og forst\u00e5else af kontrol. Dette udtrykkes gennem bl\u00f8de kunstneriske medier, der fort\u00e6ller om en kraftfuld \u00e5ndelig styrke. Beyond Control \u2013 kontrol har tidligere v\u00e6ret et f\u00e6ngsel, men er ogs\u00e5 blevet en ny holdning.","og_url":"https:\/\/leatai.com\/da\/product\/tvaerindustrielt-samarbejde\/filmindustrien\/women-make-waves-international-film-festival-x-leatai\/","og_site_name":"Leatai \u2013 Producent af tilpassede notesb\u00f8ger","article_modified_time":"2025-01-22T07:53:29+00:00","og_image":[{"width":1000,"height":750,"url":"https:\/\/leatai.com\/wp-content\/uploads\/2020_04_25_1743240.jpg","type":"image\/jpeg"}],"twitter_card":"summary_large_image","twitter_misc":{"Estimeret l\u00e6setid":"2 minutter"},"schema":{"@context":"https:\/\/schema.org","@graph":[{"@type":"WebPage","@id":"https:\/\/leatai.com\/da\/product\/tvaerindustrielt-samarbejde\/filmindustrien\/women-make-waves-international-film-festival-x-leatai\/","url":"https:\/\/leatai.com\/da\/product\/tvaerindustrielt-samarbejde\/filmindustrien\/women-make-waves-international-film-festival-x-leatai\/","name":"Women Make Waves International Film Festival x Leatai - Bliv en bedre udgave af dig selv - Leatai \u2013 Producent af tilpassede notesb\u00f8ger","isPartOf":{"@id":"https:\/\/leatai.com\/da\/#website"},"primaryImageOfPage":{"@id":"https:\/\/leatai.com\/da\/product\/tvaerindustrielt-samarbejde\/filmindustrien\/women-make-waves-international-film-festival-x-leatai\/#primaryimage"},"image":{"@id":"https:\/\/leatai.com\/da\/product\/tvaerindustrielt-samarbejde\/filmindustrien\/women-make-waves-international-film-festival-x-leatai\/#primaryimage"},"thumbnailUrl":"https:\/\/leatai.com\/wp-content\/uploads\/2020_04_25_1743240.jpg","datePublished":"2021-06-24T05:23:56+00:00","dateModified":"2025-01-22T07:53:29+00:00","description":"Kvindefilmfestivalen har valgt \"Kontrol\" som tema under titlen Beyond Control. Gennem forskellige sektioner udforskes kvinders s\u00f8gen efter og forst\u00e5else af kontrol. Dette udtrykkes gennem bl\u00f8de kunstneriske medier, der fort\u00e6ller om en kraftfuld \u00e5ndelig styrke. Beyond Control \u2013 kontrol har tidligere v\u00e6ret et f\u00e6ngsel, men er ogs\u00e5 blevet en ny holdning.","breadcrumb":{"@id":"https:\/\/leatai.com\/da\/product\/tvaerindustrielt-samarbejde\/filmindustrien\/women-make-waves-international-film-festival-x-leatai\/#breadcrumb"},"inLanguage":"da-DK","potentialAction":[{"@type":"ReadAction","target":["https:\/\/leatai.com\/da\/product\/tvaerindustrielt-samarbejde\/filmindustrien\/women-make-waves-international-film-festival-x-leatai\/"]}]},{"@type":"ImageObject","inLanguage":"da-DK","@id":"https:\/\/leatai.com\/da\/product\/tvaerindustrielt-samarbejde\/filmindustrien\/women-make-waves-international-film-festival-x-leatai\/#primaryimage","url":"https:\/\/leatai.com\/wp-content\/uploads\/2020_04_25_1743240.jpg","contentUrl":"https:\/\/leatai.com\/wp-content\/uploads\/2020_04_25_1743240.jpg","width":1000,"height":750},{"@type":"BreadcrumbList","@id":"https:\/\/leatai.com\/da\/product\/tvaerindustrielt-samarbejde\/filmindustrien\/women-make-waves-international-film-festival-x-leatai\/#breadcrumb","itemListElement":[{"@type":"ListItem","position":1,"name":"Home","item":"https:\/\/leatai.com\/da\/"},{"@type":"ListItem","position":2,"name":"Produktintroduktion","item":"https:\/\/leatai.com\/products\/"},{"@type":"ListItem","position":3,"name":"Tv\u00e6rindustrielt samarbejde","item":"https:\/\/leatai.com\/da\/vare-kategori\/tvaerindustrielt-samarbejde\/"},{"@type":"ListItem","position":4,"name":"Filmindustrien","item":"https:\/\/leatai.com\/da\/vare-kategori\/tvaerindustrielt-samarbejde\/filmindustrien\/"},{"@type":"ListItem","position":5,"name":"Women Make Waves International Film Festival x Leatai"}]},{"@type":"WebSite","@id":"https:\/\/leatai.com\/da\/#website","url":"https:\/\/leatai.com\/da\/","name":"Leatai \u2013 Producent af tilpassede notesb\u00f8ger","description":"Leatai tilbyder tilpassede notesb\u00f8ger og planl\u00e6ggere til globale brands og distribut\u00f8rer.","publisher":{"@id":"https:\/\/leatai.com\/da\/#organization"},"potentialAction":[{"@type":"SearchAction","target":{"@type":"EntryPoint","urlTemplate":"https:\/\/leatai.com\/da\/?s={search_term_string}"},"query-input":{"@type":"PropertyValueSpecification","valueRequired":true,"valueName":"search_term_string"}}],"inLanguage":"da-DK"},{"@type":"Organization","@id":"https:\/\/leatai.com\/da\/#organization","name":"Leatai Diary, customized journal and business organizer","url":"https:\/\/leatai.com\/da\/","logo":{"@type":"ImageObject","inLanguage":"da-DK","@id":"https:\/\/leatai.com\/da\/#\/schema\/logo\/image\/","url":"https:\/\/leatai.com\/wp-content\/uploads\/logo-blue.png","contentUrl":"https:\/\/leatai.com\/wp-content\/uploads\/logo-blue.png","width":230,"height":60,"caption":"Leatai Diary, customized journal and business organizer"},"image":{"@id":"https:\/\/leatai.com\/da\/#\/schema\/logo\/image\/"}}]}},"_links":{"self":[{"href":"https:\/\/leatai.com\/da\/wp-json\/wp\/v2\/product\/100776","targetHints":{"allow":["GET"]}}],"collection":[{"href":"https:\/\/leatai.com\/da\/wp-json\/wp\/v2\/product"}],"about":[{"href":"https:\/\/leatai.com\/da\/wp-json\/wp\/v2\/types\/product"}],"wp:featuredmedia":[{"embeddable":true,"href":"https:\/\/leatai.com\/da\/wp-json\/wp\/v2\/media\/100777"}],"wp:attachment":[{"href":"https:\/\/leatai.com\/da\/wp-json\/wp\/v2\/media?parent=100776"}],"wp:term":[{"taxonomy":"product_brand","embeddable":true,"href":"https:\/\/leatai.com\/da\/wp-json\/wp\/v2\/product_brand?post=100776"},{"taxonomy":"product_cat","embeddable":true,"href":"https:\/\/leatai.com\/da\/wp-json\/wp\/v2\/product_cat?post=100776"},{"taxonomy":"product_tag","embeddable":true,"href":"https:\/\/leatai.com\/da\/wp-json\/wp\/v2\/product_tag?post=100776"},{"taxonomy":"home_works","embeddable":true,"href":"https:\/\/leatai.com\/da\/wp-json\/wp\/v2\/home_works?post=100776"}],"curies":[{"name":"wp","href":"https:\/\/api.w.org\/{rel}","templated":true}]}}