{"id":100774,"date":"2021-06-24T13:23:56","date_gmt":"2021-06-24T05:23:56","guid":{"rendered":"https:\/\/leatai.com\/product\/Ikke%20kategoriseret\/cola-films-x-leatai\/"},"modified":"2025-01-22T15:49:56","modified_gmt":"2025-01-22T07:49:56","slug":"cola-films-x-leatai","status":"publish","type":"product","link":"https:\/\/leatai.com\/da\/product\/tvaerindustrielt-samarbejde\/filmindustrien\/cola-films-x-leatai\/","title":{"rendered":"Cola films x Leatai"},"content":{"rendered":"<p><strong>\u2605 Luc Bessons mest kontroversielle episke klassiker<\/strong><br \/>\n<strong>\u2605 Otte nomineringer ved den 25. C\u00e9sar-uddeling i Frankrig, vinder af priserne for bedste kostumedesign og bedste lyd<\/strong><br \/>\n<strong>\u2605 Skabt i samarbejde mellem Luc Besson og hans dav\u00e6rende skuespillerkone Milla Jovovich \u2013 et mesterv\u00e6rk der v\u00e6kker f\u00f8lelser<\/strong><br \/>\n<strong>\u2605 Med en stjernebes\u00e6tning af talentfulde skuespillere, der leverer enest\u00e5ende pr\u00e6stationer<\/strong><\/p>\n<p>\u27a2 Den ikoniske instrukt\u00f8r Luc Bessons mest kontroversielle episke v\u00e6rk \u2013 en uforglemmelig klassiker om en kvindelig krigshelt, du bare m\u00e5 se i dit liv!<\/p>\n","protected":false},"excerpt":{"rendered":"<p>\u2605 Luc Bessons mest kontroversielle episke klassiker \u2605 Otte nomineringer ved den 25. C\u00e9sar-uddeling i Frankrig, vinder af priserne for bedste kostumedesign og bedste lyd \u2605 Skabt i samarbejde mellem Luc Besson og hans dav\u00e6rende skuespillerkone Milla Jovovich \u2013 et mesterv\u00e6rk der v\u00e6kker f\u00f8lelser \u2605 Med en stjernebes\u00e6tning af talentfulde skuespillere, der leverer enest\u00e5ende pr\u00e6stationer [&hellip;]<\/p>\n","protected":false},"featured_media":100775,"template":"","meta":{"_acf_changed":false},"product_brand":[],"product_cat":[1085],"product_tag":[],"home_works":[],"class_list":{"0":"post-100774","1":"product","2":"type-product","3":"status-publish","4":"has-post-thumbnail","6":"product_cat-filmindustrien","8":"first","9":"instock","10":"sold-individually","11":"shipping-taxable","12":"purchasable","13":"product-type-simple"},"acf":[],"yoast_head":"<!-- This site is optimized with the Yoast SEO plugin v27.2 - https:\/\/yoast.com\/product\/yoast-seo-wordpress\/ -->\n<title>Cola films x Leatai - Joan of Arc Limited Edition Notebook - Leatai \u2013 Producent af tilpassede notesb\u00f8ger<\/title>\n<meta name=\"description\" content=\"Den mest kontroversielle episke storfilm af den ber\u00f8mte instrukt\u00f8r Luc Besson \u2013 et must-see mesterv\u00e6rk om en krigsheltinde! Luc Besson og hans dav\u00e6rende skuespillerkone Milla Jovovich skabte dette r\u00f8rende v\u00e6rk, der nu vender tilbage til biograferne. G\u00e5 ikke glip af denne chance! Den eksklusive Joan of Arc Limited Edition Notebook er en perfekt samlergenstand, der fejrer denne ikoniske fort\u00e6lling.\" \/>\n<meta name=\"robots\" content=\"index, follow, max-snippet:-1, max-image-preview:large, max-video-preview:-1\" \/>\n<link rel=\"canonical\" href=\"https:\/\/leatai.com\/da\/product\/tvaerindustrielt-samarbejde\/filmindustrien\/cola-films-x-leatai\/\" \/>\n<meta property=\"og:locale\" content=\"da_DK\" \/>\n<meta property=\"og:type\" content=\"article\" \/>\n<meta property=\"og:title\" content=\"Cola films x Leatai - Joan of Arc Limited Edition Notebook - Leatai \u2013 Producent af tilpassede notesb\u00f8ger\" \/>\n<meta property=\"og:description\" content=\"Den mest kontroversielle episke storfilm af den ber\u00f8mte instrukt\u00f8r Luc Besson \u2013 et must-see mesterv\u00e6rk om en krigsheltinde! Luc Besson og hans dav\u00e6rende skuespillerkone Milla Jovovich skabte dette r\u00f8rende v\u00e6rk, der nu vender tilbage til biograferne. G\u00e5 ikke glip af denne chance! Den eksklusive Joan of Arc Limited Edition Notebook er en perfekt samlergenstand, der fejrer denne ikoniske fort\u00e6lling.\" \/>\n<meta property=\"og:url\" content=\"https:\/\/leatai.com\/da\/product\/tvaerindustrielt-samarbejde\/filmindustrien\/cola-films-x-leatai\/\" \/>\n<meta property=\"og:site_name\" content=\"Leatai \u2013 Producent af tilpassede notesb\u00f8ger\" \/>\n<meta property=\"article:modified_time\" content=\"2025-01-22T07:49:56+00:00\" \/>\n<meta property=\"og:image\" content=\"https:\/\/leatai.com\/wp-content\/uploads\/2020_07_07_1418530.jpg\" \/>\n\t<meta property=\"og:image:width\" content=\"1000\" \/>\n\t<meta property=\"og:image:height\" content=\"750\" \/>\n\t<meta property=\"og:image:type\" content=\"image\/jpeg\" \/>\n<meta name=\"twitter:card\" content=\"summary_large_image\" \/>\n<meta name=\"twitter:label1\" content=\"Estimeret l\u00e6setid\" \/>\n\t<meta name=\"twitter:data1\" content=\"1 minut\" \/>\n<script type=\"application\/ld+json\" class=\"yoast-schema-graph\">{\"@context\":\"https:\/\/schema.org\",\"@graph\":[{\"@type\":\"WebPage\",\"@id\":\"https:\/\/leatai.com\/da\/product\/tvaerindustrielt-samarbejde\/filmindustrien\/cola-films-x-leatai\/\",\"url\":\"https:\/\/leatai.com\/da\/product\/tvaerindustrielt-samarbejde\/filmindustrien\/cola-films-x-leatai\/\",\"name\":\"Cola films x Leatai - Joan of Arc Limited Edition Notebook - Leatai \u2013 Producent af tilpassede notesb\u00f8ger\",\"isPartOf\":{\"@id\":\"https:\/\/leatai.com\/da\/#website\"},\"primaryImageOfPage\":{\"@id\":\"https:\/\/leatai.com\/da\/product\/tvaerindustrielt-samarbejde\/filmindustrien\/cola-films-x-leatai\/#primaryimage\"},\"image\":{\"@id\":\"https:\/\/leatai.com\/da\/product\/tvaerindustrielt-samarbejde\/filmindustrien\/cola-films-x-leatai\/#primaryimage\"},\"thumbnailUrl\":\"https:\/\/leatai.com\/wp-content\/uploads\/2020_07_07_1418530.jpg\",\"datePublished\":\"2021-06-24T05:23:56+00:00\",\"dateModified\":\"2025-01-22T07:49:56+00:00\",\"description\":\"Den mest kontroversielle episke storfilm af den ber\u00f8mte instrukt\u00f8r Luc Besson \u2013 et must-see mesterv\u00e6rk om en krigsheltinde! Luc Besson og hans dav\u00e6rende skuespillerkone Milla Jovovich skabte dette r\u00f8rende v\u00e6rk, der nu vender tilbage til biograferne. G\u00e5 ikke glip af denne chance! Den eksklusive Joan of Arc Limited Edition Notebook er en perfekt samlergenstand, der fejrer denne ikoniske fort\u00e6lling.\",\"breadcrumb\":{\"@id\":\"https:\/\/leatai.com\/da\/product\/tvaerindustrielt-samarbejde\/filmindustrien\/cola-films-x-leatai\/#breadcrumb\"},\"inLanguage\":\"da-DK\",\"potentialAction\":[{\"@type\":\"ReadAction\",\"target\":[\"https:\/\/leatai.com\/da\/product\/tvaerindustrielt-samarbejde\/filmindustrien\/cola-films-x-leatai\/\"]}]},{\"@type\":\"ImageObject\",\"inLanguage\":\"da-DK\",\"@id\":\"https:\/\/leatai.com\/da\/product\/tvaerindustrielt-samarbejde\/filmindustrien\/cola-films-x-leatai\/#primaryimage\",\"url\":\"https:\/\/leatai.com\/wp-content\/uploads\/2020_07_07_1418530.jpg\",\"contentUrl\":\"https:\/\/leatai.com\/wp-content\/uploads\/2020_07_07_1418530.jpg\",\"width\":1000,\"height\":750,\"caption\":\"Joan of Arc Limited Edition Notebook\"},{\"@type\":\"BreadcrumbList\",\"@id\":\"https:\/\/leatai.com\/da\/product\/tvaerindustrielt-samarbejde\/filmindustrien\/cola-films-x-leatai\/#breadcrumb\",\"itemListElement\":[{\"@type\":\"ListItem\",\"position\":1,\"name\":\"Home\",\"item\":\"https:\/\/leatai.com\/da\/\"},{\"@type\":\"ListItem\",\"position\":2,\"name\":\"Produktintroduktion\",\"item\":\"https:\/\/leatai.com\/products\/\"},{\"@type\":\"ListItem\",\"position\":3,\"name\":\"Tv\u00e6rindustrielt samarbejde\",\"item\":\"https:\/\/leatai.com\/da\/vare-kategori\/tvaerindustrielt-samarbejde\/\"},{\"@type\":\"ListItem\",\"position\":4,\"name\":\"Filmindustrien\",\"item\":\"https:\/\/leatai.com\/da\/vare-kategori\/tvaerindustrielt-samarbejde\/filmindustrien\/\"},{\"@type\":\"ListItem\",\"position\":5,\"name\":\"Cola films x Leatai\"}]},{\"@type\":\"WebSite\",\"@id\":\"https:\/\/leatai.com\/da\/#website\",\"url\":\"https:\/\/leatai.com\/da\/\",\"name\":\"Leatai \u2013 Producent af tilpassede notesb\u00f8ger\",\"description\":\"Leatai tilbyder tilpassede notesb\u00f8ger og planl\u00e6ggere til globale brands og distribut\u00f8rer.\",\"publisher\":{\"@id\":\"https:\/\/leatai.com\/da\/#organization\"},\"potentialAction\":[{\"@type\":\"SearchAction\",\"target\":{\"@type\":\"EntryPoint\",\"urlTemplate\":\"https:\/\/leatai.com\/da\/?s={search_term_string}\"},\"query-input\":{\"@type\":\"PropertyValueSpecification\",\"valueRequired\":true,\"valueName\":\"search_term_string\"}}],\"inLanguage\":\"da-DK\"},{\"@type\":\"Organization\",\"@id\":\"https:\/\/leatai.com\/da\/#organization\",\"name\":\"Leatai Diary, customized journal and business organizer\",\"url\":\"https:\/\/leatai.com\/da\/\",\"logo\":{\"@type\":\"ImageObject\",\"inLanguage\":\"da-DK\",\"@id\":\"https:\/\/leatai.com\/da\/#\/schema\/logo\/image\/\",\"url\":\"https:\/\/leatai.com\/wp-content\/uploads\/logo-blue.png\",\"contentUrl\":\"https:\/\/leatai.com\/wp-content\/uploads\/logo-blue.png\",\"width\":230,\"height\":60,\"caption\":\"Leatai Diary, customized journal and business organizer\"},\"image\":{\"@id\":\"https:\/\/leatai.com\/da\/#\/schema\/logo\/image\/\"}}]}<\/script>\n<!-- \/ Yoast SEO plugin. -->","yoast_head_json":{"title":"Cola films x Leatai - Joan of Arc Limited Edition Notebook - Leatai \u2013 Producent af tilpassede notesb\u00f8ger","description":"Den mest kontroversielle episke storfilm af den ber\u00f8mte instrukt\u00f8r Luc Besson \u2013 et must-see mesterv\u00e6rk om en krigsheltinde! Luc Besson og hans dav\u00e6rende skuespillerkone Milla Jovovich skabte dette r\u00f8rende v\u00e6rk, der nu vender tilbage til biograferne. G\u00e5 ikke glip af denne chance! Den eksklusive Joan of Arc Limited Edition Notebook er en perfekt samlergenstand, der fejrer denne ikoniske fort\u00e6lling.","robots":{"index":"index","follow":"follow","max-snippet":"max-snippet:-1","max-image-preview":"max-image-preview:large","max-video-preview":"max-video-preview:-1"},"canonical":"https:\/\/leatai.com\/da\/product\/tvaerindustrielt-samarbejde\/filmindustrien\/cola-films-x-leatai\/","og_locale":"da_DK","og_type":"article","og_title":"Cola films x Leatai - Joan of Arc Limited Edition Notebook - Leatai \u2013 Producent af tilpassede notesb\u00f8ger","og_description":"Den mest kontroversielle episke storfilm af den ber\u00f8mte instrukt\u00f8r Luc Besson \u2013 et must-see mesterv\u00e6rk om en krigsheltinde! Luc Besson og hans dav\u00e6rende skuespillerkone Milla Jovovich skabte dette r\u00f8rende v\u00e6rk, der nu vender tilbage til biograferne. G\u00e5 ikke glip af denne chance! Den eksklusive Joan of Arc Limited Edition Notebook er en perfekt samlergenstand, der fejrer denne ikoniske fort\u00e6lling.","og_url":"https:\/\/leatai.com\/da\/product\/tvaerindustrielt-samarbejde\/filmindustrien\/cola-films-x-leatai\/","og_site_name":"Leatai \u2013 Producent af tilpassede notesb\u00f8ger","article_modified_time":"2025-01-22T07:49:56+00:00","og_image":[{"width":1000,"height":750,"url":"https:\/\/leatai.com\/wp-content\/uploads\/2020_07_07_1418530.jpg","type":"image\/jpeg"}],"twitter_card":"summary_large_image","twitter_misc":{"Estimeret l\u00e6setid":"1 minut"},"schema":{"@context":"https:\/\/schema.org","@graph":[{"@type":"WebPage","@id":"https:\/\/leatai.com\/da\/product\/tvaerindustrielt-samarbejde\/filmindustrien\/cola-films-x-leatai\/","url":"https:\/\/leatai.com\/da\/product\/tvaerindustrielt-samarbejde\/filmindustrien\/cola-films-x-leatai\/","name":"Cola films x Leatai - Joan of Arc Limited Edition Notebook - Leatai \u2013 Producent af tilpassede notesb\u00f8ger","isPartOf":{"@id":"https:\/\/leatai.com\/da\/#website"},"primaryImageOfPage":{"@id":"https:\/\/leatai.com\/da\/product\/tvaerindustrielt-samarbejde\/filmindustrien\/cola-films-x-leatai\/#primaryimage"},"image":{"@id":"https:\/\/leatai.com\/da\/product\/tvaerindustrielt-samarbejde\/filmindustrien\/cola-films-x-leatai\/#primaryimage"},"thumbnailUrl":"https:\/\/leatai.com\/wp-content\/uploads\/2020_07_07_1418530.jpg","datePublished":"2021-06-24T05:23:56+00:00","dateModified":"2025-01-22T07:49:56+00:00","description":"Den mest kontroversielle episke storfilm af den ber\u00f8mte instrukt\u00f8r Luc Besson \u2013 et must-see mesterv\u00e6rk om en krigsheltinde! Luc Besson og hans dav\u00e6rende skuespillerkone Milla Jovovich skabte dette r\u00f8rende v\u00e6rk, der nu vender tilbage til biograferne. G\u00e5 ikke glip af denne chance! Den eksklusive Joan of Arc Limited Edition Notebook er en perfekt samlergenstand, der fejrer denne ikoniske fort\u00e6lling.","breadcrumb":{"@id":"https:\/\/leatai.com\/da\/product\/tvaerindustrielt-samarbejde\/filmindustrien\/cola-films-x-leatai\/#breadcrumb"},"inLanguage":"da-DK","potentialAction":[{"@type":"ReadAction","target":["https:\/\/leatai.com\/da\/product\/tvaerindustrielt-samarbejde\/filmindustrien\/cola-films-x-leatai\/"]}]},{"@type":"ImageObject","inLanguage":"da-DK","@id":"https:\/\/leatai.com\/da\/product\/tvaerindustrielt-samarbejde\/filmindustrien\/cola-films-x-leatai\/#primaryimage","url":"https:\/\/leatai.com\/wp-content\/uploads\/2020_07_07_1418530.jpg","contentUrl":"https:\/\/leatai.com\/wp-content\/uploads\/2020_07_07_1418530.jpg","width":1000,"height":750,"caption":"Joan of Arc Limited Edition Notebook"},{"@type":"BreadcrumbList","@id":"https:\/\/leatai.com\/da\/product\/tvaerindustrielt-samarbejde\/filmindustrien\/cola-films-x-leatai\/#breadcrumb","itemListElement":[{"@type":"ListItem","position":1,"name":"Home","item":"https:\/\/leatai.com\/da\/"},{"@type":"ListItem","position":2,"name":"Produktintroduktion","item":"https:\/\/leatai.com\/products\/"},{"@type":"ListItem","position":3,"name":"Tv\u00e6rindustrielt samarbejde","item":"https:\/\/leatai.com\/da\/vare-kategori\/tvaerindustrielt-samarbejde\/"},{"@type":"ListItem","position":4,"name":"Filmindustrien","item":"https:\/\/leatai.com\/da\/vare-kategori\/tvaerindustrielt-samarbejde\/filmindustrien\/"},{"@type":"ListItem","position":5,"name":"Cola films x Leatai"}]},{"@type":"WebSite","@id":"https:\/\/leatai.com\/da\/#website","url":"https:\/\/leatai.com\/da\/","name":"Leatai \u2013 Producent af tilpassede notesb\u00f8ger","description":"Leatai tilbyder tilpassede notesb\u00f8ger og planl\u00e6ggere til globale brands og distribut\u00f8rer.","publisher":{"@id":"https:\/\/leatai.com\/da\/#organization"},"potentialAction":[{"@type":"SearchAction","target":{"@type":"EntryPoint","urlTemplate":"https:\/\/leatai.com\/da\/?s={search_term_string}"},"query-input":{"@type":"PropertyValueSpecification","valueRequired":true,"valueName":"search_term_string"}}],"inLanguage":"da-DK"},{"@type":"Organization","@id":"https:\/\/leatai.com\/da\/#organization","name":"Leatai Diary, customized journal and business organizer","url":"https:\/\/leatai.com\/da\/","logo":{"@type":"ImageObject","inLanguage":"da-DK","@id":"https:\/\/leatai.com\/da\/#\/schema\/logo\/image\/","url":"https:\/\/leatai.com\/wp-content\/uploads\/logo-blue.png","contentUrl":"https:\/\/leatai.com\/wp-content\/uploads\/logo-blue.png","width":230,"height":60,"caption":"Leatai Diary, customized journal and business organizer"},"image":{"@id":"https:\/\/leatai.com\/da\/#\/schema\/logo\/image\/"}}]}},"_links":{"self":[{"href":"https:\/\/leatai.com\/da\/wp-json\/wp\/v2\/product\/100774","targetHints":{"allow":["GET"]}}],"collection":[{"href":"https:\/\/leatai.com\/da\/wp-json\/wp\/v2\/product"}],"about":[{"href":"https:\/\/leatai.com\/da\/wp-json\/wp\/v2\/types\/product"}],"wp:featuredmedia":[{"embeddable":true,"href":"https:\/\/leatai.com\/da\/wp-json\/wp\/v2\/media\/100775"}],"wp:attachment":[{"href":"https:\/\/leatai.com\/da\/wp-json\/wp\/v2\/media?parent=100774"}],"wp:term":[{"taxonomy":"product_brand","embeddable":true,"href":"https:\/\/leatai.com\/da\/wp-json\/wp\/v2\/product_brand?post=100774"},{"taxonomy":"product_cat","embeddable":true,"href":"https:\/\/leatai.com\/da\/wp-json\/wp\/v2\/product_cat?post=100774"},{"taxonomy":"product_tag","embeddable":true,"href":"https:\/\/leatai.com\/da\/wp-json\/wp\/v2\/product_tag?post=100774"},{"taxonomy":"home_works","embeddable":true,"href":"https:\/\/leatai.com\/da\/wp-json\/wp\/v2\/home_works?post=100774"}],"curies":[{"name":"wp","href":"https:\/\/api.w.org\/{rel}","templated":true}]}}