{"id":100769,"date":"2021-06-24T13:17:29","date_gmt":"2021-06-24T05:17:29","guid":{"rendered":"https:\/\/leatai.com\/product\/Ikke%20kategoriseret\/farvning-af-bogkanter-guldkant\/"},"modified":"2025-12-23T10:47:57","modified_gmt":"2025-12-23T02:47:57","slug":"farvning-af-bogkanter-guldkant","status":"publish","type":"product","link":"https:\/\/leatai.com\/da\/product\/indersideformat\/kantfarvning\/farvning-af-bogkanter-guldkant\/","title":{"rendered":"Farvning af bogkanter &#8211; Guldkant"},"content":{"rendered":"<div class=\"flex max-w-full flex-col flex-grow\">\n<div class=\"min-h-8 text-message flex w-full flex-col items-end gap-2 whitespace-normal break-words text-start [.text-message+&amp;]:mt-5\" dir=\"auto\" data-message-author-role=\"assistant\" data-message-id=\"83cdf2dd-cf13-48d2-88e0-e691052914f3\" data-message-model-slug=\"gpt-4o\">\n<div class=\"flex w-full flex-col gap-1 empty:hidden first:pt-[3px]\">\n<div class=\"markdown prose w-full break-words dark:prose-invert dark\">\n<p><strong>Guldkant (ogs\u00e5 kendt som rulle- eller b\u00f8rsteguldkant)<\/strong><\/p>\n<p>En sj\u00e6lden og traditionel h\u00e5ndv\u00e6rksteknik.<\/p>\n<ul>\n<li><strong>Minimumsbestilling:<\/strong> 1000 b\u00f8ger<\/li>\n<li><strong>Bearbejdningspris pr. stk.:<\/strong> 40 TWD<\/li>\n<li><strong>Specifikationer:<\/strong>\n<ul>\n<li>Kun til firkantede indersider.<\/li>\n<li>P\u00e5f\u00f8res med guldfolie, hvilket betyder, at ridser fra negle eller skarpe genstande er normale og en del af materialets natur.<\/li>\n<\/ul>\n<\/li>\n<\/ul>\n<p>Perfekt til at tilf\u00f8je et elegant og luksuri\u00f8st pr\u00e6g til dine b\u00f8ger!<\/p>\n<\/div>\n<\/div>\n<\/div>\n<\/div>\n","protected":false},"excerpt":{"rendered":"<p><strong>Guldkant (ogs\u00e5 kendt som b\u00f8rsteguldkant)<\/strong><\/p>\n<p>En sj\u00e6lden og traditionel h\u00e5ndv\u00e6rksteknik.<\/p>\n<ul>\n<li><strong>Minimumsbestilling:<\/strong> 1000 b\u00f8ger<\/li>\n<li><strong>Bearbejdningspris pr. stk.:<\/strong> 40 TWD<\/li>\n<\/ul>\n<p>Denne metode tilf\u00f8jer et eksklusivt og luksuri\u00f8st pr\u00e6g til b\u00f8gerne.<\/p>\n","protected":false},"featured_media":100770,"template":"","meta":{"_acf_changed":false},"product_brand":[],"product_cat":[968,1033],"product_tag":[1249],"home_works":[],"class_list":{"0":"post-100769","1":"product","2":"type-product","3":"status-publish","4":"has-post-thumbnail","6":"product_cat-indersideformat","7":"product_cat-kantfarvning","8":"product_tag-indersider-til-business-planner","10":"first","11":"instock","12":"sold-individually","13":"shipping-taxable","14":"purchasable","15":"product-type-simple"},"acf":[],"yoast_head":"<!-- This site is optimized with the Yoast SEO plugin v27.2 - https:\/\/yoast.com\/product\/yoast-seo-wordpress\/ -->\n<title>Farvning af bogkanter - Guldkant - B\u00f8rsteguldkant- Leatai \u2013 Producent af tilpassede notesb\u00f8ger<\/title>\n<meta name=\"description\" content=\"B\u00f8rsteguldkant eller rulleguldkant Kun egnet til firkantede indersider. Guldkanten p\u00e5f\u00f8res med guldfolie, hvilket g\u00f8r det normalt, at der opst\u00e5r m\u00e6rker ved kontakt med negle eller skarpe genstande.\" \/>\n<meta name=\"robots\" content=\"index, follow, max-snippet:-1, max-image-preview:large, max-video-preview:-1\" \/>\n<link rel=\"canonical\" href=\"https:\/\/leatai.com\/da\/product\/indersideformat\/kantfarvning\/farvning-af-bogkanter-guldkant\/\" \/>\n<meta property=\"og:locale\" content=\"da_DK\" \/>\n<meta property=\"og:type\" content=\"article\" \/>\n<meta property=\"og:title\" content=\"Farvning af bogkanter - Guldkant - B\u00f8rsteguldkant- Leatai \u2013 Producent af tilpassede notesb\u00f8ger\" \/>\n<meta property=\"og:description\" content=\"B\u00f8rsteguldkant eller rulleguldkant Kun egnet til firkantede indersider. Guldkanten p\u00e5f\u00f8res med guldfolie, hvilket g\u00f8r det normalt, at der opst\u00e5r m\u00e6rker ved kontakt med negle eller skarpe genstande.\" \/>\n<meta property=\"og:url\" content=\"https:\/\/leatai.com\/da\/product\/indersideformat\/kantfarvning\/farvning-af-bogkanter-guldkant\/\" \/>\n<meta property=\"og:site_name\" content=\"Leatai \u2013 Producent af tilpassede notesb\u00f8ger\" \/>\n<meta property=\"article:modified_time\" content=\"2025-12-23T02:47:57+00:00\" \/>\n<meta property=\"og:image\" content=\"https:\/\/leatai.com\/wp-content\/uploads\/2020_08_14_1819350.jpg\" \/>\n\t<meta property=\"og:image:width\" content=\"1000\" \/>\n\t<meta property=\"og:image:height\" content=\"750\" \/>\n\t<meta property=\"og:image:type\" content=\"image\/jpeg\" \/>\n<meta name=\"twitter:card\" content=\"summary_large_image\" \/>\n<meta name=\"twitter:label1\" content=\"Estimeret l\u00e6setid\" \/>\n\t<meta name=\"twitter:data1\" content=\"1 minut\" \/>\n<script type=\"application\/ld+json\" class=\"yoast-schema-graph\">{\"@context\":\"https:\/\/schema.org\",\"@graph\":[{\"@type\":\"WebPage\",\"@id\":\"https:\/\/leatai.com\/da\/product\/indersideformat\/kantfarvning\/farvning-af-bogkanter-guldkant\/\",\"url\":\"https:\/\/leatai.com\/da\/product\/indersideformat\/kantfarvning\/farvning-af-bogkanter-guldkant\/\",\"name\":\"Farvning af bogkanter - Guldkant - B\u00f8rsteguldkant- Leatai \u2013 Producent af tilpassede notesb\u00f8ger\",\"isPartOf\":{\"@id\":\"https:\/\/leatai.com\/da\/#website\"},\"primaryImageOfPage\":{\"@id\":\"https:\/\/leatai.com\/da\/product\/indersideformat\/kantfarvning\/farvning-af-bogkanter-guldkant\/#primaryimage\"},\"image\":{\"@id\":\"https:\/\/leatai.com\/da\/product\/indersideformat\/kantfarvning\/farvning-af-bogkanter-guldkant\/#primaryimage\"},\"thumbnailUrl\":\"https:\/\/leatai.com\/wp-content\/uploads\/2020_08_14_1819350.jpg\",\"datePublished\":\"2021-06-24T05:17:29+00:00\",\"dateModified\":\"2025-12-23T02:47:57+00:00\",\"description\":\"B\u00f8rsteguldkant eller rulleguldkant Kun egnet til firkantede indersider. Guldkanten p\u00e5f\u00f8res med guldfolie, hvilket g\u00f8r det normalt, at der opst\u00e5r m\u00e6rker ved kontakt med negle eller skarpe genstande.\",\"breadcrumb\":{\"@id\":\"https:\/\/leatai.com\/da\/product\/indersideformat\/kantfarvning\/farvning-af-bogkanter-guldkant\/#breadcrumb\"},\"inLanguage\":\"da-DK\",\"potentialAction\":[{\"@type\":\"ReadAction\",\"target\":[\"https:\/\/leatai.com\/da\/product\/indersideformat\/kantfarvning\/farvning-af-bogkanter-guldkant\/\"]}]},{\"@type\":\"ImageObject\",\"inLanguage\":\"da-DK\",\"@id\":\"https:\/\/leatai.com\/da\/product\/indersideformat\/kantfarvning\/farvning-af-bogkanter-guldkant\/#primaryimage\",\"url\":\"https:\/\/leatai.com\/wp-content\/uploads\/2020_08_14_1819350.jpg\",\"contentUrl\":\"https:\/\/leatai.com\/wp-content\/uploads\/2020_08_14_1819350.jpg\",\"width\":1000,\"height\":750,\"caption\":\"B\u00f8rsteguldkant\"},{\"@type\":\"BreadcrumbList\",\"@id\":\"https:\/\/leatai.com\/da\/product\/indersideformat\/kantfarvning\/farvning-af-bogkanter-guldkant\/#breadcrumb\",\"itemListElement\":[{\"@type\":\"ListItem\",\"position\":1,\"name\":\"Home\",\"item\":\"https:\/\/leatai.com\/da\/\"},{\"@type\":\"ListItem\",\"position\":2,\"name\":\"Produktintroduktion\",\"item\":\"https:\/\/leatai.com\/products\/\"},{\"@type\":\"ListItem\",\"position\":3,\"name\":\"Indersideformat\",\"item\":\"https:\/\/leatai.com\/da\/vare-kategori\/indersideformat\/\"},{\"@type\":\"ListItem\",\"position\":4,\"name\":\"Kantfarvning\",\"item\":\"https:\/\/leatai.com\/da\/vare-kategori\/indersideformat\/kantfarvning\/\"},{\"@type\":\"ListItem\",\"position\":5,\"name\":\"Farvning af bogkanter &#8211; Guldkant\"}]},{\"@type\":\"WebSite\",\"@id\":\"https:\/\/leatai.com\/da\/#website\",\"url\":\"https:\/\/leatai.com\/da\/\",\"name\":\"Leatai \u2013 Producent af tilpassede notesb\u00f8ger\",\"description\":\"Leatai tilbyder tilpassede notesb\u00f8ger og planl\u00e6ggere til globale brands og distribut\u00f8rer.\",\"publisher\":{\"@id\":\"https:\/\/leatai.com\/da\/#organization\"},\"potentialAction\":[{\"@type\":\"SearchAction\",\"target\":{\"@type\":\"EntryPoint\",\"urlTemplate\":\"https:\/\/leatai.com\/da\/?s={search_term_string}\"},\"query-input\":{\"@type\":\"PropertyValueSpecification\",\"valueRequired\":true,\"valueName\":\"search_term_string\"}}],\"inLanguage\":\"da-DK\"},{\"@type\":\"Organization\",\"@id\":\"https:\/\/leatai.com\/da\/#organization\",\"name\":\"Leatai Diary, customized journal and business organizer\",\"url\":\"https:\/\/leatai.com\/da\/\",\"logo\":{\"@type\":\"ImageObject\",\"inLanguage\":\"da-DK\",\"@id\":\"https:\/\/leatai.com\/da\/#\/schema\/logo\/image\/\",\"url\":\"https:\/\/leatai.com\/wp-content\/uploads\/logo-blue.png\",\"contentUrl\":\"https:\/\/leatai.com\/wp-content\/uploads\/logo-blue.png\",\"width\":230,\"height\":60,\"caption\":\"Leatai Diary, customized journal and business organizer\"},\"image\":{\"@id\":\"https:\/\/leatai.com\/da\/#\/schema\/logo\/image\/\"}}]}<\/script>\n<!-- \/ Yoast SEO plugin. -->","yoast_head_json":{"title":"Farvning af bogkanter - Guldkant - B\u00f8rsteguldkant- Leatai \u2013 Producent af tilpassede notesb\u00f8ger","description":"B\u00f8rsteguldkant eller rulleguldkant Kun egnet til firkantede indersider. Guldkanten p\u00e5f\u00f8res med guldfolie, hvilket g\u00f8r det normalt, at der opst\u00e5r m\u00e6rker ved kontakt med negle eller skarpe genstande.","robots":{"index":"index","follow":"follow","max-snippet":"max-snippet:-1","max-image-preview":"max-image-preview:large","max-video-preview":"max-video-preview:-1"},"canonical":"https:\/\/leatai.com\/da\/product\/indersideformat\/kantfarvning\/farvning-af-bogkanter-guldkant\/","og_locale":"da_DK","og_type":"article","og_title":"Farvning af bogkanter - Guldkant - B\u00f8rsteguldkant- Leatai \u2013 Producent af tilpassede notesb\u00f8ger","og_description":"B\u00f8rsteguldkant eller rulleguldkant Kun egnet til firkantede indersider. Guldkanten p\u00e5f\u00f8res med guldfolie, hvilket g\u00f8r det normalt, at der opst\u00e5r m\u00e6rker ved kontakt med negle eller skarpe genstande.","og_url":"https:\/\/leatai.com\/da\/product\/indersideformat\/kantfarvning\/farvning-af-bogkanter-guldkant\/","og_site_name":"Leatai \u2013 Producent af tilpassede notesb\u00f8ger","article_modified_time":"2025-12-23T02:47:57+00:00","og_image":[{"width":1000,"height":750,"url":"https:\/\/leatai.com\/wp-content\/uploads\/2020_08_14_1819350.jpg","type":"image\/jpeg"}],"twitter_card":"summary_large_image","twitter_misc":{"Estimeret l\u00e6setid":"1 minut"},"schema":{"@context":"https:\/\/schema.org","@graph":[{"@type":"WebPage","@id":"https:\/\/leatai.com\/da\/product\/indersideformat\/kantfarvning\/farvning-af-bogkanter-guldkant\/","url":"https:\/\/leatai.com\/da\/product\/indersideformat\/kantfarvning\/farvning-af-bogkanter-guldkant\/","name":"Farvning af bogkanter - Guldkant - B\u00f8rsteguldkant- Leatai \u2013 Producent af tilpassede notesb\u00f8ger","isPartOf":{"@id":"https:\/\/leatai.com\/da\/#website"},"primaryImageOfPage":{"@id":"https:\/\/leatai.com\/da\/product\/indersideformat\/kantfarvning\/farvning-af-bogkanter-guldkant\/#primaryimage"},"image":{"@id":"https:\/\/leatai.com\/da\/product\/indersideformat\/kantfarvning\/farvning-af-bogkanter-guldkant\/#primaryimage"},"thumbnailUrl":"https:\/\/leatai.com\/wp-content\/uploads\/2020_08_14_1819350.jpg","datePublished":"2021-06-24T05:17:29+00:00","dateModified":"2025-12-23T02:47:57+00:00","description":"B\u00f8rsteguldkant eller rulleguldkant Kun egnet til firkantede indersider. Guldkanten p\u00e5f\u00f8res med guldfolie, hvilket g\u00f8r det normalt, at der opst\u00e5r m\u00e6rker ved kontakt med negle eller skarpe genstande.","breadcrumb":{"@id":"https:\/\/leatai.com\/da\/product\/indersideformat\/kantfarvning\/farvning-af-bogkanter-guldkant\/#breadcrumb"},"inLanguage":"da-DK","potentialAction":[{"@type":"ReadAction","target":["https:\/\/leatai.com\/da\/product\/indersideformat\/kantfarvning\/farvning-af-bogkanter-guldkant\/"]}]},{"@type":"ImageObject","inLanguage":"da-DK","@id":"https:\/\/leatai.com\/da\/product\/indersideformat\/kantfarvning\/farvning-af-bogkanter-guldkant\/#primaryimage","url":"https:\/\/leatai.com\/wp-content\/uploads\/2020_08_14_1819350.jpg","contentUrl":"https:\/\/leatai.com\/wp-content\/uploads\/2020_08_14_1819350.jpg","width":1000,"height":750,"caption":"B\u00f8rsteguldkant"},{"@type":"BreadcrumbList","@id":"https:\/\/leatai.com\/da\/product\/indersideformat\/kantfarvning\/farvning-af-bogkanter-guldkant\/#breadcrumb","itemListElement":[{"@type":"ListItem","position":1,"name":"Home","item":"https:\/\/leatai.com\/da\/"},{"@type":"ListItem","position":2,"name":"Produktintroduktion","item":"https:\/\/leatai.com\/products\/"},{"@type":"ListItem","position":3,"name":"Indersideformat","item":"https:\/\/leatai.com\/da\/vare-kategori\/indersideformat\/"},{"@type":"ListItem","position":4,"name":"Kantfarvning","item":"https:\/\/leatai.com\/da\/vare-kategori\/indersideformat\/kantfarvning\/"},{"@type":"ListItem","position":5,"name":"Farvning af bogkanter &#8211; Guldkant"}]},{"@type":"WebSite","@id":"https:\/\/leatai.com\/da\/#website","url":"https:\/\/leatai.com\/da\/","name":"Leatai \u2013 Producent af tilpassede notesb\u00f8ger","description":"Leatai tilbyder tilpassede notesb\u00f8ger og planl\u00e6ggere til globale brands og distribut\u00f8rer.","publisher":{"@id":"https:\/\/leatai.com\/da\/#organization"},"potentialAction":[{"@type":"SearchAction","target":{"@type":"EntryPoint","urlTemplate":"https:\/\/leatai.com\/da\/?s={search_term_string}"},"query-input":{"@type":"PropertyValueSpecification","valueRequired":true,"valueName":"search_term_string"}}],"inLanguage":"da-DK"},{"@type":"Organization","@id":"https:\/\/leatai.com\/da\/#organization","name":"Leatai Diary, customized journal and business organizer","url":"https:\/\/leatai.com\/da\/","logo":{"@type":"ImageObject","inLanguage":"da-DK","@id":"https:\/\/leatai.com\/da\/#\/schema\/logo\/image\/","url":"https:\/\/leatai.com\/wp-content\/uploads\/logo-blue.png","contentUrl":"https:\/\/leatai.com\/wp-content\/uploads\/logo-blue.png","width":230,"height":60,"caption":"Leatai Diary, customized journal and business organizer"},"image":{"@id":"https:\/\/leatai.com\/da\/#\/schema\/logo\/image\/"}}]}},"_links":{"self":[{"href":"https:\/\/leatai.com\/da\/wp-json\/wp\/v2\/product\/100769","targetHints":{"allow":["GET"]}}],"collection":[{"href":"https:\/\/leatai.com\/da\/wp-json\/wp\/v2\/product"}],"about":[{"href":"https:\/\/leatai.com\/da\/wp-json\/wp\/v2\/types\/product"}],"wp:featuredmedia":[{"embeddable":true,"href":"https:\/\/leatai.com\/da\/wp-json\/wp\/v2\/media\/100770"}],"wp:attachment":[{"href":"https:\/\/leatai.com\/da\/wp-json\/wp\/v2\/media?parent=100769"}],"wp:term":[{"taxonomy":"product_brand","embeddable":true,"href":"https:\/\/leatai.com\/da\/wp-json\/wp\/v2\/product_brand?post=100769"},{"taxonomy":"product_cat","embeddable":true,"href":"https:\/\/leatai.com\/da\/wp-json\/wp\/v2\/product_cat?post=100769"},{"taxonomy":"product_tag","embeddable":true,"href":"https:\/\/leatai.com\/da\/wp-json\/wp\/v2\/product_tag?post=100769"},{"taxonomy":"home_works","embeddable":true,"href":"https:\/\/leatai.com\/da\/wp-json\/wp\/v2\/home_works?post=100769"}],"curies":[{"name":"wp","href":"https:\/\/api.w.org\/{rel}","templated":true}]}}