{"id":100715,"date":"2021-06-24T13:17:30","date_gmt":"2021-06-24T05:17:30","guid":{"rendered":"https:\/\/leatai.com\/product\/Ikke%20kategoriseret\/lgp-gittermoenster-notatsider-l25k\/"},"modified":"2025-01-22T14:30:36","modified_gmt":"2025-01-22T06:30:36","slug":"lgp-gittermoenster-notatsider-l25k","status":"publish","type":"product","link":"https:\/\/leatai.com\/da\/product\/indersideformat\/a5-indersider\/lgp-gittermoenster-notatsider-l25k\/","title":{"rendered":"LGP-Gitterm\u00f8nster Notatsider-L25K"},"content":{"rendered":"<p><strong>Papir:<\/strong> Fountain pen-friendly paper<br \/>\n<strong>St\u00f8rrelse:<\/strong><a href=\"https:\/\/leatai.com\/da\/faq\/hvad-er-8k-16k-og-25k-planlaegningsstoerrelser-hvor-store-er-de\/\" target=\"_blank\" rel=\"noopener\">25K (A5) (Detaljeret beskrivelse og sammenligning af business planner-st\u00f8rrelser)<\/a><br \/>\n<strong>Tykkelse:<\/strong> 80 lbs (80 ark pr. bog, 160 sider)<br \/>\n<strong>Tryk:<\/strong> Enkel farve<\/p>\n<p><strong>Indhold:<\/strong><br \/>\nGitterm\u00f8nster notatsider, ogs\u00e5 kendt som grid paper, designet til at opfylde forskellige behov. Layoutet varierer mellem venstre og h\u00f8jre side:<\/p>\n<ul>\n<li><strong>Venstre side:<\/strong> Enkel linjeret side med 5 mm linjeafstand og en kategorifeltbredde p\u00e5 2,5 cm, ideel til organisering af to-do lister og opgaver.<\/li>\n<li><strong>H\u00f8jre side:<\/strong> 5&#215;5 mm grid paper, perfekt til ingeni\u00f8rer, kunstnere og bullet journal-entusiaster.<\/li>\n<\/ul>\n<p><strong>Specifikationer:<\/strong><\/p>\n<ul>\n<li>F\u00f8rste og sidste side har Leatai-logo (som vist i illustrationen).<\/li>\n<li>Mulighed for private branding (uden Leatai-logo) ved specialbestilling.<\/li>\n<\/ul>\n","protected":false},"excerpt":{"rendered":"<p>Papir: Fountain pen-friendly paper St\u00f8rrelse:25K (A5) (Detaljeret beskrivelse og sammenligning af business planner-st\u00f8rrelser) Tykkelse: 80 lbs (80 ark pr. bog, 160 sider) Tryk: Enkel farve Indhold: Gitterm\u00f8nster notatsider, ogs\u00e5 kendt som grid paper, designet til at opfylde forskellige behov. Layoutet varierer mellem venstre og h\u00f8jre side: Venstre side: Enkel linjeret side med 5 mm linjeafstand [&hellip;]<\/p>\n","protected":false},"featured_media":100716,"template":"","meta":{"_acf_changed":false},"product_brand":[],"product_cat":[968,994],"product_tag":[1251,1252,1249],"home_works":[],"class_list":{"0":"post-100715","1":"product","2":"type-product","3":"status-publish","4":"has-post-thumbnail","6":"product_cat-indersideformat","7":"product_cat-a5-indersider","8":"product_tag-25k-da","9":"product_tag-a5-da","10":"product_tag-indersider-til-business-planner","12":"first","13":"instock","14":"sold-individually","15":"shipping-taxable","16":"purchasable","17":"product-type-simple"},"acf":[],"yoast_head":"<!-- This site is optimized with the Yoast SEO plugin v27.2 - https:\/\/yoast.com\/product\/yoast-seo-wordpress\/ -->\n<title>LGP-Gitterm\u00f8nster Notatsider-L25K - Indersider til business planner - Leatai \u2013 Producent af tilpassede notesb\u00f8ger<\/title>\n<meta name=\"description\" content=\"Indersideformat for business planner: Gitterm\u00f8nster notatsider Papir: Fountain pen-friendly paper (\u4ecb\u7d19) St\u00f8rrelse: 25K (A5) Tykkelse: 80 lbs (80 ark pr. bog, 160 sider) Tryk: Enkel farve Indhold: Venstre side: Enkel linjeret side med 5 mm linjeafstand og et kategorifelt p\u00e5 2,5 cm, velegnet til organisering af to-do lister og opgaver. H\u00f8jre side: 5x5 mm gitterm\u00f8nster, ideelt til ingeni\u00f8rer, kunstnere og bullet journal-entusiaster. Dette unikke layout giver fleksibilitet og alsidighed til forskellige anvendelser.\" \/>\n<meta name=\"robots\" content=\"index, follow, max-snippet:-1, max-image-preview:large, max-video-preview:-1\" \/>\n<link rel=\"canonical\" href=\"https:\/\/leatai.com\/da\/product\/indersideformat\/a5-indersider\/lgp-gittermoenster-notatsider-l25k\/\" \/>\n<meta property=\"og:locale\" content=\"da_DK\" \/>\n<meta property=\"og:type\" content=\"article\" \/>\n<meta property=\"og:title\" content=\"LGP-Gitterm\u00f8nster Notatsider-L25K - Indersider til business planner - Leatai \u2013 Producent af tilpassede notesb\u00f8ger\" \/>\n<meta property=\"og:description\" content=\"Indersideformat for business planner: Gitterm\u00f8nster notatsider Papir: Fountain pen-friendly paper (\u4ecb\u7d19) St\u00f8rrelse: 25K (A5) Tykkelse: 80 lbs (80 ark pr. bog, 160 sider) Tryk: Enkel farve Indhold: Venstre side: Enkel linjeret side med 5 mm linjeafstand og et kategorifelt p\u00e5 2,5 cm, velegnet til organisering af to-do lister og opgaver. H\u00f8jre side: 5x5 mm gitterm\u00f8nster, ideelt til ingeni\u00f8rer, kunstnere og bullet journal-entusiaster. Dette unikke layout giver fleksibilitet og alsidighed til forskellige anvendelser.\" \/>\n<meta property=\"og:url\" content=\"https:\/\/leatai.com\/da\/product\/indersideformat\/a5-indersider\/lgp-gittermoenster-notatsider-l25k\/\" \/>\n<meta property=\"og:site_name\" content=\"Leatai \u2013 Producent af tilpassede notesb\u00f8ger\" \/>\n<meta property=\"article:modified_time\" content=\"2025-01-22T06:30:36+00:00\" \/>\n<meta property=\"og:image\" content=\"https:\/\/leatai.com\/wp-content\/uploads\/2020_06_16_1346460.jpg\" \/>\n\t<meta property=\"og:image:width\" content=\"1000\" \/>\n\t<meta property=\"og:image:height\" content=\"713\" \/>\n\t<meta property=\"og:image:type\" content=\"image\/jpeg\" \/>\n<meta name=\"twitter:card\" content=\"summary_large_image\" \/>\n<meta name=\"twitter:label1\" content=\"Estimeret l\u00e6setid\" \/>\n\t<meta name=\"twitter:data1\" content=\"1 minut\" \/>\n<script type=\"application\/ld+json\" class=\"yoast-schema-graph\">{\"@context\":\"https:\/\/schema.org\",\"@graph\":[{\"@type\":\"WebPage\",\"@id\":\"https:\/\/leatai.com\/da\/product\/indersideformat\/a5-indersider\/lgp-gittermoenster-notatsider-l25k\/\",\"url\":\"https:\/\/leatai.com\/da\/product\/indersideformat\/a5-indersider\/lgp-gittermoenster-notatsider-l25k\/\",\"name\":\"LGP-Gitterm\u00f8nster Notatsider-L25K - Indersider til business planner - Leatai \u2013 Producent af tilpassede notesb\u00f8ger\",\"isPartOf\":{\"@id\":\"https:\/\/leatai.com\/da\/#website\"},\"primaryImageOfPage\":{\"@id\":\"https:\/\/leatai.com\/da\/product\/indersideformat\/a5-indersider\/lgp-gittermoenster-notatsider-l25k\/#primaryimage\"},\"image\":{\"@id\":\"https:\/\/leatai.com\/da\/product\/indersideformat\/a5-indersider\/lgp-gittermoenster-notatsider-l25k\/#primaryimage\"},\"thumbnailUrl\":\"https:\/\/leatai.com\/wp-content\/uploads\/2020_06_16_1346460.jpg\",\"datePublished\":\"2021-06-24T05:17:30+00:00\",\"dateModified\":\"2025-01-22T06:30:36+00:00\",\"description\":\"Indersideformat for business planner: Gitterm\u00f8nster notatsider Papir: Fountain pen-friendly paper (\u4ecb\u7d19) St\u00f8rrelse: 25K (A5) Tykkelse: 80 lbs (80 ark pr. bog, 160 sider) Tryk: Enkel farve Indhold: Venstre side: Enkel linjeret side med 5 mm linjeafstand og et kategorifelt p\u00e5 2,5 cm, velegnet til organisering af to-do lister og opgaver. H\u00f8jre side: 5x5 mm gitterm\u00f8nster, ideelt til ingeni\u00f8rer, kunstnere og bullet journal-entusiaster. Dette unikke layout giver fleksibilitet og alsidighed til forskellige anvendelser.\",\"breadcrumb\":{\"@id\":\"https:\/\/leatai.com\/da\/product\/indersideformat\/a5-indersider\/lgp-gittermoenster-notatsider-l25k\/#breadcrumb\"},\"inLanguage\":\"da-DK\",\"potentialAction\":[{\"@type\":\"ReadAction\",\"target\":[\"https:\/\/leatai.com\/da\/product\/indersideformat\/a5-indersider\/lgp-gittermoenster-notatsider-l25k\/\"]}]},{\"@type\":\"ImageObject\",\"inLanguage\":\"da-DK\",\"@id\":\"https:\/\/leatai.com\/da\/product\/indersideformat\/a5-indersider\/lgp-gittermoenster-notatsider-l25k\/#primaryimage\",\"url\":\"https:\/\/leatai.com\/wp-content\/uploads\/2020_06_16_1346460.jpg\",\"contentUrl\":\"https:\/\/leatai.com\/wp-content\/uploads\/2020_06_16_1346460.jpg\",\"width\":1000,\"height\":713,\"caption\":\"Indersider til business planner\"},{\"@type\":\"BreadcrumbList\",\"@id\":\"https:\/\/leatai.com\/da\/product\/indersideformat\/a5-indersider\/lgp-gittermoenster-notatsider-l25k\/#breadcrumb\",\"itemListElement\":[{\"@type\":\"ListItem\",\"position\":1,\"name\":\"Home\",\"item\":\"https:\/\/leatai.com\/da\/\"},{\"@type\":\"ListItem\",\"position\":2,\"name\":\"Produktintroduktion\",\"item\":\"https:\/\/leatai.com\/products\/\"},{\"@type\":\"ListItem\",\"position\":3,\"name\":\"Indersideformat\",\"item\":\"https:\/\/leatai.com\/da\/vare-kategori\/indersideformat\/\"},{\"@type\":\"ListItem\",\"position\":4,\"name\":\"A5 Indersider\",\"item\":\"https:\/\/leatai.com\/da\/vare-kategori\/indersideformat\/a5-indersider\/\"},{\"@type\":\"ListItem\",\"position\":5,\"name\":\"LGP-Gitterm\u00f8nster Notatsider-L25K\"}]},{\"@type\":\"WebSite\",\"@id\":\"https:\/\/leatai.com\/da\/#website\",\"url\":\"https:\/\/leatai.com\/da\/\",\"name\":\"Leatai \u2013 Producent af tilpassede notesb\u00f8ger\",\"description\":\"Leatai tilbyder tilpassede notesb\u00f8ger og planl\u00e6ggere til globale brands og distribut\u00f8rer.\",\"publisher\":{\"@id\":\"https:\/\/leatai.com\/da\/#organization\"},\"potentialAction\":[{\"@type\":\"SearchAction\",\"target\":{\"@type\":\"EntryPoint\",\"urlTemplate\":\"https:\/\/leatai.com\/da\/?s={search_term_string}\"},\"query-input\":{\"@type\":\"PropertyValueSpecification\",\"valueRequired\":true,\"valueName\":\"search_term_string\"}}],\"inLanguage\":\"da-DK\"},{\"@type\":\"Organization\",\"@id\":\"https:\/\/leatai.com\/da\/#organization\",\"name\":\"Leatai Diary, customized journal and business organizer\",\"url\":\"https:\/\/leatai.com\/da\/\",\"logo\":{\"@type\":\"ImageObject\",\"inLanguage\":\"da-DK\",\"@id\":\"https:\/\/leatai.com\/da\/#\/schema\/logo\/image\/\",\"url\":\"https:\/\/leatai.com\/wp-content\/uploads\/logo-blue.png\",\"contentUrl\":\"https:\/\/leatai.com\/wp-content\/uploads\/logo-blue.png\",\"width\":230,\"height\":60,\"caption\":\"Leatai Diary, customized journal and business organizer\"},\"image\":{\"@id\":\"https:\/\/leatai.com\/da\/#\/schema\/logo\/image\/\"}}]}<\/script>\n<!-- \/ Yoast SEO plugin. -->","yoast_head_json":{"title":"LGP-Gitterm\u00f8nster Notatsider-L25K - Indersider til business planner - Leatai \u2013 Producent af tilpassede notesb\u00f8ger","description":"Indersideformat for business planner: Gitterm\u00f8nster notatsider Papir: Fountain pen-friendly paper (\u4ecb\u7d19) St\u00f8rrelse: 25K (A5) Tykkelse: 80 lbs (80 ark pr. bog, 160 sider) Tryk: Enkel farve Indhold: Venstre side: Enkel linjeret side med 5 mm linjeafstand og et kategorifelt p\u00e5 2,5 cm, velegnet til organisering af to-do lister og opgaver. H\u00f8jre side: 5x5 mm gitterm\u00f8nster, ideelt til ingeni\u00f8rer, kunstnere og bullet journal-entusiaster. Dette unikke layout giver fleksibilitet og alsidighed til forskellige anvendelser.","robots":{"index":"index","follow":"follow","max-snippet":"max-snippet:-1","max-image-preview":"max-image-preview:large","max-video-preview":"max-video-preview:-1"},"canonical":"https:\/\/leatai.com\/da\/product\/indersideformat\/a5-indersider\/lgp-gittermoenster-notatsider-l25k\/","og_locale":"da_DK","og_type":"article","og_title":"LGP-Gitterm\u00f8nster Notatsider-L25K - Indersider til business planner - Leatai \u2013 Producent af tilpassede notesb\u00f8ger","og_description":"Indersideformat for business planner: Gitterm\u00f8nster notatsider Papir: Fountain pen-friendly paper (\u4ecb\u7d19) St\u00f8rrelse: 25K (A5) Tykkelse: 80 lbs (80 ark pr. bog, 160 sider) Tryk: Enkel farve Indhold: Venstre side: Enkel linjeret side med 5 mm linjeafstand og et kategorifelt p\u00e5 2,5 cm, velegnet til organisering af to-do lister og opgaver. H\u00f8jre side: 5x5 mm gitterm\u00f8nster, ideelt til ingeni\u00f8rer, kunstnere og bullet journal-entusiaster. Dette unikke layout giver fleksibilitet og alsidighed til forskellige anvendelser.","og_url":"https:\/\/leatai.com\/da\/product\/indersideformat\/a5-indersider\/lgp-gittermoenster-notatsider-l25k\/","og_site_name":"Leatai \u2013 Producent af tilpassede notesb\u00f8ger","article_modified_time":"2025-01-22T06:30:36+00:00","og_image":[{"width":1000,"height":713,"url":"https:\/\/leatai.com\/wp-content\/uploads\/2020_06_16_1346460.jpg","type":"image\/jpeg"}],"twitter_card":"summary_large_image","twitter_misc":{"Estimeret l\u00e6setid":"1 minut"},"schema":{"@context":"https:\/\/schema.org","@graph":[{"@type":"WebPage","@id":"https:\/\/leatai.com\/da\/product\/indersideformat\/a5-indersider\/lgp-gittermoenster-notatsider-l25k\/","url":"https:\/\/leatai.com\/da\/product\/indersideformat\/a5-indersider\/lgp-gittermoenster-notatsider-l25k\/","name":"LGP-Gitterm\u00f8nster Notatsider-L25K - Indersider til business planner - Leatai \u2013 Producent af tilpassede notesb\u00f8ger","isPartOf":{"@id":"https:\/\/leatai.com\/da\/#website"},"primaryImageOfPage":{"@id":"https:\/\/leatai.com\/da\/product\/indersideformat\/a5-indersider\/lgp-gittermoenster-notatsider-l25k\/#primaryimage"},"image":{"@id":"https:\/\/leatai.com\/da\/product\/indersideformat\/a5-indersider\/lgp-gittermoenster-notatsider-l25k\/#primaryimage"},"thumbnailUrl":"https:\/\/leatai.com\/wp-content\/uploads\/2020_06_16_1346460.jpg","datePublished":"2021-06-24T05:17:30+00:00","dateModified":"2025-01-22T06:30:36+00:00","description":"Indersideformat for business planner: Gitterm\u00f8nster notatsider Papir: Fountain pen-friendly paper (\u4ecb\u7d19) St\u00f8rrelse: 25K (A5) Tykkelse: 80 lbs (80 ark pr. bog, 160 sider) Tryk: Enkel farve Indhold: Venstre side: Enkel linjeret side med 5 mm linjeafstand og et kategorifelt p\u00e5 2,5 cm, velegnet til organisering af to-do lister og opgaver. H\u00f8jre side: 5x5 mm gitterm\u00f8nster, ideelt til ingeni\u00f8rer, kunstnere og bullet journal-entusiaster. Dette unikke layout giver fleksibilitet og alsidighed til forskellige anvendelser.","breadcrumb":{"@id":"https:\/\/leatai.com\/da\/product\/indersideformat\/a5-indersider\/lgp-gittermoenster-notatsider-l25k\/#breadcrumb"},"inLanguage":"da-DK","potentialAction":[{"@type":"ReadAction","target":["https:\/\/leatai.com\/da\/product\/indersideformat\/a5-indersider\/lgp-gittermoenster-notatsider-l25k\/"]}]},{"@type":"ImageObject","inLanguage":"da-DK","@id":"https:\/\/leatai.com\/da\/product\/indersideformat\/a5-indersider\/lgp-gittermoenster-notatsider-l25k\/#primaryimage","url":"https:\/\/leatai.com\/wp-content\/uploads\/2020_06_16_1346460.jpg","contentUrl":"https:\/\/leatai.com\/wp-content\/uploads\/2020_06_16_1346460.jpg","width":1000,"height":713,"caption":"Indersider til business planner"},{"@type":"BreadcrumbList","@id":"https:\/\/leatai.com\/da\/product\/indersideformat\/a5-indersider\/lgp-gittermoenster-notatsider-l25k\/#breadcrumb","itemListElement":[{"@type":"ListItem","position":1,"name":"Home","item":"https:\/\/leatai.com\/da\/"},{"@type":"ListItem","position":2,"name":"Produktintroduktion","item":"https:\/\/leatai.com\/products\/"},{"@type":"ListItem","position":3,"name":"Indersideformat","item":"https:\/\/leatai.com\/da\/vare-kategori\/indersideformat\/"},{"@type":"ListItem","position":4,"name":"A5 Indersider","item":"https:\/\/leatai.com\/da\/vare-kategori\/indersideformat\/a5-indersider\/"},{"@type":"ListItem","position":5,"name":"LGP-Gitterm\u00f8nster Notatsider-L25K"}]},{"@type":"WebSite","@id":"https:\/\/leatai.com\/da\/#website","url":"https:\/\/leatai.com\/da\/","name":"Leatai \u2013 Producent af tilpassede notesb\u00f8ger","description":"Leatai tilbyder tilpassede notesb\u00f8ger og planl\u00e6ggere til globale brands og distribut\u00f8rer.","publisher":{"@id":"https:\/\/leatai.com\/da\/#organization"},"potentialAction":[{"@type":"SearchAction","target":{"@type":"EntryPoint","urlTemplate":"https:\/\/leatai.com\/da\/?s={search_term_string}"},"query-input":{"@type":"PropertyValueSpecification","valueRequired":true,"valueName":"search_term_string"}}],"inLanguage":"da-DK"},{"@type":"Organization","@id":"https:\/\/leatai.com\/da\/#organization","name":"Leatai Diary, customized journal and business organizer","url":"https:\/\/leatai.com\/da\/","logo":{"@type":"ImageObject","inLanguage":"da-DK","@id":"https:\/\/leatai.com\/da\/#\/schema\/logo\/image\/","url":"https:\/\/leatai.com\/wp-content\/uploads\/logo-blue.png","contentUrl":"https:\/\/leatai.com\/wp-content\/uploads\/logo-blue.png","width":230,"height":60,"caption":"Leatai Diary, customized journal and business organizer"},"image":{"@id":"https:\/\/leatai.com\/da\/#\/schema\/logo\/image\/"}}]}},"_links":{"self":[{"href":"https:\/\/leatai.com\/da\/wp-json\/wp\/v2\/product\/100715","targetHints":{"allow":["GET"]}}],"collection":[{"href":"https:\/\/leatai.com\/da\/wp-json\/wp\/v2\/product"}],"about":[{"href":"https:\/\/leatai.com\/da\/wp-json\/wp\/v2\/types\/product"}],"wp:featuredmedia":[{"embeddable":true,"href":"https:\/\/leatai.com\/da\/wp-json\/wp\/v2\/media\/100716"}],"wp:attachment":[{"href":"https:\/\/leatai.com\/da\/wp-json\/wp\/v2\/media?parent=100715"}],"wp:term":[{"taxonomy":"product_brand","embeddable":true,"href":"https:\/\/leatai.com\/da\/wp-json\/wp\/v2\/product_brand?post=100715"},{"taxonomy":"product_cat","embeddable":true,"href":"https:\/\/leatai.com\/da\/wp-json\/wp\/v2\/product_cat?post=100715"},{"taxonomy":"product_tag","embeddable":true,"href":"https:\/\/leatai.com\/da\/wp-json\/wp\/v2\/product_tag?post=100715"},{"taxonomy":"home_works","embeddable":true,"href":"https:\/\/leatai.com\/da\/wp-json\/wp\/v2\/home_works?post=100715"}],"curies":[{"name":"wp","href":"https:\/\/api.w.org\/{rel}","templated":true}]}}