{"id":100678,"date":"2021-06-24T13:17:30","date_gmt":"2021-06-24T05:17:30","guid":{"rendered":"https:\/\/leatai.com\/product\/Ikke%20kategoriseret\/lgp-maanedlig-planlaegningsnotatstil-l25k\/"},"modified":"2025-01-22T16:03:48","modified_gmt":"2025-01-22T08:03:48","slug":"lgp-maanedlig-planlaegningsnotatstil-l25k","status":"publish","type":"product","link":"https:\/\/leatai.com\/da\/product\/indersideformat\/a5-indersider\/lgp-maanedlig-planlaegningsnotatstil-l25k\/","title":{"rendered":"LGP-M\u00e5nedlig planl\u00e6gningsnotatstil-L25K"},"content":{"rendered":"<div class=\"flex-1 overflow-hidden @container\/thread\">\n<div class=\"h-full\">\n<div class=\"react-scroll-to-bottom--css-jtxxy-79elbk h-full\">\n<div class=\"react-scroll-to-bottom--css-jtxxy-1n7m0yu\">\n<div class=\"flex flex-col text-sm md:pb-9\">\n<article class=\"w-full scroll-mb-[var(--thread-trailing-height,150px)] text-token-text-primary focus-visible:outline-2 focus-visible:outline-offset-[-4px]\" dir=\"auto\" data-testid=\"conversation-turn-499\" data-scroll-anchor=\"true\">\n<div class=\"m-auto text-base py-[18px] px-3 md:px-4 w-full md:px-5 lg:px-4 xl:px-5\">\n<div class=\"mx-auto flex flex-1 gap-4 text-base md:gap-5 lg:gap-6 md:max-w-3xl lg:max-w-[40rem] xl:max-w-[48rem]\">\n<div class=\"group\/conversation-turn relative flex w-full min-w-0 flex-col agent-turn\">\n<div class=\"flex-col gap-1 md:gap-3\">\n<div class=\"flex max-w-full flex-col flex-grow\">\n<div class=\"min-h-8 text-message flex w-full flex-col items-end gap-2 whitespace-normal break-words text-start [.text-message+&amp;]:mt-5\" dir=\"auto\" data-message-author-role=\"assistant\" data-message-id=\"0aa57b6b-c32b-4d9e-b7ac-6508dfc54820\" data-message-model-slug=\"gpt-4o\">\n<div class=\"flex w-full flex-col gap-1 empty:hidden first:pt-[3px]\">\n<div class=\"markdown prose w-full break-words dark:prose-invert dark\">\n<p><strong>Papir:<\/strong> Fountain pen-friendly paper<br \/>\n<strong>St\u00f8rrelse:<\/strong><a href=\"https:\/\/leatai.com\/da\/faq\/hvad-er-8k-16k-og-25k-planlaegningsstoerrelser-hvor-store-er-de\/\" target=\"_blank\" rel=\"noopener\">25K (A5) (Detaljeret beskrivelse og sammenligning af business planner-st\u00f8rrelser)<\/a><br \/>\n<strong>Tykkelse:<\/strong> 80 lbs (80 ark pr. bog, 160 sider)<br \/>\n<strong>Tryk:<\/strong> To farver<\/p>\n<p><strong>Indhold:<\/strong><\/p>\n<ul>\n<li>\u00c5rskalender<\/li>\n<li>M\u00e5nedlig planl\u00e6gning<\/li>\n<li>Sider med gitterm\u00f8nster<\/li>\n<li>Linjerede notatsider<\/li>\n<li>Informationssektion<\/li>\n<\/ul>\n<p><strong>Indhold detaljer:<\/strong><\/p>\n<ul>\n<li><strong>P.1:<\/strong> Billedside<\/li>\n<li><strong>P.2\u2013P.3:<\/strong> \u00c5rskalender<\/li>\n<li><strong>P.4\u2013P.5:<\/strong> \u00c5rsplanl\u00e6gning<\/li>\n<li><strong>P.6\u2013P.31:<\/strong> M\u00e5nedlig planl\u00e6gning (fra januar i det indev\u00e6rende \u00e5r til januar i det f\u00f8lgende \u00e5r, hver m\u00e5ned over to sider)<\/li>\n<li><strong>P.32:<\/strong> \u00c5rets vigtigste m\u00e5l<\/li>\n<li><strong>P.33\u2013P.96:<\/strong> Sider med gitterm\u00f8nster<\/li>\n<li><strong>P.97\u2013P.155:<\/strong> Linjerede notatsider<\/li>\n<li><strong>P.156\u2013P.160:<\/strong> Informationssektion\n<ul>\n<li>Reference til almindelige trykeffekter<\/li>\n<li>Metroplaner<\/li>\n<li>Personlig dataside<\/li>\n<\/ul>\n<\/li>\n<\/ul>\n<\/div>\n<\/div>\n<\/div>\n<\/div>\n<\/div>\n<\/div>\n<\/div>\n<\/div>\n<\/article>\n<\/div>\n<\/div>\n<\/div>\n<\/div>\n<\/div>\n","protected":false},"excerpt":{"rendered":"<p>Papir: Fountain pen-friendly paper St\u00f8rrelse:25K (A5) (Detaljeret beskrivelse og sammenligning af business planner-st\u00f8rrelser) Tykkelse: 80 lbs (80 ark pr. bog, 160 sider) Tryk: To farver Indhold: \u00c5rskalender M\u00e5nedlig planl\u00e6gning Sider med gitterm\u00f8nster Linjerede notatsider Informationssektion Indhold detaljer: P.1: Billedside P.2\u2013P.3: \u00c5rskalender P.4\u2013P.5: \u00c5rsplanl\u00e6gning P.6\u2013P.31: M\u00e5nedlig planl\u00e6gning (fra januar i det indev\u00e6rende \u00e5r til januar i [&hellip;]<\/p>\n","protected":false},"featured_media":100696,"template":"","meta":{"_acf_changed":false},"product_brand":[],"product_cat":[968,994],"product_tag":[1251,1252,1249],"home_works":[],"class_list":{"0":"post-100678","1":"product","2":"type-product","3":"status-publish","4":"has-post-thumbnail","6":"product_cat-indersideformat","7":"product_cat-a5-indersider","8":"product_tag-25k-da","9":"product_tag-a5-da","10":"product_tag-indersider-til-business-planner","12":"first","13":"instock","14":"sold-individually","15":"shipping-taxable","16":"purchasable","17":"product-type-simple"},"acf":[],"yoast_head":"<!-- This site is optimized with the Yoast SEO plugin v27.2 - https:\/\/yoast.com\/product\/yoast-seo-wordpress\/ -->\n<title>LGP-M\u00e5nedlig planl\u00e6gningsnotatstil-L25K - Indersider til business planner - Leatai \u2013 Producent af tilpassede notesb\u00f8ger<\/title>\n<meta name=\"description\" content=\"Indersideformat for business planner: M\u00e5nedlig planl\u00e6gning Papir: Fountain pen-friendly paper St\u00f8rrelse: 25K (A5) Tykkelse: 80 lbs (80 ark pr. bog, 160 sider) Tryk: To farver Indhold: \u00c5rskalender M\u00e5nedlig planl\u00e6gningsskema Sider med gitterm\u00f8nster Linjerede notatsider Informationssektion\" \/>\n<meta name=\"robots\" content=\"index, follow, max-snippet:-1, max-image-preview:large, max-video-preview:-1\" \/>\n<link rel=\"canonical\" href=\"https:\/\/leatai.com\/da\/product\/indersideformat\/a5-indersider\/lgp-maanedlig-planlaegningsnotatstil-l25k\/\" \/>\n<meta property=\"og:locale\" content=\"da_DK\" \/>\n<meta property=\"og:type\" content=\"article\" \/>\n<meta property=\"og:title\" content=\"LGP-M\u00e5nedlig planl\u00e6gningsnotatstil-L25K - Indersider til business planner - Leatai \u2013 Producent af tilpassede notesb\u00f8ger\" \/>\n<meta property=\"og:description\" content=\"Indersideformat for business planner: M\u00e5nedlig planl\u00e6gning Papir: Fountain pen-friendly paper St\u00f8rrelse: 25K (A5) Tykkelse: 80 lbs (80 ark pr. bog, 160 sider) Tryk: To farver Indhold: \u00c5rskalender M\u00e5nedlig planl\u00e6gningsskema Sider med gitterm\u00f8nster Linjerede notatsider Informationssektion\" \/>\n<meta property=\"og:url\" content=\"https:\/\/leatai.com\/da\/product\/indersideformat\/a5-indersider\/lgp-maanedlig-planlaegningsnotatstil-l25k\/\" \/>\n<meta property=\"og:site_name\" content=\"Leatai \u2013 Producent af tilpassede notesb\u00f8ger\" \/>\n<meta property=\"article:modified_time\" content=\"2025-01-22T08:03:48+00:00\" \/>\n<meta property=\"og:image\" content=\"https:\/\/leatai.com\/wp-content\/uploads\/25K\u6708\u8a08\u756b-1000X750-3.jpg\" \/>\n\t<meta property=\"og:image:width\" content=\"1000\" \/>\n\t<meta property=\"og:image:height\" content=\"750\" \/>\n\t<meta property=\"og:image:type\" content=\"image\/jpeg\" \/>\n<meta name=\"twitter:card\" content=\"summary_large_image\" \/>\n<meta name=\"twitter:label1\" content=\"Estimeret l\u00e6setid\" \/>\n\t<meta name=\"twitter:data1\" content=\"1 minut\" \/>\n<script type=\"application\/ld+json\" class=\"yoast-schema-graph\">{\"@context\":\"https:\/\/schema.org\",\"@graph\":[{\"@type\":\"WebPage\",\"@id\":\"https:\/\/leatai.com\/da\/product\/indersideformat\/a5-indersider\/lgp-maanedlig-planlaegningsnotatstil-l25k\/\",\"url\":\"https:\/\/leatai.com\/da\/product\/indersideformat\/a5-indersider\/lgp-maanedlig-planlaegningsnotatstil-l25k\/\",\"name\":\"LGP-M\u00e5nedlig planl\u00e6gningsnotatstil-L25K - Indersider til business planner - Leatai \u2013 Producent af tilpassede notesb\u00f8ger\",\"isPartOf\":{\"@id\":\"https:\/\/leatai.com\/da\/#website\"},\"primaryImageOfPage\":{\"@id\":\"https:\/\/leatai.com\/da\/product\/indersideformat\/a5-indersider\/lgp-maanedlig-planlaegningsnotatstil-l25k\/#primaryimage\"},\"image\":{\"@id\":\"https:\/\/leatai.com\/da\/product\/indersideformat\/a5-indersider\/lgp-maanedlig-planlaegningsnotatstil-l25k\/#primaryimage\"},\"thumbnailUrl\":\"https:\/\/leatai.com\/wp-content\/uploads\/25K\u6708\u8a08\u756b-1000X750-3.jpg\",\"datePublished\":\"2021-06-24T05:17:30+00:00\",\"dateModified\":\"2025-01-22T08:03:48+00:00\",\"description\":\"Indersideformat for business planner: M\u00e5nedlig planl\u00e6gning Papir: Fountain pen-friendly paper St\u00f8rrelse: 25K (A5) Tykkelse: 80 lbs (80 ark pr. bog, 160 sider) Tryk: To farver Indhold: \u00c5rskalender M\u00e5nedlig planl\u00e6gningsskema Sider med gitterm\u00f8nster Linjerede notatsider Informationssektion\",\"breadcrumb\":{\"@id\":\"https:\/\/leatai.com\/da\/product\/indersideformat\/a5-indersider\/lgp-maanedlig-planlaegningsnotatstil-l25k\/#breadcrumb\"},\"inLanguage\":\"da-DK\",\"potentialAction\":[{\"@type\":\"ReadAction\",\"target\":[\"https:\/\/leatai.com\/da\/product\/indersideformat\/a5-indersider\/lgp-maanedlig-planlaegningsnotatstil-l25k\/\"]}]},{\"@type\":\"ImageObject\",\"inLanguage\":\"da-DK\",\"@id\":\"https:\/\/leatai.com\/da\/product\/indersideformat\/a5-indersider\/lgp-maanedlig-planlaegningsnotatstil-l25k\/#primaryimage\",\"url\":\"https:\/\/leatai.com\/wp-content\/uploads\/25K\u6708\u8a08\u756b-1000X750-3.jpg\",\"contentUrl\":\"https:\/\/leatai.com\/wp-content\/uploads\/25K\u6708\u8a08\u756b-1000X750-3.jpg\",\"width\":1000,\"height\":750,\"caption\":\"Indersider til business planner\"},{\"@type\":\"BreadcrumbList\",\"@id\":\"https:\/\/leatai.com\/da\/product\/indersideformat\/a5-indersider\/lgp-maanedlig-planlaegningsnotatstil-l25k\/#breadcrumb\",\"itemListElement\":[{\"@type\":\"ListItem\",\"position\":1,\"name\":\"Home\",\"item\":\"https:\/\/leatai.com\/da\/\"},{\"@type\":\"ListItem\",\"position\":2,\"name\":\"Produktintroduktion\",\"item\":\"https:\/\/leatai.com\/products\/\"},{\"@type\":\"ListItem\",\"position\":3,\"name\":\"Indersideformat\",\"item\":\"https:\/\/leatai.com\/da\/vare-kategori\/indersideformat\/\"},{\"@type\":\"ListItem\",\"position\":4,\"name\":\"A5 Indersider\",\"item\":\"https:\/\/leatai.com\/da\/vare-kategori\/indersideformat\/a5-indersider\/\"},{\"@type\":\"ListItem\",\"position\":5,\"name\":\"LGP-M\u00e5nedlig planl\u00e6gningsnotatstil-L25K\"}]},{\"@type\":\"WebSite\",\"@id\":\"https:\/\/leatai.com\/da\/#website\",\"url\":\"https:\/\/leatai.com\/da\/\",\"name\":\"Leatai \u2013 Producent af tilpassede notesb\u00f8ger\",\"description\":\"Leatai tilbyder tilpassede notesb\u00f8ger og planl\u00e6ggere til globale brands og distribut\u00f8rer.\",\"publisher\":{\"@id\":\"https:\/\/leatai.com\/da\/#organization\"},\"potentialAction\":[{\"@type\":\"SearchAction\",\"target\":{\"@type\":\"EntryPoint\",\"urlTemplate\":\"https:\/\/leatai.com\/da\/?s={search_term_string}\"},\"query-input\":{\"@type\":\"PropertyValueSpecification\",\"valueRequired\":true,\"valueName\":\"search_term_string\"}}],\"inLanguage\":\"da-DK\"},{\"@type\":\"Organization\",\"@id\":\"https:\/\/leatai.com\/da\/#organization\",\"name\":\"Leatai Diary, customized journal and business organizer\",\"url\":\"https:\/\/leatai.com\/da\/\",\"logo\":{\"@type\":\"ImageObject\",\"inLanguage\":\"da-DK\",\"@id\":\"https:\/\/leatai.com\/da\/#\/schema\/logo\/image\/\",\"url\":\"https:\/\/leatai.com\/wp-content\/uploads\/logo-blue.png\",\"contentUrl\":\"https:\/\/leatai.com\/wp-content\/uploads\/logo-blue.png\",\"width\":230,\"height\":60,\"caption\":\"Leatai Diary, customized journal and business organizer\"},\"image\":{\"@id\":\"https:\/\/leatai.com\/da\/#\/schema\/logo\/image\/\"}}]}<\/script>\n<!-- \/ Yoast SEO plugin. -->","yoast_head_json":{"title":"LGP-M\u00e5nedlig planl\u00e6gningsnotatstil-L25K - Indersider til business planner - Leatai \u2013 Producent af tilpassede notesb\u00f8ger","description":"Indersideformat for business planner: M\u00e5nedlig planl\u00e6gning Papir: Fountain pen-friendly paper St\u00f8rrelse: 25K (A5) Tykkelse: 80 lbs (80 ark pr. bog, 160 sider) Tryk: To farver Indhold: \u00c5rskalender M\u00e5nedlig planl\u00e6gningsskema Sider med gitterm\u00f8nster Linjerede notatsider Informationssektion","robots":{"index":"index","follow":"follow","max-snippet":"max-snippet:-1","max-image-preview":"max-image-preview:large","max-video-preview":"max-video-preview:-1"},"canonical":"https:\/\/leatai.com\/da\/product\/indersideformat\/a5-indersider\/lgp-maanedlig-planlaegningsnotatstil-l25k\/","og_locale":"da_DK","og_type":"article","og_title":"LGP-M\u00e5nedlig planl\u00e6gningsnotatstil-L25K - Indersider til business planner - Leatai \u2013 Producent af tilpassede notesb\u00f8ger","og_description":"Indersideformat for business planner: M\u00e5nedlig planl\u00e6gning Papir: Fountain pen-friendly paper St\u00f8rrelse: 25K (A5) Tykkelse: 80 lbs (80 ark pr. bog, 160 sider) Tryk: To farver Indhold: \u00c5rskalender M\u00e5nedlig planl\u00e6gningsskema Sider med gitterm\u00f8nster Linjerede notatsider Informationssektion","og_url":"https:\/\/leatai.com\/da\/product\/indersideformat\/a5-indersider\/lgp-maanedlig-planlaegningsnotatstil-l25k\/","og_site_name":"Leatai \u2013 Producent af tilpassede notesb\u00f8ger","article_modified_time":"2025-01-22T08:03:48+00:00","og_image":[{"width":1000,"height":750,"url":"https:\/\/leatai.com\/wp-content\/uploads\/25K\u6708\u8a08\u756b-1000X750-3.jpg","type":"image\/jpeg"}],"twitter_card":"summary_large_image","twitter_misc":{"Estimeret l\u00e6setid":"1 minut"},"schema":{"@context":"https:\/\/schema.org","@graph":[{"@type":"WebPage","@id":"https:\/\/leatai.com\/da\/product\/indersideformat\/a5-indersider\/lgp-maanedlig-planlaegningsnotatstil-l25k\/","url":"https:\/\/leatai.com\/da\/product\/indersideformat\/a5-indersider\/lgp-maanedlig-planlaegningsnotatstil-l25k\/","name":"LGP-M\u00e5nedlig planl\u00e6gningsnotatstil-L25K - Indersider til business planner - Leatai \u2013 Producent af tilpassede notesb\u00f8ger","isPartOf":{"@id":"https:\/\/leatai.com\/da\/#website"},"primaryImageOfPage":{"@id":"https:\/\/leatai.com\/da\/product\/indersideformat\/a5-indersider\/lgp-maanedlig-planlaegningsnotatstil-l25k\/#primaryimage"},"image":{"@id":"https:\/\/leatai.com\/da\/product\/indersideformat\/a5-indersider\/lgp-maanedlig-planlaegningsnotatstil-l25k\/#primaryimage"},"thumbnailUrl":"https:\/\/leatai.com\/wp-content\/uploads\/25K\u6708\u8a08\u756b-1000X750-3.jpg","datePublished":"2021-06-24T05:17:30+00:00","dateModified":"2025-01-22T08:03:48+00:00","description":"Indersideformat for business planner: M\u00e5nedlig planl\u00e6gning Papir: Fountain pen-friendly paper St\u00f8rrelse: 25K (A5) Tykkelse: 80 lbs (80 ark pr. bog, 160 sider) Tryk: To farver Indhold: \u00c5rskalender M\u00e5nedlig planl\u00e6gningsskema Sider med gitterm\u00f8nster Linjerede notatsider Informationssektion","breadcrumb":{"@id":"https:\/\/leatai.com\/da\/product\/indersideformat\/a5-indersider\/lgp-maanedlig-planlaegningsnotatstil-l25k\/#breadcrumb"},"inLanguage":"da-DK","potentialAction":[{"@type":"ReadAction","target":["https:\/\/leatai.com\/da\/product\/indersideformat\/a5-indersider\/lgp-maanedlig-planlaegningsnotatstil-l25k\/"]}]},{"@type":"ImageObject","inLanguage":"da-DK","@id":"https:\/\/leatai.com\/da\/product\/indersideformat\/a5-indersider\/lgp-maanedlig-planlaegningsnotatstil-l25k\/#primaryimage","url":"https:\/\/leatai.com\/wp-content\/uploads\/25K\u6708\u8a08\u756b-1000X750-3.jpg","contentUrl":"https:\/\/leatai.com\/wp-content\/uploads\/25K\u6708\u8a08\u756b-1000X750-3.jpg","width":1000,"height":750,"caption":"Indersider til business planner"},{"@type":"BreadcrumbList","@id":"https:\/\/leatai.com\/da\/product\/indersideformat\/a5-indersider\/lgp-maanedlig-planlaegningsnotatstil-l25k\/#breadcrumb","itemListElement":[{"@type":"ListItem","position":1,"name":"Home","item":"https:\/\/leatai.com\/da\/"},{"@type":"ListItem","position":2,"name":"Produktintroduktion","item":"https:\/\/leatai.com\/products\/"},{"@type":"ListItem","position":3,"name":"Indersideformat","item":"https:\/\/leatai.com\/da\/vare-kategori\/indersideformat\/"},{"@type":"ListItem","position":4,"name":"A5 Indersider","item":"https:\/\/leatai.com\/da\/vare-kategori\/indersideformat\/a5-indersider\/"},{"@type":"ListItem","position":5,"name":"LGP-M\u00e5nedlig planl\u00e6gningsnotatstil-L25K"}]},{"@type":"WebSite","@id":"https:\/\/leatai.com\/da\/#website","url":"https:\/\/leatai.com\/da\/","name":"Leatai \u2013 Producent af tilpassede notesb\u00f8ger","description":"Leatai tilbyder tilpassede notesb\u00f8ger og planl\u00e6ggere til globale brands og distribut\u00f8rer.","publisher":{"@id":"https:\/\/leatai.com\/da\/#organization"},"potentialAction":[{"@type":"SearchAction","target":{"@type":"EntryPoint","urlTemplate":"https:\/\/leatai.com\/da\/?s={search_term_string}"},"query-input":{"@type":"PropertyValueSpecification","valueRequired":true,"valueName":"search_term_string"}}],"inLanguage":"da-DK"},{"@type":"Organization","@id":"https:\/\/leatai.com\/da\/#organization","name":"Leatai Diary, customized journal and business organizer","url":"https:\/\/leatai.com\/da\/","logo":{"@type":"ImageObject","inLanguage":"da-DK","@id":"https:\/\/leatai.com\/da\/#\/schema\/logo\/image\/","url":"https:\/\/leatai.com\/wp-content\/uploads\/logo-blue.png","contentUrl":"https:\/\/leatai.com\/wp-content\/uploads\/logo-blue.png","width":230,"height":60,"caption":"Leatai Diary, customized journal and business organizer"},"image":{"@id":"https:\/\/leatai.com\/da\/#\/schema\/logo\/image\/"}}]}},"_links":{"self":[{"href":"https:\/\/leatai.com\/da\/wp-json\/wp\/v2\/product\/100678","targetHints":{"allow":["GET"]}}],"collection":[{"href":"https:\/\/leatai.com\/da\/wp-json\/wp\/v2\/product"}],"about":[{"href":"https:\/\/leatai.com\/da\/wp-json\/wp\/v2\/types\/product"}],"wp:featuredmedia":[{"embeddable":true,"href":"https:\/\/leatai.com\/da\/wp-json\/wp\/v2\/media\/100696"}],"wp:attachment":[{"href":"https:\/\/leatai.com\/da\/wp-json\/wp\/v2\/media?parent=100678"}],"wp:term":[{"taxonomy":"product_brand","embeddable":true,"href":"https:\/\/leatai.com\/da\/wp-json\/wp\/v2\/product_brand?post=100678"},{"taxonomy":"product_cat","embeddable":true,"href":"https:\/\/leatai.com\/da\/wp-json\/wp\/v2\/product_cat?post=100678"},{"taxonomy":"product_tag","embeddable":true,"href":"https:\/\/leatai.com\/da\/wp-json\/wp\/v2\/product_tag?post=100678"},{"taxonomy":"home_works","embeddable":true,"href":"https:\/\/leatai.com\/da\/wp-json\/wp\/v2\/home_works?post=100678"}],"curies":[{"name":"wp","href":"https:\/\/api.w.org\/{rel}","templated":true}]}}