{"id":100600,"date":"2021-06-24T13:17:29","date_gmt":"2021-06-24T05:17:29","guid":{"rendered":"https:\/\/leatai.com\/product\/Ikke%20kategoriseret\/lgp-venstre-syv-hoejre-notatside-a16k\/"},"modified":"2025-01-22T15:58:55","modified_gmt":"2025-01-22T07:58:55","slug":"lgp-venstre-syv-hoejre-notatside-a16k","status":"publish","type":"product","link":"https:\/\/leatai.com\/da\/product\/indersideformat\/b5-indersider\/lgp-venstre-syv-hoejre-notatside-a16k\/","title":{"rendered":"LGP-Venstre syv, h\u00f8jre notatside-A16K"},"content":{"rendered":"<p><strong>Papir:<\/strong> Hvidt woodfree papir (Daolin-papir)<br \/>\n<strong>St\u00f8rrelse:<\/strong> <a href=\"https:\/\/leatai.com\/da\/faq\/hvad-er-8k-16k-og-25k-planlaegningsstoerrelser-hvor-store-er-de\/\" target=\"_blank\" rel=\"noopener\">16K (B5)<\/a><a href=\"https:\/\/leatai.com\/da\/faq\/hvad-er-8k-16k-og-25k-planlaegningsstoerrelser-hvor-store-er-de\/\" target=\"_blank\" rel=\"noopener\"> (Detaljeret beskrivelse og sammenligning af business planner-st\u00f8rrelser)<\/a><br \/>\n<strong>Tykkelse:<\/strong> 80 lbs (72 ark pr. bog, 144 sider)<br \/>\n<strong>Tryk:<\/strong> To farver<\/p>\n<p><strong>Indhold:<\/strong><\/p>\n<ul>\n<li>\u00c5rskalender<\/li>\n<li>Venstre: 7 dage, H\u00f8jre: Linjeret notatside<\/li>\n<li>Almanak<\/li>\n<\/ul>\n<p><strong>Indhold detaljer:<\/strong><\/p>\n<ul>\n<li><strong>P.1:<\/strong> Liste over helligdage og festdage<\/li>\n<li><strong>P.2\u2013P.3:<\/strong> \u00c5rskalender<\/li>\n<li><strong>P.4\u2013P.5:<\/strong> \u00c5rsplanl\u00e6gning<\/li>\n<li><strong>P.6\u2013P.17:<\/strong> Lodret m\u00e5nedlig planl\u00e6gning<\/li>\n<li><strong>P.18\u2013P.123:<\/strong> Venstre: 7 dage, H\u00f8jre: Linjeret notatside (for januar til december i det indev\u00e6rende \u00e5r)<\/li>\n<li><strong>P.124\u2013P.135:<\/strong> Informationssektion (kontaktbog, linjerede sider, m\u00e5leenheder, postnumre, metroplaner og motorvejsrutekort)<\/li>\n<li><strong>P.136\u2013P.144:<\/strong> Almanak<\/li>\n<\/ul>\n","protected":false},"excerpt":{"rendered":"<p>Papir: Hvidt woodfree papir (Daolin-papir) St\u00f8rrelse: 16K (B5) (Detaljeret beskrivelse og sammenligning af business planner-st\u00f8rrelser) Tykkelse: 80 lbs (72 ark pr. bog, 144 sider) Tryk: To farver Indhold: \u00c5rskalender Venstre: 7 dage, H\u00f8jre: Linjeret notatside Almanak Indhold detaljer: P.1: Liste over helligdage og festdage P.2\u2013P.3: \u00c5rskalender P.4\u2013P.5: \u00c5rsplanl\u00e6gning P.6\u2013P.17: Lodret m\u00e5nedlig planl\u00e6gning P.18\u2013P.123: Venstre: 7 [&hellip;]<\/p>\n","protected":false},"featured_media":100605,"template":"","meta":{"_acf_changed":false},"product_brand":[],"product_cat":[968,981],"product_tag":[1248,1250,1249],"home_works":[],"class_list":{"0":"post-100600","1":"product","2":"type-product","3":"status-publish","4":"has-post-thumbnail","6":"product_cat-indersideformat","7":"product_cat-b5-indersider","8":"product_tag-16k-da","9":"product_tag-b5-da","10":"product_tag-indersider-til-business-planner","12":"first","13":"instock","14":"sold-individually","15":"shipping-taxable","16":"purchasable","17":"product-type-simple"},"acf":[],"yoast_head":"<!-- This site is optimized with the Yoast SEO plugin v27.2 - https:\/\/yoast.com\/product\/yoast-seo-wordpress\/ -->\n<title>LGP-Venstre syv, h\u00f8jre notatside-A16K - Indersider til business planner - Leatai \u2013 Producent af tilpassede notesb\u00f8ger<\/title>\n<meta name=\"description\" content=\"Indersideformat for business planner: Venstre 7 dage, h\u00f8jre linjeret notatside (lodret) Papir: Hvidt woodfree papir (Daolin-papir) St\u00f8rrelse: 16K (B5) Tykkelse: 80 lbs (72 ark pr. bog, 144 sider) Tryk: To farver Indhold: \u00c5rskalender Venstre: 7 dage H\u00f8jre: Linjeret notatside Almanak Med dette design bliver det nemmere at organisere din tid og planl\u00e6gge effektivt!\" \/>\n<meta name=\"robots\" content=\"index, follow, max-snippet:-1, max-image-preview:large, max-video-preview:-1\" \/>\n<link rel=\"canonical\" href=\"https:\/\/leatai.com\/da\/product\/indersideformat\/b5-indersider\/lgp-venstre-syv-hoejre-notatside-a16k\/\" \/>\n<meta property=\"og:locale\" content=\"da_DK\" \/>\n<meta property=\"og:type\" content=\"article\" \/>\n<meta property=\"og:title\" content=\"LGP-Venstre syv, h\u00f8jre notatside-A16K - Indersider til business planner - Leatai \u2013 Producent af tilpassede notesb\u00f8ger\" \/>\n<meta property=\"og:description\" content=\"Indersideformat for business planner: Venstre 7 dage, h\u00f8jre linjeret notatside (lodret) Papir: Hvidt woodfree papir (Daolin-papir) St\u00f8rrelse: 16K (B5) Tykkelse: 80 lbs (72 ark pr. bog, 144 sider) Tryk: To farver Indhold: \u00c5rskalender Venstre: 7 dage H\u00f8jre: Linjeret notatside Almanak Med dette design bliver det nemmere at organisere din tid og planl\u00e6gge effektivt!\" \/>\n<meta property=\"og:url\" content=\"https:\/\/leatai.com\/da\/product\/indersideformat\/b5-indersider\/lgp-venstre-syv-hoejre-notatside-a16k\/\" \/>\n<meta property=\"og:site_name\" content=\"Leatai \u2013 Producent af tilpassede notesb\u00f8ger\" \/>\n<meta property=\"article:modified_time\" content=\"2025-01-22T07:58:55+00:00\" \/>\n<meta property=\"og:image\" content=\"https:\/\/leatai.com\/wp-content\/uploads\/\u5de6\u4e03\u53f3MEMO-01-scaled.jpg\" \/>\n\t<meta property=\"og:image:width\" content=\"2560\" \/>\n\t<meta property=\"og:image:height\" content=\"1776\" \/>\n\t<meta property=\"og:image:type\" content=\"image\/jpeg\" \/>\n<meta name=\"twitter:card\" content=\"summary_large_image\" \/>\n<meta name=\"twitter:label1\" content=\"Estimeret l\u00e6setid\" \/>\n\t<meta name=\"twitter:data1\" content=\"1 minut\" \/>\n<script type=\"application\/ld+json\" class=\"yoast-schema-graph\">{\"@context\":\"https:\/\/schema.org\",\"@graph\":[{\"@type\":\"WebPage\",\"@id\":\"https:\/\/leatai.com\/da\/product\/indersideformat\/b5-indersider\/lgp-venstre-syv-hoejre-notatside-a16k\/\",\"url\":\"https:\/\/leatai.com\/da\/product\/indersideformat\/b5-indersider\/lgp-venstre-syv-hoejre-notatside-a16k\/\",\"name\":\"LGP-Venstre syv, h\u00f8jre notatside-A16K - Indersider til business planner - Leatai \u2013 Producent af tilpassede notesb\u00f8ger\",\"isPartOf\":{\"@id\":\"https:\/\/leatai.com\/da\/#website\"},\"primaryImageOfPage\":{\"@id\":\"https:\/\/leatai.com\/da\/product\/indersideformat\/b5-indersider\/lgp-venstre-syv-hoejre-notatside-a16k\/#primaryimage\"},\"image\":{\"@id\":\"https:\/\/leatai.com\/da\/product\/indersideformat\/b5-indersider\/lgp-venstre-syv-hoejre-notatside-a16k\/#primaryimage\"},\"thumbnailUrl\":\"https:\/\/leatai.com\/wp-content\/uploads\/\u5de6\u4e03\u53f3MEMO-01-scaled.jpg\",\"datePublished\":\"2021-06-24T05:17:29+00:00\",\"dateModified\":\"2025-01-22T07:58:55+00:00\",\"description\":\"Indersideformat for business planner: Venstre 7 dage, h\u00f8jre linjeret notatside (lodret) Papir: Hvidt woodfree papir (Daolin-papir) St\u00f8rrelse: 16K (B5) Tykkelse: 80 lbs (72 ark pr. bog, 144 sider) Tryk: To farver Indhold: \u00c5rskalender Venstre: 7 dage H\u00f8jre: Linjeret notatside Almanak Med dette design bliver det nemmere at organisere din tid og planl\u00e6gge effektivt!\",\"breadcrumb\":{\"@id\":\"https:\/\/leatai.com\/da\/product\/indersideformat\/b5-indersider\/lgp-venstre-syv-hoejre-notatside-a16k\/#breadcrumb\"},\"inLanguage\":\"da-DK\",\"potentialAction\":[{\"@type\":\"ReadAction\",\"target\":[\"https:\/\/leatai.com\/da\/product\/indersideformat\/b5-indersider\/lgp-venstre-syv-hoejre-notatside-a16k\/\"]}]},{\"@type\":\"ImageObject\",\"inLanguage\":\"da-DK\",\"@id\":\"https:\/\/leatai.com\/da\/product\/indersideformat\/b5-indersider\/lgp-venstre-syv-hoejre-notatside-a16k\/#primaryimage\",\"url\":\"https:\/\/leatai.com\/wp-content\/uploads\/\u5de6\u4e03\u53f3MEMO-01-scaled.jpg\",\"contentUrl\":\"https:\/\/leatai.com\/wp-content\/uploads\/\u5de6\u4e03\u53f3MEMO-01-scaled.jpg\",\"width\":2560,\"height\":1776,\"caption\":\"Indersider til business planner\"},{\"@type\":\"BreadcrumbList\",\"@id\":\"https:\/\/leatai.com\/da\/product\/indersideformat\/b5-indersider\/lgp-venstre-syv-hoejre-notatside-a16k\/#breadcrumb\",\"itemListElement\":[{\"@type\":\"ListItem\",\"position\":1,\"name\":\"Home\",\"item\":\"https:\/\/leatai.com\/da\/\"},{\"@type\":\"ListItem\",\"position\":2,\"name\":\"Produktintroduktion\",\"item\":\"https:\/\/leatai.com\/products\/\"},{\"@type\":\"ListItem\",\"position\":3,\"name\":\"Indersideformat\",\"item\":\"https:\/\/leatai.com\/da\/vare-kategori\/indersideformat\/\"},{\"@type\":\"ListItem\",\"position\":4,\"name\":\"B5 Indersider\",\"item\":\"https:\/\/leatai.com\/da\/vare-kategori\/indersideformat\/b5-indersider\/\"},{\"@type\":\"ListItem\",\"position\":5,\"name\":\"LGP-Venstre syv, h\u00f8jre notatside-A16K\"}]},{\"@type\":\"WebSite\",\"@id\":\"https:\/\/leatai.com\/da\/#website\",\"url\":\"https:\/\/leatai.com\/da\/\",\"name\":\"Leatai \u2013 Producent af tilpassede notesb\u00f8ger\",\"description\":\"Leatai tilbyder tilpassede notesb\u00f8ger og planl\u00e6ggere til globale brands og distribut\u00f8rer.\",\"publisher\":{\"@id\":\"https:\/\/leatai.com\/da\/#organization\"},\"potentialAction\":[{\"@type\":\"SearchAction\",\"target\":{\"@type\":\"EntryPoint\",\"urlTemplate\":\"https:\/\/leatai.com\/da\/?s={search_term_string}\"},\"query-input\":{\"@type\":\"PropertyValueSpecification\",\"valueRequired\":true,\"valueName\":\"search_term_string\"}}],\"inLanguage\":\"da-DK\"},{\"@type\":\"Organization\",\"@id\":\"https:\/\/leatai.com\/da\/#organization\",\"name\":\"Leatai Diary, customized journal and business organizer\",\"url\":\"https:\/\/leatai.com\/da\/\",\"logo\":{\"@type\":\"ImageObject\",\"inLanguage\":\"da-DK\",\"@id\":\"https:\/\/leatai.com\/da\/#\/schema\/logo\/image\/\",\"url\":\"https:\/\/leatai.com\/wp-content\/uploads\/logo-blue.png\",\"contentUrl\":\"https:\/\/leatai.com\/wp-content\/uploads\/logo-blue.png\",\"width\":230,\"height\":60,\"caption\":\"Leatai Diary, customized journal and business organizer\"},\"image\":{\"@id\":\"https:\/\/leatai.com\/da\/#\/schema\/logo\/image\/\"},\"telephone\":\"+886-2-8227-8800\",\"legalName\":\"Leatai Stationary Co., Ltd.\",\"description\":\"A leading notebook factory in Taiwan offering bespoke branding, high-quality binding, and premium paper selections for corporate gifts and stationery wholesale.\",\"address\":{\"@type\":\"PostalAddress\",\"streetAddress\":\"11F., No. 168, Jiankang Rd.\",\"addressLocality\":\"Zhonghe Dist.\",\"addressRegion\":\"New Taipei City\",\"postalCode\":\"235\",\"addressCountry\":\"TW\"},\"contactPoint\":{\"@type\":\"ContactPoint\",\"telephone\":\"+886-2-8227-8800\",\"contactType\":\"sales\",\"areaServed\":\"Worldwide\",\"availableLanguage\":[\"zh-TW\",\"en\"]}}]}<\/script>\n<!-- \/ Yoast SEO plugin. -->","yoast_head_json":{"title":"LGP-Venstre syv, h\u00f8jre notatside-A16K - Indersider til business planner - Leatai \u2013 Producent af tilpassede notesb\u00f8ger","description":"Indersideformat for business planner: Venstre 7 dage, h\u00f8jre linjeret notatside (lodret) Papir: Hvidt woodfree papir (Daolin-papir) St\u00f8rrelse: 16K (B5) Tykkelse: 80 lbs (72 ark pr. bog, 144 sider) Tryk: To farver Indhold: \u00c5rskalender Venstre: 7 dage H\u00f8jre: Linjeret notatside Almanak Med dette design bliver det nemmere at organisere din tid og planl\u00e6gge effektivt!","robots":{"index":"index","follow":"follow","max-snippet":"max-snippet:-1","max-image-preview":"max-image-preview:large","max-video-preview":"max-video-preview:-1"},"canonical":"https:\/\/leatai.com\/da\/product\/indersideformat\/b5-indersider\/lgp-venstre-syv-hoejre-notatside-a16k\/","og_locale":"da_DK","og_type":"article","og_title":"LGP-Venstre syv, h\u00f8jre notatside-A16K - Indersider til business planner - Leatai \u2013 Producent af tilpassede notesb\u00f8ger","og_description":"Indersideformat for business planner: Venstre 7 dage, h\u00f8jre linjeret notatside (lodret) Papir: Hvidt woodfree papir (Daolin-papir) St\u00f8rrelse: 16K (B5) Tykkelse: 80 lbs (72 ark pr. bog, 144 sider) Tryk: To farver Indhold: \u00c5rskalender Venstre: 7 dage H\u00f8jre: Linjeret notatside Almanak Med dette design bliver det nemmere at organisere din tid og planl\u00e6gge effektivt!","og_url":"https:\/\/leatai.com\/da\/product\/indersideformat\/b5-indersider\/lgp-venstre-syv-hoejre-notatside-a16k\/","og_site_name":"Leatai \u2013 Producent af tilpassede notesb\u00f8ger","article_modified_time":"2025-01-22T07:58:55+00:00","og_image":[{"width":2560,"height":1776,"url":"https:\/\/leatai.com\/wp-content\/uploads\/\u5de6\u4e03\u53f3MEMO-01-scaled.jpg","type":"image\/jpeg"}],"twitter_card":"summary_large_image","twitter_misc":{"Estimeret l\u00e6setid":"1 minut"},"schema":{"@context":"https:\/\/schema.org","@graph":[{"@type":"WebPage","@id":"https:\/\/leatai.com\/da\/product\/indersideformat\/b5-indersider\/lgp-venstre-syv-hoejre-notatside-a16k\/","url":"https:\/\/leatai.com\/da\/product\/indersideformat\/b5-indersider\/lgp-venstre-syv-hoejre-notatside-a16k\/","name":"LGP-Venstre syv, h\u00f8jre notatside-A16K - Indersider til business planner - Leatai \u2013 Producent af tilpassede notesb\u00f8ger","isPartOf":{"@id":"https:\/\/leatai.com\/da\/#website"},"primaryImageOfPage":{"@id":"https:\/\/leatai.com\/da\/product\/indersideformat\/b5-indersider\/lgp-venstre-syv-hoejre-notatside-a16k\/#primaryimage"},"image":{"@id":"https:\/\/leatai.com\/da\/product\/indersideformat\/b5-indersider\/lgp-venstre-syv-hoejre-notatside-a16k\/#primaryimage"},"thumbnailUrl":"https:\/\/leatai.com\/wp-content\/uploads\/\u5de6\u4e03\u53f3MEMO-01-scaled.jpg","datePublished":"2021-06-24T05:17:29+00:00","dateModified":"2025-01-22T07:58:55+00:00","description":"Indersideformat for business planner: Venstre 7 dage, h\u00f8jre linjeret notatside (lodret) Papir: Hvidt woodfree papir (Daolin-papir) St\u00f8rrelse: 16K (B5) Tykkelse: 80 lbs (72 ark pr. bog, 144 sider) Tryk: To farver Indhold: \u00c5rskalender Venstre: 7 dage H\u00f8jre: Linjeret notatside Almanak Med dette design bliver det nemmere at organisere din tid og planl\u00e6gge effektivt!","breadcrumb":{"@id":"https:\/\/leatai.com\/da\/product\/indersideformat\/b5-indersider\/lgp-venstre-syv-hoejre-notatside-a16k\/#breadcrumb"},"inLanguage":"da-DK","potentialAction":[{"@type":"ReadAction","target":["https:\/\/leatai.com\/da\/product\/indersideformat\/b5-indersider\/lgp-venstre-syv-hoejre-notatside-a16k\/"]}]},{"@type":"ImageObject","inLanguage":"da-DK","@id":"https:\/\/leatai.com\/da\/product\/indersideformat\/b5-indersider\/lgp-venstre-syv-hoejre-notatside-a16k\/#primaryimage","url":"https:\/\/leatai.com\/wp-content\/uploads\/\u5de6\u4e03\u53f3MEMO-01-scaled.jpg","contentUrl":"https:\/\/leatai.com\/wp-content\/uploads\/\u5de6\u4e03\u53f3MEMO-01-scaled.jpg","width":2560,"height":1776,"caption":"Indersider til business planner"},{"@type":"BreadcrumbList","@id":"https:\/\/leatai.com\/da\/product\/indersideformat\/b5-indersider\/lgp-venstre-syv-hoejre-notatside-a16k\/#breadcrumb","itemListElement":[{"@type":"ListItem","position":1,"name":"Home","item":"https:\/\/leatai.com\/da\/"},{"@type":"ListItem","position":2,"name":"Produktintroduktion","item":"https:\/\/leatai.com\/products\/"},{"@type":"ListItem","position":3,"name":"Indersideformat","item":"https:\/\/leatai.com\/da\/vare-kategori\/indersideformat\/"},{"@type":"ListItem","position":4,"name":"B5 Indersider","item":"https:\/\/leatai.com\/da\/vare-kategori\/indersideformat\/b5-indersider\/"},{"@type":"ListItem","position":5,"name":"LGP-Venstre syv, h\u00f8jre notatside-A16K"}]},{"@type":"WebSite","@id":"https:\/\/leatai.com\/da\/#website","url":"https:\/\/leatai.com\/da\/","name":"Leatai \u2013 Producent af tilpassede notesb\u00f8ger","description":"Leatai tilbyder tilpassede notesb\u00f8ger og planl\u00e6ggere til globale brands og distribut\u00f8rer.","publisher":{"@id":"https:\/\/leatai.com\/da\/#organization"},"potentialAction":[{"@type":"SearchAction","target":{"@type":"EntryPoint","urlTemplate":"https:\/\/leatai.com\/da\/?s={search_term_string}"},"query-input":{"@type":"PropertyValueSpecification","valueRequired":true,"valueName":"search_term_string"}}],"inLanguage":"da-DK"},{"@type":"Organization","@id":"https:\/\/leatai.com\/da\/#organization","name":"Leatai Diary, customized journal and business organizer","url":"https:\/\/leatai.com\/da\/","logo":{"@type":"ImageObject","inLanguage":"da-DK","@id":"https:\/\/leatai.com\/da\/#\/schema\/logo\/image\/","url":"https:\/\/leatai.com\/wp-content\/uploads\/logo-blue.png","contentUrl":"https:\/\/leatai.com\/wp-content\/uploads\/logo-blue.png","width":230,"height":60,"caption":"Leatai Diary, customized journal and business organizer"},"image":{"@id":"https:\/\/leatai.com\/da\/#\/schema\/logo\/image\/"},"telephone":"+886-2-8227-8800","legalName":"Leatai Stationary Co., Ltd.","description":"A leading notebook factory in Taiwan offering bespoke branding, high-quality binding, and premium paper selections for corporate gifts and stationery wholesale.","address":{"@type":"PostalAddress","streetAddress":"11F., No. 168, Jiankang Rd.","addressLocality":"Zhonghe Dist.","addressRegion":"New Taipei City","postalCode":"235","addressCountry":"TW"},"contactPoint":{"@type":"ContactPoint","telephone":"+886-2-8227-8800","contactType":"sales","areaServed":"Worldwide","availableLanguage":["zh-TW","en"]}}]}},"_links":{"self":[{"href":"https:\/\/leatai.com\/da\/wp-json\/wp\/v2\/product\/100600","targetHints":{"allow":["GET"]}}],"collection":[{"href":"https:\/\/leatai.com\/da\/wp-json\/wp\/v2\/product"}],"about":[{"href":"https:\/\/leatai.com\/da\/wp-json\/wp\/v2\/types\/product"}],"wp:featuredmedia":[{"embeddable":true,"href":"https:\/\/leatai.com\/da\/wp-json\/wp\/v2\/media\/100605"}],"wp:attachment":[{"href":"https:\/\/leatai.com\/da\/wp-json\/wp\/v2\/media?parent=100600"}],"wp:term":[{"taxonomy":"product_brand","embeddable":true,"href":"https:\/\/leatai.com\/da\/wp-json\/wp\/v2\/product_brand?post=100600"},{"taxonomy":"product_cat","embeddable":true,"href":"https:\/\/leatai.com\/da\/wp-json\/wp\/v2\/product_cat?post=100600"},{"taxonomy":"product_tag","embeddable":true,"href":"https:\/\/leatai.com\/da\/wp-json\/wp\/v2\/product_tag?post=100600"},{"taxonomy":"home_works","embeddable":true,"href":"https:\/\/leatai.com\/da\/wp-json\/wp\/v2\/home_works?post=100600"}],"curies":[{"name":"wp","href":"https:\/\/api.w.org\/{rel}","templated":true}]}}