{"id":100542,"date":"2021-06-24T13:22:22","date_gmt":"2021-06-24T05:22:22","guid":{"rendered":"https:\/\/leatai.com\/product\/Ikke%20kategoriseret\/skaering-og-praegningsarbejde-som-underleverandoerarbejde\/"},"modified":"2025-01-21T15:43:37","modified_gmt":"2025-01-21T07:43:37","slug":"skaering-og-praegningsarbejde-som-underleverandoerarbejde","status":"publish","type":"product","link":"https:\/\/leatai.com\/da\/product\/anden-produktion\/skaering-og-praegningsarbejde-som-underleverandoerarbejde\/","title":{"rendered":"Sk\u00e6ring og pr\u00e6gningsarbejde som underleverand\u00f8rarbejde"},"content":{"rendered":"<p><strong>Underleverand\u00f8rprojekt:<\/strong> Sk\u00e6ring og pr\u00e6gningsarbejde<\/p>\n<p><strong>Beskrivelse:<\/strong><br \/>\nSk\u00e6ring og pr\u00e6gningsarbejde er traditionelle forarbejdningsmetoder, der gradvist bliver sj\u00e6ldnere, men samtidig mere v\u00e6rdifulde. Is\u00e6r ved produktion af tykkere materialer er disse processer uundv\u00e6rlige. Leatai har udstyr til sk\u00e6ring og pr\u00e6gningsarbejde, der kan udf\u00f8re alt fra sk\u00e6ring af hele ruller l\u00e6der til f\u00e6rdigg\u00f8relse af pr\u00e6gningsarbejdet i \u00e9n samlet proces.<\/p>\n<p><iframe title=\"Cutting and Die-Cutting\" width=\"800\" height=\"450\" src=\"https:\/\/www.youtube.com\/embed\/4gTuYQcU6bU?feature=oembed&#038;enablejsapi=1&#038;origin=https:\/\/leatai.com\" frameborder=\"0\" allow=\"accelerometer; autoplay; clipboard-write; encrypted-media; gyroscope; picture-in-picture; web-share\" referrerpolicy=\"strict-origin-when-cross-origin\" allowfullscreen><\/iframe><\/p>\n<p>&nbsp;<\/p>\n","protected":false},"excerpt":{"rendered":"<p>Underleverand\u00f8rprojekt: Sk\u00e6ring og pr\u00e6gningsarbejde Beskrivelse: Sk\u00e6ring og pr\u00e6gningsarbejde er traditionelle forarbejdningsmetoder, der gradvist bliver sj\u00e6ldnere, men samtidig mere v\u00e6rdifulde. Is\u00e6r ved produktion af tykkere materialer er disse processer uundv\u00e6rlige. Leatai har udstyr til sk\u00e6ring og pr\u00e6gningsarbejde, der kan udf\u00f8re alt fra sk\u00e6ring af hele ruller l\u00e6der til f\u00e6rdigg\u00f8relse af pr\u00e6gningsarbejdet i \u00e9n samlet proces. &nbsp;<\/p>\n","protected":false},"featured_media":100543,"template":"","meta":{"_acf_changed":false},"product_brand":[],"product_cat":[1150],"product_tag":[],"home_works":[],"class_list":{"0":"post-100542","1":"product","2":"type-product","3":"status-publish","4":"has-post-thumbnail","6":"product_cat-anden-produktion","8":"first","9":"outofstock","10":"sold-individually","11":"shipping-taxable","12":"purchasable","13":"product-type-variable","14":"has-default-attributes"},"acf":[],"yoast_head":"<!-- This site is optimized with the Yoast SEO plugin v27.2 - https:\/\/yoast.com\/product\/yoast-seo-wordpress\/ -->\n<title>Sk\u00e6ring og pr\u00e6gningsarbejde som underleverand\u00f8rarbejde - Kan fremstille sk\u00e6rematricer og pr\u00e6ge b\u00e5de tykke og tynde materialer - Leatai \u2013 Producent af tilpassede notesb\u00f8ger<\/title>\n<meta name=\"description\" content=\"Underleverand\u00f8rprojekt: Sk\u00e6ring og pr\u00e6gningsarbejde Beskrivelse: Sk\u00e6ring og pr\u00e6gningsarbejde er traditionelle bearbejdningsmetoder, der bliver mindre udbredte, men samtidig mere essentielle. S\u00e6rligt ved bearbejdning af tykke materialer er disse processer uundv\u00e6rlige. Leatai r\u00e5der over avanceret sk\u00e6reudstyr, der muligg\u00f8r en effektiv \u00e9n-stationsproces til sk\u00e6ring, udsk\u00e6ring og pr\u00e6gningsarbejde af hele ruller l\u00e6der.\" \/>\n<meta name=\"robots\" content=\"index, follow, max-snippet:-1, max-image-preview:large, max-video-preview:-1\" \/>\n<link rel=\"canonical\" href=\"https:\/\/leatai.com\/da\/product\/anden-produktion\/skaering-og-praegningsarbejde-som-underleverandoerarbejde\/\" \/>\n<meta property=\"og:locale\" content=\"da_DK\" \/>\n<meta property=\"og:type\" content=\"article\" \/>\n<meta property=\"og:title\" content=\"Sk\u00e6ring og pr\u00e6gningsarbejde som underleverand\u00f8rarbejde - Kan fremstille sk\u00e6rematricer og pr\u00e6ge b\u00e5de tykke og tynde materialer - Leatai \u2013 Producent af tilpassede notesb\u00f8ger\" \/>\n<meta property=\"og:description\" content=\"Underleverand\u00f8rprojekt: Sk\u00e6ring og pr\u00e6gningsarbejde Beskrivelse: Sk\u00e6ring og pr\u00e6gningsarbejde er traditionelle bearbejdningsmetoder, der bliver mindre udbredte, men samtidig mere essentielle. S\u00e6rligt ved bearbejdning af tykke materialer er disse processer uundv\u00e6rlige. Leatai r\u00e5der over avanceret sk\u00e6reudstyr, der muligg\u00f8r en effektiv \u00e9n-stationsproces til sk\u00e6ring, udsk\u00e6ring og pr\u00e6gningsarbejde af hele ruller l\u00e6der.\" \/>\n<meta property=\"og:url\" content=\"https:\/\/leatai.com\/da\/product\/anden-produktion\/skaering-og-praegningsarbejde-som-underleverandoerarbejde\/\" \/>\n<meta property=\"og:site_name\" content=\"Leatai \u2013 Producent af tilpassede notesb\u00f8ger\" \/>\n<meta property=\"article:modified_time\" content=\"2025-01-21T07:43:37+00:00\" \/>\n<meta property=\"og:image\" content=\"https:\/\/leatai.com\/wp-content\/uploads\/2016_01_20_1504420.jpg\" \/>\n\t<meta property=\"og:image:width\" content=\"1000\" \/>\n\t<meta property=\"og:image:height\" content=\"750\" \/>\n\t<meta property=\"og:image:type\" content=\"image\/jpeg\" \/>\n<meta name=\"twitter:card\" content=\"summary_large_image\" \/>\n<meta name=\"twitter:label1\" content=\"Estimeret l\u00e6setid\" \/>\n\t<meta name=\"twitter:data1\" content=\"1 minut\" \/>\n<script type=\"application\/ld+json\" class=\"yoast-schema-graph\">{\"@context\":\"https:\/\/schema.org\",\"@graph\":[{\"@type\":\"WebPage\",\"@id\":\"https:\/\/leatai.com\/da\/product\/anden-produktion\/skaering-og-praegningsarbejde-som-underleverandoerarbejde\/\",\"url\":\"https:\/\/leatai.com\/da\/product\/anden-produktion\/skaering-og-praegningsarbejde-som-underleverandoerarbejde\/\",\"name\":\"Sk\u00e6ring og pr\u00e6gningsarbejde som underleverand\u00f8rarbejde - Kan fremstille sk\u00e6rematricer og pr\u00e6ge b\u00e5de tykke og tynde materialer - Leatai \u2013 Producent af tilpassede notesb\u00f8ger\",\"isPartOf\":{\"@id\":\"https:\/\/leatai.com\/da\/#website\"},\"primaryImageOfPage\":{\"@id\":\"https:\/\/leatai.com\/da\/product\/anden-produktion\/skaering-og-praegningsarbejde-som-underleverandoerarbejde\/#primaryimage\"},\"image\":{\"@id\":\"https:\/\/leatai.com\/da\/product\/anden-produktion\/skaering-og-praegningsarbejde-som-underleverandoerarbejde\/#primaryimage\"},\"thumbnailUrl\":\"https:\/\/leatai.com\/wp-content\/uploads\/2016_01_20_1504420.jpg\",\"datePublished\":\"2021-06-24T05:22:22+00:00\",\"dateModified\":\"2025-01-21T07:43:37+00:00\",\"description\":\"Underleverand\u00f8rprojekt: Sk\u00e6ring og pr\u00e6gningsarbejde Beskrivelse: Sk\u00e6ring og pr\u00e6gningsarbejde er traditionelle bearbejdningsmetoder, der bliver mindre udbredte, men samtidig mere essentielle. S\u00e6rligt ved bearbejdning af tykke materialer er disse processer uundv\u00e6rlige. Leatai r\u00e5der over avanceret sk\u00e6reudstyr, der muligg\u00f8r en effektiv \u00e9n-stationsproces til sk\u00e6ring, udsk\u00e6ring og pr\u00e6gningsarbejde af hele ruller l\u00e6der.\",\"breadcrumb\":{\"@id\":\"https:\/\/leatai.com\/da\/product\/anden-produktion\/skaering-og-praegningsarbejde-som-underleverandoerarbejde\/#breadcrumb\"},\"inLanguage\":\"da-DK\",\"potentialAction\":[{\"@type\":\"ReadAction\",\"target\":[\"https:\/\/leatai.com\/da\/product\/anden-produktion\/skaering-og-praegningsarbejde-som-underleverandoerarbejde\/\"]}]},{\"@type\":\"ImageObject\",\"inLanguage\":\"da-DK\",\"@id\":\"https:\/\/leatai.com\/da\/product\/anden-produktion\/skaering-og-praegningsarbejde-som-underleverandoerarbejde\/#primaryimage\",\"url\":\"https:\/\/leatai.com\/wp-content\/uploads\/2016_01_20_1504420.jpg\",\"contentUrl\":\"https:\/\/leatai.com\/wp-content\/uploads\/2016_01_20_1504420.jpg\",\"width\":1000,\"height\":750,\"caption\":\"Sk\u00e6ring og pr\u00e6gningsarbejde som underleverand\u00f8rarbejde\"},{\"@type\":\"BreadcrumbList\",\"@id\":\"https:\/\/leatai.com\/da\/product\/anden-produktion\/skaering-og-praegningsarbejde-som-underleverandoerarbejde\/#breadcrumb\",\"itemListElement\":[{\"@type\":\"ListItem\",\"position\":1,\"name\":\"Home\",\"item\":\"https:\/\/leatai.com\/da\/\"},{\"@type\":\"ListItem\",\"position\":2,\"name\":\"Produktintroduktion\",\"item\":\"https:\/\/leatai.com\/products\/\"},{\"@type\":\"ListItem\",\"position\":3,\"name\":\"Anden produktion\",\"item\":\"https:\/\/leatai.com\/da\/vare-kategori\/anden-produktion\/\"},{\"@type\":\"ListItem\",\"position\":4,\"name\":\"Sk\u00e6ring og pr\u00e6gningsarbejde som underleverand\u00f8rarbejde\"}]},{\"@type\":\"WebSite\",\"@id\":\"https:\/\/leatai.com\/da\/#website\",\"url\":\"https:\/\/leatai.com\/da\/\",\"name\":\"Leatai \u2013 Producent af tilpassede notesb\u00f8ger\",\"description\":\"Leatai tilbyder tilpassede notesb\u00f8ger og planl\u00e6ggere til globale brands og distribut\u00f8rer.\",\"publisher\":{\"@id\":\"https:\/\/leatai.com\/da\/#organization\"},\"potentialAction\":[{\"@type\":\"SearchAction\",\"target\":{\"@type\":\"EntryPoint\",\"urlTemplate\":\"https:\/\/leatai.com\/da\/?s={search_term_string}\"},\"query-input\":{\"@type\":\"PropertyValueSpecification\",\"valueRequired\":true,\"valueName\":\"search_term_string\"}}],\"inLanguage\":\"da-DK\"},{\"@type\":\"Organization\",\"@id\":\"https:\/\/leatai.com\/da\/#organization\",\"name\":\"Leatai Diary, customized journal and business organizer\",\"url\":\"https:\/\/leatai.com\/da\/\",\"logo\":{\"@type\":\"ImageObject\",\"inLanguage\":\"da-DK\",\"@id\":\"https:\/\/leatai.com\/da\/#\/schema\/logo\/image\/\",\"url\":\"https:\/\/leatai.com\/wp-content\/uploads\/logo-blue.png\",\"contentUrl\":\"https:\/\/leatai.com\/wp-content\/uploads\/logo-blue.png\",\"width\":230,\"height\":60,\"caption\":\"Leatai Diary, customized journal and business organizer\"},\"image\":{\"@id\":\"https:\/\/leatai.com\/da\/#\/schema\/logo\/image\/\"}}]}<\/script>\n<!-- \/ Yoast SEO plugin. -->","yoast_head_json":{"title":"Sk\u00e6ring og pr\u00e6gningsarbejde som underleverand\u00f8rarbejde - Kan fremstille sk\u00e6rematricer og pr\u00e6ge b\u00e5de tykke og tynde materialer - Leatai \u2013 Producent af tilpassede notesb\u00f8ger","description":"Underleverand\u00f8rprojekt: Sk\u00e6ring og pr\u00e6gningsarbejde Beskrivelse: Sk\u00e6ring og pr\u00e6gningsarbejde er traditionelle bearbejdningsmetoder, der bliver mindre udbredte, men samtidig mere essentielle. S\u00e6rligt ved bearbejdning af tykke materialer er disse processer uundv\u00e6rlige. Leatai r\u00e5der over avanceret sk\u00e6reudstyr, der muligg\u00f8r en effektiv \u00e9n-stationsproces til sk\u00e6ring, udsk\u00e6ring og pr\u00e6gningsarbejde af hele ruller l\u00e6der.","robots":{"index":"index","follow":"follow","max-snippet":"max-snippet:-1","max-image-preview":"max-image-preview:large","max-video-preview":"max-video-preview:-1"},"canonical":"https:\/\/leatai.com\/da\/product\/anden-produktion\/skaering-og-praegningsarbejde-som-underleverandoerarbejde\/","og_locale":"da_DK","og_type":"article","og_title":"Sk\u00e6ring og pr\u00e6gningsarbejde som underleverand\u00f8rarbejde - Kan fremstille sk\u00e6rematricer og pr\u00e6ge b\u00e5de tykke og tynde materialer - Leatai \u2013 Producent af tilpassede notesb\u00f8ger","og_description":"Underleverand\u00f8rprojekt: Sk\u00e6ring og pr\u00e6gningsarbejde Beskrivelse: Sk\u00e6ring og pr\u00e6gningsarbejde er traditionelle bearbejdningsmetoder, der bliver mindre udbredte, men samtidig mere essentielle. S\u00e6rligt ved bearbejdning af tykke materialer er disse processer uundv\u00e6rlige. Leatai r\u00e5der over avanceret sk\u00e6reudstyr, der muligg\u00f8r en effektiv \u00e9n-stationsproces til sk\u00e6ring, udsk\u00e6ring og pr\u00e6gningsarbejde af hele ruller l\u00e6der.","og_url":"https:\/\/leatai.com\/da\/product\/anden-produktion\/skaering-og-praegningsarbejde-som-underleverandoerarbejde\/","og_site_name":"Leatai \u2013 Producent af tilpassede notesb\u00f8ger","article_modified_time":"2025-01-21T07:43:37+00:00","og_image":[{"width":1000,"height":750,"url":"https:\/\/leatai.com\/wp-content\/uploads\/2016_01_20_1504420.jpg","type":"image\/jpeg"}],"twitter_card":"summary_large_image","twitter_misc":{"Estimeret l\u00e6setid":"1 minut"},"schema":{"@context":"https:\/\/schema.org","@graph":[{"@type":"WebPage","@id":"https:\/\/leatai.com\/da\/product\/anden-produktion\/skaering-og-praegningsarbejde-som-underleverandoerarbejde\/","url":"https:\/\/leatai.com\/da\/product\/anden-produktion\/skaering-og-praegningsarbejde-som-underleverandoerarbejde\/","name":"Sk\u00e6ring og pr\u00e6gningsarbejde som underleverand\u00f8rarbejde - Kan fremstille sk\u00e6rematricer og pr\u00e6ge b\u00e5de tykke og tynde materialer - Leatai \u2013 Producent af tilpassede notesb\u00f8ger","isPartOf":{"@id":"https:\/\/leatai.com\/da\/#website"},"primaryImageOfPage":{"@id":"https:\/\/leatai.com\/da\/product\/anden-produktion\/skaering-og-praegningsarbejde-som-underleverandoerarbejde\/#primaryimage"},"image":{"@id":"https:\/\/leatai.com\/da\/product\/anden-produktion\/skaering-og-praegningsarbejde-som-underleverandoerarbejde\/#primaryimage"},"thumbnailUrl":"https:\/\/leatai.com\/wp-content\/uploads\/2016_01_20_1504420.jpg","datePublished":"2021-06-24T05:22:22+00:00","dateModified":"2025-01-21T07:43:37+00:00","description":"Underleverand\u00f8rprojekt: Sk\u00e6ring og pr\u00e6gningsarbejde Beskrivelse: Sk\u00e6ring og pr\u00e6gningsarbejde er traditionelle bearbejdningsmetoder, der bliver mindre udbredte, men samtidig mere essentielle. S\u00e6rligt ved bearbejdning af tykke materialer er disse processer uundv\u00e6rlige. Leatai r\u00e5der over avanceret sk\u00e6reudstyr, der muligg\u00f8r en effektiv \u00e9n-stationsproces til sk\u00e6ring, udsk\u00e6ring og pr\u00e6gningsarbejde af hele ruller l\u00e6der.","breadcrumb":{"@id":"https:\/\/leatai.com\/da\/product\/anden-produktion\/skaering-og-praegningsarbejde-som-underleverandoerarbejde\/#breadcrumb"},"inLanguage":"da-DK","potentialAction":[{"@type":"ReadAction","target":["https:\/\/leatai.com\/da\/product\/anden-produktion\/skaering-og-praegningsarbejde-som-underleverandoerarbejde\/"]}]},{"@type":"ImageObject","inLanguage":"da-DK","@id":"https:\/\/leatai.com\/da\/product\/anden-produktion\/skaering-og-praegningsarbejde-som-underleverandoerarbejde\/#primaryimage","url":"https:\/\/leatai.com\/wp-content\/uploads\/2016_01_20_1504420.jpg","contentUrl":"https:\/\/leatai.com\/wp-content\/uploads\/2016_01_20_1504420.jpg","width":1000,"height":750,"caption":"Sk\u00e6ring og pr\u00e6gningsarbejde som underleverand\u00f8rarbejde"},{"@type":"BreadcrumbList","@id":"https:\/\/leatai.com\/da\/product\/anden-produktion\/skaering-og-praegningsarbejde-som-underleverandoerarbejde\/#breadcrumb","itemListElement":[{"@type":"ListItem","position":1,"name":"Home","item":"https:\/\/leatai.com\/da\/"},{"@type":"ListItem","position":2,"name":"Produktintroduktion","item":"https:\/\/leatai.com\/products\/"},{"@type":"ListItem","position":3,"name":"Anden produktion","item":"https:\/\/leatai.com\/da\/vare-kategori\/anden-produktion\/"},{"@type":"ListItem","position":4,"name":"Sk\u00e6ring og pr\u00e6gningsarbejde som underleverand\u00f8rarbejde"}]},{"@type":"WebSite","@id":"https:\/\/leatai.com\/da\/#website","url":"https:\/\/leatai.com\/da\/","name":"Leatai \u2013 Producent af tilpassede notesb\u00f8ger","description":"Leatai tilbyder tilpassede notesb\u00f8ger og planl\u00e6ggere til globale brands og distribut\u00f8rer.","publisher":{"@id":"https:\/\/leatai.com\/da\/#organization"},"potentialAction":[{"@type":"SearchAction","target":{"@type":"EntryPoint","urlTemplate":"https:\/\/leatai.com\/da\/?s={search_term_string}"},"query-input":{"@type":"PropertyValueSpecification","valueRequired":true,"valueName":"search_term_string"}}],"inLanguage":"da-DK"},{"@type":"Organization","@id":"https:\/\/leatai.com\/da\/#organization","name":"Leatai Diary, customized journal and business organizer","url":"https:\/\/leatai.com\/da\/","logo":{"@type":"ImageObject","inLanguage":"da-DK","@id":"https:\/\/leatai.com\/da\/#\/schema\/logo\/image\/","url":"https:\/\/leatai.com\/wp-content\/uploads\/logo-blue.png","contentUrl":"https:\/\/leatai.com\/wp-content\/uploads\/logo-blue.png","width":230,"height":60,"caption":"Leatai Diary, customized journal and business organizer"},"image":{"@id":"https:\/\/leatai.com\/da\/#\/schema\/logo\/image\/"}}]}},"_links":{"self":[{"href":"https:\/\/leatai.com\/da\/wp-json\/wp\/v2\/product\/100542","targetHints":{"allow":["GET"]}}],"collection":[{"href":"https:\/\/leatai.com\/da\/wp-json\/wp\/v2\/product"}],"about":[{"href":"https:\/\/leatai.com\/da\/wp-json\/wp\/v2\/types\/product"}],"wp:featuredmedia":[{"embeddable":true,"href":"https:\/\/leatai.com\/da\/wp-json\/wp\/v2\/media\/100543"}],"wp:attachment":[{"href":"https:\/\/leatai.com\/da\/wp-json\/wp\/v2\/media?parent=100542"}],"wp:term":[{"taxonomy":"product_brand","embeddable":true,"href":"https:\/\/leatai.com\/da\/wp-json\/wp\/v2\/product_brand?post=100542"},{"taxonomy":"product_cat","embeddable":true,"href":"https:\/\/leatai.com\/da\/wp-json\/wp\/v2\/product_cat?post=100542"},{"taxonomy":"product_tag","embeddable":true,"href":"https:\/\/leatai.com\/da\/wp-json\/wp\/v2\/product_tag?post=100542"},{"taxonomy":"home_works","embeddable":true,"href":"https:\/\/leatai.com\/da\/wp-json\/wp\/v2\/home_works?post=100542"}],"curies":[{"name":"wp","href":"https:\/\/api.w.org\/{rel}","templated":true}]}}