{"id":100533,"date":"2021-06-24T13:22:22","date_gmt":"2021-06-24T05:22:22","guid":{"rendered":"https:\/\/leatai.com\/product\/Ikke%20kategoriseret\/guldfoliepraegning-og-debossing-som-underleverandoerarbejde\/"},"modified":"2025-01-21T15:42:58","modified_gmt":"2025-01-21T07:42:58","slug":"guldfoliepraegning-og-debossing-som-underleverandoerarbejde","status":"publish","type":"product","link":"https:\/\/leatai.com\/da\/product\/anden-produktion\/guldfoliepraegning-og-debossing-som-underleverandoerarbejde\/","title":{"rendered":"Guldfoliepr\u00e6gning og debossing som underleverand\u00f8rarbejde"},"content":{"rendered":"<p><strong>Underleverand\u00f8rprojekt:<\/strong> Guldfoliepr\u00e6gning og debossing<\/p>\n<p><strong>Beskrivelse:<\/strong><br \/>\nEfter fremstilling af zinkplader udf\u00f8res processen ved opvarmning og tryk p\u00e5 l\u00e6der eller papir. Valget af guldfolie varierer afh\u00e6ngigt af materialet, da forskellige materialer har forskellig kompatibilitet. Debossing f\u00f8lger samme princip, men uden brug af folie, og l\u00e6dermaterialer \u00e6ndrer ikke n\u00f8dvendigvis farve under processen.<\/p>\n","protected":false},"excerpt":{"rendered":"<p>Guldfoliepr\u00e6gning og debossing som underleverand\u00f8rarbejde<\/p>\n","protected":false},"featured_media":100534,"template":"","meta":{"_acf_changed":false},"product_brand":[],"product_cat":[1150],"product_tag":[],"home_works":[],"class_list":{"0":"post-100533","1":"product","2":"type-product","3":"status-publish","4":"has-post-thumbnail","6":"product_cat-anden-produktion","8":"first","9":"outofstock","10":"sold-individually","11":"shipping-taxable","12":"purchasable","13":"product-type-variable","14":"has-default-attributes"},"acf":[],"yoast_head":"<!-- This site is optimized with the Yoast SEO plugin v27.2 - https:\/\/yoast.com\/product\/yoast-seo-wordpress\/ -->\n<title>Guldfoliepr\u00e6gning og debossing som underleverand\u00f8rarbejde - Leatai \u2013 Producent af tilpassede notesb\u00f8ger<\/title>\n<meta name=\"description\" content=\"Underleverand\u00f8rprojekt: Guldfoliepr\u00e6gning og debossing Beskrivelse: Ved hj\u00e6lp af zinkplader udf\u00f8res guldfoliepr\u00e6gning og debossing ved opvarmning og tryk p\u00e5 l\u00e6der eller papir. Valget af guldfolie afh\u00e6nger af materialet, da forskellige materialer kr\u00e6ver forskellige typer folie. Debossing anvender samme princip, men uden brug af folie. For l\u00e6dermaterialer er det ikke altid n\u00f8dvendigt, at farven \u00e6ndrer sig under processen.\" \/>\n<meta name=\"robots\" content=\"index, follow, max-snippet:-1, max-image-preview:large, max-video-preview:-1\" \/>\n<link rel=\"canonical\" href=\"https:\/\/leatai.com\/da\/product\/anden-produktion\/guldfoliepraegning-og-debossing-som-underleverandoerarbejde\/\" \/>\n<meta property=\"og:locale\" content=\"da_DK\" \/>\n<meta property=\"og:type\" content=\"article\" \/>\n<meta property=\"og:title\" content=\"Guldfoliepr\u00e6gning og debossing som underleverand\u00f8rarbejde - Leatai \u2013 Producent af tilpassede notesb\u00f8ger\" \/>\n<meta property=\"og:description\" content=\"Underleverand\u00f8rprojekt: Guldfoliepr\u00e6gning og debossing Beskrivelse: Ved hj\u00e6lp af zinkplader udf\u00f8res guldfoliepr\u00e6gning og debossing ved opvarmning og tryk p\u00e5 l\u00e6der eller papir. Valget af guldfolie afh\u00e6nger af materialet, da forskellige materialer kr\u00e6ver forskellige typer folie. Debossing anvender samme princip, men uden brug af folie. For l\u00e6dermaterialer er det ikke altid n\u00f8dvendigt, at farven \u00e6ndrer sig under processen.\" \/>\n<meta property=\"og:url\" content=\"https:\/\/leatai.com\/da\/product\/anden-produktion\/guldfoliepraegning-og-debossing-som-underleverandoerarbejde\/\" \/>\n<meta property=\"og:site_name\" content=\"Leatai \u2013 Producent af tilpassede notesb\u00f8ger\" \/>\n<meta property=\"article:modified_time\" content=\"2025-01-21T07:42:58+00:00\" \/>\n<meta property=\"og:image\" content=\"https:\/\/leatai.com\/wp-content\/uploads\/2016_01_20_1505510.jpg\" \/>\n\t<meta property=\"og:image:width\" content=\"1000\" \/>\n\t<meta property=\"og:image:height\" content=\"750\" \/>\n\t<meta property=\"og:image:type\" content=\"image\/jpeg\" \/>\n<meta name=\"twitter:card\" content=\"summary_large_image\" \/>\n<meta name=\"twitter:label1\" content=\"Estimeret l\u00e6setid\" \/>\n\t<meta name=\"twitter:data1\" content=\"1 minut\" \/>\n<script type=\"application\/ld+json\" class=\"yoast-schema-graph\">{\"@context\":\"https:\/\/schema.org\",\"@graph\":[{\"@type\":\"WebPage\",\"@id\":\"https:\/\/leatai.com\/da\/product\/anden-produktion\/guldfoliepraegning-og-debossing-som-underleverandoerarbejde\/\",\"url\":\"https:\/\/leatai.com\/da\/product\/anden-produktion\/guldfoliepraegning-og-debossing-som-underleverandoerarbejde\/\",\"name\":\"Guldfoliepr\u00e6gning og debossing som underleverand\u00f8rarbejde - Leatai \u2013 Producent af tilpassede notesb\u00f8ger\",\"isPartOf\":{\"@id\":\"https:\/\/leatai.com\/da\/#website\"},\"primaryImageOfPage\":{\"@id\":\"https:\/\/leatai.com\/da\/product\/anden-produktion\/guldfoliepraegning-og-debossing-som-underleverandoerarbejde\/#primaryimage\"},\"image\":{\"@id\":\"https:\/\/leatai.com\/da\/product\/anden-produktion\/guldfoliepraegning-og-debossing-som-underleverandoerarbejde\/#primaryimage\"},\"thumbnailUrl\":\"https:\/\/leatai.com\/wp-content\/uploads\/2016_01_20_1505510.jpg\",\"datePublished\":\"2021-06-24T05:22:22+00:00\",\"dateModified\":\"2025-01-21T07:42:58+00:00\",\"description\":\"Underleverand\u00f8rprojekt: Guldfoliepr\u00e6gning og debossing Beskrivelse: Ved hj\u00e6lp af zinkplader udf\u00f8res guldfoliepr\u00e6gning og debossing ved opvarmning og tryk p\u00e5 l\u00e6der eller papir. Valget af guldfolie afh\u00e6nger af materialet, da forskellige materialer kr\u00e6ver forskellige typer folie. Debossing anvender samme princip, men uden brug af folie. For l\u00e6dermaterialer er det ikke altid n\u00f8dvendigt, at farven \u00e6ndrer sig under processen.\",\"breadcrumb\":{\"@id\":\"https:\/\/leatai.com\/da\/product\/anden-produktion\/guldfoliepraegning-og-debossing-som-underleverandoerarbejde\/#breadcrumb\"},\"inLanguage\":\"da-DK\",\"potentialAction\":[{\"@type\":\"ReadAction\",\"target\":[\"https:\/\/leatai.com\/da\/product\/anden-produktion\/guldfoliepraegning-og-debossing-som-underleverandoerarbejde\/\"]}]},{\"@type\":\"ImageObject\",\"inLanguage\":\"da-DK\",\"@id\":\"https:\/\/leatai.com\/da\/product\/anden-produktion\/guldfoliepraegning-og-debossing-som-underleverandoerarbejde\/#primaryimage\",\"url\":\"https:\/\/leatai.com\/wp-content\/uploads\/2016_01_20_1505510.jpg\",\"contentUrl\":\"https:\/\/leatai.com\/wp-content\/uploads\/2016_01_20_1505510.jpg\",\"width\":1000,\"height\":750,\"caption\":\"Guldfoliepr\u00e6gning og debossing som underleverand\u00f8rarbejde\"},{\"@type\":\"BreadcrumbList\",\"@id\":\"https:\/\/leatai.com\/da\/product\/anden-produktion\/guldfoliepraegning-og-debossing-som-underleverandoerarbejde\/#breadcrumb\",\"itemListElement\":[{\"@type\":\"ListItem\",\"position\":1,\"name\":\"Home\",\"item\":\"https:\/\/leatai.com\/da\/\"},{\"@type\":\"ListItem\",\"position\":2,\"name\":\"Produktintroduktion\",\"item\":\"https:\/\/leatai.com\/products\/\"},{\"@type\":\"ListItem\",\"position\":3,\"name\":\"Anden produktion\",\"item\":\"https:\/\/leatai.com\/da\/vare-kategori\/anden-produktion\/\"},{\"@type\":\"ListItem\",\"position\":4,\"name\":\"Guldfoliepr\u00e6gning og debossing som underleverand\u00f8rarbejde\"}]},{\"@type\":\"WebSite\",\"@id\":\"https:\/\/leatai.com\/da\/#website\",\"url\":\"https:\/\/leatai.com\/da\/\",\"name\":\"Leatai \u2013 Producent af tilpassede notesb\u00f8ger\",\"description\":\"Leatai tilbyder tilpassede notesb\u00f8ger og planl\u00e6ggere til globale brands og distribut\u00f8rer.\",\"publisher\":{\"@id\":\"https:\/\/leatai.com\/da\/#organization\"},\"potentialAction\":[{\"@type\":\"SearchAction\",\"target\":{\"@type\":\"EntryPoint\",\"urlTemplate\":\"https:\/\/leatai.com\/da\/?s={search_term_string}\"},\"query-input\":{\"@type\":\"PropertyValueSpecification\",\"valueRequired\":true,\"valueName\":\"search_term_string\"}}],\"inLanguage\":\"da-DK\"},{\"@type\":\"Organization\",\"@id\":\"https:\/\/leatai.com\/da\/#organization\",\"name\":\"Leatai Diary, customized journal and business organizer\",\"url\":\"https:\/\/leatai.com\/da\/\",\"logo\":{\"@type\":\"ImageObject\",\"inLanguage\":\"da-DK\",\"@id\":\"https:\/\/leatai.com\/da\/#\/schema\/logo\/image\/\",\"url\":\"https:\/\/leatai.com\/wp-content\/uploads\/logo-blue.png\",\"contentUrl\":\"https:\/\/leatai.com\/wp-content\/uploads\/logo-blue.png\",\"width\":230,\"height\":60,\"caption\":\"Leatai Diary, customized journal and business organizer\"},\"image\":{\"@id\":\"https:\/\/leatai.com\/da\/#\/schema\/logo\/image\/\"}}]}<\/script>\n<!-- \/ Yoast SEO plugin. -->","yoast_head_json":{"title":"Guldfoliepr\u00e6gning og debossing som underleverand\u00f8rarbejde - Leatai \u2013 Producent af tilpassede notesb\u00f8ger","description":"Underleverand\u00f8rprojekt: Guldfoliepr\u00e6gning og debossing Beskrivelse: Ved hj\u00e6lp af zinkplader udf\u00f8res guldfoliepr\u00e6gning og debossing ved opvarmning og tryk p\u00e5 l\u00e6der eller papir. Valget af guldfolie afh\u00e6nger af materialet, da forskellige materialer kr\u00e6ver forskellige typer folie. Debossing anvender samme princip, men uden brug af folie. For l\u00e6dermaterialer er det ikke altid n\u00f8dvendigt, at farven \u00e6ndrer sig under processen.","robots":{"index":"index","follow":"follow","max-snippet":"max-snippet:-1","max-image-preview":"max-image-preview:large","max-video-preview":"max-video-preview:-1"},"canonical":"https:\/\/leatai.com\/da\/product\/anden-produktion\/guldfoliepraegning-og-debossing-som-underleverandoerarbejde\/","og_locale":"da_DK","og_type":"article","og_title":"Guldfoliepr\u00e6gning og debossing som underleverand\u00f8rarbejde - Leatai \u2013 Producent af tilpassede notesb\u00f8ger","og_description":"Underleverand\u00f8rprojekt: Guldfoliepr\u00e6gning og debossing Beskrivelse: Ved hj\u00e6lp af zinkplader udf\u00f8res guldfoliepr\u00e6gning og debossing ved opvarmning og tryk p\u00e5 l\u00e6der eller papir. Valget af guldfolie afh\u00e6nger af materialet, da forskellige materialer kr\u00e6ver forskellige typer folie. Debossing anvender samme princip, men uden brug af folie. For l\u00e6dermaterialer er det ikke altid n\u00f8dvendigt, at farven \u00e6ndrer sig under processen.","og_url":"https:\/\/leatai.com\/da\/product\/anden-produktion\/guldfoliepraegning-og-debossing-som-underleverandoerarbejde\/","og_site_name":"Leatai \u2013 Producent af tilpassede notesb\u00f8ger","article_modified_time":"2025-01-21T07:42:58+00:00","og_image":[{"width":1000,"height":750,"url":"https:\/\/leatai.com\/wp-content\/uploads\/2016_01_20_1505510.jpg","type":"image\/jpeg"}],"twitter_card":"summary_large_image","twitter_misc":{"Estimeret l\u00e6setid":"1 minut"},"schema":{"@context":"https:\/\/schema.org","@graph":[{"@type":"WebPage","@id":"https:\/\/leatai.com\/da\/product\/anden-produktion\/guldfoliepraegning-og-debossing-som-underleverandoerarbejde\/","url":"https:\/\/leatai.com\/da\/product\/anden-produktion\/guldfoliepraegning-og-debossing-som-underleverandoerarbejde\/","name":"Guldfoliepr\u00e6gning og debossing som underleverand\u00f8rarbejde - Leatai \u2013 Producent af tilpassede notesb\u00f8ger","isPartOf":{"@id":"https:\/\/leatai.com\/da\/#website"},"primaryImageOfPage":{"@id":"https:\/\/leatai.com\/da\/product\/anden-produktion\/guldfoliepraegning-og-debossing-som-underleverandoerarbejde\/#primaryimage"},"image":{"@id":"https:\/\/leatai.com\/da\/product\/anden-produktion\/guldfoliepraegning-og-debossing-som-underleverandoerarbejde\/#primaryimage"},"thumbnailUrl":"https:\/\/leatai.com\/wp-content\/uploads\/2016_01_20_1505510.jpg","datePublished":"2021-06-24T05:22:22+00:00","dateModified":"2025-01-21T07:42:58+00:00","description":"Underleverand\u00f8rprojekt: Guldfoliepr\u00e6gning og debossing Beskrivelse: Ved hj\u00e6lp af zinkplader udf\u00f8res guldfoliepr\u00e6gning og debossing ved opvarmning og tryk p\u00e5 l\u00e6der eller papir. Valget af guldfolie afh\u00e6nger af materialet, da forskellige materialer kr\u00e6ver forskellige typer folie. Debossing anvender samme princip, men uden brug af folie. For l\u00e6dermaterialer er det ikke altid n\u00f8dvendigt, at farven \u00e6ndrer sig under processen.","breadcrumb":{"@id":"https:\/\/leatai.com\/da\/product\/anden-produktion\/guldfoliepraegning-og-debossing-som-underleverandoerarbejde\/#breadcrumb"},"inLanguage":"da-DK","potentialAction":[{"@type":"ReadAction","target":["https:\/\/leatai.com\/da\/product\/anden-produktion\/guldfoliepraegning-og-debossing-som-underleverandoerarbejde\/"]}]},{"@type":"ImageObject","inLanguage":"da-DK","@id":"https:\/\/leatai.com\/da\/product\/anden-produktion\/guldfoliepraegning-og-debossing-som-underleverandoerarbejde\/#primaryimage","url":"https:\/\/leatai.com\/wp-content\/uploads\/2016_01_20_1505510.jpg","contentUrl":"https:\/\/leatai.com\/wp-content\/uploads\/2016_01_20_1505510.jpg","width":1000,"height":750,"caption":"Guldfoliepr\u00e6gning og debossing som underleverand\u00f8rarbejde"},{"@type":"BreadcrumbList","@id":"https:\/\/leatai.com\/da\/product\/anden-produktion\/guldfoliepraegning-og-debossing-som-underleverandoerarbejde\/#breadcrumb","itemListElement":[{"@type":"ListItem","position":1,"name":"Home","item":"https:\/\/leatai.com\/da\/"},{"@type":"ListItem","position":2,"name":"Produktintroduktion","item":"https:\/\/leatai.com\/products\/"},{"@type":"ListItem","position":3,"name":"Anden produktion","item":"https:\/\/leatai.com\/da\/vare-kategori\/anden-produktion\/"},{"@type":"ListItem","position":4,"name":"Guldfoliepr\u00e6gning og debossing som underleverand\u00f8rarbejde"}]},{"@type":"WebSite","@id":"https:\/\/leatai.com\/da\/#website","url":"https:\/\/leatai.com\/da\/","name":"Leatai \u2013 Producent af tilpassede notesb\u00f8ger","description":"Leatai tilbyder tilpassede notesb\u00f8ger og planl\u00e6ggere til globale brands og distribut\u00f8rer.","publisher":{"@id":"https:\/\/leatai.com\/da\/#organization"},"potentialAction":[{"@type":"SearchAction","target":{"@type":"EntryPoint","urlTemplate":"https:\/\/leatai.com\/da\/?s={search_term_string}"},"query-input":{"@type":"PropertyValueSpecification","valueRequired":true,"valueName":"search_term_string"}}],"inLanguage":"da-DK"},{"@type":"Organization","@id":"https:\/\/leatai.com\/da\/#organization","name":"Leatai Diary, customized journal and business organizer","url":"https:\/\/leatai.com\/da\/","logo":{"@type":"ImageObject","inLanguage":"da-DK","@id":"https:\/\/leatai.com\/da\/#\/schema\/logo\/image\/","url":"https:\/\/leatai.com\/wp-content\/uploads\/logo-blue.png","contentUrl":"https:\/\/leatai.com\/wp-content\/uploads\/logo-blue.png","width":230,"height":60,"caption":"Leatai Diary, customized journal and business organizer"},"image":{"@id":"https:\/\/leatai.com\/da\/#\/schema\/logo\/image\/"}}]}},"_links":{"self":[{"href":"https:\/\/leatai.com\/da\/wp-json\/wp\/v2\/product\/100533","targetHints":{"allow":["GET"]}}],"collection":[{"href":"https:\/\/leatai.com\/da\/wp-json\/wp\/v2\/product"}],"about":[{"href":"https:\/\/leatai.com\/da\/wp-json\/wp\/v2\/types\/product"}],"wp:featuredmedia":[{"embeddable":true,"href":"https:\/\/leatai.com\/da\/wp-json\/wp\/v2\/media\/100534"}],"wp:attachment":[{"href":"https:\/\/leatai.com\/da\/wp-json\/wp\/v2\/media?parent=100533"}],"wp:term":[{"taxonomy":"product_brand","embeddable":true,"href":"https:\/\/leatai.com\/da\/wp-json\/wp\/v2\/product_brand?post=100533"},{"taxonomy":"product_cat","embeddable":true,"href":"https:\/\/leatai.com\/da\/wp-json\/wp\/v2\/product_cat?post=100533"},{"taxonomy":"product_tag","embeddable":true,"href":"https:\/\/leatai.com\/da\/wp-json\/wp\/v2\/product_tag?post=100533"},{"taxonomy":"home_works","embeddable":true,"href":"https:\/\/leatai.com\/da\/wp-json\/wp\/v2\/home_works?post=100533"}],"curies":[{"name":"wp","href":"https:\/\/api.w.org\/{rel}","templated":true}]}}