{"id":100524,"date":"2021-06-24T13:22:00","date_gmt":"2021-06-24T05:22:00","guid":{"rendered":"https:\/\/leatai.com\/product\/Ikke%20kategoriseret\/laederlaminering-som-underleverandoerarbejde\/"},"modified":"2025-01-21T15:42:13","modified_gmt":"2025-01-21T07:42:13","slug":"laederlaminering-som-underleverandoerarbejde","status":"publish","type":"product","link":"https:\/\/leatai.com\/da\/product\/anden-produktion\/laederlaminering-som-underleverandoerarbejde\/","title":{"rendered":"L\u00e6derlaminering som underleverand\u00f8rarbejde"},"content":{"rendered":"<p><strong>Underleverand\u00f8rprojekt:<\/strong> L\u00e6derlaminering<\/p>\n<p><strong>Beskrivelse:<\/strong><br \/>\nEfter at l\u00e6deret er sk\u00e5ret til den rette st\u00f8rrelse, skal det limes og lamineres med andre materialer, f\u00f8r det kan g\u00e5 videre til n\u00e6ste produktionsfase. Forskellige materialer kr\u00e6ver brug af specifikke typer lim, hvilket g\u00f8r processen tilsyneladende enkel, men i praksis meget detaljeret og kr\u00e6vende.<\/p>\n<p><iframe title=\"Leather Gluing and Bonding\" width=\"800\" height=\"450\" src=\"https:\/\/www.youtube.com\/embed\/g-Tz9qr5Liw?feature=oembed&#038;enablejsapi=1&#038;origin=https:\/\/leatai.com\" frameborder=\"0\" allow=\"accelerometer; autoplay; clipboard-write; encrypted-media; gyroscope; picture-in-picture; web-share\" referrerpolicy=\"strict-origin-when-cross-origin\" allowfullscreen><\/iframe><\/p>\n","protected":false},"excerpt":{"rendered":"<p>Underleverand\u00f8rprojekt: L\u00e6derlaminering Beskrivelse: Efter at l\u00e6deret er sk\u00e5ret til den rette st\u00f8rrelse, skal det limes og lamineres med andre materialer, f\u00f8r det kan g\u00e5 videre til n\u00e6ste produktionsfase. Forskellige materialer kr\u00e6ver brug af specifikke typer lim, hvilket g\u00f8r processen tilsyneladende enkel, men i praksis meget detaljeret og kr\u00e6vende.<\/p>\n","protected":false},"featured_media":100525,"template":"","meta":{"_acf_changed":false},"product_brand":[],"product_cat":[1150],"product_tag":[],"home_works":[],"class_list":{"0":"post-100524","1":"product","2":"type-product","3":"status-publish","4":"has-post-thumbnail","6":"product_cat-anden-produktion","8":"first","9":"outofstock","10":"sold-individually","11":"shipping-taxable","12":"purchasable","13":"product-type-variable","14":"has-default-attributes"},"acf":[],"yoast_head":"<!-- This site is optimized with the Yoast SEO plugin v27.2 - https:\/\/yoast.com\/product\/yoast-seo-wordpress\/ -->\n<title>L\u00e6derlaminering som underleverand\u00f8rarbejde - Leatai \u2013 Producent af tilpassede notesb\u00f8ger<\/title>\n<meta name=\"description\" content=\"Underleverand\u00f8rprojekt: L\u00e6derlaminering Beskrivelse: Efter at l\u00e6deret er sk\u00e5ret til passende st\u00f8rrelse, p\u00e5f\u00f8res lim for at laminere det med andre materialer, hvilket er n\u00f8dvendigt for den videre forarbejdning. Forskellige materialer kr\u00e6ver specifikke typer lim, hvilket g\u00f8r denne proces tilsyneladende enkel, men faktisk en kompleks og omhyggelig opgave.\" \/>\n<meta name=\"robots\" content=\"index, follow, max-snippet:-1, max-image-preview:large, max-video-preview:-1\" \/>\n<link rel=\"canonical\" href=\"https:\/\/leatai.com\/da\/product\/anden-produktion\/laederlaminering-som-underleverandoerarbejde\/\" \/>\n<meta property=\"og:locale\" content=\"da_DK\" \/>\n<meta property=\"og:type\" content=\"article\" \/>\n<meta property=\"og:title\" content=\"L\u00e6derlaminering som underleverand\u00f8rarbejde - Leatai \u2013 Producent af tilpassede notesb\u00f8ger\" \/>\n<meta property=\"og:description\" content=\"Underleverand\u00f8rprojekt: L\u00e6derlaminering Beskrivelse: Efter at l\u00e6deret er sk\u00e5ret til passende st\u00f8rrelse, p\u00e5f\u00f8res lim for at laminere det med andre materialer, hvilket er n\u00f8dvendigt for den videre forarbejdning. Forskellige materialer kr\u00e6ver specifikke typer lim, hvilket g\u00f8r denne proces tilsyneladende enkel, men faktisk en kompleks og omhyggelig opgave.\" \/>\n<meta property=\"og:url\" content=\"https:\/\/leatai.com\/da\/product\/anden-produktion\/laederlaminering-som-underleverandoerarbejde\/\" \/>\n<meta property=\"og:site_name\" content=\"Leatai \u2013 Producent af tilpassede notesb\u00f8ger\" \/>\n<meta property=\"article:modified_time\" content=\"2025-01-21T07:42:13+00:00\" \/>\n<meta property=\"og:image\" content=\"https:\/\/leatai.com\/wp-content\/uploads\/2016_01_20_1509170.jpg\" \/>\n\t<meta property=\"og:image:width\" content=\"1000\" \/>\n\t<meta property=\"og:image:height\" content=\"750\" \/>\n\t<meta property=\"og:image:type\" content=\"image\/jpeg\" \/>\n<meta name=\"twitter:card\" content=\"summary_large_image\" \/>\n<meta name=\"twitter:label1\" content=\"Estimeret l\u00e6setid\" \/>\n\t<meta name=\"twitter:data1\" content=\"1 minut\" \/>\n<script type=\"application\/ld+json\" class=\"yoast-schema-graph\">{\"@context\":\"https:\/\/schema.org\",\"@graph\":[{\"@type\":\"WebPage\",\"@id\":\"https:\/\/leatai.com\/da\/product\/anden-produktion\/laederlaminering-som-underleverandoerarbejde\/\",\"url\":\"https:\/\/leatai.com\/da\/product\/anden-produktion\/laederlaminering-som-underleverandoerarbejde\/\",\"name\":\"L\u00e6derlaminering som underleverand\u00f8rarbejde - Leatai \u2013 Producent af tilpassede notesb\u00f8ger\",\"isPartOf\":{\"@id\":\"https:\/\/leatai.com\/da\/#website\"},\"primaryImageOfPage\":{\"@id\":\"https:\/\/leatai.com\/da\/product\/anden-produktion\/laederlaminering-som-underleverandoerarbejde\/#primaryimage\"},\"image\":{\"@id\":\"https:\/\/leatai.com\/da\/product\/anden-produktion\/laederlaminering-som-underleverandoerarbejde\/#primaryimage\"},\"thumbnailUrl\":\"https:\/\/leatai.com\/wp-content\/uploads\/2016_01_20_1509170.jpg\",\"datePublished\":\"2021-06-24T05:22:00+00:00\",\"dateModified\":\"2025-01-21T07:42:13+00:00\",\"description\":\"Underleverand\u00f8rprojekt: L\u00e6derlaminering Beskrivelse: Efter at l\u00e6deret er sk\u00e5ret til passende st\u00f8rrelse, p\u00e5f\u00f8res lim for at laminere det med andre materialer, hvilket er n\u00f8dvendigt for den videre forarbejdning. Forskellige materialer kr\u00e6ver specifikke typer lim, hvilket g\u00f8r denne proces tilsyneladende enkel, men faktisk en kompleks og omhyggelig opgave.\",\"breadcrumb\":{\"@id\":\"https:\/\/leatai.com\/da\/product\/anden-produktion\/laederlaminering-som-underleverandoerarbejde\/#breadcrumb\"},\"inLanguage\":\"da-DK\",\"potentialAction\":[{\"@type\":\"ReadAction\",\"target\":[\"https:\/\/leatai.com\/da\/product\/anden-produktion\/laederlaminering-som-underleverandoerarbejde\/\"]}]},{\"@type\":\"ImageObject\",\"inLanguage\":\"da-DK\",\"@id\":\"https:\/\/leatai.com\/da\/product\/anden-produktion\/laederlaminering-som-underleverandoerarbejde\/#primaryimage\",\"url\":\"https:\/\/leatai.com\/wp-content\/uploads\/2016_01_20_1509170.jpg\",\"contentUrl\":\"https:\/\/leatai.com\/wp-content\/uploads\/2016_01_20_1509170.jpg\",\"width\":1000,\"height\":750,\"caption\":\"L\u00e6derlaminering som underleverand\u00f8rarbejde\"},{\"@type\":\"BreadcrumbList\",\"@id\":\"https:\/\/leatai.com\/da\/product\/anden-produktion\/laederlaminering-som-underleverandoerarbejde\/#breadcrumb\",\"itemListElement\":[{\"@type\":\"ListItem\",\"position\":1,\"name\":\"Home\",\"item\":\"https:\/\/leatai.com\/da\/\"},{\"@type\":\"ListItem\",\"position\":2,\"name\":\"Produktintroduktion\",\"item\":\"https:\/\/leatai.com\/products\/\"},{\"@type\":\"ListItem\",\"position\":3,\"name\":\"Anden produktion\",\"item\":\"https:\/\/leatai.com\/da\/vare-kategori\/anden-produktion\/\"},{\"@type\":\"ListItem\",\"position\":4,\"name\":\"L\u00e6derlaminering som underleverand\u00f8rarbejde\"}]},{\"@type\":\"WebSite\",\"@id\":\"https:\/\/leatai.com\/da\/#website\",\"url\":\"https:\/\/leatai.com\/da\/\",\"name\":\"Leatai \u2013 Producent af tilpassede notesb\u00f8ger\",\"description\":\"Leatai tilbyder tilpassede notesb\u00f8ger og planl\u00e6ggere til globale brands og distribut\u00f8rer.\",\"publisher\":{\"@id\":\"https:\/\/leatai.com\/da\/#organization\"},\"potentialAction\":[{\"@type\":\"SearchAction\",\"target\":{\"@type\":\"EntryPoint\",\"urlTemplate\":\"https:\/\/leatai.com\/da\/?s={search_term_string}\"},\"query-input\":{\"@type\":\"PropertyValueSpecification\",\"valueRequired\":true,\"valueName\":\"search_term_string\"}}],\"inLanguage\":\"da-DK\"},{\"@type\":\"Organization\",\"@id\":\"https:\/\/leatai.com\/da\/#organization\",\"name\":\"Leatai Diary, customized journal and business organizer\",\"url\":\"https:\/\/leatai.com\/da\/\",\"logo\":{\"@type\":\"ImageObject\",\"inLanguage\":\"da-DK\",\"@id\":\"https:\/\/leatai.com\/da\/#\/schema\/logo\/image\/\",\"url\":\"https:\/\/leatai.com\/wp-content\/uploads\/logo-blue.png\",\"contentUrl\":\"https:\/\/leatai.com\/wp-content\/uploads\/logo-blue.png\",\"width\":230,\"height\":60,\"caption\":\"Leatai Diary, customized journal and business organizer\"},\"image\":{\"@id\":\"https:\/\/leatai.com\/da\/#\/schema\/logo\/image\/\"}}]}<\/script>\n<!-- \/ Yoast SEO plugin. -->","yoast_head_json":{"title":"L\u00e6derlaminering som underleverand\u00f8rarbejde - Leatai \u2013 Producent af tilpassede notesb\u00f8ger","description":"Underleverand\u00f8rprojekt: L\u00e6derlaminering Beskrivelse: Efter at l\u00e6deret er sk\u00e5ret til passende st\u00f8rrelse, p\u00e5f\u00f8res lim for at laminere det med andre materialer, hvilket er n\u00f8dvendigt for den videre forarbejdning. Forskellige materialer kr\u00e6ver specifikke typer lim, hvilket g\u00f8r denne proces tilsyneladende enkel, men faktisk en kompleks og omhyggelig opgave.","robots":{"index":"index","follow":"follow","max-snippet":"max-snippet:-1","max-image-preview":"max-image-preview:large","max-video-preview":"max-video-preview:-1"},"canonical":"https:\/\/leatai.com\/da\/product\/anden-produktion\/laederlaminering-som-underleverandoerarbejde\/","og_locale":"da_DK","og_type":"article","og_title":"L\u00e6derlaminering som underleverand\u00f8rarbejde - Leatai \u2013 Producent af tilpassede notesb\u00f8ger","og_description":"Underleverand\u00f8rprojekt: L\u00e6derlaminering Beskrivelse: Efter at l\u00e6deret er sk\u00e5ret til passende st\u00f8rrelse, p\u00e5f\u00f8res lim for at laminere det med andre materialer, hvilket er n\u00f8dvendigt for den videre forarbejdning. Forskellige materialer kr\u00e6ver specifikke typer lim, hvilket g\u00f8r denne proces tilsyneladende enkel, men faktisk en kompleks og omhyggelig opgave.","og_url":"https:\/\/leatai.com\/da\/product\/anden-produktion\/laederlaminering-som-underleverandoerarbejde\/","og_site_name":"Leatai \u2013 Producent af tilpassede notesb\u00f8ger","article_modified_time":"2025-01-21T07:42:13+00:00","og_image":[{"width":1000,"height":750,"url":"https:\/\/leatai.com\/wp-content\/uploads\/2016_01_20_1509170.jpg","type":"image\/jpeg"}],"twitter_card":"summary_large_image","twitter_misc":{"Estimeret l\u00e6setid":"1 minut"},"schema":{"@context":"https:\/\/schema.org","@graph":[{"@type":"WebPage","@id":"https:\/\/leatai.com\/da\/product\/anden-produktion\/laederlaminering-som-underleverandoerarbejde\/","url":"https:\/\/leatai.com\/da\/product\/anden-produktion\/laederlaminering-som-underleverandoerarbejde\/","name":"L\u00e6derlaminering som underleverand\u00f8rarbejde - Leatai \u2013 Producent af tilpassede notesb\u00f8ger","isPartOf":{"@id":"https:\/\/leatai.com\/da\/#website"},"primaryImageOfPage":{"@id":"https:\/\/leatai.com\/da\/product\/anden-produktion\/laederlaminering-som-underleverandoerarbejde\/#primaryimage"},"image":{"@id":"https:\/\/leatai.com\/da\/product\/anden-produktion\/laederlaminering-som-underleverandoerarbejde\/#primaryimage"},"thumbnailUrl":"https:\/\/leatai.com\/wp-content\/uploads\/2016_01_20_1509170.jpg","datePublished":"2021-06-24T05:22:00+00:00","dateModified":"2025-01-21T07:42:13+00:00","description":"Underleverand\u00f8rprojekt: L\u00e6derlaminering Beskrivelse: Efter at l\u00e6deret er sk\u00e5ret til passende st\u00f8rrelse, p\u00e5f\u00f8res lim for at laminere det med andre materialer, hvilket er n\u00f8dvendigt for den videre forarbejdning. Forskellige materialer kr\u00e6ver specifikke typer lim, hvilket g\u00f8r denne proces tilsyneladende enkel, men faktisk en kompleks og omhyggelig opgave.","breadcrumb":{"@id":"https:\/\/leatai.com\/da\/product\/anden-produktion\/laederlaminering-som-underleverandoerarbejde\/#breadcrumb"},"inLanguage":"da-DK","potentialAction":[{"@type":"ReadAction","target":["https:\/\/leatai.com\/da\/product\/anden-produktion\/laederlaminering-som-underleverandoerarbejde\/"]}]},{"@type":"ImageObject","inLanguage":"da-DK","@id":"https:\/\/leatai.com\/da\/product\/anden-produktion\/laederlaminering-som-underleverandoerarbejde\/#primaryimage","url":"https:\/\/leatai.com\/wp-content\/uploads\/2016_01_20_1509170.jpg","contentUrl":"https:\/\/leatai.com\/wp-content\/uploads\/2016_01_20_1509170.jpg","width":1000,"height":750,"caption":"L\u00e6derlaminering som underleverand\u00f8rarbejde"},{"@type":"BreadcrumbList","@id":"https:\/\/leatai.com\/da\/product\/anden-produktion\/laederlaminering-som-underleverandoerarbejde\/#breadcrumb","itemListElement":[{"@type":"ListItem","position":1,"name":"Home","item":"https:\/\/leatai.com\/da\/"},{"@type":"ListItem","position":2,"name":"Produktintroduktion","item":"https:\/\/leatai.com\/products\/"},{"@type":"ListItem","position":3,"name":"Anden produktion","item":"https:\/\/leatai.com\/da\/vare-kategori\/anden-produktion\/"},{"@type":"ListItem","position":4,"name":"L\u00e6derlaminering som underleverand\u00f8rarbejde"}]},{"@type":"WebSite","@id":"https:\/\/leatai.com\/da\/#website","url":"https:\/\/leatai.com\/da\/","name":"Leatai \u2013 Producent af tilpassede notesb\u00f8ger","description":"Leatai tilbyder tilpassede notesb\u00f8ger og planl\u00e6ggere til globale brands og distribut\u00f8rer.","publisher":{"@id":"https:\/\/leatai.com\/da\/#organization"},"potentialAction":[{"@type":"SearchAction","target":{"@type":"EntryPoint","urlTemplate":"https:\/\/leatai.com\/da\/?s={search_term_string}"},"query-input":{"@type":"PropertyValueSpecification","valueRequired":true,"valueName":"search_term_string"}}],"inLanguage":"da-DK"},{"@type":"Organization","@id":"https:\/\/leatai.com\/da\/#organization","name":"Leatai Diary, customized journal and business organizer","url":"https:\/\/leatai.com\/da\/","logo":{"@type":"ImageObject","inLanguage":"da-DK","@id":"https:\/\/leatai.com\/da\/#\/schema\/logo\/image\/","url":"https:\/\/leatai.com\/wp-content\/uploads\/logo-blue.png","contentUrl":"https:\/\/leatai.com\/wp-content\/uploads\/logo-blue.png","width":230,"height":60,"caption":"Leatai Diary, customized journal and business organizer"},"image":{"@id":"https:\/\/leatai.com\/da\/#\/schema\/logo\/image\/"}}]}},"_links":{"self":[{"href":"https:\/\/leatai.com\/da\/wp-json\/wp\/v2\/product\/100524","targetHints":{"allow":["GET"]}}],"collection":[{"href":"https:\/\/leatai.com\/da\/wp-json\/wp\/v2\/product"}],"about":[{"href":"https:\/\/leatai.com\/da\/wp-json\/wp\/v2\/types\/product"}],"wp:featuredmedia":[{"embeddable":true,"href":"https:\/\/leatai.com\/da\/wp-json\/wp\/v2\/media\/100525"}],"wp:attachment":[{"href":"https:\/\/leatai.com\/da\/wp-json\/wp\/v2\/media?parent=100524"}],"wp:term":[{"taxonomy":"product_brand","embeddable":true,"href":"https:\/\/leatai.com\/da\/wp-json\/wp\/v2\/product_brand?post=100524"},{"taxonomy":"product_cat","embeddable":true,"href":"https:\/\/leatai.com\/da\/wp-json\/wp\/v2\/product_cat?post=100524"},{"taxonomy":"product_tag","embeddable":true,"href":"https:\/\/leatai.com\/da\/wp-json\/wp\/v2\/product_tag?post=100524"},{"taxonomy":"home_works","embeddable":true,"href":"https:\/\/leatai.com\/da\/wp-json\/wp\/v2\/home_works?post=100524"}],"curies":[{"name":"wp","href":"https:\/\/api.w.org\/{rel}","templated":true}]}}