{"id":100502,"date":"2021-06-24T13:21:40","date_gmt":"2021-06-24T05:21:40","guid":{"rendered":"https:\/\/leatai.com\/product\/Ikke%20kategoriseret\/trykkeriunderleverandoerarbejde\/"},"modified":"2025-01-21T15:37:42","modified_gmt":"2025-01-21T07:37:42","slug":"trykkeriunderleverandoerarbejde","status":"publish","type":"product","link":"https:\/\/leatai.com\/da\/product\/anden-produktion\/trykkeriunderleverandoerarbejde\/","title":{"rendered":"Trykkeriunderleverand\u00f8rarbejde"},"content":{"rendered":"<div class=\"flex max-w-full flex-col flex-grow\">\n<div class=\"min-h-8 text-message flex w-full flex-col items-end gap-2 whitespace-normal break-words text-start [.text-message+&amp;]:mt-5\" dir=\"auto\" data-message-author-role=\"assistant\" data-message-id=\"51b4f969-d1d6-48de-bd1d-d8339d1a5116\" data-message-model-slug=\"gpt-4o\">\n<div class=\"flex w-full flex-col gap-1 empty:hidden first:pt-[3px]\">\n<div class=\"markdown prose w-full break-words dark:prose-invert dark\">\n<p><strong>Underleverand\u00f8rprojekt:<\/strong> Trykning<\/p>\n<p><strong>Beskrivelse:<\/strong><br \/>\nTrykning er en proces, hvor bl\u00e6k overf\u00f8res til store ark papir ved hj\u00e6lp af avancerede trykmaskiner. Efter trykning bliver de store ark sendt videre til indbindingsfasen. Trykning kr\u00e6ver stor opm\u00e6rksomhed p\u00e5 detaljer for at sikre, at farver, justering og kvalitet opfylder de \u00f8nskede standarder.<\/p>\n<\/div>\n<\/div>\n<\/div>\n<\/div>\n","protected":false},"excerpt":{"rendered":"<p>Trykning og bogindbinding<\/p>\n","protected":false},"featured_media":100503,"template":"","meta":{"_acf_changed":false},"product_brand":[],"product_cat":[1150],"product_tag":[],"home_works":[],"class_list":{"0":"post-100502","1":"product","2":"type-product","3":"status-publish","4":"has-post-thumbnail","6":"product_cat-anden-produktion","8":"first","9":"outofstock","10":"sold-individually","11":"shipping-taxable","12":"purchasable","13":"product-type-variable","14":"has-default-attributes"},"acf":[],"yoast_head":"<!-- This site is optimized with the Yoast SEO plugin v27.2 - https:\/\/yoast.com\/product\/yoast-seo-wordpress\/ -->\n<title>Trykkeriunderleverand\u00f8rarbejde - Fuldformat, Kikuban og Kikuban Doubleside kan alle trykkes - Leatai \u2013 Producent af tilpassede notesb\u00f8ger<\/title>\n<meta name=\"description\" content=\"Underleverand\u00f8rprojekt: Trykning Beskrivelse: Trykning er en proces, hvor bl\u00e6k p\u00e5f\u00f8res store ark papir ved hj\u00e6lp af avancerede trykmaskiner i forskellige st\u00f8rrelser. Efter trykningen bliver de store ark videref\u00f8rt til indbindingsfasen. Trykprocessen kr\u00e6ver opm\u00e6rksomhed p\u00e5 mange sm\u00e5 detaljer for at sikre, at kvaliteten og pr\u00e6cisionen lever op til forventningerne.\" \/>\n<meta name=\"robots\" content=\"index, follow, max-snippet:-1, max-image-preview:large, max-video-preview:-1\" \/>\n<link rel=\"canonical\" href=\"https:\/\/leatai.com\/da\/product\/anden-produktion\/trykkeriunderleverandoerarbejde\/\" \/>\n<meta property=\"og:locale\" content=\"da_DK\" \/>\n<meta property=\"og:type\" content=\"article\" \/>\n<meta property=\"og:title\" content=\"Trykkeriunderleverand\u00f8rarbejde - Fuldformat, Kikuban og Kikuban Doubleside kan alle trykkes - Leatai \u2013 Producent af tilpassede notesb\u00f8ger\" \/>\n<meta property=\"og:description\" content=\"Underleverand\u00f8rprojekt: Trykning Beskrivelse: Trykning er en proces, hvor bl\u00e6k p\u00e5f\u00f8res store ark papir ved hj\u00e6lp af avancerede trykmaskiner i forskellige st\u00f8rrelser. Efter trykningen bliver de store ark videref\u00f8rt til indbindingsfasen. Trykprocessen kr\u00e6ver opm\u00e6rksomhed p\u00e5 mange sm\u00e5 detaljer for at sikre, at kvaliteten og pr\u00e6cisionen lever op til forventningerne.\" \/>\n<meta property=\"og:url\" content=\"https:\/\/leatai.com\/da\/product\/anden-produktion\/trykkeriunderleverandoerarbejde\/\" \/>\n<meta property=\"og:site_name\" content=\"Leatai \u2013 Producent af tilpassede notesb\u00f8ger\" \/>\n<meta property=\"article:modified_time\" content=\"2025-01-21T07:37:42+00:00\" \/>\n<meta property=\"og:image\" content=\"https:\/\/leatai.com\/wp-content\/uploads\/2016_01_20_1512120.jpg\" \/>\n\t<meta property=\"og:image:width\" content=\"1000\" \/>\n\t<meta property=\"og:image:height\" content=\"668\" \/>\n\t<meta property=\"og:image:type\" content=\"image\/jpeg\" \/>\n<meta name=\"twitter:card\" content=\"summary_large_image\" \/>\n<meta name=\"twitter:label1\" content=\"Estimeret l\u00e6setid\" \/>\n\t<meta name=\"twitter:data1\" content=\"1 minut\" \/>\n<script type=\"application\/ld+json\" class=\"yoast-schema-graph\">{\"@context\":\"https:\/\/schema.org\",\"@graph\":[{\"@type\":\"WebPage\",\"@id\":\"https:\/\/leatai.com\/da\/product\/anden-produktion\/trykkeriunderleverandoerarbejde\/\",\"url\":\"https:\/\/leatai.com\/da\/product\/anden-produktion\/trykkeriunderleverandoerarbejde\/\",\"name\":\"Trykkeriunderleverand\u00f8rarbejde - Fuldformat, Kikuban og Kikuban Doubleside kan alle trykkes - Leatai \u2013 Producent af tilpassede notesb\u00f8ger\",\"isPartOf\":{\"@id\":\"https:\/\/leatai.com\/da\/#website\"},\"primaryImageOfPage\":{\"@id\":\"https:\/\/leatai.com\/da\/product\/anden-produktion\/trykkeriunderleverandoerarbejde\/#primaryimage\"},\"image\":{\"@id\":\"https:\/\/leatai.com\/da\/product\/anden-produktion\/trykkeriunderleverandoerarbejde\/#primaryimage\"},\"thumbnailUrl\":\"https:\/\/leatai.com\/wp-content\/uploads\/2016_01_20_1512120.jpg\",\"datePublished\":\"2021-06-24T05:21:40+00:00\",\"dateModified\":\"2025-01-21T07:37:42+00:00\",\"description\":\"Underleverand\u00f8rprojekt: Trykning Beskrivelse: Trykning er en proces, hvor bl\u00e6k p\u00e5f\u00f8res store ark papir ved hj\u00e6lp af avancerede trykmaskiner i forskellige st\u00f8rrelser. Efter trykningen bliver de store ark videref\u00f8rt til indbindingsfasen. Trykprocessen kr\u00e6ver opm\u00e6rksomhed p\u00e5 mange sm\u00e5 detaljer for at sikre, at kvaliteten og pr\u00e6cisionen lever op til forventningerne.\",\"breadcrumb\":{\"@id\":\"https:\/\/leatai.com\/da\/product\/anden-produktion\/trykkeriunderleverandoerarbejde\/#breadcrumb\"},\"inLanguage\":\"da-DK\",\"potentialAction\":[{\"@type\":\"ReadAction\",\"target\":[\"https:\/\/leatai.com\/da\/product\/anden-produktion\/trykkeriunderleverandoerarbejde\/\"]}]},{\"@type\":\"ImageObject\",\"inLanguage\":\"da-DK\",\"@id\":\"https:\/\/leatai.com\/da\/product\/anden-produktion\/trykkeriunderleverandoerarbejde\/#primaryimage\",\"url\":\"https:\/\/leatai.com\/wp-content\/uploads\/2016_01_20_1512120.jpg\",\"contentUrl\":\"https:\/\/leatai.com\/wp-content\/uploads\/2016_01_20_1512120.jpg\",\"width\":1000,\"height\":668,\"caption\":\"Trykkeriunderleverand\u00f8rarbejde\"},{\"@type\":\"BreadcrumbList\",\"@id\":\"https:\/\/leatai.com\/da\/product\/anden-produktion\/trykkeriunderleverandoerarbejde\/#breadcrumb\",\"itemListElement\":[{\"@type\":\"ListItem\",\"position\":1,\"name\":\"Home\",\"item\":\"https:\/\/leatai.com\/da\/\"},{\"@type\":\"ListItem\",\"position\":2,\"name\":\"Produktintroduktion\",\"item\":\"https:\/\/leatai.com\/products\/\"},{\"@type\":\"ListItem\",\"position\":3,\"name\":\"Anden produktion\",\"item\":\"https:\/\/leatai.com\/da\/vare-kategori\/anden-produktion\/\"},{\"@type\":\"ListItem\",\"position\":4,\"name\":\"Trykkeriunderleverand\u00f8rarbejde\"}]},{\"@type\":\"WebSite\",\"@id\":\"https:\/\/leatai.com\/da\/#website\",\"url\":\"https:\/\/leatai.com\/da\/\",\"name\":\"Leatai \u2013 Producent af tilpassede notesb\u00f8ger\",\"description\":\"Leatai tilbyder tilpassede notesb\u00f8ger og planl\u00e6ggere til globale brands og distribut\u00f8rer.\",\"publisher\":{\"@id\":\"https:\/\/leatai.com\/da\/#organization\"},\"potentialAction\":[{\"@type\":\"SearchAction\",\"target\":{\"@type\":\"EntryPoint\",\"urlTemplate\":\"https:\/\/leatai.com\/da\/?s={search_term_string}\"},\"query-input\":{\"@type\":\"PropertyValueSpecification\",\"valueRequired\":true,\"valueName\":\"search_term_string\"}}],\"inLanguage\":\"da-DK\"},{\"@type\":\"Organization\",\"@id\":\"https:\/\/leatai.com\/da\/#organization\",\"name\":\"Leatai Diary, customized journal and business organizer\",\"url\":\"https:\/\/leatai.com\/da\/\",\"logo\":{\"@type\":\"ImageObject\",\"inLanguage\":\"da-DK\",\"@id\":\"https:\/\/leatai.com\/da\/#\/schema\/logo\/image\/\",\"url\":\"https:\/\/leatai.com\/wp-content\/uploads\/logo-blue.png\",\"contentUrl\":\"https:\/\/leatai.com\/wp-content\/uploads\/logo-blue.png\",\"width\":230,\"height\":60,\"caption\":\"Leatai Diary, customized journal and business organizer\"},\"image\":{\"@id\":\"https:\/\/leatai.com\/da\/#\/schema\/logo\/image\/\"}}]}<\/script>\n<!-- \/ Yoast SEO plugin. -->","yoast_head_json":{"title":"Trykkeriunderleverand\u00f8rarbejde - Fuldformat, Kikuban og Kikuban Doubleside kan alle trykkes - Leatai \u2013 Producent af tilpassede notesb\u00f8ger","description":"Underleverand\u00f8rprojekt: Trykning Beskrivelse: Trykning er en proces, hvor bl\u00e6k p\u00e5f\u00f8res store ark papir ved hj\u00e6lp af avancerede trykmaskiner i forskellige st\u00f8rrelser. Efter trykningen bliver de store ark videref\u00f8rt til indbindingsfasen. Trykprocessen kr\u00e6ver opm\u00e6rksomhed p\u00e5 mange sm\u00e5 detaljer for at sikre, at kvaliteten og pr\u00e6cisionen lever op til forventningerne.","robots":{"index":"index","follow":"follow","max-snippet":"max-snippet:-1","max-image-preview":"max-image-preview:large","max-video-preview":"max-video-preview:-1"},"canonical":"https:\/\/leatai.com\/da\/product\/anden-produktion\/trykkeriunderleverandoerarbejde\/","og_locale":"da_DK","og_type":"article","og_title":"Trykkeriunderleverand\u00f8rarbejde - Fuldformat, Kikuban og Kikuban Doubleside kan alle trykkes - Leatai \u2013 Producent af tilpassede notesb\u00f8ger","og_description":"Underleverand\u00f8rprojekt: Trykning Beskrivelse: Trykning er en proces, hvor bl\u00e6k p\u00e5f\u00f8res store ark papir ved hj\u00e6lp af avancerede trykmaskiner i forskellige st\u00f8rrelser. Efter trykningen bliver de store ark videref\u00f8rt til indbindingsfasen. Trykprocessen kr\u00e6ver opm\u00e6rksomhed p\u00e5 mange sm\u00e5 detaljer for at sikre, at kvaliteten og pr\u00e6cisionen lever op til forventningerne.","og_url":"https:\/\/leatai.com\/da\/product\/anden-produktion\/trykkeriunderleverandoerarbejde\/","og_site_name":"Leatai \u2013 Producent af tilpassede notesb\u00f8ger","article_modified_time":"2025-01-21T07:37:42+00:00","og_image":[{"width":1000,"height":668,"url":"https:\/\/leatai.com\/wp-content\/uploads\/2016_01_20_1512120.jpg","type":"image\/jpeg"}],"twitter_card":"summary_large_image","twitter_misc":{"Estimeret l\u00e6setid":"1 minut"},"schema":{"@context":"https:\/\/schema.org","@graph":[{"@type":"WebPage","@id":"https:\/\/leatai.com\/da\/product\/anden-produktion\/trykkeriunderleverandoerarbejde\/","url":"https:\/\/leatai.com\/da\/product\/anden-produktion\/trykkeriunderleverandoerarbejde\/","name":"Trykkeriunderleverand\u00f8rarbejde - Fuldformat, Kikuban og Kikuban Doubleside kan alle trykkes - Leatai \u2013 Producent af tilpassede notesb\u00f8ger","isPartOf":{"@id":"https:\/\/leatai.com\/da\/#website"},"primaryImageOfPage":{"@id":"https:\/\/leatai.com\/da\/product\/anden-produktion\/trykkeriunderleverandoerarbejde\/#primaryimage"},"image":{"@id":"https:\/\/leatai.com\/da\/product\/anden-produktion\/trykkeriunderleverandoerarbejde\/#primaryimage"},"thumbnailUrl":"https:\/\/leatai.com\/wp-content\/uploads\/2016_01_20_1512120.jpg","datePublished":"2021-06-24T05:21:40+00:00","dateModified":"2025-01-21T07:37:42+00:00","description":"Underleverand\u00f8rprojekt: Trykning Beskrivelse: Trykning er en proces, hvor bl\u00e6k p\u00e5f\u00f8res store ark papir ved hj\u00e6lp af avancerede trykmaskiner i forskellige st\u00f8rrelser. Efter trykningen bliver de store ark videref\u00f8rt til indbindingsfasen. Trykprocessen kr\u00e6ver opm\u00e6rksomhed p\u00e5 mange sm\u00e5 detaljer for at sikre, at kvaliteten og pr\u00e6cisionen lever op til forventningerne.","breadcrumb":{"@id":"https:\/\/leatai.com\/da\/product\/anden-produktion\/trykkeriunderleverandoerarbejde\/#breadcrumb"},"inLanguage":"da-DK","potentialAction":[{"@type":"ReadAction","target":["https:\/\/leatai.com\/da\/product\/anden-produktion\/trykkeriunderleverandoerarbejde\/"]}]},{"@type":"ImageObject","inLanguage":"da-DK","@id":"https:\/\/leatai.com\/da\/product\/anden-produktion\/trykkeriunderleverandoerarbejde\/#primaryimage","url":"https:\/\/leatai.com\/wp-content\/uploads\/2016_01_20_1512120.jpg","contentUrl":"https:\/\/leatai.com\/wp-content\/uploads\/2016_01_20_1512120.jpg","width":1000,"height":668,"caption":"Trykkeriunderleverand\u00f8rarbejde"},{"@type":"BreadcrumbList","@id":"https:\/\/leatai.com\/da\/product\/anden-produktion\/trykkeriunderleverandoerarbejde\/#breadcrumb","itemListElement":[{"@type":"ListItem","position":1,"name":"Home","item":"https:\/\/leatai.com\/da\/"},{"@type":"ListItem","position":2,"name":"Produktintroduktion","item":"https:\/\/leatai.com\/products\/"},{"@type":"ListItem","position":3,"name":"Anden produktion","item":"https:\/\/leatai.com\/da\/vare-kategori\/anden-produktion\/"},{"@type":"ListItem","position":4,"name":"Trykkeriunderleverand\u00f8rarbejde"}]},{"@type":"WebSite","@id":"https:\/\/leatai.com\/da\/#website","url":"https:\/\/leatai.com\/da\/","name":"Leatai \u2013 Producent af tilpassede notesb\u00f8ger","description":"Leatai tilbyder tilpassede notesb\u00f8ger og planl\u00e6ggere til globale brands og distribut\u00f8rer.","publisher":{"@id":"https:\/\/leatai.com\/da\/#organization"},"potentialAction":[{"@type":"SearchAction","target":{"@type":"EntryPoint","urlTemplate":"https:\/\/leatai.com\/da\/?s={search_term_string}"},"query-input":{"@type":"PropertyValueSpecification","valueRequired":true,"valueName":"search_term_string"}}],"inLanguage":"da-DK"},{"@type":"Organization","@id":"https:\/\/leatai.com\/da\/#organization","name":"Leatai Diary, customized journal and business organizer","url":"https:\/\/leatai.com\/da\/","logo":{"@type":"ImageObject","inLanguage":"da-DK","@id":"https:\/\/leatai.com\/da\/#\/schema\/logo\/image\/","url":"https:\/\/leatai.com\/wp-content\/uploads\/logo-blue.png","contentUrl":"https:\/\/leatai.com\/wp-content\/uploads\/logo-blue.png","width":230,"height":60,"caption":"Leatai Diary, customized journal and business organizer"},"image":{"@id":"https:\/\/leatai.com\/da\/#\/schema\/logo\/image\/"}}]}},"_links":{"self":[{"href":"https:\/\/leatai.com\/da\/wp-json\/wp\/v2\/product\/100502","targetHints":{"allow":["GET"]}}],"collection":[{"href":"https:\/\/leatai.com\/da\/wp-json\/wp\/v2\/product"}],"about":[{"href":"https:\/\/leatai.com\/da\/wp-json\/wp\/v2\/types\/product"}],"wp:featuredmedia":[{"embeddable":true,"href":"https:\/\/leatai.com\/da\/wp-json\/wp\/v2\/media\/100503"}],"wp:attachment":[{"href":"https:\/\/leatai.com\/da\/wp-json\/wp\/v2\/media?parent=100502"}],"wp:term":[{"taxonomy":"product_brand","embeddable":true,"href":"https:\/\/leatai.com\/da\/wp-json\/wp\/v2\/product_brand?post=100502"},{"taxonomy":"product_cat","embeddable":true,"href":"https:\/\/leatai.com\/da\/wp-json\/wp\/v2\/product_cat?post=100502"},{"taxonomy":"product_tag","embeddable":true,"href":"https:\/\/leatai.com\/da\/wp-json\/wp\/v2\/product_tag?post=100502"},{"taxonomy":"home_works","embeddable":true,"href":"https:\/\/leatai.com\/da\/wp-json\/wp\/v2\/home_works?post=100502"}],"curies":[{"name":"wp","href":"https:\/\/api.w.org\/{rel}","templated":true}]}}