{"id":100492,"date":"2021-06-24T13:21:17","date_gmt":"2021-06-24T05:21:17","guid":{"rendered":"https:\/\/leatai.com\/product\/Ikke%20kategoriseret\/laederudskaering-skivning-og-strimling-som-underleverandoerarbejde\/"},"modified":"2025-01-21T15:36:23","modified_gmt":"2025-01-21T07:36:23","slug":"laederudskaering-skivning-og-strimling-som-underleverandoerarbejde","status":"publish","type":"product","link":"https:\/\/leatai.com\/da\/product\/anden-produktion\/laederudskaering-skivning-og-strimling-som-underleverandoerarbejde\/","title":{"rendered":"L\u00e6derudsk\u00e6ring, skivning og strimling som underleverand\u00f8rarbejde"},"content":{"rendered":"<p><strong>Underleverand\u00f8rprojekt:<\/strong> L\u00e6derudsk\u00e6ring, skivning og strimling<\/p>\n<p><strong>Beskrivelse:<\/strong><br \/>\nLeatai er en af de f\u00e5 taiwanske producenter af business planners, der kan udf\u00f8re l\u00e6derudsk\u00e6ring og strimling internt. Processen starter med hele ruller af l\u00e6der, der monteres direkte p\u00e5 maskinen. Ved hj\u00e6lp af en stor sk\u00e6remaskine udf\u00f8res pr\u00e6cis skivning og strimling, hvilket g\u00f8r materialet klar til n\u00e6ste trin, s\u00e5som pr\u00e6gningsarbejde eller syning.<\/p>\n<p><iframe title=\"Leather Slicing and Cutting\" width=\"800\" height=\"450\" src=\"https:\/\/www.youtube.com\/embed\/W2uRI2v_gFU?feature=oembed&#038;enablejsapi=1&#038;origin=https:\/\/leatai.com\" frameborder=\"0\" allow=\"accelerometer; autoplay; clipboard-write; encrypted-media; gyroscope; picture-in-picture; web-share\" referrerpolicy=\"strict-origin-when-cross-origin\" allowfullscreen><\/iframe><\/p>\n","protected":false},"excerpt":{"rendered":"<p>L\u00e6derudsk\u00e6ring, skivning og strimling som underleverand\u00f8rarbejde<\/p>\n","protected":false},"featured_media":100493,"template":"","meta":{"_acf_changed":false},"product_brand":[],"product_cat":[1150],"product_tag":[],"home_works":[],"class_list":{"0":"post-100492","1":"product","2":"type-product","3":"status-publish","4":"has-post-thumbnail","6":"product_cat-anden-produktion","8":"first","9":"outofstock","10":"sold-individually","11":"shipping-taxable","12":"purchasable","13":"product-type-variable","14":"has-default-attributes"},"acf":[],"yoast_head":"<!-- This site is optimized with the Yoast SEO plugin v27.2 - https:\/\/yoast.com\/product\/yoast-seo-wordpress\/ -->\n<title>L\u00e6derudsk\u00e6ring, skivning og strimling som underleverand\u00f8rarbejde - En af de f\u00e5 business planner-producenter med egen udsk\u00e6ringskapacitet - Leatai \u2013 Producent af tilpassede notesb\u00f8ger<\/title>\n<meta name=\"description\" content=\"Underleverand\u00f8rprojekt: L\u00e6derudsk\u00e6ring, skivning og strimling Beskrivelse: Leatai er en af de f\u00e5 taiwanske producenter af business planners, der selv kan udf\u00f8re udsk\u00e6ring og strimling af l\u00e6der internt. Processen begynder med hele ruller af l\u00e6der, som monteres direkte p\u00e5 maskinen. Ved hj\u00e6lp af en stor sk\u00e6remaskine udf\u00f8res pr\u00e6cis udsk\u00e6ring, skivning og strimling, hvilket effektivt forbereder materialet til efterf\u00f8lgende trin som pr\u00e6gningsarbejde eller syning.\" \/>\n<meta name=\"robots\" content=\"index, follow, max-snippet:-1, max-image-preview:large, max-video-preview:-1\" \/>\n<link rel=\"canonical\" href=\"https:\/\/leatai.com\/da\/product\/anden-produktion\/laederudskaering-skivning-og-strimling-som-underleverandoerarbejde\/\" \/>\n<meta property=\"og:locale\" content=\"da_DK\" \/>\n<meta property=\"og:type\" content=\"article\" \/>\n<meta property=\"og:title\" content=\"L\u00e6derudsk\u00e6ring, skivning og strimling som underleverand\u00f8rarbejde - En af de f\u00e5 business planner-producenter med egen udsk\u00e6ringskapacitet - Leatai \u2013 Producent af tilpassede notesb\u00f8ger\" \/>\n<meta property=\"og:description\" content=\"Underleverand\u00f8rprojekt: L\u00e6derudsk\u00e6ring, skivning og strimling Beskrivelse: Leatai er en af de f\u00e5 taiwanske producenter af business planners, der selv kan udf\u00f8re udsk\u00e6ring og strimling af l\u00e6der internt. Processen begynder med hele ruller af l\u00e6der, som monteres direkte p\u00e5 maskinen. Ved hj\u00e6lp af en stor sk\u00e6remaskine udf\u00f8res pr\u00e6cis udsk\u00e6ring, skivning og strimling, hvilket effektivt forbereder materialet til efterf\u00f8lgende trin som pr\u00e6gningsarbejde eller syning.\" \/>\n<meta property=\"og:url\" content=\"https:\/\/leatai.com\/da\/product\/anden-produktion\/laederudskaering-skivning-og-strimling-som-underleverandoerarbejde\/\" \/>\n<meta property=\"og:site_name\" content=\"Leatai \u2013 Producent af tilpassede notesb\u00f8ger\" \/>\n<meta property=\"article:modified_time\" content=\"2025-01-21T07:36:23+00:00\" \/>\n<meta property=\"og:image\" content=\"https:\/\/leatai.com\/wp-content\/uploads\/2016_01_20_1817390.jpg\" \/>\n\t<meta property=\"og:image:width\" content=\"1000\" \/>\n\t<meta property=\"og:image:height\" content=\"750\" \/>\n\t<meta property=\"og:image:type\" content=\"image\/jpeg\" \/>\n<meta name=\"twitter:card\" content=\"summary_large_image\" \/>\n<meta name=\"twitter:label1\" content=\"Estimeret l\u00e6setid\" \/>\n\t<meta name=\"twitter:data1\" content=\"1 minut\" \/>\n<script type=\"application\/ld+json\" class=\"yoast-schema-graph\">{\"@context\":\"https:\/\/schema.org\",\"@graph\":[{\"@type\":\"WebPage\",\"@id\":\"https:\/\/leatai.com\/da\/product\/anden-produktion\/laederudskaering-skivning-og-strimling-som-underleverandoerarbejde\/\",\"url\":\"https:\/\/leatai.com\/da\/product\/anden-produktion\/laederudskaering-skivning-og-strimling-som-underleverandoerarbejde\/\",\"name\":\"L\u00e6derudsk\u00e6ring, skivning og strimling som underleverand\u00f8rarbejde - En af de f\u00e5 business planner-producenter med egen udsk\u00e6ringskapacitet - Leatai \u2013 Producent af tilpassede notesb\u00f8ger\",\"isPartOf\":{\"@id\":\"https:\/\/leatai.com\/da\/#website\"},\"primaryImageOfPage\":{\"@id\":\"https:\/\/leatai.com\/da\/product\/anden-produktion\/laederudskaering-skivning-og-strimling-som-underleverandoerarbejde\/#primaryimage\"},\"image\":{\"@id\":\"https:\/\/leatai.com\/da\/product\/anden-produktion\/laederudskaering-skivning-og-strimling-som-underleverandoerarbejde\/#primaryimage\"},\"thumbnailUrl\":\"https:\/\/leatai.com\/wp-content\/uploads\/2016_01_20_1817390.jpg\",\"datePublished\":\"2021-06-24T05:21:17+00:00\",\"dateModified\":\"2025-01-21T07:36:23+00:00\",\"description\":\"Underleverand\u00f8rprojekt: L\u00e6derudsk\u00e6ring, skivning og strimling Beskrivelse: Leatai er en af de f\u00e5 taiwanske producenter af business planners, der selv kan udf\u00f8re udsk\u00e6ring og strimling af l\u00e6der internt. Processen begynder med hele ruller af l\u00e6der, som monteres direkte p\u00e5 maskinen. Ved hj\u00e6lp af en stor sk\u00e6remaskine udf\u00f8res pr\u00e6cis udsk\u00e6ring, skivning og strimling, hvilket effektivt forbereder materialet til efterf\u00f8lgende trin som pr\u00e6gningsarbejde eller syning.\",\"breadcrumb\":{\"@id\":\"https:\/\/leatai.com\/da\/product\/anden-produktion\/laederudskaering-skivning-og-strimling-som-underleverandoerarbejde\/#breadcrumb\"},\"inLanguage\":\"da-DK\",\"potentialAction\":[{\"@type\":\"ReadAction\",\"target\":[\"https:\/\/leatai.com\/da\/product\/anden-produktion\/laederudskaering-skivning-og-strimling-som-underleverandoerarbejde\/\"]}]},{\"@type\":\"ImageObject\",\"inLanguage\":\"da-DK\",\"@id\":\"https:\/\/leatai.com\/da\/product\/anden-produktion\/laederudskaering-skivning-og-strimling-som-underleverandoerarbejde\/#primaryimage\",\"url\":\"https:\/\/leatai.com\/wp-content\/uploads\/2016_01_20_1817390.jpg\",\"contentUrl\":\"https:\/\/leatai.com\/wp-content\/uploads\/2016_01_20_1817390.jpg\",\"width\":1000,\"height\":750,\"caption\":\"L\u00e6derudsk\u00e6ring, skivning og strimling som underleverand\u00f8rarbejde\"},{\"@type\":\"BreadcrumbList\",\"@id\":\"https:\/\/leatai.com\/da\/product\/anden-produktion\/laederudskaering-skivning-og-strimling-som-underleverandoerarbejde\/#breadcrumb\",\"itemListElement\":[{\"@type\":\"ListItem\",\"position\":1,\"name\":\"Home\",\"item\":\"https:\/\/leatai.com\/da\/\"},{\"@type\":\"ListItem\",\"position\":2,\"name\":\"Produktintroduktion\",\"item\":\"https:\/\/leatai.com\/products\/\"},{\"@type\":\"ListItem\",\"position\":3,\"name\":\"Anden produktion\",\"item\":\"https:\/\/leatai.com\/da\/vare-kategori\/anden-produktion\/\"},{\"@type\":\"ListItem\",\"position\":4,\"name\":\"L\u00e6derudsk\u00e6ring, skivning og strimling som underleverand\u00f8rarbejde\"}]},{\"@type\":\"WebSite\",\"@id\":\"https:\/\/leatai.com\/da\/#website\",\"url\":\"https:\/\/leatai.com\/da\/\",\"name\":\"Leatai \u2013 Producent af tilpassede notesb\u00f8ger\",\"description\":\"Leatai tilbyder tilpassede notesb\u00f8ger og planl\u00e6ggere til globale brands og distribut\u00f8rer.\",\"publisher\":{\"@id\":\"https:\/\/leatai.com\/da\/#organization\"},\"potentialAction\":[{\"@type\":\"SearchAction\",\"target\":{\"@type\":\"EntryPoint\",\"urlTemplate\":\"https:\/\/leatai.com\/da\/?s={search_term_string}\"},\"query-input\":{\"@type\":\"PropertyValueSpecification\",\"valueRequired\":true,\"valueName\":\"search_term_string\"}}],\"inLanguage\":\"da-DK\"},{\"@type\":\"Organization\",\"@id\":\"https:\/\/leatai.com\/da\/#organization\",\"name\":\"Leatai Diary, customized journal and business organizer\",\"url\":\"https:\/\/leatai.com\/da\/\",\"logo\":{\"@type\":\"ImageObject\",\"inLanguage\":\"da-DK\",\"@id\":\"https:\/\/leatai.com\/da\/#\/schema\/logo\/image\/\",\"url\":\"https:\/\/leatai.com\/wp-content\/uploads\/logo-blue.png\",\"contentUrl\":\"https:\/\/leatai.com\/wp-content\/uploads\/logo-blue.png\",\"width\":230,\"height\":60,\"caption\":\"Leatai Diary, customized journal and business organizer\"},\"image\":{\"@id\":\"https:\/\/leatai.com\/da\/#\/schema\/logo\/image\/\"}}]}<\/script>\n<!-- \/ Yoast SEO plugin. -->","yoast_head_json":{"title":"L\u00e6derudsk\u00e6ring, skivning og strimling som underleverand\u00f8rarbejde - En af de f\u00e5 business planner-producenter med egen udsk\u00e6ringskapacitet - Leatai \u2013 Producent af tilpassede notesb\u00f8ger","description":"Underleverand\u00f8rprojekt: L\u00e6derudsk\u00e6ring, skivning og strimling Beskrivelse: Leatai er en af de f\u00e5 taiwanske producenter af business planners, der selv kan udf\u00f8re udsk\u00e6ring og strimling af l\u00e6der internt. Processen begynder med hele ruller af l\u00e6der, som monteres direkte p\u00e5 maskinen. Ved hj\u00e6lp af en stor sk\u00e6remaskine udf\u00f8res pr\u00e6cis udsk\u00e6ring, skivning og strimling, hvilket effektivt forbereder materialet til efterf\u00f8lgende trin som pr\u00e6gningsarbejde eller syning.","robots":{"index":"index","follow":"follow","max-snippet":"max-snippet:-1","max-image-preview":"max-image-preview:large","max-video-preview":"max-video-preview:-1"},"canonical":"https:\/\/leatai.com\/da\/product\/anden-produktion\/laederudskaering-skivning-og-strimling-som-underleverandoerarbejde\/","og_locale":"da_DK","og_type":"article","og_title":"L\u00e6derudsk\u00e6ring, skivning og strimling som underleverand\u00f8rarbejde - En af de f\u00e5 business planner-producenter med egen udsk\u00e6ringskapacitet - Leatai \u2013 Producent af tilpassede notesb\u00f8ger","og_description":"Underleverand\u00f8rprojekt: L\u00e6derudsk\u00e6ring, skivning og strimling Beskrivelse: Leatai er en af de f\u00e5 taiwanske producenter af business planners, der selv kan udf\u00f8re udsk\u00e6ring og strimling af l\u00e6der internt. Processen begynder med hele ruller af l\u00e6der, som monteres direkte p\u00e5 maskinen. Ved hj\u00e6lp af en stor sk\u00e6remaskine udf\u00f8res pr\u00e6cis udsk\u00e6ring, skivning og strimling, hvilket effektivt forbereder materialet til efterf\u00f8lgende trin som pr\u00e6gningsarbejde eller syning.","og_url":"https:\/\/leatai.com\/da\/product\/anden-produktion\/laederudskaering-skivning-og-strimling-som-underleverandoerarbejde\/","og_site_name":"Leatai \u2013 Producent af tilpassede notesb\u00f8ger","article_modified_time":"2025-01-21T07:36:23+00:00","og_image":[{"width":1000,"height":750,"url":"https:\/\/leatai.com\/wp-content\/uploads\/2016_01_20_1817390.jpg","type":"image\/jpeg"}],"twitter_card":"summary_large_image","twitter_misc":{"Estimeret l\u00e6setid":"1 minut"},"schema":{"@context":"https:\/\/schema.org","@graph":[{"@type":"WebPage","@id":"https:\/\/leatai.com\/da\/product\/anden-produktion\/laederudskaering-skivning-og-strimling-som-underleverandoerarbejde\/","url":"https:\/\/leatai.com\/da\/product\/anden-produktion\/laederudskaering-skivning-og-strimling-som-underleverandoerarbejde\/","name":"L\u00e6derudsk\u00e6ring, skivning og strimling som underleverand\u00f8rarbejde - En af de f\u00e5 business planner-producenter med egen udsk\u00e6ringskapacitet - Leatai \u2013 Producent af tilpassede notesb\u00f8ger","isPartOf":{"@id":"https:\/\/leatai.com\/da\/#website"},"primaryImageOfPage":{"@id":"https:\/\/leatai.com\/da\/product\/anden-produktion\/laederudskaering-skivning-og-strimling-som-underleverandoerarbejde\/#primaryimage"},"image":{"@id":"https:\/\/leatai.com\/da\/product\/anden-produktion\/laederudskaering-skivning-og-strimling-som-underleverandoerarbejde\/#primaryimage"},"thumbnailUrl":"https:\/\/leatai.com\/wp-content\/uploads\/2016_01_20_1817390.jpg","datePublished":"2021-06-24T05:21:17+00:00","dateModified":"2025-01-21T07:36:23+00:00","description":"Underleverand\u00f8rprojekt: L\u00e6derudsk\u00e6ring, skivning og strimling Beskrivelse: Leatai er en af de f\u00e5 taiwanske producenter af business planners, der selv kan udf\u00f8re udsk\u00e6ring og strimling af l\u00e6der internt. Processen begynder med hele ruller af l\u00e6der, som monteres direkte p\u00e5 maskinen. Ved hj\u00e6lp af en stor sk\u00e6remaskine udf\u00f8res pr\u00e6cis udsk\u00e6ring, skivning og strimling, hvilket effektivt forbereder materialet til efterf\u00f8lgende trin som pr\u00e6gningsarbejde eller syning.","breadcrumb":{"@id":"https:\/\/leatai.com\/da\/product\/anden-produktion\/laederudskaering-skivning-og-strimling-som-underleverandoerarbejde\/#breadcrumb"},"inLanguage":"da-DK","potentialAction":[{"@type":"ReadAction","target":["https:\/\/leatai.com\/da\/product\/anden-produktion\/laederudskaering-skivning-og-strimling-som-underleverandoerarbejde\/"]}]},{"@type":"ImageObject","inLanguage":"da-DK","@id":"https:\/\/leatai.com\/da\/product\/anden-produktion\/laederudskaering-skivning-og-strimling-som-underleverandoerarbejde\/#primaryimage","url":"https:\/\/leatai.com\/wp-content\/uploads\/2016_01_20_1817390.jpg","contentUrl":"https:\/\/leatai.com\/wp-content\/uploads\/2016_01_20_1817390.jpg","width":1000,"height":750,"caption":"L\u00e6derudsk\u00e6ring, skivning og strimling som underleverand\u00f8rarbejde"},{"@type":"BreadcrumbList","@id":"https:\/\/leatai.com\/da\/product\/anden-produktion\/laederudskaering-skivning-og-strimling-som-underleverandoerarbejde\/#breadcrumb","itemListElement":[{"@type":"ListItem","position":1,"name":"Home","item":"https:\/\/leatai.com\/da\/"},{"@type":"ListItem","position":2,"name":"Produktintroduktion","item":"https:\/\/leatai.com\/products\/"},{"@type":"ListItem","position":3,"name":"Anden produktion","item":"https:\/\/leatai.com\/da\/vare-kategori\/anden-produktion\/"},{"@type":"ListItem","position":4,"name":"L\u00e6derudsk\u00e6ring, skivning og strimling som underleverand\u00f8rarbejde"}]},{"@type":"WebSite","@id":"https:\/\/leatai.com\/da\/#website","url":"https:\/\/leatai.com\/da\/","name":"Leatai \u2013 Producent af tilpassede notesb\u00f8ger","description":"Leatai tilbyder tilpassede notesb\u00f8ger og planl\u00e6ggere til globale brands og distribut\u00f8rer.","publisher":{"@id":"https:\/\/leatai.com\/da\/#organization"},"potentialAction":[{"@type":"SearchAction","target":{"@type":"EntryPoint","urlTemplate":"https:\/\/leatai.com\/da\/?s={search_term_string}"},"query-input":{"@type":"PropertyValueSpecification","valueRequired":true,"valueName":"search_term_string"}}],"inLanguage":"da-DK"},{"@type":"Organization","@id":"https:\/\/leatai.com\/da\/#organization","name":"Leatai Diary, customized journal and business organizer","url":"https:\/\/leatai.com\/da\/","logo":{"@type":"ImageObject","inLanguage":"da-DK","@id":"https:\/\/leatai.com\/da\/#\/schema\/logo\/image\/","url":"https:\/\/leatai.com\/wp-content\/uploads\/logo-blue.png","contentUrl":"https:\/\/leatai.com\/wp-content\/uploads\/logo-blue.png","width":230,"height":60,"caption":"Leatai Diary, customized journal and business organizer"},"image":{"@id":"https:\/\/leatai.com\/da\/#\/schema\/logo\/image\/"}}]}},"_links":{"self":[{"href":"https:\/\/leatai.com\/da\/wp-json\/wp\/v2\/product\/100492","targetHints":{"allow":["GET"]}}],"collection":[{"href":"https:\/\/leatai.com\/da\/wp-json\/wp\/v2\/product"}],"about":[{"href":"https:\/\/leatai.com\/da\/wp-json\/wp\/v2\/types\/product"}],"wp:featuredmedia":[{"embeddable":true,"href":"https:\/\/leatai.com\/da\/wp-json\/wp\/v2\/media\/100493"}],"wp:attachment":[{"href":"https:\/\/leatai.com\/da\/wp-json\/wp\/v2\/media?parent=100492"}],"wp:term":[{"taxonomy":"product_brand","embeddable":true,"href":"https:\/\/leatai.com\/da\/wp-json\/wp\/v2\/product_brand?post=100492"},{"taxonomy":"product_cat","embeddable":true,"href":"https:\/\/leatai.com\/da\/wp-json\/wp\/v2\/product_cat?post=100492"},{"taxonomy":"product_tag","embeddable":true,"href":"https:\/\/leatai.com\/da\/wp-json\/wp\/v2\/product_tag?post=100492"},{"taxonomy":"home_works","embeddable":true,"href":"https:\/\/leatai.com\/da\/wp-json\/wp\/v2\/home_works?post=100492"}],"curies":[{"name":"wp","href":"https:\/\/api.w.org\/{rel}","templated":true}]}}